{"id":86355,"date":"2023-08-29T23:44:06","date_gmt":"2023-08-29T23:44:06","guid":{"rendered":"https:\/\/bobimarket.pl\/index.php\/produkt\/lamelka-tarcza-listkowa-lamelkowa-115-gr40\/"},"modified":"2025-02-27T14:44:46","modified_gmt":"2025-02-27T14:44:46","slug":"lamelka-tarcza-listkowa-lamelkowa-115-gr40","status":"publish","type":"product","link":"https:\/\/bobimarket.pl\/index.php\/produkt\/lamelka-tarcza-listkowa-lamelkowa-115-gr40\/","title":{"rendered":"LAMELKA TARCZA LISTKOWA LAMELKOWA 115 GR40"},"content":{"rendered":"<section class=\"section\">\n<div class=\"item item-6\">\n<section class=\"image-item\">\n            <img decoding=\"async\" src=\"https:\/\/upload.cdn.baselinker.com\/products\/14476\/7e324abaa59d4c668c1dd3d372951011.jpg\" \/><br \/>\n        <\/section>\n<\/p><\/div>\n<div class=\"item item-6\">\n<section class=\"text-item\">\n<h2>LAMELKA TARCZA LISTKOWA LAMELKOWA 115 GR40<\/h2>\n<p><b>Informacje og\u00f3lne:<\/b><\/p>\n<ul>\n<li>Rozmiar: <b>\u00d8 115 mm x 22.2 mm<\/b><\/li>\n<li>Gradacja: <b>40<\/b><\/li>\n<li>Przeznaczenie: <b>DREWNO \/ METAL<\/b><\/li>\n<\/ul>\n<\/section><\/div>\n<\/section>\n<section class=\"section\">\n<div class=\"item item-6\">\n<section class=\"image-item\">\n            <img decoding=\"async\" src=\"https:\/\/upload.cdn.baselinker.com\/products\/14476\/af311ae9d8624f5e798049be3fe0e5e2.jpg\" \/><br \/>\n        <\/section>\n<\/p><\/div>\n<div class=\"item item-6\">\n<section class=\"text-item\">\n<p><b>\u2705 Zastosowanie<\/b><\/p>\n<ul>\n<li>Do agresywnego czyszczenia z rdzy i czyszczenia spaw\u00f3w<\/li>\n<li>Usuwanie starych pow\u0142ok lakierniczych i malarskich<\/li>\n<li>Czyszczenie betonu, kamienia.<\/li>\n<li>Zdzieranie i szlifowanie (wyg\u0142adzanie) szw\u00f3w spawalniczych podczas jednej operacji.<\/li>\n<li>Ukosowanie i ogradowywanie kraw\u0119dzi.<\/li>\n<li>Ukosowanie kraw\u0119dzi do spawania.<\/li>\n<li>Wszelkie prace zwi\u0105zane z wyka\u0144czaniem powierzchni.<\/li>\n<li>Tarcze listkowe szlifuj\u0105 r\u00f3wnie dobrze stal zwyk\u0142\u0105 jak i nierdzewn\u0105. U\u017cywane s\u0105 r\u00f3wnie\u017c z powodzeniem do twardych materia\u0142\u00f3w, jak stal w\u0119glowa oraz mi\u0119kkich, jak aluminium, plastik i drewno.<\/li>\n<\/ul>\n<\/section><\/div>\n<\/section>\n<section class=\"section\">\n<div class=\"item item-6\">\n<section class=\"image-item\">\n            <img decoding=\"async\" src=\"https:\/\/upload.cdn.baselinker.com\/products\/14476\/14436e19a8ae61c39faef191fccaa844.jpg\" \/><br \/>\n        <\/section>\n<\/p><\/div>\n<div class=\"item item-6\">\n<section class=\"image-item\">\n            <img decoding=\"async\" src=\"https:\/\/upload.cdn.baselinker.com\/products\/14476\/6fdab5280fec7ee7c21921f1a3ad9972.jpg\" \/><br \/>\n        <\/section>\n<\/p><\/div>\n<\/section>\n<section class=\"section\">\n<div class=\"item item-12\">\n<section class=\"image-item\">\n            <img decoding=\"async\" src=\"https:\/\/upload.cdn.baselinker.com\/products\/14476\/5655908d999b6b79b35d2bae6e1c6bba.jpg\" \/><br \/>\n        <\/section>\n<\/p><\/div>\n<\/section>\n<section class=\"section\">\n<div class=\"item item-12\">\n<section class=\"image-item\">\n            <img decoding=\"async\" src=\"https:\/\/upload.cdn.baselinker.com\/products\/14476\/47b955dd61fdcee91916aed1a72dbd0d.jpg\" \/><br \/>\n        <\/section>\n<\/p><\/div>\n<\/section>\n<section class=\"section\">\n<div class=\"item item-12\">\n<section class=\"image-item\">\n            <img decoding=\"async\" src=\"https:\/\/upload.cdn.baselinker.com\/products\/14476\/2b3f85b8d7e36d3b622d47ba5d720bce.jpg\" \/><br \/>\n        <\/section>\n<\/p><\/div>\n<\/section>\n","protected":false},"excerpt":{"rendered":"<p>LAMELKA TARCZA LISTKOWA LAMELKOWA 115 GR40 Informacje og\u00f3lne: Rozmiar: \u00d8 115 mm x 22.2 mm Gradacja: 40 Przeznaczenie: DREWNO \/ METAL \u2705 Zastosowanie Do agresywnego czyszczenia z rdzy i czyszczenia spaw\u00f3w Usuwanie starych pow\u0142ok lakierniczych i malarskich Czyszczenie betonu, kamienia. Zdzieranie i szlifowanie (wyg\u0142adzanie) szw\u00f3w spawalniczych podczas jednej operacji. Ukosowanie i ogradowywanie kraw\u0119dzi. Ukosowanie kraw\u0119dzi<br \/><a class=\"more-link\" href=\"https:\/\/bobimarket.pl\/index.php\/produkt\/lamelka-tarcza-listkowa-lamelkowa-115-gr40\/\"><br \/>\n        Czytaj wi\u0119cej<span class=\"screen-reader-text\"> &#8222;LAMELKA TARCZA LISTKOWA LAMELKOWA 115 GR40&#8221;<\/span><\/a><\/p>\n","protected":false},"featured_media":86347,"template":"","meta":[],"product_cat":[8138],"product_tag":[],"yoast_head":"<!-- This site is optimized with the Yoast SEO plugin v21.0 - https:\/\/yoast.com\/wordpress\/plugins\/seo\/ -->\n<title>LAMELKA TARCZA LISTKOWA LAMELKOWA 115 GR40 - BOBIMARKET.pl - Remontuj i urz\u0105dzaj z nami<\/title>\n<meta name=\"robots\" content=\"index, follow, max-snippet:-1, max-image-preview:large, max-video-preview:-1\" \/>\n<link rel=\"canonical\" href=\"https:\/\/bobimarket.pl\/index.php\/produkt\/lamelka-tarcza-listkowa-lamelkowa-115-gr40\/\" \/>\n<meta property=\"og:locale\" content=\"pl_PL\" \/>\n<meta property=\"og:type\" content=\"article\" \/>\n<meta property=\"og:title\" content=\"LAMELKA TARCZA LISTKOWA LAMELKOWA 115 GR40 - BOBIMARKET.pl - Remontuj i urz\u0105dzaj z nami\" \/>\n<meta property=\"og:description\" content=\"LAMELKA TARCZA LISTKOWA LAMELKOWA 115 GR40 Informacje og\u00f3lne: Rozmiar: \u00d8 115 mm x 22.2 mm Gradacja: 40 Przeznaczenie: DREWNO \/ METAL \u2705 Zastosowanie Do agresywnego czyszczenia z rdzy i czyszczenia spaw\u00f3w Usuwanie starych pow\u0142ok lakierniczych i malarskich Czyszczenie betonu, kamienia. Zdzieranie i szlifowanie (wyg\u0142adzanie) szw\u00f3w spawalniczych podczas jednej operacji. Ukosowanie i ogradowywanie kraw\u0119dzi. Ukosowanie kraw\u0119dzi     Czytaj wi\u0119cej &quot;LAMELKA TARCZA LISTKOWA LAMELKOWA 115 GR40&quot;\" \/>\n<meta property=\"og:url\" content=\"https:\/\/bobimarket.pl\/index.php\/produkt\/lamelka-tarcza-listkowa-lamelkowa-115-gr40\/\" \/>\n<meta property=\"og:site_name\" content=\"BOBIMARKET.pl - Remontuj i urz\u0105dzaj z nami\" \/>\n<meta property=\"article:modified_time\" content=\"2025-02-27T14:44:46+00:00\" \/>\n<meta property=\"og:image\" content=\"https:\/\/upload.cdn.baselinker.com\/products\/14476\/7e324abaa59d4c668c1dd3d372951011.jpg\" \/>\n<meta name=\"twitter:card\" content=\"summary_large_image\" \/>\n<script type=\"application\/ld+json\" class=\"yoast-schema-graph\">{\"@context\":\"https:\/\/schema.org\",\"@graph\":[{\"@type\":\"WebPage\",\"@id\":\"https:\/\/bobimarket.pl\/index.php\/produkt\/lamelka-tarcza-listkowa-lamelkowa-115-gr40\/\",\"url\":\"https:\/\/bobimarket.pl\/index.php\/produkt\/lamelka-tarcza-listkowa-lamelkowa-115-gr40\/\",\"name\":\"LAMELKA TARCZA LISTKOWA LAMELKOWA 115 GR40 - BOBIMARKET.pl - Remontuj i urz\u0105dzaj z nami\",\"isPartOf\":{\"@id\":\"https:\/\/bobimarket.pl\/#website\"},\"datePublished\":\"2023-08-29T23:44:06+00:00\",\"dateModified\":\"2025-02-27T14:44:46+00:00\",\"breadcrumb\":{\"@id\":\"https:\/\/bobimarket.pl\/index.php\/produkt\/lamelka-tarcza-listkowa-lamelkowa-115-gr40\/#breadcrumb\"},\"inLanguage\":\"pl-PL\",\"potentialAction\":[{\"@type\":\"ReadAction\",\"target\":[\"https:\/\/bobimarket.pl\/index.php\/produkt\/lamelka-tarcza-listkowa-lamelkowa-115-gr40\/\"]}]},{\"@type\":\"BreadcrumbList\",\"@id\":\"https:\/\/bobimarket.pl\/index.php\/produkt\/lamelka-tarcza-listkowa-lamelkowa-115-gr40\/#breadcrumb\",\"itemListElement\":[{\"@type\":\"ListItem\",\"position\":1,\"name\":\"Strona g\u0142\u00f3wna\",\"item\":\"https:\/\/bobimarket.pl\/\"},{\"@type\":\"ListItem\",\"position\":2,\"name\":\"Sklep\",\"item\":\"https:\/\/bobimarket.pl\/index.php\/shop\/\"},{\"@type\":\"ListItem\",\"position\":3,\"name\":\"LAMELKA TARCZA LISTKOWA LAMELKOWA 115 GR40\"}]},{\"@type\":\"WebSite\",\"@id\":\"https:\/\/bobimarket.pl\/#website\",\"url\":\"https:\/\/bobimarket.pl\/\",\"name\":\"BOBIMARKET.pl - Remontuj i urz\u0105dzaj z nami\",\"description\":\"Remontuj i urz\u0105dzaj z nami\",\"publisher\":{\"@id\":\"https:\/\/bobimarket.pl\/#organization\"},\"potentialAction\":[{\"@type\":\"SearchAction\",\"target\":{\"@type\":\"EntryPoint\",\"urlTemplate\":\"https:\/\/bobimarket.pl\/?s={search_term_string}\"},\"query-input\":\"required name=search_term_string\"}],\"inLanguage\":\"pl-PL\"},{\"@type\":\"Organization\",\"@id\":\"https:\/\/bobimarket.pl\/#organization\",\"name\":\"BOBIMARKET.pl\",\"url\":\"https:\/\/bobimarket.pl\/\",\"logo\":{\"@type\":\"ImageObject\",\"inLanguage\":\"pl-PL\",\"@id\":\"https:\/\/bobimarket.pl\/#\/schema\/logo\/image\/\",\"url\":\"https:\/\/bobimarket.pl\/wp-content\/uploads\/2021\/11\/slogan.png\",\"contentUrl\":\"https:\/\/bobimarket.pl\/wp-content\/uploads\/2021\/11\/slogan.png\",\"width\":2000,\"height\":384,\"caption\":\"BOBIMARKET.pl\"},\"image\":{\"@id\":\"https:\/\/bobimarket.pl\/#\/schema\/logo\/image\/\"}}]}<\/script>\n<!-- \/ Yoast SEO plugin. -->","yoast_head_json":{"title":"LAMELKA TARCZA LISTKOWA LAMELKOWA 115 GR40 - BOBIMARKET.pl - Remontuj i urz\u0105dzaj z nami","robots":{"index":"index","follow":"follow","max-snippet":"max-snippet:-1","max-image-preview":"max-image-preview:large","max-video-preview":"max-video-preview:-1"},"canonical":"https:\/\/bobimarket.pl\/index.php\/produkt\/lamelka-tarcza-listkowa-lamelkowa-115-gr40\/","og_locale":"pl_PL","og_type":"article","og_title":"LAMELKA TARCZA LISTKOWA LAMELKOWA 115 GR40 - BOBIMARKET.pl - Remontuj i urz\u0105dzaj z nami","og_description":"LAMELKA TARCZA LISTKOWA LAMELKOWA 115 GR40 Informacje og\u00f3lne: Rozmiar: \u00d8 115 mm x 22.2 mm Gradacja: 40 Przeznaczenie: DREWNO \/ METAL \u2705 Zastosowanie Do agresywnego czyszczenia z rdzy i czyszczenia spaw\u00f3w Usuwanie starych pow\u0142ok lakierniczych i malarskich Czyszczenie betonu, kamienia. Zdzieranie i szlifowanie (wyg\u0142adzanie) szw\u00f3w spawalniczych podczas jednej operacji. Ukosowanie i ogradowywanie kraw\u0119dzi. Ukosowanie kraw\u0119dzi     Czytaj wi\u0119cej \"LAMELKA TARCZA LISTKOWA LAMELKOWA 115 GR40\"","og_url":"https:\/\/bobimarket.pl\/index.php\/produkt\/lamelka-tarcza-listkowa-lamelkowa-115-gr40\/","og_site_name":"BOBIMARKET.pl - Remontuj i urz\u0105dzaj z nami","article_modified_time":"2025-02-27T14:44:46+00:00","og_image":[{"url":"https:\/\/upload.cdn.baselinker.com\/products\/14476\/7e324abaa59d4c668c1dd3d372951011.jpg"}],"twitter_card":"summary_large_image","schema":{"@context":"https:\/\/schema.org","@graph":[{"@type":"WebPage","@id":"https:\/\/bobimarket.pl\/index.php\/produkt\/lamelka-tarcza-listkowa-lamelkowa-115-gr40\/","url":"https:\/\/bobimarket.pl\/index.php\/produkt\/lamelka-tarcza-listkowa-lamelkowa-115-gr40\/","name":"LAMELKA TARCZA LISTKOWA LAMELKOWA 115 GR40 - BOBIMARKET.pl - Remontuj i urz\u0105dzaj z nami","isPartOf":{"@id":"https:\/\/bobimarket.pl\/#website"},"datePublished":"2023-08-29T23:44:06+00:00","dateModified":"2025-02-27T14:44:46+00:00","breadcrumb":{"@id":"https:\/\/bobimarket.pl\/index.php\/produkt\/lamelka-tarcza-listkowa-lamelkowa-115-gr40\/#breadcrumb"},"inLanguage":"pl-PL","potentialAction":[{"@type":"ReadAction","target":["https:\/\/bobimarket.pl\/index.php\/produkt\/lamelka-tarcza-listkowa-lamelkowa-115-gr40\/"]}]},{"@type":"BreadcrumbList","@id":"https:\/\/bobimarket.pl\/index.php\/produkt\/lamelka-tarcza-listkowa-lamelkowa-115-gr40\/#breadcrumb","itemListElement":[{"@type":"ListItem","position":1,"name":"Strona g\u0142\u00f3wna","item":"https:\/\/bobimarket.pl\/"},{"@type":"ListItem","position":2,"name":"Sklep","item":"https:\/\/bobimarket.pl\/index.php\/shop\/"},{"@type":"ListItem","position":3,"name":"LAMELKA TARCZA LISTKOWA LAMELKOWA 115 GR40"}]},{"@type":"WebSite","@id":"https:\/\/bobimarket.pl\/#website","url":"https:\/\/bobimarket.pl\/","name":"BOBIMARKET.pl - Remontuj i urz\u0105dzaj z nami","description":"Remontuj i urz\u0105dzaj z nami","publisher":{"@id":"https:\/\/bobimarket.pl\/#organization"},"potentialAction":[{"@type":"SearchAction","target":{"@type":"EntryPoint","urlTemplate":"https:\/\/bobimarket.pl\/?s={search_term_string}"},"query-input":"required name=search_term_string"}],"inLanguage":"pl-PL"},{"@type":"Organization","@id":"https:\/\/bobimarket.pl\/#organization","name":"BOBIMARKET.pl","url":"https:\/\/bobimarket.pl\/","logo":{"@type":"ImageObject","inLanguage":"pl-PL","@id":"https:\/\/bobimarket.pl\/#\/schema\/logo\/image\/","url":"https:\/\/bobimarket.pl\/wp-content\/uploads\/2021\/11\/slogan.png","contentUrl":"https:\/\/bobimarket.pl\/wp-content\/uploads\/2021\/11\/slogan.png","width":2000,"height":384,"caption":"BOBIMARKET.pl"},"image":{"@id":"https:\/\/bobimarket.pl\/#\/schema\/logo\/image\/"}}]}},"_links":{"self":[{"href":"https:\/\/bobimarket.pl\/index.php\/wp-json\/wp\/v2\/product\/86355"}],"collection":[{"href":"https:\/\/bobimarket.pl\/index.php\/wp-json\/wp\/v2\/product"}],"about":[{"href":"https:\/\/bobimarket.pl\/index.php\/wp-json\/wp\/v2\/types\/product"}],"wp:featuredmedia":[{"embeddable":true,"href":"https:\/\/bobimarket.pl\/index.php\/wp-json\/wp\/v2\/media\/86347"}],"wp:attachment":[{"href":"https:\/\/bobimarket.pl\/index.php\/wp-json\/wp\/v2\/media?parent=86355"}],"wp:term":[{"taxonomy":"product_cat","embeddable":true,"href":"https:\/\/bobimarket.pl\/index.php\/wp-json\/wp\/v2\/product_cat?post=86355"},{"taxonomy":"product_tag","embeddable":true,"href":"https:\/\/bobimarket.pl\/index.php\/wp-json\/wp\/v2\/product_tag?post=86355"}],"curies":[{"name":"wp","href":"https:\/\/api.w.org\/{rel}","templated":true}]}}