{"id":86392,"date":"2023-08-29T23:47:20","date_gmt":"2023-08-29T23:47:20","guid":{"rendered":"https:\/\/bobimarket.pl\/index.php\/produkt\/papier-scierny-do-drewna-klingspor-230x280mm-60-gr\/"},"modified":"2025-02-27T14:45:19","modified_gmt":"2025-02-27T14:45:19","slug":"papier-scierny-do-drewna-klingspor-230x280mm-60-gr","status":"publish","type":"product","link":"https:\/\/bobimarket.pl\/index.php\/produkt\/papier-scierny-do-drewna-klingspor-230x280mm-60-gr\/","title":{"rendered":"PAPIER \u015aCIERNY DO DREWNA KLINGSPOR 230X280MM 60 GR"},"content":{"rendered":"<section class=\"section\">\n<div class=\"item item-6\">\n<section class=\"image-item\">\n            <img decoding=\"async\" src=\"https:\/\/upload.cdn.baselinker.com\/products\/14476\/36b90e68f8ea843d40dc7c1897c78735.jpg\" \/><br \/>\n        <\/section>\n<\/p><\/div>\n<div class=\"item item-6\">\n<section class=\"text-item\">\n<h2><b>PAPIER \u015aCIERNY DO DREWNA KLINGSPOR 230X280MM 60 GR<\/b><\/h2>\n<p><b>Dane techniczne:<\/b><\/p>\n<ul>\n<li>Wymiary: <b>230&#215;280<\/b><\/li>\n<li>Gradacja<b>: 60<\/b><\/li>\n<li>Spoiwo: klej \u2013 \u017cywica<\/li>\n<li>ziarno: elektrokorund<\/li>\n<li>nasyp: pe\u0142ny<\/li>\n<li>pod\u0142o\u017ce: papier C.<\/li>\n<li><b>AUKCJA DOTYCZY KPL.10SZT<\/b><\/li>\n<\/ul>\n<\/section><\/div>\n<\/section>\n<section class=\"section\">\n<div class=\"item item-6\">\n<section class=\"image-item\">\n            <img decoding=\"async\" src=\"https:\/\/upload.cdn.baselinker.com\/products\/14476\/3ccca99226a68b80289d170b8d93f5be.jpg\" \/><br \/>\n        <\/section>\n<\/p><\/div>\n<div class=\"item item-6\">\n<section class=\"text-item\">\n<p><b>ZASTOSOWANIE:<\/b><\/p>\n<ul>\n<li>&#8211; obr\u00f3bka drewna<\/li>\n<li>&#8211; obr\u00f3bka farb<\/li>\n<li>&#8211; obr\u00f3bka lakier\u00f3w<\/li>\n<li>&#8211; obr\u00f3bka szpachli.<\/li>\n<\/ul>\n<\/section><\/div>\n<\/section>\n","protected":false},"excerpt":{"rendered":"<p>PAPIER \u015aCIERNY DO DREWNA KLINGSPOR 230X280MM 60 GR Dane techniczne: Wymiary: 230&#215;280 Gradacja: 60 Spoiwo: klej \u2013 \u017cywica ziarno: elektrokorund nasyp: pe\u0142ny pod\u0142o\u017ce: papier C. AUKCJA DOTYCZY KPL.10SZT ZASTOSOWANIE: &#8211; obr\u00f3bka drewna &#8211; obr\u00f3bka farb &#8211; obr\u00f3bka lakier\u00f3w &#8211; obr\u00f3bka szpachli.<\/p>\n","protected":false},"featured_media":86389,"template":"","meta":[],"product_cat":[8138],"product_tag":[],"yoast_head":"<!-- This site is optimized with the Yoast SEO plugin v21.0 - https:\/\/yoast.com\/wordpress\/plugins\/seo\/ -->\n<title>PAPIER \u015aCIERNY DO DREWNA KLINGSPOR 230X280MM 60 GR - BOBIMARKET.pl - Remontuj i urz\u0105dzaj z nami<\/title>\n<meta name=\"robots\" content=\"index, follow, max-snippet:-1, max-image-preview:large, max-video-preview:-1\" \/>\n<link rel=\"canonical\" href=\"https:\/\/bobimarket.pl\/index.php\/produkt\/papier-scierny-do-drewna-klingspor-230x280mm-60-gr\/\" \/>\n<meta property=\"og:locale\" content=\"pl_PL\" \/>\n<meta property=\"og:type\" content=\"article\" \/>\n<meta property=\"og:title\" content=\"PAPIER \u015aCIERNY DO DREWNA KLINGSPOR 230X280MM 60 GR - BOBIMARKET.pl - Remontuj i urz\u0105dzaj z nami\" \/>\n<meta property=\"og:description\" content=\"PAPIER \u015aCIERNY DO DREWNA KLINGSPOR 230X280MM 60 GR Dane techniczne: Wymiary: 230&#215;280 Gradacja: 60 Spoiwo: klej \u2013 \u017cywica ziarno: elektrokorund nasyp: pe\u0142ny pod\u0142o\u017ce: papier C. AUKCJA DOTYCZY KPL.10SZT ZASTOSOWANIE: &#8211; obr\u00f3bka drewna &#8211; obr\u00f3bka farb &#8211; obr\u00f3bka lakier\u00f3w &#8211; obr\u00f3bka szpachli.\" \/>\n<meta property=\"og:url\" content=\"https:\/\/bobimarket.pl\/index.php\/produkt\/papier-scierny-do-drewna-klingspor-230x280mm-60-gr\/\" \/>\n<meta property=\"og:site_name\" content=\"BOBIMARKET.pl - Remontuj i urz\u0105dzaj z nami\" \/>\n<meta property=\"article:modified_time\" content=\"2025-02-27T14:45:19+00:00\" \/>\n<meta property=\"og:image\" content=\"https:\/\/upload.cdn.baselinker.com\/products\/14476\/36b90e68f8ea843d40dc7c1897c78735.jpg\" \/>\n<meta name=\"twitter:card\" content=\"summary_large_image\" \/>\n<script type=\"application\/ld+json\" class=\"yoast-schema-graph\">{\"@context\":\"https:\/\/schema.org\",\"@graph\":[{\"@type\":\"WebPage\",\"@id\":\"https:\/\/bobimarket.pl\/index.php\/produkt\/papier-scierny-do-drewna-klingspor-230x280mm-60-gr\/\",\"url\":\"https:\/\/bobimarket.pl\/index.php\/produkt\/papier-scierny-do-drewna-klingspor-230x280mm-60-gr\/\",\"name\":\"PAPIER \u015aCIERNY DO DREWNA KLINGSPOR 230X280MM 60 GR - BOBIMARKET.pl - Remontuj i urz\u0105dzaj z nami\",\"isPartOf\":{\"@id\":\"https:\/\/bobimarket.pl\/#website\"},\"datePublished\":\"2023-08-29T23:47:20+00:00\",\"dateModified\":\"2025-02-27T14:45:19+00:00\",\"breadcrumb\":{\"@id\":\"https:\/\/bobimarket.pl\/index.php\/produkt\/papier-scierny-do-drewna-klingspor-230x280mm-60-gr\/#breadcrumb\"},\"inLanguage\":\"pl-PL\",\"potentialAction\":[{\"@type\":\"ReadAction\",\"target\":[\"https:\/\/bobimarket.pl\/index.php\/produkt\/papier-scierny-do-drewna-klingspor-230x280mm-60-gr\/\"]}]},{\"@type\":\"BreadcrumbList\",\"@id\":\"https:\/\/bobimarket.pl\/index.php\/produkt\/papier-scierny-do-drewna-klingspor-230x280mm-60-gr\/#breadcrumb\",\"itemListElement\":[{\"@type\":\"ListItem\",\"position\":1,\"name\":\"Strona g\u0142\u00f3wna\",\"item\":\"https:\/\/bobimarket.pl\/\"},{\"@type\":\"ListItem\",\"position\":2,\"name\":\"Sklep\",\"item\":\"https:\/\/bobimarket.pl\/index.php\/shop\/\"},{\"@type\":\"ListItem\",\"position\":3,\"name\":\"PAPIER \u015aCIERNY DO DREWNA KLINGSPOR 230X280MM 60 GR\"}]},{\"@type\":\"WebSite\",\"@id\":\"https:\/\/bobimarket.pl\/#website\",\"url\":\"https:\/\/bobimarket.pl\/\",\"name\":\"BOBIMARKET.pl - Remontuj i urz\u0105dzaj z nami\",\"description\":\"Remontuj i urz\u0105dzaj z nami\",\"publisher\":{\"@id\":\"https:\/\/bobimarket.pl\/#organization\"},\"potentialAction\":[{\"@type\":\"SearchAction\",\"target\":{\"@type\":\"EntryPoint\",\"urlTemplate\":\"https:\/\/bobimarket.pl\/?s={search_term_string}\"},\"query-input\":\"required name=search_term_string\"}],\"inLanguage\":\"pl-PL\"},{\"@type\":\"Organization\",\"@id\":\"https:\/\/bobimarket.pl\/#organization\",\"name\":\"BOBIMARKET.pl\",\"url\":\"https:\/\/bobimarket.pl\/\",\"logo\":{\"@type\":\"ImageObject\",\"inLanguage\":\"pl-PL\",\"@id\":\"https:\/\/bobimarket.pl\/#\/schema\/logo\/image\/\",\"url\":\"https:\/\/bobimarket.pl\/wp-content\/uploads\/2021\/11\/slogan.png\",\"contentUrl\":\"https:\/\/bobimarket.pl\/wp-content\/uploads\/2021\/11\/slogan.png\",\"width\":2000,\"height\":384,\"caption\":\"BOBIMARKET.pl\"},\"image\":{\"@id\":\"https:\/\/bobimarket.pl\/#\/schema\/logo\/image\/\"}}]}<\/script>\n<!-- \/ Yoast SEO plugin. -->","yoast_head_json":{"title":"PAPIER \u015aCIERNY DO DREWNA KLINGSPOR 230X280MM 60 GR - BOBIMARKET.pl - Remontuj i urz\u0105dzaj z nami","robots":{"index":"index","follow":"follow","max-snippet":"max-snippet:-1","max-image-preview":"max-image-preview:large","max-video-preview":"max-video-preview:-1"},"canonical":"https:\/\/bobimarket.pl\/index.php\/produkt\/papier-scierny-do-drewna-klingspor-230x280mm-60-gr\/","og_locale":"pl_PL","og_type":"article","og_title":"PAPIER \u015aCIERNY DO DREWNA KLINGSPOR 230X280MM 60 GR - BOBIMARKET.pl - Remontuj i urz\u0105dzaj z nami","og_description":"PAPIER \u015aCIERNY DO DREWNA KLINGSPOR 230X280MM 60 GR Dane techniczne: Wymiary: 230&#215;280 Gradacja: 60 Spoiwo: klej \u2013 \u017cywica ziarno: elektrokorund nasyp: pe\u0142ny pod\u0142o\u017ce: papier C. AUKCJA DOTYCZY KPL.10SZT ZASTOSOWANIE: &#8211; obr\u00f3bka drewna &#8211; obr\u00f3bka farb &#8211; obr\u00f3bka lakier\u00f3w &#8211; obr\u00f3bka szpachli.","og_url":"https:\/\/bobimarket.pl\/index.php\/produkt\/papier-scierny-do-drewna-klingspor-230x280mm-60-gr\/","og_site_name":"BOBIMARKET.pl - Remontuj i urz\u0105dzaj z nami","article_modified_time":"2025-02-27T14:45:19+00:00","og_image":[{"url":"https:\/\/upload.cdn.baselinker.com\/products\/14476\/36b90e68f8ea843d40dc7c1897c78735.jpg"}],"twitter_card":"summary_large_image","schema":{"@context":"https:\/\/schema.org","@graph":[{"@type":"WebPage","@id":"https:\/\/bobimarket.pl\/index.php\/produkt\/papier-scierny-do-drewna-klingspor-230x280mm-60-gr\/","url":"https:\/\/bobimarket.pl\/index.php\/produkt\/papier-scierny-do-drewna-klingspor-230x280mm-60-gr\/","name":"PAPIER \u015aCIERNY DO DREWNA KLINGSPOR 230X280MM 60 GR - BOBIMARKET.pl - Remontuj i urz\u0105dzaj z nami","isPartOf":{"@id":"https:\/\/bobimarket.pl\/#website"},"datePublished":"2023-08-29T23:47:20+00:00","dateModified":"2025-02-27T14:45:19+00:00","breadcrumb":{"@id":"https:\/\/bobimarket.pl\/index.php\/produkt\/papier-scierny-do-drewna-klingspor-230x280mm-60-gr\/#breadcrumb"},"inLanguage":"pl-PL","potentialAction":[{"@type":"ReadAction","target":["https:\/\/bobimarket.pl\/index.php\/produkt\/papier-scierny-do-drewna-klingspor-230x280mm-60-gr\/"]}]},{"@type":"BreadcrumbList","@id":"https:\/\/bobimarket.pl\/index.php\/produkt\/papier-scierny-do-drewna-klingspor-230x280mm-60-gr\/#breadcrumb","itemListElement":[{"@type":"ListItem","position":1,"name":"Strona g\u0142\u00f3wna","item":"https:\/\/bobimarket.pl\/"},{"@type":"ListItem","position":2,"name":"Sklep","item":"https:\/\/bobimarket.pl\/index.php\/shop\/"},{"@type":"ListItem","position":3,"name":"PAPIER \u015aCIERNY DO DREWNA KLINGSPOR 230X280MM 60 GR"}]},{"@type":"WebSite","@id":"https:\/\/bobimarket.pl\/#website","url":"https:\/\/bobimarket.pl\/","name":"BOBIMARKET.pl - Remontuj i urz\u0105dzaj z nami","description":"Remontuj i urz\u0105dzaj z nami","publisher":{"@id":"https:\/\/bobimarket.pl\/#organization"},"potentialAction":[{"@type":"SearchAction","target":{"@type":"EntryPoint","urlTemplate":"https:\/\/bobimarket.pl\/?s={search_term_string}"},"query-input":"required name=search_term_string"}],"inLanguage":"pl-PL"},{"@type":"Organization","@id":"https:\/\/bobimarket.pl\/#organization","name":"BOBIMARKET.pl","url":"https:\/\/bobimarket.pl\/","logo":{"@type":"ImageObject","inLanguage":"pl-PL","@id":"https:\/\/bobimarket.pl\/#\/schema\/logo\/image\/","url":"https:\/\/bobimarket.pl\/wp-content\/uploads\/2021\/11\/slogan.png","contentUrl":"https:\/\/bobimarket.pl\/wp-content\/uploads\/2021\/11\/slogan.png","width":2000,"height":384,"caption":"BOBIMARKET.pl"},"image":{"@id":"https:\/\/bobimarket.pl\/#\/schema\/logo\/image\/"}}]}},"_links":{"self":[{"href":"https:\/\/bobimarket.pl\/index.php\/wp-json\/wp\/v2\/product\/86392"}],"collection":[{"href":"https:\/\/bobimarket.pl\/index.php\/wp-json\/wp\/v2\/product"}],"about":[{"href":"https:\/\/bobimarket.pl\/index.php\/wp-json\/wp\/v2\/types\/product"}],"wp:featuredmedia":[{"embeddable":true,"href":"https:\/\/bobimarket.pl\/index.php\/wp-json\/wp\/v2\/media\/86389"}],"wp:attachment":[{"href":"https:\/\/bobimarket.pl\/index.php\/wp-json\/wp\/v2\/media?parent=86392"}],"wp:term":[{"taxonomy":"product_cat","embeddable":true,"href":"https:\/\/bobimarket.pl\/index.php\/wp-json\/wp\/v2\/product_cat?post=86392"},{"taxonomy":"product_tag","embeddable":true,"href":"https:\/\/bobimarket.pl\/index.php\/wp-json\/wp\/v2\/product_tag?post=86392"}],"curies":[{"name":"wp","href":"https:\/\/api.w.org\/{rel}","templated":true}]}}