{"id":86457,"date":"2023-08-29T23:53:06","date_gmt":"2023-08-29T23:53:06","guid":{"rendered":"https:\/\/bobimarket.pl\/index.php\/produkt\/papier-scierny-plotno-scierne-klingspor-gr-120\/"},"modified":"2025-02-27T14:46:17","modified_gmt":"2025-02-27T14:46:17","slug":"papier-scierny-plotno-scierne-klingspor-gr-120","status":"publish","type":"product","link":"https:\/\/bobimarket.pl\/index.php\/produkt\/papier-scierny-plotno-scierne-klingspor-gr-120\/","title":{"rendered":"PAPIER \u015aCIERNY P\u0141\u00d3TNO \u015aCIERNE KLINGSPOR GR.120"},"content":{"rendered":"<section class=\"section\">\n<div class=\"item item-6\">\n<section class=\"image-item\">\n            <img decoding=\"async\" src=\"https:\/\/upload.cdn.baselinker.com\/products\/14476\/1cf1ac53ecb4db98d97f5481b26c836f.jpg\" \/><br \/>\n        <\/section>\n<\/p><\/div>\n<div class=\"item item-6\">\n<section class=\"text-item\">\n<h1>PAPIER \u015aCIERNY P\u0141\u00d3TNO \u015aCIERNE KLINGSPOR<\/h1>\n<p>Dane techniczne:<\/p>\n<ul>\n<li><b>Wymiary: 230&#215;280 <\/b><\/li>\n<li><b>Granulacja:120<\/b><\/li>\n<li>Ziarno: elektrokorund zwyk\u0142y<\/li>\n<li>Nasyp: pe\u0142en<\/li>\n<li>Spoiwo: klej organiczny\/syntetyczny<\/li>\n<li>Pod\u0142o\u017ce: <b>p\u0142\u00f3tno <\/b><\/li>\n<\/ul>\n<\/section><\/div>\n<\/section>\n<section class=\"section\">\n<div class=\"item item-6\">\n<section class=\"image-item\">\n            <img decoding=\"async\" src=\"https:\/\/upload.cdn.baselinker.com\/products\/14476\/25218022e17bb071e8924e868219ffec.jpg\" \/><br \/>\n        <\/section>\n<\/p><\/div>\n<div class=\"item item-6\">\n<section class=\"text-item\">\n<p><b>\u2705 ZASTOSOWANIE:<\/b><\/p>\n<p>szlifowanie i wyg\u0142adzanie powierzchni stalowych i innych wymagaj\u0105cych precyzyjnego wyko\u0144czenia<\/p>\n<\/section><\/div>\n<\/section>\n","protected":false},"excerpt":{"rendered":"<p>PAPIER \u015aCIERNY P\u0141\u00d3TNO \u015aCIERNE KLINGSPOR Dane techniczne: Wymiary: 230&#215;280 Granulacja:120 Ziarno: elektrokorund zwyk\u0142y Nasyp: pe\u0142en Spoiwo: klej organiczny\/syntetyczny Pod\u0142o\u017ce: p\u0142\u00f3tno \u2705 ZASTOSOWANIE: szlifowanie i wyg\u0142adzanie powierzchni stalowych i innych wymagaj\u0105cych precyzyjnego wyko\u0144czenia<\/p>\n","protected":false},"featured_media":86454,"template":"","meta":[],"product_cat":[8138],"product_tag":[],"yoast_head":"<!-- This site is optimized with the Yoast SEO plugin v21.0 - https:\/\/yoast.com\/wordpress\/plugins\/seo\/ -->\n<title>PAPIER \u015aCIERNY P\u0141\u00d3TNO \u015aCIERNE KLINGSPOR GR.120 - BOBIMARKET.pl - Remontuj i urz\u0105dzaj z nami<\/title>\n<meta name=\"robots\" content=\"index, follow, max-snippet:-1, max-image-preview:large, max-video-preview:-1\" \/>\n<link rel=\"canonical\" href=\"https:\/\/bobimarket.pl\/index.php\/produkt\/papier-scierny-plotno-scierne-klingspor-gr-120\/\" \/>\n<meta property=\"og:locale\" content=\"pl_PL\" \/>\n<meta property=\"og:type\" content=\"article\" \/>\n<meta property=\"og:title\" content=\"PAPIER \u015aCIERNY P\u0141\u00d3TNO \u015aCIERNE KLINGSPOR GR.120 - BOBIMARKET.pl - Remontuj i urz\u0105dzaj z nami\" \/>\n<meta property=\"og:description\" content=\"PAPIER \u015aCIERNY P\u0141\u00d3TNO \u015aCIERNE KLINGSPOR Dane techniczne: Wymiary: 230&#215;280 Granulacja:120 Ziarno: elektrokorund zwyk\u0142y Nasyp: pe\u0142en Spoiwo: klej organiczny\/syntetyczny Pod\u0142o\u017ce: p\u0142\u00f3tno \u2705 ZASTOSOWANIE: szlifowanie i wyg\u0142adzanie powierzchni stalowych i innych wymagaj\u0105cych precyzyjnego wyko\u0144czenia\" \/>\n<meta property=\"og:url\" content=\"https:\/\/bobimarket.pl\/index.php\/produkt\/papier-scierny-plotno-scierne-klingspor-gr-120\/\" \/>\n<meta property=\"og:site_name\" content=\"BOBIMARKET.pl - Remontuj i urz\u0105dzaj z nami\" \/>\n<meta property=\"article:modified_time\" content=\"2025-02-27T14:46:17+00:00\" \/>\n<meta property=\"og:image\" content=\"https:\/\/upload.cdn.baselinker.com\/products\/14476\/1cf1ac53ecb4db98d97f5481b26c836f.jpg\" \/>\n<meta name=\"twitter:card\" content=\"summary_large_image\" \/>\n<script type=\"application\/ld+json\" class=\"yoast-schema-graph\">{\"@context\":\"https:\/\/schema.org\",\"@graph\":[{\"@type\":\"WebPage\",\"@id\":\"https:\/\/bobimarket.pl\/index.php\/produkt\/papier-scierny-plotno-scierne-klingspor-gr-120\/\",\"url\":\"https:\/\/bobimarket.pl\/index.php\/produkt\/papier-scierny-plotno-scierne-klingspor-gr-120\/\",\"name\":\"PAPIER \u015aCIERNY P\u0141\u00d3TNO \u015aCIERNE KLINGSPOR GR.120 - BOBIMARKET.pl - Remontuj i urz\u0105dzaj z nami\",\"isPartOf\":{\"@id\":\"https:\/\/bobimarket.pl\/#website\"},\"datePublished\":\"2023-08-29T23:53:06+00:00\",\"dateModified\":\"2025-02-27T14:46:17+00:00\",\"breadcrumb\":{\"@id\":\"https:\/\/bobimarket.pl\/index.php\/produkt\/papier-scierny-plotno-scierne-klingspor-gr-120\/#breadcrumb\"},\"inLanguage\":\"pl-PL\",\"potentialAction\":[{\"@type\":\"ReadAction\",\"target\":[\"https:\/\/bobimarket.pl\/index.php\/produkt\/papier-scierny-plotno-scierne-klingspor-gr-120\/\"]}]},{\"@type\":\"BreadcrumbList\",\"@id\":\"https:\/\/bobimarket.pl\/index.php\/produkt\/papier-scierny-plotno-scierne-klingspor-gr-120\/#breadcrumb\",\"itemListElement\":[{\"@type\":\"ListItem\",\"position\":1,\"name\":\"Strona g\u0142\u00f3wna\",\"item\":\"https:\/\/bobimarket.pl\/\"},{\"@type\":\"ListItem\",\"position\":2,\"name\":\"Sklep\",\"item\":\"https:\/\/bobimarket.pl\/index.php\/shop\/\"},{\"@type\":\"ListItem\",\"position\":3,\"name\":\"PAPIER \u015aCIERNY P\u0141\u00d3TNO \u015aCIERNE KLINGSPOR GR.120\"}]},{\"@type\":\"WebSite\",\"@id\":\"https:\/\/bobimarket.pl\/#website\",\"url\":\"https:\/\/bobimarket.pl\/\",\"name\":\"BOBIMARKET.pl - Remontuj i urz\u0105dzaj z nami\",\"description\":\"Remontuj i urz\u0105dzaj z nami\",\"publisher\":{\"@id\":\"https:\/\/bobimarket.pl\/#organization\"},\"potentialAction\":[{\"@type\":\"SearchAction\",\"target\":{\"@type\":\"EntryPoint\",\"urlTemplate\":\"https:\/\/bobimarket.pl\/?s={search_term_string}\"},\"query-input\":\"required name=search_term_string\"}],\"inLanguage\":\"pl-PL\"},{\"@type\":\"Organization\",\"@id\":\"https:\/\/bobimarket.pl\/#organization\",\"name\":\"BOBIMARKET.pl\",\"url\":\"https:\/\/bobimarket.pl\/\",\"logo\":{\"@type\":\"ImageObject\",\"inLanguage\":\"pl-PL\",\"@id\":\"https:\/\/bobimarket.pl\/#\/schema\/logo\/image\/\",\"url\":\"https:\/\/bobimarket.pl\/wp-content\/uploads\/2021\/11\/slogan.png\",\"contentUrl\":\"https:\/\/bobimarket.pl\/wp-content\/uploads\/2021\/11\/slogan.png\",\"width\":2000,\"height\":384,\"caption\":\"BOBIMARKET.pl\"},\"image\":{\"@id\":\"https:\/\/bobimarket.pl\/#\/schema\/logo\/image\/\"}}]}<\/script>\n<!-- \/ Yoast SEO plugin. -->","yoast_head_json":{"title":"PAPIER \u015aCIERNY P\u0141\u00d3TNO \u015aCIERNE KLINGSPOR GR.120 - BOBIMARKET.pl - Remontuj i urz\u0105dzaj z nami","robots":{"index":"index","follow":"follow","max-snippet":"max-snippet:-1","max-image-preview":"max-image-preview:large","max-video-preview":"max-video-preview:-1"},"canonical":"https:\/\/bobimarket.pl\/index.php\/produkt\/papier-scierny-plotno-scierne-klingspor-gr-120\/","og_locale":"pl_PL","og_type":"article","og_title":"PAPIER \u015aCIERNY P\u0141\u00d3TNO \u015aCIERNE KLINGSPOR GR.120 - BOBIMARKET.pl - Remontuj i urz\u0105dzaj z nami","og_description":"PAPIER \u015aCIERNY P\u0141\u00d3TNO \u015aCIERNE KLINGSPOR Dane techniczne: Wymiary: 230&#215;280 Granulacja:120 Ziarno: elektrokorund zwyk\u0142y Nasyp: pe\u0142en Spoiwo: klej organiczny\/syntetyczny Pod\u0142o\u017ce: p\u0142\u00f3tno \u2705 ZASTOSOWANIE: szlifowanie i wyg\u0142adzanie powierzchni stalowych i innych wymagaj\u0105cych precyzyjnego wyko\u0144czenia","og_url":"https:\/\/bobimarket.pl\/index.php\/produkt\/papier-scierny-plotno-scierne-klingspor-gr-120\/","og_site_name":"BOBIMARKET.pl - Remontuj i urz\u0105dzaj z nami","article_modified_time":"2025-02-27T14:46:17+00:00","og_image":[{"url":"https:\/\/upload.cdn.baselinker.com\/products\/14476\/1cf1ac53ecb4db98d97f5481b26c836f.jpg"}],"twitter_card":"summary_large_image","schema":{"@context":"https:\/\/schema.org","@graph":[{"@type":"WebPage","@id":"https:\/\/bobimarket.pl\/index.php\/produkt\/papier-scierny-plotno-scierne-klingspor-gr-120\/","url":"https:\/\/bobimarket.pl\/index.php\/produkt\/papier-scierny-plotno-scierne-klingspor-gr-120\/","name":"PAPIER \u015aCIERNY P\u0141\u00d3TNO \u015aCIERNE KLINGSPOR GR.120 - BOBIMARKET.pl - Remontuj i urz\u0105dzaj z nami","isPartOf":{"@id":"https:\/\/bobimarket.pl\/#website"},"datePublished":"2023-08-29T23:53:06+00:00","dateModified":"2025-02-27T14:46:17+00:00","breadcrumb":{"@id":"https:\/\/bobimarket.pl\/index.php\/produkt\/papier-scierny-plotno-scierne-klingspor-gr-120\/#breadcrumb"},"inLanguage":"pl-PL","potentialAction":[{"@type":"ReadAction","target":["https:\/\/bobimarket.pl\/index.php\/produkt\/papier-scierny-plotno-scierne-klingspor-gr-120\/"]}]},{"@type":"BreadcrumbList","@id":"https:\/\/bobimarket.pl\/index.php\/produkt\/papier-scierny-plotno-scierne-klingspor-gr-120\/#breadcrumb","itemListElement":[{"@type":"ListItem","position":1,"name":"Strona g\u0142\u00f3wna","item":"https:\/\/bobimarket.pl\/"},{"@type":"ListItem","position":2,"name":"Sklep","item":"https:\/\/bobimarket.pl\/index.php\/shop\/"},{"@type":"ListItem","position":3,"name":"PAPIER \u015aCIERNY P\u0141\u00d3TNO \u015aCIERNE KLINGSPOR GR.120"}]},{"@type":"WebSite","@id":"https:\/\/bobimarket.pl\/#website","url":"https:\/\/bobimarket.pl\/","name":"BOBIMARKET.pl - Remontuj i urz\u0105dzaj z nami","description":"Remontuj i urz\u0105dzaj z nami","publisher":{"@id":"https:\/\/bobimarket.pl\/#organization"},"potentialAction":[{"@type":"SearchAction","target":{"@type":"EntryPoint","urlTemplate":"https:\/\/bobimarket.pl\/?s={search_term_string}"},"query-input":"required name=search_term_string"}],"inLanguage":"pl-PL"},{"@type":"Organization","@id":"https:\/\/bobimarket.pl\/#organization","name":"BOBIMARKET.pl","url":"https:\/\/bobimarket.pl\/","logo":{"@type":"ImageObject","inLanguage":"pl-PL","@id":"https:\/\/bobimarket.pl\/#\/schema\/logo\/image\/","url":"https:\/\/bobimarket.pl\/wp-content\/uploads\/2021\/11\/slogan.png","contentUrl":"https:\/\/bobimarket.pl\/wp-content\/uploads\/2021\/11\/slogan.png","width":2000,"height":384,"caption":"BOBIMARKET.pl"},"image":{"@id":"https:\/\/bobimarket.pl\/#\/schema\/logo\/image\/"}}]}},"_links":{"self":[{"href":"https:\/\/bobimarket.pl\/index.php\/wp-json\/wp\/v2\/product\/86457"}],"collection":[{"href":"https:\/\/bobimarket.pl\/index.php\/wp-json\/wp\/v2\/product"}],"about":[{"href":"https:\/\/bobimarket.pl\/index.php\/wp-json\/wp\/v2\/types\/product"}],"wp:featuredmedia":[{"embeddable":true,"href":"https:\/\/bobimarket.pl\/index.php\/wp-json\/wp\/v2\/media\/86454"}],"wp:attachment":[{"href":"https:\/\/bobimarket.pl\/index.php\/wp-json\/wp\/v2\/media?parent=86457"}],"wp:term":[{"taxonomy":"product_cat","embeddable":true,"href":"https:\/\/bobimarket.pl\/index.php\/wp-json\/wp\/v2\/product_cat?post=86457"},{"taxonomy":"product_tag","embeddable":true,"href":"https:\/\/bobimarket.pl\/index.php\/wp-json\/wp\/v2\/product_tag?post=86457"}],"curies":[{"name":"wp","href":"https:\/\/api.w.org\/{rel}","templated":true}]}}