{"id":86573,"date":"2023-08-30T00:00:06","date_gmt":"2023-08-30T00:00:06","guid":{"rendered":"https:\/\/bobimarket.pl\/index.php\/produkt\/pedzel-malarski-kaloryferowy-36mm-katowy-krzywak\/"},"modified":"2025-06-24T07:33:38","modified_gmt":"2025-06-24T07:33:38","slug":"pedzel-malarski-kaloryferowy-36mm-katowy-krzywak","status":"publish","type":"product","link":"https:\/\/bobimarket.pl\/index.php\/produkt\/pedzel-malarski-kaloryferowy-36mm-katowy-krzywak\/","title":{"rendered":"P\u0118DZEL MALARSKI KALORYFEROWY 36MM K\u0104TOWY KRZYWAK"},"content":{"rendered":"<section class=\"section\">\n<div class=\"item item-12\">\n<section class=\"text-item\">\n<h2>P\u0118DZEL MALARSKI KALORYFEROWY 36MM K\u0104TOWY KRZYWAK<\/h2>\n<p><b>Dane techniczne:<\/b><\/p>\n<ul>\n<li>Rozmiar:\u00a0<b> 36 mm x 8 mm<\/b><\/li>\n<li>D\u0142ugo\u015b\u0107 ca\u0142kowita: <b>33,5 cm<\/b><\/li>\n<li>D\u0142ugo\u015b\u0107 r\u0105czki: <b>27,5 cm<\/b><\/li>\n<li>Uchwyt: <b>drewniany<\/b><\/li>\n<li>W\u0142osie: <b>g\u0119ste, naturalna szczecina<\/b><\/li>\n<li>PRODUKT POLSKI<\/li>\n<\/ul>\n<p>P\u0119dzel malarski kaloryferowy o szeroko\u015bci 36 mm. Posiada por\u0119czn\u0105 drewnian\u0105 r\u0105czk\u0119 oraz <b>g\u0119ste w\u0142osie<\/b>, kt\u00f3re wykonano <b>z naturalnej szczeciny<\/b>. P\u0119dzel wyprodukowano w Polsce.<\/p>\n<\/section><\/div>\n<\/section>\n<section class=\"section\">\n<div class=\"item item-12\">\n<section class=\"image-item\">\n            <img decoding=\"async\" src=\"https:\/\/upload.cdn.baselinker.com\/products\/14476\/3684925c7f6042b5480ea5f7aed5277f.jpg\" \/><br \/>\n        <\/section>\n<\/p><\/div>\n<\/section>\n<section class=\"section\">\n<div class=\"item item-12\">\n<section class=\"text-item\">\n<p><b>\u2705 ZASTOSOWANIE:<\/b><\/p>\n<p>P\u0119dzel ma<b> uniwersalne<\/b> zastosowanie skutecznie rozprowadza r\u00f3\u017cnego typu farby. Stosowany do farb emulsyjnych, akrylowych, lateksowych, olejnych oraz r\u00f3\u017cnego rodzaju klej\u00f3w i grunt\u00f3w.<\/p>\n<ul>\n<li>P\u0119dzel posiada profilowany wygodny wyd\u0142u\u017cony uchwyt.<\/li>\n<li>Niezast\u0105piony podczas malowania trudno dost\u0119pnych miejsc.<\/li>\n<li>Precyzyjne wykonanie i wysoka jako\u015b\u0107.<\/li>\n<\/ul>\n<p><b>Sprawd\u017a r\u00f3wnie\u017c inne p\u0119dzle dost\u0119pne w naszym sklepie.<\/b><\/p>\n<\/section><\/div>\n<\/section>\n<section class=\"section\">\n<div class=\"item item-12\">\n<section class=\"image-item\">\n            <img decoding=\"async\" src=\"https:\/\/upload.cdn.baselinker.com\/products\/14476\/b74a9055453da0240fbb804cffded940.jpg\" \/><br \/>\n        <\/section>\n<\/p><\/div>\n<\/section>\n<section class=\"section\">\n<div class=\"item item-12\">\n<section class=\"image-item\">\n            <img decoding=\"async\" src=\"https:\/\/upload.cdn.baselinker.com\/products\/14476\/0f5fb126789dcae81853c70cb322862d.jpg\" \/><br \/>\n        <\/section>\n<\/p><\/div>\n<\/section>\n","protected":false},"excerpt":{"rendered":"<p>P\u0118DZEL MALARSKI KALORYFEROWY 36MM K\u0104TOWY KRZYWAK Dane techniczne: Rozmiar:\u00a0 36 mm x 8 mm D\u0142ugo\u015b\u0107 ca\u0142kowita: 33,5 cm D\u0142ugo\u015b\u0107 r\u0105czki: 27,5 cm Uchwyt: drewniany W\u0142osie: g\u0119ste, naturalna szczecina PRODUKT POLSKI P\u0119dzel malarski kaloryferowy o szeroko\u015bci 36 mm. Posiada por\u0119czn\u0105 drewnian\u0105 r\u0105czk\u0119 oraz g\u0119ste w\u0142osie, kt\u00f3re wykonano z naturalnej szczeciny. P\u0119dzel wyprodukowano w Polsce. \u2705 ZASTOSOWANIE:<br \/><a class=\"more-link\" href=\"https:\/\/bobimarket.pl\/index.php\/produkt\/pedzel-malarski-kaloryferowy-36mm-katowy-krzywak\/\"><br \/>\n        Czytaj wi\u0119cej<span class=\"screen-reader-text\"> &#8222;P\u0118DZEL MALARSKI KALORYFEROWY 36MM K\u0104TOWY KRZYWAK&#8221;<\/span><\/a><\/p>\n","protected":false},"featured_media":86568,"template":"","meta":[],"product_cat":[8132],"product_tag":[],"yoast_head":"<!-- This site is optimized with the Yoast SEO plugin v21.0 - https:\/\/yoast.com\/wordpress\/plugins\/seo\/ -->\n<title>P\u0118DZEL MALARSKI KALORYFEROWY 36MM K\u0104TOWY KRZYWAK - BOBIMARKET.pl - Remontuj i urz\u0105dzaj z nami<\/title>\n<meta name=\"robots\" content=\"index, follow, max-snippet:-1, max-image-preview:large, max-video-preview:-1\" \/>\n<link rel=\"canonical\" href=\"https:\/\/bobimarket.pl\/index.php\/produkt\/pedzel-malarski-kaloryferowy-36mm-katowy-krzywak\/\" \/>\n<meta property=\"og:locale\" content=\"pl_PL\" \/>\n<meta property=\"og:type\" content=\"article\" \/>\n<meta property=\"og:title\" content=\"P\u0118DZEL MALARSKI KALORYFEROWY 36MM K\u0104TOWY KRZYWAK - BOBIMARKET.pl - Remontuj i urz\u0105dzaj z nami\" \/>\n<meta property=\"og:description\" content=\"P\u0118DZEL MALARSKI KALORYFEROWY 36MM K\u0104TOWY KRZYWAK Dane techniczne: Rozmiar:\u00a0 36 mm x 8 mm D\u0142ugo\u015b\u0107 ca\u0142kowita: 33,5 cm D\u0142ugo\u015b\u0107 r\u0105czki: 27,5 cm Uchwyt: drewniany W\u0142osie: g\u0119ste, naturalna szczecina PRODUKT POLSKI P\u0119dzel malarski kaloryferowy o szeroko\u015bci 36 mm. Posiada por\u0119czn\u0105 drewnian\u0105 r\u0105czk\u0119 oraz g\u0119ste w\u0142osie, kt\u00f3re wykonano z naturalnej szczeciny. P\u0119dzel wyprodukowano w Polsce. \u2705 ZASTOSOWANIE:     Czytaj wi\u0119cej &quot;P\u0118DZEL MALARSKI KALORYFEROWY 36MM K\u0104TOWY KRZYWAK&quot;\" \/>\n<meta property=\"og:url\" content=\"https:\/\/bobimarket.pl\/index.php\/produkt\/pedzel-malarski-kaloryferowy-36mm-katowy-krzywak\/\" \/>\n<meta property=\"og:site_name\" content=\"BOBIMARKET.pl - Remontuj i urz\u0105dzaj z nami\" \/>\n<meta property=\"article:modified_time\" content=\"2025-06-24T07:33:38+00:00\" \/>\n<meta property=\"og:image\" content=\"https:\/\/upload.cdn.baselinker.com\/products\/14476\/3684925c7f6042b5480ea5f7aed5277f.jpg\" \/>\n<meta name=\"twitter:card\" content=\"summary_large_image\" \/>\n<meta name=\"twitter:label1\" content=\"Szacowany czas czytania\" \/>\n\t<meta name=\"twitter:data1\" content=\"1 minuta\" \/>\n<script type=\"application\/ld+json\" class=\"yoast-schema-graph\">{\"@context\":\"https:\/\/schema.org\",\"@graph\":[{\"@type\":\"WebPage\",\"@id\":\"https:\/\/bobimarket.pl\/index.php\/produkt\/pedzel-malarski-kaloryferowy-36mm-katowy-krzywak\/\",\"url\":\"https:\/\/bobimarket.pl\/index.php\/produkt\/pedzel-malarski-kaloryferowy-36mm-katowy-krzywak\/\",\"name\":\"P\u0118DZEL MALARSKI KALORYFEROWY 36MM K\u0104TOWY KRZYWAK - BOBIMARKET.pl - Remontuj i urz\u0105dzaj z nami\",\"isPartOf\":{\"@id\":\"https:\/\/bobimarket.pl\/#website\"},\"datePublished\":\"2023-08-30T00:00:06+00:00\",\"dateModified\":\"2025-06-24T07:33:38+00:00\",\"breadcrumb\":{\"@id\":\"https:\/\/bobimarket.pl\/index.php\/produkt\/pedzel-malarski-kaloryferowy-36mm-katowy-krzywak\/#breadcrumb\"},\"inLanguage\":\"pl-PL\",\"potentialAction\":[{\"@type\":\"ReadAction\",\"target\":[\"https:\/\/bobimarket.pl\/index.php\/produkt\/pedzel-malarski-kaloryferowy-36mm-katowy-krzywak\/\"]}]},{\"@type\":\"BreadcrumbList\",\"@id\":\"https:\/\/bobimarket.pl\/index.php\/produkt\/pedzel-malarski-kaloryferowy-36mm-katowy-krzywak\/#breadcrumb\",\"itemListElement\":[{\"@type\":\"ListItem\",\"position\":1,\"name\":\"Strona g\u0142\u00f3wna\",\"item\":\"https:\/\/bobimarket.pl\/\"},{\"@type\":\"ListItem\",\"position\":2,\"name\":\"Sklep\",\"item\":\"https:\/\/bobimarket.pl\/index.php\/shop\/\"},{\"@type\":\"ListItem\",\"position\":3,\"name\":\"P\u0118DZEL MALARSKI KALORYFEROWY 36MM K\u0104TOWY KRZYWAK\"}]},{\"@type\":\"WebSite\",\"@id\":\"https:\/\/bobimarket.pl\/#website\",\"url\":\"https:\/\/bobimarket.pl\/\",\"name\":\"BOBIMARKET.pl - Remontuj i urz\u0105dzaj z nami\",\"description\":\"Remontuj i urz\u0105dzaj z nami\",\"publisher\":{\"@id\":\"https:\/\/bobimarket.pl\/#organization\"},\"potentialAction\":[{\"@type\":\"SearchAction\",\"target\":{\"@type\":\"EntryPoint\",\"urlTemplate\":\"https:\/\/bobimarket.pl\/?s={search_term_string}\"},\"query-input\":\"required name=search_term_string\"}],\"inLanguage\":\"pl-PL\"},{\"@type\":\"Organization\",\"@id\":\"https:\/\/bobimarket.pl\/#organization\",\"name\":\"BOBIMARKET.pl\",\"url\":\"https:\/\/bobimarket.pl\/\",\"logo\":{\"@type\":\"ImageObject\",\"inLanguage\":\"pl-PL\",\"@id\":\"https:\/\/bobimarket.pl\/#\/schema\/logo\/image\/\",\"url\":\"https:\/\/bobimarket.pl\/wp-content\/uploads\/2021\/11\/slogan.png\",\"contentUrl\":\"https:\/\/bobimarket.pl\/wp-content\/uploads\/2021\/11\/slogan.png\",\"width\":2000,\"height\":384,\"caption\":\"BOBIMARKET.pl\"},\"image\":{\"@id\":\"https:\/\/bobimarket.pl\/#\/schema\/logo\/image\/\"}}]}<\/script>\n<!-- \/ Yoast SEO plugin. -->","yoast_head_json":{"title":"P\u0118DZEL MALARSKI KALORYFEROWY 36MM K\u0104TOWY KRZYWAK - BOBIMARKET.pl - Remontuj i urz\u0105dzaj z nami","robots":{"index":"index","follow":"follow","max-snippet":"max-snippet:-1","max-image-preview":"max-image-preview:large","max-video-preview":"max-video-preview:-1"},"canonical":"https:\/\/bobimarket.pl\/index.php\/produkt\/pedzel-malarski-kaloryferowy-36mm-katowy-krzywak\/","og_locale":"pl_PL","og_type":"article","og_title":"P\u0118DZEL MALARSKI KALORYFEROWY 36MM K\u0104TOWY KRZYWAK - BOBIMARKET.pl - Remontuj i urz\u0105dzaj z nami","og_description":"P\u0118DZEL MALARSKI KALORYFEROWY 36MM K\u0104TOWY KRZYWAK Dane techniczne: Rozmiar:\u00a0 36 mm x 8 mm D\u0142ugo\u015b\u0107 ca\u0142kowita: 33,5 cm D\u0142ugo\u015b\u0107 r\u0105czki: 27,5 cm Uchwyt: drewniany W\u0142osie: g\u0119ste, naturalna szczecina PRODUKT POLSKI P\u0119dzel malarski kaloryferowy o szeroko\u015bci 36 mm. Posiada por\u0119czn\u0105 drewnian\u0105 r\u0105czk\u0119 oraz g\u0119ste w\u0142osie, kt\u00f3re wykonano z naturalnej szczeciny. P\u0119dzel wyprodukowano w Polsce. \u2705 ZASTOSOWANIE:     Czytaj wi\u0119cej \"P\u0118DZEL MALARSKI KALORYFEROWY 36MM K\u0104TOWY KRZYWAK\"","og_url":"https:\/\/bobimarket.pl\/index.php\/produkt\/pedzel-malarski-kaloryferowy-36mm-katowy-krzywak\/","og_site_name":"BOBIMARKET.pl - Remontuj i urz\u0105dzaj z nami","article_modified_time":"2025-06-24T07:33:38+00:00","og_image":[{"url":"https:\/\/upload.cdn.baselinker.com\/products\/14476\/3684925c7f6042b5480ea5f7aed5277f.jpg"}],"twitter_card":"summary_large_image","twitter_misc":{"Szacowany czas czytania":"1 minuta"},"schema":{"@context":"https:\/\/schema.org","@graph":[{"@type":"WebPage","@id":"https:\/\/bobimarket.pl\/index.php\/produkt\/pedzel-malarski-kaloryferowy-36mm-katowy-krzywak\/","url":"https:\/\/bobimarket.pl\/index.php\/produkt\/pedzel-malarski-kaloryferowy-36mm-katowy-krzywak\/","name":"P\u0118DZEL MALARSKI KALORYFEROWY 36MM K\u0104TOWY KRZYWAK - BOBIMARKET.pl - Remontuj i urz\u0105dzaj z nami","isPartOf":{"@id":"https:\/\/bobimarket.pl\/#website"},"datePublished":"2023-08-30T00:00:06+00:00","dateModified":"2025-06-24T07:33:38+00:00","breadcrumb":{"@id":"https:\/\/bobimarket.pl\/index.php\/produkt\/pedzel-malarski-kaloryferowy-36mm-katowy-krzywak\/#breadcrumb"},"inLanguage":"pl-PL","potentialAction":[{"@type":"ReadAction","target":["https:\/\/bobimarket.pl\/index.php\/produkt\/pedzel-malarski-kaloryferowy-36mm-katowy-krzywak\/"]}]},{"@type":"BreadcrumbList","@id":"https:\/\/bobimarket.pl\/index.php\/produkt\/pedzel-malarski-kaloryferowy-36mm-katowy-krzywak\/#breadcrumb","itemListElement":[{"@type":"ListItem","position":1,"name":"Strona g\u0142\u00f3wna","item":"https:\/\/bobimarket.pl\/"},{"@type":"ListItem","position":2,"name":"Sklep","item":"https:\/\/bobimarket.pl\/index.php\/shop\/"},{"@type":"ListItem","position":3,"name":"P\u0118DZEL MALARSKI KALORYFEROWY 36MM K\u0104TOWY KRZYWAK"}]},{"@type":"WebSite","@id":"https:\/\/bobimarket.pl\/#website","url":"https:\/\/bobimarket.pl\/","name":"BOBIMARKET.pl - Remontuj i urz\u0105dzaj z nami","description":"Remontuj i urz\u0105dzaj z nami","publisher":{"@id":"https:\/\/bobimarket.pl\/#organization"},"potentialAction":[{"@type":"SearchAction","target":{"@type":"EntryPoint","urlTemplate":"https:\/\/bobimarket.pl\/?s={search_term_string}"},"query-input":"required name=search_term_string"}],"inLanguage":"pl-PL"},{"@type":"Organization","@id":"https:\/\/bobimarket.pl\/#organization","name":"BOBIMARKET.pl","url":"https:\/\/bobimarket.pl\/","logo":{"@type":"ImageObject","inLanguage":"pl-PL","@id":"https:\/\/bobimarket.pl\/#\/schema\/logo\/image\/","url":"https:\/\/bobimarket.pl\/wp-content\/uploads\/2021\/11\/slogan.png","contentUrl":"https:\/\/bobimarket.pl\/wp-content\/uploads\/2021\/11\/slogan.png","width":2000,"height":384,"caption":"BOBIMARKET.pl"},"image":{"@id":"https:\/\/bobimarket.pl\/#\/schema\/logo\/image\/"}}]}},"_links":{"self":[{"href":"https:\/\/bobimarket.pl\/index.php\/wp-json\/wp\/v2\/product\/86573"}],"collection":[{"href":"https:\/\/bobimarket.pl\/index.php\/wp-json\/wp\/v2\/product"}],"about":[{"href":"https:\/\/bobimarket.pl\/index.php\/wp-json\/wp\/v2\/types\/product"}],"wp:featuredmedia":[{"embeddable":true,"href":"https:\/\/bobimarket.pl\/index.php\/wp-json\/wp\/v2\/media\/86568"}],"wp:attachment":[{"href":"https:\/\/bobimarket.pl\/index.php\/wp-json\/wp\/v2\/media?parent=86573"}],"wp:term":[{"taxonomy":"product_cat","embeddable":true,"href":"https:\/\/bobimarket.pl\/index.php\/wp-json\/wp\/v2\/product_cat?post=86573"},{"taxonomy":"product_tag","embeddable":true,"href":"https:\/\/bobimarket.pl\/index.php\/wp-json\/wp\/v2\/product_tag?post=86573"}],"curies":[{"name":"wp","href":"https:\/\/api.w.org\/{rel}","templated":true}]}}