{"id":86655,"date":"2023-08-30T00:04:38","date_gmt":"2023-08-30T00:04:38","guid":{"rendered":"https:\/\/bobimarket.pl\/index.php\/produkt\/nakrapiacz-szczotka-pedzel-chlapak-murarski\/"},"modified":"2025-02-27T14:48:29","modified_gmt":"2025-02-27T14:48:29","slug":"nakrapiacz-szczotka-pedzel-chlapak-murarski","status":"publish","type":"product","link":"https:\/\/bobimarket.pl\/index.php\/produkt\/nakrapiacz-szczotka-pedzel-chlapak-murarski\/","title":{"rendered":"NAKRAPIACZ SZCZOTKA P\u0118DZEL CHLAPAK MURARSKI"},"content":{"rendered":"<section class=\"section\">\n<div class=\"item item-12\">\n<section class=\"text-item\">\n<h2>NAKRAPIACZ SZCZOTKA P\u0118DZEL CHLAPAK MURARSKI<\/h2>\n<p><b>Dane techniczne:<\/b><\/p>\n<ul>\n<li>Szeroko\u015b\u0107: <b>180 mm<\/b><\/li>\n<li>Grubo\u015b\u0107: <b>55 mm<\/b><\/li>\n<li>D\u0142ugo\u015b\u0107 nabicia: <b>70 mm<\/b><\/li>\n<li>Materia\u0142 w\u0142osia: <b>w\u0142\u00f3kno polipropylenowe i koks<\/b><\/li>\n<li>Materia\u0142 oprawy: <b>drewno bukowe lakierowane<\/b><\/li>\n<li>Trzonek:<b> tworzywo sztuczne<\/b><\/li>\n<\/ul>\n<\/section><\/div>\n<\/section>\n<section class=\"section\">\n<div class=\"item item-12\">\n<section class=\"image-item\">\n            <img decoding=\"async\" src=\"https:\/\/upload.cdn.baselinker.com\/products\/14476\/fed7177bc2d7f4635bb54f54a1f178a1.jpg\" \/><br \/>\n        <\/section>\n<\/p><\/div>\n<\/section>\n<section class=\"section\">\n<div class=\"item item-12\">\n<section class=\"text-item\">\n<p>Solidny i praktyczny chlapacz murarski. Wyposa\u017cony w wygodn\u0105, plastikow\u0105 r\u0119koje\u015b\u0107. Materia\u0142 wykonania trzonka i korpusu zapewnia d\u0142ugotrwa\u0142e u\u017cytkowanie bez wi\u0119kszych problem\u00f3w.<\/p>\n<ul>\n<li>Ergonomiczna r\u0105czka pozwala na komfortow\u0105 i d\u0142ug\u0105 prac\u0119.<\/li>\n<\/ul>\n<p><b>\u2705 Zastosowanie:<\/b><\/p>\n<ul>\n<li>Chlapacz doskonale sprawdzi si\u0119 podczas nak\u0142adania \u015brodk\u00f3w gruntuj\u0105cych, impregnat\u00f3w i innych \u015brodk\u00f3w budowlanych na <b>du\u017ce powierzchnie.<\/b><\/li>\n<li>Swoje zastosowanie znajdzie r\u00f3wnie\u017c przy <b>zmywaniu starych pow\u0142ok malarskich.<\/b><\/li>\n<\/ul>\n<\/section><\/div>\n<\/section>\n<section class=\"section\">\n<div class=\"item item-12\">\n<section class=\"image-item\">\n            <img decoding=\"async\" src=\"https:\/\/upload.cdn.baselinker.com\/products\/14476\/4a127843dceb15d7e820ba7f440a4d8f.jpg\" \/><br \/>\n        <\/section>\n<\/p><\/div>\n<\/section>\n<section class=\"section\">\n<div class=\"item item-12\">\n<section class=\"image-item\">\n            <img decoding=\"async\" src=\"https:\/\/upload.cdn.baselinker.com\/products\/14476\/7e32e57dae15115a80a05ddfe98f8ab8.jpg\" \/><br \/>\n        <\/section>\n<\/p><\/div>\n<\/section>\n","protected":false},"excerpt":{"rendered":"<p>NAKRAPIACZ SZCZOTKA P\u0118DZEL CHLAPAK MURARSKI Dane techniczne: Szeroko\u015b\u0107: 180 mm Grubo\u015b\u0107: 55 mm D\u0142ugo\u015b\u0107 nabicia: 70 mm Materia\u0142 w\u0142osia: w\u0142\u00f3kno polipropylenowe i koks Materia\u0142 oprawy: drewno bukowe lakierowane Trzonek: tworzywo sztuczne Solidny i praktyczny chlapacz murarski. Wyposa\u017cony w wygodn\u0105, plastikow\u0105 r\u0119koje\u015b\u0107. Materia\u0142 wykonania trzonka i korpusu zapewnia d\u0142ugotrwa\u0142e u\u017cytkowanie bez wi\u0119kszych problem\u00f3w. Ergonomiczna r\u0105czka pozwala<br \/><a class=\"more-link\" href=\"https:\/\/bobimarket.pl\/index.php\/produkt\/nakrapiacz-szczotka-pedzel-chlapak-murarski\/\"><br \/>\n        Czytaj wi\u0119cej<span class=\"screen-reader-text\"> &#8222;NAKRAPIACZ SZCZOTKA P\u0118DZEL CHLAPAK MURARSKI&#8221;<\/span><\/a><\/p>\n","protected":false},"featured_media":86652,"template":"","meta":[],"product_cat":[8132],"product_tag":[],"yoast_head":"<!-- This site is optimized with the Yoast SEO plugin v21.0 - https:\/\/yoast.com\/wordpress\/plugins\/seo\/ -->\n<title>NAKRAPIACZ SZCZOTKA P\u0118DZEL CHLAPAK MURARSKI - BOBIMARKET.pl - Remontuj i urz\u0105dzaj z nami<\/title>\n<meta name=\"robots\" content=\"index, follow, max-snippet:-1, max-image-preview:large, max-video-preview:-1\" \/>\n<link rel=\"canonical\" href=\"https:\/\/bobimarket.pl\/index.php\/produkt\/nakrapiacz-szczotka-pedzel-chlapak-murarski\/\" \/>\n<meta property=\"og:locale\" content=\"pl_PL\" \/>\n<meta property=\"og:type\" content=\"article\" \/>\n<meta property=\"og:title\" content=\"NAKRAPIACZ SZCZOTKA P\u0118DZEL CHLAPAK MURARSKI - BOBIMARKET.pl - Remontuj i urz\u0105dzaj z nami\" \/>\n<meta property=\"og:description\" content=\"NAKRAPIACZ SZCZOTKA P\u0118DZEL CHLAPAK MURARSKI Dane techniczne: Szeroko\u015b\u0107: 180 mm Grubo\u015b\u0107: 55 mm D\u0142ugo\u015b\u0107 nabicia: 70 mm Materia\u0142 w\u0142osia: w\u0142\u00f3kno polipropylenowe i koks Materia\u0142 oprawy: drewno bukowe lakierowane Trzonek: tworzywo sztuczne Solidny i praktyczny chlapacz murarski. Wyposa\u017cony w wygodn\u0105, plastikow\u0105 r\u0119koje\u015b\u0107. Materia\u0142 wykonania trzonka i korpusu zapewnia d\u0142ugotrwa\u0142e u\u017cytkowanie bez wi\u0119kszych problem\u00f3w. Ergonomiczna r\u0105czka pozwala     Czytaj wi\u0119cej &quot;NAKRAPIACZ SZCZOTKA P\u0118DZEL CHLAPAK MURARSKI&quot;\" \/>\n<meta property=\"og:url\" content=\"https:\/\/bobimarket.pl\/index.php\/produkt\/nakrapiacz-szczotka-pedzel-chlapak-murarski\/\" \/>\n<meta property=\"og:site_name\" content=\"BOBIMARKET.pl - Remontuj i urz\u0105dzaj z nami\" \/>\n<meta property=\"article:modified_time\" content=\"2025-02-27T14:48:29+00:00\" \/>\n<meta property=\"og:image\" content=\"https:\/\/upload.cdn.baselinker.com\/products\/14476\/fed7177bc2d7f4635bb54f54a1f178a1.jpg\" \/>\n<meta name=\"twitter:card\" content=\"summary_large_image\" \/>\n<script type=\"application\/ld+json\" class=\"yoast-schema-graph\">{\"@context\":\"https:\/\/schema.org\",\"@graph\":[{\"@type\":\"WebPage\",\"@id\":\"https:\/\/bobimarket.pl\/index.php\/produkt\/nakrapiacz-szczotka-pedzel-chlapak-murarski\/\",\"url\":\"https:\/\/bobimarket.pl\/index.php\/produkt\/nakrapiacz-szczotka-pedzel-chlapak-murarski\/\",\"name\":\"NAKRAPIACZ SZCZOTKA P\u0118DZEL CHLAPAK MURARSKI - BOBIMARKET.pl - Remontuj i urz\u0105dzaj z nami\",\"isPartOf\":{\"@id\":\"https:\/\/bobimarket.pl\/#website\"},\"datePublished\":\"2023-08-30T00:04:38+00:00\",\"dateModified\":\"2025-02-27T14:48:29+00:00\",\"breadcrumb\":{\"@id\":\"https:\/\/bobimarket.pl\/index.php\/produkt\/nakrapiacz-szczotka-pedzel-chlapak-murarski\/#breadcrumb\"},\"inLanguage\":\"pl-PL\",\"potentialAction\":[{\"@type\":\"ReadAction\",\"target\":[\"https:\/\/bobimarket.pl\/index.php\/produkt\/nakrapiacz-szczotka-pedzel-chlapak-murarski\/\"]}]},{\"@type\":\"BreadcrumbList\",\"@id\":\"https:\/\/bobimarket.pl\/index.php\/produkt\/nakrapiacz-szczotka-pedzel-chlapak-murarski\/#breadcrumb\",\"itemListElement\":[{\"@type\":\"ListItem\",\"position\":1,\"name\":\"Strona g\u0142\u00f3wna\",\"item\":\"https:\/\/bobimarket.pl\/\"},{\"@type\":\"ListItem\",\"position\":2,\"name\":\"Sklep\",\"item\":\"https:\/\/bobimarket.pl\/index.php\/shop\/\"},{\"@type\":\"ListItem\",\"position\":3,\"name\":\"NAKRAPIACZ SZCZOTKA P\u0118DZEL CHLAPAK MURARSKI\"}]},{\"@type\":\"WebSite\",\"@id\":\"https:\/\/bobimarket.pl\/#website\",\"url\":\"https:\/\/bobimarket.pl\/\",\"name\":\"BOBIMARKET.pl - Remontuj i urz\u0105dzaj z nami\",\"description\":\"Remontuj i urz\u0105dzaj z nami\",\"publisher\":{\"@id\":\"https:\/\/bobimarket.pl\/#organization\"},\"potentialAction\":[{\"@type\":\"SearchAction\",\"target\":{\"@type\":\"EntryPoint\",\"urlTemplate\":\"https:\/\/bobimarket.pl\/?s={search_term_string}\"},\"query-input\":\"required name=search_term_string\"}],\"inLanguage\":\"pl-PL\"},{\"@type\":\"Organization\",\"@id\":\"https:\/\/bobimarket.pl\/#organization\",\"name\":\"BOBIMARKET.pl\",\"url\":\"https:\/\/bobimarket.pl\/\",\"logo\":{\"@type\":\"ImageObject\",\"inLanguage\":\"pl-PL\",\"@id\":\"https:\/\/bobimarket.pl\/#\/schema\/logo\/image\/\",\"url\":\"https:\/\/bobimarket.pl\/wp-content\/uploads\/2021\/11\/slogan.png\",\"contentUrl\":\"https:\/\/bobimarket.pl\/wp-content\/uploads\/2021\/11\/slogan.png\",\"width\":2000,\"height\":384,\"caption\":\"BOBIMARKET.pl\"},\"image\":{\"@id\":\"https:\/\/bobimarket.pl\/#\/schema\/logo\/image\/\"}}]}<\/script>\n<!-- \/ Yoast SEO plugin. -->","yoast_head_json":{"title":"NAKRAPIACZ SZCZOTKA P\u0118DZEL CHLAPAK MURARSKI - BOBIMARKET.pl - Remontuj i urz\u0105dzaj z nami","robots":{"index":"index","follow":"follow","max-snippet":"max-snippet:-1","max-image-preview":"max-image-preview:large","max-video-preview":"max-video-preview:-1"},"canonical":"https:\/\/bobimarket.pl\/index.php\/produkt\/nakrapiacz-szczotka-pedzel-chlapak-murarski\/","og_locale":"pl_PL","og_type":"article","og_title":"NAKRAPIACZ SZCZOTKA P\u0118DZEL CHLAPAK MURARSKI - BOBIMARKET.pl - Remontuj i urz\u0105dzaj z nami","og_description":"NAKRAPIACZ SZCZOTKA P\u0118DZEL CHLAPAK MURARSKI Dane techniczne: Szeroko\u015b\u0107: 180 mm Grubo\u015b\u0107: 55 mm D\u0142ugo\u015b\u0107 nabicia: 70 mm Materia\u0142 w\u0142osia: w\u0142\u00f3kno polipropylenowe i koks Materia\u0142 oprawy: drewno bukowe lakierowane Trzonek: tworzywo sztuczne Solidny i praktyczny chlapacz murarski. Wyposa\u017cony w wygodn\u0105, plastikow\u0105 r\u0119koje\u015b\u0107. Materia\u0142 wykonania trzonka i korpusu zapewnia d\u0142ugotrwa\u0142e u\u017cytkowanie bez wi\u0119kszych problem\u00f3w. Ergonomiczna r\u0105czka pozwala     Czytaj wi\u0119cej \"NAKRAPIACZ SZCZOTKA P\u0118DZEL CHLAPAK MURARSKI\"","og_url":"https:\/\/bobimarket.pl\/index.php\/produkt\/nakrapiacz-szczotka-pedzel-chlapak-murarski\/","og_site_name":"BOBIMARKET.pl - Remontuj i urz\u0105dzaj z nami","article_modified_time":"2025-02-27T14:48:29+00:00","og_image":[{"url":"https:\/\/upload.cdn.baselinker.com\/products\/14476\/fed7177bc2d7f4635bb54f54a1f178a1.jpg"}],"twitter_card":"summary_large_image","schema":{"@context":"https:\/\/schema.org","@graph":[{"@type":"WebPage","@id":"https:\/\/bobimarket.pl\/index.php\/produkt\/nakrapiacz-szczotka-pedzel-chlapak-murarski\/","url":"https:\/\/bobimarket.pl\/index.php\/produkt\/nakrapiacz-szczotka-pedzel-chlapak-murarski\/","name":"NAKRAPIACZ SZCZOTKA P\u0118DZEL CHLAPAK MURARSKI - BOBIMARKET.pl - Remontuj i urz\u0105dzaj z nami","isPartOf":{"@id":"https:\/\/bobimarket.pl\/#website"},"datePublished":"2023-08-30T00:04:38+00:00","dateModified":"2025-02-27T14:48:29+00:00","breadcrumb":{"@id":"https:\/\/bobimarket.pl\/index.php\/produkt\/nakrapiacz-szczotka-pedzel-chlapak-murarski\/#breadcrumb"},"inLanguage":"pl-PL","potentialAction":[{"@type":"ReadAction","target":["https:\/\/bobimarket.pl\/index.php\/produkt\/nakrapiacz-szczotka-pedzel-chlapak-murarski\/"]}]},{"@type":"BreadcrumbList","@id":"https:\/\/bobimarket.pl\/index.php\/produkt\/nakrapiacz-szczotka-pedzel-chlapak-murarski\/#breadcrumb","itemListElement":[{"@type":"ListItem","position":1,"name":"Strona g\u0142\u00f3wna","item":"https:\/\/bobimarket.pl\/"},{"@type":"ListItem","position":2,"name":"Sklep","item":"https:\/\/bobimarket.pl\/index.php\/shop\/"},{"@type":"ListItem","position":3,"name":"NAKRAPIACZ SZCZOTKA P\u0118DZEL CHLAPAK MURARSKI"}]},{"@type":"WebSite","@id":"https:\/\/bobimarket.pl\/#website","url":"https:\/\/bobimarket.pl\/","name":"BOBIMARKET.pl - Remontuj i urz\u0105dzaj z nami","description":"Remontuj i urz\u0105dzaj z nami","publisher":{"@id":"https:\/\/bobimarket.pl\/#organization"},"potentialAction":[{"@type":"SearchAction","target":{"@type":"EntryPoint","urlTemplate":"https:\/\/bobimarket.pl\/?s={search_term_string}"},"query-input":"required name=search_term_string"}],"inLanguage":"pl-PL"},{"@type":"Organization","@id":"https:\/\/bobimarket.pl\/#organization","name":"BOBIMARKET.pl","url":"https:\/\/bobimarket.pl\/","logo":{"@type":"ImageObject","inLanguage":"pl-PL","@id":"https:\/\/bobimarket.pl\/#\/schema\/logo\/image\/","url":"https:\/\/bobimarket.pl\/wp-content\/uploads\/2021\/11\/slogan.png","contentUrl":"https:\/\/bobimarket.pl\/wp-content\/uploads\/2021\/11\/slogan.png","width":2000,"height":384,"caption":"BOBIMARKET.pl"},"image":{"@id":"https:\/\/bobimarket.pl\/#\/schema\/logo\/image\/"}}]}},"_links":{"self":[{"href":"https:\/\/bobimarket.pl\/index.php\/wp-json\/wp\/v2\/product\/86655"}],"collection":[{"href":"https:\/\/bobimarket.pl\/index.php\/wp-json\/wp\/v2\/product"}],"about":[{"href":"https:\/\/bobimarket.pl\/index.php\/wp-json\/wp\/v2\/types\/product"}],"wp:featuredmedia":[{"embeddable":true,"href":"https:\/\/bobimarket.pl\/index.php\/wp-json\/wp\/v2\/media\/86652"}],"wp:attachment":[{"href":"https:\/\/bobimarket.pl\/index.php\/wp-json\/wp\/v2\/media?parent=86655"}],"wp:term":[{"taxonomy":"product_cat","embeddable":true,"href":"https:\/\/bobimarket.pl\/index.php\/wp-json\/wp\/v2\/product_cat?post=86655"},{"taxonomy":"product_tag","embeddable":true,"href":"https:\/\/bobimarket.pl\/index.php\/wp-json\/wp\/v2\/product_tag?post=86655"}],"curies":[{"name":"wp","href":"https:\/\/api.w.org\/{rel}","templated":true}]}}