{"id":86707,"date":"2023-08-30T00:08:23","date_gmt":"2023-08-30T00:08:23","guid":{"rendered":"https:\/\/bobimarket.pl\/index.php\/produkt\/miotla-szczotka-szczecina-40-cm-zamiatacz\/"},"modified":"2025-02-27T14:49:18","modified_gmt":"2025-02-27T14:49:18","slug":"miotla-szczotka-szczecina-40-cm-zamiatacz","status":"publish","type":"product","link":"https:\/\/bobimarket.pl\/index.php\/produkt\/miotla-szczotka-szczecina-40-cm-zamiatacz\/","title":{"rendered":"MIOT\u0141A SZCZOTKA SZCZECINA 40 CM ZAMIATACZ"},"content":{"rendered":"<section class=\"section\">\n<div class=\"item item-6\">\n<section class=\"image-item\">\n            <img decoding=\"async\" src=\"https:\/\/upload.cdn.baselinker.com\/products\/14476\/52717459cca1586d1b762bdc6ab8722c.jpg\" \/><br \/>\n        <\/section>\n<\/p><\/div>\n<div class=\"item item-6\">\n<section class=\"text-item\">\n<h2>MIOT\u0141A SZCZOTKA SZCZECINA 40 CM ZAMIATACZ<\/h2>\n<p><b>Dane techniczne:<\/b><\/p>\n<ul>\n<li>Rozmiar: <b>40CM<\/b><\/li>\n<li>W\u0142osie: <b>g\u0119ste<\/b>, <b>naturalna szczecina<\/b><\/li>\n<li><b>PRODUKT POLSKI<\/b><\/li>\n<\/ul>\n<\/section><\/div>\n<\/section>\n<section class=\"section\">\n<div class=\"item item-6\">\n<section class=\"image-item\">\n            <img decoding=\"async\" src=\"https:\/\/upload.cdn.baselinker.com\/products\/14476\/c0ea328ba9f19de41085cbfbd5215cd4.jpg\" \/><br \/>\n        <\/section>\n<\/p><\/div>\n<div class=\"item item-6\">\n<section class=\"text-item\">\n<ul>\n<li>Szczotka wykonana z naturalnej szczeciny.<\/li>\n<li>Posiada gwintowane wej\u015bcie na kij\/trzon<\/li>\n<li>Bardzo dok\u0142adna.<\/li>\n<\/ul>\n<p><b>\u2705 Zastosowanie:<\/b><\/p>\n<p>Szczotka jest przeznaczoba do zamiatania<\/p>\n<ul>\n<li>na ulicach<\/li>\n<li>chodnikach<\/li>\n<li>gospodarstwach domowych<\/li>\n<li>magazynach i halach produkcyjnych<\/li>\n<\/ul>\n<\/section><\/div>\n<\/section>\n<section class=\"section\">\n<div class=\"item item-12\">\n<section class=\"image-item\">\n            <img decoding=\"async\" src=\"https:\/\/upload.cdn.baselinker.com\/products\/14476\/52717459cca1586d1b762bdc6ab8722c.jpg\" \/><br \/>\n        <\/section>\n<\/p><\/div>\n<\/section>\n","protected":false},"excerpt":{"rendered":"<p>MIOT\u0141A SZCZOTKA SZCZECINA 40 CM ZAMIATACZ Dane techniczne: Rozmiar: 40CM W\u0142osie: g\u0119ste, naturalna szczecina PRODUKT POLSKI Szczotka wykonana z naturalnej szczeciny. Posiada gwintowane wej\u015bcie na kij\/trzon Bardzo dok\u0142adna. \u2705 Zastosowanie: Szczotka jest przeznaczoba do zamiatania na ulicach chodnikach gospodarstwach domowych magazynach i halach produkcyjnych<\/p>\n","protected":false},"featured_media":86704,"template":"","meta":[],"product_cat":[8304],"product_tag":[],"yoast_head":"<!-- This site is optimized with the Yoast SEO plugin v21.0 - https:\/\/yoast.com\/wordpress\/plugins\/seo\/ -->\n<title>MIOT\u0141A SZCZOTKA SZCZECINA 40 CM ZAMIATACZ - BOBIMARKET.pl - Remontuj i urz\u0105dzaj z nami<\/title>\n<meta name=\"robots\" content=\"index, follow, max-snippet:-1, max-image-preview:large, max-video-preview:-1\" \/>\n<link rel=\"canonical\" href=\"https:\/\/bobimarket.pl\/index.php\/produkt\/miotla-szczotka-szczecina-40-cm-zamiatacz\/\" \/>\n<meta property=\"og:locale\" content=\"pl_PL\" \/>\n<meta property=\"og:type\" content=\"article\" \/>\n<meta property=\"og:title\" content=\"MIOT\u0141A SZCZOTKA SZCZECINA 40 CM ZAMIATACZ - BOBIMARKET.pl - Remontuj i urz\u0105dzaj z nami\" \/>\n<meta property=\"og:description\" content=\"MIOT\u0141A SZCZOTKA SZCZECINA 40 CM ZAMIATACZ Dane techniczne: Rozmiar: 40CM W\u0142osie: g\u0119ste, naturalna szczecina PRODUKT POLSKI Szczotka wykonana z naturalnej szczeciny. Posiada gwintowane wej\u015bcie na kij\/trzon Bardzo dok\u0142adna. \u2705 Zastosowanie: Szczotka jest przeznaczoba do zamiatania na ulicach chodnikach gospodarstwach domowych magazynach i halach produkcyjnych\" \/>\n<meta property=\"og:url\" content=\"https:\/\/bobimarket.pl\/index.php\/produkt\/miotla-szczotka-szczecina-40-cm-zamiatacz\/\" \/>\n<meta property=\"og:site_name\" content=\"BOBIMARKET.pl - Remontuj i urz\u0105dzaj z nami\" \/>\n<meta property=\"article:modified_time\" content=\"2025-02-27T14:49:18+00:00\" \/>\n<meta property=\"og:image\" content=\"https:\/\/upload.cdn.baselinker.com\/products\/14476\/52717459cca1586d1b762bdc6ab8722c.jpg\" \/>\n<meta name=\"twitter:card\" content=\"summary_large_image\" \/>\n<script type=\"application\/ld+json\" class=\"yoast-schema-graph\">{\"@context\":\"https:\/\/schema.org\",\"@graph\":[{\"@type\":\"WebPage\",\"@id\":\"https:\/\/bobimarket.pl\/index.php\/produkt\/miotla-szczotka-szczecina-40-cm-zamiatacz\/\",\"url\":\"https:\/\/bobimarket.pl\/index.php\/produkt\/miotla-szczotka-szczecina-40-cm-zamiatacz\/\",\"name\":\"MIOT\u0141A SZCZOTKA SZCZECINA 40 CM ZAMIATACZ - BOBIMARKET.pl - Remontuj i urz\u0105dzaj z nami\",\"isPartOf\":{\"@id\":\"https:\/\/bobimarket.pl\/#website\"},\"datePublished\":\"2023-08-30T00:08:23+00:00\",\"dateModified\":\"2025-02-27T14:49:18+00:00\",\"breadcrumb\":{\"@id\":\"https:\/\/bobimarket.pl\/index.php\/produkt\/miotla-szczotka-szczecina-40-cm-zamiatacz\/#breadcrumb\"},\"inLanguage\":\"pl-PL\",\"potentialAction\":[{\"@type\":\"ReadAction\",\"target\":[\"https:\/\/bobimarket.pl\/index.php\/produkt\/miotla-szczotka-szczecina-40-cm-zamiatacz\/\"]}]},{\"@type\":\"BreadcrumbList\",\"@id\":\"https:\/\/bobimarket.pl\/index.php\/produkt\/miotla-szczotka-szczecina-40-cm-zamiatacz\/#breadcrumb\",\"itemListElement\":[{\"@type\":\"ListItem\",\"position\":1,\"name\":\"Strona g\u0142\u00f3wna\",\"item\":\"https:\/\/bobimarket.pl\/\"},{\"@type\":\"ListItem\",\"position\":2,\"name\":\"Sklep\",\"item\":\"https:\/\/bobimarket.pl\/index.php\/shop\/\"},{\"@type\":\"ListItem\",\"position\":3,\"name\":\"MIOT\u0141A SZCZOTKA SZCZECINA 40 CM ZAMIATACZ\"}]},{\"@type\":\"WebSite\",\"@id\":\"https:\/\/bobimarket.pl\/#website\",\"url\":\"https:\/\/bobimarket.pl\/\",\"name\":\"BOBIMARKET.pl - Remontuj i urz\u0105dzaj z nami\",\"description\":\"Remontuj i urz\u0105dzaj z nami\",\"publisher\":{\"@id\":\"https:\/\/bobimarket.pl\/#organization\"},\"potentialAction\":[{\"@type\":\"SearchAction\",\"target\":{\"@type\":\"EntryPoint\",\"urlTemplate\":\"https:\/\/bobimarket.pl\/?s={search_term_string}\"},\"query-input\":\"required name=search_term_string\"}],\"inLanguage\":\"pl-PL\"},{\"@type\":\"Organization\",\"@id\":\"https:\/\/bobimarket.pl\/#organization\",\"name\":\"BOBIMARKET.pl\",\"url\":\"https:\/\/bobimarket.pl\/\",\"logo\":{\"@type\":\"ImageObject\",\"inLanguage\":\"pl-PL\",\"@id\":\"https:\/\/bobimarket.pl\/#\/schema\/logo\/image\/\",\"url\":\"https:\/\/bobimarket.pl\/wp-content\/uploads\/2021\/11\/slogan.png\",\"contentUrl\":\"https:\/\/bobimarket.pl\/wp-content\/uploads\/2021\/11\/slogan.png\",\"width\":2000,\"height\":384,\"caption\":\"BOBIMARKET.pl\"},\"image\":{\"@id\":\"https:\/\/bobimarket.pl\/#\/schema\/logo\/image\/\"}}]}<\/script>\n<!-- \/ Yoast SEO plugin. -->","yoast_head_json":{"title":"MIOT\u0141A SZCZOTKA SZCZECINA 40 CM ZAMIATACZ - BOBIMARKET.pl - Remontuj i urz\u0105dzaj z nami","robots":{"index":"index","follow":"follow","max-snippet":"max-snippet:-1","max-image-preview":"max-image-preview:large","max-video-preview":"max-video-preview:-1"},"canonical":"https:\/\/bobimarket.pl\/index.php\/produkt\/miotla-szczotka-szczecina-40-cm-zamiatacz\/","og_locale":"pl_PL","og_type":"article","og_title":"MIOT\u0141A SZCZOTKA SZCZECINA 40 CM ZAMIATACZ - BOBIMARKET.pl - Remontuj i urz\u0105dzaj z nami","og_description":"MIOT\u0141A SZCZOTKA SZCZECINA 40 CM ZAMIATACZ Dane techniczne: Rozmiar: 40CM W\u0142osie: g\u0119ste, naturalna szczecina PRODUKT POLSKI Szczotka wykonana z naturalnej szczeciny. Posiada gwintowane wej\u015bcie na kij\/trzon Bardzo dok\u0142adna. \u2705 Zastosowanie: Szczotka jest przeznaczoba do zamiatania na ulicach chodnikach gospodarstwach domowych magazynach i halach produkcyjnych","og_url":"https:\/\/bobimarket.pl\/index.php\/produkt\/miotla-szczotka-szczecina-40-cm-zamiatacz\/","og_site_name":"BOBIMARKET.pl - Remontuj i urz\u0105dzaj z nami","article_modified_time":"2025-02-27T14:49:18+00:00","og_image":[{"url":"https:\/\/upload.cdn.baselinker.com\/products\/14476\/52717459cca1586d1b762bdc6ab8722c.jpg"}],"twitter_card":"summary_large_image","schema":{"@context":"https:\/\/schema.org","@graph":[{"@type":"WebPage","@id":"https:\/\/bobimarket.pl\/index.php\/produkt\/miotla-szczotka-szczecina-40-cm-zamiatacz\/","url":"https:\/\/bobimarket.pl\/index.php\/produkt\/miotla-szczotka-szczecina-40-cm-zamiatacz\/","name":"MIOT\u0141A SZCZOTKA SZCZECINA 40 CM ZAMIATACZ - BOBIMARKET.pl - Remontuj i urz\u0105dzaj z nami","isPartOf":{"@id":"https:\/\/bobimarket.pl\/#website"},"datePublished":"2023-08-30T00:08:23+00:00","dateModified":"2025-02-27T14:49:18+00:00","breadcrumb":{"@id":"https:\/\/bobimarket.pl\/index.php\/produkt\/miotla-szczotka-szczecina-40-cm-zamiatacz\/#breadcrumb"},"inLanguage":"pl-PL","potentialAction":[{"@type":"ReadAction","target":["https:\/\/bobimarket.pl\/index.php\/produkt\/miotla-szczotka-szczecina-40-cm-zamiatacz\/"]}]},{"@type":"BreadcrumbList","@id":"https:\/\/bobimarket.pl\/index.php\/produkt\/miotla-szczotka-szczecina-40-cm-zamiatacz\/#breadcrumb","itemListElement":[{"@type":"ListItem","position":1,"name":"Strona g\u0142\u00f3wna","item":"https:\/\/bobimarket.pl\/"},{"@type":"ListItem","position":2,"name":"Sklep","item":"https:\/\/bobimarket.pl\/index.php\/shop\/"},{"@type":"ListItem","position":3,"name":"MIOT\u0141A SZCZOTKA SZCZECINA 40 CM ZAMIATACZ"}]},{"@type":"WebSite","@id":"https:\/\/bobimarket.pl\/#website","url":"https:\/\/bobimarket.pl\/","name":"BOBIMARKET.pl - Remontuj i urz\u0105dzaj z nami","description":"Remontuj i urz\u0105dzaj z nami","publisher":{"@id":"https:\/\/bobimarket.pl\/#organization"},"potentialAction":[{"@type":"SearchAction","target":{"@type":"EntryPoint","urlTemplate":"https:\/\/bobimarket.pl\/?s={search_term_string}"},"query-input":"required name=search_term_string"}],"inLanguage":"pl-PL"},{"@type":"Organization","@id":"https:\/\/bobimarket.pl\/#organization","name":"BOBIMARKET.pl","url":"https:\/\/bobimarket.pl\/","logo":{"@type":"ImageObject","inLanguage":"pl-PL","@id":"https:\/\/bobimarket.pl\/#\/schema\/logo\/image\/","url":"https:\/\/bobimarket.pl\/wp-content\/uploads\/2021\/11\/slogan.png","contentUrl":"https:\/\/bobimarket.pl\/wp-content\/uploads\/2021\/11\/slogan.png","width":2000,"height":384,"caption":"BOBIMARKET.pl"},"image":{"@id":"https:\/\/bobimarket.pl\/#\/schema\/logo\/image\/"}}]}},"_links":{"self":[{"href":"https:\/\/bobimarket.pl\/index.php\/wp-json\/wp\/v2\/product\/86707"}],"collection":[{"href":"https:\/\/bobimarket.pl\/index.php\/wp-json\/wp\/v2\/product"}],"about":[{"href":"https:\/\/bobimarket.pl\/index.php\/wp-json\/wp\/v2\/types\/product"}],"wp:featuredmedia":[{"embeddable":true,"href":"https:\/\/bobimarket.pl\/index.php\/wp-json\/wp\/v2\/media\/86704"}],"wp:attachment":[{"href":"https:\/\/bobimarket.pl\/index.php\/wp-json\/wp\/v2\/media?parent=86707"}],"wp:term":[{"taxonomy":"product_cat","embeddable":true,"href":"https:\/\/bobimarket.pl\/index.php\/wp-json\/wp\/v2\/product_cat?post=86707"},{"taxonomy":"product_tag","embeddable":true,"href":"https:\/\/bobimarket.pl\/index.php\/wp-json\/wp\/v2\/product_tag?post=86707"}],"curies":[{"name":"wp","href":"https:\/\/api.w.org\/{rel}","templated":true}]}}