{"id":86758,"date":"2023-08-30T00:13:27","date_gmt":"2023-08-30T00:13:27","guid":{"rendered":"https:\/\/bobimarket.pl\/index.php\/produkt\/tasma-malarska-papierowa-maskujaca-38mmx50m\/"},"modified":"2025-06-24T07:33:38","modified_gmt":"2025-06-24T07:33:38","slug":"tasma-malarska-papierowa-maskujaca-38mmx50m","status":"publish","type":"product","link":"https:\/\/bobimarket.pl\/index.php\/produkt\/tasma-malarska-papierowa-maskujaca-38mmx50m\/","title":{"rendered":"TA\u015aMA MALARSKA PAPIEROWA MASKUJ\u0104CA 38MMX50M"},"content":{"rendered":"<section class=\"section\">\n<div class=\"item item-6\">\n<section class=\"image-item\">\n                <img decoding=\"async\" src=\"https:\/\/upload.cdn.baselinker.com\/products\/14476\/0e9e692b85e015f7e18dd3209688e5d3.jpg\" \/><br \/>\n            <\/section>\n<\/p><\/div>\n<div class=\"item item-6\">\n<section class=\"text-item\">\n<h1>TA\u015aMA MALARSKA PAPIEROWA \u017b\u00d3\u0141TA 38 MM x 50 M<\/h1>\n<p><b>Dane techniczne:<\/b><\/p>\n<ul>\n<li>Szeroko\u015b\u0107: <b>38<\/b><b>mm<\/b><\/li>\n<li>D\u0142ugo\u015b\u0107: <b>50 metr\u00f3w<\/b><\/li>\n<li>Materia\u0142 wykonania: <b>Papier<\/b><\/li>\n<li>Kolor: <b>\u017b\u00f3\u0142ty<\/b><\/li>\n<\/ul>\n<\/section><\/div>\n<\/section>\n<section class=\"section\">\n<div class=\"item item-6\">\n<section class=\"image-item\">\n                <img decoding=\"async\" src=\"https:\/\/upload.cdn.baselinker.com\/products\/14476\/da4b15f28f0610120828584245bcedcb.jpg\" \/><br \/>\n            <\/section>\n<\/p><\/div>\n<div class=\"item item-6\">\n<section class=\"text-item\">\n<p>Produkt wykonany z papieru dobrze przylega do g\u0142adkiego pod\u0142o\u017ca, pozwalaj\u0105c Ci na swobodne wykonywanie prac malarskich. Ta\u015bma jest bardzo d\u0142uga wystarczy do oklejenia wielu r\u00f3\u017cnych powierzchni.<\/p>\n<p><b>\u2705 ZASTOSOWANIE:<\/b><\/p>\n<p>Prezentowana ta\u015bma malarska pos\u0142u\u017cy Ci do oklejenia:<\/p>\n<ul>\n<li>brzeg\u00f3w parapet\u00f3w<\/li>\n<li>p\u00f3\u0142ek<\/li>\n<li>gniazd elektrycznych<\/li>\n<li>lamp<\/li>\n<\/ul>\n<p>Mo\u017cesz r\u00f3wnie\u017c wykorzysta\u0107 j\u0105 do przymocowania ochronnej folii do mebli.<\/p>\n<p>\u2705 UWAGA! Aby ta\u015bma spe\u0142ni\u0142a swoje zadanie, przed jej u\u017cyciem sprawd\u017a kilka szczeg\u00f3\u0142\u00f3w!<\/p>\n<ul>\n<li><b>Przetestuj ta\u015bm\u0119<\/b> na powierzchni przed jej u\u017cyciem (bezwzgl\u0119dnie zalecane).<\/li>\n<li><b>Zadbaj, aby powierzchnia<\/b>, na kt\u00f3r\u0105 b\u0119dzie naklejana ta\u015bma by\u0142a czysta, sucha, wolna od t\u0142uszczu, oleju, wilgoci, brudu lub innych zanieczyszcze\u0144.<\/li>\n<\/ul>\n<\/section><\/div>\n<\/section>\n<section class=\"section\">\n<div class=\"item item-12\">\n<section class=\"image-item\">\n                <img decoding=\"async\" src=\"https:\/\/upload.cdn.baselinker.com\/products\/14476\/bd20e197ec6c5abf3ffe4a6c8c96bbb9.jpg\" \/><br \/>\n            <\/section>\n<\/p><\/div>\n<\/section>\n","protected":false},"excerpt":{"rendered":"<p>TA\u015aMA MALARSKA PAPIEROWA \u017b\u00d3\u0141TA 38 MM x 50 M Dane techniczne: Szeroko\u015b\u0107: 38mm D\u0142ugo\u015b\u0107: 50 metr\u00f3w Materia\u0142 wykonania: Papier Kolor: \u017b\u00f3\u0142ty Produkt wykonany z papieru dobrze przylega do g\u0142adkiego pod\u0142o\u017ca, pozwalaj\u0105c Ci na swobodne wykonywanie prac malarskich. Ta\u015bma jest bardzo d\u0142uga wystarczy do oklejenia wielu r\u00f3\u017cnych powierzchni. \u2705 ZASTOSOWANIE: Prezentowana ta\u015bma malarska pos\u0142u\u017cy Ci do<br \/><a class=\"more-link\" href=\"https:\/\/bobimarket.pl\/index.php\/produkt\/tasma-malarska-papierowa-maskujaca-38mmx50m\/\"><br \/>\n        Czytaj wi\u0119cej<span class=\"screen-reader-text\"> &#8222;TA\u015aMA MALARSKA PAPIEROWA MASKUJ\u0104CA 38MMX50M&#8221;<\/span><\/a><\/p>\n","protected":false},"featured_media":86754,"template":"","meta":[],"product_cat":[8268],"product_tag":[],"yoast_head":"<!-- This site is optimized with the Yoast SEO plugin v21.0 - https:\/\/yoast.com\/wordpress\/plugins\/seo\/ -->\n<title>TA\u015aMA MALARSKA PAPIEROWA MASKUJ\u0104CA 38MMX50M - BOBIMARKET.pl - Remontuj i urz\u0105dzaj z nami<\/title>\n<meta name=\"robots\" content=\"index, follow, max-snippet:-1, max-image-preview:large, max-video-preview:-1\" \/>\n<link rel=\"canonical\" href=\"https:\/\/bobimarket.pl\/index.php\/produkt\/tasma-malarska-papierowa-maskujaca-38mmx50m\/\" \/>\n<meta property=\"og:locale\" content=\"pl_PL\" \/>\n<meta property=\"og:type\" content=\"article\" \/>\n<meta property=\"og:title\" content=\"TA\u015aMA MALARSKA PAPIEROWA MASKUJ\u0104CA 38MMX50M - BOBIMARKET.pl - Remontuj i urz\u0105dzaj z nami\" \/>\n<meta property=\"og:description\" content=\"TA\u015aMA MALARSKA PAPIEROWA \u017b\u00d3\u0141TA 38 MM x 50 M Dane techniczne: Szeroko\u015b\u0107: 38mm D\u0142ugo\u015b\u0107: 50 metr\u00f3w Materia\u0142 wykonania: Papier Kolor: \u017b\u00f3\u0142ty Produkt wykonany z papieru dobrze przylega do g\u0142adkiego pod\u0142o\u017ca, pozwalaj\u0105c Ci na swobodne wykonywanie prac malarskich. Ta\u015bma jest bardzo d\u0142uga wystarczy do oklejenia wielu r\u00f3\u017cnych powierzchni. \u2705 ZASTOSOWANIE: Prezentowana ta\u015bma malarska pos\u0142u\u017cy Ci do     Czytaj wi\u0119cej &quot;TA\u015aMA MALARSKA PAPIEROWA MASKUJ\u0104CA 38MMX50M&quot;\" \/>\n<meta property=\"og:url\" content=\"https:\/\/bobimarket.pl\/index.php\/produkt\/tasma-malarska-papierowa-maskujaca-38mmx50m\/\" \/>\n<meta property=\"og:site_name\" content=\"BOBIMARKET.pl - Remontuj i urz\u0105dzaj z nami\" \/>\n<meta property=\"article:modified_time\" content=\"2025-06-24T07:33:38+00:00\" \/>\n<meta property=\"og:image\" content=\"https:\/\/upload.cdn.baselinker.com\/products\/14476\/0e9e692b85e015f7e18dd3209688e5d3.jpg\" \/>\n<meta name=\"twitter:card\" content=\"summary_large_image\" \/>\n<meta name=\"twitter:label1\" content=\"Szacowany czas czytania\" \/>\n\t<meta name=\"twitter:data1\" content=\"1 minuta\" \/>\n<script type=\"application\/ld+json\" class=\"yoast-schema-graph\">{\"@context\":\"https:\/\/schema.org\",\"@graph\":[{\"@type\":\"WebPage\",\"@id\":\"https:\/\/bobimarket.pl\/index.php\/produkt\/tasma-malarska-papierowa-maskujaca-38mmx50m\/\",\"url\":\"https:\/\/bobimarket.pl\/index.php\/produkt\/tasma-malarska-papierowa-maskujaca-38mmx50m\/\",\"name\":\"TA\u015aMA MALARSKA PAPIEROWA MASKUJ\u0104CA 38MMX50M - BOBIMARKET.pl - Remontuj i urz\u0105dzaj z nami\",\"isPartOf\":{\"@id\":\"https:\/\/bobimarket.pl\/#website\"},\"datePublished\":\"2023-08-30T00:13:27+00:00\",\"dateModified\":\"2025-06-24T07:33:38+00:00\",\"breadcrumb\":{\"@id\":\"https:\/\/bobimarket.pl\/index.php\/produkt\/tasma-malarska-papierowa-maskujaca-38mmx50m\/#breadcrumb\"},\"inLanguage\":\"pl-PL\",\"potentialAction\":[{\"@type\":\"ReadAction\",\"target\":[\"https:\/\/bobimarket.pl\/index.php\/produkt\/tasma-malarska-papierowa-maskujaca-38mmx50m\/\"]}]},{\"@type\":\"BreadcrumbList\",\"@id\":\"https:\/\/bobimarket.pl\/index.php\/produkt\/tasma-malarska-papierowa-maskujaca-38mmx50m\/#breadcrumb\",\"itemListElement\":[{\"@type\":\"ListItem\",\"position\":1,\"name\":\"Strona g\u0142\u00f3wna\",\"item\":\"https:\/\/bobimarket.pl\/\"},{\"@type\":\"ListItem\",\"position\":2,\"name\":\"Sklep\",\"item\":\"https:\/\/bobimarket.pl\/index.php\/shop\/\"},{\"@type\":\"ListItem\",\"position\":3,\"name\":\"TA\u015aMA MALARSKA PAPIEROWA MASKUJ\u0104CA 38MMX50M\"}]},{\"@type\":\"WebSite\",\"@id\":\"https:\/\/bobimarket.pl\/#website\",\"url\":\"https:\/\/bobimarket.pl\/\",\"name\":\"BOBIMARKET.pl - Remontuj i urz\u0105dzaj z nami\",\"description\":\"Remontuj i urz\u0105dzaj z nami\",\"publisher\":{\"@id\":\"https:\/\/bobimarket.pl\/#organization\"},\"potentialAction\":[{\"@type\":\"SearchAction\",\"target\":{\"@type\":\"EntryPoint\",\"urlTemplate\":\"https:\/\/bobimarket.pl\/?s={search_term_string}\"},\"query-input\":\"required name=search_term_string\"}],\"inLanguage\":\"pl-PL\"},{\"@type\":\"Organization\",\"@id\":\"https:\/\/bobimarket.pl\/#organization\",\"name\":\"BOBIMARKET.pl\",\"url\":\"https:\/\/bobimarket.pl\/\",\"logo\":{\"@type\":\"ImageObject\",\"inLanguage\":\"pl-PL\",\"@id\":\"https:\/\/bobimarket.pl\/#\/schema\/logo\/image\/\",\"url\":\"https:\/\/bobimarket.pl\/wp-content\/uploads\/2021\/11\/slogan.png\",\"contentUrl\":\"https:\/\/bobimarket.pl\/wp-content\/uploads\/2021\/11\/slogan.png\",\"width\":2000,\"height\":384,\"caption\":\"BOBIMARKET.pl\"},\"image\":{\"@id\":\"https:\/\/bobimarket.pl\/#\/schema\/logo\/image\/\"}}]}<\/script>\n<!-- \/ Yoast SEO plugin. -->","yoast_head_json":{"title":"TA\u015aMA MALARSKA PAPIEROWA MASKUJ\u0104CA 38MMX50M - BOBIMARKET.pl - Remontuj i urz\u0105dzaj z nami","robots":{"index":"index","follow":"follow","max-snippet":"max-snippet:-1","max-image-preview":"max-image-preview:large","max-video-preview":"max-video-preview:-1"},"canonical":"https:\/\/bobimarket.pl\/index.php\/produkt\/tasma-malarska-papierowa-maskujaca-38mmx50m\/","og_locale":"pl_PL","og_type":"article","og_title":"TA\u015aMA MALARSKA PAPIEROWA MASKUJ\u0104CA 38MMX50M - BOBIMARKET.pl - Remontuj i urz\u0105dzaj z nami","og_description":"TA\u015aMA MALARSKA PAPIEROWA \u017b\u00d3\u0141TA 38 MM x 50 M Dane techniczne: Szeroko\u015b\u0107: 38mm D\u0142ugo\u015b\u0107: 50 metr\u00f3w Materia\u0142 wykonania: Papier Kolor: \u017b\u00f3\u0142ty Produkt wykonany z papieru dobrze przylega do g\u0142adkiego pod\u0142o\u017ca, pozwalaj\u0105c Ci na swobodne wykonywanie prac malarskich. Ta\u015bma jest bardzo d\u0142uga wystarczy do oklejenia wielu r\u00f3\u017cnych powierzchni. \u2705 ZASTOSOWANIE: Prezentowana ta\u015bma malarska pos\u0142u\u017cy Ci do     Czytaj wi\u0119cej \"TA\u015aMA MALARSKA PAPIEROWA MASKUJ\u0104CA 38MMX50M\"","og_url":"https:\/\/bobimarket.pl\/index.php\/produkt\/tasma-malarska-papierowa-maskujaca-38mmx50m\/","og_site_name":"BOBIMARKET.pl - Remontuj i urz\u0105dzaj z nami","article_modified_time":"2025-06-24T07:33:38+00:00","og_image":[{"url":"https:\/\/upload.cdn.baselinker.com\/products\/14476\/0e9e692b85e015f7e18dd3209688e5d3.jpg"}],"twitter_card":"summary_large_image","twitter_misc":{"Szacowany czas czytania":"1 minuta"},"schema":{"@context":"https:\/\/schema.org","@graph":[{"@type":"WebPage","@id":"https:\/\/bobimarket.pl\/index.php\/produkt\/tasma-malarska-papierowa-maskujaca-38mmx50m\/","url":"https:\/\/bobimarket.pl\/index.php\/produkt\/tasma-malarska-papierowa-maskujaca-38mmx50m\/","name":"TA\u015aMA MALARSKA PAPIEROWA MASKUJ\u0104CA 38MMX50M - BOBIMARKET.pl - Remontuj i urz\u0105dzaj z nami","isPartOf":{"@id":"https:\/\/bobimarket.pl\/#website"},"datePublished":"2023-08-30T00:13:27+00:00","dateModified":"2025-06-24T07:33:38+00:00","breadcrumb":{"@id":"https:\/\/bobimarket.pl\/index.php\/produkt\/tasma-malarska-papierowa-maskujaca-38mmx50m\/#breadcrumb"},"inLanguage":"pl-PL","potentialAction":[{"@type":"ReadAction","target":["https:\/\/bobimarket.pl\/index.php\/produkt\/tasma-malarska-papierowa-maskujaca-38mmx50m\/"]}]},{"@type":"BreadcrumbList","@id":"https:\/\/bobimarket.pl\/index.php\/produkt\/tasma-malarska-papierowa-maskujaca-38mmx50m\/#breadcrumb","itemListElement":[{"@type":"ListItem","position":1,"name":"Strona g\u0142\u00f3wna","item":"https:\/\/bobimarket.pl\/"},{"@type":"ListItem","position":2,"name":"Sklep","item":"https:\/\/bobimarket.pl\/index.php\/shop\/"},{"@type":"ListItem","position":3,"name":"TA\u015aMA MALARSKA PAPIEROWA MASKUJ\u0104CA 38MMX50M"}]},{"@type":"WebSite","@id":"https:\/\/bobimarket.pl\/#website","url":"https:\/\/bobimarket.pl\/","name":"BOBIMARKET.pl - Remontuj i urz\u0105dzaj z nami","description":"Remontuj i urz\u0105dzaj z nami","publisher":{"@id":"https:\/\/bobimarket.pl\/#organization"},"potentialAction":[{"@type":"SearchAction","target":{"@type":"EntryPoint","urlTemplate":"https:\/\/bobimarket.pl\/?s={search_term_string}"},"query-input":"required name=search_term_string"}],"inLanguage":"pl-PL"},{"@type":"Organization","@id":"https:\/\/bobimarket.pl\/#organization","name":"BOBIMARKET.pl","url":"https:\/\/bobimarket.pl\/","logo":{"@type":"ImageObject","inLanguage":"pl-PL","@id":"https:\/\/bobimarket.pl\/#\/schema\/logo\/image\/","url":"https:\/\/bobimarket.pl\/wp-content\/uploads\/2021\/11\/slogan.png","contentUrl":"https:\/\/bobimarket.pl\/wp-content\/uploads\/2021\/11\/slogan.png","width":2000,"height":384,"caption":"BOBIMARKET.pl"},"image":{"@id":"https:\/\/bobimarket.pl\/#\/schema\/logo\/image\/"}}]}},"_links":{"self":[{"href":"https:\/\/bobimarket.pl\/index.php\/wp-json\/wp\/v2\/product\/86758"}],"collection":[{"href":"https:\/\/bobimarket.pl\/index.php\/wp-json\/wp\/v2\/product"}],"about":[{"href":"https:\/\/bobimarket.pl\/index.php\/wp-json\/wp\/v2\/types\/product"}],"wp:featuredmedia":[{"embeddable":true,"href":"https:\/\/bobimarket.pl\/index.php\/wp-json\/wp\/v2\/media\/86754"}],"wp:attachment":[{"href":"https:\/\/bobimarket.pl\/index.php\/wp-json\/wp\/v2\/media?parent=86758"}],"wp:term":[{"taxonomy":"product_cat","embeddable":true,"href":"https:\/\/bobimarket.pl\/index.php\/wp-json\/wp\/v2\/product_cat?post=86758"},{"taxonomy":"product_tag","embeddable":true,"href":"https:\/\/bobimarket.pl\/index.php\/wp-json\/wp\/v2\/product_tag?post=86758"}],"curies":[{"name":"wp","href":"https:\/\/api.w.org\/{rel}","templated":true}]}}