{"id":86915,"date":"2023-08-30T00:25:53","date_gmt":"2023-08-30T00:25:53","guid":{"rendered":"https:\/\/bobimarket.pl\/index.php\/produkt\/folia-malarska-gruba-budowlana-ochronna-4mx5m-1200\/"},"modified":"2025-02-27T14:52:43","modified_gmt":"2025-02-27T14:52:43","slug":"folia-malarska-gruba-budowlana-ochronna-4mx5m-1200","status":"publish","type":"product","link":"https:\/\/bobimarket.pl\/index.php\/produkt\/folia-malarska-gruba-budowlana-ochronna-4mx5m-1200\/","title":{"rendered":"FOLIA MALARSKA GRUBA BUDOWLANA OCHRONNA 4mX5m 1200"},"content":{"rendered":"<section class=\"section\">\n<div class=\"item item-6\">\n<section class=\"image-item\">\n            <img decoding=\"async\" src=\"https:\/\/upload.cdn.baselinker.com\/products\/14476\/3e65269e26edc76a241761f4837c9658.jpg\" \/><br \/>\n        <\/section>\n<\/p><\/div>\n<div class=\"item item-6\">\n<section class=\"text-item\">\n<h2>FOLIA MALARSKA GRUBA BUDOWLANA OCHRONNA 4mx5m 1200g<\/h2>\n<p><b>Dane techniczne:<\/b><\/p>\n<ul>\n<li>Rozmiar: <b>4mx5m=20M2<\/b><\/li>\n<li>Waga: <b>1200 g<\/b><\/li>\n<\/ul>\n<\/section><\/div>\n<\/section>\n<section class=\"section\">\n<div class=\"item item-6\">\n<section class=\"image-item\">\n            <img decoding=\"async\" src=\"https:\/\/upload.cdn.baselinker.com\/products\/14476\/2affd8e436d6c56b34cfe7645a71ed28.jpg\" \/><br \/>\n        <\/section>\n<\/p><\/div>\n<div class=\"item item-6\">\n<section class=\"text-item\">\n<p>Produkt zosta\u0142 wykonany z<b> polietylenu o du\u017cej g\u0119sto\u015bci<\/b>, kt\u00f3ry charakteryzuje si\u0119 wysok\u0105 odporno\u015bci\u0105 na dzia\u0142anie substancji chemicznych, dlatego b\u0119dziesz mia\u0142 pewno\u015b\u0107, \u017ce nie uszkodzi si\u0119 podczas u\u017cytkowania.<\/p>\n<p><b>\u2705 Zastosowanie:<\/b><\/p>\n<p>Folia znajdzie swoje zastosowanie w ka\u017cdym gospodarstwie domowym, gara\u017cu czy warsztacie.<\/p>\n<ul>\n<li>\u015awietnie sprawdzi si\u0119 podczas wykonywaniu r\u00f3\u017cnego rodzaju <b>prac remontowych oraz naprawczych.<\/b><\/li>\n<li>Po roz\u0142o\u017ceniu stanowi doskona\u0142e <b>zabezpieczenie przed <\/b>, <b>zachlapaniem farb\u0105<\/b>, szkodliwym dzia\u0142aniem wody oraz innymi zabrudzeniami, dzi\u0119ki czemu pokryte elementy po zako\u0144czeniu prac pozostan\u0105 w nienaruszonym stanie.<\/li>\n<\/ul>\n<\/section><\/div>\n<\/section>\n<section class=\"section\">\n<div class=\"item item-12\">\n<section class=\"text-item\">\n<p><b>W naszym asortymencie znajdziesz szeroki wyb\u00f3r produkt\u00f3w, kt\u00f3re umo\u017cliwi\u0105 Ci sprawne wykonanie r\u00f3\u017cnego rodzaju prac w bran\u017cy budowlanej.<\/b><\/p>\n<\/section><\/div>\n<\/section>\n<section class=\"section\">\n<div class=\"item item-12\">\n<section class=\"image-item\">\n            <img decoding=\"async\" src=\"https:\/\/upload.cdn.baselinker.com\/products\/14476\/91172d5bff068e8ece653ea6fdbd7275.jpg\" \/><br \/>\n        <\/section>\n<\/p><\/div>\n<\/section>\n","protected":false},"excerpt":{"rendered":"<p>FOLIA MALARSKA GRUBA BUDOWLANA OCHRONNA 4mx5m 1200g Dane techniczne: Rozmiar: 4mx5m=20M2 Waga: 1200 g Produkt zosta\u0142 wykonany z polietylenu o du\u017cej g\u0119sto\u015bci, kt\u00f3ry charakteryzuje si\u0119 wysok\u0105 odporno\u015bci\u0105 na dzia\u0142anie substancji chemicznych, dlatego b\u0119dziesz mia\u0142 pewno\u015b\u0107, \u017ce nie uszkodzi si\u0119 podczas u\u017cytkowania. \u2705 Zastosowanie: Folia znajdzie swoje zastosowanie w ka\u017cdym gospodarstwie domowym, gara\u017cu czy warsztacie. \u015awietnie<br \/><a class=\"more-link\" href=\"https:\/\/bobimarket.pl\/index.php\/produkt\/folia-malarska-gruba-budowlana-ochronna-4mx5m-1200\/\"><br \/>\n        Czytaj wi\u0119cej<span class=\"screen-reader-text\"> &#8222;FOLIA MALARSKA GRUBA BUDOWLANA OCHRONNA 4mX5m 1200&#8221;<\/span><\/a><\/p>\n","protected":false},"featured_media":86912,"template":"","meta":[],"product_cat":[8173],"product_tag":[],"yoast_head":"<!-- This site is optimized with the Yoast SEO plugin v21.0 - https:\/\/yoast.com\/wordpress\/plugins\/seo\/ -->\n<title>FOLIA MALARSKA GRUBA BUDOWLANA OCHRONNA 4mX5m 1200 - BOBIMARKET.pl - Remontuj i urz\u0105dzaj z nami<\/title>\n<meta name=\"robots\" content=\"index, follow, max-snippet:-1, max-image-preview:large, max-video-preview:-1\" \/>\n<link rel=\"canonical\" href=\"https:\/\/bobimarket.pl\/index.php\/produkt\/folia-malarska-gruba-budowlana-ochronna-4mx5m-1200\/\" \/>\n<meta property=\"og:locale\" content=\"pl_PL\" \/>\n<meta property=\"og:type\" content=\"article\" \/>\n<meta property=\"og:title\" content=\"FOLIA MALARSKA GRUBA BUDOWLANA OCHRONNA 4mX5m 1200 - BOBIMARKET.pl - Remontuj i urz\u0105dzaj z nami\" \/>\n<meta property=\"og:description\" content=\"FOLIA MALARSKA GRUBA BUDOWLANA OCHRONNA 4mx5m 1200g Dane techniczne: Rozmiar: 4mx5m=20M2 Waga: 1200 g Produkt zosta\u0142 wykonany z polietylenu o du\u017cej g\u0119sto\u015bci, kt\u00f3ry charakteryzuje si\u0119 wysok\u0105 odporno\u015bci\u0105 na dzia\u0142anie substancji chemicznych, dlatego b\u0119dziesz mia\u0142 pewno\u015b\u0107, \u017ce nie uszkodzi si\u0119 podczas u\u017cytkowania. \u2705 Zastosowanie: Folia znajdzie swoje zastosowanie w ka\u017cdym gospodarstwie domowym, gara\u017cu czy warsztacie. \u015awietnie     Czytaj wi\u0119cej &quot;FOLIA MALARSKA GRUBA BUDOWLANA OCHRONNA 4mX5m 1200&quot;\" \/>\n<meta property=\"og:url\" content=\"https:\/\/bobimarket.pl\/index.php\/produkt\/folia-malarska-gruba-budowlana-ochronna-4mx5m-1200\/\" \/>\n<meta property=\"og:site_name\" content=\"BOBIMARKET.pl - Remontuj i urz\u0105dzaj z nami\" \/>\n<meta property=\"article:modified_time\" content=\"2025-02-27T14:52:43+00:00\" \/>\n<meta property=\"og:image\" content=\"https:\/\/upload.cdn.baselinker.com\/products\/14476\/3e65269e26edc76a241761f4837c9658.jpg\" \/>\n<meta name=\"twitter:card\" content=\"summary_large_image\" \/>\n<meta name=\"twitter:label1\" content=\"Szacowany czas czytania\" \/>\n\t<meta name=\"twitter:data1\" content=\"1 minuta\" \/>\n<script type=\"application\/ld+json\" class=\"yoast-schema-graph\">{\"@context\":\"https:\/\/schema.org\",\"@graph\":[{\"@type\":\"WebPage\",\"@id\":\"https:\/\/bobimarket.pl\/index.php\/produkt\/folia-malarska-gruba-budowlana-ochronna-4mx5m-1200\/\",\"url\":\"https:\/\/bobimarket.pl\/index.php\/produkt\/folia-malarska-gruba-budowlana-ochronna-4mx5m-1200\/\",\"name\":\"FOLIA MALARSKA GRUBA BUDOWLANA OCHRONNA 4mX5m 1200 - BOBIMARKET.pl - Remontuj i urz\u0105dzaj z nami\",\"isPartOf\":{\"@id\":\"https:\/\/bobimarket.pl\/#website\"},\"datePublished\":\"2023-08-30T00:25:53+00:00\",\"dateModified\":\"2025-02-27T14:52:43+00:00\",\"breadcrumb\":{\"@id\":\"https:\/\/bobimarket.pl\/index.php\/produkt\/folia-malarska-gruba-budowlana-ochronna-4mx5m-1200\/#breadcrumb\"},\"inLanguage\":\"pl-PL\",\"potentialAction\":[{\"@type\":\"ReadAction\",\"target\":[\"https:\/\/bobimarket.pl\/index.php\/produkt\/folia-malarska-gruba-budowlana-ochronna-4mx5m-1200\/\"]}]},{\"@type\":\"BreadcrumbList\",\"@id\":\"https:\/\/bobimarket.pl\/index.php\/produkt\/folia-malarska-gruba-budowlana-ochronna-4mx5m-1200\/#breadcrumb\",\"itemListElement\":[{\"@type\":\"ListItem\",\"position\":1,\"name\":\"Strona g\u0142\u00f3wna\",\"item\":\"https:\/\/bobimarket.pl\/\"},{\"@type\":\"ListItem\",\"position\":2,\"name\":\"Sklep\",\"item\":\"https:\/\/bobimarket.pl\/index.php\/shop\/\"},{\"@type\":\"ListItem\",\"position\":3,\"name\":\"FOLIA MALARSKA GRUBA BUDOWLANA OCHRONNA 4mX5m 1200\"}]},{\"@type\":\"WebSite\",\"@id\":\"https:\/\/bobimarket.pl\/#website\",\"url\":\"https:\/\/bobimarket.pl\/\",\"name\":\"BOBIMARKET.pl - Remontuj i urz\u0105dzaj z nami\",\"description\":\"Remontuj i urz\u0105dzaj z nami\",\"publisher\":{\"@id\":\"https:\/\/bobimarket.pl\/#organization\"},\"potentialAction\":[{\"@type\":\"SearchAction\",\"target\":{\"@type\":\"EntryPoint\",\"urlTemplate\":\"https:\/\/bobimarket.pl\/?s={search_term_string}\"},\"query-input\":\"required name=search_term_string\"}],\"inLanguage\":\"pl-PL\"},{\"@type\":\"Organization\",\"@id\":\"https:\/\/bobimarket.pl\/#organization\",\"name\":\"BOBIMARKET.pl\",\"url\":\"https:\/\/bobimarket.pl\/\",\"logo\":{\"@type\":\"ImageObject\",\"inLanguage\":\"pl-PL\",\"@id\":\"https:\/\/bobimarket.pl\/#\/schema\/logo\/image\/\",\"url\":\"https:\/\/bobimarket.pl\/wp-content\/uploads\/2021\/11\/slogan.png\",\"contentUrl\":\"https:\/\/bobimarket.pl\/wp-content\/uploads\/2021\/11\/slogan.png\",\"width\":2000,\"height\":384,\"caption\":\"BOBIMARKET.pl\"},\"image\":{\"@id\":\"https:\/\/bobimarket.pl\/#\/schema\/logo\/image\/\"}}]}<\/script>\n<!-- \/ Yoast SEO plugin. -->","yoast_head_json":{"title":"FOLIA MALARSKA GRUBA BUDOWLANA OCHRONNA 4mX5m 1200 - BOBIMARKET.pl - Remontuj i urz\u0105dzaj z nami","robots":{"index":"index","follow":"follow","max-snippet":"max-snippet:-1","max-image-preview":"max-image-preview:large","max-video-preview":"max-video-preview:-1"},"canonical":"https:\/\/bobimarket.pl\/index.php\/produkt\/folia-malarska-gruba-budowlana-ochronna-4mx5m-1200\/","og_locale":"pl_PL","og_type":"article","og_title":"FOLIA MALARSKA GRUBA BUDOWLANA OCHRONNA 4mX5m 1200 - BOBIMARKET.pl - Remontuj i urz\u0105dzaj z nami","og_description":"FOLIA MALARSKA GRUBA BUDOWLANA OCHRONNA 4mx5m 1200g Dane techniczne: Rozmiar: 4mx5m=20M2 Waga: 1200 g Produkt zosta\u0142 wykonany z polietylenu o du\u017cej g\u0119sto\u015bci, kt\u00f3ry charakteryzuje si\u0119 wysok\u0105 odporno\u015bci\u0105 na dzia\u0142anie substancji chemicznych, dlatego b\u0119dziesz mia\u0142 pewno\u015b\u0107, \u017ce nie uszkodzi si\u0119 podczas u\u017cytkowania. \u2705 Zastosowanie: Folia znajdzie swoje zastosowanie w ka\u017cdym gospodarstwie domowym, gara\u017cu czy warsztacie. \u015awietnie     Czytaj wi\u0119cej \"FOLIA MALARSKA GRUBA BUDOWLANA OCHRONNA 4mX5m 1200\"","og_url":"https:\/\/bobimarket.pl\/index.php\/produkt\/folia-malarska-gruba-budowlana-ochronna-4mx5m-1200\/","og_site_name":"BOBIMARKET.pl - Remontuj i urz\u0105dzaj z nami","article_modified_time":"2025-02-27T14:52:43+00:00","og_image":[{"url":"https:\/\/upload.cdn.baselinker.com\/products\/14476\/3e65269e26edc76a241761f4837c9658.jpg"}],"twitter_card":"summary_large_image","twitter_misc":{"Szacowany czas czytania":"1 minuta"},"schema":{"@context":"https:\/\/schema.org","@graph":[{"@type":"WebPage","@id":"https:\/\/bobimarket.pl\/index.php\/produkt\/folia-malarska-gruba-budowlana-ochronna-4mx5m-1200\/","url":"https:\/\/bobimarket.pl\/index.php\/produkt\/folia-malarska-gruba-budowlana-ochronna-4mx5m-1200\/","name":"FOLIA MALARSKA GRUBA BUDOWLANA OCHRONNA 4mX5m 1200 - BOBIMARKET.pl - Remontuj i urz\u0105dzaj z nami","isPartOf":{"@id":"https:\/\/bobimarket.pl\/#website"},"datePublished":"2023-08-30T00:25:53+00:00","dateModified":"2025-02-27T14:52:43+00:00","breadcrumb":{"@id":"https:\/\/bobimarket.pl\/index.php\/produkt\/folia-malarska-gruba-budowlana-ochronna-4mx5m-1200\/#breadcrumb"},"inLanguage":"pl-PL","potentialAction":[{"@type":"ReadAction","target":["https:\/\/bobimarket.pl\/index.php\/produkt\/folia-malarska-gruba-budowlana-ochronna-4mx5m-1200\/"]}]},{"@type":"BreadcrumbList","@id":"https:\/\/bobimarket.pl\/index.php\/produkt\/folia-malarska-gruba-budowlana-ochronna-4mx5m-1200\/#breadcrumb","itemListElement":[{"@type":"ListItem","position":1,"name":"Strona g\u0142\u00f3wna","item":"https:\/\/bobimarket.pl\/"},{"@type":"ListItem","position":2,"name":"Sklep","item":"https:\/\/bobimarket.pl\/index.php\/shop\/"},{"@type":"ListItem","position":3,"name":"FOLIA MALARSKA GRUBA BUDOWLANA OCHRONNA 4mX5m 1200"}]},{"@type":"WebSite","@id":"https:\/\/bobimarket.pl\/#website","url":"https:\/\/bobimarket.pl\/","name":"BOBIMARKET.pl - Remontuj i urz\u0105dzaj z nami","description":"Remontuj i urz\u0105dzaj z nami","publisher":{"@id":"https:\/\/bobimarket.pl\/#organization"},"potentialAction":[{"@type":"SearchAction","target":{"@type":"EntryPoint","urlTemplate":"https:\/\/bobimarket.pl\/?s={search_term_string}"},"query-input":"required name=search_term_string"}],"inLanguage":"pl-PL"},{"@type":"Organization","@id":"https:\/\/bobimarket.pl\/#organization","name":"BOBIMARKET.pl","url":"https:\/\/bobimarket.pl\/","logo":{"@type":"ImageObject","inLanguage":"pl-PL","@id":"https:\/\/bobimarket.pl\/#\/schema\/logo\/image\/","url":"https:\/\/bobimarket.pl\/wp-content\/uploads\/2021\/11\/slogan.png","contentUrl":"https:\/\/bobimarket.pl\/wp-content\/uploads\/2021\/11\/slogan.png","width":2000,"height":384,"caption":"BOBIMARKET.pl"},"image":{"@id":"https:\/\/bobimarket.pl\/#\/schema\/logo\/image\/"}}]}},"_links":{"self":[{"href":"https:\/\/bobimarket.pl\/index.php\/wp-json\/wp\/v2\/product\/86915"}],"collection":[{"href":"https:\/\/bobimarket.pl\/index.php\/wp-json\/wp\/v2\/product"}],"about":[{"href":"https:\/\/bobimarket.pl\/index.php\/wp-json\/wp\/v2\/types\/product"}],"wp:featuredmedia":[{"embeddable":true,"href":"https:\/\/bobimarket.pl\/index.php\/wp-json\/wp\/v2\/media\/86912"}],"wp:attachment":[{"href":"https:\/\/bobimarket.pl\/index.php\/wp-json\/wp\/v2\/media?parent=86915"}],"wp:term":[{"taxonomy":"product_cat","embeddable":true,"href":"https:\/\/bobimarket.pl\/index.php\/wp-json\/wp\/v2\/product_cat?post=86915"},{"taxonomy":"product_tag","embeddable":true,"href":"https:\/\/bobimarket.pl\/index.php\/wp-json\/wp\/v2\/product_tag?post=86915"}],"curies":[{"name":"wp","href":"https:\/\/api.w.org\/{rel}","templated":true}]}}