{"id":86925,"date":"2023-08-30T00:26:50","date_gmt":"2023-08-30T00:26:50","guid":{"rendered":"https:\/\/bobimarket.pl\/index.php\/produkt\/folia-malarska-gruba-budowlana-ochronna-4mx5m-500g\/"},"modified":"2026-05-07T05:52:36","modified_gmt":"2026-05-07T05:52:36","slug":"folia-malarska-gruba-budowlana-ochronna-4mx5m-500g","status":"publish","type":"product","link":"https:\/\/bobimarket.pl\/index.php\/produkt\/folia-malarska-gruba-budowlana-ochronna-4mx5m-500g\/","title":{"rendered":"FOLIA MALARSKA GRUBA BUDOWLANA OCHRONNA 4mX5m 500g"},"content":{"rendered":"<section class=\"section\">\n<div class=\"item item-6\">\n<section class=\"image-item\">\n            <img decoding=\"async\" src=\"https:\/\/upload.cdn.baselinker.com\/products\/14476\/631462b4c127a511eb2902a85ff5e3cd.jpg\" \/><br \/>\n        <\/section>\n<\/p><\/div>\n<div class=\"item item-6\">\n<section class=\"text-item\">\n<h2>FOLIA MALARSKA GRUBA BUDOWLANA OCHRONNA 4mx5m<\/h2>\n<p><b>Dane techniczne:<\/b><\/p>\n<ul>\n<li>Rozmiar: <b>4mx5m=20M2<\/b><\/li>\n<li><b>Waga rzeczywista waha si\u0119 w przedziale od 350 do 400g<\/b><\/li>\n<\/ul>\n<\/section><\/div>\n<\/section>\n<section class=\"section\">\n<div class=\"item item-6\">\n<section class=\"image-item\">\n            <img decoding=\"async\" src=\"https:\/\/upload.cdn.baselinker.com\/products\/14476\/631462b4c127a511eb2902a85ff5e3cd.jpg\" \/><br \/>\n        <\/section>\n<\/p><\/div>\n<div class=\"item item-6\">\n<section class=\"text-item\">\n<p><b>\u2705 Zastosowanie:<\/b><\/p>\n<ul>\n<li>Za pomoc\u0105 folii malarskiej zabezpieczysz elementy wyposa\u017cenia Twojego wn\u0119trza przed zniszczeniem.<\/li>\n<li>Odpowiednio roz\u0142o\u017cona stanowi doskona\u0142\u0105 ochron\u0119 przed szkodliwym dzia\u0142aniem wody oraz przed zachlapaniem farb\u0105, dlatego przykryte elementy pozostan\u0105 w nienaruszonym stanie.<\/li>\n<li>\u015awietnie sprawdzi si\u0119 podczas r\u00f3\u017cnego rodzaju prac remontowych oraz naprawczych wykonanych zar\u00f3wno na zamkni\u0119tych, jak i otwartych przestrzeniach, przez co jest bardzo praktyczna.<\/li>\n<\/ul>\n<\/section><\/div>\n<\/section>\n<section class=\"section\">\n<div class=\"item item-6\">\n<section class=\"image-item\">\n            <img decoding=\"async\" src=\"https:\/\/upload.cdn.baselinker.com\/products\/14476\/e3b6b076f8d841e27cd853dffb1c3010.jpg\" \/><br \/>\n        <\/section>\n<\/p><\/div>\n<div class=\"item item-6\">\n<section class=\"text-item\">\n<p>\u2705 Folia zosta\u0142a wykonany z solidnego polietylenu, kt\u00f3ry:<\/p>\n<ul>\n<li>charakteryzuje si\u0119 wysok\u0105 odporno\u015bci\u0105 na uszkodzenia mechaniczne<\/li>\n<li>oraz niekorzystny wp\u0142yw substancji chemicznych,<\/li>\n<\/ul>\n<p>dlatego b\u0119dziesz mia\u0142 pewno\u015b\u0107, \u017ce folia nie rozerwie si\u0119 podczas pracy.<\/p>\n<p><b>Produkt jest dost\u0119pny w r\u00f3\u017cnych rozmiarach.<\/b><\/p>\n<\/section><\/div>\n<\/section>\n","protected":false},"excerpt":{"rendered":"<p>FOLIA MALARSKA GRUBA BUDOWLANA OCHRONNA 4mx5m Dane techniczne: Rozmiar: 4mx5m=20M2 Waga rzeczywista waha si\u0119 w przedziale od 350 do 400g \u2705 Zastosowanie: Za pomoc\u0105 folii malarskiej zabezpieczysz elementy wyposa\u017cenia Twojego wn\u0119trza przed zniszczeniem. Odpowiednio roz\u0142o\u017cona stanowi doskona\u0142\u0105 ochron\u0119 przed szkodliwym dzia\u0142aniem wody oraz przed zachlapaniem farb\u0105, dlatego przykryte elementy pozostan\u0105 w nienaruszonym stanie. \u015awietnie sprawdzi<br \/><a class=\"more-link\" href=\"https:\/\/bobimarket.pl\/index.php\/produkt\/folia-malarska-gruba-budowlana-ochronna-4mx5m-500g\/\"><br \/>\n        Czytaj wi\u0119cej<span class=\"screen-reader-text\"> &#8222;FOLIA MALARSKA GRUBA BUDOWLANA OCHRONNA 4mX5m 500g&#8221;<\/span><\/a><\/p>\n","protected":false},"featured_media":86923,"template":"","meta":[],"product_cat":[8173],"product_tag":[],"yoast_head":"<!-- This site is optimized with the Yoast SEO plugin v21.0 - https:\/\/yoast.com\/wordpress\/plugins\/seo\/ -->\n<title>FOLIA MALARSKA GRUBA BUDOWLANA OCHRONNA 4mX5m 500g - BOBIMARKET.pl - Remontuj i urz\u0105dzaj z nami<\/title>\n<meta name=\"robots\" content=\"index, follow, max-snippet:-1, max-image-preview:large, max-video-preview:-1\" \/>\n<link rel=\"canonical\" href=\"https:\/\/bobimarket.pl\/index.php\/produkt\/folia-malarska-gruba-budowlana-ochronna-4mx5m-500g\/\" \/>\n<meta property=\"og:locale\" content=\"pl_PL\" \/>\n<meta property=\"og:type\" content=\"article\" \/>\n<meta property=\"og:title\" content=\"FOLIA MALARSKA GRUBA BUDOWLANA OCHRONNA 4mX5m 500g - BOBIMARKET.pl - Remontuj i urz\u0105dzaj z nami\" \/>\n<meta property=\"og:description\" content=\"FOLIA MALARSKA GRUBA BUDOWLANA OCHRONNA 4mx5m Dane techniczne: Rozmiar: 4mx5m=20M2 Waga rzeczywista waha si\u0119 w przedziale od 350 do 400g \u2705 Zastosowanie: Za pomoc\u0105 folii malarskiej zabezpieczysz elementy wyposa\u017cenia Twojego wn\u0119trza przed zniszczeniem. Odpowiednio roz\u0142o\u017cona stanowi doskona\u0142\u0105 ochron\u0119 przed szkodliwym dzia\u0142aniem wody oraz przed zachlapaniem farb\u0105, dlatego przykryte elementy pozostan\u0105 w nienaruszonym stanie. \u015awietnie sprawdzi     Czytaj wi\u0119cej &quot;FOLIA MALARSKA GRUBA BUDOWLANA OCHRONNA 4mX5m 500g&quot;\" \/>\n<meta property=\"og:url\" content=\"https:\/\/bobimarket.pl\/index.php\/produkt\/folia-malarska-gruba-budowlana-ochronna-4mx5m-500g\/\" \/>\n<meta property=\"og:site_name\" content=\"BOBIMARKET.pl - Remontuj i urz\u0105dzaj z nami\" \/>\n<meta property=\"article:modified_time\" content=\"2026-05-07T05:52:36+00:00\" \/>\n<meta property=\"og:image\" content=\"https:\/\/upload.cdn.baselinker.com\/products\/14476\/631462b4c127a511eb2902a85ff5e3cd.jpg\" \/>\n<meta name=\"twitter:card\" content=\"summary_large_image\" \/>\n<meta name=\"twitter:label1\" content=\"Szacowany czas czytania\" \/>\n\t<meta name=\"twitter:data1\" content=\"1 minuta\" \/>\n<script type=\"application\/ld+json\" class=\"yoast-schema-graph\">{\"@context\":\"https:\/\/schema.org\",\"@graph\":[{\"@type\":\"WebPage\",\"@id\":\"https:\/\/bobimarket.pl\/index.php\/produkt\/folia-malarska-gruba-budowlana-ochronna-4mx5m-500g\/\",\"url\":\"https:\/\/bobimarket.pl\/index.php\/produkt\/folia-malarska-gruba-budowlana-ochronna-4mx5m-500g\/\",\"name\":\"FOLIA MALARSKA GRUBA BUDOWLANA OCHRONNA 4mX5m 500g - BOBIMARKET.pl - Remontuj i urz\u0105dzaj z nami\",\"isPartOf\":{\"@id\":\"https:\/\/bobimarket.pl\/#website\"},\"datePublished\":\"2023-08-30T00:26:50+00:00\",\"dateModified\":\"2026-05-07T05:52:36+00:00\",\"breadcrumb\":{\"@id\":\"https:\/\/bobimarket.pl\/index.php\/produkt\/folia-malarska-gruba-budowlana-ochronna-4mx5m-500g\/#breadcrumb\"},\"inLanguage\":\"pl-PL\",\"potentialAction\":[{\"@type\":\"ReadAction\",\"target\":[\"https:\/\/bobimarket.pl\/index.php\/produkt\/folia-malarska-gruba-budowlana-ochronna-4mx5m-500g\/\"]}]},{\"@type\":\"BreadcrumbList\",\"@id\":\"https:\/\/bobimarket.pl\/index.php\/produkt\/folia-malarska-gruba-budowlana-ochronna-4mx5m-500g\/#breadcrumb\",\"itemListElement\":[{\"@type\":\"ListItem\",\"position\":1,\"name\":\"Strona g\u0142\u00f3wna\",\"item\":\"https:\/\/bobimarket.pl\/\"},{\"@type\":\"ListItem\",\"position\":2,\"name\":\"Sklep\",\"item\":\"https:\/\/bobimarket.pl\/index.php\/shop\/\"},{\"@type\":\"ListItem\",\"position\":3,\"name\":\"FOLIA MALARSKA GRUBA BUDOWLANA OCHRONNA 4mX5m 500g\"}]},{\"@type\":\"WebSite\",\"@id\":\"https:\/\/bobimarket.pl\/#website\",\"url\":\"https:\/\/bobimarket.pl\/\",\"name\":\"BOBIMARKET.pl - Remontuj i urz\u0105dzaj z nami\",\"description\":\"Remontuj i urz\u0105dzaj z nami\",\"publisher\":{\"@id\":\"https:\/\/bobimarket.pl\/#organization\"},\"potentialAction\":[{\"@type\":\"SearchAction\",\"target\":{\"@type\":\"EntryPoint\",\"urlTemplate\":\"https:\/\/bobimarket.pl\/?s={search_term_string}\"},\"query-input\":\"required name=search_term_string\"}],\"inLanguage\":\"pl-PL\"},{\"@type\":\"Organization\",\"@id\":\"https:\/\/bobimarket.pl\/#organization\",\"name\":\"BOBIMARKET.pl\",\"url\":\"https:\/\/bobimarket.pl\/\",\"logo\":{\"@type\":\"ImageObject\",\"inLanguage\":\"pl-PL\",\"@id\":\"https:\/\/bobimarket.pl\/#\/schema\/logo\/image\/\",\"url\":\"https:\/\/bobimarket.pl\/wp-content\/uploads\/2021\/11\/slogan.png\",\"contentUrl\":\"https:\/\/bobimarket.pl\/wp-content\/uploads\/2021\/11\/slogan.png\",\"width\":2000,\"height\":384,\"caption\":\"BOBIMARKET.pl\"},\"image\":{\"@id\":\"https:\/\/bobimarket.pl\/#\/schema\/logo\/image\/\"}}]}<\/script>\n<!-- \/ Yoast SEO plugin. -->","yoast_head_json":{"title":"FOLIA MALARSKA GRUBA BUDOWLANA OCHRONNA 4mX5m 500g - BOBIMARKET.pl - Remontuj i urz\u0105dzaj z nami","robots":{"index":"index","follow":"follow","max-snippet":"max-snippet:-1","max-image-preview":"max-image-preview:large","max-video-preview":"max-video-preview:-1"},"canonical":"https:\/\/bobimarket.pl\/index.php\/produkt\/folia-malarska-gruba-budowlana-ochronna-4mx5m-500g\/","og_locale":"pl_PL","og_type":"article","og_title":"FOLIA MALARSKA GRUBA BUDOWLANA OCHRONNA 4mX5m 500g - BOBIMARKET.pl - Remontuj i urz\u0105dzaj z nami","og_description":"FOLIA MALARSKA GRUBA BUDOWLANA OCHRONNA 4mx5m Dane techniczne: Rozmiar: 4mx5m=20M2 Waga rzeczywista waha si\u0119 w przedziale od 350 do 400g \u2705 Zastosowanie: Za pomoc\u0105 folii malarskiej zabezpieczysz elementy wyposa\u017cenia Twojego wn\u0119trza przed zniszczeniem. Odpowiednio roz\u0142o\u017cona stanowi doskona\u0142\u0105 ochron\u0119 przed szkodliwym dzia\u0142aniem wody oraz przed zachlapaniem farb\u0105, dlatego przykryte elementy pozostan\u0105 w nienaruszonym stanie. \u015awietnie sprawdzi     Czytaj wi\u0119cej \"FOLIA MALARSKA GRUBA BUDOWLANA OCHRONNA 4mX5m 500g\"","og_url":"https:\/\/bobimarket.pl\/index.php\/produkt\/folia-malarska-gruba-budowlana-ochronna-4mx5m-500g\/","og_site_name":"BOBIMARKET.pl - Remontuj i urz\u0105dzaj z nami","article_modified_time":"2026-05-07T05:52:36+00:00","og_image":[{"url":"https:\/\/upload.cdn.baselinker.com\/products\/14476\/631462b4c127a511eb2902a85ff5e3cd.jpg"}],"twitter_card":"summary_large_image","twitter_misc":{"Szacowany czas czytania":"1 minuta"},"schema":{"@context":"https:\/\/schema.org","@graph":[{"@type":"WebPage","@id":"https:\/\/bobimarket.pl\/index.php\/produkt\/folia-malarska-gruba-budowlana-ochronna-4mx5m-500g\/","url":"https:\/\/bobimarket.pl\/index.php\/produkt\/folia-malarska-gruba-budowlana-ochronna-4mx5m-500g\/","name":"FOLIA MALARSKA GRUBA BUDOWLANA OCHRONNA 4mX5m 500g - BOBIMARKET.pl - Remontuj i urz\u0105dzaj z nami","isPartOf":{"@id":"https:\/\/bobimarket.pl\/#website"},"datePublished":"2023-08-30T00:26:50+00:00","dateModified":"2026-05-07T05:52:36+00:00","breadcrumb":{"@id":"https:\/\/bobimarket.pl\/index.php\/produkt\/folia-malarska-gruba-budowlana-ochronna-4mx5m-500g\/#breadcrumb"},"inLanguage":"pl-PL","potentialAction":[{"@type":"ReadAction","target":["https:\/\/bobimarket.pl\/index.php\/produkt\/folia-malarska-gruba-budowlana-ochronna-4mx5m-500g\/"]}]},{"@type":"BreadcrumbList","@id":"https:\/\/bobimarket.pl\/index.php\/produkt\/folia-malarska-gruba-budowlana-ochronna-4mx5m-500g\/#breadcrumb","itemListElement":[{"@type":"ListItem","position":1,"name":"Strona g\u0142\u00f3wna","item":"https:\/\/bobimarket.pl\/"},{"@type":"ListItem","position":2,"name":"Sklep","item":"https:\/\/bobimarket.pl\/index.php\/shop\/"},{"@type":"ListItem","position":3,"name":"FOLIA MALARSKA GRUBA BUDOWLANA OCHRONNA 4mX5m 500g"}]},{"@type":"WebSite","@id":"https:\/\/bobimarket.pl\/#website","url":"https:\/\/bobimarket.pl\/","name":"BOBIMARKET.pl - Remontuj i urz\u0105dzaj z nami","description":"Remontuj i urz\u0105dzaj z nami","publisher":{"@id":"https:\/\/bobimarket.pl\/#organization"},"potentialAction":[{"@type":"SearchAction","target":{"@type":"EntryPoint","urlTemplate":"https:\/\/bobimarket.pl\/?s={search_term_string}"},"query-input":"required name=search_term_string"}],"inLanguage":"pl-PL"},{"@type":"Organization","@id":"https:\/\/bobimarket.pl\/#organization","name":"BOBIMARKET.pl","url":"https:\/\/bobimarket.pl\/","logo":{"@type":"ImageObject","inLanguage":"pl-PL","@id":"https:\/\/bobimarket.pl\/#\/schema\/logo\/image\/","url":"https:\/\/bobimarket.pl\/wp-content\/uploads\/2021\/11\/slogan.png","contentUrl":"https:\/\/bobimarket.pl\/wp-content\/uploads\/2021\/11\/slogan.png","width":2000,"height":384,"caption":"BOBIMARKET.pl"},"image":{"@id":"https:\/\/bobimarket.pl\/#\/schema\/logo\/image\/"}}]}},"_links":{"self":[{"href":"https:\/\/bobimarket.pl\/index.php\/wp-json\/wp\/v2\/product\/86925"}],"collection":[{"href":"https:\/\/bobimarket.pl\/index.php\/wp-json\/wp\/v2\/product"}],"about":[{"href":"https:\/\/bobimarket.pl\/index.php\/wp-json\/wp\/v2\/types\/product"}],"wp:featuredmedia":[{"embeddable":true,"href":"https:\/\/bobimarket.pl\/index.php\/wp-json\/wp\/v2\/media\/86923"}],"wp:attachment":[{"href":"https:\/\/bobimarket.pl\/index.php\/wp-json\/wp\/v2\/media?parent=86925"}],"wp:term":[{"taxonomy":"product_cat","embeddable":true,"href":"https:\/\/bobimarket.pl\/index.php\/wp-json\/wp\/v2\/product_cat?post=86925"},{"taxonomy":"product_tag","embeddable":true,"href":"https:\/\/bobimarket.pl\/index.php\/wp-json\/wp\/v2\/product_tag?post=86925"}],"curies":[{"name":"wp","href":"https:\/\/api.w.org\/{rel}","templated":true}]}}