{"id":86936,"date":"2023-08-30T00:28:15","date_gmt":"2023-08-30T00:28:15","guid":{"rendered":"https:\/\/bobimarket.pl\/index.php\/produkt\/folia-malarska-gruba-budowlana-ochronna-4mx5m\/"},"modified":"2025-09-12T11:10:47","modified_gmt":"2025-09-12T11:10:47","slug":"folia-malarska-gruba-budowlana-ochronna-4mx5m","status":"publish","type":"product","link":"https:\/\/bobimarket.pl\/index.php\/produkt\/folia-malarska-gruba-budowlana-ochronna-4mx5m\/","title":{"rendered":"FOLIA MALARSKA GRUBA BUDOWLANA OCHRONNA 4mX5m"},"content":{"rendered":"<section class=\"section\">\n<div class=\"item item-6\">\n<section class=\"image-item\">\n            <img decoding=\"async\" src=\"https:\/\/upload.cdn.baselinker.com\/products\/14476\/09530f5db4dda2d8a9fe65edaa5d6155.jpg\" \/><br \/>\n        <\/section>\n<\/p><\/div>\n<div class=\"item item-6\">\n<section class=\"text-item\">\n<h1>FOLIA MALARSKA GRUBA 4X5M<\/h1>\n<p><b>PARAMETRY:<\/b><\/p>\n<ul>\n<li>Wymiary\u00a0:<b> 4&#215;5= 20m2.<\/b><\/li>\n<li>Grubo\u015b\u0107\u00a0:<b> 0,018 mm<\/b><\/li>\n<li><b>Waga: ok. 250g<\/b><\/li>\n<\/ul>\n<p>S\u0141OWO <b>&#8222;GRUBA&#8221; <\/b>NALE\u017bY ROZUMIE\u0106 TAK \u017bE\u00a0 PREZENTOWANA\u00a0 FOLIA\u00a0 JEST ZNACZNIE GRUBSZA OD FOLI\u00a0 DOST\u0118PNEJ NA NASZEJ AUKCJI POD HAS\u0141EM &#8222;CIENKA&#8221;\u00a0 !!!<\/p>\n<\/section><\/div>\n<\/section>\n<section class=\"section\">\n<div class=\"item item-6\">\n<section class=\"image-item\">\n            <img decoding=\"async\" src=\"https:\/\/upload.cdn.baselinker.com\/products\/14476\/44d78de57664fa3083df8bb71ed25263.jpg\" \/><br \/>\n        <\/section>\n<\/p><\/div>\n<div class=\"item item-6\">\n<section class=\"text-item\">\n<h2>UWAGA!<\/h2>\n<p>Folia wystepuje w dw\u00f3ch kolorach &#8211; s\u0142omkowym i szarym.\u00a0 Kolory s\u0105 dostepne w zale\u017cno\u015bci od dostawy i s\u0105 wybierane losowo.<\/p>\n<p><b>\u2705 Zastosowanie:<\/b><\/p>\n<ul>\n<li>Za pomoc\u0105 folii malarskiej zabezpieczysz elementy wyposa\u017cenia Twojego wn\u0119trza przed zniszczeniem.<\/li>\n<li>Odpowiednio roz\u0142o\u017cona stanowi doskona\u0142\u0105 ochron\u0119 przed szkodliwym dzia\u0142aniem wody oraz przed zachlapaniem farb\u0105, dlatego przykryte elementy pozostan\u0105 w nienaruszonym stanie.<\/li>\n<li>\u015awietnie sprawdzi si\u0119 podczas r\u00f3\u017cnego rodzaju prac remontowych oraz naprawczych wykonanych zar\u00f3wno na zamkni\u0119tych, jak i otwartych przestrzeniach, przez co jest bardzo praktyczna.<\/li>\n<\/ul>\n<p><b>\u2705<\/b> Folia zosta\u0142a wykonany z <b>solidnego polietylenu<\/b>, kt\u00f3ry:<\/p>\n<ul>\n<li>charakteryzuje si\u0119 wysok\u0105 odporno\u015bci\u0105 na uszkodzenia mechaniczne<\/li>\n<li>oraz niekorzystny wp\u0142yw substancji chemicznych, dlatego b\u0119dziesz mia\u0142 pewno\u015b\u0107, \u017ce folia nie rozerwie si\u0119 podczas pracy. Produkt jest dost\u0119pny w r\u00f3\u017cnych rozmiarach.<\/li>\n<\/ul>\n<\/section><\/div>\n<\/section>\n<section class=\"section\">\n<div class=\"item item-6\">\n<section class=\"image-item\">\n            <img decoding=\"async\" src=\"https:\/\/upload.cdn.baselinker.com\/products\/14476\/9080ad98becf56b9ad8411048bc0dcdd.jpg\" \/><br \/>\n        <\/section>\n<\/p><\/div>\n<div class=\"item item-6\">\n<section class=\"image-item\">\n            <img decoding=\"async\" src=\"https:\/\/upload.cdn.baselinker.com\/products\/14476\/9539c2997f137e54cf17355b8f49afe7.jpg\" \/><br \/>\n        <\/section>\n<\/p><\/div>\n<\/section>\n<section class=\"section\">\n<div class=\"item item-12\">\n<section class=\"image-item\">\n            <img decoding=\"async\" src=\"https:\/\/upload.cdn.baselinker.com\/products\/14476\/e9ab5720b80a9ea8e1d02ca356eef2f5.jpg\" \/><br \/>\n        <\/section>\n<\/p><\/div>\n<\/section>\n<section class=\"section\">\n<div class=\"item item-12\">\n<section class=\"text-item\">\n<h2>Uwaga! W zale\u017cno\u015bci od dostawy folia mo\u017ce mie\u0107 inne opakowanie zewn\u0119trzne oraz kolor. Jest to jednak ten sam produkt.<\/h2>\n<\/section><\/div>\n<\/section>\n<section class=\"section\">\n<div class=\"item item-6\">\n<section class=\"image-item\">\n            <img decoding=\"async\" src=\"https:\/\/upload.cdn.baselinker.com\/products\/14476\/0384e84af6d18f2e5ee6a3e32938906a.jpg\" \/><br \/>\n        <\/section>\n<\/p><\/div>\n<div class=\"item item-6\">\n<section class=\"image-item\">\n            <img decoding=\"async\" src=\"https:\/\/upload.cdn.baselinker.com\/products\/14476\/5c9efef5178ae0be0a08372eb5041dd3.jpg\" \/><br \/>\n        <\/section>\n<\/p><\/div>\n<\/section>\n","protected":false},"excerpt":{"rendered":"<p>FOLIA MALARSKA GRUBA 4X5M PARAMETRY: Wymiary\u00a0: 4&#215;5= 20m2. Grubo\u015b\u0107\u00a0: 0,018 mm Waga: ok. 250g S\u0141OWO &#8222;GRUBA&#8221; NALE\u017bY ROZUMIE\u0106 TAK \u017bE\u00a0 PREZENTOWANA\u00a0 FOLIA\u00a0 JEST ZNACZNIE GRUBSZA OD FOLI\u00a0 DOST\u0118PNEJ NA NASZEJ AUKCJI POD HAS\u0141EM &#8222;CIENKA&#8221;\u00a0 !!! UWAGA! Folia wystepuje w dw\u00f3ch kolorach &#8211; s\u0142omkowym i szarym.\u00a0 Kolory s\u0105 dostepne w zale\u017cno\u015bci od dostawy i s\u0105 wybierane<br \/><a class=\"more-link\" href=\"https:\/\/bobimarket.pl\/index.php\/produkt\/folia-malarska-gruba-budowlana-ochronna-4mx5m\/\"><br \/>\n        Czytaj wi\u0119cej<span class=\"screen-reader-text\"> &#8222;FOLIA MALARSKA GRUBA BUDOWLANA OCHRONNA 4mX5m&#8221;<\/span><\/a><\/p>\n","protected":false},"featured_media":86926,"template":"","meta":[],"product_cat":[8173],"product_tag":[],"yoast_head":"<!-- This site is optimized with the Yoast SEO plugin v21.0 - https:\/\/yoast.com\/wordpress\/plugins\/seo\/ -->\n<title>FOLIA MALARSKA GRUBA BUDOWLANA OCHRONNA 4mX5m - BOBIMARKET.pl - Remontuj i urz\u0105dzaj z nami<\/title>\n<meta name=\"robots\" content=\"index, follow, max-snippet:-1, max-image-preview:large, max-video-preview:-1\" \/>\n<link rel=\"canonical\" href=\"https:\/\/bobimarket.pl\/index.php\/produkt\/folia-malarska-gruba-budowlana-ochronna-4mx5m\/\" \/>\n<meta property=\"og:locale\" content=\"pl_PL\" \/>\n<meta property=\"og:type\" content=\"article\" \/>\n<meta property=\"og:title\" content=\"FOLIA MALARSKA GRUBA BUDOWLANA OCHRONNA 4mX5m - BOBIMARKET.pl - Remontuj i urz\u0105dzaj z nami\" \/>\n<meta property=\"og:description\" content=\"FOLIA MALARSKA GRUBA 4X5M PARAMETRY: Wymiary\u00a0: 4&#215;5= 20m2. Grubo\u015b\u0107\u00a0: 0,018 mm Waga: ok. 250g S\u0141OWO &#8222;GRUBA&#8221; NALE\u017bY ROZUMIE\u0106 TAK \u017bE\u00a0 PREZENTOWANA\u00a0 FOLIA\u00a0 JEST ZNACZNIE GRUBSZA OD FOLI\u00a0 DOST\u0118PNEJ NA NASZEJ AUKCJI POD HAS\u0141EM &#8222;CIENKA&#8221;\u00a0 !!! UWAGA! Folia wystepuje w dw\u00f3ch kolorach &#8211; s\u0142omkowym i szarym.\u00a0 Kolory s\u0105 dostepne w zale\u017cno\u015bci od dostawy i s\u0105 wybierane     Czytaj wi\u0119cej &quot;FOLIA MALARSKA GRUBA BUDOWLANA OCHRONNA 4mX5m&quot;\" \/>\n<meta property=\"og:url\" content=\"https:\/\/bobimarket.pl\/index.php\/produkt\/folia-malarska-gruba-budowlana-ochronna-4mx5m\/\" \/>\n<meta property=\"og:site_name\" content=\"BOBIMARKET.pl - Remontuj i urz\u0105dzaj z nami\" \/>\n<meta property=\"article:modified_time\" content=\"2025-09-12T11:10:47+00:00\" \/>\n<meta property=\"og:image\" content=\"https:\/\/upload.cdn.baselinker.com\/products\/14476\/09530f5db4dda2d8a9fe65edaa5d6155.jpg\" \/>\n<meta name=\"twitter:card\" content=\"summary_large_image\" \/>\n<meta name=\"twitter:label1\" content=\"Szacowany czas czytania\" \/>\n\t<meta name=\"twitter:data1\" content=\"1 minuta\" \/>\n<script type=\"application\/ld+json\" class=\"yoast-schema-graph\">{\"@context\":\"https:\/\/schema.org\",\"@graph\":[{\"@type\":\"WebPage\",\"@id\":\"https:\/\/bobimarket.pl\/index.php\/produkt\/folia-malarska-gruba-budowlana-ochronna-4mx5m\/\",\"url\":\"https:\/\/bobimarket.pl\/index.php\/produkt\/folia-malarska-gruba-budowlana-ochronna-4mx5m\/\",\"name\":\"FOLIA MALARSKA GRUBA BUDOWLANA OCHRONNA 4mX5m - BOBIMARKET.pl - Remontuj i urz\u0105dzaj z nami\",\"isPartOf\":{\"@id\":\"https:\/\/bobimarket.pl\/#website\"},\"datePublished\":\"2023-08-30T00:28:15+00:00\",\"dateModified\":\"2025-09-12T11:10:47+00:00\",\"breadcrumb\":{\"@id\":\"https:\/\/bobimarket.pl\/index.php\/produkt\/folia-malarska-gruba-budowlana-ochronna-4mx5m\/#breadcrumb\"},\"inLanguage\":\"pl-PL\",\"potentialAction\":[{\"@type\":\"ReadAction\",\"target\":[\"https:\/\/bobimarket.pl\/index.php\/produkt\/folia-malarska-gruba-budowlana-ochronna-4mx5m\/\"]}]},{\"@type\":\"BreadcrumbList\",\"@id\":\"https:\/\/bobimarket.pl\/index.php\/produkt\/folia-malarska-gruba-budowlana-ochronna-4mx5m\/#breadcrumb\",\"itemListElement\":[{\"@type\":\"ListItem\",\"position\":1,\"name\":\"Strona g\u0142\u00f3wna\",\"item\":\"https:\/\/bobimarket.pl\/\"},{\"@type\":\"ListItem\",\"position\":2,\"name\":\"Sklep\",\"item\":\"https:\/\/bobimarket.pl\/index.php\/shop\/\"},{\"@type\":\"ListItem\",\"position\":3,\"name\":\"FOLIA MALARSKA GRUBA BUDOWLANA OCHRONNA 4mX5m\"}]},{\"@type\":\"WebSite\",\"@id\":\"https:\/\/bobimarket.pl\/#website\",\"url\":\"https:\/\/bobimarket.pl\/\",\"name\":\"BOBIMARKET.pl - Remontuj i urz\u0105dzaj z nami\",\"description\":\"Remontuj i urz\u0105dzaj z nami\",\"publisher\":{\"@id\":\"https:\/\/bobimarket.pl\/#organization\"},\"potentialAction\":[{\"@type\":\"SearchAction\",\"target\":{\"@type\":\"EntryPoint\",\"urlTemplate\":\"https:\/\/bobimarket.pl\/?s={search_term_string}\"},\"query-input\":\"required name=search_term_string\"}],\"inLanguage\":\"pl-PL\"},{\"@type\":\"Organization\",\"@id\":\"https:\/\/bobimarket.pl\/#organization\",\"name\":\"BOBIMARKET.pl\",\"url\":\"https:\/\/bobimarket.pl\/\",\"logo\":{\"@type\":\"ImageObject\",\"inLanguage\":\"pl-PL\",\"@id\":\"https:\/\/bobimarket.pl\/#\/schema\/logo\/image\/\",\"url\":\"https:\/\/bobimarket.pl\/wp-content\/uploads\/2021\/11\/slogan.png\",\"contentUrl\":\"https:\/\/bobimarket.pl\/wp-content\/uploads\/2021\/11\/slogan.png\",\"width\":2000,\"height\":384,\"caption\":\"BOBIMARKET.pl\"},\"image\":{\"@id\":\"https:\/\/bobimarket.pl\/#\/schema\/logo\/image\/\"}}]}<\/script>\n<!-- \/ Yoast SEO plugin. -->","yoast_head_json":{"title":"FOLIA MALARSKA GRUBA BUDOWLANA OCHRONNA 4mX5m - BOBIMARKET.pl - Remontuj i urz\u0105dzaj z nami","robots":{"index":"index","follow":"follow","max-snippet":"max-snippet:-1","max-image-preview":"max-image-preview:large","max-video-preview":"max-video-preview:-1"},"canonical":"https:\/\/bobimarket.pl\/index.php\/produkt\/folia-malarska-gruba-budowlana-ochronna-4mx5m\/","og_locale":"pl_PL","og_type":"article","og_title":"FOLIA MALARSKA GRUBA BUDOWLANA OCHRONNA 4mX5m - BOBIMARKET.pl - Remontuj i urz\u0105dzaj z nami","og_description":"FOLIA MALARSKA GRUBA 4X5M PARAMETRY: Wymiary\u00a0: 4&#215;5= 20m2. Grubo\u015b\u0107\u00a0: 0,018 mm Waga: ok. 250g S\u0141OWO &#8222;GRUBA&#8221; NALE\u017bY ROZUMIE\u0106 TAK \u017bE\u00a0 PREZENTOWANA\u00a0 FOLIA\u00a0 JEST ZNACZNIE GRUBSZA OD FOLI\u00a0 DOST\u0118PNEJ NA NASZEJ AUKCJI POD HAS\u0141EM &#8222;CIENKA&#8221;\u00a0 !!! UWAGA! Folia wystepuje w dw\u00f3ch kolorach &#8211; s\u0142omkowym i szarym.\u00a0 Kolory s\u0105 dostepne w zale\u017cno\u015bci od dostawy i s\u0105 wybierane     Czytaj wi\u0119cej \"FOLIA MALARSKA GRUBA BUDOWLANA OCHRONNA 4mX5m\"","og_url":"https:\/\/bobimarket.pl\/index.php\/produkt\/folia-malarska-gruba-budowlana-ochronna-4mx5m\/","og_site_name":"BOBIMARKET.pl - Remontuj i urz\u0105dzaj z nami","article_modified_time":"2025-09-12T11:10:47+00:00","og_image":[{"url":"https:\/\/upload.cdn.baselinker.com\/products\/14476\/09530f5db4dda2d8a9fe65edaa5d6155.jpg"}],"twitter_card":"summary_large_image","twitter_misc":{"Szacowany czas czytania":"1 minuta"},"schema":{"@context":"https:\/\/schema.org","@graph":[{"@type":"WebPage","@id":"https:\/\/bobimarket.pl\/index.php\/produkt\/folia-malarska-gruba-budowlana-ochronna-4mx5m\/","url":"https:\/\/bobimarket.pl\/index.php\/produkt\/folia-malarska-gruba-budowlana-ochronna-4mx5m\/","name":"FOLIA MALARSKA GRUBA BUDOWLANA OCHRONNA 4mX5m - BOBIMARKET.pl - Remontuj i urz\u0105dzaj z nami","isPartOf":{"@id":"https:\/\/bobimarket.pl\/#website"},"datePublished":"2023-08-30T00:28:15+00:00","dateModified":"2025-09-12T11:10:47+00:00","breadcrumb":{"@id":"https:\/\/bobimarket.pl\/index.php\/produkt\/folia-malarska-gruba-budowlana-ochronna-4mx5m\/#breadcrumb"},"inLanguage":"pl-PL","potentialAction":[{"@type":"ReadAction","target":["https:\/\/bobimarket.pl\/index.php\/produkt\/folia-malarska-gruba-budowlana-ochronna-4mx5m\/"]}]},{"@type":"BreadcrumbList","@id":"https:\/\/bobimarket.pl\/index.php\/produkt\/folia-malarska-gruba-budowlana-ochronna-4mx5m\/#breadcrumb","itemListElement":[{"@type":"ListItem","position":1,"name":"Strona g\u0142\u00f3wna","item":"https:\/\/bobimarket.pl\/"},{"@type":"ListItem","position":2,"name":"Sklep","item":"https:\/\/bobimarket.pl\/index.php\/shop\/"},{"@type":"ListItem","position":3,"name":"FOLIA MALARSKA GRUBA BUDOWLANA OCHRONNA 4mX5m"}]},{"@type":"WebSite","@id":"https:\/\/bobimarket.pl\/#website","url":"https:\/\/bobimarket.pl\/","name":"BOBIMARKET.pl - Remontuj i urz\u0105dzaj z nami","description":"Remontuj i urz\u0105dzaj z nami","publisher":{"@id":"https:\/\/bobimarket.pl\/#organization"},"potentialAction":[{"@type":"SearchAction","target":{"@type":"EntryPoint","urlTemplate":"https:\/\/bobimarket.pl\/?s={search_term_string}"},"query-input":"required name=search_term_string"}],"inLanguage":"pl-PL"},{"@type":"Organization","@id":"https:\/\/bobimarket.pl\/#organization","name":"BOBIMARKET.pl","url":"https:\/\/bobimarket.pl\/","logo":{"@type":"ImageObject","inLanguage":"pl-PL","@id":"https:\/\/bobimarket.pl\/#\/schema\/logo\/image\/","url":"https:\/\/bobimarket.pl\/wp-content\/uploads\/2021\/11\/slogan.png","contentUrl":"https:\/\/bobimarket.pl\/wp-content\/uploads\/2021\/11\/slogan.png","width":2000,"height":384,"caption":"BOBIMARKET.pl"},"image":{"@id":"https:\/\/bobimarket.pl\/#\/schema\/logo\/image\/"}}]}},"_links":{"self":[{"href":"https:\/\/bobimarket.pl\/index.php\/wp-json\/wp\/v2\/product\/86936"}],"collection":[{"href":"https:\/\/bobimarket.pl\/index.php\/wp-json\/wp\/v2\/product"}],"about":[{"href":"https:\/\/bobimarket.pl\/index.php\/wp-json\/wp\/v2\/types\/product"}],"wp:featuredmedia":[{"embeddable":true,"href":"https:\/\/bobimarket.pl\/index.php\/wp-json\/wp\/v2\/media\/86926"}],"wp:attachment":[{"href":"https:\/\/bobimarket.pl\/index.php\/wp-json\/wp\/v2\/media?parent=86936"}],"wp:term":[{"taxonomy":"product_cat","embeddable":true,"href":"https:\/\/bobimarket.pl\/index.php\/wp-json\/wp\/v2\/product_cat?post=86936"},{"taxonomy":"product_tag","embeddable":true,"href":"https:\/\/bobimarket.pl\/index.php\/wp-json\/wp\/v2\/product_tag?post=86936"}],"curies":[{"name":"wp","href":"https:\/\/api.w.org\/{rel}","templated":true}]}}