{"id":86966,"date":"2023-08-30T00:30:23","date_gmt":"2023-08-30T00:30:23","guid":{"rendered":"https:\/\/bobimarket.pl\/index.php\/produkt\/zestaw-wkretakow-do-pobijania-wkretaki-srubokrety-2\/"},"modified":"2025-02-27T14:53:09","modified_gmt":"2025-02-27T14:53:09","slug":"zestaw-wkretakow-do-pobijania-wkretaki-srubokrety-2","status":"publish","type":"product","link":"https:\/\/bobimarket.pl\/index.php\/produkt\/zestaw-wkretakow-do-pobijania-wkretaki-srubokrety-2\/","title":{"rendered":"ZESTAW WKR\u0118TAK\u00d3W DO POBIJANIA WKR\u0118TAKI \u015aRUBOKR\u0118TY"},"content":{"rendered":"<section class=\"section\">\n<div class=\"item item-6\">\n<section class=\"image-item\">\n            <img decoding=\"async\" src=\"https:\/\/upload.cdn.baselinker.com\/products\/14476\/2d429f26b251172eb720bbacfd9041c0.jpg\" \/><br \/>\n        <\/section>\n<\/p><\/div>\n<div class=\"item item-6\">\n<section class=\"text-item\">\n<h2>ZESTAW WKR\u0118TAK\u00d3W DO POBIJANIA WKR\u0118TAKI \u015aRUBOKR\u0118TY<\/h2>\n<p><b>Dane techniczne:<\/b><\/p>\n<ul>\n<li>Materia\u0142: <b>stal<\/b> <b>chromowo-wanadowa<\/b><\/li>\n<li>R\u0119koje\u015b\u0107:<b> tworzywo dwukomponetowe<\/b><\/li>\n<li>D\u0142ugo\u015b\u0107 ca\u0142kowita: <b>150 mm<\/b><\/li>\n<li>Magnesowe ko\u0144c\u00f3wki<\/li>\n<li>Mo\u017cliwo\u015b\u0107 pobijania<\/li>\n<\/ul>\n<p><b>Zestaw zawiera wkr\u0119taki:<\/b><\/p>\n<ul>\n<li><b>krzy\u017cakowe:<\/b> PH1,\u00a0 PH2, PH3<\/li>\n<li><b>p\u0142askie:<\/b> SL5, SL6, SL8.<\/li>\n<\/ul>\n<\/section><\/div>\n<\/section>\n<section class=\"section\">\n<div class=\"item item-6\">\n<section class=\"image-item\">\n            <img decoding=\"async\" src=\"https:\/\/upload.cdn.baselinker.com\/products\/14476\/387e9a0fd0dd22d8b7c4a3d6089fb6a5.jpg\" \/><br \/>\n        <\/section>\n<\/p><\/div>\n<div class=\"item item-6\">\n<section class=\"text-item\">\n<p><b>Niezb\u0119dny element wyposa\u017cenia Twojego warsztatu!<\/b><\/p>\n<p>Solidny i wytrzyma\u0142y zestaw wkr\u0119tak\u00f3w do pobijania wykonany ze stali <b>CrV <\/b>( stal chromowo-wanadow). Wkr\u0119taki zako\u0144czone s\u0105 <b>magnesow\u0105 ko\u0144c\u00f3wk\u0105.<\/b><\/p>\n<ul>\n<li><b>Ergonomiczny uchwyt<\/b> zapewnia komfort pracy. Narz\u0119dzie pewnie trzyma si\u0119 w d\u0142oni, nie wy\u015blizguje si\u0119 podczas przeprowadzanych prac.<\/li>\n<li>Wkr\u0119taki <b>wzmocnione metalowym elementem<\/b> umo\u017cliwiaj\u0105cym pobijanie.<\/li>\n<li><b>S<\/b><b>pecjalna konstrukcja<\/b> r\u0119koje\u015bci z grotem przechodz\u0105cym przez ca\u0142\u0105 jej d\u0142ugo\u015b\u0107.<\/li>\n<\/ul>\n<\/section><\/div>\n<\/section>\n<section class=\"section\">\n<div class=\"item item-6\">\n<section class=\"image-item\">\n            <img decoding=\"async\" src=\"https:\/\/upload.cdn.baselinker.com\/products\/14476\/0640e1b550bc72dcdf90e7b6de1a6a42.jpg\" \/><br \/>\n        <\/section>\n<\/p><\/div>\n<div class=\"item item-6\">\n<section class=\"text-item\">\n<p><b>\u2705 Zastosowanie:<\/b><\/p>\n<p>Zestaw sprawdzi si\u0119 w sytuacjach, gdzie zwyk\u0142e wkr\u0119taki sobie nie poradz\u0105. Pozwoli na mocne dokr\u0119cenie lub wyj\u0119cie \u015bruby.<\/p>\n<p>Mo\u017ce by\u0107 r\u00f3wnie\u017c wykorzystany jako d\u0142uto lub \u0142apka, zi\u0119ki specjalnej konstrukcji.<\/p>\n<p><b>\u2705 Najwa\u017cniejsze zalety:<\/b><\/p>\n<ul>\n<li>Wysoka jako\u015b\u0107 u\u017cytych materia\u0142\u00f3w, wykonane ze stali chromowo-wanadowej.<\/li>\n<li>Magnesowe ko\u0144c\u00f3wki u\u0142atwiaj\u0105 prac\u0119.<\/li>\n<li>Ergonomiczna konstrukcja r\u0119koje\u015bci.<\/li>\n<li>Solidna budowa.<\/li>\n<\/ul>\n<\/section><\/div>\n<\/section>\n<section class=\"section\">\n<div class=\"item item-12\">\n<section class=\"image-item\">\n            <img decoding=\"async\" src=\"https:\/\/upload.cdn.baselinker.com\/products\/14476\/83e704d2fd859a51870676da5d3bbcaa.jpg\" \/><br \/>\n        <\/section>\n<\/p><\/div>\n<\/section>\n","protected":false},"excerpt":{"rendered":"<p>ZESTAW WKR\u0118TAK\u00d3W DO POBIJANIA WKR\u0118TAKI \u015aRUBOKR\u0118TY Dane techniczne: Materia\u0142: stal chromowo-wanadowa R\u0119koje\u015b\u0107: tworzywo dwukomponetowe D\u0142ugo\u015b\u0107 ca\u0142kowita: 150 mm Magnesowe ko\u0144c\u00f3wki Mo\u017cliwo\u015b\u0107 pobijania Zestaw zawiera wkr\u0119taki: krzy\u017cakowe: PH1,\u00a0 PH2, PH3 p\u0142askie: SL5, SL6, SL8. Niezb\u0119dny element wyposa\u017cenia Twojego warsztatu! Solidny i wytrzyma\u0142y zestaw wkr\u0119tak\u00f3w do pobijania wykonany ze stali CrV ( stal chromowo-wanadow). Wkr\u0119taki zako\u0144czone s\u0105<br \/><a class=\"more-link\" href=\"https:\/\/bobimarket.pl\/index.php\/produkt\/zestaw-wkretakow-do-pobijania-wkretaki-srubokrety-2\/\"><br \/>\n        Czytaj wi\u0119cej<span class=\"screen-reader-text\"> &#8222;ZESTAW WKR\u0118TAK\u00d3W DO POBIJANIA WKR\u0118TAKI \u015aRUBOKR\u0118TY&#8221;<\/span><\/a><\/p>\n","protected":false},"featured_media":86959,"template":"","meta":[],"product_cat":[8071],"product_tag":[],"yoast_head":"<!-- This site is optimized with the Yoast SEO plugin v21.0 - https:\/\/yoast.com\/wordpress\/plugins\/seo\/ -->\n<title>ZESTAW WKR\u0118TAK\u00d3W DO POBIJANIA WKR\u0118TAKI \u015aRUBOKR\u0118TY - BOBIMARKET.pl - Remontuj i urz\u0105dzaj z nami<\/title>\n<meta name=\"robots\" content=\"index, follow, max-snippet:-1, max-image-preview:large, max-video-preview:-1\" \/>\n<link rel=\"canonical\" href=\"https:\/\/bobimarket.pl\/index.php\/produkt\/zestaw-wkretakow-do-pobijania-wkretaki-srubokrety-2\/\" \/>\n<meta property=\"og:locale\" content=\"pl_PL\" \/>\n<meta property=\"og:type\" content=\"article\" \/>\n<meta property=\"og:title\" content=\"ZESTAW WKR\u0118TAK\u00d3W DO POBIJANIA WKR\u0118TAKI \u015aRUBOKR\u0118TY - BOBIMARKET.pl - Remontuj i urz\u0105dzaj z nami\" \/>\n<meta property=\"og:description\" content=\"ZESTAW WKR\u0118TAK\u00d3W DO POBIJANIA WKR\u0118TAKI \u015aRUBOKR\u0118TY Dane techniczne: Materia\u0142: stal chromowo-wanadowa R\u0119koje\u015b\u0107: tworzywo dwukomponetowe D\u0142ugo\u015b\u0107 ca\u0142kowita: 150 mm Magnesowe ko\u0144c\u00f3wki Mo\u017cliwo\u015b\u0107 pobijania Zestaw zawiera wkr\u0119taki: krzy\u017cakowe: PH1,\u00a0 PH2, PH3 p\u0142askie: SL5, SL6, SL8. Niezb\u0119dny element wyposa\u017cenia Twojego warsztatu! Solidny i wytrzyma\u0142y zestaw wkr\u0119tak\u00f3w do pobijania wykonany ze stali CrV ( stal chromowo-wanadow). Wkr\u0119taki zako\u0144czone s\u0105     Czytaj wi\u0119cej &quot;ZESTAW WKR\u0118TAK\u00d3W DO POBIJANIA WKR\u0118TAKI \u015aRUBOKR\u0118TY&quot;\" \/>\n<meta property=\"og:url\" content=\"https:\/\/bobimarket.pl\/index.php\/produkt\/zestaw-wkretakow-do-pobijania-wkretaki-srubokrety-2\/\" \/>\n<meta property=\"og:site_name\" content=\"BOBIMARKET.pl - Remontuj i urz\u0105dzaj z nami\" \/>\n<meta property=\"article:modified_time\" content=\"2025-02-27T14:53:09+00:00\" \/>\n<meta property=\"og:image\" content=\"https:\/\/upload.cdn.baselinker.com\/products\/14476\/2d429f26b251172eb720bbacfd9041c0.jpg\" \/>\n<meta name=\"twitter:card\" content=\"summary_large_image\" \/>\n<meta name=\"twitter:label1\" content=\"Szacowany czas czytania\" \/>\n\t<meta name=\"twitter:data1\" content=\"1 minuta\" \/>\n<script type=\"application\/ld+json\" class=\"yoast-schema-graph\">{\"@context\":\"https:\/\/schema.org\",\"@graph\":[{\"@type\":\"WebPage\",\"@id\":\"https:\/\/bobimarket.pl\/index.php\/produkt\/zestaw-wkretakow-do-pobijania-wkretaki-srubokrety-2\/\",\"url\":\"https:\/\/bobimarket.pl\/index.php\/produkt\/zestaw-wkretakow-do-pobijania-wkretaki-srubokrety-2\/\",\"name\":\"ZESTAW WKR\u0118TAK\u00d3W DO POBIJANIA WKR\u0118TAKI \u015aRUBOKR\u0118TY - BOBIMARKET.pl - Remontuj i urz\u0105dzaj z nami\",\"isPartOf\":{\"@id\":\"https:\/\/bobimarket.pl\/#website\"},\"datePublished\":\"2023-08-30T00:30:23+00:00\",\"dateModified\":\"2025-02-27T14:53:09+00:00\",\"breadcrumb\":{\"@id\":\"https:\/\/bobimarket.pl\/index.php\/produkt\/zestaw-wkretakow-do-pobijania-wkretaki-srubokrety-2\/#breadcrumb\"},\"inLanguage\":\"pl-PL\",\"potentialAction\":[{\"@type\":\"ReadAction\",\"target\":[\"https:\/\/bobimarket.pl\/index.php\/produkt\/zestaw-wkretakow-do-pobijania-wkretaki-srubokrety-2\/\"]}]},{\"@type\":\"BreadcrumbList\",\"@id\":\"https:\/\/bobimarket.pl\/index.php\/produkt\/zestaw-wkretakow-do-pobijania-wkretaki-srubokrety-2\/#breadcrumb\",\"itemListElement\":[{\"@type\":\"ListItem\",\"position\":1,\"name\":\"Strona g\u0142\u00f3wna\",\"item\":\"https:\/\/bobimarket.pl\/\"},{\"@type\":\"ListItem\",\"position\":2,\"name\":\"Sklep\",\"item\":\"https:\/\/bobimarket.pl\/index.php\/shop\/\"},{\"@type\":\"ListItem\",\"position\":3,\"name\":\"ZESTAW WKR\u0118TAK\u00d3W DO POBIJANIA WKR\u0118TAKI \u015aRUBOKR\u0118TY\"}]},{\"@type\":\"WebSite\",\"@id\":\"https:\/\/bobimarket.pl\/#website\",\"url\":\"https:\/\/bobimarket.pl\/\",\"name\":\"BOBIMARKET.pl - Remontuj i urz\u0105dzaj z nami\",\"description\":\"Remontuj i urz\u0105dzaj z nami\",\"publisher\":{\"@id\":\"https:\/\/bobimarket.pl\/#organization\"},\"potentialAction\":[{\"@type\":\"SearchAction\",\"target\":{\"@type\":\"EntryPoint\",\"urlTemplate\":\"https:\/\/bobimarket.pl\/?s={search_term_string}\"},\"query-input\":\"required name=search_term_string\"}],\"inLanguage\":\"pl-PL\"},{\"@type\":\"Organization\",\"@id\":\"https:\/\/bobimarket.pl\/#organization\",\"name\":\"BOBIMARKET.pl\",\"url\":\"https:\/\/bobimarket.pl\/\",\"logo\":{\"@type\":\"ImageObject\",\"inLanguage\":\"pl-PL\",\"@id\":\"https:\/\/bobimarket.pl\/#\/schema\/logo\/image\/\",\"url\":\"https:\/\/bobimarket.pl\/wp-content\/uploads\/2021\/11\/slogan.png\",\"contentUrl\":\"https:\/\/bobimarket.pl\/wp-content\/uploads\/2021\/11\/slogan.png\",\"width\":2000,\"height\":384,\"caption\":\"BOBIMARKET.pl\"},\"image\":{\"@id\":\"https:\/\/bobimarket.pl\/#\/schema\/logo\/image\/\"}}]}<\/script>\n<!-- \/ Yoast SEO plugin. -->","yoast_head_json":{"title":"ZESTAW WKR\u0118TAK\u00d3W DO POBIJANIA WKR\u0118TAKI \u015aRUBOKR\u0118TY - BOBIMARKET.pl - Remontuj i urz\u0105dzaj z nami","robots":{"index":"index","follow":"follow","max-snippet":"max-snippet:-1","max-image-preview":"max-image-preview:large","max-video-preview":"max-video-preview:-1"},"canonical":"https:\/\/bobimarket.pl\/index.php\/produkt\/zestaw-wkretakow-do-pobijania-wkretaki-srubokrety-2\/","og_locale":"pl_PL","og_type":"article","og_title":"ZESTAW WKR\u0118TAK\u00d3W DO POBIJANIA WKR\u0118TAKI \u015aRUBOKR\u0118TY - BOBIMARKET.pl - Remontuj i urz\u0105dzaj z nami","og_description":"ZESTAW WKR\u0118TAK\u00d3W DO POBIJANIA WKR\u0118TAKI \u015aRUBOKR\u0118TY Dane techniczne: Materia\u0142: stal chromowo-wanadowa R\u0119koje\u015b\u0107: tworzywo dwukomponetowe D\u0142ugo\u015b\u0107 ca\u0142kowita: 150 mm Magnesowe ko\u0144c\u00f3wki Mo\u017cliwo\u015b\u0107 pobijania Zestaw zawiera wkr\u0119taki: krzy\u017cakowe: PH1,\u00a0 PH2, PH3 p\u0142askie: SL5, SL6, SL8. Niezb\u0119dny element wyposa\u017cenia Twojego warsztatu! Solidny i wytrzyma\u0142y zestaw wkr\u0119tak\u00f3w do pobijania wykonany ze stali CrV ( stal chromowo-wanadow). Wkr\u0119taki zako\u0144czone s\u0105     Czytaj wi\u0119cej \"ZESTAW WKR\u0118TAK\u00d3W DO POBIJANIA WKR\u0118TAKI \u015aRUBOKR\u0118TY\"","og_url":"https:\/\/bobimarket.pl\/index.php\/produkt\/zestaw-wkretakow-do-pobijania-wkretaki-srubokrety-2\/","og_site_name":"BOBIMARKET.pl - Remontuj i urz\u0105dzaj z nami","article_modified_time":"2025-02-27T14:53:09+00:00","og_image":[{"url":"https:\/\/upload.cdn.baselinker.com\/products\/14476\/2d429f26b251172eb720bbacfd9041c0.jpg"}],"twitter_card":"summary_large_image","twitter_misc":{"Szacowany czas czytania":"1 minuta"},"schema":{"@context":"https:\/\/schema.org","@graph":[{"@type":"WebPage","@id":"https:\/\/bobimarket.pl\/index.php\/produkt\/zestaw-wkretakow-do-pobijania-wkretaki-srubokrety-2\/","url":"https:\/\/bobimarket.pl\/index.php\/produkt\/zestaw-wkretakow-do-pobijania-wkretaki-srubokrety-2\/","name":"ZESTAW WKR\u0118TAK\u00d3W DO POBIJANIA WKR\u0118TAKI \u015aRUBOKR\u0118TY - BOBIMARKET.pl - Remontuj i urz\u0105dzaj z nami","isPartOf":{"@id":"https:\/\/bobimarket.pl\/#website"},"datePublished":"2023-08-30T00:30:23+00:00","dateModified":"2025-02-27T14:53:09+00:00","breadcrumb":{"@id":"https:\/\/bobimarket.pl\/index.php\/produkt\/zestaw-wkretakow-do-pobijania-wkretaki-srubokrety-2\/#breadcrumb"},"inLanguage":"pl-PL","potentialAction":[{"@type":"ReadAction","target":["https:\/\/bobimarket.pl\/index.php\/produkt\/zestaw-wkretakow-do-pobijania-wkretaki-srubokrety-2\/"]}]},{"@type":"BreadcrumbList","@id":"https:\/\/bobimarket.pl\/index.php\/produkt\/zestaw-wkretakow-do-pobijania-wkretaki-srubokrety-2\/#breadcrumb","itemListElement":[{"@type":"ListItem","position":1,"name":"Strona g\u0142\u00f3wna","item":"https:\/\/bobimarket.pl\/"},{"@type":"ListItem","position":2,"name":"Sklep","item":"https:\/\/bobimarket.pl\/index.php\/shop\/"},{"@type":"ListItem","position":3,"name":"ZESTAW WKR\u0118TAK\u00d3W DO POBIJANIA WKR\u0118TAKI \u015aRUBOKR\u0118TY"}]},{"@type":"WebSite","@id":"https:\/\/bobimarket.pl\/#website","url":"https:\/\/bobimarket.pl\/","name":"BOBIMARKET.pl - Remontuj i urz\u0105dzaj z nami","description":"Remontuj i urz\u0105dzaj z nami","publisher":{"@id":"https:\/\/bobimarket.pl\/#organization"},"potentialAction":[{"@type":"SearchAction","target":{"@type":"EntryPoint","urlTemplate":"https:\/\/bobimarket.pl\/?s={search_term_string}"},"query-input":"required name=search_term_string"}],"inLanguage":"pl-PL"},{"@type":"Organization","@id":"https:\/\/bobimarket.pl\/#organization","name":"BOBIMARKET.pl","url":"https:\/\/bobimarket.pl\/","logo":{"@type":"ImageObject","inLanguage":"pl-PL","@id":"https:\/\/bobimarket.pl\/#\/schema\/logo\/image\/","url":"https:\/\/bobimarket.pl\/wp-content\/uploads\/2021\/11\/slogan.png","contentUrl":"https:\/\/bobimarket.pl\/wp-content\/uploads\/2021\/11\/slogan.png","width":2000,"height":384,"caption":"BOBIMARKET.pl"},"image":{"@id":"https:\/\/bobimarket.pl\/#\/schema\/logo\/image\/"}}]}},"_links":{"self":[{"href":"https:\/\/bobimarket.pl\/index.php\/wp-json\/wp\/v2\/product\/86966"}],"collection":[{"href":"https:\/\/bobimarket.pl\/index.php\/wp-json\/wp\/v2\/product"}],"about":[{"href":"https:\/\/bobimarket.pl\/index.php\/wp-json\/wp\/v2\/types\/product"}],"wp:featuredmedia":[{"embeddable":true,"href":"https:\/\/bobimarket.pl\/index.php\/wp-json\/wp\/v2\/media\/86959"}],"wp:attachment":[{"href":"https:\/\/bobimarket.pl\/index.php\/wp-json\/wp\/v2\/media?parent=86966"}],"wp:term":[{"taxonomy":"product_cat","embeddable":true,"href":"https:\/\/bobimarket.pl\/index.php\/wp-json\/wp\/v2\/product_cat?post=86966"},{"taxonomy":"product_tag","embeddable":true,"href":"https:\/\/bobimarket.pl\/index.php\/wp-json\/wp\/v2\/product_tag?post=86966"}],"curies":[{"name":"wp","href":"https:\/\/api.w.org\/{rel}","templated":true}]}}