{"id":86988,"date":"2023-08-30T00:31:29","date_gmt":"2023-08-30T00:31:29","guid":{"rendered":"https:\/\/bobimarket.pl\/index.php\/produkt\/laczniki-tyczek-podpor-mocowanie-typ-t-6-szt-11-mm\/"},"modified":"2025-02-27T14:53:16","modified_gmt":"2025-02-27T14:53:16","slug":"laczniki-tyczek-podpor-mocowanie-typ-t-6-szt-11-mm","status":"publish","type":"product","link":"https:\/\/bobimarket.pl\/index.php\/produkt\/laczniki-tyczek-podpor-mocowanie-typ-t-6-szt-11-mm\/","title":{"rendered":"\u0141\u0104CZNIKI TYCZEK PODP\u00d3R MOCOWANIE TYP T 6 szt. 11 mm"},"content":{"rendered":"<section class=\"section\">\n<div class=\"item item-12\">\n<section class=\"text-item\">\n<h1>\u0141\u0104CZNIKI TYCZEK PODP\u00d3R MOCOWANIE TYP T 6 szt. 11 mm<\/h1>\n<p><b>Informacje og\u00f3lne:<\/b><\/p>\n<ul>\n<li>\u0141\u0105czenia na tyczki o \u015brednicy: <b>11 mm<\/b><\/li>\n<li>Ilo\u015b\u0107 sztuk w opakowaniu: <b>6 szt.<\/b><\/li>\n<li>Materia\u0142: <b>tworzywo sztuczne<\/b><\/li>\n<li>Kolor: <b>zielony <\/b><\/li>\n<\/ul>\n<\/section><\/div>\n<\/section>\n<section class=\"section\">\n<div class=\"item item-12\">\n<section class=\"image-item\">\n            <img decoding=\"async\" src=\"https:\/\/upload.cdn.baselinker.com\/products\/14476\/d6f498ae83e48a61741646ee4fea6e34.jpg\" \/><br \/>\n        <\/section>\n<\/p><\/div>\n<\/section>\n<section class=\"section\">\n<div class=\"item item-12\">\n<section class=\"text-item\">\n<h2>\u2705 Zadbaj o swoje ro\u015blin i stw\u00f3rz im odpowiednie warunki do wzrostu!<\/h2>\n<p>Ma\u0142y, ale bardzo przydatny element, kt\u00f3ry przyda si\u0119 ka\u017cdemu ogrodnikowi. \u0141\u0105czniki w szybki spos\u00f3b <b>pozwalaj\u0105 skonstruowa\u0107 stabiln\u0105 podpor\u0119<\/b> dla kwiat\u00f3w, warzyw i pn\u0105czy.\u00a0 B\u0119d\u0105 przydane podczas uprawy wielu popularnych kwiat\u00f3w doniczkowych, ozdobnych pn\u0105czy i innych gatunk\u00f3w o wiotkich p\u0119dach.<\/p>\n<ul>\n<li>Wykonane zosta\u0142y z <b>wysokiej jako\u015bci tworzywa<\/b> sztucznego, odpornego na promieniowanie UV i trudne warunki atmosferyczne.<\/li>\n<li>Sprawi\u0105, \u017ce <b>dopasujesz podpor\u0119 do wysoko\u015bci i kszta\u0142tu ro\u015bliny,<\/b> umo\u017cliwiaj\u0105c jej prawid\u0142owy rozw\u00f3j.<\/li>\n<li>Komplet sk\u0142ada si\u0119 z 6 sztuk \u0142\u0105cznik\u00f3w obrotowych, kt\u00f3re s\u0105 odpowiednie<b> do tyczek o \u015brednicy 11 mm.<\/b><\/li>\n<\/ul>\n<\/section><\/div>\n<\/section>\n<section class=\"section\">\n<div class=\"item item-12\">\n<section class=\"image-item\">\n            <img decoding=\"async\" src=\"https:\/\/upload.cdn.baselinker.com\/products\/14476\/c093ceb606dff229e6d92ea6dad453eb.jpg\" \/><br \/>\n        <\/section>\n<\/p><\/div>\n<\/section>\n<section class=\"section\">\n<div class=\"item item-12\">\n<section class=\"text-item\">\n<h2>Jeden rodzaj \u0142\u0105cznika umo\u017cliwia zbudowanie r\u00f3\u017cnego rodzaju konstrukcji.<\/h2>\n<p>\u2705 Za pomoc\u0105 element\u00f3w mo\u017cesz po\u0142\u0105czy\u0107 ze sob\u0105 tyczki. W prostu spos\u00f3b po\u0142\u0105czysz dwie tyczki, aby uzyska\u0107 wy\u017csz\u0105 podpor\u0119.<\/p>\n<p>\u2705 Naturalny zielony kolor sprawia, \u017ce jest<b> \u0142\u0105czniki s\u0105 niemal niewidoczne po\u015br\u00f3d ro\u015blin<\/b>, idealnie si\u0119 z nimi komponuj\u0105. W po\u0142\u0105czeni z tyczkami umo\u017cliwiaj\u0105 tworzenie oryginalnych aran\u017cacj\u0119.<\/p>\n<h2>Ro\u015bliny b\u0119d\u0105 si\u0119 pi\u0119\u0142y i prawid\u0142owo ros\u0142y!<\/h2>\n<\/section><\/div>\n<\/section>\n<section class=\"section\">\n<div class=\"item item-12\">\n<section class=\"image-item\">\n            <img decoding=\"async\" src=\"https:\/\/upload.cdn.baselinker.com\/products\/14476\/f23bd10b5325e71232faf314b8caf4a0.jpg\" \/><br \/>\n        <\/section>\n<\/p><\/div>\n<\/section>\n","protected":false},"excerpt":{"rendered":"<p>\u0141\u0104CZNIKI TYCZEK PODP\u00d3R MOCOWANIE TYP T 6 szt. 11 mm Informacje og\u00f3lne: \u0141\u0105czenia na tyczki o \u015brednicy: 11 mm Ilo\u015b\u0107 sztuk w opakowaniu: 6 szt. Materia\u0142: tworzywo sztuczne Kolor: zielony \u2705 Zadbaj o swoje ro\u015blin i stw\u00f3rz im odpowiednie warunki do wzrostu! Ma\u0142y, ale bardzo przydatny element, kt\u00f3ry przyda si\u0119 ka\u017cdemu ogrodnikowi. \u0141\u0105czniki w szybki<br \/><a class=\"more-link\" href=\"https:\/\/bobimarket.pl\/index.php\/produkt\/laczniki-tyczek-podpor-mocowanie-typ-t-6-szt-11-mm\/\"><br \/>\n        Czytaj wi\u0119cej<span class=\"screen-reader-text\"> &#8222;\u0141\u0104CZNIKI TYCZEK PODP\u00d3R MOCOWANIE TYP T 6 szt. 11 mm&#8221;<\/span><\/a><\/p>\n","protected":false},"featured_media":86979,"template":"","meta":[],"product_cat":[8330],"product_tag":[],"yoast_head":"<!-- This site is optimized with the Yoast SEO plugin v21.0 - https:\/\/yoast.com\/wordpress\/plugins\/seo\/ -->\n<title>\u0141\u0104CZNIKI TYCZEK PODP\u00d3R MOCOWANIE TYP T 6 szt. 11 mm - BOBIMARKET.pl - Remontuj i urz\u0105dzaj z nami<\/title>\n<meta name=\"robots\" content=\"index, follow, max-snippet:-1, max-image-preview:large, max-video-preview:-1\" \/>\n<link rel=\"canonical\" href=\"https:\/\/bobimarket.pl\/index.php\/produkt\/laczniki-tyczek-podpor-mocowanie-typ-t-6-szt-11-mm\/\" \/>\n<meta property=\"og:locale\" content=\"pl_PL\" \/>\n<meta property=\"og:type\" content=\"article\" \/>\n<meta property=\"og:title\" content=\"\u0141\u0104CZNIKI TYCZEK PODP\u00d3R MOCOWANIE TYP T 6 szt. 11 mm - BOBIMARKET.pl - Remontuj i urz\u0105dzaj z nami\" \/>\n<meta property=\"og:description\" content=\"\u0141\u0104CZNIKI TYCZEK PODP\u00d3R MOCOWANIE TYP T 6 szt. 11 mm Informacje og\u00f3lne: \u0141\u0105czenia na tyczki o \u015brednicy: 11 mm Ilo\u015b\u0107 sztuk w opakowaniu: 6 szt. Materia\u0142: tworzywo sztuczne Kolor: zielony \u2705 Zadbaj o swoje ro\u015blin i stw\u00f3rz im odpowiednie warunki do wzrostu! Ma\u0142y, ale bardzo przydatny element, kt\u00f3ry przyda si\u0119 ka\u017cdemu ogrodnikowi. \u0141\u0105czniki w szybki     Czytaj wi\u0119cej &quot;\u0141\u0104CZNIKI TYCZEK PODP\u00d3R MOCOWANIE TYP T 6 szt. 11 mm&quot;\" \/>\n<meta property=\"og:url\" content=\"https:\/\/bobimarket.pl\/index.php\/produkt\/laczniki-tyczek-podpor-mocowanie-typ-t-6-szt-11-mm\/\" \/>\n<meta property=\"og:site_name\" content=\"BOBIMARKET.pl - Remontuj i urz\u0105dzaj z nami\" \/>\n<meta property=\"article:modified_time\" content=\"2025-02-27T14:53:16+00:00\" \/>\n<meta property=\"og:image\" content=\"https:\/\/upload.cdn.baselinker.com\/products\/14476\/d6f498ae83e48a61741646ee4fea6e34.jpg\" \/>\n<meta name=\"twitter:card\" content=\"summary_large_image\" \/>\n<meta name=\"twitter:label1\" content=\"Szacowany czas czytania\" \/>\n\t<meta name=\"twitter:data1\" content=\"1 minuta\" \/>\n<script type=\"application\/ld+json\" class=\"yoast-schema-graph\">{\"@context\":\"https:\/\/schema.org\",\"@graph\":[{\"@type\":\"WebPage\",\"@id\":\"https:\/\/bobimarket.pl\/index.php\/produkt\/laczniki-tyczek-podpor-mocowanie-typ-t-6-szt-11-mm\/\",\"url\":\"https:\/\/bobimarket.pl\/index.php\/produkt\/laczniki-tyczek-podpor-mocowanie-typ-t-6-szt-11-mm\/\",\"name\":\"\u0141\u0104CZNIKI TYCZEK PODP\u00d3R MOCOWANIE TYP T 6 szt. 11 mm - BOBIMARKET.pl - Remontuj i urz\u0105dzaj z nami\",\"isPartOf\":{\"@id\":\"https:\/\/bobimarket.pl\/#website\"},\"datePublished\":\"2023-08-30T00:31:29+00:00\",\"dateModified\":\"2025-02-27T14:53:16+00:00\",\"breadcrumb\":{\"@id\":\"https:\/\/bobimarket.pl\/index.php\/produkt\/laczniki-tyczek-podpor-mocowanie-typ-t-6-szt-11-mm\/#breadcrumb\"},\"inLanguage\":\"pl-PL\",\"potentialAction\":[{\"@type\":\"ReadAction\",\"target\":[\"https:\/\/bobimarket.pl\/index.php\/produkt\/laczniki-tyczek-podpor-mocowanie-typ-t-6-szt-11-mm\/\"]}]},{\"@type\":\"BreadcrumbList\",\"@id\":\"https:\/\/bobimarket.pl\/index.php\/produkt\/laczniki-tyczek-podpor-mocowanie-typ-t-6-szt-11-mm\/#breadcrumb\",\"itemListElement\":[{\"@type\":\"ListItem\",\"position\":1,\"name\":\"Strona g\u0142\u00f3wna\",\"item\":\"https:\/\/bobimarket.pl\/\"},{\"@type\":\"ListItem\",\"position\":2,\"name\":\"Sklep\",\"item\":\"https:\/\/bobimarket.pl\/index.php\/shop\/\"},{\"@type\":\"ListItem\",\"position\":3,\"name\":\"\u0141\u0104CZNIKI TYCZEK PODP\u00d3R MOCOWANIE TYP T 6 szt. 11 mm\"}]},{\"@type\":\"WebSite\",\"@id\":\"https:\/\/bobimarket.pl\/#website\",\"url\":\"https:\/\/bobimarket.pl\/\",\"name\":\"BOBIMARKET.pl - Remontuj i urz\u0105dzaj z nami\",\"description\":\"Remontuj i urz\u0105dzaj z nami\",\"publisher\":{\"@id\":\"https:\/\/bobimarket.pl\/#organization\"},\"potentialAction\":[{\"@type\":\"SearchAction\",\"target\":{\"@type\":\"EntryPoint\",\"urlTemplate\":\"https:\/\/bobimarket.pl\/?s={search_term_string}\"},\"query-input\":\"required name=search_term_string\"}],\"inLanguage\":\"pl-PL\"},{\"@type\":\"Organization\",\"@id\":\"https:\/\/bobimarket.pl\/#organization\",\"name\":\"BOBIMARKET.pl\",\"url\":\"https:\/\/bobimarket.pl\/\",\"logo\":{\"@type\":\"ImageObject\",\"inLanguage\":\"pl-PL\",\"@id\":\"https:\/\/bobimarket.pl\/#\/schema\/logo\/image\/\",\"url\":\"https:\/\/bobimarket.pl\/wp-content\/uploads\/2021\/11\/slogan.png\",\"contentUrl\":\"https:\/\/bobimarket.pl\/wp-content\/uploads\/2021\/11\/slogan.png\",\"width\":2000,\"height\":384,\"caption\":\"BOBIMARKET.pl\"},\"image\":{\"@id\":\"https:\/\/bobimarket.pl\/#\/schema\/logo\/image\/\"}}]}<\/script>\n<!-- \/ Yoast SEO plugin. -->","yoast_head_json":{"title":"\u0141\u0104CZNIKI TYCZEK PODP\u00d3R MOCOWANIE TYP T 6 szt. 11 mm - BOBIMARKET.pl - Remontuj i urz\u0105dzaj z nami","robots":{"index":"index","follow":"follow","max-snippet":"max-snippet:-1","max-image-preview":"max-image-preview:large","max-video-preview":"max-video-preview:-1"},"canonical":"https:\/\/bobimarket.pl\/index.php\/produkt\/laczniki-tyczek-podpor-mocowanie-typ-t-6-szt-11-mm\/","og_locale":"pl_PL","og_type":"article","og_title":"\u0141\u0104CZNIKI TYCZEK PODP\u00d3R MOCOWANIE TYP T 6 szt. 11 mm - BOBIMARKET.pl - Remontuj i urz\u0105dzaj z nami","og_description":"\u0141\u0104CZNIKI TYCZEK PODP\u00d3R MOCOWANIE TYP T 6 szt. 11 mm Informacje og\u00f3lne: \u0141\u0105czenia na tyczki o \u015brednicy: 11 mm Ilo\u015b\u0107 sztuk w opakowaniu: 6 szt. Materia\u0142: tworzywo sztuczne Kolor: zielony \u2705 Zadbaj o swoje ro\u015blin i stw\u00f3rz im odpowiednie warunki do wzrostu! Ma\u0142y, ale bardzo przydatny element, kt\u00f3ry przyda si\u0119 ka\u017cdemu ogrodnikowi. \u0141\u0105czniki w szybki     Czytaj wi\u0119cej \"\u0141\u0104CZNIKI TYCZEK PODP\u00d3R MOCOWANIE TYP T 6 szt. 11 mm\"","og_url":"https:\/\/bobimarket.pl\/index.php\/produkt\/laczniki-tyczek-podpor-mocowanie-typ-t-6-szt-11-mm\/","og_site_name":"BOBIMARKET.pl - Remontuj i urz\u0105dzaj z nami","article_modified_time":"2025-02-27T14:53:16+00:00","og_image":[{"url":"https:\/\/upload.cdn.baselinker.com\/products\/14476\/d6f498ae83e48a61741646ee4fea6e34.jpg"}],"twitter_card":"summary_large_image","twitter_misc":{"Szacowany czas czytania":"1 minuta"},"schema":{"@context":"https:\/\/schema.org","@graph":[{"@type":"WebPage","@id":"https:\/\/bobimarket.pl\/index.php\/produkt\/laczniki-tyczek-podpor-mocowanie-typ-t-6-szt-11-mm\/","url":"https:\/\/bobimarket.pl\/index.php\/produkt\/laczniki-tyczek-podpor-mocowanie-typ-t-6-szt-11-mm\/","name":"\u0141\u0104CZNIKI TYCZEK PODP\u00d3R MOCOWANIE TYP T 6 szt. 11 mm - BOBIMARKET.pl - Remontuj i urz\u0105dzaj z nami","isPartOf":{"@id":"https:\/\/bobimarket.pl\/#website"},"datePublished":"2023-08-30T00:31:29+00:00","dateModified":"2025-02-27T14:53:16+00:00","breadcrumb":{"@id":"https:\/\/bobimarket.pl\/index.php\/produkt\/laczniki-tyczek-podpor-mocowanie-typ-t-6-szt-11-mm\/#breadcrumb"},"inLanguage":"pl-PL","potentialAction":[{"@type":"ReadAction","target":["https:\/\/bobimarket.pl\/index.php\/produkt\/laczniki-tyczek-podpor-mocowanie-typ-t-6-szt-11-mm\/"]}]},{"@type":"BreadcrumbList","@id":"https:\/\/bobimarket.pl\/index.php\/produkt\/laczniki-tyczek-podpor-mocowanie-typ-t-6-szt-11-mm\/#breadcrumb","itemListElement":[{"@type":"ListItem","position":1,"name":"Strona g\u0142\u00f3wna","item":"https:\/\/bobimarket.pl\/"},{"@type":"ListItem","position":2,"name":"Sklep","item":"https:\/\/bobimarket.pl\/index.php\/shop\/"},{"@type":"ListItem","position":3,"name":"\u0141\u0104CZNIKI TYCZEK PODP\u00d3R MOCOWANIE TYP T 6 szt. 11 mm"}]},{"@type":"WebSite","@id":"https:\/\/bobimarket.pl\/#website","url":"https:\/\/bobimarket.pl\/","name":"BOBIMARKET.pl - Remontuj i urz\u0105dzaj z nami","description":"Remontuj i urz\u0105dzaj z nami","publisher":{"@id":"https:\/\/bobimarket.pl\/#organization"},"potentialAction":[{"@type":"SearchAction","target":{"@type":"EntryPoint","urlTemplate":"https:\/\/bobimarket.pl\/?s={search_term_string}"},"query-input":"required name=search_term_string"}],"inLanguage":"pl-PL"},{"@type":"Organization","@id":"https:\/\/bobimarket.pl\/#organization","name":"BOBIMARKET.pl","url":"https:\/\/bobimarket.pl\/","logo":{"@type":"ImageObject","inLanguage":"pl-PL","@id":"https:\/\/bobimarket.pl\/#\/schema\/logo\/image\/","url":"https:\/\/bobimarket.pl\/wp-content\/uploads\/2021\/11\/slogan.png","contentUrl":"https:\/\/bobimarket.pl\/wp-content\/uploads\/2021\/11\/slogan.png","width":2000,"height":384,"caption":"BOBIMARKET.pl"},"image":{"@id":"https:\/\/bobimarket.pl\/#\/schema\/logo\/image\/"}}]}},"_links":{"self":[{"href":"https:\/\/bobimarket.pl\/index.php\/wp-json\/wp\/v2\/product\/86988"}],"collection":[{"href":"https:\/\/bobimarket.pl\/index.php\/wp-json\/wp\/v2\/product"}],"about":[{"href":"https:\/\/bobimarket.pl\/index.php\/wp-json\/wp\/v2\/types\/product"}],"wp:featuredmedia":[{"embeddable":true,"href":"https:\/\/bobimarket.pl\/index.php\/wp-json\/wp\/v2\/media\/86979"}],"wp:attachment":[{"href":"https:\/\/bobimarket.pl\/index.php\/wp-json\/wp\/v2\/media?parent=86988"}],"wp:term":[{"taxonomy":"product_cat","embeddable":true,"href":"https:\/\/bobimarket.pl\/index.php\/wp-json\/wp\/v2\/product_cat?post=86988"},{"taxonomy":"product_tag","embeddable":true,"href":"https:\/\/bobimarket.pl\/index.php\/wp-json\/wp\/v2\/product_tag?post=86988"}],"curies":[{"name":"wp","href":"https:\/\/api.w.org\/{rel}","templated":true}]}}