{"id":87014,"date":"2023-08-30T00:33:33","date_gmt":"2023-08-30T00:33:33","guid":{"rendered":"https:\/\/bobimarket.pl\/index.php\/produkt\/tyczka-podpora-do-pomidorow-skrecana-fi16-60-cm\/"},"modified":"2025-05-05T13:16:44","modified_gmt":"2025-05-05T13:16:44","slug":"tyczka-podpora-do-pomidorow-skrecana-fi16-60-cm","status":"publish","type":"product","link":"https:\/\/bobimarket.pl\/index.php\/produkt\/tyczka-podpora-do-pomidorow-skrecana-fi16-60-cm\/","title":{"rendered":"TYCZKA PODPORA DO POMIDOR\u00d3W SKR\u0118CANA FI16 60 cm"},"content":{"rendered":"<section class=\"section\">\n<div class=\"item item-12\">\n<section class=\"text-item\">\n<h2>TYCZKA PODPORA DO POMIDOR\u00d3W SKR\u0118CANA FI16 60 cm<\/h2>\n<p><b>Informacje og\u00f3lne:\u00a0<\/b><\/p>\n<ul>\n<li>Wysoko\u015b\u0107: <b>60 cm<\/b><\/li>\n<li>\u015arednica tyczki: <b>16\u00a0mm<\/b><\/li>\n<li>Materia\u0142:<b> stal powlekana polietylenem<\/b><\/li>\n<li>Kolor: <b>zielony<\/b><\/li>\n<\/ul>\n<p><b>Aukcja dotyczy 1 sztuki tyczki. <\/b><\/p>\n<\/section><\/div>\n<\/section>\n<section class=\"section\">\n<div class=\"item item-12\">\n<section class=\"image-item\">\n            <img decoding=\"async\" src=\"https:\/\/upload.cdn.baselinker.com\/products\/14476\/89dd47cb35cc04da0ee6447543b5c79a.jpg\" \/><br \/>\n        <\/section>\n<\/p><\/div>\n<\/section>\n<section class=\"section\">\n<div class=\"item item-12\">\n<section class=\"text-item\">\n<h2>Tyczka to doskona\u0142e rozwi\u0105zanie dla Twoich ro\u015blin!<\/h2>\n<p>Je\u017celi chcesz odpowiednio<b> zadba\u0107 o swoje ro\u015bliny pn\u0105ce<\/b> to tyczka jest idealnym rozwi\u0105zanie. Nie wa\u017cne jakich rozmiar\u00f3w jest Tw\u00f3j ogr\u00f3d oraz czy dopiero zaczynasz przygod\u0119 z ogrodnictwem. Uniwersalna skr\u0119cana tyczka umo\u017cliwi <b>szybszy i zdrowszy wzrost<\/b> ro\u015blin. Kilka tyczek<b> mo\u017cna ze sob\u0105 po\u0142\u0105czy\u0107 i stworzy\u0107 d\u0142u\u017csz\u0105 podpor\u0119.<\/b><\/p>\n<p>\u2705 Tyczka jest wykonane z stali i pokryta tworzywem sztucznym w kolorze zielonym. <b>Solidne wykonanie<\/b> produktu b\u0119dzie owocowa\u0142o d\u0142ugim okresem u\u017cytkowania.<\/p>\n<p>\u2705 Tyczka jest<b> odporna na uszkodzenia<\/b> i niesprzyjaj\u0105ce warunki atmosferyczne. Produktu mo\u017cna u\u017cywa\u0107 do podpierania pn\u0105czy, krzew\u00f3w, delikatnych kwiat\u00f3w, ro\u015blin warzywnych i owocowych.<\/p>\n<\/section><\/div>\n<\/section>\n<section class=\"section\">\n<div class=\"item item-12\">\n<section class=\"image-item\">\n            <img decoding=\"async\" src=\"https:\/\/upload.cdn.baselinker.com\/products\/14476\/8f8286620c3bcfdced4aeaa9d64e7bd7.jpg\" \/><br \/>\n        <\/section>\n<\/p><\/div>\n<\/section>\n<section class=\"section\">\n<div class=\"item item-12\">\n<section class=\"text-item\">\n<h1>Monta\u017c tyczki ? To nic trudnego!<\/h1>\n<p>Pr\u0119t nale\u017cy umie\u015bci\u0107 w ziemi obok ro\u015bliny oraz przywi\u0105za\u0107 do niego \u0142odyg\u0119, w ten spos\u00f3b zapewnimy doskona\u0142\u0105 stabilizacj\u0119 i zabezpieczenie przed z\u0142amaniem nawet podczas wietrznej pogody. Nasza ukochana ro\u015blinka jest bezpieczna i nie straszne jej silniejszy podmuch wiatru. Tyczka jest <b>elastyczna i skr\u0119cana<\/b>\u00a0co umo\u017cliwia tworzenie w\u0142asnych, nietypowych kompozycji.<\/p>\n<p><b>\u2705 <\/b>Tyczka jest <b>wykonana z stali<\/b> i pokryta tworzywem sztucznym w kolorze zielonym.<\/p>\n<p><b>\u2705 <\/b>Solidne wykonanie produktu b\u0119dzie owocowa\u0142o <b>d\u0142ugim okresem u\u017cytkowania.<\/b><\/p>\n<p><b>\u2705 <\/b>Tyczki s\u0105<b> odporne na uszkodzenia<\/b> i niesprzyjaj\u0105ce warunki atmosferyczne.<\/p>\n<p><b>\u2705 <\/b>Mo\u017cna jej u\u017cywa\u0107 <b>do podpierania pn\u0105czy<\/b>, krzew\u00f3w, delikatnych kwiat\u00f3w, ro\u015blin warzywnych i owocowych.<\/p>\n<\/section><\/div>\n<\/section>\n<section class=\"section\">\n<div class=\"item item-12\">\n<section class=\"image-item\">\n            <img decoding=\"async\" src=\"https:\/\/upload.cdn.baselinker.com\/products\/14476\/65d81a40aec0765aae77501c0dc65b5b.jpg\" \/><br \/>\n        <\/section>\n<\/p><\/div>\n<\/section>\n<section class=\"section\">\n<div class=\"item item-12\">\n<section class=\"text-item\">\n<h2>Zastanawiasz si\u0119, czy tyczka to rozwi\u0105zanie dla Ciebie ? Zdecydowanie tak!<\/h2>\n<p>\u2705 Sprawdzi si\u0119 w okresie wczesnego wzrostu ro\u015blin lub aby pom\u00f3c im utrzyma\u0107 si\u0119 w stabilnej pozycji. Mo\u017cna j\u0105 wykorzysta\u0107 do ro\u015blin doniczkowych, ogrodowych oraz uprawnych.<\/p>\n<p><b>\u2705 <\/b>To nie tylko element ozdobny, ma r\u00f3wnie\u017c <b>pozytywny wp\u0142yw na ro\u015blin<\/b>. Przeciwdzia\u0142a \u0142amaniu si\u0119 ro\u015blin oraz gwarantuje prawid\u0142owy wzrost kwiat\u00f3w.<\/p>\n<p>\u2705 Naturalny zielony kolor sprawia, \u017ce jest<b> niemal niewidoczna po\u015br\u00f3d ro\u015blin<\/b>, idealnie si\u0119 z nimi komponuje. Z jej pomoc\u0105 stworzysz oryginaln\u0105 aran\u017cacj\u0119. Ro\u015bliny b\u0119d\u0105 si\u0119 pi\u0119\u0142y si\u0119 w g\u00f3r\u0119 i zdrowo ros\u0142y.<\/p>\n<p><b>\u2705 <\/b>Tyczka zosta\u0142a wykonana z <b>wytrzyma\u0142ego materia\u0142u w kolorze zielonym<\/b>. Stanowi ciekaw\u0105 alternatyw\u0119 dla r\u00f3\u017cnego rodzaju\u00a0 podp\u00f3r pier\u015bcieniowych lub drabinek.<\/p>\n<\/section><\/div>\n<\/section>\n<section class=\"section\">\n<div class=\"item item-12\">\n<section class=\"image-item\">\n            <img decoding=\"async\" src=\"https:\/\/upload.cdn.baselinker.com\/products\/14476\/8f8286620c3bcfdced4aeaa9d64e7bd7.jpg\" \/><br \/>\n        <\/section>\n<\/p><\/div>\n<\/section>\n<section class=\"section\">\n<div class=\"item item-12\">\n<section class=\"text-item\">\n<h1>Nie czekaj i ju\u017c dzisiaj odpowiednio przygotuj si\u0119 do uprawy ro\u015blin pn\u0105cych!<\/h1>\n<\/section><\/div>\n<\/section>\n","protected":false},"excerpt":{"rendered":"<p>TYCZKA PODPORA DO POMIDOR\u00d3W SKR\u0118CANA FI16 60 cm Informacje og\u00f3lne:\u00a0 Wysoko\u015b\u0107: 60 cm \u015arednica tyczki: 16\u00a0mm Materia\u0142: stal powlekana polietylenem Kolor: zielony Aukcja dotyczy 1 sztuki tyczki. Tyczka to doskona\u0142e rozwi\u0105zanie dla Twoich ro\u015blin! Je\u017celi chcesz odpowiednio zadba\u0107 o swoje ro\u015bliny pn\u0105ce to tyczka jest idealnym rozwi\u0105zanie. Nie wa\u017cne jakich rozmiar\u00f3w jest Tw\u00f3j ogr\u00f3d oraz<br \/><a class=\"more-link\" href=\"https:\/\/bobimarket.pl\/index.php\/produkt\/tyczka-podpora-do-pomidorow-skrecana-fi16-60-cm\/\"><br \/>\n        Czytaj wi\u0119cej<span class=\"screen-reader-text\"> &#8222;TYCZKA PODPORA DO POMIDOR\u00d3W SKR\u0118CANA FI16 60 cm&#8221;<\/span><\/a><\/p>\n","protected":false},"featured_media":87008,"template":"","meta":[],"product_cat":[8330],"product_tag":[],"yoast_head":"<!-- This site is optimized with the Yoast SEO plugin v21.0 - https:\/\/yoast.com\/wordpress\/plugins\/seo\/ -->\n<title>TYCZKA PODPORA DO POMIDOR\u00d3W SKR\u0118CANA FI16 60 cm - BOBIMARKET.pl - Remontuj i urz\u0105dzaj z nami<\/title>\n<meta name=\"robots\" content=\"index, follow, max-snippet:-1, max-image-preview:large, max-video-preview:-1\" \/>\n<link rel=\"canonical\" href=\"https:\/\/bobimarket.pl\/index.php\/produkt\/tyczka-podpora-do-pomidorow-skrecana-fi16-60-cm\/\" \/>\n<meta property=\"og:locale\" content=\"pl_PL\" \/>\n<meta property=\"og:type\" content=\"article\" \/>\n<meta property=\"og:title\" content=\"TYCZKA PODPORA DO POMIDOR\u00d3W SKR\u0118CANA FI16 60 cm - BOBIMARKET.pl - Remontuj i urz\u0105dzaj z nami\" \/>\n<meta property=\"og:description\" content=\"TYCZKA PODPORA DO POMIDOR\u00d3W SKR\u0118CANA FI16 60 cm Informacje og\u00f3lne:\u00a0 Wysoko\u015b\u0107: 60 cm \u015arednica tyczki: 16\u00a0mm Materia\u0142: stal powlekana polietylenem Kolor: zielony Aukcja dotyczy 1 sztuki tyczki. Tyczka to doskona\u0142e rozwi\u0105zanie dla Twoich ro\u015blin! Je\u017celi chcesz odpowiednio zadba\u0107 o swoje ro\u015bliny pn\u0105ce to tyczka jest idealnym rozwi\u0105zanie. Nie wa\u017cne jakich rozmiar\u00f3w jest Tw\u00f3j ogr\u00f3d oraz     Czytaj wi\u0119cej &quot;TYCZKA PODPORA DO POMIDOR\u00d3W SKR\u0118CANA FI16 60 cm&quot;\" \/>\n<meta property=\"og:url\" content=\"https:\/\/bobimarket.pl\/index.php\/produkt\/tyczka-podpora-do-pomidorow-skrecana-fi16-60-cm\/\" \/>\n<meta property=\"og:site_name\" content=\"BOBIMARKET.pl - Remontuj i urz\u0105dzaj z nami\" \/>\n<meta property=\"article:modified_time\" content=\"2025-05-05T13:16:44+00:00\" \/>\n<meta property=\"og:image\" content=\"https:\/\/upload.cdn.baselinker.com\/products\/14476\/89dd47cb35cc04da0ee6447543b5c79a.jpg\" \/>\n<meta name=\"twitter:card\" content=\"summary_large_image\" \/>\n<meta name=\"twitter:label1\" content=\"Szacowany czas czytania\" \/>\n\t<meta name=\"twitter:data1\" content=\"2 minuty\" \/>\n<script type=\"application\/ld+json\" class=\"yoast-schema-graph\">{\"@context\":\"https:\/\/schema.org\",\"@graph\":[{\"@type\":\"WebPage\",\"@id\":\"https:\/\/bobimarket.pl\/index.php\/produkt\/tyczka-podpora-do-pomidorow-skrecana-fi16-60-cm\/\",\"url\":\"https:\/\/bobimarket.pl\/index.php\/produkt\/tyczka-podpora-do-pomidorow-skrecana-fi16-60-cm\/\",\"name\":\"TYCZKA PODPORA DO POMIDOR\u00d3W SKR\u0118CANA FI16 60 cm - BOBIMARKET.pl - Remontuj i urz\u0105dzaj z nami\",\"isPartOf\":{\"@id\":\"https:\/\/bobimarket.pl\/#website\"},\"datePublished\":\"2023-08-30T00:33:33+00:00\",\"dateModified\":\"2025-05-05T13:16:44+00:00\",\"breadcrumb\":{\"@id\":\"https:\/\/bobimarket.pl\/index.php\/produkt\/tyczka-podpora-do-pomidorow-skrecana-fi16-60-cm\/#breadcrumb\"},\"inLanguage\":\"pl-PL\",\"potentialAction\":[{\"@type\":\"ReadAction\",\"target\":[\"https:\/\/bobimarket.pl\/index.php\/produkt\/tyczka-podpora-do-pomidorow-skrecana-fi16-60-cm\/\"]}]},{\"@type\":\"BreadcrumbList\",\"@id\":\"https:\/\/bobimarket.pl\/index.php\/produkt\/tyczka-podpora-do-pomidorow-skrecana-fi16-60-cm\/#breadcrumb\",\"itemListElement\":[{\"@type\":\"ListItem\",\"position\":1,\"name\":\"Strona g\u0142\u00f3wna\",\"item\":\"https:\/\/bobimarket.pl\/\"},{\"@type\":\"ListItem\",\"position\":2,\"name\":\"Sklep\",\"item\":\"https:\/\/bobimarket.pl\/index.php\/shop\/\"},{\"@type\":\"ListItem\",\"position\":3,\"name\":\"TYCZKA PODPORA DO POMIDOR\u00d3W SKR\u0118CANA FI16 60 cm\"}]},{\"@type\":\"WebSite\",\"@id\":\"https:\/\/bobimarket.pl\/#website\",\"url\":\"https:\/\/bobimarket.pl\/\",\"name\":\"BOBIMARKET.pl - Remontuj i urz\u0105dzaj z nami\",\"description\":\"Remontuj i urz\u0105dzaj z nami\",\"publisher\":{\"@id\":\"https:\/\/bobimarket.pl\/#organization\"},\"potentialAction\":[{\"@type\":\"SearchAction\",\"target\":{\"@type\":\"EntryPoint\",\"urlTemplate\":\"https:\/\/bobimarket.pl\/?s={search_term_string}\"},\"query-input\":\"required name=search_term_string\"}],\"inLanguage\":\"pl-PL\"},{\"@type\":\"Organization\",\"@id\":\"https:\/\/bobimarket.pl\/#organization\",\"name\":\"BOBIMARKET.pl\",\"url\":\"https:\/\/bobimarket.pl\/\",\"logo\":{\"@type\":\"ImageObject\",\"inLanguage\":\"pl-PL\",\"@id\":\"https:\/\/bobimarket.pl\/#\/schema\/logo\/image\/\",\"url\":\"https:\/\/bobimarket.pl\/wp-content\/uploads\/2021\/11\/slogan.png\",\"contentUrl\":\"https:\/\/bobimarket.pl\/wp-content\/uploads\/2021\/11\/slogan.png\",\"width\":2000,\"height\":384,\"caption\":\"BOBIMARKET.pl\"},\"image\":{\"@id\":\"https:\/\/bobimarket.pl\/#\/schema\/logo\/image\/\"}}]}<\/script>\n<!-- \/ Yoast SEO plugin. -->","yoast_head_json":{"title":"TYCZKA PODPORA DO POMIDOR\u00d3W SKR\u0118CANA FI16 60 cm - BOBIMARKET.pl - Remontuj i urz\u0105dzaj z nami","robots":{"index":"index","follow":"follow","max-snippet":"max-snippet:-1","max-image-preview":"max-image-preview:large","max-video-preview":"max-video-preview:-1"},"canonical":"https:\/\/bobimarket.pl\/index.php\/produkt\/tyczka-podpora-do-pomidorow-skrecana-fi16-60-cm\/","og_locale":"pl_PL","og_type":"article","og_title":"TYCZKA PODPORA DO POMIDOR\u00d3W SKR\u0118CANA FI16 60 cm - BOBIMARKET.pl - Remontuj i urz\u0105dzaj z nami","og_description":"TYCZKA PODPORA DO POMIDOR\u00d3W SKR\u0118CANA FI16 60 cm Informacje og\u00f3lne:\u00a0 Wysoko\u015b\u0107: 60 cm \u015arednica tyczki: 16\u00a0mm Materia\u0142: stal powlekana polietylenem Kolor: zielony Aukcja dotyczy 1 sztuki tyczki. Tyczka to doskona\u0142e rozwi\u0105zanie dla Twoich ro\u015blin! Je\u017celi chcesz odpowiednio zadba\u0107 o swoje ro\u015bliny pn\u0105ce to tyczka jest idealnym rozwi\u0105zanie. Nie wa\u017cne jakich rozmiar\u00f3w jest Tw\u00f3j ogr\u00f3d oraz     Czytaj wi\u0119cej \"TYCZKA PODPORA DO POMIDOR\u00d3W SKR\u0118CANA FI16 60 cm\"","og_url":"https:\/\/bobimarket.pl\/index.php\/produkt\/tyczka-podpora-do-pomidorow-skrecana-fi16-60-cm\/","og_site_name":"BOBIMARKET.pl - Remontuj i urz\u0105dzaj z nami","article_modified_time":"2025-05-05T13:16:44+00:00","og_image":[{"url":"https:\/\/upload.cdn.baselinker.com\/products\/14476\/89dd47cb35cc04da0ee6447543b5c79a.jpg"}],"twitter_card":"summary_large_image","twitter_misc":{"Szacowany czas czytania":"2 minuty"},"schema":{"@context":"https:\/\/schema.org","@graph":[{"@type":"WebPage","@id":"https:\/\/bobimarket.pl\/index.php\/produkt\/tyczka-podpora-do-pomidorow-skrecana-fi16-60-cm\/","url":"https:\/\/bobimarket.pl\/index.php\/produkt\/tyczka-podpora-do-pomidorow-skrecana-fi16-60-cm\/","name":"TYCZKA PODPORA DO POMIDOR\u00d3W SKR\u0118CANA FI16 60 cm - BOBIMARKET.pl - Remontuj i urz\u0105dzaj z nami","isPartOf":{"@id":"https:\/\/bobimarket.pl\/#website"},"datePublished":"2023-08-30T00:33:33+00:00","dateModified":"2025-05-05T13:16:44+00:00","breadcrumb":{"@id":"https:\/\/bobimarket.pl\/index.php\/produkt\/tyczka-podpora-do-pomidorow-skrecana-fi16-60-cm\/#breadcrumb"},"inLanguage":"pl-PL","potentialAction":[{"@type":"ReadAction","target":["https:\/\/bobimarket.pl\/index.php\/produkt\/tyczka-podpora-do-pomidorow-skrecana-fi16-60-cm\/"]}]},{"@type":"BreadcrumbList","@id":"https:\/\/bobimarket.pl\/index.php\/produkt\/tyczka-podpora-do-pomidorow-skrecana-fi16-60-cm\/#breadcrumb","itemListElement":[{"@type":"ListItem","position":1,"name":"Strona g\u0142\u00f3wna","item":"https:\/\/bobimarket.pl\/"},{"@type":"ListItem","position":2,"name":"Sklep","item":"https:\/\/bobimarket.pl\/index.php\/shop\/"},{"@type":"ListItem","position":3,"name":"TYCZKA PODPORA DO POMIDOR\u00d3W SKR\u0118CANA FI16 60 cm"}]},{"@type":"WebSite","@id":"https:\/\/bobimarket.pl\/#website","url":"https:\/\/bobimarket.pl\/","name":"BOBIMARKET.pl - Remontuj i urz\u0105dzaj z nami","description":"Remontuj i urz\u0105dzaj z nami","publisher":{"@id":"https:\/\/bobimarket.pl\/#organization"},"potentialAction":[{"@type":"SearchAction","target":{"@type":"EntryPoint","urlTemplate":"https:\/\/bobimarket.pl\/?s={search_term_string}"},"query-input":"required name=search_term_string"}],"inLanguage":"pl-PL"},{"@type":"Organization","@id":"https:\/\/bobimarket.pl\/#organization","name":"BOBIMARKET.pl","url":"https:\/\/bobimarket.pl\/","logo":{"@type":"ImageObject","inLanguage":"pl-PL","@id":"https:\/\/bobimarket.pl\/#\/schema\/logo\/image\/","url":"https:\/\/bobimarket.pl\/wp-content\/uploads\/2021\/11\/slogan.png","contentUrl":"https:\/\/bobimarket.pl\/wp-content\/uploads\/2021\/11\/slogan.png","width":2000,"height":384,"caption":"BOBIMARKET.pl"},"image":{"@id":"https:\/\/bobimarket.pl\/#\/schema\/logo\/image\/"}}]}},"_links":{"self":[{"href":"https:\/\/bobimarket.pl\/index.php\/wp-json\/wp\/v2\/product\/87014"}],"collection":[{"href":"https:\/\/bobimarket.pl\/index.php\/wp-json\/wp\/v2\/product"}],"about":[{"href":"https:\/\/bobimarket.pl\/index.php\/wp-json\/wp\/v2\/types\/product"}],"wp:featuredmedia":[{"embeddable":true,"href":"https:\/\/bobimarket.pl\/index.php\/wp-json\/wp\/v2\/media\/87008"}],"wp:attachment":[{"href":"https:\/\/bobimarket.pl\/index.php\/wp-json\/wp\/v2\/media?parent=87014"}],"wp:term":[{"taxonomy":"product_cat","embeddable":true,"href":"https:\/\/bobimarket.pl\/index.php\/wp-json\/wp\/v2\/product_cat?post=87014"},{"taxonomy":"product_tag","embeddable":true,"href":"https:\/\/bobimarket.pl\/index.php\/wp-json\/wp\/v2\/product_tag?post=87014"}],"curies":[{"name":"wp","href":"https:\/\/api.w.org\/{rel}","templated":true}]}}