{"id":87065,"date":"2023-08-30T00:35:57","date_gmt":"2023-08-30T00:35:57","guid":{"rendered":"https:\/\/bobimarket.pl\/index.php\/produkt\/pojemnik-na-zywnosc-pudelko-z-przykrywka-03-l\/"},"modified":"2025-02-27T14:53:45","modified_gmt":"2025-02-27T14:53:45","slug":"pojemnik-na-zywnosc-pudelko-z-przykrywka-03-l","status":"publish","type":"product","link":"https:\/\/bobimarket.pl\/index.php\/produkt\/pojemnik-na-zywnosc-pudelko-z-przykrywka-03-l\/","title":{"rendered":"POJEMNIK NA \u017bYWNO\u015a\u0106 PUDE\u0141KO Z PRZYKRYWK\u0104 0,3 l"},"content":{"rendered":"<section class=\"section\">\n<div class=\"item item-12\">\n<section class=\"text-item\">\n<h2>POJEMNIK NA \u017bYWNO\u015a\u0106 PUDE\u0141KO Z PRZYKRYWK\u0104 0,3 l<\/h2>\n<p><b>Dane techniczne:<\/b><\/p>\n<ul>\n<li>Pojemno\u015b\u0107:<b> 300 ml<\/b><\/li>\n<li>Wymiar spodu pude\u0142ka<b>: 9,5 cm x 6,5 cm<\/b><\/li>\n<li>Wymiar pokrywy: <b>13,5 cm x 8 cm<\/b><\/li>\n<li>Wysoko\u015b\u0107 wraz z pokryw\u0105:<b> 5 cm<\/b><\/li>\n<li>Materia\u0142: Tworzywo<\/li>\n<li>Nie zawiera Bisfenolu (<b>BPA FREE<\/b>)!!!<\/li>\n<\/ul>\n<h2>UWAGA!<\/h2>\n<p>Pojemnik wyst\u0119puje w kilku wersjach kolorystycznych. Po dokonaniu zakupu prosimy o informacj\u0119 odno\u015bnie wybranego koloru. W przypadku braku informacji wz\u00f3r zostanie wybrany losowo.<\/p>\n<p><b>Dost\u0119pne kolory:<\/b><\/p>\n<ul>\n<li>\u017c\u00f3\u0142ty<\/li>\n<li>\u0142ososiowy<\/li>\n<li>mi\u0119towy<\/li>\n<li>morski<\/li>\n<\/ul>\n<\/section><\/div>\n<\/section>\n<section class=\"section\">\n<div class=\"item item-12\">\n<section class=\"image-item\">\n            <img decoding=\"async\" src=\"https:\/\/upload.cdn.baselinker.com\/products\/14476\/b453b669596041ed1071a875d6c5ee28.jpg\" \/><br \/>\n        <\/section>\n<\/p><\/div>\n<\/section>\n<section class=\"section\">\n<div class=\"item item-12\">\n<section class=\"text-item\">\n<h2>Dobra organizacja to podstawa! Zam\u00f3w pojemnik do przechowywania \u017cywno\u015bci i ciesz si\u0119 porz\u0105dkiem!<\/h2>\n<p>Wysokiej jako\u015bci pojemnik na \u017cywno\u015b\u0107 z pokrywk\u0105 i szczelnym zapi\u0119ciem.\u00a0 Wykonany z wysokiej jako\u015bci tworzywa, wolnego od szkodliwych zwi\u0105zk\u00f3w chemicznych.<\/p>\n<p>\u2705 Z powodzeniem mo\u017ce by\u0107 u\u017cywany <b>do przechowywania artyku\u0142\u00f3w spo\u017cywczych <\/b>(posiada odpowiednie atesty do kontaktu z \u017cywno\u015bci\u0105).<\/p>\n<p>\u2705 Mo\u017ce r\u00f3wnie\u017c s\u0142u\u017cy\u0107 jako <b>organizer do przechowywania drobiazg\u00f3w.<\/b> Minimalistyczny design sprawi, \u017ce pude\u0142ko b\u0119dzie si\u0119 \u0142adnie prezentowa\u0142o na biurku czy regale.<\/p>\n<\/section><\/div>\n<\/section>\n<section class=\"section\">\n<div class=\"item item-12\">\n<section class=\"image-item\">\n            <img decoding=\"async\" src=\"https:\/\/upload.cdn.baselinker.com\/products\/14476\/5e51060eb854250900974bfa8de7abec.jpg\" \/><br \/>\n        <\/section>\n<\/p><\/div>\n<\/section>\n<section class=\"section\">\n<div class=\"item item-12\">\n<section class=\"text-item\">\n<h2>\u2705\u00a0 W pojemniku mo\u017cesz przechowywa\u0107:<\/h2>\n<ul>\n<li>cukierki, ciastka i inne s\u0142odko\u015bci<\/li>\n<li>bakalie, rodzynki\u00a0 oraz kandyzowane owoce\u00a0<\/li>\n<li>orzeszki, krakersy lub inne s\u0142one przek\u0105ski<\/li>\n<li>pokrojone na mniejsze kawa\u0142ki warzywa i owoce<\/li>\n<li>r\u00f3\u017cnego rodzaju pasty do smarowania chleba<\/li>\n<li>drobne przedmioty np. spinki do w\u0142os\u00f3w, pier\u015bcionki itp.<\/li>\n<\/ul>\n<\/section><\/div>\n<\/section>\n<section class=\"section\">\n<div class=\"item item-12\">\n<section class=\"image-item\">\n            <img decoding=\"async\" src=\"https:\/\/upload.cdn.baselinker.com\/products\/14476\/754dfb3a4cd744de5099f4113b1a1588.jpg\" \/><br \/>\n        <\/section>\n<\/p><\/div>\n<\/section>\n<section class=\"section\">\n<div class=\"item item-12\">\n<section class=\"text-item\">\n<h2>\u2705 W \u0142atwy spos\u00f3b uporz\u0105dkuj przestrze\u0144 w kuchni i nie tylko!<\/h2>\n<p>Proste i funkcjonalne rozwi\u0105zanie do Twojego domu! Pojemnik pozwoli Ci w \u0142atwy spos\u00f3b zadba\u0107 o porz\u0105dek w kuchni i innych pomieszczeniach w domu.<\/p>\n<ul>\n<li><b>Pojemnik jest prze\u017aroczysty,<\/b>\u00a0z \u0142atwo\u015bci\u0105 zobaczysz co znajduje si\u0119 w \u015brodku ka\u017cdego z nich.\u00a0 Pozwoli Ci to na bie\u017c\u0105co kontrolowa\u0107 ilo\u015b\u0107 posiadanych zapas\u00f3w.<\/li>\n<li><b>Wygodne i szczelne zapi\u0119cie<\/b>\u00a0na pokrywie gwarantuje komfortowe u\u017cytkowanie pojemnika!<\/li>\n<li>Na pokrywce organizera mo\u017cna\u00a0<b>umie\u015bci\u0107 naklejk\u0119 z naw\u0105\u00a0<\/b>produktu znajduj\u0105cego si\u0119 wewn\u0105trz pojemnika lub samodzielnie podpisa\u0107 pojemnik np. markerem.<\/li>\n<\/ul>\n<\/section><\/div>\n<\/section>\n<section class=\"section\">\n<div class=\"item item-12\">\n<section class=\"image-item\">\n            <img decoding=\"async\" src=\"https:\/\/upload.cdn.baselinker.com\/products\/14476\/8c2326bc9b840d03d8079ca9c948e33f.jpg\" \/><br \/>\n        <\/section>\n<\/p><\/div>\n<\/section>\n<section class=\"section\">\n<div class=\"item item-12\">\n<section class=\"text-item\">\n<h2>\u2705 Organizery to dobre rozwi\u0105zanie do ka\u017cdej kuchni!<\/h2>\n<p>Pojemniki doskonale sprawdz\u0105 si\u0119 w du\u017cych kuchniach, gdzie w \u0142atwy spos\u00f3b <b>umo\u017cliwi uporz\u0105dkowanie dost\u0119pnej przestrze\u0144<\/b>. W ma\u0142ych mieszkaniach pozwoli natomiast zaoszcz\u0119dzi\u0107 miejsce<\/p>\n<ul>\n<li>Pojemnik\u00a0<b>mo\u017cna umie\u015bci\u0107 w szafce kuchennej<\/b>\u00a0lub wysuwanej szufladzie. Idealnie sprawdz\u0105 si\u0119 r\u00f3wnie\u017c na p\u00f3\u0142ce w spi\u017carni.<\/li>\n<li>Kilka pojemnik\u00f3w mo\u017cna u\u0142o\u017cy\u0107 na sobie pi\u0119trowo i\u00a0<b>zaoszcz\u0119dzi\u0107 miejsce<\/b>\u00a0w spi\u017carni lub na p\u00f3\u0142ce!<\/li>\n<li>Pojemnik <b>pomo\u017ce w uporz\u0105dkowaniu<\/b>\u00a0drobnych przedmiot\u00f3w lub\u00a0<b>u\u0142atwi\u0105 segregacj\u0119<\/b>\u00a0produkt\u00f3w spo\u017cywczych.<\/li>\n<li><b>Mo\u017cesz umy\u0107 go w zmywarce.\u00a0<\/b>Pojemnik jest \u0142atwy do utrzymania w czysto\u015bci.<\/li>\n<\/ul>\n<\/section><\/div>\n<\/section>\n<section class=\"section\">\n<div class=\"item item-12\">\n<section class=\"image-item\">\n            <img decoding=\"async\" src=\"https:\/\/upload.cdn.baselinker.com\/products\/14476\/5e51060eb854250900974bfa8de7abec.jpg\" \/><br \/>\n        <\/section>\n<\/p><\/div>\n<\/section>\n<section class=\"section\">\n<div class=\"item item-12\">\n<section class=\"text-item\">\n<h2>Jeden pojemnik, wiele zalet!<\/h2>\n<ul>\n<li>Lekki, por\u0119czny i wielofunkcyjny.<\/li>\n<li>Trwa\u0142y i odporny na uszkodzenia.<\/li>\n<li>\u0141atwo si\u0119 czy\u015bci, mo\u017cna go my\u0107 w zmywarce.<\/li>\n<li>Nadaje si\u0119 do przechowywania ro\u017cnego rodzaju artyku\u0142\u00f3w spo\u017cywczych.<\/li>\n<\/ul>\n<\/section><\/div>\n<\/section>\n<section class=\"section\">\n<div class=\"item item-12\">\n<section class=\"image-item\">\n            <img decoding=\"async\" src=\"https:\/\/upload.cdn.baselinker.com\/products\/14476\/754dfb3a4cd744de5099f4113b1a1588.jpg\" \/><br \/>\n        <\/section>\n<\/p><\/div>\n<\/section>\n","protected":false},"excerpt":{"rendered":"<p>POJEMNIK NA \u017bYWNO\u015a\u0106 PUDE\u0141KO Z PRZYKRYWK\u0104 0,3 l Dane techniczne: Pojemno\u015b\u0107: 300 ml Wymiar spodu pude\u0142ka: 9,5 cm x 6,5 cm Wymiar pokrywy: 13,5 cm x 8 cm Wysoko\u015b\u0107 wraz z pokryw\u0105: 5 cm Materia\u0142: Tworzywo Nie zawiera Bisfenolu (BPA FREE)!!! UWAGA! Pojemnik wyst\u0119puje w kilku wersjach kolorystycznych. Po dokonaniu zakupu prosimy o informacj\u0119 odno\u015bnie<br \/><a class=\"more-link\" href=\"https:\/\/bobimarket.pl\/index.php\/produkt\/pojemnik-na-zywnosc-pudelko-z-przykrywka-03-l\/\"><br \/>\n        Czytaj wi\u0119cej<span class=\"screen-reader-text\"> &#8222;POJEMNIK NA \u017bYWNO\u015a\u0106 PUDE\u0141KO Z PRZYKRYWK\u0104 0,3 l&#8221;<\/span><\/a><\/p>\n","protected":false},"featured_media":87059,"template":"","meta":[],"product_cat":[8070],"product_tag":[],"yoast_head":"<!-- This site is optimized with the Yoast SEO plugin v21.0 - https:\/\/yoast.com\/wordpress\/plugins\/seo\/ -->\n<title>POJEMNIK NA \u017bYWNO\u015a\u0106 PUDE\u0141KO Z PRZYKRYWK\u0104 0,3 l - BOBIMARKET.pl - Remontuj i urz\u0105dzaj z nami<\/title>\n<meta name=\"robots\" content=\"index, follow, max-snippet:-1, max-image-preview:large, max-video-preview:-1\" \/>\n<link rel=\"canonical\" href=\"https:\/\/bobimarket.pl\/index.php\/produkt\/pojemnik-na-zywnosc-pudelko-z-przykrywka-03-l\/\" \/>\n<meta property=\"og:locale\" content=\"pl_PL\" \/>\n<meta property=\"og:type\" content=\"article\" \/>\n<meta property=\"og:title\" content=\"POJEMNIK NA \u017bYWNO\u015a\u0106 PUDE\u0141KO Z PRZYKRYWK\u0104 0,3 l - BOBIMARKET.pl - Remontuj i urz\u0105dzaj z nami\" \/>\n<meta property=\"og:description\" content=\"POJEMNIK NA \u017bYWNO\u015a\u0106 PUDE\u0141KO Z PRZYKRYWK\u0104 0,3 l Dane techniczne: Pojemno\u015b\u0107: 300 ml Wymiar spodu pude\u0142ka: 9,5 cm x 6,5 cm Wymiar pokrywy: 13,5 cm x 8 cm Wysoko\u015b\u0107 wraz z pokryw\u0105: 5 cm Materia\u0142: Tworzywo Nie zawiera Bisfenolu (BPA FREE)!!! UWAGA! Pojemnik wyst\u0119puje w kilku wersjach kolorystycznych. Po dokonaniu zakupu prosimy o informacj\u0119 odno\u015bnie     Czytaj wi\u0119cej &quot;POJEMNIK NA \u017bYWNO\u015a\u0106 PUDE\u0141KO Z PRZYKRYWK\u0104 0,3 l&quot;\" \/>\n<meta property=\"og:url\" content=\"https:\/\/bobimarket.pl\/index.php\/produkt\/pojemnik-na-zywnosc-pudelko-z-przykrywka-03-l\/\" \/>\n<meta property=\"og:site_name\" content=\"BOBIMARKET.pl - Remontuj i urz\u0105dzaj z nami\" \/>\n<meta property=\"article:modified_time\" content=\"2025-02-27T14:53:45+00:00\" \/>\n<meta property=\"og:image\" content=\"https:\/\/upload.cdn.baselinker.com\/products\/14476\/b453b669596041ed1071a875d6c5ee28.jpg\" \/>\n<meta name=\"twitter:card\" content=\"summary_large_image\" \/>\n<meta name=\"twitter:label1\" content=\"Szacowany czas czytania\" \/>\n\t<meta name=\"twitter:data1\" content=\"2 minuty\" \/>\n<script type=\"application\/ld+json\" class=\"yoast-schema-graph\">{\"@context\":\"https:\/\/schema.org\",\"@graph\":[{\"@type\":\"WebPage\",\"@id\":\"https:\/\/bobimarket.pl\/index.php\/produkt\/pojemnik-na-zywnosc-pudelko-z-przykrywka-03-l\/\",\"url\":\"https:\/\/bobimarket.pl\/index.php\/produkt\/pojemnik-na-zywnosc-pudelko-z-przykrywka-03-l\/\",\"name\":\"POJEMNIK NA \u017bYWNO\u015a\u0106 PUDE\u0141KO Z PRZYKRYWK\u0104 0,3 l - BOBIMARKET.pl - Remontuj i urz\u0105dzaj z nami\",\"isPartOf\":{\"@id\":\"https:\/\/bobimarket.pl\/#website\"},\"datePublished\":\"2023-08-30T00:35:57+00:00\",\"dateModified\":\"2025-02-27T14:53:45+00:00\",\"breadcrumb\":{\"@id\":\"https:\/\/bobimarket.pl\/index.php\/produkt\/pojemnik-na-zywnosc-pudelko-z-przykrywka-03-l\/#breadcrumb\"},\"inLanguage\":\"pl-PL\",\"potentialAction\":[{\"@type\":\"ReadAction\",\"target\":[\"https:\/\/bobimarket.pl\/index.php\/produkt\/pojemnik-na-zywnosc-pudelko-z-przykrywka-03-l\/\"]}]},{\"@type\":\"BreadcrumbList\",\"@id\":\"https:\/\/bobimarket.pl\/index.php\/produkt\/pojemnik-na-zywnosc-pudelko-z-przykrywka-03-l\/#breadcrumb\",\"itemListElement\":[{\"@type\":\"ListItem\",\"position\":1,\"name\":\"Strona g\u0142\u00f3wna\",\"item\":\"https:\/\/bobimarket.pl\/\"},{\"@type\":\"ListItem\",\"position\":2,\"name\":\"Sklep\",\"item\":\"https:\/\/bobimarket.pl\/index.php\/shop\/\"},{\"@type\":\"ListItem\",\"position\":3,\"name\":\"POJEMNIK NA \u017bYWNO\u015a\u0106 PUDE\u0141KO Z PRZYKRYWK\u0104 0,3 l\"}]},{\"@type\":\"WebSite\",\"@id\":\"https:\/\/bobimarket.pl\/#website\",\"url\":\"https:\/\/bobimarket.pl\/\",\"name\":\"BOBIMARKET.pl - Remontuj i urz\u0105dzaj z nami\",\"description\":\"Remontuj i urz\u0105dzaj z nami\",\"publisher\":{\"@id\":\"https:\/\/bobimarket.pl\/#organization\"},\"potentialAction\":[{\"@type\":\"SearchAction\",\"target\":{\"@type\":\"EntryPoint\",\"urlTemplate\":\"https:\/\/bobimarket.pl\/?s={search_term_string}\"},\"query-input\":\"required name=search_term_string\"}],\"inLanguage\":\"pl-PL\"},{\"@type\":\"Organization\",\"@id\":\"https:\/\/bobimarket.pl\/#organization\",\"name\":\"BOBIMARKET.pl\",\"url\":\"https:\/\/bobimarket.pl\/\",\"logo\":{\"@type\":\"ImageObject\",\"inLanguage\":\"pl-PL\",\"@id\":\"https:\/\/bobimarket.pl\/#\/schema\/logo\/image\/\",\"url\":\"https:\/\/bobimarket.pl\/wp-content\/uploads\/2021\/11\/slogan.png\",\"contentUrl\":\"https:\/\/bobimarket.pl\/wp-content\/uploads\/2021\/11\/slogan.png\",\"width\":2000,\"height\":384,\"caption\":\"BOBIMARKET.pl\"},\"image\":{\"@id\":\"https:\/\/bobimarket.pl\/#\/schema\/logo\/image\/\"}}]}<\/script>\n<!-- \/ Yoast SEO plugin. -->","yoast_head_json":{"title":"POJEMNIK NA \u017bYWNO\u015a\u0106 PUDE\u0141KO Z PRZYKRYWK\u0104 0,3 l - BOBIMARKET.pl - Remontuj i urz\u0105dzaj z nami","robots":{"index":"index","follow":"follow","max-snippet":"max-snippet:-1","max-image-preview":"max-image-preview:large","max-video-preview":"max-video-preview:-1"},"canonical":"https:\/\/bobimarket.pl\/index.php\/produkt\/pojemnik-na-zywnosc-pudelko-z-przykrywka-03-l\/","og_locale":"pl_PL","og_type":"article","og_title":"POJEMNIK NA \u017bYWNO\u015a\u0106 PUDE\u0141KO Z PRZYKRYWK\u0104 0,3 l - BOBIMARKET.pl - Remontuj i urz\u0105dzaj z nami","og_description":"POJEMNIK NA \u017bYWNO\u015a\u0106 PUDE\u0141KO Z PRZYKRYWK\u0104 0,3 l Dane techniczne: Pojemno\u015b\u0107: 300 ml Wymiar spodu pude\u0142ka: 9,5 cm x 6,5 cm Wymiar pokrywy: 13,5 cm x 8 cm Wysoko\u015b\u0107 wraz z pokryw\u0105: 5 cm Materia\u0142: Tworzywo Nie zawiera Bisfenolu (BPA FREE)!!! UWAGA! Pojemnik wyst\u0119puje w kilku wersjach kolorystycznych. Po dokonaniu zakupu prosimy o informacj\u0119 odno\u015bnie     Czytaj wi\u0119cej \"POJEMNIK NA \u017bYWNO\u015a\u0106 PUDE\u0141KO Z PRZYKRYWK\u0104 0,3 l\"","og_url":"https:\/\/bobimarket.pl\/index.php\/produkt\/pojemnik-na-zywnosc-pudelko-z-przykrywka-03-l\/","og_site_name":"BOBIMARKET.pl - Remontuj i urz\u0105dzaj z nami","article_modified_time":"2025-02-27T14:53:45+00:00","og_image":[{"url":"https:\/\/upload.cdn.baselinker.com\/products\/14476\/b453b669596041ed1071a875d6c5ee28.jpg"}],"twitter_card":"summary_large_image","twitter_misc":{"Szacowany czas czytania":"2 minuty"},"schema":{"@context":"https:\/\/schema.org","@graph":[{"@type":"WebPage","@id":"https:\/\/bobimarket.pl\/index.php\/produkt\/pojemnik-na-zywnosc-pudelko-z-przykrywka-03-l\/","url":"https:\/\/bobimarket.pl\/index.php\/produkt\/pojemnik-na-zywnosc-pudelko-z-przykrywka-03-l\/","name":"POJEMNIK NA \u017bYWNO\u015a\u0106 PUDE\u0141KO Z PRZYKRYWK\u0104 0,3 l - BOBIMARKET.pl - Remontuj i urz\u0105dzaj z nami","isPartOf":{"@id":"https:\/\/bobimarket.pl\/#website"},"datePublished":"2023-08-30T00:35:57+00:00","dateModified":"2025-02-27T14:53:45+00:00","breadcrumb":{"@id":"https:\/\/bobimarket.pl\/index.php\/produkt\/pojemnik-na-zywnosc-pudelko-z-przykrywka-03-l\/#breadcrumb"},"inLanguage":"pl-PL","potentialAction":[{"@type":"ReadAction","target":["https:\/\/bobimarket.pl\/index.php\/produkt\/pojemnik-na-zywnosc-pudelko-z-przykrywka-03-l\/"]}]},{"@type":"BreadcrumbList","@id":"https:\/\/bobimarket.pl\/index.php\/produkt\/pojemnik-na-zywnosc-pudelko-z-przykrywka-03-l\/#breadcrumb","itemListElement":[{"@type":"ListItem","position":1,"name":"Strona g\u0142\u00f3wna","item":"https:\/\/bobimarket.pl\/"},{"@type":"ListItem","position":2,"name":"Sklep","item":"https:\/\/bobimarket.pl\/index.php\/shop\/"},{"@type":"ListItem","position":3,"name":"POJEMNIK NA \u017bYWNO\u015a\u0106 PUDE\u0141KO Z PRZYKRYWK\u0104 0,3 l"}]},{"@type":"WebSite","@id":"https:\/\/bobimarket.pl\/#website","url":"https:\/\/bobimarket.pl\/","name":"BOBIMARKET.pl - Remontuj i urz\u0105dzaj z nami","description":"Remontuj i urz\u0105dzaj z nami","publisher":{"@id":"https:\/\/bobimarket.pl\/#organization"},"potentialAction":[{"@type":"SearchAction","target":{"@type":"EntryPoint","urlTemplate":"https:\/\/bobimarket.pl\/?s={search_term_string}"},"query-input":"required name=search_term_string"}],"inLanguage":"pl-PL"},{"@type":"Organization","@id":"https:\/\/bobimarket.pl\/#organization","name":"BOBIMARKET.pl","url":"https:\/\/bobimarket.pl\/","logo":{"@type":"ImageObject","inLanguage":"pl-PL","@id":"https:\/\/bobimarket.pl\/#\/schema\/logo\/image\/","url":"https:\/\/bobimarket.pl\/wp-content\/uploads\/2021\/11\/slogan.png","contentUrl":"https:\/\/bobimarket.pl\/wp-content\/uploads\/2021\/11\/slogan.png","width":2000,"height":384,"caption":"BOBIMARKET.pl"},"image":{"@id":"https:\/\/bobimarket.pl\/#\/schema\/logo\/image\/"}}]}},"_links":{"self":[{"href":"https:\/\/bobimarket.pl\/index.php\/wp-json\/wp\/v2\/product\/87065"}],"collection":[{"href":"https:\/\/bobimarket.pl\/index.php\/wp-json\/wp\/v2\/product"}],"about":[{"href":"https:\/\/bobimarket.pl\/index.php\/wp-json\/wp\/v2\/types\/product"}],"wp:featuredmedia":[{"embeddable":true,"href":"https:\/\/bobimarket.pl\/index.php\/wp-json\/wp\/v2\/media\/87059"}],"wp:attachment":[{"href":"https:\/\/bobimarket.pl\/index.php\/wp-json\/wp\/v2\/media?parent=87065"}],"wp:term":[{"taxonomy":"product_cat","embeddable":true,"href":"https:\/\/bobimarket.pl\/index.php\/wp-json\/wp\/v2\/product_cat?post=87065"},{"taxonomy":"product_tag","embeddable":true,"href":"https:\/\/bobimarket.pl\/index.php\/wp-json\/wp\/v2\/product_tag?post=87065"}],"curies":[{"name":"wp","href":"https:\/\/api.w.org\/{rel}","templated":true}]}}