{"id":87119,"date":"2023-08-30T00:39:59","date_gmt":"2023-08-30T00:39:59","guid":{"rendered":"https:\/\/bobimarket.pl\/index.php\/produkt\/brzeszczot-do-wyrzynarki-t-drewno-110mm-2szt\/"},"modified":"2025-02-27T14:54:18","modified_gmt":"2025-02-27T14:54:18","slug":"brzeszczot-do-wyrzynarki-t-drewno-110mm-2szt","status":"publish","type":"product","link":"https:\/\/bobimarket.pl\/index.php\/produkt\/brzeszczot-do-wyrzynarki-t-drewno-110mm-2szt\/","title":{"rendered":"BRZESZCZOT DO WYRZYNARKI T DREWNO 110mm 2szt"},"content":{"rendered":"<section class=\"section\">\n<div class=\"item item-6\">\n<section class=\"image-item\">\n                <img decoding=\"async\" src=\"https:\/\/upload.cdn.baselinker.com\/products\/14476\/067ffe020c23e9dc701f0754411de76f.jpg\" \/><br \/>\n            <\/section>\n<\/p><\/div>\n<div class=\"item item-6\">\n<section class=\"text-item\">\n<h2>BRZESZCZOT DO WYRZYNARKI T DREWNO\u00a0 110mm 2szt<\/h2>\n<p><b>Dane techniczne:<\/b><\/p>\n<ul>\n<li>Materia\u0142:<b> BiMetal<\/b><\/li>\n<li>D\u0142ugo\u015b\u0107 pracy:<b> 110 mm<\/b><\/li>\n<li><b>D\u0142ugo\u015bc ca\u0142kowita 132 mm<\/b><\/li>\n<li>Typ uchwytu:<b> \u02ddT\u02dd<\/b><\/li>\n<li>Przeznaczenie: <b>drewno, METL<\/b><\/li>\n<li>Liczba w zestawie: <b>2 szt.<\/b><\/li>\n<\/ul>\n<\/section><\/div>\n<\/section>\n<section class=\"section\">\n<div class=\"item item-6\">\n<section class=\"image-item\">\n                <img decoding=\"async\" src=\"https:\/\/upload.cdn.baselinker.com\/products\/14476\/77e23842e2add88018fe926af280c8e4.jpg\" \/><br \/>\n            <\/section>\n<\/p><\/div>\n<div class=\"item item-6\">\n<section class=\"text-item\">\n<p>Wytrzyma\u0142y brzeszczot o d\u0142ugo\u015bci pracy 110 mm. Wykonany ze BiMetalu <b>,<\/b> kt\u00f3ra jest wytrzyma\u0142a i twarda. Brzeszczot przeznaczony jest do ci\u0119cia prostoliniowego i wyr\u00f3\u017cnia si\u0119 frezowanymi , falowanymi z\u0119bami hakowymi\u00a0 o zmiennej progresywnej podzia\u0142ce i du\u017cym k\u0105cie natarcia.<\/p>\n<ul>\n<li>Brzeszczot wyposa\u017cony w popularny <b>uchwyt typu &#8222;T&#8221;<\/b> umo\u017cliwiaj\u0105cy ci\u0119cie za pomoc\u0105 wyrzynarek wi\u0119kszo\u015bci producent\u00f3w dost\u0119pnych na rynku.<\/li>\n<li>Zestaw sk\u0142ada si\u0119 z <b>dw\u00f3ch brzeszczot\u00f3w.<\/b><\/li>\n<\/ul>\n<\/section><\/div>\n<\/section>\n<section class=\"section\">\n<div class=\"item item-6\">\n<section class=\"image-item\">\n                <img decoding=\"async\" src=\"https:\/\/upload.cdn.baselinker.com\/products\/14476\/067ffe020c23e9dc701f0754411de76f.jpg\" \/><br \/>\n            <\/section>\n<\/p><\/div>\n<div class=\"item item-6\">\n<section class=\"text-item\">\n<p><b>\u2705<\/b><b> Zastosowanie:<\/b><\/p>\n<p>Drobny, naprzemienny z\u0105b o charakterystycznej geometrii\u00a0 zapewniaj\u0105 czyst\u0119 ci\u0119cie.<\/p>\n<p>Brzeszczot przeznaczony jest do ci\u0119cia:<\/p>\n<ul>\n<li>elemetn\u00f3w stalowych<\/li>\n<li>drewna z gwo\u017adziami i<\/li>\n<li>p\u0142yt wi\u00f3rowych\u00a0 oraz<\/li>\n<li>metali nie\u017celaznych i<\/li>\n<li>tworzyw sztucznych<\/li>\n<\/ul>\n<\/section><\/div>\n<\/section>\n<section class=\"section\">\n<div class=\"item item-12\">\n<section class=\"image-item\">\n                <img decoding=\"async\" src=\"https:\/\/upload.cdn.baselinker.com\/products\/14476\/750050a7ff30658f6973d2ccbc3f9595.jpg\" \/><br \/>\n            <\/section>\n<\/p><\/div>\n<\/section>\n","protected":false},"excerpt":{"rendered":"<p>BRZESZCZOT DO WYRZYNARKI T DREWNO\u00a0 110mm 2szt Dane techniczne: Materia\u0142: BiMetal D\u0142ugo\u015b\u0107 pracy: 110 mm D\u0142ugo\u015bc ca\u0142kowita 132 mm Typ uchwytu: \u02ddT\u02dd Przeznaczenie: drewno, METL Liczba w zestawie: 2 szt. Wytrzyma\u0142y brzeszczot o d\u0142ugo\u015bci pracy 110 mm. Wykonany ze BiMetalu , kt\u00f3ra jest wytrzyma\u0142a i twarda. Brzeszczot przeznaczony jest do ci\u0119cia prostoliniowego i wyr\u00f3\u017cnia si\u0119<br \/><a class=\"more-link\" href=\"https:\/\/bobimarket.pl\/index.php\/produkt\/brzeszczot-do-wyrzynarki-t-drewno-110mm-2szt\/\"><br \/>\n        Czytaj wi\u0119cej<span class=\"screen-reader-text\"> &#8222;BRZESZCZOT DO WYRZYNARKI T DREWNO 110mm 2szt&#8221;<\/span><\/a><\/p>\n","protected":false},"featured_media":87113,"template":"","meta":[],"product_cat":[8165],"product_tag":[],"yoast_head":"<!-- This site is optimized with the Yoast SEO plugin v21.0 - https:\/\/yoast.com\/wordpress\/plugins\/seo\/ -->\n<title>BRZESZCZOT DO WYRZYNARKI T DREWNO 110mm 2szt - BOBIMARKET.pl - Remontuj i urz\u0105dzaj z nami<\/title>\n<meta name=\"robots\" content=\"index, follow, max-snippet:-1, max-image-preview:large, max-video-preview:-1\" \/>\n<link rel=\"canonical\" href=\"https:\/\/bobimarket.pl\/index.php\/produkt\/brzeszczot-do-wyrzynarki-t-drewno-110mm-2szt\/\" \/>\n<meta property=\"og:locale\" content=\"pl_PL\" \/>\n<meta property=\"og:type\" content=\"article\" \/>\n<meta property=\"og:title\" content=\"BRZESZCZOT DO WYRZYNARKI T DREWNO 110mm 2szt - BOBIMARKET.pl - Remontuj i urz\u0105dzaj z nami\" \/>\n<meta property=\"og:description\" content=\"BRZESZCZOT DO WYRZYNARKI T DREWNO\u00a0 110mm 2szt Dane techniczne: Materia\u0142: BiMetal D\u0142ugo\u015b\u0107 pracy: 110 mm D\u0142ugo\u015bc ca\u0142kowita 132 mm Typ uchwytu: \u02ddT\u02dd Przeznaczenie: drewno, METL Liczba w zestawie: 2 szt. Wytrzyma\u0142y brzeszczot o d\u0142ugo\u015bci pracy 110 mm. Wykonany ze BiMetalu , kt\u00f3ra jest wytrzyma\u0142a i twarda. Brzeszczot przeznaczony jest do ci\u0119cia prostoliniowego i wyr\u00f3\u017cnia si\u0119     Czytaj wi\u0119cej &quot;BRZESZCZOT DO WYRZYNARKI T DREWNO 110mm 2szt&quot;\" \/>\n<meta property=\"og:url\" content=\"https:\/\/bobimarket.pl\/index.php\/produkt\/brzeszczot-do-wyrzynarki-t-drewno-110mm-2szt\/\" \/>\n<meta property=\"og:site_name\" content=\"BOBIMARKET.pl - Remontuj i urz\u0105dzaj z nami\" \/>\n<meta property=\"article:modified_time\" content=\"2025-02-27T14:54:18+00:00\" \/>\n<meta property=\"og:image\" content=\"https:\/\/upload.cdn.baselinker.com\/products\/14476\/067ffe020c23e9dc701f0754411de76f.jpg\" \/>\n<meta name=\"twitter:card\" content=\"summary_large_image\" \/>\n<meta name=\"twitter:label1\" content=\"Szacowany czas czytania\" \/>\n\t<meta name=\"twitter:data1\" content=\"1 minuta\" \/>\n<script type=\"application\/ld+json\" class=\"yoast-schema-graph\">{\"@context\":\"https:\/\/schema.org\",\"@graph\":[{\"@type\":\"WebPage\",\"@id\":\"https:\/\/bobimarket.pl\/index.php\/produkt\/brzeszczot-do-wyrzynarki-t-drewno-110mm-2szt\/\",\"url\":\"https:\/\/bobimarket.pl\/index.php\/produkt\/brzeszczot-do-wyrzynarki-t-drewno-110mm-2szt\/\",\"name\":\"BRZESZCZOT DO WYRZYNARKI T DREWNO 110mm 2szt - BOBIMARKET.pl - Remontuj i urz\u0105dzaj z nami\",\"isPartOf\":{\"@id\":\"https:\/\/bobimarket.pl\/#website\"},\"datePublished\":\"2023-08-30T00:39:59+00:00\",\"dateModified\":\"2025-02-27T14:54:18+00:00\",\"breadcrumb\":{\"@id\":\"https:\/\/bobimarket.pl\/index.php\/produkt\/brzeszczot-do-wyrzynarki-t-drewno-110mm-2szt\/#breadcrumb\"},\"inLanguage\":\"pl-PL\",\"potentialAction\":[{\"@type\":\"ReadAction\",\"target\":[\"https:\/\/bobimarket.pl\/index.php\/produkt\/brzeszczot-do-wyrzynarki-t-drewno-110mm-2szt\/\"]}]},{\"@type\":\"BreadcrumbList\",\"@id\":\"https:\/\/bobimarket.pl\/index.php\/produkt\/brzeszczot-do-wyrzynarki-t-drewno-110mm-2szt\/#breadcrumb\",\"itemListElement\":[{\"@type\":\"ListItem\",\"position\":1,\"name\":\"Strona g\u0142\u00f3wna\",\"item\":\"https:\/\/bobimarket.pl\/\"},{\"@type\":\"ListItem\",\"position\":2,\"name\":\"Sklep\",\"item\":\"https:\/\/bobimarket.pl\/index.php\/shop\/\"},{\"@type\":\"ListItem\",\"position\":3,\"name\":\"BRZESZCZOT DO WYRZYNARKI T DREWNO 110mm 2szt\"}]},{\"@type\":\"WebSite\",\"@id\":\"https:\/\/bobimarket.pl\/#website\",\"url\":\"https:\/\/bobimarket.pl\/\",\"name\":\"BOBIMARKET.pl - Remontuj i urz\u0105dzaj z nami\",\"description\":\"Remontuj i urz\u0105dzaj z nami\",\"publisher\":{\"@id\":\"https:\/\/bobimarket.pl\/#organization\"},\"potentialAction\":[{\"@type\":\"SearchAction\",\"target\":{\"@type\":\"EntryPoint\",\"urlTemplate\":\"https:\/\/bobimarket.pl\/?s={search_term_string}\"},\"query-input\":\"required name=search_term_string\"}],\"inLanguage\":\"pl-PL\"},{\"@type\":\"Organization\",\"@id\":\"https:\/\/bobimarket.pl\/#organization\",\"name\":\"BOBIMARKET.pl\",\"url\":\"https:\/\/bobimarket.pl\/\",\"logo\":{\"@type\":\"ImageObject\",\"inLanguage\":\"pl-PL\",\"@id\":\"https:\/\/bobimarket.pl\/#\/schema\/logo\/image\/\",\"url\":\"https:\/\/bobimarket.pl\/wp-content\/uploads\/2021\/11\/slogan.png\",\"contentUrl\":\"https:\/\/bobimarket.pl\/wp-content\/uploads\/2021\/11\/slogan.png\",\"width\":2000,\"height\":384,\"caption\":\"BOBIMARKET.pl\"},\"image\":{\"@id\":\"https:\/\/bobimarket.pl\/#\/schema\/logo\/image\/\"}}]}<\/script>\n<!-- \/ Yoast SEO plugin. -->","yoast_head_json":{"title":"BRZESZCZOT DO WYRZYNARKI T DREWNO 110mm 2szt - BOBIMARKET.pl - Remontuj i urz\u0105dzaj z nami","robots":{"index":"index","follow":"follow","max-snippet":"max-snippet:-1","max-image-preview":"max-image-preview:large","max-video-preview":"max-video-preview:-1"},"canonical":"https:\/\/bobimarket.pl\/index.php\/produkt\/brzeszczot-do-wyrzynarki-t-drewno-110mm-2szt\/","og_locale":"pl_PL","og_type":"article","og_title":"BRZESZCZOT DO WYRZYNARKI T DREWNO 110mm 2szt - BOBIMARKET.pl - Remontuj i urz\u0105dzaj z nami","og_description":"BRZESZCZOT DO WYRZYNARKI T DREWNO\u00a0 110mm 2szt Dane techniczne: Materia\u0142: BiMetal D\u0142ugo\u015b\u0107 pracy: 110 mm D\u0142ugo\u015bc ca\u0142kowita 132 mm Typ uchwytu: \u02ddT\u02dd Przeznaczenie: drewno, METL Liczba w zestawie: 2 szt. Wytrzyma\u0142y brzeszczot o d\u0142ugo\u015bci pracy 110 mm. Wykonany ze BiMetalu , kt\u00f3ra jest wytrzyma\u0142a i twarda. Brzeszczot przeznaczony jest do ci\u0119cia prostoliniowego i wyr\u00f3\u017cnia si\u0119     Czytaj wi\u0119cej \"BRZESZCZOT DO WYRZYNARKI T DREWNO 110mm 2szt\"","og_url":"https:\/\/bobimarket.pl\/index.php\/produkt\/brzeszczot-do-wyrzynarki-t-drewno-110mm-2szt\/","og_site_name":"BOBIMARKET.pl - Remontuj i urz\u0105dzaj z nami","article_modified_time":"2025-02-27T14:54:18+00:00","og_image":[{"url":"https:\/\/upload.cdn.baselinker.com\/products\/14476\/067ffe020c23e9dc701f0754411de76f.jpg"}],"twitter_card":"summary_large_image","twitter_misc":{"Szacowany czas czytania":"1 minuta"},"schema":{"@context":"https:\/\/schema.org","@graph":[{"@type":"WebPage","@id":"https:\/\/bobimarket.pl\/index.php\/produkt\/brzeszczot-do-wyrzynarki-t-drewno-110mm-2szt\/","url":"https:\/\/bobimarket.pl\/index.php\/produkt\/brzeszczot-do-wyrzynarki-t-drewno-110mm-2szt\/","name":"BRZESZCZOT DO WYRZYNARKI T DREWNO 110mm 2szt - BOBIMARKET.pl - Remontuj i urz\u0105dzaj z nami","isPartOf":{"@id":"https:\/\/bobimarket.pl\/#website"},"datePublished":"2023-08-30T00:39:59+00:00","dateModified":"2025-02-27T14:54:18+00:00","breadcrumb":{"@id":"https:\/\/bobimarket.pl\/index.php\/produkt\/brzeszczot-do-wyrzynarki-t-drewno-110mm-2szt\/#breadcrumb"},"inLanguage":"pl-PL","potentialAction":[{"@type":"ReadAction","target":["https:\/\/bobimarket.pl\/index.php\/produkt\/brzeszczot-do-wyrzynarki-t-drewno-110mm-2szt\/"]}]},{"@type":"BreadcrumbList","@id":"https:\/\/bobimarket.pl\/index.php\/produkt\/brzeszczot-do-wyrzynarki-t-drewno-110mm-2szt\/#breadcrumb","itemListElement":[{"@type":"ListItem","position":1,"name":"Strona g\u0142\u00f3wna","item":"https:\/\/bobimarket.pl\/"},{"@type":"ListItem","position":2,"name":"Sklep","item":"https:\/\/bobimarket.pl\/index.php\/shop\/"},{"@type":"ListItem","position":3,"name":"BRZESZCZOT DO WYRZYNARKI T DREWNO 110mm 2szt"}]},{"@type":"WebSite","@id":"https:\/\/bobimarket.pl\/#website","url":"https:\/\/bobimarket.pl\/","name":"BOBIMARKET.pl - Remontuj i urz\u0105dzaj z nami","description":"Remontuj i urz\u0105dzaj z nami","publisher":{"@id":"https:\/\/bobimarket.pl\/#organization"},"potentialAction":[{"@type":"SearchAction","target":{"@type":"EntryPoint","urlTemplate":"https:\/\/bobimarket.pl\/?s={search_term_string}"},"query-input":"required name=search_term_string"}],"inLanguage":"pl-PL"},{"@type":"Organization","@id":"https:\/\/bobimarket.pl\/#organization","name":"BOBIMARKET.pl","url":"https:\/\/bobimarket.pl\/","logo":{"@type":"ImageObject","inLanguage":"pl-PL","@id":"https:\/\/bobimarket.pl\/#\/schema\/logo\/image\/","url":"https:\/\/bobimarket.pl\/wp-content\/uploads\/2021\/11\/slogan.png","contentUrl":"https:\/\/bobimarket.pl\/wp-content\/uploads\/2021\/11\/slogan.png","width":2000,"height":384,"caption":"BOBIMARKET.pl"},"image":{"@id":"https:\/\/bobimarket.pl\/#\/schema\/logo\/image\/"}}]}},"_links":{"self":[{"href":"https:\/\/bobimarket.pl\/index.php\/wp-json\/wp\/v2\/product\/87119"}],"collection":[{"href":"https:\/\/bobimarket.pl\/index.php\/wp-json\/wp\/v2\/product"}],"about":[{"href":"https:\/\/bobimarket.pl\/index.php\/wp-json\/wp\/v2\/types\/product"}],"wp:featuredmedia":[{"embeddable":true,"href":"https:\/\/bobimarket.pl\/index.php\/wp-json\/wp\/v2\/media\/87113"}],"wp:attachment":[{"href":"https:\/\/bobimarket.pl\/index.php\/wp-json\/wp\/v2\/media?parent=87119"}],"wp:term":[{"taxonomy":"product_cat","embeddable":true,"href":"https:\/\/bobimarket.pl\/index.php\/wp-json\/wp\/v2\/product_cat?post=87119"},{"taxonomy":"product_tag","embeddable":true,"href":"https:\/\/bobimarket.pl\/index.php\/wp-json\/wp\/v2\/product_tag?post=87119"}],"curies":[{"name":"wp","href":"https:\/\/api.w.org\/{rel}","templated":true}]}}