{"id":87144,"date":"2023-08-30T00:41:29","date_gmt":"2023-08-30T00:41:29","guid":{"rendered":"https:\/\/bobimarket.pl\/index.php\/produkt\/stojak-statyw-uchwyt-do-wiertarki-wiertarski-38-43\/"},"modified":"2025-02-27T14:54:38","modified_gmt":"2025-02-27T14:54:38","slug":"stojak-statyw-uchwyt-do-wiertarki-wiertarski-38-43","status":"publish","type":"product","link":"https:\/\/bobimarket.pl\/index.php\/produkt\/stojak-statyw-uchwyt-do-wiertarki-wiertarski-38-43\/","title":{"rendered":"STOJAK STATYW UCHWYT DO WIERTARKI WIERTARSKI 38-43"},"content":{"rendered":"<section class=\"section\">\n<div class=\"item item-6\">\n<section class=\"image-item\">\n            <img decoding=\"async\" src=\"https:\/\/upload.cdn.baselinker.com\/products\/14476\/be2e20f429fc9ad691b904432fe51af8.jpg\" \/><br \/>\n        <\/section>\n<\/p><\/div>\n<div class=\"item item-6\">\n<section class=\"text-item\">\n<h2>STOJAK STATYW UCHWYT DO WIERTARKI WIERTARSKI 38-43<\/h2>\n<p><b>Dane techniczne:<\/b><\/p>\n<ul>\n<li>Wysoko\u015b\u0107 statywu: <b>420 mm<\/b><\/li>\n<li>\u015arednica uchwytu wiertarki:<b> 38-43 mm<\/b><\/li>\n<li>Wymiar podstawy stojaka: <b>165 mm x 165 mm<\/b><\/li>\n<li>G\u0142\u0119boko\u015b\u0107 wiercenia: <b>maksymalnie 60 mm<\/b> (regulowana)<\/li>\n<\/ul>\n<p><b>Zestaw zawiera wszystkie niezb\u0119dne elementy do monta\u017cu. Komplet sk\u0142ada si\u0119 z:<\/b><\/p>\n<ul>\n<li>stojaka do wiertarki<\/li>\n<li>trzech tulei redukcyjnych do wiertarek<\/li>\n<li>klucza nimbusowego<\/li>\n<\/ul>\n<\/section><\/div>\n<\/section>\n<section class=\"section\">\n<div class=\"item item-6\">\n<section class=\"image-item\">\n            <img decoding=\"async\" src=\"https:\/\/upload.cdn.baselinker.com\/products\/14476\/a6cdf73c80f3f358b781e57f823be1fe.jpg\" \/><br \/>\n        <\/section>\n<\/p><\/div>\n<div class=\"item item-6\">\n<section class=\"text-item\">\n<p><b>Praktyczny i pomocny element wyposa\u017cenia Twojego przydomowego warsztatu!<\/b><\/p>\n<p>Solidny stojak na wiertarki wykonany ze stopu aluminium. Postawa statywu wyposa\u017cona zosta\u0142a w otwory umo\u017cliwiaj\u0105cy stabilny i bezpieczny monta\u017c urz\u0105dzenia na blacie.<\/p>\n<ul>\n<li>Narz\u0119dzie umo\u017cliwia <b>regulacj\u0119 g\u0142\u0119boko\u015bci<\/b> wiercenia ( maksymalnie do 60 mm)<\/li>\n<\/ul>\n<ul>\n<li><b>Rozmiar mocowania<\/b> &#8211; \u015br. 38 &#8211; 43 mm.<\/li>\n<\/ul>\n<\/section><\/div>\n<\/section>\n<section class=\"section\">\n<div class=\"item item-6\">\n<section class=\"image-item\">\n            <img decoding=\"async\" src=\"https:\/\/upload.cdn.baselinker.com\/products\/14476\/be2e20f429fc9ad691b904432fe51af8.jpg\" \/><br \/>\n        <\/section>\n<\/p><\/div>\n<div class=\"item item-6\">\n<section class=\"text-item\">\n<p><b>\u2705<\/b><b> Zastosowanie:<\/b><\/p>\n<ul>\n<li>Statyw przyda si\u0119 ka\u017cdemu majsterkowiczowi! <b>Pozwala na pionow\u0105 zmian\u0119 po\u0142o\u017cenia zamocowanej wiertarki<\/b> co umo\u017cliwia stabiln\u0105 prac\u0119 i zmniejsza prawdopodobie\u0144stwo z\u0142amania lub uszkodzenia wiert\u0142a.<\/li>\n<li>Dodatkowo stojaku pozwala na <b>przeprowadzenie\u00a0 precyzyjnych prac<\/b> z zastosowaniem wiertarki r\u0119cznej. Stabilizuje narz\u0119dzie i pomaga\u00a0 w wykonywaniu r\u00f3wnych otwor\u00f3w.<\/li>\n<\/ul>\n<\/section><\/div>\n<\/section>\n","protected":false},"excerpt":{"rendered":"<p>STOJAK STATYW UCHWYT DO WIERTARKI WIERTARSKI 38-43 Dane techniczne: Wysoko\u015b\u0107 statywu: 420 mm \u015arednica uchwytu wiertarki: 38-43 mm Wymiar podstawy stojaka: 165 mm x 165 mm G\u0142\u0119boko\u015b\u0107 wiercenia: maksymalnie 60 mm (regulowana) Zestaw zawiera wszystkie niezb\u0119dne elementy do monta\u017cu. Komplet sk\u0142ada si\u0119 z: stojaka do wiertarki trzech tulei redukcyjnych do wiertarek klucza nimbusowego Praktyczny i<br \/><a class=\"more-link\" href=\"https:\/\/bobimarket.pl\/index.php\/produkt\/stojak-statyw-uchwyt-do-wiertarki-wiertarski-38-43\/\"><br \/>\n        Czytaj wi\u0119cej<span class=\"screen-reader-text\"> &#8222;STOJAK STATYW UCHWYT DO WIERTARKI WIERTARSKI 38-43&#8221;<\/span><\/a><\/p>\n","protected":false},"featured_media":87140,"template":"","meta":[],"product_cat":[8162],"product_tag":[],"yoast_head":"<!-- This site is optimized with the Yoast SEO plugin v21.0 - https:\/\/yoast.com\/wordpress\/plugins\/seo\/ -->\n<title>STOJAK STATYW UCHWYT DO WIERTARKI WIERTARSKI 38-43 - BOBIMARKET.pl - Remontuj i urz\u0105dzaj z nami<\/title>\n<meta name=\"robots\" content=\"index, follow, max-snippet:-1, max-image-preview:large, max-video-preview:-1\" \/>\n<link rel=\"canonical\" href=\"https:\/\/bobimarket.pl\/index.php\/produkt\/stojak-statyw-uchwyt-do-wiertarki-wiertarski-38-43\/\" \/>\n<meta property=\"og:locale\" content=\"pl_PL\" \/>\n<meta property=\"og:type\" content=\"article\" \/>\n<meta property=\"og:title\" content=\"STOJAK STATYW UCHWYT DO WIERTARKI WIERTARSKI 38-43 - BOBIMARKET.pl - Remontuj i urz\u0105dzaj z nami\" \/>\n<meta property=\"og:description\" content=\"STOJAK STATYW UCHWYT DO WIERTARKI WIERTARSKI 38-43 Dane techniczne: Wysoko\u015b\u0107 statywu: 420 mm \u015arednica uchwytu wiertarki: 38-43 mm Wymiar podstawy stojaka: 165 mm x 165 mm G\u0142\u0119boko\u015b\u0107 wiercenia: maksymalnie 60 mm (regulowana) Zestaw zawiera wszystkie niezb\u0119dne elementy do monta\u017cu. Komplet sk\u0142ada si\u0119 z: stojaka do wiertarki trzech tulei redukcyjnych do wiertarek klucza nimbusowego Praktyczny i     Czytaj wi\u0119cej &quot;STOJAK STATYW UCHWYT DO WIERTARKI WIERTARSKI 38-43&quot;\" \/>\n<meta property=\"og:url\" content=\"https:\/\/bobimarket.pl\/index.php\/produkt\/stojak-statyw-uchwyt-do-wiertarki-wiertarski-38-43\/\" \/>\n<meta property=\"og:site_name\" content=\"BOBIMARKET.pl - Remontuj i urz\u0105dzaj z nami\" \/>\n<meta property=\"article:modified_time\" content=\"2025-02-27T14:54:38+00:00\" \/>\n<meta property=\"og:image\" content=\"https:\/\/upload.cdn.baselinker.com\/products\/14476\/be2e20f429fc9ad691b904432fe51af8.jpg\" \/>\n<meta name=\"twitter:card\" content=\"summary_large_image\" \/>\n<meta name=\"twitter:label1\" content=\"Szacowany czas czytania\" \/>\n\t<meta name=\"twitter:data1\" content=\"1 minuta\" \/>\n<script type=\"application\/ld+json\" class=\"yoast-schema-graph\">{\"@context\":\"https:\/\/schema.org\",\"@graph\":[{\"@type\":\"WebPage\",\"@id\":\"https:\/\/bobimarket.pl\/index.php\/produkt\/stojak-statyw-uchwyt-do-wiertarki-wiertarski-38-43\/\",\"url\":\"https:\/\/bobimarket.pl\/index.php\/produkt\/stojak-statyw-uchwyt-do-wiertarki-wiertarski-38-43\/\",\"name\":\"STOJAK STATYW UCHWYT DO WIERTARKI WIERTARSKI 38-43 - BOBIMARKET.pl - Remontuj i urz\u0105dzaj z nami\",\"isPartOf\":{\"@id\":\"https:\/\/bobimarket.pl\/#website\"},\"datePublished\":\"2023-08-30T00:41:29+00:00\",\"dateModified\":\"2025-02-27T14:54:38+00:00\",\"breadcrumb\":{\"@id\":\"https:\/\/bobimarket.pl\/index.php\/produkt\/stojak-statyw-uchwyt-do-wiertarki-wiertarski-38-43\/#breadcrumb\"},\"inLanguage\":\"pl-PL\",\"potentialAction\":[{\"@type\":\"ReadAction\",\"target\":[\"https:\/\/bobimarket.pl\/index.php\/produkt\/stojak-statyw-uchwyt-do-wiertarki-wiertarski-38-43\/\"]}]},{\"@type\":\"BreadcrumbList\",\"@id\":\"https:\/\/bobimarket.pl\/index.php\/produkt\/stojak-statyw-uchwyt-do-wiertarki-wiertarski-38-43\/#breadcrumb\",\"itemListElement\":[{\"@type\":\"ListItem\",\"position\":1,\"name\":\"Strona g\u0142\u00f3wna\",\"item\":\"https:\/\/bobimarket.pl\/\"},{\"@type\":\"ListItem\",\"position\":2,\"name\":\"Sklep\",\"item\":\"https:\/\/bobimarket.pl\/index.php\/shop\/\"},{\"@type\":\"ListItem\",\"position\":3,\"name\":\"STOJAK STATYW UCHWYT DO WIERTARKI WIERTARSKI 38-43\"}]},{\"@type\":\"WebSite\",\"@id\":\"https:\/\/bobimarket.pl\/#website\",\"url\":\"https:\/\/bobimarket.pl\/\",\"name\":\"BOBIMARKET.pl - Remontuj i urz\u0105dzaj z nami\",\"description\":\"Remontuj i urz\u0105dzaj z nami\",\"publisher\":{\"@id\":\"https:\/\/bobimarket.pl\/#organization\"},\"potentialAction\":[{\"@type\":\"SearchAction\",\"target\":{\"@type\":\"EntryPoint\",\"urlTemplate\":\"https:\/\/bobimarket.pl\/?s={search_term_string}\"},\"query-input\":\"required name=search_term_string\"}],\"inLanguage\":\"pl-PL\"},{\"@type\":\"Organization\",\"@id\":\"https:\/\/bobimarket.pl\/#organization\",\"name\":\"BOBIMARKET.pl\",\"url\":\"https:\/\/bobimarket.pl\/\",\"logo\":{\"@type\":\"ImageObject\",\"inLanguage\":\"pl-PL\",\"@id\":\"https:\/\/bobimarket.pl\/#\/schema\/logo\/image\/\",\"url\":\"https:\/\/bobimarket.pl\/wp-content\/uploads\/2021\/11\/slogan.png\",\"contentUrl\":\"https:\/\/bobimarket.pl\/wp-content\/uploads\/2021\/11\/slogan.png\",\"width\":2000,\"height\":384,\"caption\":\"BOBIMARKET.pl\"},\"image\":{\"@id\":\"https:\/\/bobimarket.pl\/#\/schema\/logo\/image\/\"}}]}<\/script>\n<!-- \/ Yoast SEO plugin. -->","yoast_head_json":{"title":"STOJAK STATYW UCHWYT DO WIERTARKI WIERTARSKI 38-43 - BOBIMARKET.pl - Remontuj i urz\u0105dzaj z nami","robots":{"index":"index","follow":"follow","max-snippet":"max-snippet:-1","max-image-preview":"max-image-preview:large","max-video-preview":"max-video-preview:-1"},"canonical":"https:\/\/bobimarket.pl\/index.php\/produkt\/stojak-statyw-uchwyt-do-wiertarki-wiertarski-38-43\/","og_locale":"pl_PL","og_type":"article","og_title":"STOJAK STATYW UCHWYT DO WIERTARKI WIERTARSKI 38-43 - BOBIMARKET.pl - Remontuj i urz\u0105dzaj z nami","og_description":"STOJAK STATYW UCHWYT DO WIERTARKI WIERTARSKI 38-43 Dane techniczne: Wysoko\u015b\u0107 statywu: 420 mm \u015arednica uchwytu wiertarki: 38-43 mm Wymiar podstawy stojaka: 165 mm x 165 mm G\u0142\u0119boko\u015b\u0107 wiercenia: maksymalnie 60 mm (regulowana) Zestaw zawiera wszystkie niezb\u0119dne elementy do monta\u017cu. Komplet sk\u0142ada si\u0119 z: stojaka do wiertarki trzech tulei redukcyjnych do wiertarek klucza nimbusowego Praktyczny i     Czytaj wi\u0119cej \"STOJAK STATYW UCHWYT DO WIERTARKI WIERTARSKI 38-43\"","og_url":"https:\/\/bobimarket.pl\/index.php\/produkt\/stojak-statyw-uchwyt-do-wiertarki-wiertarski-38-43\/","og_site_name":"BOBIMARKET.pl - Remontuj i urz\u0105dzaj z nami","article_modified_time":"2025-02-27T14:54:38+00:00","og_image":[{"url":"https:\/\/upload.cdn.baselinker.com\/products\/14476\/be2e20f429fc9ad691b904432fe51af8.jpg"}],"twitter_card":"summary_large_image","twitter_misc":{"Szacowany czas czytania":"1 minuta"},"schema":{"@context":"https:\/\/schema.org","@graph":[{"@type":"WebPage","@id":"https:\/\/bobimarket.pl\/index.php\/produkt\/stojak-statyw-uchwyt-do-wiertarki-wiertarski-38-43\/","url":"https:\/\/bobimarket.pl\/index.php\/produkt\/stojak-statyw-uchwyt-do-wiertarki-wiertarski-38-43\/","name":"STOJAK STATYW UCHWYT DO WIERTARKI WIERTARSKI 38-43 - BOBIMARKET.pl - Remontuj i urz\u0105dzaj z nami","isPartOf":{"@id":"https:\/\/bobimarket.pl\/#website"},"datePublished":"2023-08-30T00:41:29+00:00","dateModified":"2025-02-27T14:54:38+00:00","breadcrumb":{"@id":"https:\/\/bobimarket.pl\/index.php\/produkt\/stojak-statyw-uchwyt-do-wiertarki-wiertarski-38-43\/#breadcrumb"},"inLanguage":"pl-PL","potentialAction":[{"@type":"ReadAction","target":["https:\/\/bobimarket.pl\/index.php\/produkt\/stojak-statyw-uchwyt-do-wiertarki-wiertarski-38-43\/"]}]},{"@type":"BreadcrumbList","@id":"https:\/\/bobimarket.pl\/index.php\/produkt\/stojak-statyw-uchwyt-do-wiertarki-wiertarski-38-43\/#breadcrumb","itemListElement":[{"@type":"ListItem","position":1,"name":"Strona g\u0142\u00f3wna","item":"https:\/\/bobimarket.pl\/"},{"@type":"ListItem","position":2,"name":"Sklep","item":"https:\/\/bobimarket.pl\/index.php\/shop\/"},{"@type":"ListItem","position":3,"name":"STOJAK STATYW UCHWYT DO WIERTARKI WIERTARSKI 38-43"}]},{"@type":"WebSite","@id":"https:\/\/bobimarket.pl\/#website","url":"https:\/\/bobimarket.pl\/","name":"BOBIMARKET.pl - Remontuj i urz\u0105dzaj z nami","description":"Remontuj i urz\u0105dzaj z nami","publisher":{"@id":"https:\/\/bobimarket.pl\/#organization"},"potentialAction":[{"@type":"SearchAction","target":{"@type":"EntryPoint","urlTemplate":"https:\/\/bobimarket.pl\/?s={search_term_string}"},"query-input":"required name=search_term_string"}],"inLanguage":"pl-PL"},{"@type":"Organization","@id":"https:\/\/bobimarket.pl\/#organization","name":"BOBIMARKET.pl","url":"https:\/\/bobimarket.pl\/","logo":{"@type":"ImageObject","inLanguage":"pl-PL","@id":"https:\/\/bobimarket.pl\/#\/schema\/logo\/image\/","url":"https:\/\/bobimarket.pl\/wp-content\/uploads\/2021\/11\/slogan.png","contentUrl":"https:\/\/bobimarket.pl\/wp-content\/uploads\/2021\/11\/slogan.png","width":2000,"height":384,"caption":"BOBIMARKET.pl"},"image":{"@id":"https:\/\/bobimarket.pl\/#\/schema\/logo\/image\/"}}]}},"_links":{"self":[{"href":"https:\/\/bobimarket.pl\/index.php\/wp-json\/wp\/v2\/product\/87144"}],"collection":[{"href":"https:\/\/bobimarket.pl\/index.php\/wp-json\/wp\/v2\/product"}],"about":[{"href":"https:\/\/bobimarket.pl\/index.php\/wp-json\/wp\/v2\/types\/product"}],"wp:featuredmedia":[{"embeddable":true,"href":"https:\/\/bobimarket.pl\/index.php\/wp-json\/wp\/v2\/media\/87140"}],"wp:attachment":[{"href":"https:\/\/bobimarket.pl\/index.php\/wp-json\/wp\/v2\/media?parent=87144"}],"wp:term":[{"taxonomy":"product_cat","embeddable":true,"href":"https:\/\/bobimarket.pl\/index.php\/wp-json\/wp\/v2\/product_cat?post=87144"},{"taxonomy":"product_tag","embeddable":true,"href":"https:\/\/bobimarket.pl\/index.php\/wp-json\/wp\/v2\/product_tag?post=87144"}],"curies":[{"name":"wp","href":"https:\/\/api.w.org\/{rel}","templated":true}]}}