{"id":87173,"date":"2023-08-30T00:43:35","date_gmt":"2023-08-30T00:43:35","guid":{"rendered":"https:\/\/bobimarket.pl\/index.php\/produkt\/wozek-na-waz-ogrodowy-zwijacz-beben-1-2-45m-alu\/"},"modified":"2025-02-27T14:54:56","modified_gmt":"2025-02-27T14:54:56","slug":"wozek-na-waz-ogrodowy-zwijacz-beben-1-2-45m-alu","status":"publish","type":"product","link":"https:\/\/bobimarket.pl\/index.php\/produkt\/wozek-na-waz-ogrodowy-zwijacz-beben-1-2-45m-alu\/","title":{"rendered":"W\u00d3ZEK NA W\u0104\u017b OGRODOWY ZWIJACZ B\u0118BEN 1\/2 45m ALU"},"content":{"rendered":"<section class=\"section\">\n<div class=\"item item-6\">\n<section class=\"image-item\">\n            <img decoding=\"async\" src=\"https:\/\/upload.cdn.baselinker.com\/products\/14476\/baedd9c6f62c37640e5a5c6d659950d7.jpg\" \/><br \/>\n        <\/section>\n<\/p><\/div>\n<div class=\"item item-6\">\n<section class=\"text-item\">\n<h2>W\u00d3ZEK NA W\u0104\u017b OGRODOWY ZWIJACZ B\u0118BEN 1\/2 45m ALU<\/h2>\n<p><b>Dane techniczne: <\/b><\/p>\n<ul>\n<li>Wymiar: 835 x 440 x 37 mm<\/li>\n<li>45 m pojemno\u015bci w\u0119\u017ca na 1\/2&#8243;<\/li>\n<\/ul>\n<\/section><\/div>\n<\/section>\n<section class=\"section\">\n<div class=\"item item-6\">\n<section class=\"image-item\">\n            <img decoding=\"async\" src=\"https:\/\/upload.cdn.baselinker.com\/products\/14476\/22dc40da814fdab35e9c93cf47c287e4.jpg\" \/><br \/>\n        <\/section>\n<\/p><\/div>\n<div class=\"item item-6\">\n<section class=\"text-item\">\n<p><b>Wygodne rozwi\u0105zanie do Twojego ogrodu!<\/b><\/p>\n<p>W\u00f3zek na w\u0105\u017c ogrodowy 45 m pojemno\u015bci w\u0119\u017ca na 1\/2&#8243;, Z jego pomoc\u0105 w \u0142atwy spos\u00f3b nawodnisz trawnik lub podlejesz rabatki z kwiatkami.<\/p>\n<ul>\n<li>R\u0105czki oraz nogi w\u00f3zka wykonane z aluminium, kt\u00f3re nie koroduje. W\u00f3zek jest por\u0119czny i wytrzyma\u0142y, ale r\u00f3wnie\u017c lekki.<\/li>\n<\/ul>\n<ul>\n<li>Odpowiednia konstrukcja i niski \u015brodek ci\u0119\u017cko\u015bci sprawia, \u017ce w\u00f3zek jest stabilny.<\/li>\n<\/ul>\n<ul>\n<li>Mo\u017cliwo\u015b\u0107 z\u0142o\u017cenia r\u0105czek sprawia, \u017ce sprz\u0119t zajmuje ma\u0142o miejsca i\u00a0 \u0142atwo go przechowywa\u0107, gdy nie jest u\u017cywany.<\/li>\n<\/ul>\n<ul>\n<li>Jest bardzo funkcjonalny. R\u0105czk\u0119 do zwijania mo\u017cna zamontowa\u0107 po obu stronach.<\/li>\n<\/ul>\n<\/section><\/div>\n<\/section>\n<section class=\"section\">\n<div class=\"item item-6\">\n<section class=\"image-item\">\n            <img decoding=\"async\" src=\"https:\/\/upload.cdn.baselinker.com\/products\/14476\/baedd9c6f62c37640e5a5c6d659950d7.jpg\" \/><br \/>\n        <\/section>\n<\/p><\/div>\n<div class=\"item item-6\">\n<section class=\"text-item\">\n<p>\u00a0<b>\u2705 Zastosowanie:<\/b><\/p>\n<p>W\u00f3zek u\u0142atwia prace piel\u0119gnacyjne w ogrodzie.\u00a0 Umo\u017cliwia \u0142atwe i szybki zwijanie i rozwijanie w\u0119\u017ca ogrodowego.<\/p>\n<ul>\n<li>Korbka z wygodnym uchwytem pomaga u\u0142atwia roz\u0142o\u017cenie w\u0119\u017ca bez ryzyka jego zaginania.<\/li>\n<li>Dodatkowo powoli Ci przetransportowa\u0107 w\u0105\u017c w wybrane przez Ciebie miejsce. K\u00f3\u0142ka u\u0142atwiaj\u0105 jazd\u0119 po nier\u00f3wnym terenie na du\u017cych przestrzeniach.<\/li>\n<\/ul>\n<\/section><\/div>\n<\/section>\n","protected":false},"excerpt":{"rendered":"<p>W\u00d3ZEK NA W\u0104\u017b OGRODOWY ZWIJACZ B\u0118BEN 1\/2 45m ALU Dane techniczne: Wymiar: 835 x 440 x 37 mm 45 m pojemno\u015bci w\u0119\u017ca na 1\/2&#8243; Wygodne rozwi\u0105zanie do Twojego ogrodu! W\u00f3zek na w\u0105\u017c ogrodowy 45 m pojemno\u015bci w\u0119\u017ca na 1\/2&#8243;, Z jego pomoc\u0105 w \u0142atwy spos\u00f3b nawodnisz trawnik lub podlejesz rabatki z kwiatkami. R\u0105czki oraz nogi<br \/><a class=\"more-link\" href=\"https:\/\/bobimarket.pl\/index.php\/produkt\/wozek-na-waz-ogrodowy-zwijacz-beben-1-2-45m-alu\/\"><br \/>\n        Czytaj wi\u0119cej<span class=\"screen-reader-text\"> &#8222;W\u00d3ZEK NA W\u0104\u017b OGRODOWY ZWIJACZ B\u0118BEN 1\/2 45m ALU&#8221;<\/span><\/a><\/p>\n","protected":false},"featured_media":87169,"template":"","meta":[],"product_cat":[8230],"product_tag":[],"yoast_head":"<!-- This site is optimized with the Yoast SEO plugin v21.0 - https:\/\/yoast.com\/wordpress\/plugins\/seo\/ -->\n<title>W\u00d3ZEK NA W\u0104\u017b OGRODOWY ZWIJACZ B\u0118BEN 1\/2 45m ALU - BOBIMARKET.pl - Remontuj i urz\u0105dzaj z nami<\/title>\n<meta name=\"robots\" content=\"index, follow, max-snippet:-1, max-image-preview:large, max-video-preview:-1\" \/>\n<link rel=\"canonical\" href=\"https:\/\/bobimarket.pl\/index.php\/produkt\/wozek-na-waz-ogrodowy-zwijacz-beben-1-2-45m-alu\/\" \/>\n<meta property=\"og:locale\" content=\"pl_PL\" \/>\n<meta property=\"og:type\" content=\"article\" \/>\n<meta property=\"og:title\" content=\"W\u00d3ZEK NA W\u0104\u017b OGRODOWY ZWIJACZ B\u0118BEN 1\/2 45m ALU - BOBIMARKET.pl - Remontuj i urz\u0105dzaj z nami\" \/>\n<meta property=\"og:description\" content=\"W\u00d3ZEK NA W\u0104\u017b OGRODOWY ZWIJACZ B\u0118BEN 1\/2 45m ALU Dane techniczne: Wymiar: 835 x 440 x 37 mm 45 m pojemno\u015bci w\u0119\u017ca na 1\/2&#8243; Wygodne rozwi\u0105zanie do Twojego ogrodu! W\u00f3zek na w\u0105\u017c ogrodowy 45 m pojemno\u015bci w\u0119\u017ca na 1\/2&#8243;, Z jego pomoc\u0105 w \u0142atwy spos\u00f3b nawodnisz trawnik lub podlejesz rabatki z kwiatkami. R\u0105czki oraz nogi     Czytaj wi\u0119cej &quot;W\u00d3ZEK NA W\u0104\u017b OGRODOWY ZWIJACZ B\u0118BEN 1\/2 45m ALU&quot;\" \/>\n<meta property=\"og:url\" content=\"https:\/\/bobimarket.pl\/index.php\/produkt\/wozek-na-waz-ogrodowy-zwijacz-beben-1-2-45m-alu\/\" \/>\n<meta property=\"og:site_name\" content=\"BOBIMARKET.pl - Remontuj i urz\u0105dzaj z nami\" \/>\n<meta property=\"article:modified_time\" content=\"2025-02-27T14:54:56+00:00\" \/>\n<meta property=\"og:image\" content=\"https:\/\/upload.cdn.baselinker.com\/products\/14476\/baedd9c6f62c37640e5a5c6d659950d7.jpg\" \/>\n<meta name=\"twitter:card\" content=\"summary_large_image\" \/>\n<meta name=\"twitter:label1\" content=\"Szacowany czas czytania\" \/>\n\t<meta name=\"twitter:data1\" content=\"1 minuta\" \/>\n<script type=\"application\/ld+json\" class=\"yoast-schema-graph\">{\"@context\":\"https:\/\/schema.org\",\"@graph\":[{\"@type\":\"WebPage\",\"@id\":\"https:\/\/bobimarket.pl\/index.php\/produkt\/wozek-na-waz-ogrodowy-zwijacz-beben-1-2-45m-alu\/\",\"url\":\"https:\/\/bobimarket.pl\/index.php\/produkt\/wozek-na-waz-ogrodowy-zwijacz-beben-1-2-45m-alu\/\",\"name\":\"W\u00d3ZEK NA W\u0104\u017b OGRODOWY ZWIJACZ B\u0118BEN 1\/2 45m ALU - BOBIMARKET.pl - Remontuj i urz\u0105dzaj z nami\",\"isPartOf\":{\"@id\":\"https:\/\/bobimarket.pl\/#website\"},\"datePublished\":\"2023-08-30T00:43:35+00:00\",\"dateModified\":\"2025-02-27T14:54:56+00:00\",\"breadcrumb\":{\"@id\":\"https:\/\/bobimarket.pl\/index.php\/produkt\/wozek-na-waz-ogrodowy-zwijacz-beben-1-2-45m-alu\/#breadcrumb\"},\"inLanguage\":\"pl-PL\",\"potentialAction\":[{\"@type\":\"ReadAction\",\"target\":[\"https:\/\/bobimarket.pl\/index.php\/produkt\/wozek-na-waz-ogrodowy-zwijacz-beben-1-2-45m-alu\/\"]}]},{\"@type\":\"BreadcrumbList\",\"@id\":\"https:\/\/bobimarket.pl\/index.php\/produkt\/wozek-na-waz-ogrodowy-zwijacz-beben-1-2-45m-alu\/#breadcrumb\",\"itemListElement\":[{\"@type\":\"ListItem\",\"position\":1,\"name\":\"Strona g\u0142\u00f3wna\",\"item\":\"https:\/\/bobimarket.pl\/\"},{\"@type\":\"ListItem\",\"position\":2,\"name\":\"Sklep\",\"item\":\"https:\/\/bobimarket.pl\/index.php\/shop\/\"},{\"@type\":\"ListItem\",\"position\":3,\"name\":\"W\u00d3ZEK NA W\u0104\u017b OGRODOWY ZWIJACZ B\u0118BEN 1\/2 45m ALU\"}]},{\"@type\":\"WebSite\",\"@id\":\"https:\/\/bobimarket.pl\/#website\",\"url\":\"https:\/\/bobimarket.pl\/\",\"name\":\"BOBIMARKET.pl - Remontuj i urz\u0105dzaj z nami\",\"description\":\"Remontuj i urz\u0105dzaj z nami\",\"publisher\":{\"@id\":\"https:\/\/bobimarket.pl\/#organization\"},\"potentialAction\":[{\"@type\":\"SearchAction\",\"target\":{\"@type\":\"EntryPoint\",\"urlTemplate\":\"https:\/\/bobimarket.pl\/?s={search_term_string}\"},\"query-input\":\"required name=search_term_string\"}],\"inLanguage\":\"pl-PL\"},{\"@type\":\"Organization\",\"@id\":\"https:\/\/bobimarket.pl\/#organization\",\"name\":\"BOBIMARKET.pl\",\"url\":\"https:\/\/bobimarket.pl\/\",\"logo\":{\"@type\":\"ImageObject\",\"inLanguage\":\"pl-PL\",\"@id\":\"https:\/\/bobimarket.pl\/#\/schema\/logo\/image\/\",\"url\":\"https:\/\/bobimarket.pl\/wp-content\/uploads\/2021\/11\/slogan.png\",\"contentUrl\":\"https:\/\/bobimarket.pl\/wp-content\/uploads\/2021\/11\/slogan.png\",\"width\":2000,\"height\":384,\"caption\":\"BOBIMARKET.pl\"},\"image\":{\"@id\":\"https:\/\/bobimarket.pl\/#\/schema\/logo\/image\/\"}}]}<\/script>\n<!-- \/ Yoast SEO plugin. -->","yoast_head_json":{"title":"W\u00d3ZEK NA W\u0104\u017b OGRODOWY ZWIJACZ B\u0118BEN 1\/2 45m ALU - BOBIMARKET.pl - Remontuj i urz\u0105dzaj z nami","robots":{"index":"index","follow":"follow","max-snippet":"max-snippet:-1","max-image-preview":"max-image-preview:large","max-video-preview":"max-video-preview:-1"},"canonical":"https:\/\/bobimarket.pl\/index.php\/produkt\/wozek-na-waz-ogrodowy-zwijacz-beben-1-2-45m-alu\/","og_locale":"pl_PL","og_type":"article","og_title":"W\u00d3ZEK NA W\u0104\u017b OGRODOWY ZWIJACZ B\u0118BEN 1\/2 45m ALU - BOBIMARKET.pl - Remontuj i urz\u0105dzaj z nami","og_description":"W\u00d3ZEK NA W\u0104\u017b OGRODOWY ZWIJACZ B\u0118BEN 1\/2 45m ALU Dane techniczne: Wymiar: 835 x 440 x 37 mm 45 m pojemno\u015bci w\u0119\u017ca na 1\/2&#8243; Wygodne rozwi\u0105zanie do Twojego ogrodu! W\u00f3zek na w\u0105\u017c ogrodowy 45 m pojemno\u015bci w\u0119\u017ca na 1\/2&#8243;, Z jego pomoc\u0105 w \u0142atwy spos\u00f3b nawodnisz trawnik lub podlejesz rabatki z kwiatkami. R\u0105czki oraz nogi     Czytaj wi\u0119cej \"W\u00d3ZEK NA W\u0104\u017b OGRODOWY ZWIJACZ B\u0118BEN 1\/2 45m ALU\"","og_url":"https:\/\/bobimarket.pl\/index.php\/produkt\/wozek-na-waz-ogrodowy-zwijacz-beben-1-2-45m-alu\/","og_site_name":"BOBIMARKET.pl - Remontuj i urz\u0105dzaj z nami","article_modified_time":"2025-02-27T14:54:56+00:00","og_image":[{"url":"https:\/\/upload.cdn.baselinker.com\/products\/14476\/baedd9c6f62c37640e5a5c6d659950d7.jpg"}],"twitter_card":"summary_large_image","twitter_misc":{"Szacowany czas czytania":"1 minuta"},"schema":{"@context":"https:\/\/schema.org","@graph":[{"@type":"WebPage","@id":"https:\/\/bobimarket.pl\/index.php\/produkt\/wozek-na-waz-ogrodowy-zwijacz-beben-1-2-45m-alu\/","url":"https:\/\/bobimarket.pl\/index.php\/produkt\/wozek-na-waz-ogrodowy-zwijacz-beben-1-2-45m-alu\/","name":"W\u00d3ZEK NA W\u0104\u017b OGRODOWY ZWIJACZ B\u0118BEN 1\/2 45m ALU - BOBIMARKET.pl - Remontuj i urz\u0105dzaj z nami","isPartOf":{"@id":"https:\/\/bobimarket.pl\/#website"},"datePublished":"2023-08-30T00:43:35+00:00","dateModified":"2025-02-27T14:54:56+00:00","breadcrumb":{"@id":"https:\/\/bobimarket.pl\/index.php\/produkt\/wozek-na-waz-ogrodowy-zwijacz-beben-1-2-45m-alu\/#breadcrumb"},"inLanguage":"pl-PL","potentialAction":[{"@type":"ReadAction","target":["https:\/\/bobimarket.pl\/index.php\/produkt\/wozek-na-waz-ogrodowy-zwijacz-beben-1-2-45m-alu\/"]}]},{"@type":"BreadcrumbList","@id":"https:\/\/bobimarket.pl\/index.php\/produkt\/wozek-na-waz-ogrodowy-zwijacz-beben-1-2-45m-alu\/#breadcrumb","itemListElement":[{"@type":"ListItem","position":1,"name":"Strona g\u0142\u00f3wna","item":"https:\/\/bobimarket.pl\/"},{"@type":"ListItem","position":2,"name":"Sklep","item":"https:\/\/bobimarket.pl\/index.php\/shop\/"},{"@type":"ListItem","position":3,"name":"W\u00d3ZEK NA W\u0104\u017b OGRODOWY ZWIJACZ B\u0118BEN 1\/2 45m ALU"}]},{"@type":"WebSite","@id":"https:\/\/bobimarket.pl\/#website","url":"https:\/\/bobimarket.pl\/","name":"BOBIMARKET.pl - Remontuj i urz\u0105dzaj z nami","description":"Remontuj i urz\u0105dzaj z nami","publisher":{"@id":"https:\/\/bobimarket.pl\/#organization"},"potentialAction":[{"@type":"SearchAction","target":{"@type":"EntryPoint","urlTemplate":"https:\/\/bobimarket.pl\/?s={search_term_string}"},"query-input":"required name=search_term_string"}],"inLanguage":"pl-PL"},{"@type":"Organization","@id":"https:\/\/bobimarket.pl\/#organization","name":"BOBIMARKET.pl","url":"https:\/\/bobimarket.pl\/","logo":{"@type":"ImageObject","inLanguage":"pl-PL","@id":"https:\/\/bobimarket.pl\/#\/schema\/logo\/image\/","url":"https:\/\/bobimarket.pl\/wp-content\/uploads\/2021\/11\/slogan.png","contentUrl":"https:\/\/bobimarket.pl\/wp-content\/uploads\/2021\/11\/slogan.png","width":2000,"height":384,"caption":"BOBIMARKET.pl"},"image":{"@id":"https:\/\/bobimarket.pl\/#\/schema\/logo\/image\/"}}]}},"_links":{"self":[{"href":"https:\/\/bobimarket.pl\/index.php\/wp-json\/wp\/v2\/product\/87173"}],"collection":[{"href":"https:\/\/bobimarket.pl\/index.php\/wp-json\/wp\/v2\/product"}],"about":[{"href":"https:\/\/bobimarket.pl\/index.php\/wp-json\/wp\/v2\/types\/product"}],"wp:featuredmedia":[{"embeddable":true,"href":"https:\/\/bobimarket.pl\/index.php\/wp-json\/wp\/v2\/media\/87169"}],"wp:attachment":[{"href":"https:\/\/bobimarket.pl\/index.php\/wp-json\/wp\/v2\/media?parent=87173"}],"wp:term":[{"taxonomy":"product_cat","embeddable":true,"href":"https:\/\/bobimarket.pl\/index.php\/wp-json\/wp\/v2\/product_cat?post=87173"},{"taxonomy":"product_tag","embeddable":true,"href":"https:\/\/bobimarket.pl\/index.php\/wp-json\/wp\/v2\/product_tag?post=87173"}],"curies":[{"name":"wp","href":"https:\/\/api.w.org\/{rel}","templated":true}]}}