{"id":87177,"date":"2023-08-30T00:43:44","date_gmt":"2023-08-30T00:43:44","guid":{"rendered":"https:\/\/bobimarket.pl\/index.php\/produkt\/nozyce-do-trawy-podcinania-obrotowe-340mm\/"},"modified":"2025-02-27T14:55:00","modified_gmt":"2025-02-27T14:55:00","slug":"nozyce-do-trawy-podcinania-obrotowe-340mm","status":"publish","type":"product","link":"https:\/\/bobimarket.pl\/index.php\/produkt\/nozyce-do-trawy-podcinania-obrotowe-340mm\/","title":{"rendered":"NO\u017bYCE DO TRAWY PODCINANIA OBROTOWE 340mm"},"content":{"rendered":"<section class=\"section\">\n<div class=\"item item-6\">\n<section class=\"image-item\">\n            <img decoding=\"async\" src=\"https:\/\/upload.cdn.baselinker.com\/products\/14476\/6502827c8163545d82ece8e3e32afe38.jpg\" \/><br \/>\n        <\/section>\n<\/p><\/div>\n<div class=\"item item-6\">\n<section class=\"text-item\">\n<h2>NO\u017bYCE DO TRAWY PODCINANIA OBROTOWE 340mm<\/h2>\n<p><b>Dane techniczne:<\/b><\/p>\n<ul>\n<li>D\u0142ugo\u015b\u0107 narz\u0119dzia: <b>35,5 cm<\/b><\/li>\n<li>D\u0142ugo\u015b\u0107 robocza ostrza: <b>13,5 cm<\/b><\/li>\n<li>Ostrze: <b>stal w\u0119glowa <\/b><\/li>\n<li>R\u0119koje\u015b\u0107:<b> polipropylen\/guma termoplastyczna <\/b><\/li>\n<li>Mi\u0119kki uchwyt<\/li>\n<\/ul>\n<\/section><\/div>\n<\/section>\n<section class=\"section\">\n<div class=\"item item-6\">\n<section class=\"image-item\">\n            <img decoding=\"async\" src=\"https:\/\/upload.cdn.baselinker.com\/products\/14476\/6502827c8163545d82ece8e3e32afe38.jpg\" \/><br \/>\n        <\/section>\n<\/p><\/div>\n<div class=\"item item-6\">\n<section class=\"text-item\">\n<p><b>Niezb\u0119dne narz\u0119dzie podczas wszelkich prac ogrodowych!<\/b><\/p>\n<p>Praktyczne i solidne <b>no\u017cyce do trawy.<\/b> Ostrze zosta\u0142o wykonane z wysokogatunkowej stali w\u0119glowej, kt\u00f3ra charakteryzuje si\u0119 du\u017c\u0105 wytrzyma\u0142o\u015bci\u0105. Pe\u0142na regulacja <b>k\u0105ta obrotu<\/b> g\u0142owicy tn\u0105cej\u00a0360\u00b0 sprawia, \u017ce narz\u0119dzie jest bardzo funkcjonalne.<\/p>\n<ul>\n<li><b>R\u0119koje\u015b\u0107<\/b> wykonana z mi\u0119kkiego materia\u0142u zapewnia komfort pracy. Dodatkowo posiada dolna os\u0142on\u0119 na palce, kt\u00f3ra gwarantuje bezpiecze\u0144stwo.<\/li>\n<\/ul>\n<ul>\n<li>No\u017cyce wyposa\u017cone s\u0105 w<b> blokad\u0119<\/b>, kt\u00f3ra jest prosta w obs\u0142udze. Ponadto zapewnia bezpieczne przechowywanie narz\u0119dzia.<\/li>\n<li>Sprz\u0119t jest lekki i por\u0119czny oraz prosty\u00a0 w obs\u0142udze.<\/li>\n<\/ul>\n<p><b>\u2705<\/b><b> Zastosowanie:<\/b><\/p>\n<p>No\u017cyce b\u0119d\u0105 pomocne podczas wszelkich prac ogrodowych i pomog\u0105 w samodzielnej piel\u0119gnacji ogrodu!<\/p>\n<ul>\n<li>Narz\u0119dzie idealnie nadaje si\u0119 do przycinania trawnika. Sprawdzi si\u0119 do prac w trudno dost\u0119pnych miejscach lub przycinanie \u017ad\u017abe\u0142 trawy.<\/li>\n<li>No\u017cyce mog\u0105 by\u0107 r\u00f3wnie\u017c wykorzystywane do przycinania ga\u0142\u0105zek o niewielkich \u015brednicach. Z ich pomoc\u0105 mo\u017cesz wi\u0119c formowa\u0107 oryginalne kszta\u0142ty krzew\u00f3w w ogrodzie.<\/li>\n<\/ul>\n<\/section><\/div>\n<\/section>\n","protected":false},"excerpt":{"rendered":"<p>NO\u017bYCE DO TRAWY PODCINANIA OBROTOWE 340mm Dane techniczne: D\u0142ugo\u015b\u0107 narz\u0119dzia: 35,5 cm D\u0142ugo\u015b\u0107 robocza ostrza: 13,5 cm Ostrze: stal w\u0119glowa R\u0119koje\u015b\u0107: polipropylen\/guma termoplastyczna Mi\u0119kki uchwyt Niezb\u0119dne narz\u0119dzie podczas wszelkich prac ogrodowych! Praktyczne i solidne no\u017cyce do trawy. Ostrze zosta\u0142o wykonane z wysokogatunkowej stali w\u0119glowej, kt\u00f3ra charakteryzuje si\u0119 du\u017c\u0105 wytrzyma\u0142o\u015bci\u0105. Pe\u0142na regulacja k\u0105ta obrotu g\u0142owicy tn\u0105cej\u00a0360\u00b0<br \/><a class=\"more-link\" href=\"https:\/\/bobimarket.pl\/index.php\/produkt\/nozyce-do-trawy-podcinania-obrotowe-340mm\/\"><br \/>\n        Czytaj wi\u0119cej<span class=\"screen-reader-text\"> &#8222;NO\u017bYCE DO TRAWY PODCINANIA OBROTOWE 340mm&#8221;<\/span><\/a><\/p>\n","protected":false},"featured_media":87174,"template":"","meta":[],"product_cat":[8226],"product_tag":[],"yoast_head":"<!-- This site is optimized with the Yoast SEO plugin v21.0 - https:\/\/yoast.com\/wordpress\/plugins\/seo\/ -->\n<title>NO\u017bYCE DO TRAWY PODCINANIA OBROTOWE 340mm - BOBIMARKET.pl - Remontuj i urz\u0105dzaj z nami<\/title>\n<meta name=\"robots\" content=\"index, follow, max-snippet:-1, max-image-preview:large, max-video-preview:-1\" \/>\n<link rel=\"canonical\" href=\"https:\/\/bobimarket.pl\/index.php\/produkt\/nozyce-do-trawy-podcinania-obrotowe-340mm\/\" \/>\n<meta property=\"og:locale\" content=\"pl_PL\" \/>\n<meta property=\"og:type\" content=\"article\" \/>\n<meta property=\"og:title\" content=\"NO\u017bYCE DO TRAWY PODCINANIA OBROTOWE 340mm - BOBIMARKET.pl - Remontuj i urz\u0105dzaj z nami\" \/>\n<meta property=\"og:description\" content=\"NO\u017bYCE DO TRAWY PODCINANIA OBROTOWE 340mm Dane techniczne: D\u0142ugo\u015b\u0107 narz\u0119dzia: 35,5 cm D\u0142ugo\u015b\u0107 robocza ostrza: 13,5 cm Ostrze: stal w\u0119glowa R\u0119koje\u015b\u0107: polipropylen\/guma termoplastyczna Mi\u0119kki uchwyt Niezb\u0119dne narz\u0119dzie podczas wszelkich prac ogrodowych! Praktyczne i solidne no\u017cyce do trawy. Ostrze zosta\u0142o wykonane z wysokogatunkowej stali w\u0119glowej, kt\u00f3ra charakteryzuje si\u0119 du\u017c\u0105 wytrzyma\u0142o\u015bci\u0105. Pe\u0142na regulacja k\u0105ta obrotu g\u0142owicy tn\u0105cej\u00a0360\u00b0     Czytaj wi\u0119cej &quot;NO\u017bYCE DO TRAWY PODCINANIA OBROTOWE 340mm&quot;\" \/>\n<meta property=\"og:url\" content=\"https:\/\/bobimarket.pl\/index.php\/produkt\/nozyce-do-trawy-podcinania-obrotowe-340mm\/\" \/>\n<meta property=\"og:site_name\" content=\"BOBIMARKET.pl - Remontuj i urz\u0105dzaj z nami\" \/>\n<meta property=\"article:modified_time\" content=\"2025-02-27T14:55:00+00:00\" \/>\n<meta property=\"og:image\" content=\"https:\/\/upload.cdn.baselinker.com\/products\/14476\/6502827c8163545d82ece8e3e32afe38.jpg\" \/>\n<meta name=\"twitter:card\" content=\"summary_large_image\" \/>\n<meta name=\"twitter:label1\" content=\"Szacowany czas czytania\" \/>\n\t<meta name=\"twitter:data1\" content=\"1 minuta\" \/>\n<script type=\"application\/ld+json\" class=\"yoast-schema-graph\">{\"@context\":\"https:\/\/schema.org\",\"@graph\":[{\"@type\":\"WebPage\",\"@id\":\"https:\/\/bobimarket.pl\/index.php\/produkt\/nozyce-do-trawy-podcinania-obrotowe-340mm\/\",\"url\":\"https:\/\/bobimarket.pl\/index.php\/produkt\/nozyce-do-trawy-podcinania-obrotowe-340mm\/\",\"name\":\"NO\u017bYCE DO TRAWY PODCINANIA OBROTOWE 340mm - BOBIMARKET.pl - Remontuj i urz\u0105dzaj z nami\",\"isPartOf\":{\"@id\":\"https:\/\/bobimarket.pl\/#website\"},\"datePublished\":\"2023-08-30T00:43:44+00:00\",\"dateModified\":\"2025-02-27T14:55:00+00:00\",\"breadcrumb\":{\"@id\":\"https:\/\/bobimarket.pl\/index.php\/produkt\/nozyce-do-trawy-podcinania-obrotowe-340mm\/#breadcrumb\"},\"inLanguage\":\"pl-PL\",\"potentialAction\":[{\"@type\":\"ReadAction\",\"target\":[\"https:\/\/bobimarket.pl\/index.php\/produkt\/nozyce-do-trawy-podcinania-obrotowe-340mm\/\"]}]},{\"@type\":\"BreadcrumbList\",\"@id\":\"https:\/\/bobimarket.pl\/index.php\/produkt\/nozyce-do-trawy-podcinania-obrotowe-340mm\/#breadcrumb\",\"itemListElement\":[{\"@type\":\"ListItem\",\"position\":1,\"name\":\"Strona g\u0142\u00f3wna\",\"item\":\"https:\/\/bobimarket.pl\/\"},{\"@type\":\"ListItem\",\"position\":2,\"name\":\"Sklep\",\"item\":\"https:\/\/bobimarket.pl\/index.php\/shop\/\"},{\"@type\":\"ListItem\",\"position\":3,\"name\":\"NO\u017bYCE DO TRAWY PODCINANIA OBROTOWE 340mm\"}]},{\"@type\":\"WebSite\",\"@id\":\"https:\/\/bobimarket.pl\/#website\",\"url\":\"https:\/\/bobimarket.pl\/\",\"name\":\"BOBIMARKET.pl - Remontuj i urz\u0105dzaj z nami\",\"description\":\"Remontuj i urz\u0105dzaj z nami\",\"publisher\":{\"@id\":\"https:\/\/bobimarket.pl\/#organization\"},\"potentialAction\":[{\"@type\":\"SearchAction\",\"target\":{\"@type\":\"EntryPoint\",\"urlTemplate\":\"https:\/\/bobimarket.pl\/?s={search_term_string}\"},\"query-input\":\"required name=search_term_string\"}],\"inLanguage\":\"pl-PL\"},{\"@type\":\"Organization\",\"@id\":\"https:\/\/bobimarket.pl\/#organization\",\"name\":\"BOBIMARKET.pl\",\"url\":\"https:\/\/bobimarket.pl\/\",\"logo\":{\"@type\":\"ImageObject\",\"inLanguage\":\"pl-PL\",\"@id\":\"https:\/\/bobimarket.pl\/#\/schema\/logo\/image\/\",\"url\":\"https:\/\/bobimarket.pl\/wp-content\/uploads\/2021\/11\/slogan.png\",\"contentUrl\":\"https:\/\/bobimarket.pl\/wp-content\/uploads\/2021\/11\/slogan.png\",\"width\":2000,\"height\":384,\"caption\":\"BOBIMARKET.pl\"},\"image\":{\"@id\":\"https:\/\/bobimarket.pl\/#\/schema\/logo\/image\/\"}}]}<\/script>\n<!-- \/ Yoast SEO plugin. -->","yoast_head_json":{"title":"NO\u017bYCE DO TRAWY PODCINANIA OBROTOWE 340mm - BOBIMARKET.pl - Remontuj i urz\u0105dzaj z nami","robots":{"index":"index","follow":"follow","max-snippet":"max-snippet:-1","max-image-preview":"max-image-preview:large","max-video-preview":"max-video-preview:-1"},"canonical":"https:\/\/bobimarket.pl\/index.php\/produkt\/nozyce-do-trawy-podcinania-obrotowe-340mm\/","og_locale":"pl_PL","og_type":"article","og_title":"NO\u017bYCE DO TRAWY PODCINANIA OBROTOWE 340mm - BOBIMARKET.pl - Remontuj i urz\u0105dzaj z nami","og_description":"NO\u017bYCE DO TRAWY PODCINANIA OBROTOWE 340mm Dane techniczne: D\u0142ugo\u015b\u0107 narz\u0119dzia: 35,5 cm D\u0142ugo\u015b\u0107 robocza ostrza: 13,5 cm Ostrze: stal w\u0119glowa R\u0119koje\u015b\u0107: polipropylen\/guma termoplastyczna Mi\u0119kki uchwyt Niezb\u0119dne narz\u0119dzie podczas wszelkich prac ogrodowych! Praktyczne i solidne no\u017cyce do trawy. Ostrze zosta\u0142o wykonane z wysokogatunkowej stali w\u0119glowej, kt\u00f3ra charakteryzuje si\u0119 du\u017c\u0105 wytrzyma\u0142o\u015bci\u0105. Pe\u0142na regulacja k\u0105ta obrotu g\u0142owicy tn\u0105cej\u00a0360\u00b0     Czytaj wi\u0119cej \"NO\u017bYCE DO TRAWY PODCINANIA OBROTOWE 340mm\"","og_url":"https:\/\/bobimarket.pl\/index.php\/produkt\/nozyce-do-trawy-podcinania-obrotowe-340mm\/","og_site_name":"BOBIMARKET.pl - Remontuj i urz\u0105dzaj z nami","article_modified_time":"2025-02-27T14:55:00+00:00","og_image":[{"url":"https:\/\/upload.cdn.baselinker.com\/products\/14476\/6502827c8163545d82ece8e3e32afe38.jpg"}],"twitter_card":"summary_large_image","twitter_misc":{"Szacowany czas czytania":"1 minuta"},"schema":{"@context":"https:\/\/schema.org","@graph":[{"@type":"WebPage","@id":"https:\/\/bobimarket.pl\/index.php\/produkt\/nozyce-do-trawy-podcinania-obrotowe-340mm\/","url":"https:\/\/bobimarket.pl\/index.php\/produkt\/nozyce-do-trawy-podcinania-obrotowe-340mm\/","name":"NO\u017bYCE DO TRAWY PODCINANIA OBROTOWE 340mm - BOBIMARKET.pl - Remontuj i urz\u0105dzaj z nami","isPartOf":{"@id":"https:\/\/bobimarket.pl\/#website"},"datePublished":"2023-08-30T00:43:44+00:00","dateModified":"2025-02-27T14:55:00+00:00","breadcrumb":{"@id":"https:\/\/bobimarket.pl\/index.php\/produkt\/nozyce-do-trawy-podcinania-obrotowe-340mm\/#breadcrumb"},"inLanguage":"pl-PL","potentialAction":[{"@type":"ReadAction","target":["https:\/\/bobimarket.pl\/index.php\/produkt\/nozyce-do-trawy-podcinania-obrotowe-340mm\/"]}]},{"@type":"BreadcrumbList","@id":"https:\/\/bobimarket.pl\/index.php\/produkt\/nozyce-do-trawy-podcinania-obrotowe-340mm\/#breadcrumb","itemListElement":[{"@type":"ListItem","position":1,"name":"Strona g\u0142\u00f3wna","item":"https:\/\/bobimarket.pl\/"},{"@type":"ListItem","position":2,"name":"Sklep","item":"https:\/\/bobimarket.pl\/index.php\/shop\/"},{"@type":"ListItem","position":3,"name":"NO\u017bYCE DO TRAWY PODCINANIA OBROTOWE 340mm"}]},{"@type":"WebSite","@id":"https:\/\/bobimarket.pl\/#website","url":"https:\/\/bobimarket.pl\/","name":"BOBIMARKET.pl - Remontuj i urz\u0105dzaj z nami","description":"Remontuj i urz\u0105dzaj z nami","publisher":{"@id":"https:\/\/bobimarket.pl\/#organization"},"potentialAction":[{"@type":"SearchAction","target":{"@type":"EntryPoint","urlTemplate":"https:\/\/bobimarket.pl\/?s={search_term_string}"},"query-input":"required name=search_term_string"}],"inLanguage":"pl-PL"},{"@type":"Organization","@id":"https:\/\/bobimarket.pl\/#organization","name":"BOBIMARKET.pl","url":"https:\/\/bobimarket.pl\/","logo":{"@type":"ImageObject","inLanguage":"pl-PL","@id":"https:\/\/bobimarket.pl\/#\/schema\/logo\/image\/","url":"https:\/\/bobimarket.pl\/wp-content\/uploads\/2021\/11\/slogan.png","contentUrl":"https:\/\/bobimarket.pl\/wp-content\/uploads\/2021\/11\/slogan.png","width":2000,"height":384,"caption":"BOBIMARKET.pl"},"image":{"@id":"https:\/\/bobimarket.pl\/#\/schema\/logo\/image\/"}}]}},"_links":{"self":[{"href":"https:\/\/bobimarket.pl\/index.php\/wp-json\/wp\/v2\/product\/87177"}],"collection":[{"href":"https:\/\/bobimarket.pl\/index.php\/wp-json\/wp\/v2\/product"}],"about":[{"href":"https:\/\/bobimarket.pl\/index.php\/wp-json\/wp\/v2\/types\/product"}],"wp:featuredmedia":[{"embeddable":true,"href":"https:\/\/bobimarket.pl\/index.php\/wp-json\/wp\/v2\/media\/87174"}],"wp:attachment":[{"href":"https:\/\/bobimarket.pl\/index.php\/wp-json\/wp\/v2\/media?parent=87177"}],"wp:term":[{"taxonomy":"product_cat","embeddable":true,"href":"https:\/\/bobimarket.pl\/index.php\/wp-json\/wp\/v2\/product_cat?post=87177"},{"taxonomy":"product_tag","embeddable":true,"href":"https:\/\/bobimarket.pl\/index.php\/wp-json\/wp\/v2\/product_tag?post=87177"}],"curies":[{"name":"wp","href":"https:\/\/api.w.org\/{rel}","templated":true}]}}