{"id":87229,"date":"2023-08-30T00:47:39","date_gmt":"2023-08-30T00:47:39","guid":{"rendered":"https:\/\/bobimarket.pl\/index.php\/produkt\/koszyk-z-klamerkami-na-pranie-20-sztuk-z-uchwytem\/"},"modified":"2025-02-27T14:55:47","modified_gmt":"2025-02-27T14:55:47","slug":"koszyk-z-klamerkami-na-pranie-20-sztuk-z-uchwytem","status":"publish","type":"product","link":"https:\/\/bobimarket.pl\/index.php\/produkt\/koszyk-z-klamerkami-na-pranie-20-sztuk-z-uchwytem\/","title":{"rendered":"KOSZYK Z KLAMERKAMI NA PRANIE 20 SZTUK Z UCHWYTEM"},"content":{"rendered":"<section class=\"section\">\n<div class=\"item item-6\">\n<section class=\"image-item\">\n            <img decoding=\"async\" src=\"https:\/\/upload.cdn.baselinker.com\/products\/14476\/0d1597e86785c82e1d0541b5fa40b0bb.jpg\" \/><br \/>\n        <\/section>\n<\/p><\/div>\n<div class=\"item item-6\">\n<section class=\"text-item\">\n<h2>KOSZYK Z KLAMERKAMI NA PRANIE 20 SZTUK Z UCHWYTEM<\/h2>\n<p><b>Praktyczny zestaw zawieraj\u0105cy:<\/b><\/p>\n<ul>\n<li>koszyk z wygodnym uchwytem<\/li>\n<li>20 kolorowych spinaczy wykonanych z solidnego tworzywa sztucznego<\/li>\n<\/ul>\n<p><b>Zestaw wyst\u0119puje w dw\u00f3ch kolorach zielonym i niebieskim.\u00a0Kolory wysy\u0142amy losowo!<\/b><\/p>\n<\/section><\/div>\n<\/section>\n<section class=\"section\">\n<div class=\"item item-6\">\n<section class=\"image-item\">\n            <img decoding=\"async\" src=\"https:\/\/upload.cdn.baselinker.com\/products\/14476\/ed95f815dd7fa336c99d46a4114b0d88.jpg\" \/><br \/>\n        <\/section>\n<\/p><\/div>\n<div class=\"item item-6\">\n<section class=\"text-item\">\n<p>Koszyk z spinaczami to niezb\u0119dny zestwa w ka\u017cdym domu. <b>Klamry<\/b> u\u0142atwiaj\u0105 zawieszanie i \u015bci\u0105ganie prania. Ubrania nie zsuwaj\u0105 si\u0119 ze sznurk\u00f3w, poniewa\u017c spinacze posiadaj\u0105\u00a0antypo\u015blizgowe elementy u\u0142atwiaj\u0105ce u\u017cytkowanie.\u00a0A dzi\u0119ki intensywnym kolorom trudno je pogubi\u0107.\u00a0<\/p>\n<ul>\n<li>Por\u0119czny i praktyczny zestaw<\/li>\n<li>Kolorowe, antyposlizgowe klamry<\/li>\n<li>Zestaw sprawdzi si\u0119 domach, pralniach i hotelach<\/li>\n<li>Koszyk u\u0142atwia przechowywanie spinaczy w jednym miejscu.<\/li>\n<\/ul>\n<\/section><\/div>\n<\/section>\n<section class=\"section\">\n<div class=\"item item-6\">\n<section class=\"image-item\">\n            <img decoding=\"async\" src=\"https:\/\/upload.cdn.baselinker.com\/products\/14476\/0d1597e86785c82e1d0541b5fa40b0bb.jpg\" \/><br \/>\n        <\/section>\n<\/p><\/div>\n<div class=\"item item-6\">\n<section class=\"image-item\">\n            <img decoding=\"async\" src=\"https:\/\/upload.cdn.baselinker.com\/products\/14476\/4e748ec8b1df6b68f1354c9853aed53d.jpg\" \/><br \/>\n        <\/section>\n<\/p><\/div>\n<\/section>\n","protected":false},"excerpt":{"rendered":"<p>KOSZYK Z KLAMERKAMI NA PRANIE 20 SZTUK Z UCHWYTEM Praktyczny zestaw zawieraj\u0105cy: koszyk z wygodnym uchwytem 20 kolorowych spinaczy wykonanych z solidnego tworzywa sztucznego Zestaw wyst\u0119puje w dw\u00f3ch kolorach zielonym i niebieskim.\u00a0Kolory wysy\u0142amy losowo! Koszyk z spinaczami to niezb\u0119dny zestwa w ka\u017cdym domu. Klamry u\u0142atwiaj\u0105 zawieszanie i \u015bci\u0105ganie prania. Ubrania nie zsuwaj\u0105 si\u0119 ze sznurk\u00f3w,<br \/><a class=\"more-link\" href=\"https:\/\/bobimarket.pl\/index.php\/produkt\/koszyk-z-klamerkami-na-pranie-20-sztuk-z-uchwytem\/\"><br \/>\n        Czytaj wi\u0119cej<span class=\"screen-reader-text\"> &#8222;KOSZYK Z KLAMERKAMI NA PRANIE 20 SZTUK Z UCHWYTEM&#8221;<\/span><\/a><\/p>\n","protected":false},"featured_media":87226,"template":"","meta":[],"product_cat":[8066],"product_tag":[],"yoast_head":"<!-- This site is optimized with the Yoast SEO plugin v21.0 - https:\/\/yoast.com\/wordpress\/plugins\/seo\/ -->\n<title>KOSZYK Z KLAMERKAMI NA PRANIE 20 SZTUK Z UCHWYTEM - BOBIMARKET.pl - Remontuj i urz\u0105dzaj z nami<\/title>\n<meta name=\"robots\" content=\"index, follow, max-snippet:-1, max-image-preview:large, max-video-preview:-1\" \/>\n<link rel=\"canonical\" href=\"https:\/\/bobimarket.pl\/index.php\/produkt\/koszyk-z-klamerkami-na-pranie-20-sztuk-z-uchwytem\/\" \/>\n<meta property=\"og:locale\" content=\"pl_PL\" \/>\n<meta property=\"og:type\" content=\"article\" \/>\n<meta property=\"og:title\" content=\"KOSZYK Z KLAMERKAMI NA PRANIE 20 SZTUK Z UCHWYTEM - BOBIMARKET.pl - Remontuj i urz\u0105dzaj z nami\" \/>\n<meta property=\"og:description\" content=\"KOSZYK Z KLAMERKAMI NA PRANIE 20 SZTUK Z UCHWYTEM Praktyczny zestaw zawieraj\u0105cy: koszyk z wygodnym uchwytem 20 kolorowych spinaczy wykonanych z solidnego tworzywa sztucznego Zestaw wyst\u0119puje w dw\u00f3ch kolorach zielonym i niebieskim.\u00a0Kolory wysy\u0142amy losowo! Koszyk z spinaczami to niezb\u0119dny zestwa w ka\u017cdym domu. Klamry u\u0142atwiaj\u0105 zawieszanie i \u015bci\u0105ganie prania. Ubrania nie zsuwaj\u0105 si\u0119 ze sznurk\u00f3w,     Czytaj wi\u0119cej &quot;KOSZYK Z KLAMERKAMI NA PRANIE 20 SZTUK Z UCHWYTEM&quot;\" \/>\n<meta property=\"og:url\" content=\"https:\/\/bobimarket.pl\/index.php\/produkt\/koszyk-z-klamerkami-na-pranie-20-sztuk-z-uchwytem\/\" \/>\n<meta property=\"og:site_name\" content=\"BOBIMARKET.pl - Remontuj i urz\u0105dzaj z nami\" \/>\n<meta property=\"article:modified_time\" content=\"2025-02-27T14:55:47+00:00\" \/>\n<meta property=\"og:image\" content=\"https:\/\/upload.cdn.baselinker.com\/products\/14476\/0d1597e86785c82e1d0541b5fa40b0bb.jpg\" \/>\n<meta name=\"twitter:card\" content=\"summary_large_image\" \/>\n<meta name=\"twitter:label1\" content=\"Szacowany czas czytania\" \/>\n\t<meta name=\"twitter:data1\" content=\"1 minuta\" \/>\n<script type=\"application\/ld+json\" class=\"yoast-schema-graph\">{\"@context\":\"https:\/\/schema.org\",\"@graph\":[{\"@type\":\"WebPage\",\"@id\":\"https:\/\/bobimarket.pl\/index.php\/produkt\/koszyk-z-klamerkami-na-pranie-20-sztuk-z-uchwytem\/\",\"url\":\"https:\/\/bobimarket.pl\/index.php\/produkt\/koszyk-z-klamerkami-na-pranie-20-sztuk-z-uchwytem\/\",\"name\":\"KOSZYK Z KLAMERKAMI NA PRANIE 20 SZTUK Z UCHWYTEM - BOBIMARKET.pl - Remontuj i urz\u0105dzaj z nami\",\"isPartOf\":{\"@id\":\"https:\/\/bobimarket.pl\/#website\"},\"datePublished\":\"2023-08-30T00:47:39+00:00\",\"dateModified\":\"2025-02-27T14:55:47+00:00\",\"breadcrumb\":{\"@id\":\"https:\/\/bobimarket.pl\/index.php\/produkt\/koszyk-z-klamerkami-na-pranie-20-sztuk-z-uchwytem\/#breadcrumb\"},\"inLanguage\":\"pl-PL\",\"potentialAction\":[{\"@type\":\"ReadAction\",\"target\":[\"https:\/\/bobimarket.pl\/index.php\/produkt\/koszyk-z-klamerkami-na-pranie-20-sztuk-z-uchwytem\/\"]}]},{\"@type\":\"BreadcrumbList\",\"@id\":\"https:\/\/bobimarket.pl\/index.php\/produkt\/koszyk-z-klamerkami-na-pranie-20-sztuk-z-uchwytem\/#breadcrumb\",\"itemListElement\":[{\"@type\":\"ListItem\",\"position\":1,\"name\":\"Strona g\u0142\u00f3wna\",\"item\":\"https:\/\/bobimarket.pl\/\"},{\"@type\":\"ListItem\",\"position\":2,\"name\":\"Sklep\",\"item\":\"https:\/\/bobimarket.pl\/index.php\/shop\/\"},{\"@type\":\"ListItem\",\"position\":3,\"name\":\"KOSZYK Z KLAMERKAMI NA PRANIE 20 SZTUK Z UCHWYTEM\"}]},{\"@type\":\"WebSite\",\"@id\":\"https:\/\/bobimarket.pl\/#website\",\"url\":\"https:\/\/bobimarket.pl\/\",\"name\":\"BOBIMARKET.pl - Remontuj i urz\u0105dzaj z nami\",\"description\":\"Remontuj i urz\u0105dzaj z nami\",\"publisher\":{\"@id\":\"https:\/\/bobimarket.pl\/#organization\"},\"potentialAction\":[{\"@type\":\"SearchAction\",\"target\":{\"@type\":\"EntryPoint\",\"urlTemplate\":\"https:\/\/bobimarket.pl\/?s={search_term_string}\"},\"query-input\":\"required name=search_term_string\"}],\"inLanguage\":\"pl-PL\"},{\"@type\":\"Organization\",\"@id\":\"https:\/\/bobimarket.pl\/#organization\",\"name\":\"BOBIMARKET.pl\",\"url\":\"https:\/\/bobimarket.pl\/\",\"logo\":{\"@type\":\"ImageObject\",\"inLanguage\":\"pl-PL\",\"@id\":\"https:\/\/bobimarket.pl\/#\/schema\/logo\/image\/\",\"url\":\"https:\/\/bobimarket.pl\/wp-content\/uploads\/2021\/11\/slogan.png\",\"contentUrl\":\"https:\/\/bobimarket.pl\/wp-content\/uploads\/2021\/11\/slogan.png\",\"width\":2000,\"height\":384,\"caption\":\"BOBIMARKET.pl\"},\"image\":{\"@id\":\"https:\/\/bobimarket.pl\/#\/schema\/logo\/image\/\"}}]}<\/script>\n<!-- \/ Yoast SEO plugin. -->","yoast_head_json":{"title":"KOSZYK Z KLAMERKAMI NA PRANIE 20 SZTUK Z UCHWYTEM - BOBIMARKET.pl - Remontuj i urz\u0105dzaj z nami","robots":{"index":"index","follow":"follow","max-snippet":"max-snippet:-1","max-image-preview":"max-image-preview:large","max-video-preview":"max-video-preview:-1"},"canonical":"https:\/\/bobimarket.pl\/index.php\/produkt\/koszyk-z-klamerkami-na-pranie-20-sztuk-z-uchwytem\/","og_locale":"pl_PL","og_type":"article","og_title":"KOSZYK Z KLAMERKAMI NA PRANIE 20 SZTUK Z UCHWYTEM - BOBIMARKET.pl - Remontuj i urz\u0105dzaj z nami","og_description":"KOSZYK Z KLAMERKAMI NA PRANIE 20 SZTUK Z UCHWYTEM Praktyczny zestaw zawieraj\u0105cy: koszyk z wygodnym uchwytem 20 kolorowych spinaczy wykonanych z solidnego tworzywa sztucznego Zestaw wyst\u0119puje w dw\u00f3ch kolorach zielonym i niebieskim.\u00a0Kolory wysy\u0142amy losowo! Koszyk z spinaczami to niezb\u0119dny zestwa w ka\u017cdym domu. Klamry u\u0142atwiaj\u0105 zawieszanie i \u015bci\u0105ganie prania. Ubrania nie zsuwaj\u0105 si\u0119 ze sznurk\u00f3w,     Czytaj wi\u0119cej \"KOSZYK Z KLAMERKAMI NA PRANIE 20 SZTUK Z UCHWYTEM\"","og_url":"https:\/\/bobimarket.pl\/index.php\/produkt\/koszyk-z-klamerkami-na-pranie-20-sztuk-z-uchwytem\/","og_site_name":"BOBIMARKET.pl - Remontuj i urz\u0105dzaj z nami","article_modified_time":"2025-02-27T14:55:47+00:00","og_image":[{"url":"https:\/\/upload.cdn.baselinker.com\/products\/14476\/0d1597e86785c82e1d0541b5fa40b0bb.jpg"}],"twitter_card":"summary_large_image","twitter_misc":{"Szacowany czas czytania":"1 minuta"},"schema":{"@context":"https:\/\/schema.org","@graph":[{"@type":"WebPage","@id":"https:\/\/bobimarket.pl\/index.php\/produkt\/koszyk-z-klamerkami-na-pranie-20-sztuk-z-uchwytem\/","url":"https:\/\/bobimarket.pl\/index.php\/produkt\/koszyk-z-klamerkami-na-pranie-20-sztuk-z-uchwytem\/","name":"KOSZYK Z KLAMERKAMI NA PRANIE 20 SZTUK Z UCHWYTEM - BOBIMARKET.pl - Remontuj i urz\u0105dzaj z nami","isPartOf":{"@id":"https:\/\/bobimarket.pl\/#website"},"datePublished":"2023-08-30T00:47:39+00:00","dateModified":"2025-02-27T14:55:47+00:00","breadcrumb":{"@id":"https:\/\/bobimarket.pl\/index.php\/produkt\/koszyk-z-klamerkami-na-pranie-20-sztuk-z-uchwytem\/#breadcrumb"},"inLanguage":"pl-PL","potentialAction":[{"@type":"ReadAction","target":["https:\/\/bobimarket.pl\/index.php\/produkt\/koszyk-z-klamerkami-na-pranie-20-sztuk-z-uchwytem\/"]}]},{"@type":"BreadcrumbList","@id":"https:\/\/bobimarket.pl\/index.php\/produkt\/koszyk-z-klamerkami-na-pranie-20-sztuk-z-uchwytem\/#breadcrumb","itemListElement":[{"@type":"ListItem","position":1,"name":"Strona g\u0142\u00f3wna","item":"https:\/\/bobimarket.pl\/"},{"@type":"ListItem","position":2,"name":"Sklep","item":"https:\/\/bobimarket.pl\/index.php\/shop\/"},{"@type":"ListItem","position":3,"name":"KOSZYK Z KLAMERKAMI NA PRANIE 20 SZTUK Z UCHWYTEM"}]},{"@type":"WebSite","@id":"https:\/\/bobimarket.pl\/#website","url":"https:\/\/bobimarket.pl\/","name":"BOBIMARKET.pl - Remontuj i urz\u0105dzaj z nami","description":"Remontuj i urz\u0105dzaj z nami","publisher":{"@id":"https:\/\/bobimarket.pl\/#organization"},"potentialAction":[{"@type":"SearchAction","target":{"@type":"EntryPoint","urlTemplate":"https:\/\/bobimarket.pl\/?s={search_term_string}"},"query-input":"required name=search_term_string"}],"inLanguage":"pl-PL"},{"@type":"Organization","@id":"https:\/\/bobimarket.pl\/#organization","name":"BOBIMARKET.pl","url":"https:\/\/bobimarket.pl\/","logo":{"@type":"ImageObject","inLanguage":"pl-PL","@id":"https:\/\/bobimarket.pl\/#\/schema\/logo\/image\/","url":"https:\/\/bobimarket.pl\/wp-content\/uploads\/2021\/11\/slogan.png","contentUrl":"https:\/\/bobimarket.pl\/wp-content\/uploads\/2021\/11\/slogan.png","width":2000,"height":384,"caption":"BOBIMARKET.pl"},"image":{"@id":"https:\/\/bobimarket.pl\/#\/schema\/logo\/image\/"}}]}},"_links":{"self":[{"href":"https:\/\/bobimarket.pl\/index.php\/wp-json\/wp\/v2\/product\/87229"}],"collection":[{"href":"https:\/\/bobimarket.pl\/index.php\/wp-json\/wp\/v2\/product"}],"about":[{"href":"https:\/\/bobimarket.pl\/index.php\/wp-json\/wp\/v2\/types\/product"}],"wp:featuredmedia":[{"embeddable":true,"href":"https:\/\/bobimarket.pl\/index.php\/wp-json\/wp\/v2\/media\/87226"}],"wp:attachment":[{"href":"https:\/\/bobimarket.pl\/index.php\/wp-json\/wp\/v2\/media?parent=87229"}],"wp:term":[{"taxonomy":"product_cat","embeddable":true,"href":"https:\/\/bobimarket.pl\/index.php\/wp-json\/wp\/v2\/product_cat?post=87229"},{"taxonomy":"product_tag","embeddable":true,"href":"https:\/\/bobimarket.pl\/index.php\/wp-json\/wp\/v2\/product_tag?post=87229"}],"curies":[{"name":"wp","href":"https:\/\/api.w.org\/{rel}","templated":true}]}}