{"id":87249,"date":"2023-08-30T00:49:02","date_gmt":"2023-08-30T00:49:02","guid":{"rendered":"https:\/\/bobimarket.pl\/index.php\/produkt\/zraszacz-wody-pistolet-regulowany-zestaw-4cz-1-2\/"},"modified":"2025-02-27T14:55:59","modified_gmt":"2025-02-27T14:55:59","slug":"zraszacz-wody-pistolet-regulowany-zestaw-4cz-1-2","status":"publish","type":"product","link":"https:\/\/bobimarket.pl\/index.php\/produkt\/zraszacz-wody-pistolet-regulowany-zestaw-4cz-1-2\/","title":{"rendered":"ZRASZACZ WODY PISTOLET REGULOWANY ZESTAW 4CZ. 1\/2"},"content":{"rendered":"<section class=\"section\">\n<div class=\"item item-6\">\n<section class=\"image-item\">\n            <img decoding=\"async\" src=\"https:\/\/upload.cdn.baselinker.com\/products\/14476\/980e6f9deea5d5769d1fa9d87b939126.jpg\" \/><br \/>\n        <\/section>\n<\/p><\/div>\n<div class=\"item item-6\">\n<section class=\"text-item\">\n<h2>ZRASZACZ WODY PISTOLET REGULOWANY ZESTAW 4CZ. 1\/2<\/h2>\n<p>DANE TECHNICZNE:<\/p>\n<ul>\n<li>Rodzaj: Zraszacz<\/li>\n<li>Regulowany<\/li>\n<li>Blokada pracy ci\u0105g\u0142ej<\/li>\n<li>Materia\u0142: Tworzywo ABS<\/li>\n<li>Linia produktu: <b>AQUA LINE<\/b><\/li>\n<\/ul>\n<p><b>ZESTAW ZAWIERA:<\/b><\/p>\n<ul>\n<li>Zraszacz<\/li>\n<li>Szybkoz\u0142\u0105czka 1\/2 cal<\/li>\n<li>Szybkoz\u0142\u0105czka Stop 1\/2 cal<\/li>\n<li>Przy\u0142\u0105cze na kran gwint WE 3\/4<\/li>\n<\/ul>\n<\/section><\/div>\n<\/section>\n<section class=\"section\">\n<div class=\"item item-6\">\n<section class=\"image-item\">\n            <img decoding=\"async\" src=\"https:\/\/upload.cdn.baselinker.com\/products\/14476\/df0e9a164c9a8e7344df2d927a1a05fb.jpg\" \/><br \/>\n        <\/section>\n<\/p><\/div>\n<div class=\"item item-6\">\n<section class=\"text-item\">\n<p>Klasyczny zraszacz do wody z seri AQUA LINE. Wykonany z mocnego tworzywa kt\u00f3re zapewnia d\u0142ugotrwa\u0142e dzia\u0142anie.<\/p>\n<ul>\n<li>Posiada bezstopniow\u0105 regulacje strumienia wody oraz blokad\u0119 pracy ci\u0105g\u0142ej.<\/li>\n<li>Jest to kompletny zestaw kt\u00f3ry umo\u017cliwi ci pod\u0142\u0105czenie we\u017ca 1\/2 cala do kranu z gwintem zewnetrznym 3\/4 cala.<\/li>\n<li>Zraszacz pozwoli ci na efektywne podlewanie ro\u015blin w twoim ogrodzie jaki i mycie samochodu, rowera itp.<\/li>\n<\/ul>\n<\/section><\/div>\n<\/section>\n<section class=\"section\">\n<div class=\"item item-12\">\n<section class=\"image-item\">\n            <img decoding=\"async\" src=\"https:\/\/upload.cdn.baselinker.com\/products\/14476\/6ca40ff5e429027aa1e742abc325d326.jpg\" \/><br \/>\n        <\/section>\n<\/p><\/div>\n<\/section>\n<section class=\"section\">\n<div class=\"item item-12\">\n<section class=\"image-item\">\n            <img decoding=\"async\" src=\"https:\/\/upload.cdn.baselinker.com\/products\/14476\/d19e91f32c2f4a274b4590edfd6b9ab4.jpg\" \/><br \/>\n        <\/section>\n<\/p><\/div>\n<\/section>\n","protected":false},"excerpt":{"rendered":"<p>ZRASZACZ WODY PISTOLET REGULOWANY ZESTAW 4CZ. 1\/2 DANE TECHNICZNE: Rodzaj: Zraszacz Regulowany Blokada pracy ci\u0105g\u0142ej Materia\u0142: Tworzywo ABS Linia produktu: AQUA LINE ZESTAW ZAWIERA: Zraszacz Szybkoz\u0142\u0105czka 1\/2 cal Szybkoz\u0142\u0105czka Stop 1\/2 cal Przy\u0142\u0105cze na kran gwint WE 3\/4 Klasyczny zraszacz do wody z seri AQUA LINE. Wykonany z mocnego tworzywa kt\u00f3re zapewnia d\u0142ugotrwa\u0142e dzia\u0142anie. Posiada<br \/><a class=\"more-link\" href=\"https:\/\/bobimarket.pl\/index.php\/produkt\/zraszacz-wody-pistolet-regulowany-zestaw-4cz-1-2\/\"><br \/>\n        Czytaj wi\u0119cej<span class=\"screen-reader-text\"> &#8222;ZRASZACZ WODY PISTOLET REGULOWANY ZESTAW 4CZ. 1\/2&#8221;<\/span><\/a><\/p>\n","protected":false},"featured_media":87245,"template":"","meta":[],"product_cat":[8228],"product_tag":[],"yoast_head":"<!-- This site is optimized with the Yoast SEO plugin v21.0 - https:\/\/yoast.com\/wordpress\/plugins\/seo\/ -->\n<title>ZRASZACZ WODY PISTOLET REGULOWANY ZESTAW 4CZ. 1\/2 - BOBIMARKET.pl - Remontuj i urz\u0105dzaj z nami<\/title>\n<meta name=\"robots\" content=\"index, follow, max-snippet:-1, max-image-preview:large, max-video-preview:-1\" \/>\n<link rel=\"canonical\" href=\"https:\/\/bobimarket.pl\/index.php\/produkt\/zraszacz-wody-pistolet-regulowany-zestaw-4cz-1-2\/\" \/>\n<meta property=\"og:locale\" content=\"pl_PL\" \/>\n<meta property=\"og:type\" content=\"article\" \/>\n<meta property=\"og:title\" content=\"ZRASZACZ WODY PISTOLET REGULOWANY ZESTAW 4CZ. 1\/2 - BOBIMARKET.pl - Remontuj i urz\u0105dzaj z nami\" \/>\n<meta property=\"og:description\" content=\"ZRASZACZ WODY PISTOLET REGULOWANY ZESTAW 4CZ. 1\/2 DANE TECHNICZNE: Rodzaj: Zraszacz Regulowany Blokada pracy ci\u0105g\u0142ej Materia\u0142: Tworzywo ABS Linia produktu: AQUA LINE ZESTAW ZAWIERA: Zraszacz Szybkoz\u0142\u0105czka 1\/2 cal Szybkoz\u0142\u0105czka Stop 1\/2 cal Przy\u0142\u0105cze na kran gwint WE 3\/4 Klasyczny zraszacz do wody z seri AQUA LINE. Wykonany z mocnego tworzywa kt\u00f3re zapewnia d\u0142ugotrwa\u0142e dzia\u0142anie. Posiada     Czytaj wi\u0119cej &quot;ZRASZACZ WODY PISTOLET REGULOWANY ZESTAW 4CZ. 1\/2&quot;\" \/>\n<meta property=\"og:url\" content=\"https:\/\/bobimarket.pl\/index.php\/produkt\/zraszacz-wody-pistolet-regulowany-zestaw-4cz-1-2\/\" \/>\n<meta property=\"og:site_name\" content=\"BOBIMARKET.pl - Remontuj i urz\u0105dzaj z nami\" \/>\n<meta property=\"article:modified_time\" content=\"2025-02-27T14:55:59+00:00\" \/>\n<meta property=\"og:image\" content=\"https:\/\/upload.cdn.baselinker.com\/products\/14476\/980e6f9deea5d5769d1fa9d87b939126.jpg\" \/>\n<meta name=\"twitter:card\" content=\"summary_large_image\" \/>\n<script type=\"application\/ld+json\" class=\"yoast-schema-graph\">{\"@context\":\"https:\/\/schema.org\",\"@graph\":[{\"@type\":\"WebPage\",\"@id\":\"https:\/\/bobimarket.pl\/index.php\/produkt\/zraszacz-wody-pistolet-regulowany-zestaw-4cz-1-2\/\",\"url\":\"https:\/\/bobimarket.pl\/index.php\/produkt\/zraszacz-wody-pistolet-regulowany-zestaw-4cz-1-2\/\",\"name\":\"ZRASZACZ WODY PISTOLET REGULOWANY ZESTAW 4CZ. 1\/2 - BOBIMARKET.pl - Remontuj i urz\u0105dzaj z nami\",\"isPartOf\":{\"@id\":\"https:\/\/bobimarket.pl\/#website\"},\"datePublished\":\"2023-08-30T00:49:02+00:00\",\"dateModified\":\"2025-02-27T14:55:59+00:00\",\"breadcrumb\":{\"@id\":\"https:\/\/bobimarket.pl\/index.php\/produkt\/zraszacz-wody-pistolet-regulowany-zestaw-4cz-1-2\/#breadcrumb\"},\"inLanguage\":\"pl-PL\",\"potentialAction\":[{\"@type\":\"ReadAction\",\"target\":[\"https:\/\/bobimarket.pl\/index.php\/produkt\/zraszacz-wody-pistolet-regulowany-zestaw-4cz-1-2\/\"]}]},{\"@type\":\"BreadcrumbList\",\"@id\":\"https:\/\/bobimarket.pl\/index.php\/produkt\/zraszacz-wody-pistolet-regulowany-zestaw-4cz-1-2\/#breadcrumb\",\"itemListElement\":[{\"@type\":\"ListItem\",\"position\":1,\"name\":\"Strona g\u0142\u00f3wna\",\"item\":\"https:\/\/bobimarket.pl\/\"},{\"@type\":\"ListItem\",\"position\":2,\"name\":\"Sklep\",\"item\":\"https:\/\/bobimarket.pl\/index.php\/shop\/\"},{\"@type\":\"ListItem\",\"position\":3,\"name\":\"ZRASZACZ WODY PISTOLET REGULOWANY ZESTAW 4CZ. 1\/2\"}]},{\"@type\":\"WebSite\",\"@id\":\"https:\/\/bobimarket.pl\/#website\",\"url\":\"https:\/\/bobimarket.pl\/\",\"name\":\"BOBIMARKET.pl - Remontuj i urz\u0105dzaj z nami\",\"description\":\"Remontuj i urz\u0105dzaj z nami\",\"publisher\":{\"@id\":\"https:\/\/bobimarket.pl\/#organization\"},\"potentialAction\":[{\"@type\":\"SearchAction\",\"target\":{\"@type\":\"EntryPoint\",\"urlTemplate\":\"https:\/\/bobimarket.pl\/?s={search_term_string}\"},\"query-input\":\"required name=search_term_string\"}],\"inLanguage\":\"pl-PL\"},{\"@type\":\"Organization\",\"@id\":\"https:\/\/bobimarket.pl\/#organization\",\"name\":\"BOBIMARKET.pl\",\"url\":\"https:\/\/bobimarket.pl\/\",\"logo\":{\"@type\":\"ImageObject\",\"inLanguage\":\"pl-PL\",\"@id\":\"https:\/\/bobimarket.pl\/#\/schema\/logo\/image\/\",\"url\":\"https:\/\/bobimarket.pl\/wp-content\/uploads\/2021\/11\/slogan.png\",\"contentUrl\":\"https:\/\/bobimarket.pl\/wp-content\/uploads\/2021\/11\/slogan.png\",\"width\":2000,\"height\":384,\"caption\":\"BOBIMARKET.pl\"},\"image\":{\"@id\":\"https:\/\/bobimarket.pl\/#\/schema\/logo\/image\/\"}}]}<\/script>\n<!-- \/ Yoast SEO plugin. -->","yoast_head_json":{"title":"ZRASZACZ WODY PISTOLET REGULOWANY ZESTAW 4CZ. 1\/2 - BOBIMARKET.pl - Remontuj i urz\u0105dzaj z nami","robots":{"index":"index","follow":"follow","max-snippet":"max-snippet:-1","max-image-preview":"max-image-preview:large","max-video-preview":"max-video-preview:-1"},"canonical":"https:\/\/bobimarket.pl\/index.php\/produkt\/zraszacz-wody-pistolet-regulowany-zestaw-4cz-1-2\/","og_locale":"pl_PL","og_type":"article","og_title":"ZRASZACZ WODY PISTOLET REGULOWANY ZESTAW 4CZ. 1\/2 - BOBIMARKET.pl - Remontuj i urz\u0105dzaj z nami","og_description":"ZRASZACZ WODY PISTOLET REGULOWANY ZESTAW 4CZ. 1\/2 DANE TECHNICZNE: Rodzaj: Zraszacz Regulowany Blokada pracy ci\u0105g\u0142ej Materia\u0142: Tworzywo ABS Linia produktu: AQUA LINE ZESTAW ZAWIERA: Zraszacz Szybkoz\u0142\u0105czka 1\/2 cal Szybkoz\u0142\u0105czka Stop 1\/2 cal Przy\u0142\u0105cze na kran gwint WE 3\/4 Klasyczny zraszacz do wody z seri AQUA LINE. Wykonany z mocnego tworzywa kt\u00f3re zapewnia d\u0142ugotrwa\u0142e dzia\u0142anie. Posiada     Czytaj wi\u0119cej \"ZRASZACZ WODY PISTOLET REGULOWANY ZESTAW 4CZ. 1\/2\"","og_url":"https:\/\/bobimarket.pl\/index.php\/produkt\/zraszacz-wody-pistolet-regulowany-zestaw-4cz-1-2\/","og_site_name":"BOBIMARKET.pl - Remontuj i urz\u0105dzaj z nami","article_modified_time":"2025-02-27T14:55:59+00:00","og_image":[{"url":"https:\/\/upload.cdn.baselinker.com\/products\/14476\/980e6f9deea5d5769d1fa9d87b939126.jpg"}],"twitter_card":"summary_large_image","schema":{"@context":"https:\/\/schema.org","@graph":[{"@type":"WebPage","@id":"https:\/\/bobimarket.pl\/index.php\/produkt\/zraszacz-wody-pistolet-regulowany-zestaw-4cz-1-2\/","url":"https:\/\/bobimarket.pl\/index.php\/produkt\/zraszacz-wody-pistolet-regulowany-zestaw-4cz-1-2\/","name":"ZRASZACZ WODY PISTOLET REGULOWANY ZESTAW 4CZ. 1\/2 - BOBIMARKET.pl - Remontuj i urz\u0105dzaj z nami","isPartOf":{"@id":"https:\/\/bobimarket.pl\/#website"},"datePublished":"2023-08-30T00:49:02+00:00","dateModified":"2025-02-27T14:55:59+00:00","breadcrumb":{"@id":"https:\/\/bobimarket.pl\/index.php\/produkt\/zraszacz-wody-pistolet-regulowany-zestaw-4cz-1-2\/#breadcrumb"},"inLanguage":"pl-PL","potentialAction":[{"@type":"ReadAction","target":["https:\/\/bobimarket.pl\/index.php\/produkt\/zraszacz-wody-pistolet-regulowany-zestaw-4cz-1-2\/"]}]},{"@type":"BreadcrumbList","@id":"https:\/\/bobimarket.pl\/index.php\/produkt\/zraszacz-wody-pistolet-regulowany-zestaw-4cz-1-2\/#breadcrumb","itemListElement":[{"@type":"ListItem","position":1,"name":"Strona g\u0142\u00f3wna","item":"https:\/\/bobimarket.pl\/"},{"@type":"ListItem","position":2,"name":"Sklep","item":"https:\/\/bobimarket.pl\/index.php\/shop\/"},{"@type":"ListItem","position":3,"name":"ZRASZACZ WODY PISTOLET REGULOWANY ZESTAW 4CZ. 1\/2"}]},{"@type":"WebSite","@id":"https:\/\/bobimarket.pl\/#website","url":"https:\/\/bobimarket.pl\/","name":"BOBIMARKET.pl - Remontuj i urz\u0105dzaj z nami","description":"Remontuj i urz\u0105dzaj z nami","publisher":{"@id":"https:\/\/bobimarket.pl\/#organization"},"potentialAction":[{"@type":"SearchAction","target":{"@type":"EntryPoint","urlTemplate":"https:\/\/bobimarket.pl\/?s={search_term_string}"},"query-input":"required name=search_term_string"}],"inLanguage":"pl-PL"},{"@type":"Organization","@id":"https:\/\/bobimarket.pl\/#organization","name":"BOBIMARKET.pl","url":"https:\/\/bobimarket.pl\/","logo":{"@type":"ImageObject","inLanguage":"pl-PL","@id":"https:\/\/bobimarket.pl\/#\/schema\/logo\/image\/","url":"https:\/\/bobimarket.pl\/wp-content\/uploads\/2021\/11\/slogan.png","contentUrl":"https:\/\/bobimarket.pl\/wp-content\/uploads\/2021\/11\/slogan.png","width":2000,"height":384,"caption":"BOBIMARKET.pl"},"image":{"@id":"https:\/\/bobimarket.pl\/#\/schema\/logo\/image\/"}}]}},"_links":{"self":[{"href":"https:\/\/bobimarket.pl\/index.php\/wp-json\/wp\/v2\/product\/87249"}],"collection":[{"href":"https:\/\/bobimarket.pl\/index.php\/wp-json\/wp\/v2\/product"}],"about":[{"href":"https:\/\/bobimarket.pl\/index.php\/wp-json\/wp\/v2\/types\/product"}],"wp:featuredmedia":[{"embeddable":true,"href":"https:\/\/bobimarket.pl\/index.php\/wp-json\/wp\/v2\/media\/87245"}],"wp:attachment":[{"href":"https:\/\/bobimarket.pl\/index.php\/wp-json\/wp\/v2\/media?parent=87249"}],"wp:term":[{"taxonomy":"product_cat","embeddable":true,"href":"https:\/\/bobimarket.pl\/index.php\/wp-json\/wp\/v2\/product_cat?post=87249"},{"taxonomy":"product_tag","embeddable":true,"href":"https:\/\/bobimarket.pl\/index.php\/wp-json\/wp\/v2\/product_tag?post=87249"}],"curies":[{"name":"wp","href":"https:\/\/api.w.org\/{rel}","templated":true}]}}