{"id":87266,"date":"2023-08-30T00:50:19","date_gmt":"2023-08-30T00:50:19","guid":{"rendered":"https:\/\/bobimarket.pl\/index.php\/produkt\/noga-nozka-meblowa-kuchenna-h100-zestaw-4szt\/"},"modified":"2025-02-27T16:47:53","modified_gmt":"2025-02-27T16:47:53","slug":"noga-nozka-meblowa-kuchenna-h100-zestaw-4szt","status":"publish","type":"product","link":"https:\/\/bobimarket.pl\/index.php\/produkt\/noga-nozka-meblowa-kuchenna-h100-zestaw-4szt\/","title":{"rendered":"NOGA N\u00d3\u017bKA MEBLOWA KUCHENNA H100 ZESTAW 4SZT"},"content":{"rendered":"<section class=\"section\">\n<div class=\"item item-6\">\n<section class=\"image-item\">\n            <img decoding=\"async\" src=\"https:\/\/upload.cdn.baselinker.com\/products\/14476\/1f9f8366904d84174aba8509b4672c6f.jpg\" \/><br \/>\n        <\/section>\n<\/p><\/div>\n<div class=\"item item-6\">\n<section class=\"text-item\">\n<h2>N\u00d3\u017bKA MEBLOWA KUCHENNA H-100MM ZESTAW 4SZT<\/h2>\n<p><b>DANE TECHNICZNE:<\/b><\/p>\n<ul>\n<li>\u015arednia wysoko\u015b\u0107: <b>100<\/b><\/li>\n<li>Regulacja wysoko\u015bci: <b>35 mm<\/b><\/li>\n<li>Minimalna wysoko\u015b\u0107:<b> 8,5 cm<\/b><\/li>\n<li>Maksymalna wysoko\u015b\u0107:<b> 12 cm<\/b><\/li>\n<li>Materia\u0142: <b>PVC<\/b><\/li>\n<li>Kolor: <b>CZARNY<\/b><\/li>\n<\/ul>\n<\/section><\/div>\n<\/section>\n<section class=\"section\">\n<div class=\"item item-6\">\n<section class=\"image-item\">\n            <img decoding=\"async\" src=\"https:\/\/upload.cdn.baselinker.com\/products\/14476\/bc826fd2767e279984967d254ab3b17d.jpg\" \/><br \/>\n        <\/section>\n<\/p><\/div>\n<div class=\"item item-6\">\n<section class=\"text-item\">\n<p>\u2705 <b>ZASTOSOWANIE:<\/b><\/p>\n<p>Wysokiej jako\u015bci n\u00f3\u017cka kuchenna regulowana przeznaczona jest do monta\u017cu szafek kuchennych.<\/p>\n<ul>\n<li>N\u00f3\u017cka ta posiada regulacj\u0119 wysoko\u015bci 35MM, dzi\u0119ki czemu jest mo\u017cliwo\u015b\u0107 dok\u0142adnego wypoziomowania.<\/li>\n<li>Wpi\u0119ty klips pozwala bez problemu zamontowa\u0107 cok\u00f3\u0142.<\/li>\n<\/ul>\n<p><b>\u2705 W ZESTAWIE TANIEJ <\/b><b>!!! Komplet zawiera:<\/b><\/p>\n<ul>\n<li>N\u00d3\u017bK\u0118-4szt<\/li>\n<li>KLIPS-4szt<\/li>\n<li>WKR\u0118TY-24szt<\/li>\n<\/ul>\n<\/section><\/div>\n<\/section>\n<section class=\"section\">\n<div class=\"item item-6\">\n<section class=\"image-item\">\n            <img decoding=\"async\" src=\"https:\/\/upload.cdn.baselinker.com\/products\/14476\/1f9f8366904d84174aba8509b4672c6f.jpg\" \/><br \/>\n        <\/section>\n<\/p><\/div>\n<div class=\"item item-6\">\n<section class=\"image-item\">\n            <img decoding=\"async\" src=\"https:\/\/upload.cdn.baselinker.com\/products\/14476\/4f37ce755a4a271878254d463c12e6f9.jpg\" \/><br \/>\n        <\/section>\n<\/p><\/div>\n<\/section>\n<section class=\"section\">\n<div class=\"item item-6\">\n<section class=\"image-item\">\n            <img decoding=\"async\" src=\"https:\/\/upload.cdn.baselinker.com\/products\/14476\/90216a95d1e3b28a9717f3cf9899a2db.jpg\" \/><br \/>\n        <\/section>\n<\/p><\/div>\n<div class=\"item item-6\">\n<section class=\"image-item\">\n            <img decoding=\"async\" src=\"https:\/\/upload.cdn.baselinker.com\/products\/14476\/55e0004f790067fb8500c4aeacb970c5.jpg\" \/><br \/>\n        <\/section>\n<\/p><\/div>\n<\/section>\n","protected":false},"excerpt":{"rendered":"<p>N\u00d3\u017bKA MEBLOWA KUCHENNA H-100MM ZESTAW 4SZT DANE TECHNICZNE: \u015arednia wysoko\u015b\u0107: 100 Regulacja wysoko\u015bci: 35 mm Minimalna wysoko\u015b\u0107: 8,5 cm Maksymalna wysoko\u015b\u0107: 12 cm Materia\u0142: PVC Kolor: CZARNY \u2705 ZASTOSOWANIE: Wysokiej jako\u015bci n\u00f3\u017cka kuchenna regulowana przeznaczona jest do monta\u017cu szafek kuchennych. N\u00f3\u017cka ta posiada regulacj\u0119 wysoko\u015bci 35MM, dzi\u0119ki czemu jest mo\u017cliwo\u015b\u0107 dok\u0142adnego wypoziomowania. Wpi\u0119ty klips pozwala<br \/><a class=\"more-link\" href=\"https:\/\/bobimarket.pl\/index.php\/produkt\/noga-nozka-meblowa-kuchenna-h100-zestaw-4szt\/\"><br \/>\n        Czytaj wi\u0119cej<span class=\"screen-reader-text\"> &#8222;NOGA N\u00d3\u017bKA MEBLOWA KUCHENNA H100 ZESTAW 4SZT&#8221;<\/span><\/a><\/p>\n","protected":false},"featured_media":87260,"template":"","meta":[],"product_cat":[8316],"product_tag":[],"yoast_head":"<!-- This site is optimized with the Yoast SEO plugin v21.0 - https:\/\/yoast.com\/wordpress\/plugins\/seo\/ -->\n<title>NOGA N\u00d3\u017bKA MEBLOWA KUCHENNA H100 ZESTAW 4SZT - BOBIMARKET.pl - Remontuj i urz\u0105dzaj z nami<\/title>\n<meta name=\"robots\" content=\"index, follow, max-snippet:-1, max-image-preview:large, max-video-preview:-1\" \/>\n<link rel=\"canonical\" href=\"https:\/\/bobimarket.pl\/index.php\/produkt\/noga-nozka-meblowa-kuchenna-h100-zestaw-4szt\/\" \/>\n<meta property=\"og:locale\" content=\"pl_PL\" \/>\n<meta property=\"og:type\" content=\"article\" \/>\n<meta property=\"og:title\" content=\"NOGA N\u00d3\u017bKA MEBLOWA KUCHENNA H100 ZESTAW 4SZT - BOBIMARKET.pl - Remontuj i urz\u0105dzaj z nami\" \/>\n<meta property=\"og:description\" content=\"N\u00d3\u017bKA MEBLOWA KUCHENNA H-100MM ZESTAW 4SZT DANE TECHNICZNE: \u015arednia wysoko\u015b\u0107: 100 Regulacja wysoko\u015bci: 35 mm Minimalna wysoko\u015b\u0107: 8,5 cm Maksymalna wysoko\u015b\u0107: 12 cm Materia\u0142: PVC Kolor: CZARNY \u2705 ZASTOSOWANIE: Wysokiej jako\u015bci n\u00f3\u017cka kuchenna regulowana przeznaczona jest do monta\u017cu szafek kuchennych. N\u00f3\u017cka ta posiada regulacj\u0119 wysoko\u015bci 35MM, dzi\u0119ki czemu jest mo\u017cliwo\u015b\u0107 dok\u0142adnego wypoziomowania. Wpi\u0119ty klips pozwala     Czytaj wi\u0119cej &quot;NOGA N\u00d3\u017bKA MEBLOWA KUCHENNA H100 ZESTAW 4SZT&quot;\" \/>\n<meta property=\"og:url\" content=\"https:\/\/bobimarket.pl\/index.php\/produkt\/noga-nozka-meblowa-kuchenna-h100-zestaw-4szt\/\" \/>\n<meta property=\"og:site_name\" content=\"BOBIMARKET.pl - Remontuj i urz\u0105dzaj z nami\" \/>\n<meta property=\"article:modified_time\" content=\"2025-02-27T16:47:53+00:00\" \/>\n<meta property=\"og:image\" content=\"https:\/\/upload.cdn.baselinker.com\/products\/14476\/1f9f8366904d84174aba8509b4672c6f.jpg\" \/>\n<meta name=\"twitter:card\" content=\"summary_large_image\" \/>\n<script type=\"application\/ld+json\" class=\"yoast-schema-graph\">{\"@context\":\"https:\/\/schema.org\",\"@graph\":[{\"@type\":\"WebPage\",\"@id\":\"https:\/\/bobimarket.pl\/index.php\/produkt\/noga-nozka-meblowa-kuchenna-h100-zestaw-4szt\/\",\"url\":\"https:\/\/bobimarket.pl\/index.php\/produkt\/noga-nozka-meblowa-kuchenna-h100-zestaw-4szt\/\",\"name\":\"NOGA N\u00d3\u017bKA MEBLOWA KUCHENNA H100 ZESTAW 4SZT - BOBIMARKET.pl - Remontuj i urz\u0105dzaj z nami\",\"isPartOf\":{\"@id\":\"https:\/\/bobimarket.pl\/#website\"},\"datePublished\":\"2023-08-30T00:50:19+00:00\",\"dateModified\":\"2025-02-27T16:47:53+00:00\",\"breadcrumb\":{\"@id\":\"https:\/\/bobimarket.pl\/index.php\/produkt\/noga-nozka-meblowa-kuchenna-h100-zestaw-4szt\/#breadcrumb\"},\"inLanguage\":\"pl-PL\",\"potentialAction\":[{\"@type\":\"ReadAction\",\"target\":[\"https:\/\/bobimarket.pl\/index.php\/produkt\/noga-nozka-meblowa-kuchenna-h100-zestaw-4szt\/\"]}]},{\"@type\":\"BreadcrumbList\",\"@id\":\"https:\/\/bobimarket.pl\/index.php\/produkt\/noga-nozka-meblowa-kuchenna-h100-zestaw-4szt\/#breadcrumb\",\"itemListElement\":[{\"@type\":\"ListItem\",\"position\":1,\"name\":\"Strona g\u0142\u00f3wna\",\"item\":\"https:\/\/bobimarket.pl\/\"},{\"@type\":\"ListItem\",\"position\":2,\"name\":\"Sklep\",\"item\":\"https:\/\/bobimarket.pl\/index.php\/shop\/\"},{\"@type\":\"ListItem\",\"position\":3,\"name\":\"NOGA N\u00d3\u017bKA MEBLOWA KUCHENNA H100 ZESTAW 4SZT\"}]},{\"@type\":\"WebSite\",\"@id\":\"https:\/\/bobimarket.pl\/#website\",\"url\":\"https:\/\/bobimarket.pl\/\",\"name\":\"BOBIMARKET.pl - Remontuj i urz\u0105dzaj z nami\",\"description\":\"Remontuj i urz\u0105dzaj z nami\",\"publisher\":{\"@id\":\"https:\/\/bobimarket.pl\/#organization\"},\"potentialAction\":[{\"@type\":\"SearchAction\",\"target\":{\"@type\":\"EntryPoint\",\"urlTemplate\":\"https:\/\/bobimarket.pl\/?s={search_term_string}\"},\"query-input\":\"required name=search_term_string\"}],\"inLanguage\":\"pl-PL\"},{\"@type\":\"Organization\",\"@id\":\"https:\/\/bobimarket.pl\/#organization\",\"name\":\"BOBIMARKET.pl\",\"url\":\"https:\/\/bobimarket.pl\/\",\"logo\":{\"@type\":\"ImageObject\",\"inLanguage\":\"pl-PL\",\"@id\":\"https:\/\/bobimarket.pl\/#\/schema\/logo\/image\/\",\"url\":\"https:\/\/bobimarket.pl\/wp-content\/uploads\/2021\/11\/slogan.png\",\"contentUrl\":\"https:\/\/bobimarket.pl\/wp-content\/uploads\/2021\/11\/slogan.png\",\"width\":2000,\"height\":384,\"caption\":\"BOBIMARKET.pl\"},\"image\":{\"@id\":\"https:\/\/bobimarket.pl\/#\/schema\/logo\/image\/\"}}]}<\/script>\n<!-- \/ Yoast SEO plugin. -->","yoast_head_json":{"title":"NOGA N\u00d3\u017bKA MEBLOWA KUCHENNA H100 ZESTAW 4SZT - BOBIMARKET.pl - Remontuj i urz\u0105dzaj z nami","robots":{"index":"index","follow":"follow","max-snippet":"max-snippet:-1","max-image-preview":"max-image-preview:large","max-video-preview":"max-video-preview:-1"},"canonical":"https:\/\/bobimarket.pl\/index.php\/produkt\/noga-nozka-meblowa-kuchenna-h100-zestaw-4szt\/","og_locale":"pl_PL","og_type":"article","og_title":"NOGA N\u00d3\u017bKA MEBLOWA KUCHENNA H100 ZESTAW 4SZT - BOBIMARKET.pl - Remontuj i urz\u0105dzaj z nami","og_description":"N\u00d3\u017bKA MEBLOWA KUCHENNA H-100MM ZESTAW 4SZT DANE TECHNICZNE: \u015arednia wysoko\u015b\u0107: 100 Regulacja wysoko\u015bci: 35 mm Minimalna wysoko\u015b\u0107: 8,5 cm Maksymalna wysoko\u015b\u0107: 12 cm Materia\u0142: PVC Kolor: CZARNY \u2705 ZASTOSOWANIE: Wysokiej jako\u015bci n\u00f3\u017cka kuchenna regulowana przeznaczona jest do monta\u017cu szafek kuchennych. N\u00f3\u017cka ta posiada regulacj\u0119 wysoko\u015bci 35MM, dzi\u0119ki czemu jest mo\u017cliwo\u015b\u0107 dok\u0142adnego wypoziomowania. Wpi\u0119ty klips pozwala     Czytaj wi\u0119cej \"NOGA N\u00d3\u017bKA MEBLOWA KUCHENNA H100 ZESTAW 4SZT\"","og_url":"https:\/\/bobimarket.pl\/index.php\/produkt\/noga-nozka-meblowa-kuchenna-h100-zestaw-4szt\/","og_site_name":"BOBIMARKET.pl - Remontuj i urz\u0105dzaj z nami","article_modified_time":"2025-02-27T16:47:53+00:00","og_image":[{"url":"https:\/\/upload.cdn.baselinker.com\/products\/14476\/1f9f8366904d84174aba8509b4672c6f.jpg"}],"twitter_card":"summary_large_image","schema":{"@context":"https:\/\/schema.org","@graph":[{"@type":"WebPage","@id":"https:\/\/bobimarket.pl\/index.php\/produkt\/noga-nozka-meblowa-kuchenna-h100-zestaw-4szt\/","url":"https:\/\/bobimarket.pl\/index.php\/produkt\/noga-nozka-meblowa-kuchenna-h100-zestaw-4szt\/","name":"NOGA N\u00d3\u017bKA MEBLOWA KUCHENNA H100 ZESTAW 4SZT - BOBIMARKET.pl - Remontuj i urz\u0105dzaj z nami","isPartOf":{"@id":"https:\/\/bobimarket.pl\/#website"},"datePublished":"2023-08-30T00:50:19+00:00","dateModified":"2025-02-27T16:47:53+00:00","breadcrumb":{"@id":"https:\/\/bobimarket.pl\/index.php\/produkt\/noga-nozka-meblowa-kuchenna-h100-zestaw-4szt\/#breadcrumb"},"inLanguage":"pl-PL","potentialAction":[{"@type":"ReadAction","target":["https:\/\/bobimarket.pl\/index.php\/produkt\/noga-nozka-meblowa-kuchenna-h100-zestaw-4szt\/"]}]},{"@type":"BreadcrumbList","@id":"https:\/\/bobimarket.pl\/index.php\/produkt\/noga-nozka-meblowa-kuchenna-h100-zestaw-4szt\/#breadcrumb","itemListElement":[{"@type":"ListItem","position":1,"name":"Strona g\u0142\u00f3wna","item":"https:\/\/bobimarket.pl\/"},{"@type":"ListItem","position":2,"name":"Sklep","item":"https:\/\/bobimarket.pl\/index.php\/shop\/"},{"@type":"ListItem","position":3,"name":"NOGA N\u00d3\u017bKA MEBLOWA KUCHENNA H100 ZESTAW 4SZT"}]},{"@type":"WebSite","@id":"https:\/\/bobimarket.pl\/#website","url":"https:\/\/bobimarket.pl\/","name":"BOBIMARKET.pl - Remontuj i urz\u0105dzaj z nami","description":"Remontuj i urz\u0105dzaj z nami","publisher":{"@id":"https:\/\/bobimarket.pl\/#organization"},"potentialAction":[{"@type":"SearchAction","target":{"@type":"EntryPoint","urlTemplate":"https:\/\/bobimarket.pl\/?s={search_term_string}"},"query-input":"required name=search_term_string"}],"inLanguage":"pl-PL"},{"@type":"Organization","@id":"https:\/\/bobimarket.pl\/#organization","name":"BOBIMARKET.pl","url":"https:\/\/bobimarket.pl\/","logo":{"@type":"ImageObject","inLanguage":"pl-PL","@id":"https:\/\/bobimarket.pl\/#\/schema\/logo\/image\/","url":"https:\/\/bobimarket.pl\/wp-content\/uploads\/2021\/11\/slogan.png","contentUrl":"https:\/\/bobimarket.pl\/wp-content\/uploads\/2021\/11\/slogan.png","width":2000,"height":384,"caption":"BOBIMARKET.pl"},"image":{"@id":"https:\/\/bobimarket.pl\/#\/schema\/logo\/image\/"}}]}},"_links":{"self":[{"href":"https:\/\/bobimarket.pl\/index.php\/wp-json\/wp\/v2\/product\/87266"}],"collection":[{"href":"https:\/\/bobimarket.pl\/index.php\/wp-json\/wp\/v2\/product"}],"about":[{"href":"https:\/\/bobimarket.pl\/index.php\/wp-json\/wp\/v2\/types\/product"}],"wp:featuredmedia":[{"embeddable":true,"href":"https:\/\/bobimarket.pl\/index.php\/wp-json\/wp\/v2\/media\/87260"}],"wp:attachment":[{"href":"https:\/\/bobimarket.pl\/index.php\/wp-json\/wp\/v2\/media?parent=87266"}],"wp:term":[{"taxonomy":"product_cat","embeddable":true,"href":"https:\/\/bobimarket.pl\/index.php\/wp-json\/wp\/v2\/product_cat?post=87266"},{"taxonomy":"product_tag","embeddable":true,"href":"https:\/\/bobimarket.pl\/index.php\/wp-json\/wp\/v2\/product_tag?post=87266"}],"curies":[{"name":"wp","href":"https:\/\/api.w.org\/{rel}","templated":true}]}}