{"id":87278,"date":"2023-08-30T00:51:22","date_gmt":"2023-08-30T00:51:22","guid":{"rendered":"https:\/\/bobimarket.pl\/index.php\/produkt\/stopka-nozka-mebl-kuchenna-podszafkowa-h-100\/"},"modified":"2025-02-27T14:56:18","modified_gmt":"2025-02-27T14:56:18","slug":"stopka-nozka-mebl-kuchenna-podszafkowa-h-100","status":"publish","type":"product","link":"https:\/\/bobimarket.pl\/index.php\/produkt\/stopka-nozka-mebl-kuchenna-podszafkowa-h-100\/","title":{"rendered":"STOPKA N\u00d3\u017bKA MEBL. KUCHENNA PODSZAFKOWA H-100"},"content":{"rendered":"<section class=\"section\">\n<div class=\"item item-6\">\n<section class=\"image-item\">\n            <img decoding=\"async\" src=\"https:\/\/upload.cdn.baselinker.com\/products\/14476\/e270e7ce1fe7f17d3fac8225951742d7.jpg\" \/><br \/>\n        <\/section>\n<\/p><\/div>\n<div class=\"item item-6\">\n<section class=\"text-item\">\n<h2>N\u00d3\u017bKA MEBLOWA KUCHENNA H-100MM<\/h2>\n<p><b>DANE TECHNICZNE:<\/b><\/p>\n<ul>\n<li>\u015arednia wysoko\u015b\u0107: <b>100<\/b><\/li>\n<li>Regulacja wysoko\u015bci: <b>35 mm<\/b><\/li>\n<li>Minimalna wysoko\u015b\u0107:<b> 8,5 cm<\/b><\/li>\n<li>Maksymalna wysoko\u015b\u0107:<b> 12 cm<\/b><\/li>\n<li>Materia\u0142: <b>PVC<\/b><\/li>\n<li>Kolor: <b>CZARNY<\/b><\/li>\n<\/ul>\n<\/section><\/div>\n<\/section>\n<section class=\"section\">\n<div class=\"item item-6\">\n<section class=\"image-item\">\n            <img decoding=\"async\" src=\"https:\/\/upload.cdn.baselinker.com\/products\/14476\/5ae435827bc9c08a4d9fa1904d12eb09.jpg\" \/><br \/>\n        <\/section>\n<\/p><\/div>\n<div class=\"item item-6\">\n<section class=\"text-item\">\n<p>\u2705 <b>ZASTOSOWANIE:<\/b><\/p>\n<p>Wysokiej jako\u015bci n\u00f3\u017cka kuchenna regulowana przeznaczona jest do monta\u017cu szafek kuchennych.<\/p>\n<ul>\n<li>N\u00f3\u017cka ta posiada regulacj\u0119 wysoko\u015bci 35MM, dzi\u0119ki czemu jest mo\u017cliwo\u015b\u0107 dok\u0142adnego wypoziomowania.<\/li>\n<li>Wpi\u0119ty klips pozwala bez problemu zamontowa\u0107 cok\u00f3\u0142.<\/li>\n<\/ul>\n<p><b>\u2705<\/b><b> Komplet zawiera:<\/b><\/p>\n<ul>\n<li>N\u00d3\u017bK\u0118-1 szt.<\/li>\n<li>KLIPS- 1 szt.<\/li>\n<li>WKR\u0118TY- 6 szt.<\/li>\n<\/ul>\n<\/section><\/div>\n<\/section>\n<section class=\"section\">\n<div class=\"item item-6\">\n<section class=\"image-item\">\n            <img decoding=\"async\" src=\"https:\/\/upload.cdn.baselinker.com\/products\/14476\/3a7528c75d45f37ce0f1b2650568492f.jpg\" \/><br \/>\n        <\/section>\n<\/p><\/div>\n<div class=\"item item-6\">\n<section class=\"image-item\">\n            <img decoding=\"async\" src=\"https:\/\/upload.cdn.baselinker.com\/products\/14476\/4199dab569f45ea9cb99de4a25f52996.jpg\" \/><br \/>\n        <\/section>\n<\/p><\/div>\n<\/section>\n<section class=\"section\">\n<div class=\"item item-6\">\n<section class=\"image-item\">\n            <img decoding=\"async\" src=\"https:\/\/upload.cdn.baselinker.com\/products\/14476\/321cf9b0c09d305df86b28f00ce0623f.jpg\" \/><br \/>\n        <\/section>\n<\/p><\/div>\n<div class=\"item item-6\">\n<section class=\"image-item\">\n            <img decoding=\"async\" src=\"https:\/\/upload.cdn.baselinker.com\/products\/14476\/41ea04cbff8f8755fd1af84ba3d078eb.jpg\" \/><br \/>\n        <\/section>\n<\/p><\/div>\n<\/section>\n","protected":false},"excerpt":{"rendered":"<p>N\u00d3\u017bKA MEBLOWA KUCHENNA H-100MM DANE TECHNICZNE: \u015arednia wysoko\u015b\u0107: 100 Regulacja wysoko\u015bci: 35 mm Minimalna wysoko\u015b\u0107: 8,5 cm Maksymalna wysoko\u015b\u0107: 12 cm Materia\u0142: PVC Kolor: CZARNY \u2705 ZASTOSOWANIE: Wysokiej jako\u015bci n\u00f3\u017cka kuchenna regulowana przeznaczona jest do monta\u017cu szafek kuchennych. N\u00f3\u017cka ta posiada regulacj\u0119 wysoko\u015bci 35MM, dzi\u0119ki czemu jest mo\u017cliwo\u015b\u0107 dok\u0142adnego wypoziomowania. Wpi\u0119ty klips pozwala bez problemu<br \/><a class=\"more-link\" href=\"https:\/\/bobimarket.pl\/index.php\/produkt\/stopka-nozka-mebl-kuchenna-podszafkowa-h-100\/\"><br \/>\n        Czytaj wi\u0119cej<span class=\"screen-reader-text\"> &#8222;STOPKA N\u00d3\u017bKA MEBL. KUCHENNA PODSZAFKOWA H-100&#8221;<\/span><\/a><\/p>\n","protected":false},"featured_media":87272,"template":"","meta":[],"product_cat":[8316],"product_tag":[],"yoast_head":"<!-- This site is optimized with the Yoast SEO plugin v21.0 - https:\/\/yoast.com\/wordpress\/plugins\/seo\/ -->\n<title>STOPKA N\u00d3\u017bKA MEBL. KUCHENNA PODSZAFKOWA H-100 - BOBIMARKET.pl - Remontuj i urz\u0105dzaj z nami<\/title>\n<meta name=\"robots\" content=\"index, follow, max-snippet:-1, max-image-preview:large, max-video-preview:-1\" \/>\n<link rel=\"canonical\" href=\"https:\/\/bobimarket.pl\/index.php\/produkt\/stopka-nozka-mebl-kuchenna-podszafkowa-h-100\/\" \/>\n<meta property=\"og:locale\" content=\"pl_PL\" \/>\n<meta property=\"og:type\" content=\"article\" \/>\n<meta property=\"og:title\" content=\"STOPKA N\u00d3\u017bKA MEBL. KUCHENNA PODSZAFKOWA H-100 - BOBIMARKET.pl - Remontuj i urz\u0105dzaj z nami\" \/>\n<meta property=\"og:description\" content=\"N\u00d3\u017bKA MEBLOWA KUCHENNA H-100MM DANE TECHNICZNE: \u015arednia wysoko\u015b\u0107: 100 Regulacja wysoko\u015bci: 35 mm Minimalna wysoko\u015b\u0107: 8,5 cm Maksymalna wysoko\u015b\u0107: 12 cm Materia\u0142: PVC Kolor: CZARNY \u2705 ZASTOSOWANIE: Wysokiej jako\u015bci n\u00f3\u017cka kuchenna regulowana przeznaczona jest do monta\u017cu szafek kuchennych. N\u00f3\u017cka ta posiada regulacj\u0119 wysoko\u015bci 35MM, dzi\u0119ki czemu jest mo\u017cliwo\u015b\u0107 dok\u0142adnego wypoziomowania. Wpi\u0119ty klips pozwala bez problemu     Czytaj wi\u0119cej &quot;STOPKA N\u00d3\u017bKA MEBL. KUCHENNA PODSZAFKOWA H-100&quot;\" \/>\n<meta property=\"og:url\" content=\"https:\/\/bobimarket.pl\/index.php\/produkt\/stopka-nozka-mebl-kuchenna-podszafkowa-h-100\/\" \/>\n<meta property=\"og:site_name\" content=\"BOBIMARKET.pl - Remontuj i urz\u0105dzaj z nami\" \/>\n<meta property=\"article:modified_time\" content=\"2025-02-27T14:56:18+00:00\" \/>\n<meta property=\"og:image\" content=\"https:\/\/upload.cdn.baselinker.com\/products\/14476\/e270e7ce1fe7f17d3fac8225951742d7.jpg\" \/>\n<meta name=\"twitter:card\" content=\"summary_large_image\" \/>\n<script type=\"application\/ld+json\" class=\"yoast-schema-graph\">{\"@context\":\"https:\/\/schema.org\",\"@graph\":[{\"@type\":\"WebPage\",\"@id\":\"https:\/\/bobimarket.pl\/index.php\/produkt\/stopka-nozka-mebl-kuchenna-podszafkowa-h-100\/\",\"url\":\"https:\/\/bobimarket.pl\/index.php\/produkt\/stopka-nozka-mebl-kuchenna-podszafkowa-h-100\/\",\"name\":\"STOPKA N\u00d3\u017bKA MEBL. KUCHENNA PODSZAFKOWA H-100 - BOBIMARKET.pl - Remontuj i urz\u0105dzaj z nami\",\"isPartOf\":{\"@id\":\"https:\/\/bobimarket.pl\/#website\"},\"datePublished\":\"2023-08-30T00:51:22+00:00\",\"dateModified\":\"2025-02-27T14:56:18+00:00\",\"breadcrumb\":{\"@id\":\"https:\/\/bobimarket.pl\/index.php\/produkt\/stopka-nozka-mebl-kuchenna-podszafkowa-h-100\/#breadcrumb\"},\"inLanguage\":\"pl-PL\",\"potentialAction\":[{\"@type\":\"ReadAction\",\"target\":[\"https:\/\/bobimarket.pl\/index.php\/produkt\/stopka-nozka-mebl-kuchenna-podszafkowa-h-100\/\"]}]},{\"@type\":\"BreadcrumbList\",\"@id\":\"https:\/\/bobimarket.pl\/index.php\/produkt\/stopka-nozka-mebl-kuchenna-podszafkowa-h-100\/#breadcrumb\",\"itemListElement\":[{\"@type\":\"ListItem\",\"position\":1,\"name\":\"Strona g\u0142\u00f3wna\",\"item\":\"https:\/\/bobimarket.pl\/\"},{\"@type\":\"ListItem\",\"position\":2,\"name\":\"Sklep\",\"item\":\"https:\/\/bobimarket.pl\/index.php\/shop\/\"},{\"@type\":\"ListItem\",\"position\":3,\"name\":\"STOPKA N\u00d3\u017bKA MEBL. KUCHENNA PODSZAFKOWA H-100\"}]},{\"@type\":\"WebSite\",\"@id\":\"https:\/\/bobimarket.pl\/#website\",\"url\":\"https:\/\/bobimarket.pl\/\",\"name\":\"BOBIMARKET.pl - Remontuj i urz\u0105dzaj z nami\",\"description\":\"Remontuj i urz\u0105dzaj z nami\",\"publisher\":{\"@id\":\"https:\/\/bobimarket.pl\/#organization\"},\"potentialAction\":[{\"@type\":\"SearchAction\",\"target\":{\"@type\":\"EntryPoint\",\"urlTemplate\":\"https:\/\/bobimarket.pl\/?s={search_term_string}\"},\"query-input\":\"required name=search_term_string\"}],\"inLanguage\":\"pl-PL\"},{\"@type\":\"Organization\",\"@id\":\"https:\/\/bobimarket.pl\/#organization\",\"name\":\"BOBIMARKET.pl\",\"url\":\"https:\/\/bobimarket.pl\/\",\"logo\":{\"@type\":\"ImageObject\",\"inLanguage\":\"pl-PL\",\"@id\":\"https:\/\/bobimarket.pl\/#\/schema\/logo\/image\/\",\"url\":\"https:\/\/bobimarket.pl\/wp-content\/uploads\/2021\/11\/slogan.png\",\"contentUrl\":\"https:\/\/bobimarket.pl\/wp-content\/uploads\/2021\/11\/slogan.png\",\"width\":2000,\"height\":384,\"caption\":\"BOBIMARKET.pl\"},\"image\":{\"@id\":\"https:\/\/bobimarket.pl\/#\/schema\/logo\/image\/\"}}]}<\/script>\n<!-- \/ Yoast SEO plugin. -->","yoast_head_json":{"title":"STOPKA N\u00d3\u017bKA MEBL. KUCHENNA PODSZAFKOWA H-100 - BOBIMARKET.pl - Remontuj i urz\u0105dzaj z nami","robots":{"index":"index","follow":"follow","max-snippet":"max-snippet:-1","max-image-preview":"max-image-preview:large","max-video-preview":"max-video-preview:-1"},"canonical":"https:\/\/bobimarket.pl\/index.php\/produkt\/stopka-nozka-mebl-kuchenna-podszafkowa-h-100\/","og_locale":"pl_PL","og_type":"article","og_title":"STOPKA N\u00d3\u017bKA MEBL. KUCHENNA PODSZAFKOWA H-100 - BOBIMARKET.pl - Remontuj i urz\u0105dzaj z nami","og_description":"N\u00d3\u017bKA MEBLOWA KUCHENNA H-100MM DANE TECHNICZNE: \u015arednia wysoko\u015b\u0107: 100 Regulacja wysoko\u015bci: 35 mm Minimalna wysoko\u015b\u0107: 8,5 cm Maksymalna wysoko\u015b\u0107: 12 cm Materia\u0142: PVC Kolor: CZARNY \u2705 ZASTOSOWANIE: Wysokiej jako\u015bci n\u00f3\u017cka kuchenna regulowana przeznaczona jest do monta\u017cu szafek kuchennych. N\u00f3\u017cka ta posiada regulacj\u0119 wysoko\u015bci 35MM, dzi\u0119ki czemu jest mo\u017cliwo\u015b\u0107 dok\u0142adnego wypoziomowania. Wpi\u0119ty klips pozwala bez problemu     Czytaj wi\u0119cej \"STOPKA N\u00d3\u017bKA MEBL. KUCHENNA PODSZAFKOWA H-100\"","og_url":"https:\/\/bobimarket.pl\/index.php\/produkt\/stopka-nozka-mebl-kuchenna-podszafkowa-h-100\/","og_site_name":"BOBIMARKET.pl - Remontuj i urz\u0105dzaj z nami","article_modified_time":"2025-02-27T14:56:18+00:00","og_image":[{"url":"https:\/\/upload.cdn.baselinker.com\/products\/14476\/e270e7ce1fe7f17d3fac8225951742d7.jpg"}],"twitter_card":"summary_large_image","schema":{"@context":"https:\/\/schema.org","@graph":[{"@type":"WebPage","@id":"https:\/\/bobimarket.pl\/index.php\/produkt\/stopka-nozka-mebl-kuchenna-podszafkowa-h-100\/","url":"https:\/\/bobimarket.pl\/index.php\/produkt\/stopka-nozka-mebl-kuchenna-podszafkowa-h-100\/","name":"STOPKA N\u00d3\u017bKA MEBL. KUCHENNA PODSZAFKOWA H-100 - BOBIMARKET.pl - Remontuj i urz\u0105dzaj z nami","isPartOf":{"@id":"https:\/\/bobimarket.pl\/#website"},"datePublished":"2023-08-30T00:51:22+00:00","dateModified":"2025-02-27T14:56:18+00:00","breadcrumb":{"@id":"https:\/\/bobimarket.pl\/index.php\/produkt\/stopka-nozka-mebl-kuchenna-podszafkowa-h-100\/#breadcrumb"},"inLanguage":"pl-PL","potentialAction":[{"@type":"ReadAction","target":["https:\/\/bobimarket.pl\/index.php\/produkt\/stopka-nozka-mebl-kuchenna-podszafkowa-h-100\/"]}]},{"@type":"BreadcrumbList","@id":"https:\/\/bobimarket.pl\/index.php\/produkt\/stopka-nozka-mebl-kuchenna-podszafkowa-h-100\/#breadcrumb","itemListElement":[{"@type":"ListItem","position":1,"name":"Strona g\u0142\u00f3wna","item":"https:\/\/bobimarket.pl\/"},{"@type":"ListItem","position":2,"name":"Sklep","item":"https:\/\/bobimarket.pl\/index.php\/shop\/"},{"@type":"ListItem","position":3,"name":"STOPKA N\u00d3\u017bKA MEBL. KUCHENNA PODSZAFKOWA H-100"}]},{"@type":"WebSite","@id":"https:\/\/bobimarket.pl\/#website","url":"https:\/\/bobimarket.pl\/","name":"BOBIMARKET.pl - Remontuj i urz\u0105dzaj z nami","description":"Remontuj i urz\u0105dzaj z nami","publisher":{"@id":"https:\/\/bobimarket.pl\/#organization"},"potentialAction":[{"@type":"SearchAction","target":{"@type":"EntryPoint","urlTemplate":"https:\/\/bobimarket.pl\/?s={search_term_string}"},"query-input":"required name=search_term_string"}],"inLanguage":"pl-PL"},{"@type":"Organization","@id":"https:\/\/bobimarket.pl\/#organization","name":"BOBIMARKET.pl","url":"https:\/\/bobimarket.pl\/","logo":{"@type":"ImageObject","inLanguage":"pl-PL","@id":"https:\/\/bobimarket.pl\/#\/schema\/logo\/image\/","url":"https:\/\/bobimarket.pl\/wp-content\/uploads\/2021\/11\/slogan.png","contentUrl":"https:\/\/bobimarket.pl\/wp-content\/uploads\/2021\/11\/slogan.png","width":2000,"height":384,"caption":"BOBIMARKET.pl"},"image":{"@id":"https:\/\/bobimarket.pl\/#\/schema\/logo\/image\/"}}]}},"_links":{"self":[{"href":"https:\/\/bobimarket.pl\/index.php\/wp-json\/wp\/v2\/product\/87278"}],"collection":[{"href":"https:\/\/bobimarket.pl\/index.php\/wp-json\/wp\/v2\/product"}],"about":[{"href":"https:\/\/bobimarket.pl\/index.php\/wp-json\/wp\/v2\/types\/product"}],"wp:featuredmedia":[{"embeddable":true,"href":"https:\/\/bobimarket.pl\/index.php\/wp-json\/wp\/v2\/media\/87272"}],"wp:attachment":[{"href":"https:\/\/bobimarket.pl\/index.php\/wp-json\/wp\/v2\/media?parent=87278"}],"wp:term":[{"taxonomy":"product_cat","embeddable":true,"href":"https:\/\/bobimarket.pl\/index.php\/wp-json\/wp\/v2\/product_cat?post=87278"},{"taxonomy":"product_tag","embeddable":true,"href":"https:\/\/bobimarket.pl\/index.php\/wp-json\/wp\/v2\/product_tag?post=87278"}],"curies":[{"name":"wp","href":"https:\/\/api.w.org\/{rel}","templated":true}]}}