{"id":87308,"date":"2023-08-30T00:53:00","date_gmt":"2023-08-30T00:53:00","guid":{"rendered":"https:\/\/bobimarket.pl\/index.php\/produkt\/owies-wielkanocny-nasiona-kielki-na-swiata-bez-gmo\/"},"modified":"2025-02-27T14:56:30","modified_gmt":"2025-02-27T14:56:30","slug":"owies-wielkanocny-nasiona-kielki-na-swiata-bez-gmo","status":"publish","type":"product","link":"https:\/\/bobimarket.pl\/index.php\/produkt\/owies-wielkanocny-nasiona-kielki-na-swiata-bez-gmo\/","title":{"rendered":"OWIES WIELKANOCNY NASIONA KIE\u0141KI NA \u015aWI\u0104TA BEZ GMO"},"content":{"rendered":"<section class=\"section\">\n<div class=\"item item-12\">\n<section class=\"text-item\">\n<h2>OWIES WIELKANOCNY NASIONA KIE\u0141KI NA \u015aWI\u0104TA BEZ GMO<\/h2>\n<p>Opakowanie owsu wielkanocnego o wadze 10g. Ozdobny owies stanowi <b>doskona\u0142a dekoracj\u0119 wielkanocnego sto\u0142u<\/b>.<\/p>\n<p>W ci\u0105gu <b>8-12 dni uro\u015bnie do wysoko\u015bci ok. 10 cm.<\/b> Utrzyma si\u0119 tak oko\u0142o dwa tygodnie. Na kie\u0142ki mo\u017cna wysiewa\u0107 ca\u0142y rok.<\/p>\n<h2>NASIONA BEZ GMO OD POLSKIEGO PRODUCENTA!<\/h2>\n<\/section><\/div>\n<\/section>\n<section class=\"section\">\n<div class=\"item item-12\">\n<section class=\"image-item\">\n            <img decoding=\"async\" src=\"https:\/\/upload.cdn.baselinker.com\/products\/14476\/70a52d822a4f1757b43739e5b2a73b4a.jpg\" \/><br \/>\n        <\/section>\n<\/p><\/div>\n<\/section>\n<section class=\"section\">\n<div class=\"item item-12\">\n<section class=\"text-item\">\n<h2>Jak przygotowa\u0107 owsiane, domowe poletko ?<\/h2>\n<p>\u2705 SPOS\u00d3N NUMER 1<\/p>\n<ol>\n<li>Wyk\u0142adamy talerzyk grubsz\u0105 w<b>arstw\u0105 mocno wilgotnej gazy lub ligniny i\u00a0pokrywamy j\u0105 nasionami<\/b> (mo\u017cna je wcze\u015bniej wsypa\u0107 na jeden dzie\u0144 do szklanki z\u00a0letnia wod\u0105).<\/li>\n<li>Pilnujemy, by<b> podk\u0142ad by\u0142 stale wilgotny<\/b>. Nie mo\u017cemy te\u017c przesadzi\u0107 z\u00a0podlewaniem, bo od nadmiaru wody nasiona mog\u0105 zgni\u0107. Czas wzrostu \u2013\u00a0to 6-10 dni.<\/li>\n<li>Talerzyk s<b>tawiamy w\u00a0miejscu ciep\u0142ym<\/b>, jasnym, najlepiej w\u00a0nas\u0142onecznionym. I\u00a0obracamy w\u00a0czasie wzrostu ro\u015blin, by nie odchyli\u0142y si\u0119 w\u00a0stron\u0119 \u015bwiat\u0142a.<\/li>\n<\/ol>\n<p>\u2705 SPOS\u00d3N NUMER 1<\/p>\n<ol>\n<li>Wsiewamy owies <b>do czterech centymetr\u00f3w ziemi ogrodowej<\/b> w\u00a0p\u0142ytkiej doniczce.<\/li>\n<li>Dbamy by ziemia by\u0142a ca\u0142y czas <b>wilgotna.<\/b><\/li>\n<li>W\u00a0pomieszczeniu powinno by\u0107 stosunkowo <b>ciep\u0142o<\/b> i\u00a0tak\u017ce jak <b>najd\u0142u\u017cej jasno.<\/b><\/li>\n<li>Czas wzrostu owsa w\u00a0wersji doniczkowej wynosi\u00a0 9-12 dni. Doniczk\u0119 z\u00a0kie\u0142kuj\u0105cym owsem r\u00f3wnie\u017c <b>nale\u017cy co pewien czas obr\u00f3ci\u0107.<\/b><\/li>\n<\/ol>\n<\/section><\/div>\n<\/section>\n<section class=\"section\">\n<div class=\"item item-12\">\n<section class=\"image-item\">\n            <img decoding=\"async\" src=\"https:\/\/upload.cdn.baselinker.com\/products\/14476\/5efc181bb9890666820c6678fb016c03.jpg\" \/><br \/>\n        <\/section>\n<\/p><\/div>\n<\/section>\n<section class=\"section\">\n<div class=\"item item-12\">\n<section class=\"text-item\">\n<h2>\u2705 Kupuj\u0105c u nas zyskujesz wi\u0119cej nasion!<\/h2>\n<p>Zwr\u00f3ci\u0107 uwag\u0119 na mas\u0119 nasion w torebce! Cz\u0119sto ta\u0144sze oferty zawieraj\u0105 jedynie kilka nasion, dlatego bardziej op\u0142acalny jest zakup wi\u0119kszej masy nasion w opakowaniu, kt\u00f3re w przeliczeniu ceny i wagi mog\u0105 okaza\u0107 si\u0119 tak naprawd\u0119 ta\u0144sze!<\/p>\n<ul>\n<li>Kupuj\u0105c wi\u0119ksze opakowanie z<b> jednej paczuszki mo\u017cesz uzyska\u0107 wi\u0119ksz\u0105 liczb\u0119 rozsad<\/b>, przy mniejszym nak\u0142adzie finansowym!<\/li>\n<\/ul>\n<\/section><\/div>\n<\/section>\n<section class=\"section\">\n<div class=\"item item-12\">\n<section class=\"text-item\">\n<h1>WI\u0118KSZE OPAKOWANIE = WI\u0118CEJ NASION = LEPSZA CENA<\/h1>\n<\/section><\/div>\n<\/section>\n<section class=\"section\">\n<div class=\"item item-12\">\n<section class=\"image-item\">\n            <img decoding=\"async\" src=\"https:\/\/upload.cdn.baselinker.com\/products\/14476\/0693c3ec4be254d6fa6b475bb1766f37.jpg\" \/><br \/>\n        <\/section>\n<\/p><\/div>\n<\/section>\n<section class=\"section\">\n<div class=\"item item-12\">\n<section class=\"text-item\">\n<h1>Kup sprawdzone nasiona!<\/h1>\n<ul>\n<li>Nasiona renomowanego<b> POLSKIEGO PRODUCENTA<\/b>!<\/li>\n<li>Sklep wpisany do rejestru i podlegaj\u0105cy pod Wojew\u00f3dzki Inspektorat Ochrony Ro\u015blin i Nasiennictwa.<\/li>\n<li>Ka\u017cda torebka nasion posiada <b>PASZPORT RO\u015aLINY, <\/b>kt\u00f3ry jest gwarancj\u0105, \u017ce nasiona zosta\u0142y skontrolowane\u00a0 i s\u0105 wolne od organizm\u00f3w szkodliwych.<\/li>\n<li>Nasiona, z kt\u00f3rych wyrosn\u0105 Twoje ro\u015bliny powsta\u0142y w tradycyjnej hodowli <b>bez udzia\u0142u genetycznej modyfikacji (BEZ GMO!!! ).<\/b><\/li>\n<\/ul>\n<\/section><\/div>\n<\/section>\n<section class=\"section\">\n<div class=\"item item-12\">\n<section class=\"image-item\">\n            <img decoding=\"async\" src=\"https:\/\/upload.cdn.baselinker.com\/products\/14476\/64e5e3342f6c93456d34daa6b6539c52.png\" \/><br \/>\n        <\/section>\n<\/p><\/div>\n<\/section>\n","protected":false},"excerpt":{"rendered":"<p><\/p>\n","protected":false},"featured_media":87297,"template":"","meta":[],"product_cat":[8341],"product_tag":[],"yoast_head":"<!-- This site is optimized with the Yoast SEO plugin v21.0 - https:\/\/yoast.com\/wordpress\/plugins\/seo\/ -->\n<title>OWIES WIELKANOCNY NASIONA KIE\u0141KI NA \u015aWI\u0104TA BEZ GMO - BOBIMARKET.pl - Remontuj i urz\u0105dzaj z nami<\/title>\n<meta name=\"robots\" content=\"index, follow, max-snippet:-1, max-image-preview:large, max-video-preview:-1\" \/>\n<link rel=\"canonical\" href=\"https:\/\/bobimarket.pl\/index.php\/produkt\/owies-wielkanocny-nasiona-kielki-na-swiata-bez-gmo\/\" \/>\n<meta property=\"og:locale\" content=\"pl_PL\" \/>\n<meta property=\"og:type\" content=\"article\" \/>\n<meta property=\"og:title\" content=\"OWIES WIELKANOCNY NASIONA KIE\u0141KI NA \u015aWI\u0104TA BEZ GMO - BOBIMARKET.pl - Remontuj i urz\u0105dzaj z nami\" \/>\n<meta property=\"og:url\" content=\"https:\/\/bobimarket.pl\/index.php\/produkt\/owies-wielkanocny-nasiona-kielki-na-swiata-bez-gmo\/\" \/>\n<meta property=\"og:site_name\" content=\"BOBIMARKET.pl - Remontuj i urz\u0105dzaj z nami\" \/>\n<meta property=\"article:modified_time\" content=\"2025-02-27T14:56:30+00:00\" \/>\n<meta property=\"og:image\" content=\"https:\/\/upload.cdn.baselinker.com\/products\/14476\/70a52d822a4f1757b43739e5b2a73b4a.jpg\" \/>\n<meta name=\"twitter:card\" content=\"summary_large_image\" \/>\n<meta name=\"twitter:label1\" content=\"Szacowany czas czytania\" \/>\n\t<meta name=\"twitter:data1\" content=\"2 minuty\" \/>\n<script type=\"application\/ld+json\" class=\"yoast-schema-graph\">{\"@context\":\"https:\/\/schema.org\",\"@graph\":[{\"@type\":\"WebPage\",\"@id\":\"https:\/\/bobimarket.pl\/index.php\/produkt\/owies-wielkanocny-nasiona-kielki-na-swiata-bez-gmo\/\",\"url\":\"https:\/\/bobimarket.pl\/index.php\/produkt\/owies-wielkanocny-nasiona-kielki-na-swiata-bez-gmo\/\",\"name\":\"OWIES WIELKANOCNY NASIONA KIE\u0141KI NA \u015aWI\u0104TA BEZ GMO - BOBIMARKET.pl - Remontuj i urz\u0105dzaj z nami\",\"isPartOf\":{\"@id\":\"https:\/\/bobimarket.pl\/#website\"},\"datePublished\":\"2023-08-30T00:53:00+00:00\",\"dateModified\":\"2025-02-27T14:56:30+00:00\",\"breadcrumb\":{\"@id\":\"https:\/\/bobimarket.pl\/index.php\/produkt\/owies-wielkanocny-nasiona-kielki-na-swiata-bez-gmo\/#breadcrumb\"},\"inLanguage\":\"pl-PL\",\"potentialAction\":[{\"@type\":\"ReadAction\",\"target\":[\"https:\/\/bobimarket.pl\/index.php\/produkt\/owies-wielkanocny-nasiona-kielki-na-swiata-bez-gmo\/\"]}]},{\"@type\":\"BreadcrumbList\",\"@id\":\"https:\/\/bobimarket.pl\/index.php\/produkt\/owies-wielkanocny-nasiona-kielki-na-swiata-bez-gmo\/#breadcrumb\",\"itemListElement\":[{\"@type\":\"ListItem\",\"position\":1,\"name\":\"Strona g\u0142\u00f3wna\",\"item\":\"https:\/\/bobimarket.pl\/\"},{\"@type\":\"ListItem\",\"position\":2,\"name\":\"Sklep\",\"item\":\"https:\/\/bobimarket.pl\/index.php\/shop\/\"},{\"@type\":\"ListItem\",\"position\":3,\"name\":\"OWIES WIELKANOCNY NASIONA KIE\u0141KI NA \u015aWI\u0104TA BEZ GMO\"}]},{\"@type\":\"WebSite\",\"@id\":\"https:\/\/bobimarket.pl\/#website\",\"url\":\"https:\/\/bobimarket.pl\/\",\"name\":\"BOBIMARKET.pl - Remontuj i urz\u0105dzaj z nami\",\"description\":\"Remontuj i urz\u0105dzaj z nami\",\"publisher\":{\"@id\":\"https:\/\/bobimarket.pl\/#organization\"},\"potentialAction\":[{\"@type\":\"SearchAction\",\"target\":{\"@type\":\"EntryPoint\",\"urlTemplate\":\"https:\/\/bobimarket.pl\/?s={search_term_string}\"},\"query-input\":\"required name=search_term_string\"}],\"inLanguage\":\"pl-PL\"},{\"@type\":\"Organization\",\"@id\":\"https:\/\/bobimarket.pl\/#organization\",\"name\":\"BOBIMARKET.pl\",\"url\":\"https:\/\/bobimarket.pl\/\",\"logo\":{\"@type\":\"ImageObject\",\"inLanguage\":\"pl-PL\",\"@id\":\"https:\/\/bobimarket.pl\/#\/schema\/logo\/image\/\",\"url\":\"https:\/\/bobimarket.pl\/wp-content\/uploads\/2021\/11\/slogan.png\",\"contentUrl\":\"https:\/\/bobimarket.pl\/wp-content\/uploads\/2021\/11\/slogan.png\",\"width\":2000,\"height\":384,\"caption\":\"BOBIMARKET.pl\"},\"image\":{\"@id\":\"https:\/\/bobimarket.pl\/#\/schema\/logo\/image\/\"}}]}<\/script>\n<!-- \/ Yoast SEO plugin. -->","yoast_head_json":{"title":"OWIES WIELKANOCNY NASIONA KIE\u0141KI NA \u015aWI\u0104TA BEZ GMO - BOBIMARKET.pl - Remontuj i urz\u0105dzaj z nami","robots":{"index":"index","follow":"follow","max-snippet":"max-snippet:-1","max-image-preview":"max-image-preview:large","max-video-preview":"max-video-preview:-1"},"canonical":"https:\/\/bobimarket.pl\/index.php\/produkt\/owies-wielkanocny-nasiona-kielki-na-swiata-bez-gmo\/","og_locale":"pl_PL","og_type":"article","og_title":"OWIES WIELKANOCNY NASIONA KIE\u0141KI NA \u015aWI\u0104TA BEZ GMO - BOBIMARKET.pl - Remontuj i urz\u0105dzaj z nami","og_url":"https:\/\/bobimarket.pl\/index.php\/produkt\/owies-wielkanocny-nasiona-kielki-na-swiata-bez-gmo\/","og_site_name":"BOBIMARKET.pl - Remontuj i urz\u0105dzaj z nami","article_modified_time":"2025-02-27T14:56:30+00:00","og_image":[{"url":"https:\/\/upload.cdn.baselinker.com\/products\/14476\/70a52d822a4f1757b43739e5b2a73b4a.jpg"}],"twitter_card":"summary_large_image","twitter_misc":{"Szacowany czas czytania":"2 minuty"},"schema":{"@context":"https:\/\/schema.org","@graph":[{"@type":"WebPage","@id":"https:\/\/bobimarket.pl\/index.php\/produkt\/owies-wielkanocny-nasiona-kielki-na-swiata-bez-gmo\/","url":"https:\/\/bobimarket.pl\/index.php\/produkt\/owies-wielkanocny-nasiona-kielki-na-swiata-bez-gmo\/","name":"OWIES WIELKANOCNY NASIONA KIE\u0141KI NA \u015aWI\u0104TA BEZ GMO - BOBIMARKET.pl - Remontuj i urz\u0105dzaj z nami","isPartOf":{"@id":"https:\/\/bobimarket.pl\/#website"},"datePublished":"2023-08-30T00:53:00+00:00","dateModified":"2025-02-27T14:56:30+00:00","breadcrumb":{"@id":"https:\/\/bobimarket.pl\/index.php\/produkt\/owies-wielkanocny-nasiona-kielki-na-swiata-bez-gmo\/#breadcrumb"},"inLanguage":"pl-PL","potentialAction":[{"@type":"ReadAction","target":["https:\/\/bobimarket.pl\/index.php\/produkt\/owies-wielkanocny-nasiona-kielki-na-swiata-bez-gmo\/"]}]},{"@type":"BreadcrumbList","@id":"https:\/\/bobimarket.pl\/index.php\/produkt\/owies-wielkanocny-nasiona-kielki-na-swiata-bez-gmo\/#breadcrumb","itemListElement":[{"@type":"ListItem","position":1,"name":"Strona g\u0142\u00f3wna","item":"https:\/\/bobimarket.pl\/"},{"@type":"ListItem","position":2,"name":"Sklep","item":"https:\/\/bobimarket.pl\/index.php\/shop\/"},{"@type":"ListItem","position":3,"name":"OWIES WIELKANOCNY NASIONA KIE\u0141KI NA \u015aWI\u0104TA BEZ GMO"}]},{"@type":"WebSite","@id":"https:\/\/bobimarket.pl\/#website","url":"https:\/\/bobimarket.pl\/","name":"BOBIMARKET.pl - Remontuj i urz\u0105dzaj z nami","description":"Remontuj i urz\u0105dzaj z nami","publisher":{"@id":"https:\/\/bobimarket.pl\/#organization"},"potentialAction":[{"@type":"SearchAction","target":{"@type":"EntryPoint","urlTemplate":"https:\/\/bobimarket.pl\/?s={search_term_string}"},"query-input":"required name=search_term_string"}],"inLanguage":"pl-PL"},{"@type":"Organization","@id":"https:\/\/bobimarket.pl\/#organization","name":"BOBIMARKET.pl","url":"https:\/\/bobimarket.pl\/","logo":{"@type":"ImageObject","inLanguage":"pl-PL","@id":"https:\/\/bobimarket.pl\/#\/schema\/logo\/image\/","url":"https:\/\/bobimarket.pl\/wp-content\/uploads\/2021\/11\/slogan.png","contentUrl":"https:\/\/bobimarket.pl\/wp-content\/uploads\/2021\/11\/slogan.png","width":2000,"height":384,"caption":"BOBIMARKET.pl"},"image":{"@id":"https:\/\/bobimarket.pl\/#\/schema\/logo\/image\/"}}]}},"_links":{"self":[{"href":"https:\/\/bobimarket.pl\/index.php\/wp-json\/wp\/v2\/product\/87308"}],"collection":[{"href":"https:\/\/bobimarket.pl\/index.php\/wp-json\/wp\/v2\/product"}],"about":[{"href":"https:\/\/bobimarket.pl\/index.php\/wp-json\/wp\/v2\/types\/product"}],"wp:featuredmedia":[{"embeddable":true,"href":"https:\/\/bobimarket.pl\/index.php\/wp-json\/wp\/v2\/media\/87297"}],"wp:attachment":[{"href":"https:\/\/bobimarket.pl\/index.php\/wp-json\/wp\/v2\/media?parent=87308"}],"wp:term":[{"taxonomy":"product_cat","embeddable":true,"href":"https:\/\/bobimarket.pl\/index.php\/wp-json\/wp\/v2\/product_cat?post=87308"},{"taxonomy":"product_tag","embeddable":true,"href":"https:\/\/bobimarket.pl\/index.php\/wp-json\/wp\/v2\/product_tag?post=87308"}],"curies":[{"name":"wp","href":"https:\/\/api.w.org\/{rel}","templated":true}]}}