{"id":87455,"date":"2023-08-30T01:01:41","date_gmt":"2023-08-30T01:01:41","guid":{"rendered":"https:\/\/bobimarket.pl\/index.php\/produkt\/pedzel-angielski-malarski-50mm-uniwersalny-10-szt\/"},"modified":"2025-02-27T14:57:21","modified_gmt":"2025-02-27T14:57:21","slug":"pedzel-angielski-malarski-50mm-uniwersalny-10-szt","status":"publish","type":"product","link":"https:\/\/bobimarket.pl\/index.php\/produkt\/pedzel-angielski-malarski-50mm-uniwersalny-10-szt\/","title":{"rendered":"P\u0118DZEL ANGIELSKI MALARSKI 50MM UNIWERSALNY 10 szt."},"content":{"rendered":"<section class=\"section\">\n<div class=\"item item-6\">\n<section class=\"image-item\">\n            <img decoding=\"async\" src=\"https:\/\/upload.cdn.baselinker.com\/products\/14476\/04ec9d3ce05f06f0b7892247bb3061c2.jpg\" \/><br \/>\n        <\/section>\n<\/p><\/div>\n<div class=\"item item-6\">\n<section class=\"text-item\">\n<h2>P\u0118DZEL ANGIELSKI MALARSKI 50MM UNIWERSALNY 10 szt.<\/h2>\n<ul>\n<li>Rozmiar:<b> 50 mm x 14 mm<\/b><\/li>\n<li>Uchwyt: <b>drewniany<\/b><\/li>\n<li>W\u0142osie: <b>g\u0119ste, naturalna szczecina<\/b><\/li>\n<li>PRODUKT POLSKI<\/li>\n<\/ul>\n<h2>AUKCJA DOTYCZY 10 SZTUK!<\/h2>\n<p>Uniwersalny p\u0119dzel angielski 50 mm. Posiada por\u0119czn\u0105 drewnian\u0105 r\u0105czk\u0119 oraz <b>g\u0119ste w\u0142osie<\/b>, kt\u00f3re wyprodukowano <b>z naturalnej szczeciny<\/b>. P\u0119dzel wyprodukowano w Polsce.<\/p>\n<\/section><\/div>\n<\/section>\n<section class=\"section\">\n<div class=\"item item-6\">\n<section class=\"image-item\">\n            <img decoding=\"async\" src=\"https:\/\/upload.cdn.baselinker.com\/products\/14476\/669f9125b1255f1ffa78f682b9895f0e.jpg\" \/><br \/>\n        <\/section>\n<\/p><\/div>\n<div class=\"item item-6\">\n<section class=\"text-item\">\n<p><b>\u2705 ZASTOSOWANIE:<\/b><\/p>\n<p>P\u0119dzel ma <b>uniwersalne<\/b> zastosowanie. Produkt jest przystosowany do aplikacji wszystkich rodzaj\u00f3w farb.<\/p>\n<ul>\n<li>P\u0119dzel angielski charakteryzuje si\u0119 w\u0105skim w\u0142osiem, z powodzeniem mo\u017ce s\u0142u\u017cy\u0107\u00a0 <b>do precyzyjnego nak\u0142adania farb i lakier\u00f3w<\/b> na r\u00f3\u017cnych powierzchniach.<\/li>\n<li>Sprz\u0105tanie po zako\u0144czeniu prac przebiega komfortowo, poniewa\u017c mo\u017cna go czy\u015bci\u0107 za pomoc\u0105 rozpuszczalnik\u00f3w.<\/li>\n<\/ul>\n<p><b>Sprawd\u017a r\u00f3wnie\u017c inne p\u0119dzle dost\u0119pne w naszym sklepie.<\/b><\/p>\n<\/section><\/div>\n<\/section>\n<section class=\"section\">\n<div class=\"item item-6\">\n<section class=\"image-item\">\n            <img decoding=\"async\" src=\"https:\/\/upload.cdn.baselinker.com\/products\/14476\/9f165c0daebac5e25a158f80ac640b34.jpg\" \/><br \/>\n        <\/section>\n<\/p><\/div>\n<div class=\"item item-6\">\n<section class=\"image-item\">\n            <img decoding=\"async\" src=\"--deleted-from-11--\" \/><br \/>\n        <\/section>\n<\/p><\/div>\n<\/section>\n<section class=\"section\">\n<div class=\"item item-6\">\n<section class=\"image-item\">\n            <img decoding=\"async\" src=\"https:\/\/upload.cdn.baselinker.com\/products\/14476\/236b7680b5b64a09044d908ff5de5ab0.jpg\" \/><br \/>\n        <\/section>\n<\/p><\/div>\n<div class=\"item item-6\">\n<section class=\"image-item\">\n            <img decoding=\"async\" src=\"https:\/\/upload.cdn.baselinker.com\/products\/14476\/1a60b65aec620170ed51cac533b0a725.jpg\" \/><br \/>\n        <\/section>\n<\/p><\/div>\n<\/section>\n<section class=\"section\">\n<div class=\"item item-12\">\n<section class=\"image-item\">\n            <img decoding=\"async\" src=\"https:\/\/upload.cdn.baselinker.com\/products\/14476\/ac333a4fb1cccf8a60d341148399236c.jpg\" \/><br \/>\n        <\/section>\n<\/p><\/div>\n<\/section>\n<section class=\"section\">\n<div class=\"item item-12\">\n<section class=\"image-item\">\n            <img decoding=\"async\" src=\"https:\/\/upload.cdn.baselinker.com\/products\/14476\/c8fdec6e04838985c24750ce0f3b3d2b.jpg\" \/><br \/>\n        <\/section>\n<\/p><\/div>\n<\/section>\n","protected":false},"excerpt":{"rendered":"<p>P\u0118DZEL ANGIELSKI MALARSKI 50MM UNIWERSALNY 10 szt. Rozmiar: 50 mm x 14 mm Uchwyt: drewniany W\u0142osie: g\u0119ste, naturalna szczecina PRODUKT POLSKI AUKCJA DOTYCZY 10 SZTUK! Uniwersalny p\u0119dzel angielski 50 mm. Posiada por\u0119czn\u0105 drewnian\u0105 r\u0105czk\u0119 oraz g\u0119ste w\u0142osie, kt\u00f3re wyprodukowano z naturalnej szczeciny. P\u0119dzel wyprodukowano w Polsce. \u2705 ZASTOSOWANIE: P\u0119dzel ma uniwersalne zastosowanie. Produkt jest przystosowany<br \/><a class=\"more-link\" href=\"https:\/\/bobimarket.pl\/index.php\/produkt\/pedzel-angielski-malarski-50mm-uniwersalny-10-szt\/\"><br \/>\n        Czytaj wi\u0119cej<span class=\"screen-reader-text\"> &#8222;P\u0118DZEL ANGIELSKI MALARSKI 50MM UNIWERSALNY 10 szt.&#8221;<\/span><\/a><\/p>\n","protected":false},"featured_media":87443,"template":"","meta":[],"product_cat":[8132],"product_tag":[],"yoast_head":"<!-- This site is optimized with the Yoast SEO plugin v21.0 - https:\/\/yoast.com\/wordpress\/plugins\/seo\/ -->\n<title>P\u0118DZEL ANGIELSKI MALARSKI 50MM UNIWERSALNY 10 szt. - BOBIMARKET.pl - Remontuj i urz\u0105dzaj z nami<\/title>\n<meta name=\"robots\" content=\"index, follow, max-snippet:-1, max-image-preview:large, max-video-preview:-1\" \/>\n<link rel=\"canonical\" href=\"https:\/\/bobimarket.pl\/index.php\/produkt\/pedzel-angielski-malarski-50mm-uniwersalny-10-szt\/\" \/>\n<meta property=\"og:locale\" content=\"pl_PL\" \/>\n<meta property=\"og:type\" content=\"article\" \/>\n<meta property=\"og:title\" content=\"P\u0118DZEL ANGIELSKI MALARSKI 50MM UNIWERSALNY 10 szt. - BOBIMARKET.pl - Remontuj i urz\u0105dzaj z nami\" \/>\n<meta property=\"og:description\" content=\"P\u0118DZEL ANGIELSKI MALARSKI 50MM UNIWERSALNY 10 szt. Rozmiar: 50 mm x 14 mm Uchwyt: drewniany W\u0142osie: g\u0119ste, naturalna szczecina PRODUKT POLSKI AUKCJA DOTYCZY 10 SZTUK! Uniwersalny p\u0119dzel angielski 50 mm. Posiada por\u0119czn\u0105 drewnian\u0105 r\u0105czk\u0119 oraz g\u0119ste w\u0142osie, kt\u00f3re wyprodukowano z naturalnej szczeciny. P\u0119dzel wyprodukowano w Polsce. \u2705 ZASTOSOWANIE: P\u0119dzel ma uniwersalne zastosowanie. Produkt jest przystosowany     Czytaj wi\u0119cej &quot;P\u0118DZEL ANGIELSKI MALARSKI 50MM UNIWERSALNY 10 szt.&quot;\" \/>\n<meta property=\"og:url\" content=\"https:\/\/bobimarket.pl\/index.php\/produkt\/pedzel-angielski-malarski-50mm-uniwersalny-10-szt\/\" \/>\n<meta property=\"og:site_name\" content=\"BOBIMARKET.pl - Remontuj i urz\u0105dzaj z nami\" \/>\n<meta property=\"article:modified_time\" content=\"2025-02-27T14:57:21+00:00\" \/>\n<meta property=\"og:image\" content=\"https:\/\/upload.cdn.baselinker.com\/products\/14476\/04ec9d3ce05f06f0b7892247bb3061c2.jpg\" \/>\n<meta name=\"twitter:card\" content=\"summary_large_image\" \/>\n<meta name=\"twitter:label1\" content=\"Szacowany czas czytania\" \/>\n\t<meta name=\"twitter:data1\" content=\"1 minuta\" \/>\n<script type=\"application\/ld+json\" class=\"yoast-schema-graph\">{\"@context\":\"https:\/\/schema.org\",\"@graph\":[{\"@type\":\"WebPage\",\"@id\":\"https:\/\/bobimarket.pl\/index.php\/produkt\/pedzel-angielski-malarski-50mm-uniwersalny-10-szt\/\",\"url\":\"https:\/\/bobimarket.pl\/index.php\/produkt\/pedzel-angielski-malarski-50mm-uniwersalny-10-szt\/\",\"name\":\"P\u0118DZEL ANGIELSKI MALARSKI 50MM UNIWERSALNY 10 szt. - BOBIMARKET.pl - Remontuj i urz\u0105dzaj z nami\",\"isPartOf\":{\"@id\":\"https:\/\/bobimarket.pl\/#website\"},\"datePublished\":\"2023-08-30T01:01:41+00:00\",\"dateModified\":\"2025-02-27T14:57:21+00:00\",\"breadcrumb\":{\"@id\":\"https:\/\/bobimarket.pl\/index.php\/produkt\/pedzel-angielski-malarski-50mm-uniwersalny-10-szt\/#breadcrumb\"},\"inLanguage\":\"pl-PL\",\"potentialAction\":[{\"@type\":\"ReadAction\",\"target\":[\"https:\/\/bobimarket.pl\/index.php\/produkt\/pedzel-angielski-malarski-50mm-uniwersalny-10-szt\/\"]}]},{\"@type\":\"BreadcrumbList\",\"@id\":\"https:\/\/bobimarket.pl\/index.php\/produkt\/pedzel-angielski-malarski-50mm-uniwersalny-10-szt\/#breadcrumb\",\"itemListElement\":[{\"@type\":\"ListItem\",\"position\":1,\"name\":\"Strona g\u0142\u00f3wna\",\"item\":\"https:\/\/bobimarket.pl\/\"},{\"@type\":\"ListItem\",\"position\":2,\"name\":\"Sklep\",\"item\":\"https:\/\/bobimarket.pl\/index.php\/shop\/\"},{\"@type\":\"ListItem\",\"position\":3,\"name\":\"P\u0118DZEL ANGIELSKI MALARSKI 50MM UNIWERSALNY 10 szt.\"}]},{\"@type\":\"WebSite\",\"@id\":\"https:\/\/bobimarket.pl\/#website\",\"url\":\"https:\/\/bobimarket.pl\/\",\"name\":\"BOBIMARKET.pl - Remontuj i urz\u0105dzaj z nami\",\"description\":\"Remontuj i urz\u0105dzaj z nami\",\"publisher\":{\"@id\":\"https:\/\/bobimarket.pl\/#organization\"},\"potentialAction\":[{\"@type\":\"SearchAction\",\"target\":{\"@type\":\"EntryPoint\",\"urlTemplate\":\"https:\/\/bobimarket.pl\/?s={search_term_string}\"},\"query-input\":\"required name=search_term_string\"}],\"inLanguage\":\"pl-PL\"},{\"@type\":\"Organization\",\"@id\":\"https:\/\/bobimarket.pl\/#organization\",\"name\":\"BOBIMARKET.pl\",\"url\":\"https:\/\/bobimarket.pl\/\",\"logo\":{\"@type\":\"ImageObject\",\"inLanguage\":\"pl-PL\",\"@id\":\"https:\/\/bobimarket.pl\/#\/schema\/logo\/image\/\",\"url\":\"https:\/\/bobimarket.pl\/wp-content\/uploads\/2021\/11\/slogan.png\",\"contentUrl\":\"https:\/\/bobimarket.pl\/wp-content\/uploads\/2021\/11\/slogan.png\",\"width\":2000,\"height\":384,\"caption\":\"BOBIMARKET.pl\"},\"image\":{\"@id\":\"https:\/\/bobimarket.pl\/#\/schema\/logo\/image\/\"}}]}<\/script>\n<!-- \/ Yoast SEO plugin. -->","yoast_head_json":{"title":"P\u0118DZEL ANGIELSKI MALARSKI 50MM UNIWERSALNY 10 szt. - BOBIMARKET.pl - Remontuj i urz\u0105dzaj z nami","robots":{"index":"index","follow":"follow","max-snippet":"max-snippet:-1","max-image-preview":"max-image-preview:large","max-video-preview":"max-video-preview:-1"},"canonical":"https:\/\/bobimarket.pl\/index.php\/produkt\/pedzel-angielski-malarski-50mm-uniwersalny-10-szt\/","og_locale":"pl_PL","og_type":"article","og_title":"P\u0118DZEL ANGIELSKI MALARSKI 50MM UNIWERSALNY 10 szt. - BOBIMARKET.pl - Remontuj i urz\u0105dzaj z nami","og_description":"P\u0118DZEL ANGIELSKI MALARSKI 50MM UNIWERSALNY 10 szt. Rozmiar: 50 mm x 14 mm Uchwyt: drewniany W\u0142osie: g\u0119ste, naturalna szczecina PRODUKT POLSKI AUKCJA DOTYCZY 10 SZTUK! Uniwersalny p\u0119dzel angielski 50 mm. Posiada por\u0119czn\u0105 drewnian\u0105 r\u0105czk\u0119 oraz g\u0119ste w\u0142osie, kt\u00f3re wyprodukowano z naturalnej szczeciny. P\u0119dzel wyprodukowano w Polsce. \u2705 ZASTOSOWANIE: P\u0119dzel ma uniwersalne zastosowanie. Produkt jest przystosowany     Czytaj wi\u0119cej \"P\u0118DZEL ANGIELSKI MALARSKI 50MM UNIWERSALNY 10 szt.\"","og_url":"https:\/\/bobimarket.pl\/index.php\/produkt\/pedzel-angielski-malarski-50mm-uniwersalny-10-szt\/","og_site_name":"BOBIMARKET.pl - Remontuj i urz\u0105dzaj z nami","article_modified_time":"2025-02-27T14:57:21+00:00","og_image":[{"url":"https:\/\/upload.cdn.baselinker.com\/products\/14476\/04ec9d3ce05f06f0b7892247bb3061c2.jpg"}],"twitter_card":"summary_large_image","twitter_misc":{"Szacowany czas czytania":"1 minuta"},"schema":{"@context":"https:\/\/schema.org","@graph":[{"@type":"WebPage","@id":"https:\/\/bobimarket.pl\/index.php\/produkt\/pedzel-angielski-malarski-50mm-uniwersalny-10-szt\/","url":"https:\/\/bobimarket.pl\/index.php\/produkt\/pedzel-angielski-malarski-50mm-uniwersalny-10-szt\/","name":"P\u0118DZEL ANGIELSKI MALARSKI 50MM UNIWERSALNY 10 szt. - BOBIMARKET.pl - Remontuj i urz\u0105dzaj z nami","isPartOf":{"@id":"https:\/\/bobimarket.pl\/#website"},"datePublished":"2023-08-30T01:01:41+00:00","dateModified":"2025-02-27T14:57:21+00:00","breadcrumb":{"@id":"https:\/\/bobimarket.pl\/index.php\/produkt\/pedzel-angielski-malarski-50mm-uniwersalny-10-szt\/#breadcrumb"},"inLanguage":"pl-PL","potentialAction":[{"@type":"ReadAction","target":["https:\/\/bobimarket.pl\/index.php\/produkt\/pedzel-angielski-malarski-50mm-uniwersalny-10-szt\/"]}]},{"@type":"BreadcrumbList","@id":"https:\/\/bobimarket.pl\/index.php\/produkt\/pedzel-angielski-malarski-50mm-uniwersalny-10-szt\/#breadcrumb","itemListElement":[{"@type":"ListItem","position":1,"name":"Strona g\u0142\u00f3wna","item":"https:\/\/bobimarket.pl\/"},{"@type":"ListItem","position":2,"name":"Sklep","item":"https:\/\/bobimarket.pl\/index.php\/shop\/"},{"@type":"ListItem","position":3,"name":"P\u0118DZEL ANGIELSKI MALARSKI 50MM UNIWERSALNY 10 szt."}]},{"@type":"WebSite","@id":"https:\/\/bobimarket.pl\/#website","url":"https:\/\/bobimarket.pl\/","name":"BOBIMARKET.pl - Remontuj i urz\u0105dzaj z nami","description":"Remontuj i urz\u0105dzaj z nami","publisher":{"@id":"https:\/\/bobimarket.pl\/#organization"},"potentialAction":[{"@type":"SearchAction","target":{"@type":"EntryPoint","urlTemplate":"https:\/\/bobimarket.pl\/?s={search_term_string}"},"query-input":"required name=search_term_string"}],"inLanguage":"pl-PL"},{"@type":"Organization","@id":"https:\/\/bobimarket.pl\/#organization","name":"BOBIMARKET.pl","url":"https:\/\/bobimarket.pl\/","logo":{"@type":"ImageObject","inLanguage":"pl-PL","@id":"https:\/\/bobimarket.pl\/#\/schema\/logo\/image\/","url":"https:\/\/bobimarket.pl\/wp-content\/uploads\/2021\/11\/slogan.png","contentUrl":"https:\/\/bobimarket.pl\/wp-content\/uploads\/2021\/11\/slogan.png","width":2000,"height":384,"caption":"BOBIMARKET.pl"},"image":{"@id":"https:\/\/bobimarket.pl\/#\/schema\/logo\/image\/"}}]}},"_links":{"self":[{"href":"https:\/\/bobimarket.pl\/index.php\/wp-json\/wp\/v2\/product\/87455"}],"collection":[{"href":"https:\/\/bobimarket.pl\/index.php\/wp-json\/wp\/v2\/product"}],"about":[{"href":"https:\/\/bobimarket.pl\/index.php\/wp-json\/wp\/v2\/types\/product"}],"wp:featuredmedia":[{"embeddable":true,"href":"https:\/\/bobimarket.pl\/index.php\/wp-json\/wp\/v2\/media\/87443"}],"wp:attachment":[{"href":"https:\/\/bobimarket.pl\/index.php\/wp-json\/wp\/v2\/media?parent=87455"}],"wp:term":[{"taxonomy":"product_cat","embeddable":true,"href":"https:\/\/bobimarket.pl\/index.php\/wp-json\/wp\/v2\/product_cat?post=87455"},{"taxonomy":"product_tag","embeddable":true,"href":"https:\/\/bobimarket.pl\/index.php\/wp-json\/wp\/v2\/product_tag?post=87455"}],"curies":[{"name":"wp","href":"https:\/\/api.w.org\/{rel}","templated":true}]}}