{"id":87670,"date":"2023-08-30T01:13:45","date_gmt":"2023-08-30T01:13:45","guid":{"rendered":"https:\/\/bobimarket.pl\/index.php\/produkt\/fasola-mung-nasiona-na-kielki-bez-gmo-50g\/"},"modified":"2025-02-27T14:58:54","modified_gmt":"2025-02-27T14:58:54","slug":"fasola-mung-nasiona-na-kielki-bez-gmo-50g","status":"publish","type":"product","link":"https:\/\/bobimarket.pl\/index.php\/produkt\/fasola-mung-nasiona-na-kielki-bez-gmo-50g\/","title":{"rendered":"FASOLA MUNG NASIONA NA KIE\u0141KI BEZ GMO 50g"},"content":{"rendered":"<section class=\"section\">\n<div class=\"item item-12\">\n<section class=\"text-item\">\n<h1>FASOLA MUNG NASIONA NA KIE\u0141KI BIA\u0141KO BEZ GMO 20g<\/h1>\n<p><b>Informacje og\u00f3lne:<\/b><\/p>\n<ul>\n<li>Gatunek: <b>fasola MUNG<\/b><\/li>\n<li>Gramatura:<b> 20g<\/b><\/li>\n<li>Wymiary torebki: <b>11,5 x 16,0 cm<\/b><\/li>\n<\/ul>\n<h2>\u2705 3 kroki do domowych kie\u0142k\u00f3w \u2705<\/h2>\n<ol>\n<li><b>Wybierz naczynie<\/b> do uprawy kie\u0142k\u00f3w. Najpopularniejsze z nich to s\u0142oik, talerz, sito, worek lniany lub kie\u0142kownica.<\/li>\n<li><b>Wyp\u0142ucz i namocz nasiona<\/b> i umie\u015b\u0107 nasiona w wybranym wcze\u015bniej naczyniu.<\/li>\n<li><b>Dbaj o swoje kie\u0142ki.<\/b> Podlewaj je, odprowadzaj nadmiar wody i zapewnij dost\u0119p \u015bwie\u017cego powietrza kie\u0142kuj\u0105cym nasionom<\/li>\n<\/ol>\n<\/section><\/div>\n<\/section>\n<section class=\"section\">\n<div class=\"item item-12\">\n<section class=\"image-item\">\n            <img decoding=\"async\" src=\"https:\/\/upload.cdn.baselinker.com\/products\/14476\/a2945c6362826e507267bb12b1b994ba.jpg\" \/><br \/>\n        <\/section>\n<\/p><\/div>\n<\/section>\n<section class=\"section\">\n<div class=\"item item-12\">\n<section class=\"text-item\">\n<h2>KIE\u0141KI FASOLI MUNG<\/h2>\n<p>Kie\u0142ki fasoli MUNG s\u0105 bardzo <b>smaczne i aromatyczne<\/b>. Do spo\u017cycia na surowo, jak i po obr\u00f3bce termicznej. Odznaczaj\u0105 si\u0119 wysok\u0105 zawarto\u015bci\u0105 \u0142atwo przyswajalnego bia\u0142ka. Maj\u0105 <b>w\u0142a\u015bciwo\u015bci przeciwutleniaj\u0105c<\/b>e, poniewa\u017c bogate s\u0105 w zwi\u0105zki fenolowe i karoten.<\/p>\n<p>\u2705 Zawieraj\u0105 tak\u017ce witaminy: A, B1, B2, B3, B5, B6, C, E, K<\/p>\n<p>\u2705 Bogate w sk\u0142adniki mineralne: wap\u0144, magnez, fosfor, \u017celazo, potas, cynk, jod, mangan, lit, selen, mied\u017a, fosfor.<\/p>\n<\/section><\/div>\n<\/section>\n<section class=\"section\">\n<div class=\"item item-12\">\n<section class=\"image-item\">\n            <img decoding=\"async\" src=\"https:\/\/upload.cdn.baselinker.com\/products\/14476\/43afbe69e32417c97bcfaf1187270861.jpg\" \/><br \/>\n        <\/section>\n<\/p><\/div>\n<\/section>\n<section class=\"section\">\n<div class=\"item item-12\">\n<section class=\"text-item\">\n<h2>\u2705 Kupuj\u0105c u nas zyskujesz wi\u0119cej nasion!<\/h2>\n<p>Zwr\u00f3ci\u0107 uwag\u0119 na mas\u0119 nasion w torebce! Cz\u0119sto ta\u0144sze oferty zawieraj\u0105 jedynie kilka nasion, dlatego bardziej op\u0142acalny jest zakup wi\u0119kszej masy nasion w opakowaniu, kt\u00f3re w przeliczeniu ceny i wagi mog\u0105 okaza\u0107 si\u0119 tak naprawd\u0119 ta\u0144sze!<\/p>\n<ul>\n<li>Kupuj\u0105c wi\u0119ksze opakowanie z<b> jednej paczuszki mo\u017cesz uzyska\u0107 wi\u0119ksz\u0105 liczb\u0119 rozsad<\/b>, przy mniejszym nak\u0142adzie finansowym!<\/li>\n<\/ul>\n<\/section><\/div>\n<\/section>\n<section class=\"section\">\n<div class=\"item item-12\">\n<section class=\"text-item\">\n<h1>WI\u0118KSZE OPAKOWANIE = WI\u0118CEJ NASION = LEPSZA CENA<\/h1>\n<\/section><\/div>\n<\/section>\n<section class=\"section\">\n<div class=\"item item-12\">\n<section class=\"image-item\">\n            <img decoding=\"async\" src=\"https:\/\/upload.cdn.baselinker.com\/products\/14476\/5911ec9dadf3df6523c3874c987cd96a.jpg\" \/><br \/>\n        <\/section>\n<\/p><\/div>\n<\/section>\n<section class=\"section\">\n<div class=\"item item-12\">\n<section class=\"text-item\">\n<h1>Kup sprawdzone nasiona!<\/h1>\n<ul>\n<li>Nasiona renomowanego<b> POLSKIEGO PRODUCENTA<\/b>!<\/li>\n<li>Ka\u017cda torebka nasion poddana restrykcyjnym kontrolom, posiada numer partii produktu oraz dat\u0119 wa\u017cno\u015bci. Gwarancja <b>jako\u015b\u0107 i oryginalno\u015b\u0107 nasion.<\/b><\/li>\n<li>Nasiona, z kt\u00f3rym wyrosn\u0105 Twoje warzywa powsta\u0142y w tradycyjnej hodowli <b>bez udzia\u0142u genetycznej modyfikacji (BEZ GMO!!! ).<\/b><\/li>\n<li>Sklep wpisany do rejestru i podlegaj\u0105cy pod Wojew\u00f3dzki Inspektorat Ochrony Ro\u015blin i Nasiennictwa.<\/li>\n<\/ul>\n<\/section><\/div>\n<\/section>\n<section class=\"section\">\n<div class=\"item item-12\">\n<section class=\"image-item\">\n            <img decoding=\"async\" src=\"https:\/\/upload.cdn.baselinker.com\/products\/14476\/4514a2e3b9c4f57800c420444924ac02.png\" \/><br \/>\n        <\/section>\n<\/p><\/div>\n<\/section>\n<section class=\"section\">\n<div class=\"item item-12\">\n<section class=\"text-item\">\n<h1>Zacznij zabaw\u0119 z\u00a0kie\u0142kowaniem!<\/h1>\n<p>\u2705 <b>Wyhoduj w\u0142asne kie\u0142ki<\/b>, kt\u00f3re b\u0119d\u0105 zdrowe, smaczne \u00a0i ekologiczne. Urozmai\u0107 swoj\u0105 diet\u0119 w kie\u0142ki, kt\u00f3re b\u0119d\u0105 \u017ar\u00f3d\u0142em wielu witamin i innych sk\u0142adnik\u00f3w od\u017cywczych.<\/p>\n<p>\u2705 Samodzielna uprawa to<b> gwarancja, \u017ce kie\u0142ki b\u0119d\u0105 zdrowe<\/b>, nie b\u0119d\u0105 zawiera\u0142y pestycyd\u00f3w ani innych szkodliwych zwi\u0105zk\u00f3w chemicznych.<\/p>\n<p>\u2705<b> \u0141atwe w uprawie.<\/b> Wszystko czego potrzebujesz do\u00a0uprawy kie\u0142k\u00f3w to: nasiona, woda, \u015bwiat\u0142o, powietrze i\u00a0odpowiednie miejsce.<\/p>\n<\/section><\/div>\n<\/section>\n<section class=\"section\">\n<div class=\"item item-12\">\n<section class=\"image-item\">\n            <img decoding=\"async\" src=\"https:\/\/upload.cdn.baselinker.com\/products\/14476\/cb6a9f2aad6fddd2ba9841d5f6e31300.jpg\" \/><br \/>\n        <\/section>\n<\/p><\/div>\n<\/section>\n","protected":false},"excerpt":{"rendered":"<p>FASOLA MUNG NASIONA NA KIE\u0141KI BIA\u0141KO BEZ GMO 20g Informacje og\u00f3lne: Gatunek: fasola MUNG Gramatura: 20g Wymiary torebki: 11,5 x 16,0 cm \u2705 3 kroki do domowych kie\u0142k\u00f3w \u2705 Wybierz naczynie do uprawy kie\u0142k\u00f3w. Najpopularniejsze z nich to s\u0142oik, talerz, sito, worek lniany lub kie\u0142kownica. Wyp\u0142ucz i namocz nasiona i umie\u015b\u0107 nasiona w wybranym wcze\u015bniej<br \/><a class=\"more-link\" href=\"https:\/\/bobimarket.pl\/index.php\/produkt\/fasola-mung-nasiona-na-kielki-bez-gmo-50g\/\"><br \/>\n        Czytaj wi\u0119cej<span class=\"screen-reader-text\"> &#8222;FASOLA MUNG NASIONA NA KIE\u0141KI BEZ GMO 50g&#8221;<\/span><\/a><\/p>\n","protected":false},"featured_media":87661,"template":"","meta":[],"product_cat":[8341],"product_tag":[],"yoast_head":"<!-- This site is optimized with the Yoast SEO plugin v21.0 - https:\/\/yoast.com\/wordpress\/plugins\/seo\/ -->\n<title>FASOLA MUNG NASIONA NA KIE\u0141KI BEZ GMO 50g - BOBIMARKET.pl - Remontuj i urz\u0105dzaj z nami<\/title>\n<meta name=\"robots\" content=\"index, follow, max-snippet:-1, max-image-preview:large, max-video-preview:-1\" \/>\n<link rel=\"canonical\" href=\"https:\/\/bobimarket.pl\/index.php\/produkt\/fasola-mung-nasiona-na-kielki-bez-gmo-50g\/\" \/>\n<meta property=\"og:locale\" content=\"pl_PL\" \/>\n<meta property=\"og:type\" content=\"article\" \/>\n<meta property=\"og:title\" content=\"FASOLA MUNG NASIONA NA KIE\u0141KI BEZ GMO 50g - BOBIMARKET.pl - Remontuj i urz\u0105dzaj z nami\" \/>\n<meta property=\"og:description\" content=\"FASOLA MUNG NASIONA NA KIE\u0141KI BIA\u0141KO BEZ GMO 20g Informacje og\u00f3lne: Gatunek: fasola MUNG Gramatura: 20g Wymiary torebki: 11,5 x 16,0 cm \u2705 3 kroki do domowych kie\u0142k\u00f3w \u2705 Wybierz naczynie do uprawy kie\u0142k\u00f3w. Najpopularniejsze z nich to s\u0142oik, talerz, sito, worek lniany lub kie\u0142kownica. Wyp\u0142ucz i namocz nasiona i umie\u015b\u0107 nasiona w wybranym wcze\u015bniej     Czytaj wi\u0119cej &quot;FASOLA MUNG NASIONA NA KIE\u0141KI BEZ GMO 50g&quot;\" \/>\n<meta property=\"og:url\" content=\"https:\/\/bobimarket.pl\/index.php\/produkt\/fasola-mung-nasiona-na-kielki-bez-gmo-50g\/\" \/>\n<meta property=\"og:site_name\" content=\"BOBIMARKET.pl - Remontuj i urz\u0105dzaj z nami\" \/>\n<meta property=\"article:modified_time\" content=\"2025-02-27T14:58:54+00:00\" \/>\n<meta property=\"og:image\" content=\"https:\/\/upload.cdn.baselinker.com\/products\/14476\/a2945c6362826e507267bb12b1b994ba.jpg\" \/>\n<meta name=\"twitter:card\" content=\"summary_large_image\" \/>\n<meta name=\"twitter:label1\" content=\"Szacowany czas czytania\" \/>\n\t<meta name=\"twitter:data1\" content=\"2 minuty\" \/>\n<script type=\"application\/ld+json\" class=\"yoast-schema-graph\">{\"@context\":\"https:\/\/schema.org\",\"@graph\":[{\"@type\":\"WebPage\",\"@id\":\"https:\/\/bobimarket.pl\/index.php\/produkt\/fasola-mung-nasiona-na-kielki-bez-gmo-50g\/\",\"url\":\"https:\/\/bobimarket.pl\/index.php\/produkt\/fasola-mung-nasiona-na-kielki-bez-gmo-50g\/\",\"name\":\"FASOLA MUNG NASIONA NA KIE\u0141KI BEZ GMO 50g - BOBIMARKET.pl - Remontuj i urz\u0105dzaj z nami\",\"isPartOf\":{\"@id\":\"https:\/\/bobimarket.pl\/#website\"},\"datePublished\":\"2023-08-30T01:13:45+00:00\",\"dateModified\":\"2025-02-27T14:58:54+00:00\",\"breadcrumb\":{\"@id\":\"https:\/\/bobimarket.pl\/index.php\/produkt\/fasola-mung-nasiona-na-kielki-bez-gmo-50g\/#breadcrumb\"},\"inLanguage\":\"pl-PL\",\"potentialAction\":[{\"@type\":\"ReadAction\",\"target\":[\"https:\/\/bobimarket.pl\/index.php\/produkt\/fasola-mung-nasiona-na-kielki-bez-gmo-50g\/\"]}]},{\"@type\":\"BreadcrumbList\",\"@id\":\"https:\/\/bobimarket.pl\/index.php\/produkt\/fasola-mung-nasiona-na-kielki-bez-gmo-50g\/#breadcrumb\",\"itemListElement\":[{\"@type\":\"ListItem\",\"position\":1,\"name\":\"Strona g\u0142\u00f3wna\",\"item\":\"https:\/\/bobimarket.pl\/\"},{\"@type\":\"ListItem\",\"position\":2,\"name\":\"Sklep\",\"item\":\"https:\/\/bobimarket.pl\/index.php\/shop\/\"},{\"@type\":\"ListItem\",\"position\":3,\"name\":\"FASOLA MUNG NASIONA NA KIE\u0141KI BEZ GMO 50g\"}]},{\"@type\":\"WebSite\",\"@id\":\"https:\/\/bobimarket.pl\/#website\",\"url\":\"https:\/\/bobimarket.pl\/\",\"name\":\"BOBIMARKET.pl - Remontuj i urz\u0105dzaj z nami\",\"description\":\"Remontuj i urz\u0105dzaj z nami\",\"publisher\":{\"@id\":\"https:\/\/bobimarket.pl\/#organization\"},\"potentialAction\":[{\"@type\":\"SearchAction\",\"target\":{\"@type\":\"EntryPoint\",\"urlTemplate\":\"https:\/\/bobimarket.pl\/?s={search_term_string}\"},\"query-input\":\"required name=search_term_string\"}],\"inLanguage\":\"pl-PL\"},{\"@type\":\"Organization\",\"@id\":\"https:\/\/bobimarket.pl\/#organization\",\"name\":\"BOBIMARKET.pl\",\"url\":\"https:\/\/bobimarket.pl\/\",\"logo\":{\"@type\":\"ImageObject\",\"inLanguage\":\"pl-PL\",\"@id\":\"https:\/\/bobimarket.pl\/#\/schema\/logo\/image\/\",\"url\":\"https:\/\/bobimarket.pl\/wp-content\/uploads\/2021\/11\/slogan.png\",\"contentUrl\":\"https:\/\/bobimarket.pl\/wp-content\/uploads\/2021\/11\/slogan.png\",\"width\":2000,\"height\":384,\"caption\":\"BOBIMARKET.pl\"},\"image\":{\"@id\":\"https:\/\/bobimarket.pl\/#\/schema\/logo\/image\/\"}}]}<\/script>\n<!-- \/ Yoast SEO plugin. -->","yoast_head_json":{"title":"FASOLA MUNG NASIONA NA KIE\u0141KI BEZ GMO 50g - BOBIMARKET.pl - Remontuj i urz\u0105dzaj z nami","robots":{"index":"index","follow":"follow","max-snippet":"max-snippet:-1","max-image-preview":"max-image-preview:large","max-video-preview":"max-video-preview:-1"},"canonical":"https:\/\/bobimarket.pl\/index.php\/produkt\/fasola-mung-nasiona-na-kielki-bez-gmo-50g\/","og_locale":"pl_PL","og_type":"article","og_title":"FASOLA MUNG NASIONA NA KIE\u0141KI BEZ GMO 50g - BOBIMARKET.pl - Remontuj i urz\u0105dzaj z nami","og_description":"FASOLA MUNG NASIONA NA KIE\u0141KI BIA\u0141KO BEZ GMO 20g Informacje og\u00f3lne: Gatunek: fasola MUNG Gramatura: 20g Wymiary torebki: 11,5 x 16,0 cm \u2705 3 kroki do domowych kie\u0142k\u00f3w \u2705 Wybierz naczynie do uprawy kie\u0142k\u00f3w. Najpopularniejsze z nich to s\u0142oik, talerz, sito, worek lniany lub kie\u0142kownica. Wyp\u0142ucz i namocz nasiona i umie\u015b\u0107 nasiona w wybranym wcze\u015bniej     Czytaj wi\u0119cej \"FASOLA MUNG NASIONA NA KIE\u0141KI BEZ GMO 50g\"","og_url":"https:\/\/bobimarket.pl\/index.php\/produkt\/fasola-mung-nasiona-na-kielki-bez-gmo-50g\/","og_site_name":"BOBIMARKET.pl - Remontuj i urz\u0105dzaj z nami","article_modified_time":"2025-02-27T14:58:54+00:00","og_image":[{"url":"https:\/\/upload.cdn.baselinker.com\/products\/14476\/a2945c6362826e507267bb12b1b994ba.jpg"}],"twitter_card":"summary_large_image","twitter_misc":{"Szacowany czas czytania":"2 minuty"},"schema":{"@context":"https:\/\/schema.org","@graph":[{"@type":"WebPage","@id":"https:\/\/bobimarket.pl\/index.php\/produkt\/fasola-mung-nasiona-na-kielki-bez-gmo-50g\/","url":"https:\/\/bobimarket.pl\/index.php\/produkt\/fasola-mung-nasiona-na-kielki-bez-gmo-50g\/","name":"FASOLA MUNG NASIONA NA KIE\u0141KI BEZ GMO 50g - BOBIMARKET.pl - Remontuj i urz\u0105dzaj z nami","isPartOf":{"@id":"https:\/\/bobimarket.pl\/#website"},"datePublished":"2023-08-30T01:13:45+00:00","dateModified":"2025-02-27T14:58:54+00:00","breadcrumb":{"@id":"https:\/\/bobimarket.pl\/index.php\/produkt\/fasola-mung-nasiona-na-kielki-bez-gmo-50g\/#breadcrumb"},"inLanguage":"pl-PL","potentialAction":[{"@type":"ReadAction","target":["https:\/\/bobimarket.pl\/index.php\/produkt\/fasola-mung-nasiona-na-kielki-bez-gmo-50g\/"]}]},{"@type":"BreadcrumbList","@id":"https:\/\/bobimarket.pl\/index.php\/produkt\/fasola-mung-nasiona-na-kielki-bez-gmo-50g\/#breadcrumb","itemListElement":[{"@type":"ListItem","position":1,"name":"Strona g\u0142\u00f3wna","item":"https:\/\/bobimarket.pl\/"},{"@type":"ListItem","position":2,"name":"Sklep","item":"https:\/\/bobimarket.pl\/index.php\/shop\/"},{"@type":"ListItem","position":3,"name":"FASOLA MUNG NASIONA NA KIE\u0141KI BEZ GMO 50g"}]},{"@type":"WebSite","@id":"https:\/\/bobimarket.pl\/#website","url":"https:\/\/bobimarket.pl\/","name":"BOBIMARKET.pl - Remontuj i urz\u0105dzaj z nami","description":"Remontuj i urz\u0105dzaj z nami","publisher":{"@id":"https:\/\/bobimarket.pl\/#organization"},"potentialAction":[{"@type":"SearchAction","target":{"@type":"EntryPoint","urlTemplate":"https:\/\/bobimarket.pl\/?s={search_term_string}"},"query-input":"required name=search_term_string"}],"inLanguage":"pl-PL"},{"@type":"Organization","@id":"https:\/\/bobimarket.pl\/#organization","name":"BOBIMARKET.pl","url":"https:\/\/bobimarket.pl\/","logo":{"@type":"ImageObject","inLanguage":"pl-PL","@id":"https:\/\/bobimarket.pl\/#\/schema\/logo\/image\/","url":"https:\/\/bobimarket.pl\/wp-content\/uploads\/2021\/11\/slogan.png","contentUrl":"https:\/\/bobimarket.pl\/wp-content\/uploads\/2021\/11\/slogan.png","width":2000,"height":384,"caption":"BOBIMARKET.pl"},"image":{"@id":"https:\/\/bobimarket.pl\/#\/schema\/logo\/image\/"}}]}},"_links":{"self":[{"href":"https:\/\/bobimarket.pl\/index.php\/wp-json\/wp\/v2\/product\/87670"}],"collection":[{"href":"https:\/\/bobimarket.pl\/index.php\/wp-json\/wp\/v2\/product"}],"about":[{"href":"https:\/\/bobimarket.pl\/index.php\/wp-json\/wp\/v2\/types\/product"}],"wp:featuredmedia":[{"embeddable":true,"href":"https:\/\/bobimarket.pl\/index.php\/wp-json\/wp\/v2\/media\/87661"}],"wp:attachment":[{"href":"https:\/\/bobimarket.pl\/index.php\/wp-json\/wp\/v2\/media?parent=87670"}],"wp:term":[{"taxonomy":"product_cat","embeddable":true,"href":"https:\/\/bobimarket.pl\/index.php\/wp-json\/wp\/v2\/product_cat?post=87670"},{"taxonomy":"product_tag","embeddable":true,"href":"https:\/\/bobimarket.pl\/index.php\/wp-json\/wp\/v2\/product_tag?post=87670"}],"curies":[{"name":"wp","href":"https:\/\/api.w.org\/{rel}","templated":true}]}}