{"id":87946,"date":"2023-08-30T01:29:28","date_gmt":"2023-08-30T01:29:28","guid":{"rendered":"https:\/\/bobimarket.pl\/index.php\/produkt\/nagietek-lekarski-ziola-nasiona-ziol-bez-gmo\/"},"modified":"2025-02-27T15:00:42","modified_gmt":"2025-02-27T15:00:42","slug":"nagietek-lekarski-ziola-nasiona-ziol-bez-gmo","status":"publish","type":"product","link":"https:\/\/bobimarket.pl\/index.php\/produkt\/nagietek-lekarski-ziola-nasiona-ziol-bez-gmo\/","title":{"rendered":"NAGIETEK LEKARSKI ZIO\u0141A NASIONA ZI\u00d3\u0141 BEZ GMO"},"content":{"rendered":"<section class=\"section\">\n<div class=\"item item-12\">\n<section class=\"text-item\">\n<h2>NAGIETEK LEKARSKI NASIONA ZI\u00d3\u0141 BEZ GMO<\/h2>\n<p><b>\u2705 Informacje og\u00f3lne:<\/b><\/p>\n<ul>\n<li>Gatunek: <b>nagietek lekarski <\/b><\/li>\n<li>Liczba nasion:<b> 100-150 szt. w gramie<\/b><\/li>\n<li>Opakowanie: <b>0,2g<\/b><\/li>\n<\/ul>\n<h2>Stw\u00f3rz swoj\u0105 zio\u0142ow\u0105 rabat\u0119 i wype\u0142nij sw\u00f3j ogr\u00f3d aromatem zi\u00f3\u0142!<\/h2>\n<\/section><\/div>\n<\/section>\n<section class=\"section\">\n<div class=\"item item-12\">\n<section class=\"image-item\">\n            <img decoding=\"async\" src=\"https:\/\/upload.cdn.baselinker.com\/products\/14476\/5c6d1aa1ea7b643eee21cadc64ac5e30.jpg\" \/><br \/>\n        <\/section>\n<\/p><\/div>\n<\/section>\n<section class=\"section\">\n<div class=\"item item-12\">\n<section class=\"text-item\">\n<h2>NAGIETEK LEKARSKI (nasiona)<\/h2>\n<p>Nagietek lekarski to<b> ro\u015blina jednoroczna. <\/b>Jej bogato uga\u0142\u0119ziona \u0142odyga ro\u015bnie do wysoko\u015bci 50cm. Wysiewanie od kwietnia do po\u0142owy czerwca bezpo\u015brednio do gruntu, w rz\u0119dach w odst\u0119pach 30-40 cm.<\/p>\n<ul>\n<li>Preferuje stanowiska nas\u0142onecznione, ciep\u0142e.<\/li>\n<li>Wymaga pod\u0142o\u017ca \u017cyznego i wystarczaj\u0105co nawilgoconego, odczyn oboj\u0119tny.<\/li>\n<\/ul>\n<p><b>\u2705 W\u0142a\u015bciwo\u015bci:<\/b><\/p>\n<p>Z racji w\u0142a\u015bciwo\u015bci przeciwzapalnych i przeciwbakteryjnych by\u0142 w medycynie ludowej stosowany w formie przetwor\u00f3w <b>w leczeniu nie\u017cytu \u017co\u0142\u0105dka i jelit.<\/b><\/p>\n<\/section><\/div>\n<\/section>\n<section class=\"section\">\n<div class=\"item item-12\">\n<section class=\"image-item\">\n            <img decoding=\"async\" src=\"https:\/\/upload.cdn.baselinker.com\/products\/14476\/2842854e0ab517c0098e0e18023f688b.jpg\" \/><br \/>\n        <\/section>\n<\/p><\/div>\n<\/section>\n<section class=\"section\">\n<div class=\"item item-12\">\n<section class=\"text-item\">\n<h2>\u2705 Kupuj\u0105c u nas zyskujesz wi\u0119cej nasion!<\/h2>\n<p>Zwr\u00f3ci\u0107 uwag\u0119 na mas\u0119 nasion w torebce! Cz\u0119sto ta\u0144sze oferty zawieraj\u0105 jedynie kilka nasion, dlatego bardziej op\u0142acalny jest zakup wi\u0119kszej masy nasion w opakowaniu, kt\u00f3re w przeliczeniu ceny i wagi mog\u0105 okaza\u0107 si\u0119 tak naprawd\u0119 ta\u0144sze!<\/p>\n<ul>\n<li>Kupuj\u0105c wi\u0119ksze opakowanie z<b> jednej paczuszki mo\u017cesz uzyska\u0107 wi\u0119ksz\u0105 liczb\u0119 rozsad<\/b>, przy mniejszym nak\u0142adzie finansowym!<\/li>\n<\/ul>\n<\/section><\/div>\n<\/section>\n<section class=\"section\">\n<div class=\"item item-12\">\n<section class=\"text-item\">\n<h1>WI\u0118KSZE OPAKOWANIE = WI\u0118CEJ NASION = LEPSZA CENA<\/h1>\n<\/p>\n<\/section><\/div>\n<\/section>\n<section class=\"section\">\n<div class=\"item item-12\">\n<section class=\"image-item\">\n            <img decoding=\"async\" src=\"https:\/\/upload.cdn.baselinker.com\/products\/14476\/45302f0a9d0866d76afb4209ac5a5c36.jpg\" \/><br \/>\n        <\/section>\n<\/p><\/div>\n<\/section>\n<section class=\"section\">\n<div class=\"item item-12\">\n<section class=\"text-item\">\n<h1>Kup sprawdzone nasiona!<\/h1>\n<ul>\n<li>Nasiona renomowanego<b> POLSKIEGO PRODUCENTA<\/b>!<\/li>\n<li>Sklep wpisany do rejestru i podlegaj\u0105cy pod Wojew\u00f3dzki Inspektorat Ochrony Ro\u015blin i Nasiennictwa.<\/li>\n<li>Ka\u017cda torebka nasion posiada <b>PASZPORT RO\u015aLINY, <\/b>kt\u00f3ry jest gwarancj\u0105, \u017ce nasiona zosta\u0142y skontrolowane\u00a0 i s\u0105 wolne od organizm\u00f3w szkodliwych.<\/li>\n<li>Nasiona, z kt\u00f3rych wyrosn\u0105 Twoje ro\u015bliny powsta\u0142y w tradycyjnej hodowli <b>bez udzia\u0142u genetycznej modyfikacji (BEZ GMO!!! ).<\/b><\/li>\n<\/ul>\n<\/section><\/div>\n<\/section>\n<section class=\"section\">\n<div class=\"item item-12\">\n<section class=\"image-item\">\n            <img decoding=\"async\" src=\"https:\/\/upload.cdn.baselinker.com\/products\/14476\/0c5cded48c3ab0f0c75e7f4dae4aeca5.png\" \/><br \/>\n        <\/section>\n<\/p><\/div>\n<\/section>\n<section class=\"section\">\n<div class=\"item item-12\">\n<section class=\"text-item\">\n<h1>Ju\u017c nied\u0142ugo puste grz\u0105dki zape\u0142ni\u0105 si\u0119 aromatycznymi zio\u0142ami!<\/h1>\n<p>\u2705 <b>Wyhoduj w\u0142asne zio\u0142a<\/b>, kt\u00f3re b\u0119d\u0105 zdrowe i ekologiczne. Spraw, \u017ce z ka\u017cdego nasionka wyro\u015bnie upragnione ro\u015blina. Zio\u0142a b\u0119d\u0105 Ci s\u0142u\u017cy\u0107 jako <b>dodatek do potraw lub element domowej apteczki.<\/b><\/p>\n<p>\u2705 Samodzielna uprawa zi\u00f3\u0142 to<b> gwarancja, \u017ce ro\u015bliny s\u0105 zdrowe<\/b>, nie zawieraj\u0105 pestycyd\u00f3w ani innych szkodliwych zwi\u0105zk\u00f3w chemicznych.<\/p>\n<\/section><\/div>\n<\/section>\n<section class=\"section\">\n<div class=\"item item-12\">\n<section class=\"image-item\">\n            <img decoding=\"async\" src=\"https:\/\/upload.cdn.baselinker.com\/products\/14476\/7796360b33517c92ddfab4af45a76aac.jpg\" \/><br \/>\n        <\/section>\n<\/p><\/div>\n<\/section>\n","protected":false},"excerpt":{"rendered":"<p>NAGIETEK LEKARSKI NASIONA ZI\u00d3\u0141 BEZ GMO \u2705 Informacje og\u00f3lne: Gatunek: nagietek lekarski Liczba nasion: 100-150 szt. w gramie Opakowanie: 0,2g Stw\u00f3rz swoj\u0105 zio\u0142ow\u0105 rabat\u0119 i wype\u0142nij sw\u00f3j ogr\u00f3d aromatem zi\u00f3\u0142! NAGIETEK LEKARSKI (nasiona) Nagietek lekarski to ro\u015blina jednoroczna. Jej bogato uga\u0142\u0119ziona \u0142odyga ro\u015bnie do wysoko\u015bci 50cm. Wysiewanie od kwietnia do po\u0142owy czerwca bezpo\u015brednio do gruntu,<br \/><a class=\"more-link\" href=\"https:\/\/bobimarket.pl\/index.php\/produkt\/nagietek-lekarski-ziola-nasiona-ziol-bez-gmo\/\"><br \/>\n        Czytaj wi\u0119cej<span class=\"screen-reader-text\"> &#8222;NAGIETEK LEKARSKI ZIO\u0141A NASIONA ZI\u00d3\u0141 BEZ GMO&#8221;<\/span><\/a><\/p>\n","protected":false},"featured_media":87935,"template":"","meta":[],"product_cat":[8342],"product_tag":[],"yoast_head":"<!-- This site is optimized with the Yoast SEO plugin v21.0 - https:\/\/yoast.com\/wordpress\/plugins\/seo\/ -->\n<title>NAGIETEK LEKARSKI ZIO\u0141A NASIONA ZI\u00d3\u0141 BEZ GMO - BOBIMARKET.pl - Remontuj i urz\u0105dzaj z nami<\/title>\n<meta name=\"robots\" content=\"index, follow, max-snippet:-1, max-image-preview:large, max-video-preview:-1\" \/>\n<link rel=\"canonical\" href=\"https:\/\/bobimarket.pl\/index.php\/produkt\/nagietek-lekarski-ziola-nasiona-ziol-bez-gmo\/\" \/>\n<meta property=\"og:locale\" content=\"pl_PL\" \/>\n<meta property=\"og:type\" content=\"article\" \/>\n<meta property=\"og:title\" content=\"NAGIETEK LEKARSKI ZIO\u0141A NASIONA ZI\u00d3\u0141 BEZ GMO - BOBIMARKET.pl - Remontuj i urz\u0105dzaj z nami\" \/>\n<meta property=\"og:description\" content=\"NAGIETEK LEKARSKI NASIONA ZI\u00d3\u0141 BEZ GMO \u2705 Informacje og\u00f3lne: Gatunek: nagietek lekarski Liczba nasion: 100-150 szt. w gramie Opakowanie: 0,2g Stw\u00f3rz swoj\u0105 zio\u0142ow\u0105 rabat\u0119 i wype\u0142nij sw\u00f3j ogr\u00f3d aromatem zi\u00f3\u0142! NAGIETEK LEKARSKI (nasiona) Nagietek lekarski to ro\u015blina jednoroczna. Jej bogato uga\u0142\u0119ziona \u0142odyga ro\u015bnie do wysoko\u015bci 50cm. Wysiewanie od kwietnia do po\u0142owy czerwca bezpo\u015brednio do gruntu,     Czytaj wi\u0119cej &quot;NAGIETEK LEKARSKI ZIO\u0141A NASIONA ZI\u00d3\u0141 BEZ GMO&quot;\" \/>\n<meta property=\"og:url\" content=\"https:\/\/bobimarket.pl\/index.php\/produkt\/nagietek-lekarski-ziola-nasiona-ziol-bez-gmo\/\" \/>\n<meta property=\"og:site_name\" content=\"BOBIMARKET.pl - Remontuj i urz\u0105dzaj z nami\" \/>\n<meta property=\"article:modified_time\" content=\"2025-02-27T15:00:42+00:00\" \/>\n<meta property=\"og:image\" content=\"https:\/\/upload.cdn.baselinker.com\/products\/14476\/5c6d1aa1ea7b643eee21cadc64ac5e30.jpg\" \/>\n<meta name=\"twitter:card\" content=\"summary_large_image\" \/>\n<meta name=\"twitter:label1\" content=\"Szacowany czas czytania\" \/>\n\t<meta name=\"twitter:data1\" content=\"2 minuty\" \/>\n<script type=\"application\/ld+json\" class=\"yoast-schema-graph\">{\"@context\":\"https:\/\/schema.org\",\"@graph\":[{\"@type\":\"WebPage\",\"@id\":\"https:\/\/bobimarket.pl\/index.php\/produkt\/nagietek-lekarski-ziola-nasiona-ziol-bez-gmo\/\",\"url\":\"https:\/\/bobimarket.pl\/index.php\/produkt\/nagietek-lekarski-ziola-nasiona-ziol-bez-gmo\/\",\"name\":\"NAGIETEK LEKARSKI ZIO\u0141A NASIONA ZI\u00d3\u0141 BEZ GMO - BOBIMARKET.pl - Remontuj i urz\u0105dzaj z nami\",\"isPartOf\":{\"@id\":\"https:\/\/bobimarket.pl\/#website\"},\"datePublished\":\"2023-08-30T01:29:28+00:00\",\"dateModified\":\"2025-02-27T15:00:42+00:00\",\"breadcrumb\":{\"@id\":\"https:\/\/bobimarket.pl\/index.php\/produkt\/nagietek-lekarski-ziola-nasiona-ziol-bez-gmo\/#breadcrumb\"},\"inLanguage\":\"pl-PL\",\"potentialAction\":[{\"@type\":\"ReadAction\",\"target\":[\"https:\/\/bobimarket.pl\/index.php\/produkt\/nagietek-lekarski-ziola-nasiona-ziol-bez-gmo\/\"]}]},{\"@type\":\"BreadcrumbList\",\"@id\":\"https:\/\/bobimarket.pl\/index.php\/produkt\/nagietek-lekarski-ziola-nasiona-ziol-bez-gmo\/#breadcrumb\",\"itemListElement\":[{\"@type\":\"ListItem\",\"position\":1,\"name\":\"Strona g\u0142\u00f3wna\",\"item\":\"https:\/\/bobimarket.pl\/\"},{\"@type\":\"ListItem\",\"position\":2,\"name\":\"Sklep\",\"item\":\"https:\/\/bobimarket.pl\/index.php\/shop\/\"},{\"@type\":\"ListItem\",\"position\":3,\"name\":\"NAGIETEK LEKARSKI ZIO\u0141A NASIONA ZI\u00d3\u0141 BEZ GMO\"}]},{\"@type\":\"WebSite\",\"@id\":\"https:\/\/bobimarket.pl\/#website\",\"url\":\"https:\/\/bobimarket.pl\/\",\"name\":\"BOBIMARKET.pl - Remontuj i urz\u0105dzaj z nami\",\"description\":\"Remontuj i urz\u0105dzaj z nami\",\"publisher\":{\"@id\":\"https:\/\/bobimarket.pl\/#organization\"},\"potentialAction\":[{\"@type\":\"SearchAction\",\"target\":{\"@type\":\"EntryPoint\",\"urlTemplate\":\"https:\/\/bobimarket.pl\/?s={search_term_string}\"},\"query-input\":\"required name=search_term_string\"}],\"inLanguage\":\"pl-PL\"},{\"@type\":\"Organization\",\"@id\":\"https:\/\/bobimarket.pl\/#organization\",\"name\":\"BOBIMARKET.pl\",\"url\":\"https:\/\/bobimarket.pl\/\",\"logo\":{\"@type\":\"ImageObject\",\"inLanguage\":\"pl-PL\",\"@id\":\"https:\/\/bobimarket.pl\/#\/schema\/logo\/image\/\",\"url\":\"https:\/\/bobimarket.pl\/wp-content\/uploads\/2021\/11\/slogan.png\",\"contentUrl\":\"https:\/\/bobimarket.pl\/wp-content\/uploads\/2021\/11\/slogan.png\",\"width\":2000,\"height\":384,\"caption\":\"BOBIMARKET.pl\"},\"image\":{\"@id\":\"https:\/\/bobimarket.pl\/#\/schema\/logo\/image\/\"}}]}<\/script>\n<!-- \/ Yoast SEO plugin. -->","yoast_head_json":{"title":"NAGIETEK LEKARSKI ZIO\u0141A NASIONA ZI\u00d3\u0141 BEZ GMO - BOBIMARKET.pl - Remontuj i urz\u0105dzaj z nami","robots":{"index":"index","follow":"follow","max-snippet":"max-snippet:-1","max-image-preview":"max-image-preview:large","max-video-preview":"max-video-preview:-1"},"canonical":"https:\/\/bobimarket.pl\/index.php\/produkt\/nagietek-lekarski-ziola-nasiona-ziol-bez-gmo\/","og_locale":"pl_PL","og_type":"article","og_title":"NAGIETEK LEKARSKI ZIO\u0141A NASIONA ZI\u00d3\u0141 BEZ GMO - BOBIMARKET.pl - Remontuj i urz\u0105dzaj z nami","og_description":"NAGIETEK LEKARSKI NASIONA ZI\u00d3\u0141 BEZ GMO \u2705 Informacje og\u00f3lne: Gatunek: nagietek lekarski Liczba nasion: 100-150 szt. w gramie Opakowanie: 0,2g Stw\u00f3rz swoj\u0105 zio\u0142ow\u0105 rabat\u0119 i wype\u0142nij sw\u00f3j ogr\u00f3d aromatem zi\u00f3\u0142! NAGIETEK LEKARSKI (nasiona) Nagietek lekarski to ro\u015blina jednoroczna. Jej bogato uga\u0142\u0119ziona \u0142odyga ro\u015bnie do wysoko\u015bci 50cm. Wysiewanie od kwietnia do po\u0142owy czerwca bezpo\u015brednio do gruntu,     Czytaj wi\u0119cej \"NAGIETEK LEKARSKI ZIO\u0141A NASIONA ZI\u00d3\u0141 BEZ GMO\"","og_url":"https:\/\/bobimarket.pl\/index.php\/produkt\/nagietek-lekarski-ziola-nasiona-ziol-bez-gmo\/","og_site_name":"BOBIMARKET.pl - Remontuj i urz\u0105dzaj z nami","article_modified_time":"2025-02-27T15:00:42+00:00","og_image":[{"url":"https:\/\/upload.cdn.baselinker.com\/products\/14476\/5c6d1aa1ea7b643eee21cadc64ac5e30.jpg"}],"twitter_card":"summary_large_image","twitter_misc":{"Szacowany czas czytania":"2 minuty"},"schema":{"@context":"https:\/\/schema.org","@graph":[{"@type":"WebPage","@id":"https:\/\/bobimarket.pl\/index.php\/produkt\/nagietek-lekarski-ziola-nasiona-ziol-bez-gmo\/","url":"https:\/\/bobimarket.pl\/index.php\/produkt\/nagietek-lekarski-ziola-nasiona-ziol-bez-gmo\/","name":"NAGIETEK LEKARSKI ZIO\u0141A NASIONA ZI\u00d3\u0141 BEZ GMO - BOBIMARKET.pl - Remontuj i urz\u0105dzaj z nami","isPartOf":{"@id":"https:\/\/bobimarket.pl\/#website"},"datePublished":"2023-08-30T01:29:28+00:00","dateModified":"2025-02-27T15:00:42+00:00","breadcrumb":{"@id":"https:\/\/bobimarket.pl\/index.php\/produkt\/nagietek-lekarski-ziola-nasiona-ziol-bez-gmo\/#breadcrumb"},"inLanguage":"pl-PL","potentialAction":[{"@type":"ReadAction","target":["https:\/\/bobimarket.pl\/index.php\/produkt\/nagietek-lekarski-ziola-nasiona-ziol-bez-gmo\/"]}]},{"@type":"BreadcrumbList","@id":"https:\/\/bobimarket.pl\/index.php\/produkt\/nagietek-lekarski-ziola-nasiona-ziol-bez-gmo\/#breadcrumb","itemListElement":[{"@type":"ListItem","position":1,"name":"Strona g\u0142\u00f3wna","item":"https:\/\/bobimarket.pl\/"},{"@type":"ListItem","position":2,"name":"Sklep","item":"https:\/\/bobimarket.pl\/index.php\/shop\/"},{"@type":"ListItem","position":3,"name":"NAGIETEK LEKARSKI ZIO\u0141A NASIONA ZI\u00d3\u0141 BEZ GMO"}]},{"@type":"WebSite","@id":"https:\/\/bobimarket.pl\/#website","url":"https:\/\/bobimarket.pl\/","name":"BOBIMARKET.pl - Remontuj i urz\u0105dzaj z nami","description":"Remontuj i urz\u0105dzaj z nami","publisher":{"@id":"https:\/\/bobimarket.pl\/#organization"},"potentialAction":[{"@type":"SearchAction","target":{"@type":"EntryPoint","urlTemplate":"https:\/\/bobimarket.pl\/?s={search_term_string}"},"query-input":"required name=search_term_string"}],"inLanguage":"pl-PL"},{"@type":"Organization","@id":"https:\/\/bobimarket.pl\/#organization","name":"BOBIMARKET.pl","url":"https:\/\/bobimarket.pl\/","logo":{"@type":"ImageObject","inLanguage":"pl-PL","@id":"https:\/\/bobimarket.pl\/#\/schema\/logo\/image\/","url":"https:\/\/bobimarket.pl\/wp-content\/uploads\/2021\/11\/slogan.png","contentUrl":"https:\/\/bobimarket.pl\/wp-content\/uploads\/2021\/11\/slogan.png","width":2000,"height":384,"caption":"BOBIMARKET.pl"},"image":{"@id":"https:\/\/bobimarket.pl\/#\/schema\/logo\/image\/"}}]}},"_links":{"self":[{"href":"https:\/\/bobimarket.pl\/index.php\/wp-json\/wp\/v2\/product\/87946"}],"collection":[{"href":"https:\/\/bobimarket.pl\/index.php\/wp-json\/wp\/v2\/product"}],"about":[{"href":"https:\/\/bobimarket.pl\/index.php\/wp-json\/wp\/v2\/types\/product"}],"wp:featuredmedia":[{"embeddable":true,"href":"https:\/\/bobimarket.pl\/index.php\/wp-json\/wp\/v2\/media\/87935"}],"wp:attachment":[{"href":"https:\/\/bobimarket.pl\/index.php\/wp-json\/wp\/v2\/media?parent=87946"}],"wp:term":[{"taxonomy":"product_cat","embeddable":true,"href":"https:\/\/bobimarket.pl\/index.php\/wp-json\/wp\/v2\/product_cat?post=87946"},{"taxonomy":"product_tag","embeddable":true,"href":"https:\/\/bobimarket.pl\/index.php\/wp-json\/wp\/v2\/product_tag?post=87946"}],"curies":[{"name":"wp","href":"https:\/\/api.w.org\/{rel}","templated":true}]}}