{"id":87953,"date":"2023-08-30T01:29:59","date_gmt":"2023-08-30T01:29:59","guid":{"rendered":"https:\/\/bobimarket.pl\/index.php\/produkt\/waz-ogrodowy-elastyczny-3-warstwy-1-2-50-m\/"},"modified":"2025-02-27T15:00:46","modified_gmt":"2025-02-27T15:00:46","slug":"waz-ogrodowy-elastyczny-3-warstwy-1-2-50-m","status":"publish","type":"product","link":"https:\/\/bobimarket.pl\/index.php\/produkt\/waz-ogrodowy-elastyczny-3-warstwy-1-2-50-m\/","title":{"rendered":"W\u0104\u017b OGRODOWY ELASTYCZNY 3 WARSTWY 1\/2&#8243; 50 m"},"content":{"rendered":"<section class=\"section\">\n<div class=\"item item-6\">\n<section class=\"image-item\">\n            <img decoding=\"async\" src=\"https:\/\/upload.cdn.baselinker.com\/products\/14476\/495d97b69a37999e8a90831b22364a01.jpg\" \/><br \/>\n        <\/section>\n<\/p><\/div>\n<div class=\"item item-6\">\n<section class=\"text-item\">\n<h2>W\u0104\u017b OGRODOWY ELASTYCZNY 3 WARSTWY 1\/2&#8243; 50 m<\/h2>\n<p><b>Dane techniczne:<\/b><\/p>\n<ul>\n<li>D\u0142ugo\u015b\u0107: 50 metr\u00f3w<\/li>\n<li>\u015arednica: 1\/2<\/li>\n<li>Poliestrowy oplot krzy\u017cowy<\/li>\n<li>3 warstwy<\/li>\n<li>Ci\u015bnienie rozrywaj\u0105ce: 25 bar<\/li>\n<\/ul>\n<\/section><\/div>\n<\/section>\n<section class=\"section\">\n<div class=\"item item-6\">\n<section class=\"image-item\">\n            <img decoding=\"async\" src=\"https:\/\/upload.cdn.baselinker.com\/products\/14476\/0eaf707916e15421a84c653826eaf500.jpg\" \/><br \/>\n        <\/section>\n<\/p><\/div>\n<div class=\"item item-6\">\n<section class=\"text-item\">\n<p>Wysokiej jako\u015bci w\u0105\u017c ogrodowy o d\u0142ugo\u015bci 50 metr\u00f3w. Charakteryzuje sie si\u0119 wytrzyma\u0142o\u015bci\u0105, a to za spraw\u0105 wykonanego z prz\u0119dzy wzmocnienia \u2013 jest to sprawdzony oplot krzy\u017cowy. W\u0105\u017c jest elastyczny. co zapewnia komfortow\u0105 prac\u0119 w ka\u017cdych warunkach.<\/p>\n<p><b>\u2705 Zastosowanie:<\/b><\/p>\n<p>W\u0105\u017c doskonale sprawdzi si\u0119 do transportowania wody w ogrodzie oraz do podlewania ro\u015blin. Z jego pomoc\u0105 z \u0142atwo\u015bci przeprowadzisz wszelkie prace ogrodnicze i nie tylko.<\/p>\n<\/section><\/div>\n<\/section>\n<section class=\"section\">\n<div class=\"item item-6\">\n<section class=\"image-item\">\n            <img decoding=\"async\" src=\"https:\/\/upload.cdn.baselinker.com\/products\/14476\/4557486b4bfffe715e1698addf6e1fa5.jpg\" \/><br \/>\n        <\/section>\n<\/p><\/div>\n<div class=\"item item-6\">\n<section class=\"text-item\">\n<p><b>\u2705 Zalety w\u0119\u017ca ogrodowego: <\/b><\/p>\n<ul>\n<li>W\u0105\u017c jest elastyczny, ale przy tym wytrzyma\u0142y<\/li>\n<li>Odporny na promieniowanie UV<\/li>\n<li>Odporny na osadzanie glon\u00f3w wewn\u0105trz w\u0119\u017ca<\/li>\n<li>Zakres temperatur roboaczych\u00a0 od -20 \u00b0C do 60 \u00b0C<\/li>\n<\/ul>\n<\/section><\/div>\n<\/section>\n","protected":false},"excerpt":{"rendered":"<p>W\u0104\u017b OGRODOWY ELASTYCZNY 3 WARSTWY 1\/2&#8243; 50 m Dane techniczne: D\u0142ugo\u015b\u0107: 50 metr\u00f3w \u015arednica: 1\/2 Poliestrowy oplot krzy\u017cowy 3 warstwy Ci\u015bnienie rozrywaj\u0105ce: 25 bar Wysokiej jako\u015bci w\u0105\u017c ogrodowy o d\u0142ugo\u015bci 50 metr\u00f3w. Charakteryzuje sie si\u0119 wytrzyma\u0142o\u015bci\u0105, a to za spraw\u0105 wykonanego z prz\u0119dzy wzmocnienia \u2013 jest to sprawdzony oplot krzy\u017cowy. W\u0105\u017c jest elastyczny. co zapewnia<br \/><a class=\"more-link\" href=\"https:\/\/bobimarket.pl\/index.php\/produkt\/waz-ogrodowy-elastyczny-3-warstwy-1-2-50-m\/\"><br \/>\n        Czytaj wi\u0119cej<span class=\"screen-reader-text\"> &#8222;W\u0104\u017b OGRODOWY ELASTYCZNY 3 WARSTWY 1\/2&#8243; 50 m&#8221;<\/span><\/a><\/p>\n","protected":false},"featured_media":87947,"template":"","meta":[],"product_cat":[8230],"product_tag":[],"yoast_head":"<!-- This site is optimized with the Yoast SEO plugin v21.0 - https:\/\/yoast.com\/wordpress\/plugins\/seo\/ -->\n<title>W\u0104\u017b OGRODOWY ELASTYCZNY 3 WARSTWY 1\/2&quot; 50 m - BOBIMARKET.pl - Remontuj i urz\u0105dzaj z nami<\/title>\n<meta name=\"robots\" content=\"index, follow, max-snippet:-1, max-image-preview:large, max-video-preview:-1\" \/>\n<link rel=\"canonical\" href=\"https:\/\/bobimarket.pl\/index.php\/produkt\/waz-ogrodowy-elastyczny-3-warstwy-1-2-50-m\/\" \/>\n<meta property=\"og:locale\" content=\"pl_PL\" \/>\n<meta property=\"og:type\" content=\"article\" \/>\n<meta property=\"og:title\" content=\"W\u0104\u017b OGRODOWY ELASTYCZNY 3 WARSTWY 1\/2&quot; 50 m - BOBIMARKET.pl - Remontuj i urz\u0105dzaj z nami\" \/>\n<meta property=\"og:description\" content=\"W\u0104\u017b OGRODOWY ELASTYCZNY 3 WARSTWY 1\/2&#8243; 50 m Dane techniczne: D\u0142ugo\u015b\u0107: 50 metr\u00f3w \u015arednica: 1\/2 Poliestrowy oplot krzy\u017cowy 3 warstwy Ci\u015bnienie rozrywaj\u0105ce: 25 bar Wysokiej jako\u015bci w\u0105\u017c ogrodowy o d\u0142ugo\u015bci 50 metr\u00f3w. Charakteryzuje sie si\u0119 wytrzyma\u0142o\u015bci\u0105, a to za spraw\u0105 wykonanego z prz\u0119dzy wzmocnienia \u2013 jest to sprawdzony oplot krzy\u017cowy. W\u0105\u017c jest elastyczny. co zapewnia     Czytaj wi\u0119cej &quot;W\u0104\u017b OGRODOWY ELASTYCZNY 3 WARSTWY 1\/2&#8243; 50 m&quot;\" \/>\n<meta property=\"og:url\" content=\"https:\/\/bobimarket.pl\/index.php\/produkt\/waz-ogrodowy-elastyczny-3-warstwy-1-2-50-m\/\" \/>\n<meta property=\"og:site_name\" content=\"BOBIMARKET.pl - Remontuj i urz\u0105dzaj z nami\" \/>\n<meta property=\"article:modified_time\" content=\"2025-02-27T15:00:46+00:00\" \/>\n<meta property=\"og:image\" content=\"https:\/\/upload.cdn.baselinker.com\/products\/14476\/495d97b69a37999e8a90831b22364a01.jpg\" \/>\n<meta name=\"twitter:card\" content=\"summary_large_image\" \/>\n<meta name=\"twitter:label1\" content=\"Szacowany czas czytania\" \/>\n\t<meta name=\"twitter:data1\" content=\"1 minuta\" \/>\n<script type=\"application\/ld+json\" class=\"yoast-schema-graph\">{\"@context\":\"https:\/\/schema.org\",\"@graph\":[{\"@type\":\"WebPage\",\"@id\":\"https:\/\/bobimarket.pl\/index.php\/produkt\/waz-ogrodowy-elastyczny-3-warstwy-1-2-50-m\/\",\"url\":\"https:\/\/bobimarket.pl\/index.php\/produkt\/waz-ogrodowy-elastyczny-3-warstwy-1-2-50-m\/\",\"name\":\"W\u0104\u017b OGRODOWY ELASTYCZNY 3 WARSTWY 1\/2\\\" 50 m - BOBIMARKET.pl - Remontuj i urz\u0105dzaj z nami\",\"isPartOf\":{\"@id\":\"https:\/\/bobimarket.pl\/#website\"},\"datePublished\":\"2023-08-30T01:29:59+00:00\",\"dateModified\":\"2025-02-27T15:00:46+00:00\",\"breadcrumb\":{\"@id\":\"https:\/\/bobimarket.pl\/index.php\/produkt\/waz-ogrodowy-elastyczny-3-warstwy-1-2-50-m\/#breadcrumb\"},\"inLanguage\":\"pl-PL\",\"potentialAction\":[{\"@type\":\"ReadAction\",\"target\":[\"https:\/\/bobimarket.pl\/index.php\/produkt\/waz-ogrodowy-elastyczny-3-warstwy-1-2-50-m\/\"]}]},{\"@type\":\"BreadcrumbList\",\"@id\":\"https:\/\/bobimarket.pl\/index.php\/produkt\/waz-ogrodowy-elastyczny-3-warstwy-1-2-50-m\/#breadcrumb\",\"itemListElement\":[{\"@type\":\"ListItem\",\"position\":1,\"name\":\"Strona g\u0142\u00f3wna\",\"item\":\"https:\/\/bobimarket.pl\/\"},{\"@type\":\"ListItem\",\"position\":2,\"name\":\"Sklep\",\"item\":\"https:\/\/bobimarket.pl\/index.php\/shop\/\"},{\"@type\":\"ListItem\",\"position\":3,\"name\":\"W\u0104\u017b OGRODOWY ELASTYCZNY 3 WARSTWY 1\/2&#8243; 50 m\"}]},{\"@type\":\"WebSite\",\"@id\":\"https:\/\/bobimarket.pl\/#website\",\"url\":\"https:\/\/bobimarket.pl\/\",\"name\":\"BOBIMARKET.pl - Remontuj i urz\u0105dzaj z nami\",\"description\":\"Remontuj i urz\u0105dzaj z nami\",\"publisher\":{\"@id\":\"https:\/\/bobimarket.pl\/#organization\"},\"potentialAction\":[{\"@type\":\"SearchAction\",\"target\":{\"@type\":\"EntryPoint\",\"urlTemplate\":\"https:\/\/bobimarket.pl\/?s={search_term_string}\"},\"query-input\":\"required name=search_term_string\"}],\"inLanguage\":\"pl-PL\"},{\"@type\":\"Organization\",\"@id\":\"https:\/\/bobimarket.pl\/#organization\",\"name\":\"BOBIMARKET.pl\",\"url\":\"https:\/\/bobimarket.pl\/\",\"logo\":{\"@type\":\"ImageObject\",\"inLanguage\":\"pl-PL\",\"@id\":\"https:\/\/bobimarket.pl\/#\/schema\/logo\/image\/\",\"url\":\"https:\/\/bobimarket.pl\/wp-content\/uploads\/2021\/11\/slogan.png\",\"contentUrl\":\"https:\/\/bobimarket.pl\/wp-content\/uploads\/2021\/11\/slogan.png\",\"width\":2000,\"height\":384,\"caption\":\"BOBIMARKET.pl\"},\"image\":{\"@id\":\"https:\/\/bobimarket.pl\/#\/schema\/logo\/image\/\"}}]}<\/script>\n<!-- \/ Yoast SEO plugin. -->","yoast_head_json":{"title":"W\u0104\u017b OGRODOWY ELASTYCZNY 3 WARSTWY 1\/2\" 50 m - BOBIMARKET.pl - Remontuj i urz\u0105dzaj z nami","robots":{"index":"index","follow":"follow","max-snippet":"max-snippet:-1","max-image-preview":"max-image-preview:large","max-video-preview":"max-video-preview:-1"},"canonical":"https:\/\/bobimarket.pl\/index.php\/produkt\/waz-ogrodowy-elastyczny-3-warstwy-1-2-50-m\/","og_locale":"pl_PL","og_type":"article","og_title":"W\u0104\u017b OGRODOWY ELASTYCZNY 3 WARSTWY 1\/2\" 50 m - BOBIMARKET.pl - Remontuj i urz\u0105dzaj z nami","og_description":"W\u0104\u017b OGRODOWY ELASTYCZNY 3 WARSTWY 1\/2&#8243; 50 m Dane techniczne: D\u0142ugo\u015b\u0107: 50 metr\u00f3w \u015arednica: 1\/2 Poliestrowy oplot krzy\u017cowy 3 warstwy Ci\u015bnienie rozrywaj\u0105ce: 25 bar Wysokiej jako\u015bci w\u0105\u017c ogrodowy o d\u0142ugo\u015bci 50 metr\u00f3w. Charakteryzuje sie si\u0119 wytrzyma\u0142o\u015bci\u0105, a to za spraw\u0105 wykonanego z prz\u0119dzy wzmocnienia \u2013 jest to sprawdzony oplot krzy\u017cowy. W\u0105\u017c jest elastyczny. co zapewnia     Czytaj wi\u0119cej \"W\u0104\u017b OGRODOWY ELASTYCZNY 3 WARSTWY 1\/2&#8243; 50 m\"","og_url":"https:\/\/bobimarket.pl\/index.php\/produkt\/waz-ogrodowy-elastyczny-3-warstwy-1-2-50-m\/","og_site_name":"BOBIMARKET.pl - Remontuj i urz\u0105dzaj z nami","article_modified_time":"2025-02-27T15:00:46+00:00","og_image":[{"url":"https:\/\/upload.cdn.baselinker.com\/products\/14476\/495d97b69a37999e8a90831b22364a01.jpg"}],"twitter_card":"summary_large_image","twitter_misc":{"Szacowany czas czytania":"1 minuta"},"schema":{"@context":"https:\/\/schema.org","@graph":[{"@type":"WebPage","@id":"https:\/\/bobimarket.pl\/index.php\/produkt\/waz-ogrodowy-elastyczny-3-warstwy-1-2-50-m\/","url":"https:\/\/bobimarket.pl\/index.php\/produkt\/waz-ogrodowy-elastyczny-3-warstwy-1-2-50-m\/","name":"W\u0104\u017b OGRODOWY ELASTYCZNY 3 WARSTWY 1\/2\" 50 m - BOBIMARKET.pl - Remontuj i urz\u0105dzaj z nami","isPartOf":{"@id":"https:\/\/bobimarket.pl\/#website"},"datePublished":"2023-08-30T01:29:59+00:00","dateModified":"2025-02-27T15:00:46+00:00","breadcrumb":{"@id":"https:\/\/bobimarket.pl\/index.php\/produkt\/waz-ogrodowy-elastyczny-3-warstwy-1-2-50-m\/#breadcrumb"},"inLanguage":"pl-PL","potentialAction":[{"@type":"ReadAction","target":["https:\/\/bobimarket.pl\/index.php\/produkt\/waz-ogrodowy-elastyczny-3-warstwy-1-2-50-m\/"]}]},{"@type":"BreadcrumbList","@id":"https:\/\/bobimarket.pl\/index.php\/produkt\/waz-ogrodowy-elastyczny-3-warstwy-1-2-50-m\/#breadcrumb","itemListElement":[{"@type":"ListItem","position":1,"name":"Strona g\u0142\u00f3wna","item":"https:\/\/bobimarket.pl\/"},{"@type":"ListItem","position":2,"name":"Sklep","item":"https:\/\/bobimarket.pl\/index.php\/shop\/"},{"@type":"ListItem","position":3,"name":"W\u0104\u017b OGRODOWY ELASTYCZNY 3 WARSTWY 1\/2&#8243; 50 m"}]},{"@type":"WebSite","@id":"https:\/\/bobimarket.pl\/#website","url":"https:\/\/bobimarket.pl\/","name":"BOBIMARKET.pl - Remontuj i urz\u0105dzaj z nami","description":"Remontuj i urz\u0105dzaj z nami","publisher":{"@id":"https:\/\/bobimarket.pl\/#organization"},"potentialAction":[{"@type":"SearchAction","target":{"@type":"EntryPoint","urlTemplate":"https:\/\/bobimarket.pl\/?s={search_term_string}"},"query-input":"required name=search_term_string"}],"inLanguage":"pl-PL"},{"@type":"Organization","@id":"https:\/\/bobimarket.pl\/#organization","name":"BOBIMARKET.pl","url":"https:\/\/bobimarket.pl\/","logo":{"@type":"ImageObject","inLanguage":"pl-PL","@id":"https:\/\/bobimarket.pl\/#\/schema\/logo\/image\/","url":"https:\/\/bobimarket.pl\/wp-content\/uploads\/2021\/11\/slogan.png","contentUrl":"https:\/\/bobimarket.pl\/wp-content\/uploads\/2021\/11\/slogan.png","width":2000,"height":384,"caption":"BOBIMARKET.pl"},"image":{"@id":"https:\/\/bobimarket.pl\/#\/schema\/logo\/image\/"}}]}},"_links":{"self":[{"href":"https:\/\/bobimarket.pl\/index.php\/wp-json\/wp\/v2\/product\/87953"}],"collection":[{"href":"https:\/\/bobimarket.pl\/index.php\/wp-json\/wp\/v2\/product"}],"about":[{"href":"https:\/\/bobimarket.pl\/index.php\/wp-json\/wp\/v2\/types\/product"}],"wp:featuredmedia":[{"embeddable":true,"href":"https:\/\/bobimarket.pl\/index.php\/wp-json\/wp\/v2\/media\/87947"}],"wp:attachment":[{"href":"https:\/\/bobimarket.pl\/index.php\/wp-json\/wp\/v2\/media?parent=87953"}],"wp:term":[{"taxonomy":"product_cat","embeddable":true,"href":"https:\/\/bobimarket.pl\/index.php\/wp-json\/wp\/v2\/product_cat?post=87953"},{"taxonomy":"product_tag","embeddable":true,"href":"https:\/\/bobimarket.pl\/index.php\/wp-json\/wp\/v2\/product_tag?post=87953"}],"curies":[{"name":"wp","href":"https:\/\/api.w.org\/{rel}","templated":true}]}}