{"id":88013,"date":"2023-08-30T01:33:51","date_gmt":"2023-08-30T01:33:51","guid":{"rendered":"https:\/\/bobimarket.pl\/index.php\/produkt\/szalwia-lekarska-ziola-nasiona-ziol-bez-gmo\/"},"modified":"2025-02-27T15:01:10","modified_gmt":"2025-02-27T15:01:10","slug":"szalwia-lekarska-ziola-nasiona-ziol-bez-gmo","status":"publish","type":"product","link":"https:\/\/bobimarket.pl\/index.php\/produkt\/szalwia-lekarska-ziola-nasiona-ziol-bez-gmo\/","title":{"rendered":"SZA\u0141WIA LEKARSKA ZIO\u0141A NASIONA ZI\u00d3\u0141 BEZ GMO"},"content":{"rendered":"<section class=\"section\">\n<div class=\"item item-12\">\n<section class=\"text-item\">\n<h2>SZA\u0141WIA LEKARSKA ZIO\u0141A NASIONA ZI\u00d3\u0141 BEZ GMO<\/h2>\n<p><b>\u2705 Informacje og\u00f3lne:<\/b><\/p>\n<ul>\n<li>Gatunek: <b>sza\u0142wia lekarska<\/b><\/li>\n<li>Liczba nasion: <b>140-150 szt. w gramie<\/b><\/li>\n<li>Norma wysiewu: <b>6-7 kg\/ha<\/b><\/li>\n<li>Termin wysiewu: <b>2 dekada III-3 dekada IV<\/b><\/li>\n<li>Termin sadzenia: <b>2 dekada V<\/b><\/li>\n<li>Rozstawa: <b>40 x 40 cm<\/b><\/li>\n<li>Wegetacja: <b>3-4 lata<\/b><\/li>\n<li>Termin zbioru: <b>2 dekada VI-3 dekada VIII<\/b><\/li>\n<li>Opakowanie:<b> 0,1 g<\/b><\/li>\n<\/ul>\n<h2>Stw\u00f3rz swoj\u0105 zio\u0142ow\u0105 rabat\u0119 i wype\u0142nij sw\u00f3j ogr\u00f3d aromatem zi\u00f3\u0142!<\/h2>\n<\/section><\/div>\n<\/section>\n<section class=\"section\">\n<div class=\"item item-12\">\n<section class=\"image-item\">\n            <img decoding=\"async\" src=\"https:\/\/upload.cdn.baselinker.com\/products\/14476\/252ff8611b54e1d09a5fe57fdd0477ed.jpg\" \/><br \/>\n        <\/section>\n<\/p><\/div>\n<\/section>\n<section class=\"section\">\n<div class=\"item item-12\">\n<section class=\"text-item\">\n<h2>SZA\u0141WIA LEKARSKA\u00a0 (nasiona)<\/h2>\n<p>Sza\u0142wia lekarska to <b>ro\u015blina wieloletnia<\/b>. Cz\u0119\u015b\u0107 przyprawow\u0105 stanowi\u0105 li\u015bcie i ziele sza\u0142wii lekarskiej o <b>silnym aromacie i zapachu<\/b> kamfory, smak jest <b>cierpki i gorzk<\/b>i. Sza\u0142wi\u0119 uprawia si\u0119 z siewu wprost do gruntu oraz z rozsady. Zbi\u00f3r nale\u017cy przeprowadzi\u0107 przed kwitnieniem ro\u015blin.<\/p>\n<p><b>\u2705 W\u0142a\u015bciwo\u015bci:<\/b><\/p>\n<p>Sza\u0142wi\u0119 lekarsk\u0105 stosuje si\u0119 ja <b>jako przypraw\u0119<\/b> do t\u0142ustych mi\u0119s, ciel\u0119ciny, drobiu, baraniny, ryb, fasoli, bobu, jaj, ser\u00f3w, zup i sos\u00f3w.<\/p>\n<p>Sza\u0142wia jest tak\u017ce<b> bardzo cennym surowcem leczniczym<\/b> stosowanym:<\/p>\n<ul>\n<li>do p\u0142ukania jamy ustnej w stanach zapalnych,<\/li>\n<li>w nie\u017cytach \u017co\u0142\u0105dka,<\/li>\n<li>oparzeniach,<\/li>\n<li>jako \u015brodek przeciwpotny<\/li>\n<li>posiada w\u0142a\u015bciwo\u015bci rozkurczowe, przeciwzapalne, bakteriostatyczne.<\/li>\n<\/ul>\n<p>\u2705Wymagania:<\/p>\n<ul>\n<li>Lubi stanowisko s\u0142oneczne, cieple, os\u0142oni\u0119te od wiatru (w czasie ostrych zim mo\u017ce wymarza\u0107)<\/li>\n<li>Potrzebuje gleb \u017cyznych, pr\u00f3chnicznych o odczynie oboj\u0119tnym.<\/li>\n<\/ul>\n<\/section><\/div>\n<\/section>\n<section class=\"section\">\n<div class=\"item item-12\">\n<section class=\"image-item\">\n            <img decoding=\"async\" src=\"https:\/\/upload.cdn.baselinker.com\/products\/14476\/1bd93c02a649cabd1bdb83717f80c835.jpg\" \/><br \/>\n        <\/section>\n<\/p><\/div>\n<\/section>\n<section class=\"section\">\n<div class=\"item item-12\">\n<section class=\"text-item\">\n<h2>\u2705 Kupuj\u0105c u nas zyskujesz wi\u0119cej nasion!<\/h2>\n<p>Zwr\u00f3ci\u0107 uwag\u0119 na mas\u0119 nasion w torebce! Cz\u0119sto ta\u0144sze oferty zawieraj\u0105 jedynie kilka nasion, dlatego bardziej op\u0142acalny jest zakup wi\u0119kszej masy nasion w opakowaniu, kt\u00f3re w przeliczeniu ceny i wagi mog\u0105 okaza\u0107 si\u0119 tak naprawd\u0119 ta\u0144sze!<\/p>\n<ul>\n<li>Kupuj\u0105c wi\u0119ksze opakowanie z<b> jednej paczuszki mo\u017cesz uzyska\u0107 wi\u0119ksz\u0105 liczb\u0119 rozsad<\/b>, przy mniejszym nak\u0142adzie finansowym!<\/li>\n<\/ul>\n<\/section><\/div>\n<\/section>\n<section class=\"section\">\n<div class=\"item item-12\">\n<section class=\"text-item\">\n<h1>WI\u0118KSZE OPAKOWANIE = WI\u0118CEJ NASION = LEPSZA CENA<\/h1>\n<\/section><\/div>\n<\/section>\n<section class=\"section\">\n<div class=\"item item-12\">\n<section class=\"image-item\">\n            <img decoding=\"async\" src=\"https:\/\/upload.cdn.baselinker.com\/products\/14476\/5b733b952a3e053b0579caaefc176eef.jpg\" \/><br \/>\n        <\/section>\n<\/p><\/div>\n<\/section>\n<section class=\"section\">\n<div class=\"item item-12\">\n<section class=\"text-item\">\n<h1>Kup sprawdzone nasiona!<\/h1>\n<ul>\n<li>Nasiona renomowanego<b> POLSKIEGO PRODUCENTA<\/b>!<\/li>\n<li>Sklep wpisany do rejestru i podlegaj\u0105cy pod Wojew\u00f3dzki Inspektorat Ochrony Ro\u015blin i Nasiennictwa.<\/li>\n<li>Ka\u017cda torebka nasion posiada <b>PASZPORT RO\u015aLINY, <\/b>kt\u00f3ry jest gwarancj\u0105, \u017ce nasiona zosta\u0142y skontrolowane\u00a0 i s\u0105 wolne od organizm\u00f3w szkodliwych.<\/li>\n<li>Nasiona, z kt\u00f3rych wyrosn\u0105 Twoje ro\u015bliny powsta\u0142y w tradycyjnej hodowli <b>bez udzia\u0142u genetycznej modyfikacji (BEZ GMO!!! ).<\/b><\/li>\n<\/ul>\n<\/section><\/div>\n<\/section>\n<section class=\"section\">\n<div class=\"item item-12\">\n<section class=\"image-item\">\n            <img decoding=\"async\" src=\"https:\/\/upload.cdn.baselinker.com\/products\/14476\/f889cb4c328d6137395e62766e015e00.png\" \/><br \/>\n        <\/section>\n<\/p><\/div>\n<\/section>\n<section class=\"section\">\n<div class=\"item item-12\">\n<section class=\"text-item\">\n<h1>Ju\u017c nied\u0142ugo puste grz\u0105dki zape\u0142ni\u0105 si\u0119 aromatycznymi zio\u0142ami!<\/h1>\n<p>\u2705 <b>Wyhoduj w\u0142asne zio\u0142a<\/b>, kt\u00f3re b\u0119d\u0105 zdrowe i ekologiczne. Spraw, \u017ce z ka\u017cdego nasionka wyro\u015bnie upragnione ro\u015blina. Zio\u0142a b\u0119d\u0105 Ci s\u0142u\u017cy\u0107 jako <b>dodatek do potraw lub element domowej apteczki.<\/b><\/p>\n<p>\u2705 Samodzielna uprawa zi\u00f3\u0142 to<b> gwarancja, \u017ce ro\u015bliny s\u0105 zdrowe<\/b>, nie zawieraj\u0105 pestycyd\u00f3w ani innych szkodliwych zwi\u0105zk\u00f3w chemicznych.<\/p>\n<\/section><\/div>\n<\/section>\n<section class=\"section\">\n<div class=\"item item-12\">\n<section class=\"image-item\">\n            <img decoding=\"async\" src=\"https:\/\/upload.cdn.baselinker.com\/products\/14476\/ea95c7a2bceabdce43080b8f088097cb.jpg\" \/><br \/>\n        <\/section>\n<\/p><\/div>\n<\/section>\n","protected":false},"excerpt":{"rendered":"<p>SZA\u0141WIA LEKARSKA ZIO\u0141A NASIONA ZI\u00d3\u0141 BEZ GMO \u2705 Informacje og\u00f3lne: Gatunek: sza\u0142wia lekarska Liczba nasion: 140-150 szt. w gramie Norma wysiewu: 6-7 kg\/ha Termin wysiewu: 2 dekada III-3 dekada IV Termin sadzenia: 2 dekada V Rozstawa: 40 x 40 cm Wegetacja: 3-4 lata Termin zbioru: 2 dekada VI-3 dekada VIII Opakowanie: 0,1 g Stw\u00f3rz swoj\u0105<br \/><a class=\"more-link\" href=\"https:\/\/bobimarket.pl\/index.php\/produkt\/szalwia-lekarska-ziola-nasiona-ziol-bez-gmo\/\"><br \/>\n        Czytaj wi\u0119cej<span class=\"screen-reader-text\"> &#8222;SZA\u0141WIA LEKARSKA ZIO\u0141A NASIONA ZI\u00d3\u0141 BEZ GMO&#8221;<\/span><\/a><\/p>\n","protected":false},"featured_media":88001,"template":"","meta":[],"product_cat":[8342],"product_tag":[],"yoast_head":"<!-- This site is optimized with the Yoast SEO plugin v21.0 - https:\/\/yoast.com\/wordpress\/plugins\/seo\/ -->\n<title>SZA\u0141WIA LEKARSKA ZIO\u0141A NASIONA ZI\u00d3\u0141 BEZ GMO - BOBIMARKET.pl - Remontuj i urz\u0105dzaj z nami<\/title>\n<meta name=\"robots\" content=\"index, follow, max-snippet:-1, max-image-preview:large, max-video-preview:-1\" \/>\n<link rel=\"canonical\" href=\"https:\/\/bobimarket.pl\/index.php\/produkt\/szalwia-lekarska-ziola-nasiona-ziol-bez-gmo\/\" \/>\n<meta property=\"og:locale\" content=\"pl_PL\" \/>\n<meta property=\"og:type\" content=\"article\" \/>\n<meta property=\"og:title\" content=\"SZA\u0141WIA LEKARSKA ZIO\u0141A NASIONA ZI\u00d3\u0141 BEZ GMO - BOBIMARKET.pl - Remontuj i urz\u0105dzaj z nami\" \/>\n<meta property=\"og:description\" content=\"SZA\u0141WIA LEKARSKA ZIO\u0141A NASIONA ZI\u00d3\u0141 BEZ GMO \u2705 Informacje og\u00f3lne: Gatunek: sza\u0142wia lekarska Liczba nasion: 140-150 szt. w gramie Norma wysiewu: 6-7 kg\/ha Termin wysiewu: 2 dekada III-3 dekada IV Termin sadzenia: 2 dekada V Rozstawa: 40 x 40 cm Wegetacja: 3-4 lata Termin zbioru: 2 dekada VI-3 dekada VIII Opakowanie: 0,1 g Stw\u00f3rz swoj\u0105     Czytaj wi\u0119cej &quot;SZA\u0141WIA LEKARSKA ZIO\u0141A NASIONA ZI\u00d3\u0141 BEZ GMO&quot;\" \/>\n<meta property=\"og:url\" content=\"https:\/\/bobimarket.pl\/index.php\/produkt\/szalwia-lekarska-ziola-nasiona-ziol-bez-gmo\/\" \/>\n<meta property=\"og:site_name\" content=\"BOBIMARKET.pl - Remontuj i urz\u0105dzaj z nami\" \/>\n<meta property=\"article:modified_time\" content=\"2025-02-27T15:01:10+00:00\" \/>\n<meta property=\"og:image\" content=\"https:\/\/upload.cdn.baselinker.com\/products\/14476\/252ff8611b54e1d09a5fe57fdd0477ed.jpg\" \/>\n<meta name=\"twitter:card\" content=\"summary_large_image\" \/>\n<meta name=\"twitter:label1\" content=\"Szacowany czas czytania\" \/>\n\t<meta name=\"twitter:data1\" content=\"2 minuty\" \/>\n<script type=\"application\/ld+json\" class=\"yoast-schema-graph\">{\"@context\":\"https:\/\/schema.org\",\"@graph\":[{\"@type\":\"WebPage\",\"@id\":\"https:\/\/bobimarket.pl\/index.php\/produkt\/szalwia-lekarska-ziola-nasiona-ziol-bez-gmo\/\",\"url\":\"https:\/\/bobimarket.pl\/index.php\/produkt\/szalwia-lekarska-ziola-nasiona-ziol-bez-gmo\/\",\"name\":\"SZA\u0141WIA LEKARSKA ZIO\u0141A NASIONA ZI\u00d3\u0141 BEZ GMO - BOBIMARKET.pl - Remontuj i urz\u0105dzaj z nami\",\"isPartOf\":{\"@id\":\"https:\/\/bobimarket.pl\/#website\"},\"datePublished\":\"2023-08-30T01:33:51+00:00\",\"dateModified\":\"2025-02-27T15:01:10+00:00\",\"breadcrumb\":{\"@id\":\"https:\/\/bobimarket.pl\/index.php\/produkt\/szalwia-lekarska-ziola-nasiona-ziol-bez-gmo\/#breadcrumb\"},\"inLanguage\":\"pl-PL\",\"potentialAction\":[{\"@type\":\"ReadAction\",\"target\":[\"https:\/\/bobimarket.pl\/index.php\/produkt\/szalwia-lekarska-ziola-nasiona-ziol-bez-gmo\/\"]}]},{\"@type\":\"BreadcrumbList\",\"@id\":\"https:\/\/bobimarket.pl\/index.php\/produkt\/szalwia-lekarska-ziola-nasiona-ziol-bez-gmo\/#breadcrumb\",\"itemListElement\":[{\"@type\":\"ListItem\",\"position\":1,\"name\":\"Strona g\u0142\u00f3wna\",\"item\":\"https:\/\/bobimarket.pl\/\"},{\"@type\":\"ListItem\",\"position\":2,\"name\":\"Sklep\",\"item\":\"https:\/\/bobimarket.pl\/index.php\/shop\/\"},{\"@type\":\"ListItem\",\"position\":3,\"name\":\"SZA\u0141WIA LEKARSKA ZIO\u0141A NASIONA ZI\u00d3\u0141 BEZ GMO\"}]},{\"@type\":\"WebSite\",\"@id\":\"https:\/\/bobimarket.pl\/#website\",\"url\":\"https:\/\/bobimarket.pl\/\",\"name\":\"BOBIMARKET.pl - Remontuj i urz\u0105dzaj z nami\",\"description\":\"Remontuj i urz\u0105dzaj z nami\",\"publisher\":{\"@id\":\"https:\/\/bobimarket.pl\/#organization\"},\"potentialAction\":[{\"@type\":\"SearchAction\",\"target\":{\"@type\":\"EntryPoint\",\"urlTemplate\":\"https:\/\/bobimarket.pl\/?s={search_term_string}\"},\"query-input\":\"required name=search_term_string\"}],\"inLanguage\":\"pl-PL\"},{\"@type\":\"Organization\",\"@id\":\"https:\/\/bobimarket.pl\/#organization\",\"name\":\"BOBIMARKET.pl\",\"url\":\"https:\/\/bobimarket.pl\/\",\"logo\":{\"@type\":\"ImageObject\",\"inLanguage\":\"pl-PL\",\"@id\":\"https:\/\/bobimarket.pl\/#\/schema\/logo\/image\/\",\"url\":\"https:\/\/bobimarket.pl\/wp-content\/uploads\/2021\/11\/slogan.png\",\"contentUrl\":\"https:\/\/bobimarket.pl\/wp-content\/uploads\/2021\/11\/slogan.png\",\"width\":2000,\"height\":384,\"caption\":\"BOBIMARKET.pl\"},\"image\":{\"@id\":\"https:\/\/bobimarket.pl\/#\/schema\/logo\/image\/\"}}]}<\/script>\n<!-- \/ Yoast SEO plugin. -->","yoast_head_json":{"title":"SZA\u0141WIA LEKARSKA ZIO\u0141A NASIONA ZI\u00d3\u0141 BEZ GMO - BOBIMARKET.pl - Remontuj i urz\u0105dzaj z nami","robots":{"index":"index","follow":"follow","max-snippet":"max-snippet:-1","max-image-preview":"max-image-preview:large","max-video-preview":"max-video-preview:-1"},"canonical":"https:\/\/bobimarket.pl\/index.php\/produkt\/szalwia-lekarska-ziola-nasiona-ziol-bez-gmo\/","og_locale":"pl_PL","og_type":"article","og_title":"SZA\u0141WIA LEKARSKA ZIO\u0141A NASIONA ZI\u00d3\u0141 BEZ GMO - BOBIMARKET.pl - Remontuj i urz\u0105dzaj z nami","og_description":"SZA\u0141WIA LEKARSKA ZIO\u0141A NASIONA ZI\u00d3\u0141 BEZ GMO \u2705 Informacje og\u00f3lne: Gatunek: sza\u0142wia lekarska Liczba nasion: 140-150 szt. w gramie Norma wysiewu: 6-7 kg\/ha Termin wysiewu: 2 dekada III-3 dekada IV Termin sadzenia: 2 dekada V Rozstawa: 40 x 40 cm Wegetacja: 3-4 lata Termin zbioru: 2 dekada VI-3 dekada VIII Opakowanie: 0,1 g Stw\u00f3rz swoj\u0105     Czytaj wi\u0119cej \"SZA\u0141WIA LEKARSKA ZIO\u0141A NASIONA ZI\u00d3\u0141 BEZ GMO\"","og_url":"https:\/\/bobimarket.pl\/index.php\/produkt\/szalwia-lekarska-ziola-nasiona-ziol-bez-gmo\/","og_site_name":"BOBIMARKET.pl - Remontuj i urz\u0105dzaj z nami","article_modified_time":"2025-02-27T15:01:10+00:00","og_image":[{"url":"https:\/\/upload.cdn.baselinker.com\/products\/14476\/252ff8611b54e1d09a5fe57fdd0477ed.jpg"}],"twitter_card":"summary_large_image","twitter_misc":{"Szacowany czas czytania":"2 minuty"},"schema":{"@context":"https:\/\/schema.org","@graph":[{"@type":"WebPage","@id":"https:\/\/bobimarket.pl\/index.php\/produkt\/szalwia-lekarska-ziola-nasiona-ziol-bez-gmo\/","url":"https:\/\/bobimarket.pl\/index.php\/produkt\/szalwia-lekarska-ziola-nasiona-ziol-bez-gmo\/","name":"SZA\u0141WIA LEKARSKA ZIO\u0141A NASIONA ZI\u00d3\u0141 BEZ GMO - BOBIMARKET.pl - Remontuj i urz\u0105dzaj z nami","isPartOf":{"@id":"https:\/\/bobimarket.pl\/#website"},"datePublished":"2023-08-30T01:33:51+00:00","dateModified":"2025-02-27T15:01:10+00:00","breadcrumb":{"@id":"https:\/\/bobimarket.pl\/index.php\/produkt\/szalwia-lekarska-ziola-nasiona-ziol-bez-gmo\/#breadcrumb"},"inLanguage":"pl-PL","potentialAction":[{"@type":"ReadAction","target":["https:\/\/bobimarket.pl\/index.php\/produkt\/szalwia-lekarska-ziola-nasiona-ziol-bez-gmo\/"]}]},{"@type":"BreadcrumbList","@id":"https:\/\/bobimarket.pl\/index.php\/produkt\/szalwia-lekarska-ziola-nasiona-ziol-bez-gmo\/#breadcrumb","itemListElement":[{"@type":"ListItem","position":1,"name":"Strona g\u0142\u00f3wna","item":"https:\/\/bobimarket.pl\/"},{"@type":"ListItem","position":2,"name":"Sklep","item":"https:\/\/bobimarket.pl\/index.php\/shop\/"},{"@type":"ListItem","position":3,"name":"SZA\u0141WIA LEKARSKA ZIO\u0141A NASIONA ZI\u00d3\u0141 BEZ GMO"}]},{"@type":"WebSite","@id":"https:\/\/bobimarket.pl\/#website","url":"https:\/\/bobimarket.pl\/","name":"BOBIMARKET.pl - Remontuj i urz\u0105dzaj z nami","description":"Remontuj i urz\u0105dzaj z nami","publisher":{"@id":"https:\/\/bobimarket.pl\/#organization"},"potentialAction":[{"@type":"SearchAction","target":{"@type":"EntryPoint","urlTemplate":"https:\/\/bobimarket.pl\/?s={search_term_string}"},"query-input":"required name=search_term_string"}],"inLanguage":"pl-PL"},{"@type":"Organization","@id":"https:\/\/bobimarket.pl\/#organization","name":"BOBIMARKET.pl","url":"https:\/\/bobimarket.pl\/","logo":{"@type":"ImageObject","inLanguage":"pl-PL","@id":"https:\/\/bobimarket.pl\/#\/schema\/logo\/image\/","url":"https:\/\/bobimarket.pl\/wp-content\/uploads\/2021\/11\/slogan.png","contentUrl":"https:\/\/bobimarket.pl\/wp-content\/uploads\/2021\/11\/slogan.png","width":2000,"height":384,"caption":"BOBIMARKET.pl"},"image":{"@id":"https:\/\/bobimarket.pl\/#\/schema\/logo\/image\/"}}]}},"_links":{"self":[{"href":"https:\/\/bobimarket.pl\/index.php\/wp-json\/wp\/v2\/product\/88013"}],"collection":[{"href":"https:\/\/bobimarket.pl\/index.php\/wp-json\/wp\/v2\/product"}],"about":[{"href":"https:\/\/bobimarket.pl\/index.php\/wp-json\/wp\/v2\/types\/product"}],"wp:featuredmedia":[{"embeddable":true,"href":"https:\/\/bobimarket.pl\/index.php\/wp-json\/wp\/v2\/media\/88001"}],"wp:attachment":[{"href":"https:\/\/bobimarket.pl\/index.php\/wp-json\/wp\/v2\/media?parent=88013"}],"wp:term":[{"taxonomy":"product_cat","embeddable":true,"href":"https:\/\/bobimarket.pl\/index.php\/wp-json\/wp\/v2\/product_cat?post=88013"},{"taxonomy":"product_tag","embeddable":true,"href":"https:\/\/bobimarket.pl\/index.php\/wp-json\/wp\/v2\/product_tag?post=88013"}],"curies":[{"name":"wp","href":"https:\/\/api.w.org\/{rel}","templated":true}]}}