{"id":88043,"date":"2023-08-30T01:35:50","date_gmt":"2023-08-30T01:35:50","guid":{"rendered":"https:\/\/bobimarket.pl\/index.php\/produkt\/podpora-do-roslin-kwiatow-6-szt-akcesoria\/"},"modified":"2025-02-27T16:52:31","modified_gmt":"2025-02-27T16:52:31","slug":"podpora-do-roslin-kwiatow-6-szt-akcesoria","status":"publish","type":"product","link":"https:\/\/bobimarket.pl\/index.php\/produkt\/podpora-do-roslin-kwiatow-6-szt-akcesoria\/","title":{"rendered":"PODPORA DO RO\u015aLIN KWIAT\u00d3W 6 szt. + AKCESORIA"},"content":{"rendered":"<section class=\"section\">\n<div class=\"item item-6\">\n<section class=\"image-item\">\n            <img decoding=\"async\" src=\"https:\/\/upload.cdn.baselinker.com\/products\/14476\/86bcc411105e31f0364ae1c8f4939bbf.png\" \/><br \/>\n        <\/section>\n<\/p><\/div>\n<div class=\"item item-6\">\n<section class=\"text-item\">\n<h2>PODPORA DO RO\u015aLIN KWIAT\u00d3W 6 szt. + AKCESORIA<\/h2>\n<p><b>Informacje og\u00f3lne: <\/b><\/p>\n<ul>\n<li>Wymiary: <b>21 x 35 cm<\/b><\/li>\n<li>Materia\u0142: <b>stal pokryty tworzywem sztucznym<\/b><\/li>\n<li>\u015arednica pr\u0119tu:<b> 4 mm<\/b><\/li>\n<li>Producent: Garden Line<\/li>\n<\/ul>\n<p><b>\u2705 Komplet sk\u0142ada si\u0119 z nast\u0119puj\u0105cych element\u00f3w:<\/b><\/p>\n<ul>\n<li>6 szt. podp\u00f3r<\/li>\n<li>6 szt. tabliczek do opisywanie ro\u015blin<\/li>\n<li>10 szt. spinaczy ogrodowych<\/li>\n<li>1 szt. drutu ogrodniczego 30 m<\/li>\n<\/ul>\n<\/section><\/div>\n<\/section>\n<section class=\"section\">\n<div class=\"item item-6\">\n<section class=\"image-item\">\n            <img decoding=\"async\" src=\"https:\/\/upload.cdn.baselinker.com\/products\/14476\/bd5fa9a2091e4caa7d15d4ee770ca3bd.png\" \/><br \/>\n        <\/section>\n<\/p><\/div>\n<div class=\"item item-6\">\n<section class=\"text-item\">\n<h2>GRATIS!<\/h2>\n<p>\u2705 W gratisie do pergoli do\u0142\u0105czone zostan\u0105 losowo wybrane nasionka do sadzenia. Posadzone w ogrodzie stan\u0105 si\u0119 idealnym dope\u0142nieniem ogrodowych kompozycji.<\/p>\n<ul>\n<li>Niewielkie, ale bardzo atrakcyjna ro\u015bliny, kt\u00f3re nadaj\u0105 si\u0119 do uprawy zar\u00f3wno na rabatach jak i w doniczkach. Pi\u0119kne kolorowe kwiaty upi\u0119ksz\u0105 Tw\u00f3j ogr\u00f3d od lata do jesieni!<\/li>\n<\/ul>\n<\/section><\/div>\n<\/section>\n<section class=\"section\">\n<div class=\"item item-6\">\n<section class=\"image-item\">\n            <img decoding=\"async\" src=\"https:\/\/upload.cdn.baselinker.com\/products\/14476\/5ce066ecd613579f7554d74a4d237348.png\" \/><br \/>\n        <\/section>\n<\/p><\/div>\n<div class=\"item item-6\">\n<section class=\"text-item\">\n<h2>Podpora do ro\u015blin z akcesoriami to doskona\u0142e rozwi\u0105zanie dla Twojego ogrodu!<\/h2>\n<p>Ozdobna podpora do ro\u015blin i kwiat\u00f3w, przydatna do uprawy ro\u015blin maj\u0105cych tendencj\u0119 do krzywienie si\u0119. Doskonale nadaje si\u0119 do r\u00f3\u017cnego rodzaju<b> kwiat\u00f3w doniczkowych. <\/b>Chroni delikatne p\u0119dy przed uszkodzeniem jednocze\u015bnie pe\u0142ni\u0105c funkcj\u0119 dekoracyjn\u0105.<\/p>\n<ul>\n<li>Zestaw zawiera<b> 2 rodzaje tyczek po 3 sztuki<\/b> z ka\u017cdego rodzaju.<\/li>\n<li>Mo\u017cna je wykorzysta\u0107 do ro\u015blin doniczkowych i na rabaty.<\/li>\n<li>Praktyczna w zastosowaniu. Podpora umo\u017cliwia tworzenie w\u0142asnych, nietypowych kompozycji.<\/li>\n<\/ul>\n<\/section><\/div>\n<\/section>\n<section class=\"section\">\n<div class=\"item item-6\">\n<section class=\"image-item\">\n            <img decoding=\"async\" src=\"https:\/\/upload.cdn.baselinker.com\/products\/14476\/5ce066ecd613579f7554d74a4d237348.png\" \/><br \/>\n        <\/section>\n<\/p><\/div>\n<div class=\"item item-6\">\n<section class=\"text-item\">\n<p>\u2705 Naturalny zielony kolor sprawia, \u017ce jest<b> niemal niewidoczna po\u015br\u00f3d ro\u015blin<\/b>, idealnie si\u0119 z nimi komponuje. Z jej pomoc\u0105 stworzysz oryginaln\u0105 aran\u017cacj\u0119. Ro\u015bliny b\u0119d\u0105 si\u0119 pi\u0119\u0142y tworz\u0105c<b> dekoracyjn\u0105 kolumn\u0119.<\/b><\/p>\n<p><b>\u2705 <\/b>Pergola to nie tylko element ozdobny, ma r\u00f3wnie\u017c <b>pozytywny wp\u0142yw na ro\u015blin<\/b>. Przeciwdzia\u0142a \u0142amaniu si\u0119 ro\u015blin oraz gwarantuje prawid\u0142owy wzrost kwiat\u00f3w.<\/p>\n<p><b>\u2705 <\/b>Pergola zosta\u0142a <b>wykonana z stali i pokryta tworzywem<\/b> w kolorze zielonym. Stanowi ciekaw\u0105 alternatyw\u0119 dla r\u00f3\u017cnego rodzaju pojedynczych tyczek. Mo\u017cna z niej tworzy\u0107 \u0142uki.<\/p>\n<\/section><\/div>\n<\/section>\n<section class=\"section\">\n<div class=\"item item-6\">\n<section class=\"image-item\">\n            <img decoding=\"async\" src=\"https:\/\/upload.cdn.baselinker.com\/products\/14476\/a318c320b9976957318188610a5d81d4.png\" \/><br \/>\n        <\/section>\n<\/p><\/div>\n<div class=\"item item-6\">\n<section class=\"text-item\">\n<h2>\u2705 Kupujesz podpory i zyskujesz dodatkowe akcesoria!<\/h2>\n<p>Do podp\u00f3rek zosta\u0142y do\u0142\u0105czone dodatkowe akcesoria, kt\u00f3re pomog\u0105 Ci zadba\u0107 o swoje ro\u015bliny. Komplet sk\u0142ada si\u0119 dodatkowo z nast\u0119puj\u0105cych element\u00f3w:<\/p>\n<ul>\n<li><b>6 szt. tabliczek do opisywanie ro\u015blin<\/b><\/li>\n<\/ul>\n<p>Tabliczko pomog\u0105 Ci odr\u00f3\u017cni\u0107 zasadzone ro\u015bliny i uchroni\u0107 si\u0119 od chaosu w ogrodzie. Tabliczk\u0119 mo\u017cna wbij do ziemi. Jej naturalny zielony kolor wtapia si\u0119 w otoczenie.<\/p>\n<ul>\n<li><b>10 szt. spinaczy ogrodowych<\/b><\/li>\n<\/ul>\n<p>Spinacze pomog\u0105 Ci przymocowa\u0107 ro\u015blin\u0119 do podp\u00f3rki. Mo\u017cna je u\u017cy\u0107 wielokrotnie, wykonane z trwa\u0142ego tworzywa. Nie niszcz\u0105 ro\u015bliny i wspomagaj\u0105 ich prawid\u0142owy rozw\u00f3j.<\/p>\n<ul>\n<li><b>1 szt. drutu ogrodniczego 30 m<\/b><\/li>\n<\/ul>\n<p>Drut ogrodniczy s\u0142u\u017c\u0105cy do podwi\u0105zywania ro\u015blin. ma uniwersalne zastosowanie. Mo\u017cna j\u0105 wykorzysta\u0107 podwi\u0105zania pn\u0105czy, ga\u0142\u0119zi drzew, krzew\u00f3w, \u0142odyg kwiat\u00f3w oraz warzyw.<\/p>\n<\/section><\/div>\n<\/section>\n","protected":false},"excerpt":{"rendered":"<p>PODPORA DO RO\u015aLIN KWIAT\u00d3W 6 szt. + AKCESORIA Informacje og\u00f3lne: Wymiary: 21 x 35 cm Materia\u0142: stal pokryty tworzywem sztucznym \u015arednica pr\u0119tu: 4 mm Producent: Garden Line \u2705 Komplet sk\u0142ada si\u0119 z nast\u0119puj\u0105cych element\u00f3w: 6 szt. podp\u00f3r 6 szt. tabliczek do opisywanie ro\u015blin 10 szt. spinaczy ogrodowych 1 szt. drutu ogrodniczego 30 m GRATIS! \u2705<br \/><a class=\"more-link\" href=\"https:\/\/bobimarket.pl\/index.php\/produkt\/podpora-do-roslin-kwiatow-6-szt-akcesoria\/\"><br \/>\n        Czytaj wi\u0119cej<span class=\"screen-reader-text\"> &#8222;PODPORA DO RO\u015aLIN KWIAT\u00d3W 6 szt. + AKCESORIA&#8221;<\/span><\/a><\/p>\n","protected":false},"featured_media":88039,"template":"","meta":[],"product_cat":[8089],"product_tag":[],"yoast_head":"<!-- This site is optimized with the Yoast SEO plugin v21.0 - https:\/\/yoast.com\/wordpress\/plugins\/seo\/ -->\n<title>PODPORA DO RO\u015aLIN KWIAT\u00d3W 6 szt. + AKCESORIA - BOBIMARKET.pl - Remontuj i urz\u0105dzaj z nami<\/title>\n<meta name=\"robots\" content=\"index, follow, max-snippet:-1, max-image-preview:large, max-video-preview:-1\" \/>\n<link rel=\"canonical\" href=\"https:\/\/bobimarket.pl\/index.php\/produkt\/podpora-do-roslin-kwiatow-6-szt-akcesoria\/\" \/>\n<meta property=\"og:locale\" content=\"pl_PL\" \/>\n<meta property=\"og:type\" content=\"article\" \/>\n<meta property=\"og:title\" content=\"PODPORA DO RO\u015aLIN KWIAT\u00d3W 6 szt. + AKCESORIA - BOBIMARKET.pl - Remontuj i urz\u0105dzaj z nami\" \/>\n<meta property=\"og:description\" content=\"PODPORA DO RO\u015aLIN KWIAT\u00d3W 6 szt. + AKCESORIA Informacje og\u00f3lne: Wymiary: 21 x 35 cm Materia\u0142: stal pokryty tworzywem sztucznym \u015arednica pr\u0119tu: 4 mm Producent: Garden Line \u2705 Komplet sk\u0142ada si\u0119 z nast\u0119puj\u0105cych element\u00f3w: 6 szt. podp\u00f3r 6 szt. tabliczek do opisywanie ro\u015blin 10 szt. spinaczy ogrodowych 1 szt. drutu ogrodniczego 30 m GRATIS! \u2705     Czytaj wi\u0119cej &quot;PODPORA DO RO\u015aLIN KWIAT\u00d3W 6 szt. + AKCESORIA&quot;\" \/>\n<meta property=\"og:url\" content=\"https:\/\/bobimarket.pl\/index.php\/produkt\/podpora-do-roslin-kwiatow-6-szt-akcesoria\/\" \/>\n<meta property=\"og:site_name\" content=\"BOBIMARKET.pl - Remontuj i urz\u0105dzaj z nami\" \/>\n<meta property=\"article:modified_time\" content=\"2025-02-27T16:52:31+00:00\" \/>\n<meta property=\"og:image\" content=\"https:\/\/upload.cdn.baselinker.com\/products\/14476\/86bcc411105e31f0364ae1c8f4939bbf.png\" \/>\n<meta name=\"twitter:card\" content=\"summary_large_image\" \/>\n<meta name=\"twitter:label1\" content=\"Szacowany czas czytania\" \/>\n\t<meta name=\"twitter:data1\" content=\"2 minuty\" \/>\n<script type=\"application\/ld+json\" class=\"yoast-schema-graph\">{\"@context\":\"https:\/\/schema.org\",\"@graph\":[{\"@type\":\"WebPage\",\"@id\":\"https:\/\/bobimarket.pl\/index.php\/produkt\/podpora-do-roslin-kwiatow-6-szt-akcesoria\/\",\"url\":\"https:\/\/bobimarket.pl\/index.php\/produkt\/podpora-do-roslin-kwiatow-6-szt-akcesoria\/\",\"name\":\"PODPORA DO RO\u015aLIN KWIAT\u00d3W 6 szt. + AKCESORIA - BOBIMARKET.pl - Remontuj i urz\u0105dzaj z nami\",\"isPartOf\":{\"@id\":\"https:\/\/bobimarket.pl\/#website\"},\"datePublished\":\"2023-08-30T01:35:50+00:00\",\"dateModified\":\"2025-02-27T16:52:31+00:00\",\"breadcrumb\":{\"@id\":\"https:\/\/bobimarket.pl\/index.php\/produkt\/podpora-do-roslin-kwiatow-6-szt-akcesoria\/#breadcrumb\"},\"inLanguage\":\"pl-PL\",\"potentialAction\":[{\"@type\":\"ReadAction\",\"target\":[\"https:\/\/bobimarket.pl\/index.php\/produkt\/podpora-do-roslin-kwiatow-6-szt-akcesoria\/\"]}]},{\"@type\":\"BreadcrumbList\",\"@id\":\"https:\/\/bobimarket.pl\/index.php\/produkt\/podpora-do-roslin-kwiatow-6-szt-akcesoria\/#breadcrumb\",\"itemListElement\":[{\"@type\":\"ListItem\",\"position\":1,\"name\":\"Strona g\u0142\u00f3wna\",\"item\":\"https:\/\/bobimarket.pl\/\"},{\"@type\":\"ListItem\",\"position\":2,\"name\":\"Sklep\",\"item\":\"https:\/\/bobimarket.pl\/index.php\/shop\/\"},{\"@type\":\"ListItem\",\"position\":3,\"name\":\"PODPORA DO RO\u015aLIN KWIAT\u00d3W 6 szt. + AKCESORIA\"}]},{\"@type\":\"WebSite\",\"@id\":\"https:\/\/bobimarket.pl\/#website\",\"url\":\"https:\/\/bobimarket.pl\/\",\"name\":\"BOBIMARKET.pl - Remontuj i urz\u0105dzaj z nami\",\"description\":\"Remontuj i urz\u0105dzaj z nami\",\"publisher\":{\"@id\":\"https:\/\/bobimarket.pl\/#organization\"},\"potentialAction\":[{\"@type\":\"SearchAction\",\"target\":{\"@type\":\"EntryPoint\",\"urlTemplate\":\"https:\/\/bobimarket.pl\/?s={search_term_string}\"},\"query-input\":\"required name=search_term_string\"}],\"inLanguage\":\"pl-PL\"},{\"@type\":\"Organization\",\"@id\":\"https:\/\/bobimarket.pl\/#organization\",\"name\":\"BOBIMARKET.pl\",\"url\":\"https:\/\/bobimarket.pl\/\",\"logo\":{\"@type\":\"ImageObject\",\"inLanguage\":\"pl-PL\",\"@id\":\"https:\/\/bobimarket.pl\/#\/schema\/logo\/image\/\",\"url\":\"https:\/\/bobimarket.pl\/wp-content\/uploads\/2021\/11\/slogan.png\",\"contentUrl\":\"https:\/\/bobimarket.pl\/wp-content\/uploads\/2021\/11\/slogan.png\",\"width\":2000,\"height\":384,\"caption\":\"BOBIMARKET.pl\"},\"image\":{\"@id\":\"https:\/\/bobimarket.pl\/#\/schema\/logo\/image\/\"}}]}<\/script>\n<!-- \/ Yoast SEO plugin. -->","yoast_head_json":{"title":"PODPORA DO RO\u015aLIN KWIAT\u00d3W 6 szt. + AKCESORIA - BOBIMARKET.pl - Remontuj i urz\u0105dzaj z nami","robots":{"index":"index","follow":"follow","max-snippet":"max-snippet:-1","max-image-preview":"max-image-preview:large","max-video-preview":"max-video-preview:-1"},"canonical":"https:\/\/bobimarket.pl\/index.php\/produkt\/podpora-do-roslin-kwiatow-6-szt-akcesoria\/","og_locale":"pl_PL","og_type":"article","og_title":"PODPORA DO RO\u015aLIN KWIAT\u00d3W 6 szt. + AKCESORIA - BOBIMARKET.pl - Remontuj i urz\u0105dzaj z nami","og_description":"PODPORA DO RO\u015aLIN KWIAT\u00d3W 6 szt. + AKCESORIA Informacje og\u00f3lne: Wymiary: 21 x 35 cm Materia\u0142: stal pokryty tworzywem sztucznym \u015arednica pr\u0119tu: 4 mm Producent: Garden Line \u2705 Komplet sk\u0142ada si\u0119 z nast\u0119puj\u0105cych element\u00f3w: 6 szt. podp\u00f3r 6 szt. tabliczek do opisywanie ro\u015blin 10 szt. spinaczy ogrodowych 1 szt. drutu ogrodniczego 30 m GRATIS! \u2705     Czytaj wi\u0119cej \"PODPORA DO RO\u015aLIN KWIAT\u00d3W 6 szt. + AKCESORIA\"","og_url":"https:\/\/bobimarket.pl\/index.php\/produkt\/podpora-do-roslin-kwiatow-6-szt-akcesoria\/","og_site_name":"BOBIMARKET.pl - Remontuj i urz\u0105dzaj z nami","article_modified_time":"2025-02-27T16:52:31+00:00","og_image":[{"url":"https:\/\/upload.cdn.baselinker.com\/products\/14476\/86bcc411105e31f0364ae1c8f4939bbf.png"}],"twitter_card":"summary_large_image","twitter_misc":{"Szacowany czas czytania":"2 minuty"},"schema":{"@context":"https:\/\/schema.org","@graph":[{"@type":"WebPage","@id":"https:\/\/bobimarket.pl\/index.php\/produkt\/podpora-do-roslin-kwiatow-6-szt-akcesoria\/","url":"https:\/\/bobimarket.pl\/index.php\/produkt\/podpora-do-roslin-kwiatow-6-szt-akcesoria\/","name":"PODPORA DO RO\u015aLIN KWIAT\u00d3W 6 szt. + AKCESORIA - BOBIMARKET.pl - Remontuj i urz\u0105dzaj z nami","isPartOf":{"@id":"https:\/\/bobimarket.pl\/#website"},"datePublished":"2023-08-30T01:35:50+00:00","dateModified":"2025-02-27T16:52:31+00:00","breadcrumb":{"@id":"https:\/\/bobimarket.pl\/index.php\/produkt\/podpora-do-roslin-kwiatow-6-szt-akcesoria\/#breadcrumb"},"inLanguage":"pl-PL","potentialAction":[{"@type":"ReadAction","target":["https:\/\/bobimarket.pl\/index.php\/produkt\/podpora-do-roslin-kwiatow-6-szt-akcesoria\/"]}]},{"@type":"BreadcrumbList","@id":"https:\/\/bobimarket.pl\/index.php\/produkt\/podpora-do-roslin-kwiatow-6-szt-akcesoria\/#breadcrumb","itemListElement":[{"@type":"ListItem","position":1,"name":"Strona g\u0142\u00f3wna","item":"https:\/\/bobimarket.pl\/"},{"@type":"ListItem","position":2,"name":"Sklep","item":"https:\/\/bobimarket.pl\/index.php\/shop\/"},{"@type":"ListItem","position":3,"name":"PODPORA DO RO\u015aLIN KWIAT\u00d3W 6 szt. + AKCESORIA"}]},{"@type":"WebSite","@id":"https:\/\/bobimarket.pl\/#website","url":"https:\/\/bobimarket.pl\/","name":"BOBIMARKET.pl - Remontuj i urz\u0105dzaj z nami","description":"Remontuj i urz\u0105dzaj z nami","publisher":{"@id":"https:\/\/bobimarket.pl\/#organization"},"potentialAction":[{"@type":"SearchAction","target":{"@type":"EntryPoint","urlTemplate":"https:\/\/bobimarket.pl\/?s={search_term_string}"},"query-input":"required name=search_term_string"}],"inLanguage":"pl-PL"},{"@type":"Organization","@id":"https:\/\/bobimarket.pl\/#organization","name":"BOBIMARKET.pl","url":"https:\/\/bobimarket.pl\/","logo":{"@type":"ImageObject","inLanguage":"pl-PL","@id":"https:\/\/bobimarket.pl\/#\/schema\/logo\/image\/","url":"https:\/\/bobimarket.pl\/wp-content\/uploads\/2021\/11\/slogan.png","contentUrl":"https:\/\/bobimarket.pl\/wp-content\/uploads\/2021\/11\/slogan.png","width":2000,"height":384,"caption":"BOBIMARKET.pl"},"image":{"@id":"https:\/\/bobimarket.pl\/#\/schema\/logo\/image\/"}}]}},"_links":{"self":[{"href":"https:\/\/bobimarket.pl\/index.php\/wp-json\/wp\/v2\/product\/88043"}],"collection":[{"href":"https:\/\/bobimarket.pl\/index.php\/wp-json\/wp\/v2\/product"}],"about":[{"href":"https:\/\/bobimarket.pl\/index.php\/wp-json\/wp\/v2\/types\/product"}],"wp:featuredmedia":[{"embeddable":true,"href":"https:\/\/bobimarket.pl\/index.php\/wp-json\/wp\/v2\/media\/88039"}],"wp:attachment":[{"href":"https:\/\/bobimarket.pl\/index.php\/wp-json\/wp\/v2\/media?parent=88043"}],"wp:term":[{"taxonomy":"product_cat","embeddable":true,"href":"https:\/\/bobimarket.pl\/index.php\/wp-json\/wp\/v2\/product_cat?post=88043"},{"taxonomy":"product_tag","embeddable":true,"href":"https:\/\/bobimarket.pl\/index.php\/wp-json\/wp\/v2\/product_tag?post=88043"}],"curies":[{"name":"wp","href":"https:\/\/api.w.org\/{rel}","templated":true}]}}