{"id":88153,"date":"2023-08-30T01:44:20","date_gmt":"2023-08-30T01:44:20","guid":{"rendered":"https:\/\/bobimarket.pl\/index.php\/produkt\/szklarnia-klosz-ochronny-do-roslin-kaptur\/"},"modified":"2025-02-27T15:02:45","modified_gmt":"2025-02-27T15:02:45","slug":"szklarnia-klosz-ochronny-do-roslin-kaptur","status":"publish","type":"product","link":"https:\/\/bobimarket.pl\/index.php\/produkt\/szklarnia-klosz-ochronny-do-roslin-kaptur\/","title":{"rendered":"SZKLARNIA KLOSZ OCHRONNY DO RO\u015aLIN KAPTUR"},"content":{"rendered":"<section class=\"section\">\n<div class=\"item item-6\">\n<section class=\"image-item\">\n            <img decoding=\"async\" src=\"https:\/\/upload.cdn.baselinker.com\/products\/14476\/31ae8ecbcf8b202d2a7b18a0919a437f.jpg\" \/><br \/>\n        <\/section>\n<\/p><\/div>\n<div class=\"item item-6\">\n<section class=\"text-item\">\n<h2>SZKLARNIA KLOSZ OCHRONNY DO RO\u015aLIN KAPTUR<\/h2>\n<p><b>Informacje og\u00f3lne: <\/b><\/p>\n<ul>\n<li>\u015arednica: 20,3 cm<\/li>\n<li>Wysoko\u015b\u0107: 17,1 cm<\/li>\n<li>Producent: GardenLine<\/li>\n<\/ul>\n<p><b>\u2705 Zestaw sk\u0142ada si\u0119 z nast\u0119puj\u0105cych element\u00f3w:<\/b><\/p>\n<ul>\n<li>klosz ochronny do ro\u015blin<\/li>\n<li>3 kotwy mocuj\u0105ce<\/li>\n<\/ul>\n<\/section><\/div>\n<\/section>\n<section class=\"section\">\n<div class=\"item item-6\">\n<section class=\"image-item\">\n            <img decoding=\"async\" src=\"https:\/\/upload.cdn.baselinker.com\/products\/14476\/31ae8ecbcf8b202d2a7b18a0919a437f.jpg\" \/><br \/>\n        <\/section>\n<\/p><\/div>\n<div class=\"item item-6\">\n<section class=\"text-item\">\n<p><b>Praktyczny element, kt\u00f3ry pozwoli Ci zadba\u0107 o ro\u015bliny!<\/b><\/p>\n<p>Klosz ochronny s\u0142u\u017c\u0105cy do ochrony m\u0142odych ro\u015blin przed przymrozkami i wspomaga ich rozw\u00f3j. Klosz tworzy odpowiedni mikroklimat i chroni ro\u015blin\u0119 przed przymrozkami, \u015bniegiem lub mocniejszym deszczem.<\/p>\n<ul>\n<li><b>Do okrywanie m\u0142odych ro\u015blin,<\/b> zw\u0142aszcza w okresie wczesnego wzrostu.<\/li>\n<li><b>Tworz\u0105 pozytywny mikroklimat<\/b> dla ro\u015blin, zapewniaj\u0105 komfort cieplny.<\/li>\n<li><b>Chroni przez wahaniami temperatury,<\/b> opadami \u015bniegu lub deszcze, a tak\u017ce ptakami.<\/li>\n<\/ul>\n<p>\u00a0<\/p>\n<\/section><\/div>\n<\/section>\n<section class=\"section\">\n<div class=\"item item-6\">\n<section class=\"image-item\">\n            <img decoding=\"async\" src=\"https:\/\/upload.cdn.baselinker.com\/products\/14476\/31ae8ecbcf8b202d2a7b18a0919a437f.jpg\" \/><br \/>\n        <\/section>\n<\/p><\/div>\n<div class=\"item item-6\">\n<section class=\"text-item\">\n<p><b>\u2705<\/b><b> Idealny dla ro\u015bliny<\/b><\/p>\n<ul>\n<li>Klosz sprawdzi si\u0119 zar\u00f3wno w sadownictwie jak i ogrodnictwie. Stanowi doskona\u0142y <b>element wspomagaj\u0105cy rozw\u00f3j ro\u015bliny<\/b>, a tak\u017ce pe\u0142ni funkcj\u0119 ochronn\u0105.<\/li>\n<li><b>Gwarantuje odpowiedni\u0105 gospodark\u0119 wodn\u0105 oraz wentylacj\u0119<\/b> pozytywnie wp\u0142ywaj\u0105c na rozw\u00f3j ro\u015bliny.<\/li>\n<\/ul>\n<p><b>\u2705<\/b><b>\u00a0 \u0141atwy w zastosowaniu.<\/b><\/p>\n<ul>\n<li><b>Monta\u017c klosza jest bardzo prosty,<\/b> nale\u017cy go przymocowa\u0107 do\u0142\u0105czonymi do zestawu kotwami. Klosz stabilnie trzyma si\u0119 pod\u0142o\u017ca. Kotwy z \u0142atwo\u015bci\u0105 mo\u017cna r\u00f3wnie\u017c wyci\u0105gn\u0105\u0107 je\u017celi zachodzi taka potrzeba.<\/li>\n<li>Klosz<b> \u0142atwo si\u0119 czy\u015bci i jest solidnie wykonany.<\/b> Dodatkowo do produkcji u\u017cyto wytrzyma\u0142ego tworzywa sztucznego, co gwarantuje d\u0142ugotrwa\u0142e u\u017cytkowanie.<\/li>\n<\/ul>\n<\/section><\/div>\n<\/section>\n","protected":false},"excerpt":{"rendered":"<p>SZKLARNIA KLOSZ OCHRONNY DO RO\u015aLIN KAPTUR Informacje og\u00f3lne: \u015arednica: 20,3 cm Wysoko\u015b\u0107: 17,1 cm Producent: GardenLine \u2705 Zestaw sk\u0142ada si\u0119 z nast\u0119puj\u0105cych element\u00f3w: klosz ochronny do ro\u015blin 3 kotwy mocuj\u0105ce Praktyczny element, kt\u00f3ry pozwoli Ci zadba\u0107 o ro\u015bliny! Klosz ochronny s\u0142u\u017c\u0105cy do ochrony m\u0142odych ro\u015blin przed przymrozkami i wspomaga ich rozw\u00f3j. Klosz tworzy odpowiedni mikroklimat<br \/><a class=\"more-link\" href=\"https:\/\/bobimarket.pl\/index.php\/produkt\/szklarnia-klosz-ochronny-do-roslin-kaptur\/\"><br \/>\n        Czytaj wi\u0119cej<span class=\"screen-reader-text\"> &#8222;SZKLARNIA KLOSZ OCHRONNY DO RO\u015aLIN KAPTUR&#8221;<\/span><\/a><\/p>\n","protected":false},"featured_media":88152,"template":"","meta":[],"product_cat":[8345],"product_tag":[],"yoast_head":"<!-- This site is optimized with the Yoast SEO plugin v21.0 - https:\/\/yoast.com\/wordpress\/plugins\/seo\/ -->\n<title>SZKLARNIA KLOSZ OCHRONNY DO RO\u015aLIN KAPTUR - BOBIMARKET.pl - Remontuj i urz\u0105dzaj z nami<\/title>\n<meta name=\"robots\" content=\"index, follow, max-snippet:-1, max-image-preview:large, max-video-preview:-1\" \/>\n<link rel=\"canonical\" href=\"https:\/\/bobimarket.pl\/index.php\/produkt\/szklarnia-klosz-ochronny-do-roslin-kaptur\/\" \/>\n<meta property=\"og:locale\" content=\"pl_PL\" \/>\n<meta property=\"og:type\" content=\"article\" \/>\n<meta property=\"og:title\" content=\"SZKLARNIA KLOSZ OCHRONNY DO RO\u015aLIN KAPTUR - BOBIMARKET.pl - Remontuj i urz\u0105dzaj z nami\" \/>\n<meta property=\"og:description\" content=\"SZKLARNIA KLOSZ OCHRONNY DO RO\u015aLIN KAPTUR Informacje og\u00f3lne: \u015arednica: 20,3 cm Wysoko\u015b\u0107: 17,1 cm Producent: GardenLine \u2705 Zestaw sk\u0142ada si\u0119 z nast\u0119puj\u0105cych element\u00f3w: klosz ochronny do ro\u015blin 3 kotwy mocuj\u0105ce Praktyczny element, kt\u00f3ry pozwoli Ci zadba\u0107 o ro\u015bliny! Klosz ochronny s\u0142u\u017c\u0105cy do ochrony m\u0142odych ro\u015blin przed przymrozkami i wspomaga ich rozw\u00f3j. Klosz tworzy odpowiedni mikroklimat     Czytaj wi\u0119cej &quot;SZKLARNIA KLOSZ OCHRONNY DO RO\u015aLIN KAPTUR&quot;\" \/>\n<meta property=\"og:url\" content=\"https:\/\/bobimarket.pl\/index.php\/produkt\/szklarnia-klosz-ochronny-do-roslin-kaptur\/\" \/>\n<meta property=\"og:site_name\" content=\"BOBIMARKET.pl - Remontuj i urz\u0105dzaj z nami\" \/>\n<meta property=\"article:modified_time\" content=\"2025-02-27T15:02:45+00:00\" \/>\n<meta property=\"og:image\" content=\"https:\/\/upload.cdn.baselinker.com\/products\/14476\/31ae8ecbcf8b202d2a7b18a0919a437f.jpg\" \/>\n<meta name=\"twitter:card\" content=\"summary_large_image\" \/>\n<meta name=\"twitter:label1\" content=\"Szacowany czas czytania\" \/>\n\t<meta name=\"twitter:data1\" content=\"1 minuta\" \/>\n<script type=\"application\/ld+json\" class=\"yoast-schema-graph\">{\"@context\":\"https:\/\/schema.org\",\"@graph\":[{\"@type\":\"WebPage\",\"@id\":\"https:\/\/bobimarket.pl\/index.php\/produkt\/szklarnia-klosz-ochronny-do-roslin-kaptur\/\",\"url\":\"https:\/\/bobimarket.pl\/index.php\/produkt\/szklarnia-klosz-ochronny-do-roslin-kaptur\/\",\"name\":\"SZKLARNIA KLOSZ OCHRONNY DO RO\u015aLIN KAPTUR - BOBIMARKET.pl - Remontuj i urz\u0105dzaj z nami\",\"isPartOf\":{\"@id\":\"https:\/\/bobimarket.pl\/#website\"},\"datePublished\":\"2023-08-30T01:44:20+00:00\",\"dateModified\":\"2025-02-27T15:02:45+00:00\",\"breadcrumb\":{\"@id\":\"https:\/\/bobimarket.pl\/index.php\/produkt\/szklarnia-klosz-ochronny-do-roslin-kaptur\/#breadcrumb\"},\"inLanguage\":\"pl-PL\",\"potentialAction\":[{\"@type\":\"ReadAction\",\"target\":[\"https:\/\/bobimarket.pl\/index.php\/produkt\/szklarnia-klosz-ochronny-do-roslin-kaptur\/\"]}]},{\"@type\":\"BreadcrumbList\",\"@id\":\"https:\/\/bobimarket.pl\/index.php\/produkt\/szklarnia-klosz-ochronny-do-roslin-kaptur\/#breadcrumb\",\"itemListElement\":[{\"@type\":\"ListItem\",\"position\":1,\"name\":\"Strona g\u0142\u00f3wna\",\"item\":\"https:\/\/bobimarket.pl\/\"},{\"@type\":\"ListItem\",\"position\":2,\"name\":\"Sklep\",\"item\":\"https:\/\/bobimarket.pl\/index.php\/shop\/\"},{\"@type\":\"ListItem\",\"position\":3,\"name\":\"SZKLARNIA KLOSZ OCHRONNY DO RO\u015aLIN KAPTUR\"}]},{\"@type\":\"WebSite\",\"@id\":\"https:\/\/bobimarket.pl\/#website\",\"url\":\"https:\/\/bobimarket.pl\/\",\"name\":\"BOBIMARKET.pl - Remontuj i urz\u0105dzaj z nami\",\"description\":\"Remontuj i urz\u0105dzaj z nami\",\"publisher\":{\"@id\":\"https:\/\/bobimarket.pl\/#organization\"},\"potentialAction\":[{\"@type\":\"SearchAction\",\"target\":{\"@type\":\"EntryPoint\",\"urlTemplate\":\"https:\/\/bobimarket.pl\/?s={search_term_string}\"},\"query-input\":\"required name=search_term_string\"}],\"inLanguage\":\"pl-PL\"},{\"@type\":\"Organization\",\"@id\":\"https:\/\/bobimarket.pl\/#organization\",\"name\":\"BOBIMARKET.pl\",\"url\":\"https:\/\/bobimarket.pl\/\",\"logo\":{\"@type\":\"ImageObject\",\"inLanguage\":\"pl-PL\",\"@id\":\"https:\/\/bobimarket.pl\/#\/schema\/logo\/image\/\",\"url\":\"https:\/\/bobimarket.pl\/wp-content\/uploads\/2021\/11\/slogan.png\",\"contentUrl\":\"https:\/\/bobimarket.pl\/wp-content\/uploads\/2021\/11\/slogan.png\",\"width\":2000,\"height\":384,\"caption\":\"BOBIMARKET.pl\"},\"image\":{\"@id\":\"https:\/\/bobimarket.pl\/#\/schema\/logo\/image\/\"}}]}<\/script>\n<!-- \/ Yoast SEO plugin. -->","yoast_head_json":{"title":"SZKLARNIA KLOSZ OCHRONNY DO RO\u015aLIN KAPTUR - BOBIMARKET.pl - Remontuj i urz\u0105dzaj z nami","robots":{"index":"index","follow":"follow","max-snippet":"max-snippet:-1","max-image-preview":"max-image-preview:large","max-video-preview":"max-video-preview:-1"},"canonical":"https:\/\/bobimarket.pl\/index.php\/produkt\/szklarnia-klosz-ochronny-do-roslin-kaptur\/","og_locale":"pl_PL","og_type":"article","og_title":"SZKLARNIA KLOSZ OCHRONNY DO RO\u015aLIN KAPTUR - BOBIMARKET.pl - Remontuj i urz\u0105dzaj z nami","og_description":"SZKLARNIA KLOSZ OCHRONNY DO RO\u015aLIN KAPTUR Informacje og\u00f3lne: \u015arednica: 20,3 cm Wysoko\u015b\u0107: 17,1 cm Producent: GardenLine \u2705 Zestaw sk\u0142ada si\u0119 z nast\u0119puj\u0105cych element\u00f3w: klosz ochronny do ro\u015blin 3 kotwy mocuj\u0105ce Praktyczny element, kt\u00f3ry pozwoli Ci zadba\u0107 o ro\u015bliny! Klosz ochronny s\u0142u\u017c\u0105cy do ochrony m\u0142odych ro\u015blin przed przymrozkami i wspomaga ich rozw\u00f3j. Klosz tworzy odpowiedni mikroklimat     Czytaj wi\u0119cej \"SZKLARNIA KLOSZ OCHRONNY DO RO\u015aLIN KAPTUR\"","og_url":"https:\/\/bobimarket.pl\/index.php\/produkt\/szklarnia-klosz-ochronny-do-roslin-kaptur\/","og_site_name":"BOBIMARKET.pl - Remontuj i urz\u0105dzaj z nami","article_modified_time":"2025-02-27T15:02:45+00:00","og_image":[{"url":"https:\/\/upload.cdn.baselinker.com\/products\/14476\/31ae8ecbcf8b202d2a7b18a0919a437f.jpg"}],"twitter_card":"summary_large_image","twitter_misc":{"Szacowany czas czytania":"1 minuta"},"schema":{"@context":"https:\/\/schema.org","@graph":[{"@type":"WebPage","@id":"https:\/\/bobimarket.pl\/index.php\/produkt\/szklarnia-klosz-ochronny-do-roslin-kaptur\/","url":"https:\/\/bobimarket.pl\/index.php\/produkt\/szklarnia-klosz-ochronny-do-roslin-kaptur\/","name":"SZKLARNIA KLOSZ OCHRONNY DO RO\u015aLIN KAPTUR - BOBIMARKET.pl - Remontuj i urz\u0105dzaj z nami","isPartOf":{"@id":"https:\/\/bobimarket.pl\/#website"},"datePublished":"2023-08-30T01:44:20+00:00","dateModified":"2025-02-27T15:02:45+00:00","breadcrumb":{"@id":"https:\/\/bobimarket.pl\/index.php\/produkt\/szklarnia-klosz-ochronny-do-roslin-kaptur\/#breadcrumb"},"inLanguage":"pl-PL","potentialAction":[{"@type":"ReadAction","target":["https:\/\/bobimarket.pl\/index.php\/produkt\/szklarnia-klosz-ochronny-do-roslin-kaptur\/"]}]},{"@type":"BreadcrumbList","@id":"https:\/\/bobimarket.pl\/index.php\/produkt\/szklarnia-klosz-ochronny-do-roslin-kaptur\/#breadcrumb","itemListElement":[{"@type":"ListItem","position":1,"name":"Strona g\u0142\u00f3wna","item":"https:\/\/bobimarket.pl\/"},{"@type":"ListItem","position":2,"name":"Sklep","item":"https:\/\/bobimarket.pl\/index.php\/shop\/"},{"@type":"ListItem","position":3,"name":"SZKLARNIA KLOSZ OCHRONNY DO RO\u015aLIN KAPTUR"}]},{"@type":"WebSite","@id":"https:\/\/bobimarket.pl\/#website","url":"https:\/\/bobimarket.pl\/","name":"BOBIMARKET.pl - Remontuj i urz\u0105dzaj z nami","description":"Remontuj i urz\u0105dzaj z nami","publisher":{"@id":"https:\/\/bobimarket.pl\/#organization"},"potentialAction":[{"@type":"SearchAction","target":{"@type":"EntryPoint","urlTemplate":"https:\/\/bobimarket.pl\/?s={search_term_string}"},"query-input":"required name=search_term_string"}],"inLanguage":"pl-PL"},{"@type":"Organization","@id":"https:\/\/bobimarket.pl\/#organization","name":"BOBIMARKET.pl","url":"https:\/\/bobimarket.pl\/","logo":{"@type":"ImageObject","inLanguage":"pl-PL","@id":"https:\/\/bobimarket.pl\/#\/schema\/logo\/image\/","url":"https:\/\/bobimarket.pl\/wp-content\/uploads\/2021\/11\/slogan.png","contentUrl":"https:\/\/bobimarket.pl\/wp-content\/uploads\/2021\/11\/slogan.png","width":2000,"height":384,"caption":"BOBIMARKET.pl"},"image":{"@id":"https:\/\/bobimarket.pl\/#\/schema\/logo\/image\/"}}]}},"_links":{"self":[{"href":"https:\/\/bobimarket.pl\/index.php\/wp-json\/wp\/v2\/product\/88153"}],"collection":[{"href":"https:\/\/bobimarket.pl\/index.php\/wp-json\/wp\/v2\/product"}],"about":[{"href":"https:\/\/bobimarket.pl\/index.php\/wp-json\/wp\/v2\/types\/product"}],"wp:featuredmedia":[{"embeddable":true,"href":"https:\/\/bobimarket.pl\/index.php\/wp-json\/wp\/v2\/media\/88152"}],"wp:attachment":[{"href":"https:\/\/bobimarket.pl\/index.php\/wp-json\/wp\/v2\/media?parent=88153"}],"wp:term":[{"taxonomy":"product_cat","embeddable":true,"href":"https:\/\/bobimarket.pl\/index.php\/wp-json\/wp\/v2\/product_cat?post=88153"},{"taxonomy":"product_tag","embeddable":true,"href":"https:\/\/bobimarket.pl\/index.php\/wp-json\/wp\/v2\/product_tag?post=88153"}],"curies":[{"name":"wp","href":"https:\/\/api.w.org\/{rel}","templated":true}]}}