{"id":88159,"date":"2023-08-30T01:45:04","date_gmt":"2023-08-30T01:45:04","guid":{"rendered":"https:\/\/bobimarket.pl\/index.php\/produkt\/sadzarka-do-cebulek-sadzonek-kwiatow-pikownik\/"},"modified":"2025-02-27T15:02:49","modified_gmt":"2025-02-27T15:02:49","slug":"sadzarka-do-cebulek-sadzonek-kwiatow-pikownik","status":"publish","type":"product","link":"https:\/\/bobimarket.pl\/index.php\/produkt\/sadzarka-do-cebulek-sadzonek-kwiatow-pikownik\/","title":{"rendered":"SADZARKA DO CEBULEK SADZONEK KWIAT\u00d3W PIKOWNIK"},"content":{"rendered":"<section class=\"section\">\n<div class=\"item item-6\">\n<section class=\"image-item\">\n            <img decoding=\"async\" src=\"https:\/\/upload.cdn.baselinker.com\/products\/14476\/a61c968e16ec7fd2107baef1c5c3674e.jpg\" \/><br \/>\n        <\/section>\n<\/p><\/div>\n<div class=\"item item-6\">\n<section class=\"text-item\">\n<h2>SADZARKA DO CEBULEK SADZONEK KWIAT\u00d3W PIKOWNIK<\/h2>\n<ul>\n<li>Rodzaj: sadzarka do cebulek<\/li>\n<li>Wykonanie: metal, tworzywo sztuczne<\/li>\n<\/ul>\n<\/section><\/div>\n<\/section>\n<section class=\"section\">\n<div class=\"item item-6\">\n<section class=\"image-item\">\n            <img decoding=\"async\" src=\"https:\/\/upload.cdn.baselinker.com\/products\/14476\/2e9306ec8fe13e2c07aa38dc3f65eae9.jpg\" \/><br \/>\n        <\/section>\n<\/p><\/div>\n<div class=\"item item-6\">\n<section class=\"text-item\">\n<p><b>Praktyczne narz\u0119dzie, kt\u00f3re u\u0142atwi prac\u0119 w ogrodzie! B\u0142yskawiczna sadzarka do cebulek!<\/b><\/p>\n<p>R\u0119czna sadzarka do ro\u015blin \u015bwietnie sprawdzi si\u0119 podczas jesiennego lub wiosennego sadzenia cebul. S\u0142u\u017cy <b>do wykonywania otwor\u00f3w<\/b> w ziemi pod cebulki kwiatowe\u00a0 Sprawdzi si\u0119 r\u00f3wnie\u017c <b>do przesadzanie ma\u0142ych ro\u015blin <\/b>wraz z ziemi\u0105 i systemem korzeniowym.<\/p>\n<ul>\n<li>Solidnie wykonana, wyposa\u017cona w wygodn\u0105 r\u0105czk\u0119.<\/li>\n<li>Przyspiesza i u\u0142atwia sadzenie cebulek i przesadzanie kwiat\u00f3w.<\/li>\n<li>\u0141atwa w u\u017cyciu, przydatna podczas prac w ogrodzie.<\/li>\n<\/ul>\n<\/section><\/div>\n<\/section>\n<section class=\"section\">\n<div class=\"item item-6\">\n<section class=\"image-item\">\n            <img decoding=\"async\" src=\"https:\/\/upload.cdn.baselinker.com\/products\/14476\/a25448612bc7bfa1ff4fdb0582cf7f91.jpg\" \/><br \/>\n        <\/section>\n<\/p><\/div>\n<div class=\"item item-6\">\n<section class=\"text-item\">\n<p><b>\u2705<\/b><b> Komfort pracy<\/b><\/p>\n<ul>\n<li>Sadzarka <b>umo\u017cliwia szybk\u0105 prac\u0119<\/b>. R\u0105czka wykonana z tworzywa sztucznego idealnie dopasowuje si\u0119 do d\u0142oni i zapewnia wygodn\u0105 prac\u0119.<\/li>\n<li>Z\u0105bkowane brzegi <b>umo\u017cliwiaj\u0105 wykonanie do\u0142ka nawet w twardszym pod\u0142o\u017cu.<\/b> Spust uchwytu pozwala natomiast na delikatne zwolnienie ziemi i zasypanie otworu.<\/li>\n<\/ul>\n<p><b>\u2705<\/b><b> Uniwersalne zastosowanie<\/b><\/p>\n<ul>\n<li>Sadzark\u0119 mo\u017cna wykorzysta\u0107 <b>do sadzenia cebulek r\u00f3\u017cnego rodzaju ro\u015blin.<\/b> Narz\u0119dzie znacznie przyspiesza ca\u0142y proces. W kilku sekund wykopiesz do\u0142ek, posadzisz cebulk\u0119 i zakopiesz j\u0105.\u00a0<\/li>\n<li>Sadzarka umo\u017cliwia r\u00f3wnie\u017c przesadzanie ca\u0142ych ro\u015blin. W ten spos\u00f3b mo\u017cesz <b>przesadzi\u0107 kwiat wraz z jego systemem korzeniowym,<\/b> co nie b\u0119dzie wymaga\u0142o u\u017cycia du\u017cego nak\u0142adu si\u0142y.\u00a0<\/li>\n<\/ul>\n<\/section><\/div>\n<\/section>\n","protected":false},"excerpt":{"rendered":"<p>SADZARKA DO CEBULEK SADZONEK KWIAT\u00d3W PIKOWNIK Rodzaj: sadzarka do cebulek Wykonanie: metal, tworzywo sztuczne Praktyczne narz\u0119dzie, kt\u00f3re u\u0142atwi prac\u0119 w ogrodzie! B\u0142yskawiczna sadzarka do cebulek! R\u0119czna sadzarka do ro\u015blin \u015bwietnie sprawdzi si\u0119 podczas jesiennego lub wiosennego sadzenia cebul. S\u0142u\u017cy do wykonywania otwor\u00f3w w ziemi pod cebulki kwiatowe\u00a0 Sprawdzi si\u0119 r\u00f3wnie\u017c do przesadzanie ma\u0142ych ro\u015blin wraz<br \/><a class=\"more-link\" href=\"https:\/\/bobimarket.pl\/index.php\/produkt\/sadzarka-do-cebulek-sadzonek-kwiatow-pikownik\/\"><br \/>\n        Czytaj wi\u0119cej<span class=\"screen-reader-text\"> &#8222;SADZARKA DO CEBULEK SADZONEK KWIAT\u00d3W PIKOWNIK&#8221;<\/span><\/a><\/p>\n","protected":false},"featured_media":88154,"template":"","meta":[],"product_cat":[8306],"product_tag":[],"yoast_head":"<!-- This site is optimized with the Yoast SEO plugin v21.0 - https:\/\/yoast.com\/wordpress\/plugins\/seo\/ -->\n<title>SADZARKA DO CEBULEK SADZONEK KWIAT\u00d3W PIKOWNIK - BOBIMARKET.pl - Remontuj i urz\u0105dzaj z nami<\/title>\n<meta name=\"robots\" content=\"index, follow, max-snippet:-1, max-image-preview:large, max-video-preview:-1\" \/>\n<link rel=\"canonical\" href=\"https:\/\/bobimarket.pl\/index.php\/produkt\/sadzarka-do-cebulek-sadzonek-kwiatow-pikownik\/\" \/>\n<meta property=\"og:locale\" content=\"pl_PL\" \/>\n<meta property=\"og:type\" content=\"article\" \/>\n<meta property=\"og:title\" content=\"SADZARKA DO CEBULEK SADZONEK KWIAT\u00d3W PIKOWNIK - BOBIMARKET.pl - Remontuj i urz\u0105dzaj z nami\" \/>\n<meta property=\"og:description\" content=\"SADZARKA DO CEBULEK SADZONEK KWIAT\u00d3W PIKOWNIK Rodzaj: sadzarka do cebulek Wykonanie: metal, tworzywo sztuczne Praktyczne narz\u0119dzie, kt\u00f3re u\u0142atwi prac\u0119 w ogrodzie! B\u0142yskawiczna sadzarka do cebulek! R\u0119czna sadzarka do ro\u015blin \u015bwietnie sprawdzi si\u0119 podczas jesiennego lub wiosennego sadzenia cebul. S\u0142u\u017cy do wykonywania otwor\u00f3w w ziemi pod cebulki kwiatowe\u00a0 Sprawdzi si\u0119 r\u00f3wnie\u017c do przesadzanie ma\u0142ych ro\u015blin wraz     Czytaj wi\u0119cej &quot;SADZARKA DO CEBULEK SADZONEK KWIAT\u00d3W PIKOWNIK&quot;\" \/>\n<meta property=\"og:url\" content=\"https:\/\/bobimarket.pl\/index.php\/produkt\/sadzarka-do-cebulek-sadzonek-kwiatow-pikownik\/\" \/>\n<meta property=\"og:site_name\" content=\"BOBIMARKET.pl - Remontuj i urz\u0105dzaj z nami\" \/>\n<meta property=\"article:modified_time\" content=\"2025-02-27T15:02:49+00:00\" \/>\n<meta property=\"og:image\" content=\"https:\/\/upload.cdn.baselinker.com\/products\/14476\/a61c968e16ec7fd2107baef1c5c3674e.jpg\" \/>\n<meta name=\"twitter:card\" content=\"summary_large_image\" \/>\n<meta name=\"twitter:label1\" content=\"Szacowany czas czytania\" \/>\n\t<meta name=\"twitter:data1\" content=\"1 minuta\" \/>\n<script type=\"application\/ld+json\" class=\"yoast-schema-graph\">{\"@context\":\"https:\/\/schema.org\",\"@graph\":[{\"@type\":\"WebPage\",\"@id\":\"https:\/\/bobimarket.pl\/index.php\/produkt\/sadzarka-do-cebulek-sadzonek-kwiatow-pikownik\/\",\"url\":\"https:\/\/bobimarket.pl\/index.php\/produkt\/sadzarka-do-cebulek-sadzonek-kwiatow-pikownik\/\",\"name\":\"SADZARKA DO CEBULEK SADZONEK KWIAT\u00d3W PIKOWNIK - BOBIMARKET.pl - Remontuj i urz\u0105dzaj z nami\",\"isPartOf\":{\"@id\":\"https:\/\/bobimarket.pl\/#website\"},\"datePublished\":\"2023-08-30T01:45:04+00:00\",\"dateModified\":\"2025-02-27T15:02:49+00:00\",\"breadcrumb\":{\"@id\":\"https:\/\/bobimarket.pl\/index.php\/produkt\/sadzarka-do-cebulek-sadzonek-kwiatow-pikownik\/#breadcrumb\"},\"inLanguage\":\"pl-PL\",\"potentialAction\":[{\"@type\":\"ReadAction\",\"target\":[\"https:\/\/bobimarket.pl\/index.php\/produkt\/sadzarka-do-cebulek-sadzonek-kwiatow-pikownik\/\"]}]},{\"@type\":\"BreadcrumbList\",\"@id\":\"https:\/\/bobimarket.pl\/index.php\/produkt\/sadzarka-do-cebulek-sadzonek-kwiatow-pikownik\/#breadcrumb\",\"itemListElement\":[{\"@type\":\"ListItem\",\"position\":1,\"name\":\"Strona g\u0142\u00f3wna\",\"item\":\"https:\/\/bobimarket.pl\/\"},{\"@type\":\"ListItem\",\"position\":2,\"name\":\"Sklep\",\"item\":\"https:\/\/bobimarket.pl\/index.php\/shop\/\"},{\"@type\":\"ListItem\",\"position\":3,\"name\":\"SADZARKA DO CEBULEK SADZONEK KWIAT\u00d3W PIKOWNIK\"}]},{\"@type\":\"WebSite\",\"@id\":\"https:\/\/bobimarket.pl\/#website\",\"url\":\"https:\/\/bobimarket.pl\/\",\"name\":\"BOBIMARKET.pl - Remontuj i urz\u0105dzaj z nami\",\"description\":\"Remontuj i urz\u0105dzaj z nami\",\"publisher\":{\"@id\":\"https:\/\/bobimarket.pl\/#organization\"},\"potentialAction\":[{\"@type\":\"SearchAction\",\"target\":{\"@type\":\"EntryPoint\",\"urlTemplate\":\"https:\/\/bobimarket.pl\/?s={search_term_string}\"},\"query-input\":\"required name=search_term_string\"}],\"inLanguage\":\"pl-PL\"},{\"@type\":\"Organization\",\"@id\":\"https:\/\/bobimarket.pl\/#organization\",\"name\":\"BOBIMARKET.pl\",\"url\":\"https:\/\/bobimarket.pl\/\",\"logo\":{\"@type\":\"ImageObject\",\"inLanguage\":\"pl-PL\",\"@id\":\"https:\/\/bobimarket.pl\/#\/schema\/logo\/image\/\",\"url\":\"https:\/\/bobimarket.pl\/wp-content\/uploads\/2021\/11\/slogan.png\",\"contentUrl\":\"https:\/\/bobimarket.pl\/wp-content\/uploads\/2021\/11\/slogan.png\",\"width\":2000,\"height\":384,\"caption\":\"BOBIMARKET.pl\"},\"image\":{\"@id\":\"https:\/\/bobimarket.pl\/#\/schema\/logo\/image\/\"}}]}<\/script>\n<!-- \/ Yoast SEO plugin. -->","yoast_head_json":{"title":"SADZARKA DO CEBULEK SADZONEK KWIAT\u00d3W PIKOWNIK - BOBIMARKET.pl - Remontuj i urz\u0105dzaj z nami","robots":{"index":"index","follow":"follow","max-snippet":"max-snippet:-1","max-image-preview":"max-image-preview:large","max-video-preview":"max-video-preview:-1"},"canonical":"https:\/\/bobimarket.pl\/index.php\/produkt\/sadzarka-do-cebulek-sadzonek-kwiatow-pikownik\/","og_locale":"pl_PL","og_type":"article","og_title":"SADZARKA DO CEBULEK SADZONEK KWIAT\u00d3W PIKOWNIK - BOBIMARKET.pl - Remontuj i urz\u0105dzaj z nami","og_description":"SADZARKA DO CEBULEK SADZONEK KWIAT\u00d3W PIKOWNIK Rodzaj: sadzarka do cebulek Wykonanie: metal, tworzywo sztuczne Praktyczne narz\u0119dzie, kt\u00f3re u\u0142atwi prac\u0119 w ogrodzie! B\u0142yskawiczna sadzarka do cebulek! R\u0119czna sadzarka do ro\u015blin \u015bwietnie sprawdzi si\u0119 podczas jesiennego lub wiosennego sadzenia cebul. S\u0142u\u017cy do wykonywania otwor\u00f3w w ziemi pod cebulki kwiatowe\u00a0 Sprawdzi si\u0119 r\u00f3wnie\u017c do przesadzanie ma\u0142ych ro\u015blin wraz     Czytaj wi\u0119cej \"SADZARKA DO CEBULEK SADZONEK KWIAT\u00d3W PIKOWNIK\"","og_url":"https:\/\/bobimarket.pl\/index.php\/produkt\/sadzarka-do-cebulek-sadzonek-kwiatow-pikownik\/","og_site_name":"BOBIMARKET.pl - Remontuj i urz\u0105dzaj z nami","article_modified_time":"2025-02-27T15:02:49+00:00","og_image":[{"url":"https:\/\/upload.cdn.baselinker.com\/products\/14476\/a61c968e16ec7fd2107baef1c5c3674e.jpg"}],"twitter_card":"summary_large_image","twitter_misc":{"Szacowany czas czytania":"1 minuta"},"schema":{"@context":"https:\/\/schema.org","@graph":[{"@type":"WebPage","@id":"https:\/\/bobimarket.pl\/index.php\/produkt\/sadzarka-do-cebulek-sadzonek-kwiatow-pikownik\/","url":"https:\/\/bobimarket.pl\/index.php\/produkt\/sadzarka-do-cebulek-sadzonek-kwiatow-pikownik\/","name":"SADZARKA DO CEBULEK SADZONEK KWIAT\u00d3W PIKOWNIK - BOBIMARKET.pl - Remontuj i urz\u0105dzaj z nami","isPartOf":{"@id":"https:\/\/bobimarket.pl\/#website"},"datePublished":"2023-08-30T01:45:04+00:00","dateModified":"2025-02-27T15:02:49+00:00","breadcrumb":{"@id":"https:\/\/bobimarket.pl\/index.php\/produkt\/sadzarka-do-cebulek-sadzonek-kwiatow-pikownik\/#breadcrumb"},"inLanguage":"pl-PL","potentialAction":[{"@type":"ReadAction","target":["https:\/\/bobimarket.pl\/index.php\/produkt\/sadzarka-do-cebulek-sadzonek-kwiatow-pikownik\/"]}]},{"@type":"BreadcrumbList","@id":"https:\/\/bobimarket.pl\/index.php\/produkt\/sadzarka-do-cebulek-sadzonek-kwiatow-pikownik\/#breadcrumb","itemListElement":[{"@type":"ListItem","position":1,"name":"Strona g\u0142\u00f3wna","item":"https:\/\/bobimarket.pl\/"},{"@type":"ListItem","position":2,"name":"Sklep","item":"https:\/\/bobimarket.pl\/index.php\/shop\/"},{"@type":"ListItem","position":3,"name":"SADZARKA DO CEBULEK SADZONEK KWIAT\u00d3W PIKOWNIK"}]},{"@type":"WebSite","@id":"https:\/\/bobimarket.pl\/#website","url":"https:\/\/bobimarket.pl\/","name":"BOBIMARKET.pl - Remontuj i urz\u0105dzaj z nami","description":"Remontuj i urz\u0105dzaj z nami","publisher":{"@id":"https:\/\/bobimarket.pl\/#organization"},"potentialAction":[{"@type":"SearchAction","target":{"@type":"EntryPoint","urlTemplate":"https:\/\/bobimarket.pl\/?s={search_term_string}"},"query-input":"required name=search_term_string"}],"inLanguage":"pl-PL"},{"@type":"Organization","@id":"https:\/\/bobimarket.pl\/#organization","name":"BOBIMARKET.pl","url":"https:\/\/bobimarket.pl\/","logo":{"@type":"ImageObject","inLanguage":"pl-PL","@id":"https:\/\/bobimarket.pl\/#\/schema\/logo\/image\/","url":"https:\/\/bobimarket.pl\/wp-content\/uploads\/2021\/11\/slogan.png","contentUrl":"https:\/\/bobimarket.pl\/wp-content\/uploads\/2021\/11\/slogan.png","width":2000,"height":384,"caption":"BOBIMARKET.pl"},"image":{"@id":"https:\/\/bobimarket.pl\/#\/schema\/logo\/image\/"}}]}},"_links":{"self":[{"href":"https:\/\/bobimarket.pl\/index.php\/wp-json\/wp\/v2\/product\/88159"}],"collection":[{"href":"https:\/\/bobimarket.pl\/index.php\/wp-json\/wp\/v2\/product"}],"about":[{"href":"https:\/\/bobimarket.pl\/index.php\/wp-json\/wp\/v2\/types\/product"}],"wp:featuredmedia":[{"embeddable":true,"href":"https:\/\/bobimarket.pl\/index.php\/wp-json\/wp\/v2\/media\/88154"}],"wp:attachment":[{"href":"https:\/\/bobimarket.pl\/index.php\/wp-json\/wp\/v2\/media?parent=88159"}],"wp:term":[{"taxonomy":"product_cat","embeddable":true,"href":"https:\/\/bobimarket.pl\/index.php\/wp-json\/wp\/v2\/product_cat?post=88159"},{"taxonomy":"product_tag","embeddable":true,"href":"https:\/\/bobimarket.pl\/index.php\/wp-json\/wp\/v2\/product_tag?post=88159"}],"curies":[{"name":"wp","href":"https:\/\/api.w.org\/{rel}","templated":true}]}}