{"id":88167,"date":"2023-08-30T01:46:02","date_gmt":"2023-08-30T01:46:02","guid":{"rendered":"https:\/\/bobimarket.pl\/index.php\/produkt\/orzel-odstraszacz-ptakow-golebi-szpakow-na-ptaki\/"},"modified":"2025-02-27T15:02:52","modified_gmt":"2025-02-27T15:02:52","slug":"orzel-odstraszacz-ptakow-golebi-szpakow-na-ptaki","status":"publish","type":"product","link":"https:\/\/bobimarket.pl\/index.php\/produkt\/orzel-odstraszacz-ptakow-golebi-szpakow-na-ptaki\/","title":{"rendered":"ORZE\u0141 ODSTRASZACZ PTAK\u00d3W GO\u0141\u0118BI SZPAK\u00d3W NA PTAKI"},"content":{"rendered":"<section class=\"section\">\n<div class=\"item item-12\">\n<section class=\"text-item\">\n<h2>ORZE\u0141 ODSTRASZACZ PTAK\u00d3W GO\u0141\u0118BI SZPAK\u00d3W NA PTAKI<\/h2>\n<p><b>Informacje og\u00f3lne:<\/b><\/p>\n<ul>\n<li>Szeroko\u015b\u0107: <b>18 cm<\/b><\/li>\n<li>Wysoko\u015b\u0107:<b> 40 cm <\/b><\/li>\n<li>Wz\u00f3r: <b>orze\u0142<\/b><\/li>\n<\/ul>\n<\/section><\/div>\n<\/section>\n<section class=\"section\">\n<div class=\"item item-12\">\n<section class=\"image-item\">\n            <img decoding=\"async\" src=\"https:\/\/upload.cdn.baselinker.com\/products\/14476\/7b2a6352ea3eda52f65bcbe3418c3b9c.jpg\" \/><br \/>\n        <\/section>\n<\/p><\/div>\n<\/section>\n<section class=\"section\">\n<div class=\"item item-12\">\n<section class=\"text-item\">\n<h2>Chcesz skutecznie odstraszy\u0107 uci\u0105\u017cliwe ptactwo? Mamy na to rozwi\u0105zanie!<\/h2>\n<p>Pi\u0119kny ogrodowy odstraszacz przypominaj\u0105cy \u017cywego or\u0142a. Taka figurka to idealny spos\u00f3b na pozbycie si\u0119 problemu zwi\u0105zanego z \u017ceruj\u0105cym na ro\u015bliny ptactwem. Ponadto pozwala ona na zachowanie podw\u00f3rka w czysto\u015bci chroni\u0105c balkony, dachy, czy parapety przed odchodami go\u0142\u0119bi.<\/p>\n<ul>\n<li>Idealnie odwzorowuje wygl\u0105d realnego ptaka<\/li>\n<li>Odstrasza ptactwo i chroni dachy, balkony i parapety przed pozostaj\u0105cymi odchodami go\u0142\u0119bi i innych ptak\u00f3w,<\/li>\n<li>Przyjazny dla \u015brodowiska<\/li>\n<\/ul>\n<\/section><\/div>\n<\/section>\n<section class=\"section\">\n<div class=\"item item-12\">\n<section class=\"image-item\">\n            <img decoding=\"async\" src=\"https:\/\/upload.cdn.baselinker.com\/products\/14476\/64acdf6e00ebd62d290e80f43086aa10.jpg\" \/><br \/>\n        <\/section>\n<\/p><\/div>\n<\/section>\n<section class=\"section\">\n<div class=\"item item-12\">\n<section class=\"text-item\">\n<p>\u2705 Figurka <b>gabarytowo i wgl\u0105dowo przypomina prawdziwego or\u0142a<\/b>. Idealnie odwzorowuje tego dostojnego ptaka i sprawia, \u017ce skutecznie spe\u0142nia swoj\u0105 rol\u0119.<\/p>\n<p>\u2705 Ozdob\u0119 mo\u017cna umie\u015bci\u0107 na balkonie, tarasie, ogrodzi,\u00a0 parapecie lub dachu. Opr\u00f3cz funkcji praktycznej <b>b\u0119dzie si\u0119 \u015bwietnie prezentowa\u0107<\/b> i stanie si\u0119 oryginaln\u0105 dekoracj\u0105.<\/p>\n<p>\u2705 <b>Starannie wykonana, z dba\u0142o\u015bci\u0105 o ka\u017cdy szczeg\u00f3\u0142,<\/b> tak aby jak\u00a0 najbardziej przypomina\u0107 \u017cywego or\u0142a. Ponadto do produkcji u\u017cyto wytrzyma\u0142ego tworzywa, tak aby figurce nie straszny by\u0142 deszcz lub mr\u00f3z.<\/p>\n<\/section><\/div>\n<\/section>\n<section class=\"section\">\n<div class=\"item item-12\">\n<section class=\"image-item\">\n            <img decoding=\"async\" src=\"https:\/\/upload.cdn.baselinker.com\/products\/14476\/7d7c882bf50aefeeb4a6a7518a3e30ea.jpg\" \/><br \/>\n        <\/section>\n<\/p><\/div>\n<\/section>\n<section class=\"section\">\n<div class=\"item item-12\">\n<section class=\"text-item\">\n<p>Orze\u0142 stanie si\u0119 Twoim pomocnikiem i ochroni drzewa, krzewy, grz\u0105dki warzywne i trawniki przed \u017ceruj\u0105cymi w ogrodzie czy dzia\u0142ce ptakami. Pomo\u017ce odstraszy\u0107 takie ptaki np.<\/p>\n<ul>\n<li>wr\u00f3ble<\/li>\n<li>go\u0142\u0119bie<\/li>\n<li>szpaki<\/li>\n<li>sikorki<\/li>\n<li>kosy<\/li>\n<li>oraz ma\u0142e ssaki i gryzonie.<\/li>\n<\/ul>\n<\/section><\/div>\n<\/section>\n<section class=\"section\">\n<div class=\"item item-12\">\n<section class=\"image-item\">\n            <img decoding=\"async\" src=\"https:\/\/upload.cdn.baselinker.com\/products\/14476\/dc1a86dc5d4895570e1d5f528ca7f782.jpg\" \/><br \/>\n        <\/section>\n<\/p><\/div>\n<\/section>\n","protected":false},"excerpt":{"rendered":"<p>ORZE\u0141 ODSTRASZACZ PTAK\u00d3W GO\u0141\u0118BI SZPAK\u00d3W NA PTAKI Informacje og\u00f3lne: Szeroko\u015b\u0107: 18 cm Wysoko\u015b\u0107: 40 cm Wz\u00f3r: orze\u0142 Chcesz skutecznie odstraszy\u0107 uci\u0105\u017cliwe ptactwo? Mamy na to rozwi\u0105zanie! Pi\u0119kny ogrodowy odstraszacz przypominaj\u0105cy \u017cywego or\u0142a. Taka figurka to idealny spos\u00f3b na pozbycie si\u0119 problemu zwi\u0105zanego z \u017ceruj\u0105cym na ro\u015bliny ptactwem. Ponadto pozwala ona na zachowanie podw\u00f3rka w czysto\u015bci<br \/><a class=\"more-link\" href=\"https:\/\/bobimarket.pl\/index.php\/produkt\/orzel-odstraszacz-ptakow-golebi-szpakow-na-ptaki\/\"><br \/>\n        Czytaj wi\u0119cej<span class=\"screen-reader-text\"> &#8222;ORZE\u0141 ODSTRASZACZ PTAK\u00d3W GO\u0141\u0118BI SZPAK\u00d3W NA PTAKI&#8221;<\/span><\/a><\/p>\n","protected":false},"featured_media":88160,"template":"","meta":[],"product_cat":[8346],"product_tag":[],"yoast_head":"<!-- This site is optimized with the Yoast SEO plugin v21.0 - https:\/\/yoast.com\/wordpress\/plugins\/seo\/ -->\n<title>ORZE\u0141 ODSTRASZACZ PTAK\u00d3W GO\u0141\u0118BI SZPAK\u00d3W NA PTAKI - BOBIMARKET.pl - Remontuj i urz\u0105dzaj z nami<\/title>\n<meta name=\"robots\" content=\"index, follow, max-snippet:-1, max-image-preview:large, max-video-preview:-1\" \/>\n<link rel=\"canonical\" href=\"https:\/\/bobimarket.pl\/index.php\/produkt\/orzel-odstraszacz-ptakow-golebi-szpakow-na-ptaki\/\" \/>\n<meta property=\"og:locale\" content=\"pl_PL\" \/>\n<meta property=\"og:type\" content=\"article\" \/>\n<meta property=\"og:title\" content=\"ORZE\u0141 ODSTRASZACZ PTAK\u00d3W GO\u0141\u0118BI SZPAK\u00d3W NA PTAKI - BOBIMARKET.pl - Remontuj i urz\u0105dzaj z nami\" \/>\n<meta property=\"og:description\" content=\"ORZE\u0141 ODSTRASZACZ PTAK\u00d3W GO\u0141\u0118BI SZPAK\u00d3W NA PTAKI Informacje og\u00f3lne: Szeroko\u015b\u0107: 18 cm Wysoko\u015b\u0107: 40 cm Wz\u00f3r: orze\u0142 Chcesz skutecznie odstraszy\u0107 uci\u0105\u017cliwe ptactwo? Mamy na to rozwi\u0105zanie! Pi\u0119kny ogrodowy odstraszacz przypominaj\u0105cy \u017cywego or\u0142a. Taka figurka to idealny spos\u00f3b na pozbycie si\u0119 problemu zwi\u0105zanego z \u017ceruj\u0105cym na ro\u015bliny ptactwem. Ponadto pozwala ona na zachowanie podw\u00f3rka w czysto\u015bci     Czytaj wi\u0119cej &quot;ORZE\u0141 ODSTRASZACZ PTAK\u00d3W GO\u0141\u0118BI SZPAK\u00d3W NA PTAKI&quot;\" \/>\n<meta property=\"og:url\" content=\"https:\/\/bobimarket.pl\/index.php\/produkt\/orzel-odstraszacz-ptakow-golebi-szpakow-na-ptaki\/\" \/>\n<meta property=\"og:site_name\" content=\"BOBIMARKET.pl - Remontuj i urz\u0105dzaj z nami\" \/>\n<meta property=\"article:modified_time\" content=\"2025-02-27T15:02:52+00:00\" \/>\n<meta property=\"og:image\" content=\"https:\/\/upload.cdn.baselinker.com\/products\/14476\/7b2a6352ea3eda52f65bcbe3418c3b9c.jpg\" \/>\n<meta name=\"twitter:card\" content=\"summary_large_image\" \/>\n<meta name=\"twitter:label1\" content=\"Szacowany czas czytania\" \/>\n\t<meta name=\"twitter:data1\" content=\"1 minuta\" \/>\n<script type=\"application\/ld+json\" class=\"yoast-schema-graph\">{\"@context\":\"https:\/\/schema.org\",\"@graph\":[{\"@type\":\"WebPage\",\"@id\":\"https:\/\/bobimarket.pl\/index.php\/produkt\/orzel-odstraszacz-ptakow-golebi-szpakow-na-ptaki\/\",\"url\":\"https:\/\/bobimarket.pl\/index.php\/produkt\/orzel-odstraszacz-ptakow-golebi-szpakow-na-ptaki\/\",\"name\":\"ORZE\u0141 ODSTRASZACZ PTAK\u00d3W GO\u0141\u0118BI SZPAK\u00d3W NA PTAKI - BOBIMARKET.pl - Remontuj i urz\u0105dzaj z nami\",\"isPartOf\":{\"@id\":\"https:\/\/bobimarket.pl\/#website\"},\"datePublished\":\"2023-08-30T01:46:02+00:00\",\"dateModified\":\"2025-02-27T15:02:52+00:00\",\"breadcrumb\":{\"@id\":\"https:\/\/bobimarket.pl\/index.php\/produkt\/orzel-odstraszacz-ptakow-golebi-szpakow-na-ptaki\/#breadcrumb\"},\"inLanguage\":\"pl-PL\",\"potentialAction\":[{\"@type\":\"ReadAction\",\"target\":[\"https:\/\/bobimarket.pl\/index.php\/produkt\/orzel-odstraszacz-ptakow-golebi-szpakow-na-ptaki\/\"]}]},{\"@type\":\"BreadcrumbList\",\"@id\":\"https:\/\/bobimarket.pl\/index.php\/produkt\/orzel-odstraszacz-ptakow-golebi-szpakow-na-ptaki\/#breadcrumb\",\"itemListElement\":[{\"@type\":\"ListItem\",\"position\":1,\"name\":\"Strona g\u0142\u00f3wna\",\"item\":\"https:\/\/bobimarket.pl\/\"},{\"@type\":\"ListItem\",\"position\":2,\"name\":\"Sklep\",\"item\":\"https:\/\/bobimarket.pl\/index.php\/shop\/\"},{\"@type\":\"ListItem\",\"position\":3,\"name\":\"ORZE\u0141 ODSTRASZACZ PTAK\u00d3W GO\u0141\u0118BI SZPAK\u00d3W NA PTAKI\"}]},{\"@type\":\"WebSite\",\"@id\":\"https:\/\/bobimarket.pl\/#website\",\"url\":\"https:\/\/bobimarket.pl\/\",\"name\":\"BOBIMARKET.pl - Remontuj i urz\u0105dzaj z nami\",\"description\":\"Remontuj i urz\u0105dzaj z nami\",\"publisher\":{\"@id\":\"https:\/\/bobimarket.pl\/#organization\"},\"potentialAction\":[{\"@type\":\"SearchAction\",\"target\":{\"@type\":\"EntryPoint\",\"urlTemplate\":\"https:\/\/bobimarket.pl\/?s={search_term_string}\"},\"query-input\":\"required name=search_term_string\"}],\"inLanguage\":\"pl-PL\"},{\"@type\":\"Organization\",\"@id\":\"https:\/\/bobimarket.pl\/#organization\",\"name\":\"BOBIMARKET.pl\",\"url\":\"https:\/\/bobimarket.pl\/\",\"logo\":{\"@type\":\"ImageObject\",\"inLanguage\":\"pl-PL\",\"@id\":\"https:\/\/bobimarket.pl\/#\/schema\/logo\/image\/\",\"url\":\"https:\/\/bobimarket.pl\/wp-content\/uploads\/2021\/11\/slogan.png\",\"contentUrl\":\"https:\/\/bobimarket.pl\/wp-content\/uploads\/2021\/11\/slogan.png\",\"width\":2000,\"height\":384,\"caption\":\"BOBIMARKET.pl\"},\"image\":{\"@id\":\"https:\/\/bobimarket.pl\/#\/schema\/logo\/image\/\"}}]}<\/script>\n<!-- \/ Yoast SEO plugin. -->","yoast_head_json":{"title":"ORZE\u0141 ODSTRASZACZ PTAK\u00d3W GO\u0141\u0118BI SZPAK\u00d3W NA PTAKI - BOBIMARKET.pl - Remontuj i urz\u0105dzaj z nami","robots":{"index":"index","follow":"follow","max-snippet":"max-snippet:-1","max-image-preview":"max-image-preview:large","max-video-preview":"max-video-preview:-1"},"canonical":"https:\/\/bobimarket.pl\/index.php\/produkt\/orzel-odstraszacz-ptakow-golebi-szpakow-na-ptaki\/","og_locale":"pl_PL","og_type":"article","og_title":"ORZE\u0141 ODSTRASZACZ PTAK\u00d3W GO\u0141\u0118BI SZPAK\u00d3W NA PTAKI - BOBIMARKET.pl - Remontuj i urz\u0105dzaj z nami","og_description":"ORZE\u0141 ODSTRASZACZ PTAK\u00d3W GO\u0141\u0118BI SZPAK\u00d3W NA PTAKI Informacje og\u00f3lne: Szeroko\u015b\u0107: 18 cm Wysoko\u015b\u0107: 40 cm Wz\u00f3r: orze\u0142 Chcesz skutecznie odstraszy\u0107 uci\u0105\u017cliwe ptactwo? Mamy na to rozwi\u0105zanie! Pi\u0119kny ogrodowy odstraszacz przypominaj\u0105cy \u017cywego or\u0142a. Taka figurka to idealny spos\u00f3b na pozbycie si\u0119 problemu zwi\u0105zanego z \u017ceruj\u0105cym na ro\u015bliny ptactwem. Ponadto pozwala ona na zachowanie podw\u00f3rka w czysto\u015bci     Czytaj wi\u0119cej \"ORZE\u0141 ODSTRASZACZ PTAK\u00d3W GO\u0141\u0118BI SZPAK\u00d3W NA PTAKI\"","og_url":"https:\/\/bobimarket.pl\/index.php\/produkt\/orzel-odstraszacz-ptakow-golebi-szpakow-na-ptaki\/","og_site_name":"BOBIMARKET.pl - Remontuj i urz\u0105dzaj z nami","article_modified_time":"2025-02-27T15:02:52+00:00","og_image":[{"url":"https:\/\/upload.cdn.baselinker.com\/products\/14476\/7b2a6352ea3eda52f65bcbe3418c3b9c.jpg"}],"twitter_card":"summary_large_image","twitter_misc":{"Szacowany czas czytania":"1 minuta"},"schema":{"@context":"https:\/\/schema.org","@graph":[{"@type":"WebPage","@id":"https:\/\/bobimarket.pl\/index.php\/produkt\/orzel-odstraszacz-ptakow-golebi-szpakow-na-ptaki\/","url":"https:\/\/bobimarket.pl\/index.php\/produkt\/orzel-odstraszacz-ptakow-golebi-szpakow-na-ptaki\/","name":"ORZE\u0141 ODSTRASZACZ PTAK\u00d3W GO\u0141\u0118BI SZPAK\u00d3W NA PTAKI - BOBIMARKET.pl - Remontuj i urz\u0105dzaj z nami","isPartOf":{"@id":"https:\/\/bobimarket.pl\/#website"},"datePublished":"2023-08-30T01:46:02+00:00","dateModified":"2025-02-27T15:02:52+00:00","breadcrumb":{"@id":"https:\/\/bobimarket.pl\/index.php\/produkt\/orzel-odstraszacz-ptakow-golebi-szpakow-na-ptaki\/#breadcrumb"},"inLanguage":"pl-PL","potentialAction":[{"@type":"ReadAction","target":["https:\/\/bobimarket.pl\/index.php\/produkt\/orzel-odstraszacz-ptakow-golebi-szpakow-na-ptaki\/"]}]},{"@type":"BreadcrumbList","@id":"https:\/\/bobimarket.pl\/index.php\/produkt\/orzel-odstraszacz-ptakow-golebi-szpakow-na-ptaki\/#breadcrumb","itemListElement":[{"@type":"ListItem","position":1,"name":"Strona g\u0142\u00f3wna","item":"https:\/\/bobimarket.pl\/"},{"@type":"ListItem","position":2,"name":"Sklep","item":"https:\/\/bobimarket.pl\/index.php\/shop\/"},{"@type":"ListItem","position":3,"name":"ORZE\u0141 ODSTRASZACZ PTAK\u00d3W GO\u0141\u0118BI SZPAK\u00d3W NA PTAKI"}]},{"@type":"WebSite","@id":"https:\/\/bobimarket.pl\/#website","url":"https:\/\/bobimarket.pl\/","name":"BOBIMARKET.pl - Remontuj i urz\u0105dzaj z nami","description":"Remontuj i urz\u0105dzaj z nami","publisher":{"@id":"https:\/\/bobimarket.pl\/#organization"},"potentialAction":[{"@type":"SearchAction","target":{"@type":"EntryPoint","urlTemplate":"https:\/\/bobimarket.pl\/?s={search_term_string}"},"query-input":"required name=search_term_string"}],"inLanguage":"pl-PL"},{"@type":"Organization","@id":"https:\/\/bobimarket.pl\/#organization","name":"BOBIMARKET.pl","url":"https:\/\/bobimarket.pl\/","logo":{"@type":"ImageObject","inLanguage":"pl-PL","@id":"https:\/\/bobimarket.pl\/#\/schema\/logo\/image\/","url":"https:\/\/bobimarket.pl\/wp-content\/uploads\/2021\/11\/slogan.png","contentUrl":"https:\/\/bobimarket.pl\/wp-content\/uploads\/2021\/11\/slogan.png","width":2000,"height":384,"caption":"BOBIMARKET.pl"},"image":{"@id":"https:\/\/bobimarket.pl\/#\/schema\/logo\/image\/"}}]}},"_links":{"self":[{"href":"https:\/\/bobimarket.pl\/index.php\/wp-json\/wp\/v2\/product\/88167"}],"collection":[{"href":"https:\/\/bobimarket.pl\/index.php\/wp-json\/wp\/v2\/product"}],"about":[{"href":"https:\/\/bobimarket.pl\/index.php\/wp-json\/wp\/v2\/types\/product"}],"wp:featuredmedia":[{"embeddable":true,"href":"https:\/\/bobimarket.pl\/index.php\/wp-json\/wp\/v2\/media\/88160"}],"wp:attachment":[{"href":"https:\/\/bobimarket.pl\/index.php\/wp-json\/wp\/v2\/media?parent=88167"}],"wp:term":[{"taxonomy":"product_cat","embeddable":true,"href":"https:\/\/bobimarket.pl\/index.php\/wp-json\/wp\/v2\/product_cat?post=88167"},{"taxonomy":"product_tag","embeddable":true,"href":"https:\/\/bobimarket.pl\/index.php\/wp-json\/wp\/v2\/product_tag?post=88167"}],"curies":[{"name":"wp","href":"https:\/\/api.w.org\/{rel}","templated":true}]}}