{"id":88169,"date":"2023-08-30T01:46:06","date_gmt":"2023-08-30T01:46:06","guid":{"rendered":"https:\/\/bobimarket.pl\/index.php\/produkt\/doniczka-wiszaca-na-pomidory-truskawki-planter\/"},"modified":"2025-02-27T15:02:56","modified_gmt":"2025-02-27T15:02:56","slug":"doniczka-wiszaca-na-pomidory-truskawki-planter","status":"publish","type":"product","link":"https:\/\/bobimarket.pl\/index.php\/produkt\/doniczka-wiszaca-na-pomidory-truskawki-planter\/","title":{"rendered":"DONICZKA WISZ\u0104CA NA POMIDORY TRUSKAWKI PLANTER"},"content":{"rendered":"<section class=\"section\">\n<div class=\"item item-6\">\n<section class=\"image-item\">\n            <img decoding=\"async\" src=\"https:\/\/upload.cdn.baselinker.com\/products\/14476\/9a7e637df198765d51667797c85573c0.jpg\" \/><br \/>\n        <\/section>\n<\/p><\/div>\n<div class=\"item item-6\">\n<section class=\"text-item\">\n<h2>DONICZKA WISZ\u0104CA NA POMIDORY TRUSKAWKI PLANTER<\/h2>\n<p><b>Informacje og\u00f3lne:<\/b><\/p>\n<ul>\n<li>D\u0142ugo\u015b\u0107: <b>35 cm<\/b><\/li>\n<li>\u015arednica: <b>24 cm<\/b><\/li>\n<\/ul>\n<\/section><\/div>\n<\/section>\n<section class=\"section\">\n<div class=\"item item-6\">\n<section class=\"image-item\">\n            <img decoding=\"async\" src=\"https:\/\/upload.cdn.baselinker.com\/products\/14476\/9a7e637df198765d51667797c85573c0.jpg\" \/><br \/>\n        <\/section>\n<\/p><\/div>\n<div class=\"item item-6\">\n<section class=\"text-item\">\n<h2>Ciekawa alternatywa do klasycznych doniczek!<\/h2>\n<p>Wisz\u0105ca doniczka to alternatywna metoda dla tradycyjnej uprawy zaleca szczeg\u00f3lnie w sytuacji, kiedy nie posiadamy ogrodu lub nasz ogr\u00f3d jest na tyle ma\u0142y, \u017ce nie mo\u017ce znale\u017a\u0107 si\u0119 w nim miejsce na warzywnik. Doniczka posiada <b>10 otwor\u00f3w.<\/b><\/p>\n<ul>\n<li>Doniczka wyprodukowana jest z mocnego tworzywa d<b>o upraw wisz\u0105cych prowadzonych &#8222;do g\u00f3ry nogami&#8221;.<\/b><\/li>\n<li>Zajmuje niewiele miejsca i pozwala na upraw\u0119 w warunkach domowych.<\/li>\n<li><b>Zapewnia dobr\u0105 cyrkulacj\u0119 powietrza<\/b>, pozwala na uzyskanie zdrowych warzyw bez konieczno\u015bci wykonywania oprysk\u00f3w przeciw szkodnikom.<\/li>\n<\/ul>\n<\/section><\/div>\n<\/section>\n<section class=\"section\">\n<div class=\"item item-6\">\n<section class=\"image-item\">\n            <img decoding=\"async\" src=\"https:\/\/upload.cdn.baselinker.com\/products\/14476\/9a7e637df198765d51667797c85573c0.jpg\" \/><br \/>\n        <\/section>\n<\/p><\/div>\n<div class=\"item item-6\">\n<section class=\"text-item\">\n<h2>Wisz\u0105ca doniczka\u00a0 pozwala na upraw\u0119 truskawek, pomidor\u00f3w i\u00a0 innych warzyw (np. papryki, og\u00f3rk\u00f3w) w warunkach domowych.\u00a0<\/h2>\n<p>\u2705 Pe\u0142ni funkcj\u0119 dekoracyjn\u0105. Pn\u0105cza pi\u0119knie pn\u0105 si\u0119 po doniczce i ciesz\u0105 oko.<\/p>\n<p>\u2705 Mo\u017cna j\u0105 umie\u015bci\u0107 na balkonie, tarasie, a nawet w nas\u0142onecznionej cz\u0119\u015bci mieszkania.<\/p>\n<p>\u2705 Nie zajmuje du\u017co miejsca i umo\u017cliwia hodowl\u0119 ro\u015blin w domowych warunkach.<\/p>\n<p>\u2705 Uprawa nie wymaga areacji, plewienia, podwi\u0105zywania. Nie wymaga opryskiwania.<\/p>\n<p>\u2705 Niedost\u0119pna dla chwast\u00f3w, grzyb\u00f3w i innych szkodnik\u00f3w.<\/p>\n<\/section><\/div>\n<\/section>\n","protected":false},"excerpt":{"rendered":"<p>DONICZKA WISZ\u0104CA NA POMIDORY TRUSKAWKI PLANTER Informacje og\u00f3lne: D\u0142ugo\u015b\u0107: 35 cm \u015arednica: 24 cm Ciekawa alternatywa do klasycznych doniczek! Wisz\u0105ca doniczka to alternatywna metoda dla tradycyjnej uprawy zaleca szczeg\u00f3lnie w sytuacji, kiedy nie posiadamy ogrodu lub nasz ogr\u00f3d jest na tyle ma\u0142y, \u017ce nie mo\u017ce znale\u017a\u0107 si\u0119 w nim miejsce na warzywnik. Doniczka posiada 10<br \/><a class=\"more-link\" href=\"https:\/\/bobimarket.pl\/index.php\/produkt\/doniczka-wiszaca-na-pomidory-truskawki-planter\/\"><br \/>\n        Czytaj wi\u0119cej<span class=\"screen-reader-text\"> &#8222;DONICZKA WISZ\u0104CA NA POMIDORY TRUSKAWKI PLANTER&#8221;<\/span><\/a><\/p>\n","protected":false},"featured_media":88168,"template":"","meta":[],"product_cat":[8345],"product_tag":[],"yoast_head":"<!-- This site is optimized with the Yoast SEO plugin v21.0 - https:\/\/yoast.com\/wordpress\/plugins\/seo\/ -->\n<title>DONICZKA WISZ\u0104CA NA POMIDORY TRUSKAWKI PLANTER - BOBIMARKET.pl - Remontuj i urz\u0105dzaj z nami<\/title>\n<meta name=\"robots\" content=\"index, follow, max-snippet:-1, max-image-preview:large, max-video-preview:-1\" \/>\n<link rel=\"canonical\" href=\"https:\/\/bobimarket.pl\/index.php\/produkt\/doniczka-wiszaca-na-pomidory-truskawki-planter\/\" \/>\n<meta property=\"og:locale\" content=\"pl_PL\" \/>\n<meta property=\"og:type\" content=\"article\" \/>\n<meta property=\"og:title\" content=\"DONICZKA WISZ\u0104CA NA POMIDORY TRUSKAWKI PLANTER - BOBIMARKET.pl - Remontuj i urz\u0105dzaj z nami\" \/>\n<meta property=\"og:description\" content=\"DONICZKA WISZ\u0104CA NA POMIDORY TRUSKAWKI PLANTER Informacje og\u00f3lne: D\u0142ugo\u015b\u0107: 35 cm \u015arednica: 24 cm Ciekawa alternatywa do klasycznych doniczek! Wisz\u0105ca doniczka to alternatywna metoda dla tradycyjnej uprawy zaleca szczeg\u00f3lnie w sytuacji, kiedy nie posiadamy ogrodu lub nasz ogr\u00f3d jest na tyle ma\u0142y, \u017ce nie mo\u017ce znale\u017a\u0107 si\u0119 w nim miejsce na warzywnik. Doniczka posiada 10     Czytaj wi\u0119cej &quot;DONICZKA WISZ\u0104CA NA POMIDORY TRUSKAWKI PLANTER&quot;\" \/>\n<meta property=\"og:url\" content=\"https:\/\/bobimarket.pl\/index.php\/produkt\/doniczka-wiszaca-na-pomidory-truskawki-planter\/\" \/>\n<meta property=\"og:site_name\" content=\"BOBIMARKET.pl - Remontuj i urz\u0105dzaj z nami\" \/>\n<meta property=\"article:modified_time\" content=\"2025-02-27T15:02:56+00:00\" \/>\n<meta property=\"og:image\" content=\"https:\/\/upload.cdn.baselinker.com\/products\/14476\/9a7e637df198765d51667797c85573c0.jpg\" \/>\n<meta name=\"twitter:card\" content=\"summary_large_image\" \/>\n<meta name=\"twitter:label1\" content=\"Szacowany czas czytania\" \/>\n\t<meta name=\"twitter:data1\" content=\"1 minuta\" \/>\n<script type=\"application\/ld+json\" class=\"yoast-schema-graph\">{\"@context\":\"https:\/\/schema.org\",\"@graph\":[{\"@type\":\"WebPage\",\"@id\":\"https:\/\/bobimarket.pl\/index.php\/produkt\/doniczka-wiszaca-na-pomidory-truskawki-planter\/\",\"url\":\"https:\/\/bobimarket.pl\/index.php\/produkt\/doniczka-wiszaca-na-pomidory-truskawki-planter\/\",\"name\":\"DONICZKA WISZ\u0104CA NA POMIDORY TRUSKAWKI PLANTER - BOBIMARKET.pl - Remontuj i urz\u0105dzaj z nami\",\"isPartOf\":{\"@id\":\"https:\/\/bobimarket.pl\/#website\"},\"datePublished\":\"2023-08-30T01:46:06+00:00\",\"dateModified\":\"2025-02-27T15:02:56+00:00\",\"breadcrumb\":{\"@id\":\"https:\/\/bobimarket.pl\/index.php\/produkt\/doniczka-wiszaca-na-pomidory-truskawki-planter\/#breadcrumb\"},\"inLanguage\":\"pl-PL\",\"potentialAction\":[{\"@type\":\"ReadAction\",\"target\":[\"https:\/\/bobimarket.pl\/index.php\/produkt\/doniczka-wiszaca-na-pomidory-truskawki-planter\/\"]}]},{\"@type\":\"BreadcrumbList\",\"@id\":\"https:\/\/bobimarket.pl\/index.php\/produkt\/doniczka-wiszaca-na-pomidory-truskawki-planter\/#breadcrumb\",\"itemListElement\":[{\"@type\":\"ListItem\",\"position\":1,\"name\":\"Strona g\u0142\u00f3wna\",\"item\":\"https:\/\/bobimarket.pl\/\"},{\"@type\":\"ListItem\",\"position\":2,\"name\":\"Sklep\",\"item\":\"https:\/\/bobimarket.pl\/index.php\/shop\/\"},{\"@type\":\"ListItem\",\"position\":3,\"name\":\"DONICZKA WISZ\u0104CA NA POMIDORY TRUSKAWKI PLANTER\"}]},{\"@type\":\"WebSite\",\"@id\":\"https:\/\/bobimarket.pl\/#website\",\"url\":\"https:\/\/bobimarket.pl\/\",\"name\":\"BOBIMARKET.pl - Remontuj i urz\u0105dzaj z nami\",\"description\":\"Remontuj i urz\u0105dzaj z nami\",\"publisher\":{\"@id\":\"https:\/\/bobimarket.pl\/#organization\"},\"potentialAction\":[{\"@type\":\"SearchAction\",\"target\":{\"@type\":\"EntryPoint\",\"urlTemplate\":\"https:\/\/bobimarket.pl\/?s={search_term_string}\"},\"query-input\":\"required name=search_term_string\"}],\"inLanguage\":\"pl-PL\"},{\"@type\":\"Organization\",\"@id\":\"https:\/\/bobimarket.pl\/#organization\",\"name\":\"BOBIMARKET.pl\",\"url\":\"https:\/\/bobimarket.pl\/\",\"logo\":{\"@type\":\"ImageObject\",\"inLanguage\":\"pl-PL\",\"@id\":\"https:\/\/bobimarket.pl\/#\/schema\/logo\/image\/\",\"url\":\"https:\/\/bobimarket.pl\/wp-content\/uploads\/2021\/11\/slogan.png\",\"contentUrl\":\"https:\/\/bobimarket.pl\/wp-content\/uploads\/2021\/11\/slogan.png\",\"width\":2000,\"height\":384,\"caption\":\"BOBIMARKET.pl\"},\"image\":{\"@id\":\"https:\/\/bobimarket.pl\/#\/schema\/logo\/image\/\"}}]}<\/script>\n<!-- \/ Yoast SEO plugin. -->","yoast_head_json":{"title":"DONICZKA WISZ\u0104CA NA POMIDORY TRUSKAWKI PLANTER - BOBIMARKET.pl - Remontuj i urz\u0105dzaj z nami","robots":{"index":"index","follow":"follow","max-snippet":"max-snippet:-1","max-image-preview":"max-image-preview:large","max-video-preview":"max-video-preview:-1"},"canonical":"https:\/\/bobimarket.pl\/index.php\/produkt\/doniczka-wiszaca-na-pomidory-truskawki-planter\/","og_locale":"pl_PL","og_type":"article","og_title":"DONICZKA WISZ\u0104CA NA POMIDORY TRUSKAWKI PLANTER - BOBIMARKET.pl - Remontuj i urz\u0105dzaj z nami","og_description":"DONICZKA WISZ\u0104CA NA POMIDORY TRUSKAWKI PLANTER Informacje og\u00f3lne: D\u0142ugo\u015b\u0107: 35 cm \u015arednica: 24 cm Ciekawa alternatywa do klasycznych doniczek! Wisz\u0105ca doniczka to alternatywna metoda dla tradycyjnej uprawy zaleca szczeg\u00f3lnie w sytuacji, kiedy nie posiadamy ogrodu lub nasz ogr\u00f3d jest na tyle ma\u0142y, \u017ce nie mo\u017ce znale\u017a\u0107 si\u0119 w nim miejsce na warzywnik. Doniczka posiada 10     Czytaj wi\u0119cej \"DONICZKA WISZ\u0104CA NA POMIDORY TRUSKAWKI PLANTER\"","og_url":"https:\/\/bobimarket.pl\/index.php\/produkt\/doniczka-wiszaca-na-pomidory-truskawki-planter\/","og_site_name":"BOBIMARKET.pl - Remontuj i urz\u0105dzaj z nami","article_modified_time":"2025-02-27T15:02:56+00:00","og_image":[{"url":"https:\/\/upload.cdn.baselinker.com\/products\/14476\/9a7e637df198765d51667797c85573c0.jpg"}],"twitter_card":"summary_large_image","twitter_misc":{"Szacowany czas czytania":"1 minuta"},"schema":{"@context":"https:\/\/schema.org","@graph":[{"@type":"WebPage","@id":"https:\/\/bobimarket.pl\/index.php\/produkt\/doniczka-wiszaca-na-pomidory-truskawki-planter\/","url":"https:\/\/bobimarket.pl\/index.php\/produkt\/doniczka-wiszaca-na-pomidory-truskawki-planter\/","name":"DONICZKA WISZ\u0104CA NA POMIDORY TRUSKAWKI PLANTER - BOBIMARKET.pl - Remontuj i urz\u0105dzaj z nami","isPartOf":{"@id":"https:\/\/bobimarket.pl\/#website"},"datePublished":"2023-08-30T01:46:06+00:00","dateModified":"2025-02-27T15:02:56+00:00","breadcrumb":{"@id":"https:\/\/bobimarket.pl\/index.php\/produkt\/doniczka-wiszaca-na-pomidory-truskawki-planter\/#breadcrumb"},"inLanguage":"pl-PL","potentialAction":[{"@type":"ReadAction","target":["https:\/\/bobimarket.pl\/index.php\/produkt\/doniczka-wiszaca-na-pomidory-truskawki-planter\/"]}]},{"@type":"BreadcrumbList","@id":"https:\/\/bobimarket.pl\/index.php\/produkt\/doniczka-wiszaca-na-pomidory-truskawki-planter\/#breadcrumb","itemListElement":[{"@type":"ListItem","position":1,"name":"Strona g\u0142\u00f3wna","item":"https:\/\/bobimarket.pl\/"},{"@type":"ListItem","position":2,"name":"Sklep","item":"https:\/\/bobimarket.pl\/index.php\/shop\/"},{"@type":"ListItem","position":3,"name":"DONICZKA WISZ\u0104CA NA POMIDORY TRUSKAWKI PLANTER"}]},{"@type":"WebSite","@id":"https:\/\/bobimarket.pl\/#website","url":"https:\/\/bobimarket.pl\/","name":"BOBIMARKET.pl - Remontuj i urz\u0105dzaj z nami","description":"Remontuj i urz\u0105dzaj z nami","publisher":{"@id":"https:\/\/bobimarket.pl\/#organization"},"potentialAction":[{"@type":"SearchAction","target":{"@type":"EntryPoint","urlTemplate":"https:\/\/bobimarket.pl\/?s={search_term_string}"},"query-input":"required name=search_term_string"}],"inLanguage":"pl-PL"},{"@type":"Organization","@id":"https:\/\/bobimarket.pl\/#organization","name":"BOBIMARKET.pl","url":"https:\/\/bobimarket.pl\/","logo":{"@type":"ImageObject","inLanguage":"pl-PL","@id":"https:\/\/bobimarket.pl\/#\/schema\/logo\/image\/","url":"https:\/\/bobimarket.pl\/wp-content\/uploads\/2021\/11\/slogan.png","contentUrl":"https:\/\/bobimarket.pl\/wp-content\/uploads\/2021\/11\/slogan.png","width":2000,"height":384,"caption":"BOBIMARKET.pl"},"image":{"@id":"https:\/\/bobimarket.pl\/#\/schema\/logo\/image\/"}}]}},"_links":{"self":[{"href":"https:\/\/bobimarket.pl\/index.php\/wp-json\/wp\/v2\/product\/88169"}],"collection":[{"href":"https:\/\/bobimarket.pl\/index.php\/wp-json\/wp\/v2\/product"}],"about":[{"href":"https:\/\/bobimarket.pl\/index.php\/wp-json\/wp\/v2\/types\/product"}],"wp:featuredmedia":[{"embeddable":true,"href":"https:\/\/bobimarket.pl\/index.php\/wp-json\/wp\/v2\/media\/88168"}],"wp:attachment":[{"href":"https:\/\/bobimarket.pl\/index.php\/wp-json\/wp\/v2\/media?parent=88169"}],"wp:term":[{"taxonomy":"product_cat","embeddable":true,"href":"https:\/\/bobimarket.pl\/index.php\/wp-json\/wp\/v2\/product_cat?post=88169"},{"taxonomy":"product_tag","embeddable":true,"href":"https:\/\/bobimarket.pl\/index.php\/wp-json\/wp\/v2\/product_tag?post=88169"}],"curies":[{"name":"wp","href":"https:\/\/api.w.org\/{rel}","templated":true}]}}