{"id":88229,"date":"2023-08-30T01:49:45","date_gmt":"2023-08-30T01:49:45","guid":{"rendered":"https:\/\/bobimarket.pl\/index.php\/produkt\/mlotek-gumowy-brukarski-uchwyt-fiberglass-450g\/"},"modified":"2025-02-27T15:03:26","modified_gmt":"2025-02-27T15:03:26","slug":"mlotek-gumowy-brukarski-uchwyt-fiberglass-450g","status":"publish","type":"product","link":"https:\/\/bobimarket.pl\/index.php\/produkt\/mlotek-gumowy-brukarski-uchwyt-fiberglass-450g\/","title":{"rendered":"M\u0141OTEK GUMOWY BRUKARSKI UCHWYT FIBERGLASS 450G"},"content":{"rendered":"<section class=\"section\">\n<div class=\"item item-6\">\n<section class=\"image-item\">\n                <img decoding=\"async\" src=\"https:\/\/upload.cdn.baselinker.com\/products\/14476\/6f4c75bdfff0a1ac7d902252e85aa378.jpg\" \/><br \/>\n            <\/section>\n<\/p><\/div>\n<div class=\"item item-6\">\n<section class=\"text-item\">\n<h2>M\u0141OTEK GUMOWY BRUKARSKI UCHWYT FIBERGLASS 450G<\/h2>\n<p><b>Informacje og\u00f3lne: <\/b><\/p>\n<ul>\n<li>D\u0142ugo\u015b\u0107: <b>335 mm<\/b><\/li>\n<li>Waga obuchu: <b>450 g<\/b><\/li>\n<li>Materia\u0142 obuchu:<b> guma<\/b><\/li>\n<li>Materia\u0142 trzonka:<b> w\u0142\u00f3kno szklane<\/b><\/li>\n<li>\u015arednica obuchu:<b> 58 mm<\/b><\/li>\n<\/ul>\n<\/section><\/div>\n<\/section>\n<section class=\"section\">\n<div class=\"item item-6\">\n<section class=\"image-item\">\n                <img decoding=\"async\" src=\"https:\/\/upload.cdn.baselinker.com\/products\/14476\/59a1a974256d328eca2d5e49ed6c9d27.jpg\" \/><br \/>\n            <\/section>\n<\/p><\/div>\n<div class=\"item item-6\">\n<section class=\"text-item\">\n<h2>Niezb\u0119dny element wyposa\u017cenia Twojego warsztatu!<\/h2>\n<p>Klasyczny m\u0142otek gumowy o wadze 450g. Trzon z tworzywa na bazie w\u0142\u00f3kien szklanych powlekany gum\u0105. Natomiast obuch wykonany z gumy w kolorze czarny.<\/p>\n<ul>\n<li>Narz\u0119dzie charakteryzuje si\u0119 w<b>ysok\u0105 wytrzyma\u0142o\u015b\u0107 mechaniczn\u0105,<\/b> jest odporny na dzia\u0142anie agresywnego \u015brodowiska zewn\u0119trznego i dobrze poch\u0142ania drgania.<\/li>\n<li><b>Ergonomiczna r\u0119koje\u015b\u0107<\/b> zapewniaj\u0105ca komfort pracy. Trzonek z w\u0142\u00f3kna szklanego sprawia, \u017ce narz\u0119dzie dobrze trzyma si\u0119 d\u0142oni i nie wy\u015blizguje si\u0119 z niej.<\/li>\n<li>Dodatkowo r\u0119koje\u015b\u0107 jest wyposa\u017cona w<b> praktyczny otw\u00f3r, umo\u017cliwiaj\u0105cy zawieszenie m\u0142otka<\/b> na tablicy narz\u0119dziowej.<\/li>\n<\/ul>\n<p>\u00a0<\/p>\n<\/section><\/div>\n<\/section>\n<section class=\"section\">\n<div class=\"item item-6\">\n<section class=\"image-item\">\n                <img decoding=\"async\" src=\"https:\/\/upload.cdn.baselinker.com\/products\/14476\/7724671e2debfc81b13ee9486600cd74.jpg\" \/><br \/>\n            <\/section>\n<\/p><\/div>\n<div class=\"item item-6\">\n<section class=\"text-item\">\n<h2>M\u0142otek gumowy pomocny przy wielu pracach!<\/h2>\n<p>Gumowy m\u0142otek to <b>uniwersalne narz\u0119dzie<\/b>, kt\u00f3re mo\u017ce zosta\u0107 wykorzystane podczas wszelkich prac remontowo-budowlanych i monta\u017cowych.<\/p>\n<ul>\n<li>Wykorzystasz go wsz\u0119dzie tam, gdzie chcesz, aby <b>powierzchnia pozosta\u0142a wolna od \u015blad\u00f3w<\/b>, rys itp.<\/li>\n<li>Obuch wykonany z gumy pozwala <b>unikn\u0105\u0107 uszkodze\u0144 kruchego materia\u0142u budowlanego.<\/b><\/li>\n<\/ul>\n<\/section><\/div>\n<\/section>\n<section class=\"section\">\n<div class=\"item item-12\">\n<section class=\"text-item\">\n<h2>To podstawa wyposa\u017cenia przybornika z narz\u0119dziami ka\u017cdego domowego majsterkowicza b\u0105d\u017a profesjonalisty.<\/h2>\n<\/section><\/div>\n<\/section>\n<section class=\"section\">\n<div class=\"item item-12\">\n<section class=\"image-item\">\n                <img decoding=\"async\" src=\"https:\/\/upload.cdn.baselinker.com\/products\/14476\/7521cacf365021265bca6366fc216e3c.jpg\" \/><br \/>\n            <\/section>\n<\/p><\/div>\n<\/section>\n","protected":false},"excerpt":{"rendered":"<p>M\u0141OTEK GUMOWY BRUKARSKI UCHWYT FIBERGLASS 450G Informacje og\u00f3lne: D\u0142ugo\u015b\u0107: 335 mm Waga obuchu: 450 g Materia\u0142 obuchu: guma Materia\u0142 trzonka: w\u0142\u00f3kno szklane \u015arednica obuchu: 58 mm Niezb\u0119dny element wyposa\u017cenia Twojego warsztatu! Klasyczny m\u0142otek gumowy o wadze 450g. Trzon z tworzywa na bazie w\u0142\u00f3kien szklanych powlekany gum\u0105. Natomiast obuch wykonany z gumy w kolorze czarny. Narz\u0119dzie<br \/><a class=\"more-link\" href=\"https:\/\/bobimarket.pl\/index.php\/produkt\/mlotek-gumowy-brukarski-uchwyt-fiberglass-450g\/\"><br \/>\n        Czytaj wi\u0119cej<span class=\"screen-reader-text\"> &#8222;M\u0141OTEK GUMOWY BRUKARSKI UCHWYT FIBERGLASS 450G&#8221;<\/span><\/a><\/p>\n","protected":false},"featured_media":88224,"template":"","meta":[],"product_cat":[8197],"product_tag":[],"yoast_head":"<!-- This site is optimized with the Yoast SEO plugin v21.0 - https:\/\/yoast.com\/wordpress\/plugins\/seo\/ -->\n<title>M\u0141OTEK GUMOWY BRUKARSKI UCHWYT FIBERGLASS 450G - BOBIMARKET.pl - Remontuj i urz\u0105dzaj z nami<\/title>\n<meta name=\"robots\" content=\"index, follow, max-snippet:-1, max-image-preview:large, max-video-preview:-1\" \/>\n<link rel=\"canonical\" href=\"https:\/\/bobimarket.pl\/index.php\/produkt\/mlotek-gumowy-brukarski-uchwyt-fiberglass-450g\/\" \/>\n<meta property=\"og:locale\" content=\"pl_PL\" \/>\n<meta property=\"og:type\" content=\"article\" \/>\n<meta property=\"og:title\" content=\"M\u0141OTEK GUMOWY BRUKARSKI UCHWYT FIBERGLASS 450G - BOBIMARKET.pl - Remontuj i urz\u0105dzaj z nami\" \/>\n<meta property=\"og:description\" content=\"M\u0141OTEK GUMOWY BRUKARSKI UCHWYT FIBERGLASS 450G Informacje og\u00f3lne: D\u0142ugo\u015b\u0107: 335 mm Waga obuchu: 450 g Materia\u0142 obuchu: guma Materia\u0142 trzonka: w\u0142\u00f3kno szklane \u015arednica obuchu: 58 mm Niezb\u0119dny element wyposa\u017cenia Twojego warsztatu! Klasyczny m\u0142otek gumowy o wadze 450g. Trzon z tworzywa na bazie w\u0142\u00f3kien szklanych powlekany gum\u0105. Natomiast obuch wykonany z gumy w kolorze czarny. Narz\u0119dzie     Czytaj wi\u0119cej &quot;M\u0141OTEK GUMOWY BRUKARSKI UCHWYT FIBERGLASS 450G&quot;\" \/>\n<meta property=\"og:url\" content=\"https:\/\/bobimarket.pl\/index.php\/produkt\/mlotek-gumowy-brukarski-uchwyt-fiberglass-450g\/\" \/>\n<meta property=\"og:site_name\" content=\"BOBIMARKET.pl - Remontuj i urz\u0105dzaj z nami\" \/>\n<meta property=\"article:modified_time\" content=\"2025-02-27T15:03:26+00:00\" \/>\n<meta property=\"og:image\" content=\"https:\/\/upload.cdn.baselinker.com\/products\/14476\/6f4c75bdfff0a1ac7d902252e85aa378.jpg\" \/>\n<meta name=\"twitter:card\" content=\"summary_large_image\" \/>\n<meta name=\"twitter:label1\" content=\"Szacowany czas czytania\" \/>\n\t<meta name=\"twitter:data1\" content=\"1 minuta\" \/>\n<script type=\"application\/ld+json\" class=\"yoast-schema-graph\">{\"@context\":\"https:\/\/schema.org\",\"@graph\":[{\"@type\":\"WebPage\",\"@id\":\"https:\/\/bobimarket.pl\/index.php\/produkt\/mlotek-gumowy-brukarski-uchwyt-fiberglass-450g\/\",\"url\":\"https:\/\/bobimarket.pl\/index.php\/produkt\/mlotek-gumowy-brukarski-uchwyt-fiberglass-450g\/\",\"name\":\"M\u0141OTEK GUMOWY BRUKARSKI UCHWYT FIBERGLASS 450G - BOBIMARKET.pl - Remontuj i urz\u0105dzaj z nami\",\"isPartOf\":{\"@id\":\"https:\/\/bobimarket.pl\/#website\"},\"datePublished\":\"2023-08-30T01:49:45+00:00\",\"dateModified\":\"2025-02-27T15:03:26+00:00\",\"breadcrumb\":{\"@id\":\"https:\/\/bobimarket.pl\/index.php\/produkt\/mlotek-gumowy-brukarski-uchwyt-fiberglass-450g\/#breadcrumb\"},\"inLanguage\":\"pl-PL\",\"potentialAction\":[{\"@type\":\"ReadAction\",\"target\":[\"https:\/\/bobimarket.pl\/index.php\/produkt\/mlotek-gumowy-brukarski-uchwyt-fiberglass-450g\/\"]}]},{\"@type\":\"BreadcrumbList\",\"@id\":\"https:\/\/bobimarket.pl\/index.php\/produkt\/mlotek-gumowy-brukarski-uchwyt-fiberglass-450g\/#breadcrumb\",\"itemListElement\":[{\"@type\":\"ListItem\",\"position\":1,\"name\":\"Strona g\u0142\u00f3wna\",\"item\":\"https:\/\/bobimarket.pl\/\"},{\"@type\":\"ListItem\",\"position\":2,\"name\":\"Sklep\",\"item\":\"https:\/\/bobimarket.pl\/index.php\/shop\/\"},{\"@type\":\"ListItem\",\"position\":3,\"name\":\"M\u0141OTEK GUMOWY BRUKARSKI UCHWYT FIBERGLASS 450G\"}]},{\"@type\":\"WebSite\",\"@id\":\"https:\/\/bobimarket.pl\/#website\",\"url\":\"https:\/\/bobimarket.pl\/\",\"name\":\"BOBIMARKET.pl - Remontuj i urz\u0105dzaj z nami\",\"description\":\"Remontuj i urz\u0105dzaj z nami\",\"publisher\":{\"@id\":\"https:\/\/bobimarket.pl\/#organization\"},\"potentialAction\":[{\"@type\":\"SearchAction\",\"target\":{\"@type\":\"EntryPoint\",\"urlTemplate\":\"https:\/\/bobimarket.pl\/?s={search_term_string}\"},\"query-input\":\"required name=search_term_string\"}],\"inLanguage\":\"pl-PL\"},{\"@type\":\"Organization\",\"@id\":\"https:\/\/bobimarket.pl\/#organization\",\"name\":\"BOBIMARKET.pl\",\"url\":\"https:\/\/bobimarket.pl\/\",\"logo\":{\"@type\":\"ImageObject\",\"inLanguage\":\"pl-PL\",\"@id\":\"https:\/\/bobimarket.pl\/#\/schema\/logo\/image\/\",\"url\":\"https:\/\/bobimarket.pl\/wp-content\/uploads\/2021\/11\/slogan.png\",\"contentUrl\":\"https:\/\/bobimarket.pl\/wp-content\/uploads\/2021\/11\/slogan.png\",\"width\":2000,\"height\":384,\"caption\":\"BOBIMARKET.pl\"},\"image\":{\"@id\":\"https:\/\/bobimarket.pl\/#\/schema\/logo\/image\/\"}}]}<\/script>\n<!-- \/ Yoast SEO plugin. -->","yoast_head_json":{"title":"M\u0141OTEK GUMOWY BRUKARSKI UCHWYT FIBERGLASS 450G - BOBIMARKET.pl - Remontuj i urz\u0105dzaj z nami","robots":{"index":"index","follow":"follow","max-snippet":"max-snippet:-1","max-image-preview":"max-image-preview:large","max-video-preview":"max-video-preview:-1"},"canonical":"https:\/\/bobimarket.pl\/index.php\/produkt\/mlotek-gumowy-brukarski-uchwyt-fiberglass-450g\/","og_locale":"pl_PL","og_type":"article","og_title":"M\u0141OTEK GUMOWY BRUKARSKI UCHWYT FIBERGLASS 450G - BOBIMARKET.pl - Remontuj i urz\u0105dzaj z nami","og_description":"M\u0141OTEK GUMOWY BRUKARSKI UCHWYT FIBERGLASS 450G Informacje og\u00f3lne: D\u0142ugo\u015b\u0107: 335 mm Waga obuchu: 450 g Materia\u0142 obuchu: guma Materia\u0142 trzonka: w\u0142\u00f3kno szklane \u015arednica obuchu: 58 mm Niezb\u0119dny element wyposa\u017cenia Twojego warsztatu! Klasyczny m\u0142otek gumowy o wadze 450g. Trzon z tworzywa na bazie w\u0142\u00f3kien szklanych powlekany gum\u0105. Natomiast obuch wykonany z gumy w kolorze czarny. Narz\u0119dzie     Czytaj wi\u0119cej \"M\u0141OTEK GUMOWY BRUKARSKI UCHWYT FIBERGLASS 450G\"","og_url":"https:\/\/bobimarket.pl\/index.php\/produkt\/mlotek-gumowy-brukarski-uchwyt-fiberglass-450g\/","og_site_name":"BOBIMARKET.pl - Remontuj i urz\u0105dzaj z nami","article_modified_time":"2025-02-27T15:03:26+00:00","og_image":[{"url":"https:\/\/upload.cdn.baselinker.com\/products\/14476\/6f4c75bdfff0a1ac7d902252e85aa378.jpg"}],"twitter_card":"summary_large_image","twitter_misc":{"Szacowany czas czytania":"1 minuta"},"schema":{"@context":"https:\/\/schema.org","@graph":[{"@type":"WebPage","@id":"https:\/\/bobimarket.pl\/index.php\/produkt\/mlotek-gumowy-brukarski-uchwyt-fiberglass-450g\/","url":"https:\/\/bobimarket.pl\/index.php\/produkt\/mlotek-gumowy-brukarski-uchwyt-fiberglass-450g\/","name":"M\u0141OTEK GUMOWY BRUKARSKI UCHWYT FIBERGLASS 450G - BOBIMARKET.pl - Remontuj i urz\u0105dzaj z nami","isPartOf":{"@id":"https:\/\/bobimarket.pl\/#website"},"datePublished":"2023-08-30T01:49:45+00:00","dateModified":"2025-02-27T15:03:26+00:00","breadcrumb":{"@id":"https:\/\/bobimarket.pl\/index.php\/produkt\/mlotek-gumowy-brukarski-uchwyt-fiberglass-450g\/#breadcrumb"},"inLanguage":"pl-PL","potentialAction":[{"@type":"ReadAction","target":["https:\/\/bobimarket.pl\/index.php\/produkt\/mlotek-gumowy-brukarski-uchwyt-fiberglass-450g\/"]}]},{"@type":"BreadcrumbList","@id":"https:\/\/bobimarket.pl\/index.php\/produkt\/mlotek-gumowy-brukarski-uchwyt-fiberglass-450g\/#breadcrumb","itemListElement":[{"@type":"ListItem","position":1,"name":"Strona g\u0142\u00f3wna","item":"https:\/\/bobimarket.pl\/"},{"@type":"ListItem","position":2,"name":"Sklep","item":"https:\/\/bobimarket.pl\/index.php\/shop\/"},{"@type":"ListItem","position":3,"name":"M\u0141OTEK GUMOWY BRUKARSKI UCHWYT FIBERGLASS 450G"}]},{"@type":"WebSite","@id":"https:\/\/bobimarket.pl\/#website","url":"https:\/\/bobimarket.pl\/","name":"BOBIMARKET.pl - Remontuj i urz\u0105dzaj z nami","description":"Remontuj i urz\u0105dzaj z nami","publisher":{"@id":"https:\/\/bobimarket.pl\/#organization"},"potentialAction":[{"@type":"SearchAction","target":{"@type":"EntryPoint","urlTemplate":"https:\/\/bobimarket.pl\/?s={search_term_string}"},"query-input":"required name=search_term_string"}],"inLanguage":"pl-PL"},{"@type":"Organization","@id":"https:\/\/bobimarket.pl\/#organization","name":"BOBIMARKET.pl","url":"https:\/\/bobimarket.pl\/","logo":{"@type":"ImageObject","inLanguage":"pl-PL","@id":"https:\/\/bobimarket.pl\/#\/schema\/logo\/image\/","url":"https:\/\/bobimarket.pl\/wp-content\/uploads\/2021\/11\/slogan.png","contentUrl":"https:\/\/bobimarket.pl\/wp-content\/uploads\/2021\/11\/slogan.png","width":2000,"height":384,"caption":"BOBIMARKET.pl"},"image":{"@id":"https:\/\/bobimarket.pl\/#\/schema\/logo\/image\/"}}]}},"_links":{"self":[{"href":"https:\/\/bobimarket.pl\/index.php\/wp-json\/wp\/v2\/product\/88229"}],"collection":[{"href":"https:\/\/bobimarket.pl\/index.php\/wp-json\/wp\/v2\/product"}],"about":[{"href":"https:\/\/bobimarket.pl\/index.php\/wp-json\/wp\/v2\/types\/product"}],"wp:featuredmedia":[{"embeddable":true,"href":"https:\/\/bobimarket.pl\/index.php\/wp-json\/wp\/v2\/media\/88224"}],"wp:attachment":[{"href":"https:\/\/bobimarket.pl\/index.php\/wp-json\/wp\/v2\/media?parent=88229"}],"wp:term":[{"taxonomy":"product_cat","embeddable":true,"href":"https:\/\/bobimarket.pl\/index.php\/wp-json\/wp\/v2\/product_cat?post=88229"},{"taxonomy":"product_tag","embeddable":true,"href":"https:\/\/bobimarket.pl\/index.php\/wp-json\/wp\/v2\/product_tag?post=88229"}],"curies":[{"name":"wp","href":"https:\/\/api.w.org\/{rel}","templated":true}]}}