{"id":88241,"date":"2023-08-30T01:50:58","date_gmt":"2023-08-30T01:50:58","guid":{"rendered":"https:\/\/bobimarket.pl\/index.php\/produkt\/szczypce-zaciskowe-morsea-morsa-250mm-zabka-klucz-2\/"},"modified":"2025-02-27T15:03:34","modified_gmt":"2025-02-27T15:03:34","slug":"szczypce-zaciskowe-morsea-morsa-250mm-zabka-klucz-2","status":"publish","type":"product","link":"https:\/\/bobimarket.pl\/index.php\/produkt\/szczypce-zaciskowe-morsea-morsa-250mm-zabka-klucz-2\/","title":{"rendered":"SZCZYPCE ZACISKOWE MORSEA MORSA 250MM \u017bABKA KLUCZ"},"content":{"rendered":"<section class=\"section\">\n<div class=\"item item-6\">\n<section class=\"image-item\">\n                <img decoding=\"async\" src=\"https:\/\/upload.cdn.baselinker.com\/products\/14476\/a62caaba19965a98ad35b58d60a683fd.jpg\" \/><br \/>\n            <\/section>\n<\/p><\/div>\n<div class=\"item item-6\">\n<section class=\"text-item\">\n<h2>SZCZYPCE ZACISKOWE TYPU MORSE&#8217;A KLUCZ<\/h2>\n<p><b>Dane techniczne:<\/b><\/p>\n<ul>\n<li>D\u0142ugo\u015b\u0107 ca\u0142kowita: <b>220 mm<\/b><\/li>\n<li>Materia\u0142: <b>stal utwardzana\u00a0<\/b><\/li>\n<li>Szczypce: <b>zaokr\u0105glone<\/b><\/li>\n<\/ul>\n<\/section><\/div>\n<\/section>\n<section class=\"section\">\n<div class=\"item item-6\">\n<section class=\"image-item\">\n                <img decoding=\"async\" src=\"https:\/\/upload.cdn.baselinker.com\/products\/14476\/611b411b9e666d9aa705a10488e4e103.jpg\" \/><br \/>\n            <\/section>\n<\/p><\/div>\n<div class=\"item item-6\">\n<section class=\"text-item\">\n<p><b>Praktyczny element wyposa\u017cenia skrzynki narz\u0119dziowej!<\/b><\/p>\n<p>Szczypce samozaciskowe typu MORSE&#8217;a. Wykonane z utwardzonej stali, dodatkowo posiadaj\u0105 chromowan\u0105 pow\u0142ok\u0119.\u00a0<\/p>\n<ul>\n<li><b>Wyposa\u017cone w specjaln\u0105 \u015brub\u0119<\/b> umo\u017cliwiaj\u0105c\u0105 regulacj\u0119 rozwarcia szcz\u0119k oraz zaokr\u0105glone szczypce.<\/li>\n<li>Szczeki zapewniaj\u0105 <b>pewny zacisk<\/b>, uniemo\u017cliwiaj\u0105c \u015blizgania lub zsuwania elementu.\u00a0<\/li>\n<li>Narz\u0119dzie pozwala na precyzyjne spasowanie \u0142\u0105czonych element\u00f3w.<\/li>\n<\/ul>\n<\/section><\/div>\n<\/section>\n<section class=\"section\">\n<div class=\"item item-6\">\n<section class=\"image-item\">\n                <img decoding=\"async\" src=\"https:\/\/upload.cdn.baselinker.com\/products\/14476\/b567136d51196281965c2c55c55573c9.jpg\" \/><br \/>\n            <\/section>\n<\/p><\/div>\n<div class=\"item item-6\">\n<section class=\"text-item\">\n<p><b>\u2705<\/b><b> Zastosowanie:<\/b><\/p>\n<p>Idealnie sprawdz\u0105 si\u0119 podczas prac hydraulicznych, spawalniczych, motoryzacyjnych lub \u015blusarskich. Narz\u0119dzie przeznaczone <b>do przytrzymywania, zaginania, ci\u0119cia.<\/b><\/p>\n<ul>\n<li>Mo\u017cliwo\u015b\u0107 ustalenia wielko\u015bci rozstawu szcz\u0119k sprawia, \u017ce szczypce maj\u0105 wszechstronne zastosowanie.<\/li>\n<li>Wyprofilowane szcz\u0119ki zapewniaj\u0105 pewny chwyt.<\/li>\n<\/ul>\n<\/section><\/div>\n<\/section>\n<section class=\"section\">\n<div class=\"item item-12\">\n<section class=\"image-item\">\n                <img decoding=\"async\" src=\"https:\/\/upload.cdn.baselinker.com\/products\/14476\/39b14af6489f5575111394bc966d06b4.jpg\" \/><br \/>\n            <\/section>\n<\/p><\/div>\n<\/section>\n","protected":false},"excerpt":{"rendered":"<p>SZCZYPCE ZACISKOWE TYPU MORSE&#8217;A KLUCZ Dane techniczne: D\u0142ugo\u015b\u0107 ca\u0142kowita: 220 mm Materia\u0142: stal utwardzana\u00a0 Szczypce: zaokr\u0105glone Praktyczny element wyposa\u017cenia skrzynki narz\u0119dziowej! Szczypce samozaciskowe typu MORSE&#8217;a. Wykonane z utwardzonej stali, dodatkowo posiadaj\u0105 chromowan\u0105 pow\u0142ok\u0119.\u00a0 Wyposa\u017cone w specjaln\u0105 \u015brub\u0119 umo\u017cliwiaj\u0105c\u0105 regulacj\u0119 rozwarcia szcz\u0119k oraz zaokr\u0105glone szczypce. Szczeki zapewniaj\u0105 pewny zacisk, uniemo\u017cliwiaj\u0105c \u015blizgania lub zsuwania elementu.\u00a0 Narz\u0119dzie pozwala<br \/><a class=\"more-link\" href=\"https:\/\/bobimarket.pl\/index.php\/produkt\/szczypce-zaciskowe-morsea-morsa-250mm-zabka-klucz-2\/\"><br \/>\n        Czytaj wi\u0119cej<span class=\"screen-reader-text\"> &#8222;SZCZYPCE ZACISKOWE MORSEA MORSA 250MM \u017bABKA KLUCZ&#8221;<\/span><\/a><\/p>\n","protected":false},"featured_media":88236,"template":"","meta":[],"product_cat":[8086],"product_tag":[],"yoast_head":"<!-- This site is optimized with the Yoast SEO plugin v21.0 - https:\/\/yoast.com\/wordpress\/plugins\/seo\/ -->\n<title>SZCZYPCE ZACISKOWE MORSEA MORSA 250MM \u017bABKA KLUCZ - BOBIMARKET.pl - Remontuj i urz\u0105dzaj z nami<\/title>\n<meta name=\"robots\" content=\"index, follow, max-snippet:-1, max-image-preview:large, max-video-preview:-1\" \/>\n<link rel=\"canonical\" href=\"https:\/\/bobimarket.pl\/index.php\/produkt\/szczypce-zaciskowe-morsea-morsa-250mm-zabka-klucz-2\/\" \/>\n<meta property=\"og:locale\" content=\"pl_PL\" \/>\n<meta property=\"og:type\" content=\"article\" \/>\n<meta property=\"og:title\" content=\"SZCZYPCE ZACISKOWE MORSEA MORSA 250MM \u017bABKA KLUCZ - BOBIMARKET.pl - Remontuj i urz\u0105dzaj z nami\" \/>\n<meta property=\"og:description\" content=\"SZCZYPCE ZACISKOWE TYPU MORSE&#8217;A KLUCZ Dane techniczne: D\u0142ugo\u015b\u0107 ca\u0142kowita: 220 mm Materia\u0142: stal utwardzana\u00a0 Szczypce: zaokr\u0105glone Praktyczny element wyposa\u017cenia skrzynki narz\u0119dziowej! Szczypce samozaciskowe typu MORSE&#8217;a. Wykonane z utwardzonej stali, dodatkowo posiadaj\u0105 chromowan\u0105 pow\u0142ok\u0119.\u00a0 Wyposa\u017cone w specjaln\u0105 \u015brub\u0119 umo\u017cliwiaj\u0105c\u0105 regulacj\u0119 rozwarcia szcz\u0119k oraz zaokr\u0105glone szczypce. Szczeki zapewniaj\u0105 pewny zacisk, uniemo\u017cliwiaj\u0105c \u015blizgania lub zsuwania elementu.\u00a0 Narz\u0119dzie pozwala     Czytaj wi\u0119cej &quot;SZCZYPCE ZACISKOWE MORSEA MORSA 250MM \u017bABKA KLUCZ&quot;\" \/>\n<meta property=\"og:url\" content=\"https:\/\/bobimarket.pl\/index.php\/produkt\/szczypce-zaciskowe-morsea-morsa-250mm-zabka-klucz-2\/\" \/>\n<meta property=\"og:site_name\" content=\"BOBIMARKET.pl - Remontuj i urz\u0105dzaj z nami\" \/>\n<meta property=\"article:modified_time\" content=\"2025-02-27T15:03:34+00:00\" \/>\n<meta property=\"og:image\" content=\"https:\/\/upload.cdn.baselinker.com\/products\/14476\/a62caaba19965a98ad35b58d60a683fd.jpg\" \/>\n<meta name=\"twitter:card\" content=\"summary_large_image\" \/>\n<meta name=\"twitter:label1\" content=\"Szacowany czas czytania\" \/>\n\t<meta name=\"twitter:data1\" content=\"1 minuta\" \/>\n<script type=\"application\/ld+json\" class=\"yoast-schema-graph\">{\"@context\":\"https:\/\/schema.org\",\"@graph\":[{\"@type\":\"WebPage\",\"@id\":\"https:\/\/bobimarket.pl\/index.php\/produkt\/szczypce-zaciskowe-morsea-morsa-250mm-zabka-klucz-2\/\",\"url\":\"https:\/\/bobimarket.pl\/index.php\/produkt\/szczypce-zaciskowe-morsea-morsa-250mm-zabka-klucz-2\/\",\"name\":\"SZCZYPCE ZACISKOWE MORSEA MORSA 250MM \u017bABKA KLUCZ - BOBIMARKET.pl - Remontuj i urz\u0105dzaj z nami\",\"isPartOf\":{\"@id\":\"https:\/\/bobimarket.pl\/#website\"},\"datePublished\":\"2023-08-30T01:50:58+00:00\",\"dateModified\":\"2025-02-27T15:03:34+00:00\",\"breadcrumb\":{\"@id\":\"https:\/\/bobimarket.pl\/index.php\/produkt\/szczypce-zaciskowe-morsea-morsa-250mm-zabka-klucz-2\/#breadcrumb\"},\"inLanguage\":\"pl-PL\",\"potentialAction\":[{\"@type\":\"ReadAction\",\"target\":[\"https:\/\/bobimarket.pl\/index.php\/produkt\/szczypce-zaciskowe-morsea-morsa-250mm-zabka-klucz-2\/\"]}]},{\"@type\":\"BreadcrumbList\",\"@id\":\"https:\/\/bobimarket.pl\/index.php\/produkt\/szczypce-zaciskowe-morsea-morsa-250mm-zabka-klucz-2\/#breadcrumb\",\"itemListElement\":[{\"@type\":\"ListItem\",\"position\":1,\"name\":\"Strona g\u0142\u00f3wna\",\"item\":\"https:\/\/bobimarket.pl\/\"},{\"@type\":\"ListItem\",\"position\":2,\"name\":\"Sklep\",\"item\":\"https:\/\/bobimarket.pl\/index.php\/shop\/\"},{\"@type\":\"ListItem\",\"position\":3,\"name\":\"SZCZYPCE ZACISKOWE MORSEA MORSA 250MM \u017bABKA KLUCZ\"}]},{\"@type\":\"WebSite\",\"@id\":\"https:\/\/bobimarket.pl\/#website\",\"url\":\"https:\/\/bobimarket.pl\/\",\"name\":\"BOBIMARKET.pl - Remontuj i urz\u0105dzaj z nami\",\"description\":\"Remontuj i urz\u0105dzaj z nami\",\"publisher\":{\"@id\":\"https:\/\/bobimarket.pl\/#organization\"},\"potentialAction\":[{\"@type\":\"SearchAction\",\"target\":{\"@type\":\"EntryPoint\",\"urlTemplate\":\"https:\/\/bobimarket.pl\/?s={search_term_string}\"},\"query-input\":\"required name=search_term_string\"}],\"inLanguage\":\"pl-PL\"},{\"@type\":\"Organization\",\"@id\":\"https:\/\/bobimarket.pl\/#organization\",\"name\":\"BOBIMARKET.pl\",\"url\":\"https:\/\/bobimarket.pl\/\",\"logo\":{\"@type\":\"ImageObject\",\"inLanguage\":\"pl-PL\",\"@id\":\"https:\/\/bobimarket.pl\/#\/schema\/logo\/image\/\",\"url\":\"https:\/\/bobimarket.pl\/wp-content\/uploads\/2021\/11\/slogan.png\",\"contentUrl\":\"https:\/\/bobimarket.pl\/wp-content\/uploads\/2021\/11\/slogan.png\",\"width\":2000,\"height\":384,\"caption\":\"BOBIMARKET.pl\"},\"image\":{\"@id\":\"https:\/\/bobimarket.pl\/#\/schema\/logo\/image\/\"}}]}<\/script>\n<!-- \/ Yoast SEO plugin. -->","yoast_head_json":{"title":"SZCZYPCE ZACISKOWE MORSEA MORSA 250MM \u017bABKA KLUCZ - BOBIMARKET.pl - Remontuj i urz\u0105dzaj z nami","robots":{"index":"index","follow":"follow","max-snippet":"max-snippet:-1","max-image-preview":"max-image-preview:large","max-video-preview":"max-video-preview:-1"},"canonical":"https:\/\/bobimarket.pl\/index.php\/produkt\/szczypce-zaciskowe-morsea-morsa-250mm-zabka-klucz-2\/","og_locale":"pl_PL","og_type":"article","og_title":"SZCZYPCE ZACISKOWE MORSEA MORSA 250MM \u017bABKA KLUCZ - BOBIMARKET.pl - Remontuj i urz\u0105dzaj z nami","og_description":"SZCZYPCE ZACISKOWE TYPU MORSE&#8217;A KLUCZ Dane techniczne: D\u0142ugo\u015b\u0107 ca\u0142kowita: 220 mm Materia\u0142: stal utwardzana\u00a0 Szczypce: zaokr\u0105glone Praktyczny element wyposa\u017cenia skrzynki narz\u0119dziowej! Szczypce samozaciskowe typu MORSE&#8217;a. Wykonane z utwardzonej stali, dodatkowo posiadaj\u0105 chromowan\u0105 pow\u0142ok\u0119.\u00a0 Wyposa\u017cone w specjaln\u0105 \u015brub\u0119 umo\u017cliwiaj\u0105c\u0105 regulacj\u0119 rozwarcia szcz\u0119k oraz zaokr\u0105glone szczypce. Szczeki zapewniaj\u0105 pewny zacisk, uniemo\u017cliwiaj\u0105c \u015blizgania lub zsuwania elementu.\u00a0 Narz\u0119dzie pozwala     Czytaj wi\u0119cej \"SZCZYPCE ZACISKOWE MORSEA MORSA 250MM \u017bABKA KLUCZ\"","og_url":"https:\/\/bobimarket.pl\/index.php\/produkt\/szczypce-zaciskowe-morsea-morsa-250mm-zabka-klucz-2\/","og_site_name":"BOBIMARKET.pl - Remontuj i urz\u0105dzaj z nami","article_modified_time":"2025-02-27T15:03:34+00:00","og_image":[{"url":"https:\/\/upload.cdn.baselinker.com\/products\/14476\/a62caaba19965a98ad35b58d60a683fd.jpg"}],"twitter_card":"summary_large_image","twitter_misc":{"Szacowany czas czytania":"1 minuta"},"schema":{"@context":"https:\/\/schema.org","@graph":[{"@type":"WebPage","@id":"https:\/\/bobimarket.pl\/index.php\/produkt\/szczypce-zaciskowe-morsea-morsa-250mm-zabka-klucz-2\/","url":"https:\/\/bobimarket.pl\/index.php\/produkt\/szczypce-zaciskowe-morsea-morsa-250mm-zabka-klucz-2\/","name":"SZCZYPCE ZACISKOWE MORSEA MORSA 250MM \u017bABKA KLUCZ - BOBIMARKET.pl - Remontuj i urz\u0105dzaj z nami","isPartOf":{"@id":"https:\/\/bobimarket.pl\/#website"},"datePublished":"2023-08-30T01:50:58+00:00","dateModified":"2025-02-27T15:03:34+00:00","breadcrumb":{"@id":"https:\/\/bobimarket.pl\/index.php\/produkt\/szczypce-zaciskowe-morsea-morsa-250mm-zabka-klucz-2\/#breadcrumb"},"inLanguage":"pl-PL","potentialAction":[{"@type":"ReadAction","target":["https:\/\/bobimarket.pl\/index.php\/produkt\/szczypce-zaciskowe-morsea-morsa-250mm-zabka-klucz-2\/"]}]},{"@type":"BreadcrumbList","@id":"https:\/\/bobimarket.pl\/index.php\/produkt\/szczypce-zaciskowe-morsea-morsa-250mm-zabka-klucz-2\/#breadcrumb","itemListElement":[{"@type":"ListItem","position":1,"name":"Strona g\u0142\u00f3wna","item":"https:\/\/bobimarket.pl\/"},{"@type":"ListItem","position":2,"name":"Sklep","item":"https:\/\/bobimarket.pl\/index.php\/shop\/"},{"@type":"ListItem","position":3,"name":"SZCZYPCE ZACISKOWE MORSEA MORSA 250MM \u017bABKA KLUCZ"}]},{"@type":"WebSite","@id":"https:\/\/bobimarket.pl\/#website","url":"https:\/\/bobimarket.pl\/","name":"BOBIMARKET.pl - Remontuj i urz\u0105dzaj z nami","description":"Remontuj i urz\u0105dzaj z nami","publisher":{"@id":"https:\/\/bobimarket.pl\/#organization"},"potentialAction":[{"@type":"SearchAction","target":{"@type":"EntryPoint","urlTemplate":"https:\/\/bobimarket.pl\/?s={search_term_string}"},"query-input":"required name=search_term_string"}],"inLanguage":"pl-PL"},{"@type":"Organization","@id":"https:\/\/bobimarket.pl\/#organization","name":"BOBIMARKET.pl","url":"https:\/\/bobimarket.pl\/","logo":{"@type":"ImageObject","inLanguage":"pl-PL","@id":"https:\/\/bobimarket.pl\/#\/schema\/logo\/image\/","url":"https:\/\/bobimarket.pl\/wp-content\/uploads\/2021\/11\/slogan.png","contentUrl":"https:\/\/bobimarket.pl\/wp-content\/uploads\/2021\/11\/slogan.png","width":2000,"height":384,"caption":"BOBIMARKET.pl"},"image":{"@id":"https:\/\/bobimarket.pl\/#\/schema\/logo\/image\/"}}]}},"_links":{"self":[{"href":"https:\/\/bobimarket.pl\/index.php\/wp-json\/wp\/v2\/product\/88241"}],"collection":[{"href":"https:\/\/bobimarket.pl\/index.php\/wp-json\/wp\/v2\/product"}],"about":[{"href":"https:\/\/bobimarket.pl\/index.php\/wp-json\/wp\/v2\/types\/product"}],"wp:featuredmedia":[{"embeddable":true,"href":"https:\/\/bobimarket.pl\/index.php\/wp-json\/wp\/v2\/media\/88236"}],"wp:attachment":[{"href":"https:\/\/bobimarket.pl\/index.php\/wp-json\/wp\/v2\/media?parent=88241"}],"wp:term":[{"taxonomy":"product_cat","embeddable":true,"href":"https:\/\/bobimarket.pl\/index.php\/wp-json\/wp\/v2\/product_cat?post=88241"},{"taxonomy":"product_tag","embeddable":true,"href":"https:\/\/bobimarket.pl\/index.php\/wp-json\/wp\/v2\/product_tag?post=88241"}],"curies":[{"name":"wp","href":"https:\/\/api.w.org\/{rel}","templated":true}]}}