{"id":88261,"date":"2023-08-30T01:52:54","date_gmt":"2023-08-30T01:52:54","guid":{"rendered":"https:\/\/bobimarket.pl\/index.php\/produkt\/zestaw-narzedzi-ogrodowych-lopatka-widelki-7-el\/"},"modified":"2025-02-27T16:51:01","modified_gmt":"2025-02-27T16:51:01","slug":"zestaw-narzedzi-ogrodowych-lopatka-widelki-7-el","status":"publish","type":"product","link":"https:\/\/bobimarket.pl\/index.php\/produkt\/zestaw-narzedzi-ogrodowych-lopatka-widelki-7-el\/","title":{"rendered":"ZESTAW NARZ\u0118DZI OGRODOWYCH \u0141OPATKA WIDE\u0141KI 7 el."},"content":{"rendered":"<section class=\"section\">\n<div class=\"item item-12\">\n<section class=\"text-item\">\n<h2>ZESTAW NARZ\u0118DZI OGRODOWYCH \u0141OPATKA WIDE\u0141KI 7 el.<\/h2>\n<p><b>Informacje og\u00f3lne: <\/b><\/p>\n<ul>\n<li>Materia\u0142 cz\u0119\u015bci roboczej: <b>stal \u015bredniow\u0119glowa<\/b><\/li>\n<li>Rodzaj pow\u0142oki cz\u0119\u015bci roboczej: <b>emalia proszkowa<\/b><\/li>\n<\/ul>\n<p><b>Zestaw sk\u0142ada si\u0119 z 7 element\u00f3w: <\/b><\/p>\n<ul>\n<li>Grabie 5 z\u0119b\u00f3w<\/li>\n<li>Spulchniacz 3 z\u0119by<\/li>\n<li>Grabie wachlarzowe 9 z\u0119b\u00f3w<\/li>\n<li>Motyczka 3 z\u0119by<\/li>\n<li>\u0141opatka szufladka szeroka<\/li>\n<li>Uchwyt wyd\u0142u\u017caj\u0105cy do przed\u0142u\u017cania<\/li>\n<li>Po\u015bredni dr\u0105\u017cek wyd\u0142u\u017caj\u0105cy<\/li>\n<\/ul>\n<\/section><\/div>\n<\/section>\n<section class=\"section\">\n<div class=\"item item-6\">\n<section class=\"image-item\">\n            <img decoding=\"async\" src=\"https:\/\/upload.cdn.baselinker.com\/products\/14476\/5dc4cc24a683890f99a15f50cc719280.jpg\" \/><br \/>\n        <\/section>\n<\/p><\/div>\n<div class=\"item item-6\">\n<section class=\"image-item\">\n            <img decoding=\"async\" src=\"https:\/\/upload.cdn.baselinker.com\/products\/14476\/70d9a594f66411507a977d228f0f34fb.jpg\" \/><br \/>\n        <\/section>\n<\/p><\/div>\n<\/section>\n<section class=\"section\">\n<div class=\"item item-12\">\n<section class=\"text-item\">\n<h2>Idealny zestaw do prac w ogrodzie o ka\u017cdej porze roku!<\/h2>\n<p>Zestaw narz\u0119dzi ogrodniczych wykonany z wysokiej jako\u015bci materia\u0142\u00f3w. Przeznaczony do wszelakich prac ogrodniczych.\u00a0<b> Wyprofilowany uchwyt<\/b> zako\u0144czony jest otworem s\u0142u\u017c\u0105cym do zawieszania narz\u0119dzi.<\/p>\n<p>\u2705 W sk\u0142ad zestawy wchodz\u0105 narz\u0119dzie, kt\u00f3re sprawdz\u0105 si\u0119 podczas<b> standardowych prac przeprowadzanych w ogrodzie<\/b> &#8211; wiosn\u0105, latem i jesieni\u0105.<\/p>\n<p>\u2705 Poszczeg\u00f3lme elementy s\u0105 wykonane s\u0105 <b>ze stali w\u0119glowej, posiadaj\u0105 pow\u0142ok\u0119 ochronn\u0105<\/b> zabezpieczaj\u0105c\u0105 przed korozj\u0105.<\/p>\n<p>\u2705 Przydadz\u0105 si\u0119 <b>do sadzenia kwiat\u00f3w, spulchniania ziemi lub usuwania chwast\u00f3w, grabienia. <\/b><\/p>\n<\/section><\/div>\n<\/section>\n<section class=\"section\">\n<div class=\"item item-6\">\n<section class=\"image-item\">\n            <img decoding=\"async\" src=\"https:\/\/upload.cdn.baselinker.com\/products\/14476\/2013c17a6f87a1592fcab3a4e89dbeda.jpg\" \/><br \/>\n        <\/section>\n<\/p><\/div>\n<div class=\"item item-6\">\n<section class=\"image-item\">\n            <img decoding=\"async\" src=\"https:\/\/upload.cdn.baselinker.com\/products\/14476\/599d95f50a0f242048771c8c4210ccbf.jpg\" \/><br \/>\n        <\/section>\n<\/p><\/div>\n<\/section>\n<section class=\"section\">\n<div class=\"item item-12\">\n<section class=\"text-item\">\n<p>Zestaw zawiera <b>7 element\u00f3w o r\u00f3\u017cnych parametrach technicznych.<\/b> Komplet sk\u0142ada si\u0119 z 5 narz\u0119dzi ogrodowych oraz dw\u00f3ch uchwyt\u00f3w wyd\u0142u\u017caj\u0105cych.<\/p>\n<p><b>1. Grabie 5 z\u0119b\u00f3w<\/b><\/p>\n<ul>\n<li>Szeroko\u015b\u0107 cz\u0119\u015bci roboczej: <b>120 mm<\/b><\/li>\n<li>D\u0142ugo\u015b\u0107 ca\u0142kowita: <b>300 mm<\/b><\/li>\n<\/ul>\n<p><b>2. Spulchniacz 3 z\u0119by<\/b><\/p>\n<ul>\n<li>Szeroko\u015b\u0107 cz\u0119\u015bci roboczej: <b>90 mm<\/b><\/li>\n<li>D\u0142ugo\u015b\u0107 ca\u0142kowita: <b>380 mm<\/b><\/li>\n<\/ul>\n<p><b>3. Grabie wachlarzowe 9 z\u0119b\u00f3w<\/b><\/p>\n<ul>\n<li>Szeroko\u015b\u0107 cz\u0119\u015bci roboczej:<b> 130 mm<\/b><\/li>\n<li>D\u0142ugo\u015b\u0107 ca\u0142kowita: <b>410 mm<\/b><\/li>\n<\/ul>\n<p><b>4. Motyczka 3 z\u0119by<\/b><\/p>\n<ul>\n<li>Szeroko\u015b\u0107 cz\u0119\u015bci roboczej: <b>60 mm<\/b><\/li>\n<li>D\u0142ugo\u015b\u0107 ca\u0142kowita: <b>300 mm<\/b><\/li>\n<\/ul>\n<p><b>5. \u0141opatka szufladka szeroka<\/b><\/p>\n<ul>\n<li>Szeroko\u015b\u0107 cz\u0119\u015bci roboczej: 90 mm<\/li>\n<li>D\u0142ugo\u015b\u0107: 140 mm<\/li>\n<li>Ca\u0142kowita d\u0142ugo\u015b\u0107: 290 mm<\/li>\n<\/ul>\n<p><b>+ Uchwyt wyd\u0142u\u017caj\u0105cy do przed\u0142u\u017cania<\/b><\/p>\n<p><b>+ Po\u015bredni dr\u0105\u017cek wyd\u0142u\u017caj\u0105cy<\/b><\/p>\n<\/section><\/div>\n<\/section>\n<section class=\"section\">\n<div class=\"item item-6\">\n<section class=\"image-item\">\n            <img decoding=\"async\" src=\"https:\/\/upload.cdn.baselinker.com\/products\/14476\/ce947bab19e98093f8a36d14ab681a3c.jpg\" \/><br \/>\n        <\/section>\n<\/p><\/div>\n<div class=\"item item-6\">\n<section class=\"image-item\">\n            <img decoding=\"async\" src=\"https:\/\/upload.cdn.baselinker.com\/products\/14476\/fef279cc0ea1815b708fba6e81d08a24.jpg\" \/><br \/>\n        <\/section>\n<\/p><\/div>\n<\/section>\n<section class=\"section\">\n<div class=\"item item-12\">\n<section class=\"text-item\">\n<h2>Tego roku zadbaj\u00a0 o sw\u00f3j ogr\u00f3d z 7 elementowym zestawem narz\u0119dzi ogrodowych!<\/h2>\n<p>Por\u0119czne narz\u0119dzia, kt\u00f3re u\u0142atwi\u0105 prace porz\u0105dkowe i piel\u0119gnacyjne w ogrodzie. Niewielki rozmiar poszczeg\u00f3lnych narz\u0119dzi w zestawie sprawia, \u017ce mo\u017cesz nimi precyzyjnie operowa\u0107, bez obawo uszkodzenie delikatnych p\u0119d\u00f3w i kwiat\u00f3w.\u00a0<\/p>\n<p>Ogromn\u0105 zalet\u0105 zestawu jest to, \u017ce posiada uchwyt oraz dr\u0105\u017cek przed\u0142u\u017caj\u0105cy. Te dodatkowe elementy zwi\u0119kszaj\u0105 jego funkcjonalno\u015b\u0107 oraz wp\u0142ywaj\u0105 na podniesienie komfortu wykonywanych prac.<\/p>\n<ul>\n<li><b>Grabki o 5 z\u0119bach i grabie wachlarzowe <\/b>pomog\u0105 w dbaniu o ro\u015bliny. Z ich pomoc\u0105 b\u0119dziesz m\u00f3g\u0142 spulchni\u0107 i napowietrzy\u0107 gleb\u0119, aby Twoje ro\u015bliny mog\u0142y rosn\u0105\u0107 w jak najlepszych warunkach. Przydadz\u0105 si\u0119 r\u00f3wnie\u017c podczas odchwaszczania grz\u0105dek lub zbierania \u015bci\u0119tych p\u0119d\u00f3w.<\/li>\n<li><b>Spulchniacz i motyczka<\/b> pomog\u0105 w spulchniania i napowietrzania gleby na ma\u0142ych grz\u0105dkach i rabatkach.<\/li>\n<li><b>\u0141opatka szufladka szeroka <\/b>b\u0119dzie s\u0142u\u017cy\u0107 przede wszystkim do sadzenia i przesadzania sadzonek, ro\u015blin lub kwiat\u00f3w.<\/li>\n<li><b>Uchwyt wyd\u0142u\u017caj\u0105cy<\/b> do przed\u0142u\u017cania dowolnego narz\u0119dzia z zestawu do 400 mm z\u00a0\u0441\u00a0przy\u0142\u0105czem gwintowanym.<\/li>\n<li><b>Po\u015bredni dr\u0105\u017cek<\/b> wyd\u0142u\u017caj\u0105cy do przed\u0142u\u017cania dowolnego narz\u0119dzia z zestawu o\u00a0380 mm, przy\u0142\u0105cze gwintowane.<\/li>\n<\/ul>\n<\/section><\/div>\n<\/section>\n<section class=\"section\">\n<div class=\"item item-12\">\n<section class=\"text-item\">\n<h1>Narz\u0119dzia przydatne w ka\u017cdym ogrodzie niezale\u017cnie od jego wielko\u015bci.<\/h1>\n<\/section><\/div>\n<\/section>\n","protected":false},"excerpt":{"rendered":"<p><\/p>\n","protected":false},"featured_media":88250,"template":"","meta":[],"product_cat":[8229],"product_tag":[],"yoast_head":"<!-- This site is optimized with the Yoast SEO plugin v21.0 - https:\/\/yoast.com\/wordpress\/plugins\/seo\/ -->\n<title>ZESTAW NARZ\u0118DZI OGRODOWYCH \u0141OPATKA WIDE\u0141KI 7 el. - BOBIMARKET.pl - Remontuj i urz\u0105dzaj z nami<\/title>\n<meta name=\"robots\" content=\"index, follow, max-snippet:-1, max-image-preview:large, max-video-preview:-1\" \/>\n<link rel=\"canonical\" href=\"https:\/\/bobimarket.pl\/index.php\/produkt\/zestaw-narzedzi-ogrodowych-lopatka-widelki-7-el\/\" \/>\n<meta property=\"og:locale\" content=\"pl_PL\" \/>\n<meta property=\"og:type\" content=\"article\" \/>\n<meta property=\"og:title\" content=\"ZESTAW NARZ\u0118DZI OGRODOWYCH \u0141OPATKA WIDE\u0141KI 7 el. - BOBIMARKET.pl - Remontuj i urz\u0105dzaj z nami\" \/>\n<meta property=\"og:url\" content=\"https:\/\/bobimarket.pl\/index.php\/produkt\/zestaw-narzedzi-ogrodowych-lopatka-widelki-7-el\/\" \/>\n<meta property=\"og:site_name\" content=\"BOBIMARKET.pl - Remontuj i urz\u0105dzaj z nami\" \/>\n<meta property=\"article:modified_time\" content=\"2025-02-27T16:51:01+00:00\" \/>\n<meta property=\"og:image\" content=\"https:\/\/upload.cdn.baselinker.com\/products\/14476\/5dc4cc24a683890f99a15f50cc719280.jpg\" \/>\n<meta name=\"twitter:card\" content=\"summary_large_image\" \/>\n<meta name=\"twitter:label1\" content=\"Szacowany czas czytania\" \/>\n\t<meta name=\"twitter:data1\" content=\"2 minuty\" \/>\n<script type=\"application\/ld+json\" class=\"yoast-schema-graph\">{\"@context\":\"https:\/\/schema.org\",\"@graph\":[{\"@type\":\"WebPage\",\"@id\":\"https:\/\/bobimarket.pl\/index.php\/produkt\/zestaw-narzedzi-ogrodowych-lopatka-widelki-7-el\/\",\"url\":\"https:\/\/bobimarket.pl\/index.php\/produkt\/zestaw-narzedzi-ogrodowych-lopatka-widelki-7-el\/\",\"name\":\"ZESTAW NARZ\u0118DZI OGRODOWYCH \u0141OPATKA WIDE\u0141KI 7 el. - BOBIMARKET.pl - Remontuj i urz\u0105dzaj z nami\",\"isPartOf\":{\"@id\":\"https:\/\/bobimarket.pl\/#website\"},\"datePublished\":\"2023-08-30T01:52:54+00:00\",\"dateModified\":\"2025-02-27T16:51:01+00:00\",\"breadcrumb\":{\"@id\":\"https:\/\/bobimarket.pl\/index.php\/produkt\/zestaw-narzedzi-ogrodowych-lopatka-widelki-7-el\/#breadcrumb\"},\"inLanguage\":\"pl-PL\",\"potentialAction\":[{\"@type\":\"ReadAction\",\"target\":[\"https:\/\/bobimarket.pl\/index.php\/produkt\/zestaw-narzedzi-ogrodowych-lopatka-widelki-7-el\/\"]}]},{\"@type\":\"BreadcrumbList\",\"@id\":\"https:\/\/bobimarket.pl\/index.php\/produkt\/zestaw-narzedzi-ogrodowych-lopatka-widelki-7-el\/#breadcrumb\",\"itemListElement\":[{\"@type\":\"ListItem\",\"position\":1,\"name\":\"Strona g\u0142\u00f3wna\",\"item\":\"https:\/\/bobimarket.pl\/\"},{\"@type\":\"ListItem\",\"position\":2,\"name\":\"Sklep\",\"item\":\"https:\/\/bobimarket.pl\/index.php\/shop\/\"},{\"@type\":\"ListItem\",\"position\":3,\"name\":\"ZESTAW NARZ\u0118DZI OGRODOWYCH \u0141OPATKA WIDE\u0141KI 7 el.\"}]},{\"@type\":\"WebSite\",\"@id\":\"https:\/\/bobimarket.pl\/#website\",\"url\":\"https:\/\/bobimarket.pl\/\",\"name\":\"BOBIMARKET.pl - Remontuj i urz\u0105dzaj z nami\",\"description\":\"Remontuj i urz\u0105dzaj z nami\",\"publisher\":{\"@id\":\"https:\/\/bobimarket.pl\/#organization\"},\"potentialAction\":[{\"@type\":\"SearchAction\",\"target\":{\"@type\":\"EntryPoint\",\"urlTemplate\":\"https:\/\/bobimarket.pl\/?s={search_term_string}\"},\"query-input\":\"required name=search_term_string\"}],\"inLanguage\":\"pl-PL\"},{\"@type\":\"Organization\",\"@id\":\"https:\/\/bobimarket.pl\/#organization\",\"name\":\"BOBIMARKET.pl\",\"url\":\"https:\/\/bobimarket.pl\/\",\"logo\":{\"@type\":\"ImageObject\",\"inLanguage\":\"pl-PL\",\"@id\":\"https:\/\/bobimarket.pl\/#\/schema\/logo\/image\/\",\"url\":\"https:\/\/bobimarket.pl\/wp-content\/uploads\/2021\/11\/slogan.png\",\"contentUrl\":\"https:\/\/bobimarket.pl\/wp-content\/uploads\/2021\/11\/slogan.png\",\"width\":2000,\"height\":384,\"caption\":\"BOBIMARKET.pl\"},\"image\":{\"@id\":\"https:\/\/bobimarket.pl\/#\/schema\/logo\/image\/\"}}]}<\/script>\n<!-- \/ Yoast SEO plugin. -->","yoast_head_json":{"title":"ZESTAW NARZ\u0118DZI OGRODOWYCH \u0141OPATKA WIDE\u0141KI 7 el. - BOBIMARKET.pl - Remontuj i urz\u0105dzaj z nami","robots":{"index":"index","follow":"follow","max-snippet":"max-snippet:-1","max-image-preview":"max-image-preview:large","max-video-preview":"max-video-preview:-1"},"canonical":"https:\/\/bobimarket.pl\/index.php\/produkt\/zestaw-narzedzi-ogrodowych-lopatka-widelki-7-el\/","og_locale":"pl_PL","og_type":"article","og_title":"ZESTAW NARZ\u0118DZI OGRODOWYCH \u0141OPATKA WIDE\u0141KI 7 el. - BOBIMARKET.pl - Remontuj i urz\u0105dzaj z nami","og_url":"https:\/\/bobimarket.pl\/index.php\/produkt\/zestaw-narzedzi-ogrodowych-lopatka-widelki-7-el\/","og_site_name":"BOBIMARKET.pl - Remontuj i urz\u0105dzaj z nami","article_modified_time":"2025-02-27T16:51:01+00:00","og_image":[{"url":"https:\/\/upload.cdn.baselinker.com\/products\/14476\/5dc4cc24a683890f99a15f50cc719280.jpg"}],"twitter_card":"summary_large_image","twitter_misc":{"Szacowany czas czytania":"2 minuty"},"schema":{"@context":"https:\/\/schema.org","@graph":[{"@type":"WebPage","@id":"https:\/\/bobimarket.pl\/index.php\/produkt\/zestaw-narzedzi-ogrodowych-lopatka-widelki-7-el\/","url":"https:\/\/bobimarket.pl\/index.php\/produkt\/zestaw-narzedzi-ogrodowych-lopatka-widelki-7-el\/","name":"ZESTAW NARZ\u0118DZI OGRODOWYCH \u0141OPATKA WIDE\u0141KI 7 el. - BOBIMARKET.pl - Remontuj i urz\u0105dzaj z nami","isPartOf":{"@id":"https:\/\/bobimarket.pl\/#website"},"datePublished":"2023-08-30T01:52:54+00:00","dateModified":"2025-02-27T16:51:01+00:00","breadcrumb":{"@id":"https:\/\/bobimarket.pl\/index.php\/produkt\/zestaw-narzedzi-ogrodowych-lopatka-widelki-7-el\/#breadcrumb"},"inLanguage":"pl-PL","potentialAction":[{"@type":"ReadAction","target":["https:\/\/bobimarket.pl\/index.php\/produkt\/zestaw-narzedzi-ogrodowych-lopatka-widelki-7-el\/"]}]},{"@type":"BreadcrumbList","@id":"https:\/\/bobimarket.pl\/index.php\/produkt\/zestaw-narzedzi-ogrodowych-lopatka-widelki-7-el\/#breadcrumb","itemListElement":[{"@type":"ListItem","position":1,"name":"Strona g\u0142\u00f3wna","item":"https:\/\/bobimarket.pl\/"},{"@type":"ListItem","position":2,"name":"Sklep","item":"https:\/\/bobimarket.pl\/index.php\/shop\/"},{"@type":"ListItem","position":3,"name":"ZESTAW NARZ\u0118DZI OGRODOWYCH \u0141OPATKA WIDE\u0141KI 7 el."}]},{"@type":"WebSite","@id":"https:\/\/bobimarket.pl\/#website","url":"https:\/\/bobimarket.pl\/","name":"BOBIMARKET.pl - Remontuj i urz\u0105dzaj z nami","description":"Remontuj i urz\u0105dzaj z nami","publisher":{"@id":"https:\/\/bobimarket.pl\/#organization"},"potentialAction":[{"@type":"SearchAction","target":{"@type":"EntryPoint","urlTemplate":"https:\/\/bobimarket.pl\/?s={search_term_string}"},"query-input":"required name=search_term_string"}],"inLanguage":"pl-PL"},{"@type":"Organization","@id":"https:\/\/bobimarket.pl\/#organization","name":"BOBIMARKET.pl","url":"https:\/\/bobimarket.pl\/","logo":{"@type":"ImageObject","inLanguage":"pl-PL","@id":"https:\/\/bobimarket.pl\/#\/schema\/logo\/image\/","url":"https:\/\/bobimarket.pl\/wp-content\/uploads\/2021\/11\/slogan.png","contentUrl":"https:\/\/bobimarket.pl\/wp-content\/uploads\/2021\/11\/slogan.png","width":2000,"height":384,"caption":"BOBIMARKET.pl"},"image":{"@id":"https:\/\/bobimarket.pl\/#\/schema\/logo\/image\/"}}]}},"_links":{"self":[{"href":"https:\/\/bobimarket.pl\/index.php\/wp-json\/wp\/v2\/product\/88261"}],"collection":[{"href":"https:\/\/bobimarket.pl\/index.php\/wp-json\/wp\/v2\/product"}],"about":[{"href":"https:\/\/bobimarket.pl\/index.php\/wp-json\/wp\/v2\/types\/product"}],"wp:featuredmedia":[{"embeddable":true,"href":"https:\/\/bobimarket.pl\/index.php\/wp-json\/wp\/v2\/media\/88250"}],"wp:attachment":[{"href":"https:\/\/bobimarket.pl\/index.php\/wp-json\/wp\/v2\/media?parent=88261"}],"wp:term":[{"taxonomy":"product_cat","embeddable":true,"href":"https:\/\/bobimarket.pl\/index.php\/wp-json\/wp\/v2\/product_cat?post=88261"},{"taxonomy":"product_tag","embeddable":true,"href":"https:\/\/bobimarket.pl\/index.php\/wp-json\/wp\/v2\/product_tag?post=88261"}],"curies":[{"name":"wp","href":"https:\/\/api.w.org\/{rel}","templated":true}]}}