{"id":88265,"date":"2023-08-30T01:53:04","date_gmt":"2023-08-30T01:53:04","guid":{"rendered":"https:\/\/bobimarket.pl\/index.php\/produkt\/tabliczka-etykiety-do-opisywania-roslin-znacznik\/"},"modified":"2025-05-25T10:07:47","modified_gmt":"2025-05-25T10:07:47","slug":"tabliczka-etykiety-do-opisywania-roslin-znacznik","status":"publish","type":"product","link":"https:\/\/bobimarket.pl\/index.php\/produkt\/tabliczka-etykiety-do-opisywania-roslin-znacznik\/","title":{"rendered":"TABLICZKA ETYKIETY DO OPISYWANIA RO\u015aLIN ZNACZNIK"},"content":{"rendered":"<section class=\"section\">\n<div class=\"item item-6\">\n<section class=\"image-item\">\n            <img decoding=\"async\" src=\"https:\/\/upload.cdn.baselinker.com\/products\/14476\/d6b9992be538cf5c23bb6cdc8f62c8c5.png\" \/><br \/>\n        <\/section>\n<\/p><\/div>\n<div class=\"item item-6\">\n<section class=\"text-item\">\n<h2>TABLICZKA ETYKIETY DO OPISYWANIA RO\u015aLIN ZNACZNIK<\/h2>\n<p><b>Informacje og\u00f3lne: <\/b><\/p>\n<ul>\n<li>D\u0142ugo\u015b\u0107 pikownika: 110 mm<\/li>\n<li>Wymiary tabliczki: 35 x 55 mm<\/li>\n<li>Materia\u0142: tworzywo sztuczne<\/li>\n<li><b>KOLOR: ZIELONY<\/b><\/li>\n<\/ul>\n<p><b>Komplet zawiera 20 szt tabliczek<\/b><\/p>\n<\/section><\/div>\n<\/section>\n<section class=\"section\">\n<div class=\"item item-6\">\n<section class=\"image-item\">\n            <img decoding=\"async\" src=\"https:\/\/upload.cdn.baselinker.com\/products\/14476\/bfbadbd236be0553a0ba8d13c71f5fd5.jpg\" \/><br \/>\n        <\/section>\n<\/p><\/div>\n<div class=\"item item-6\">\n<section class=\"text-item\">\n<h1>Uporz\u0105dkuj sw\u00f3j warzywniak!<\/h1>\n<p>Praktyczny zestaw zawieraj\u0105cy <b>20 sztuk tabliczek ogrodowych.<\/b> Etykiety przeznaczone do naniesienia informacji o wysadzonych do gruntu ro\u015blinach. Tabliczki do <b>opisywania w estetyczny spos\u00f3b<\/b> pozwalaj\u0105 uporz\u0105dkowa\u0107 uprawy kwiat\u00f3w, warzyw i zi\u00f3\u0142.<\/p>\n<p>\u2705 Informacje mo\u017cna na nich umieszcza\u0107 za pomoc\u0105<b> \u201emi\u0119kkiego\u201d o\u0142\u00f3wka zwyk\u0142ego<\/b>, albo za pomoc\u0105<b> markera alkoholowego.<\/b><\/p>\n<p>\u2705 Mo\u017cna r\u00f3wnie\u017c <b>u\u017cy\u0107 naklejek samoprzylepnych<\/b> o odpowiedniej wielko\u015bci.<\/p>\n<\/section><\/div>\n<\/section>\n<section class=\"section\">\n<div class=\"item item-6\">\n<section class=\"image-item\">\n            <img decoding=\"async\" src=\"https:\/\/upload.cdn.baselinker.com\/products\/14476\/4a78a90b584b5efc035c318352805607.jpg\" \/><br \/>\n        <\/section>\n<\/p><\/div>\n<div class=\"item item-6\">\n<section class=\"text-item\">\n<h2>Zlokalizuj konkretn\u0105 ro\u015blin\u0119 w Twoim ogrodzie za pomoc\u0105 tabliczki!<\/h2>\n<ul>\n<li>Zielony kolor tabliczek<b> doskonale wkomponuje si\u0119 w otoczenie<\/b> i stanie si\u0119 integralna cz\u0119\u015bci\u0105 ogrodu.<\/li>\n<li>Tabliczki wyposa\u017cono w <b>pikownik o d\u0142ugo\u015bci 11 cm.<\/b> Ko\u0142ek wystarczy wbi\u0107 w ziemie. Z \u0142atwo\u015bci\u0105, gdy tylko zapragniemy umie\u015bci\u0107 ozdob\u0119 w innym miejscu mo\u017cemy je wyj\u0105\u0107 i przesun\u0105\u0107.<\/li>\n<li>Idealne nie tylko dla doros\u0142ych, ale r\u00f3wnie\u017c <b>dla najm\u0142odszych ogrodnik\u00f3w.<\/b> Je\u017celi maluch ma sw\u00f3j w\u0142asny ogr\u00f3dek b\u0119dzie m\u00f3g\u0142 zaznaczy\u0107 w ten spos\u00f3b zasadzone warzywo i z niecierpliwo\u015bci\u0105 czeka\u0107, a\u017c pojawi si\u0119 na grz\u0105dce.<\/li>\n<\/ul>\n<\/section><\/div>\n<\/section>\n","protected":false},"excerpt":{"rendered":"<p>TABLICZKA ETYKIETY DO OPISYWANIA RO\u015aLIN ZNACZNIK Informacje og\u00f3lne: D\u0142ugo\u015b\u0107 pikownika: 110 mm Wymiary tabliczki: 35 x 55 mm Materia\u0142: tworzywo sztuczne KOLOR: ZIELONY Komplet zawiera 20 szt tabliczek Uporz\u0105dkuj sw\u00f3j warzywniak! Praktyczny zestaw zawieraj\u0105cy 20 sztuk tabliczek ogrodowych. Etykiety przeznaczone do naniesienia informacji o wysadzonych do gruntu ro\u015blinach. Tabliczki do opisywania w estetyczny spos\u00f3b pozwalaj\u0105<br \/><a class=\"more-link\" href=\"https:\/\/bobimarket.pl\/index.php\/produkt\/tabliczka-etykiety-do-opisywania-roslin-znacznik\/\"><br \/>\n        Czytaj wi\u0119cej<span class=\"screen-reader-text\"> &#8222;TABLICZKA ETYKIETY DO OPISYWANIA RO\u015aLIN ZNACZNIK&#8221;<\/span><\/a><\/p>\n","protected":false},"featured_media":88262,"template":"","meta":[],"product_cat":[8331],"product_tag":[],"yoast_head":"<!-- This site is optimized with the Yoast SEO plugin v21.0 - https:\/\/yoast.com\/wordpress\/plugins\/seo\/ -->\n<title>TABLICZKA ETYKIETY DO OPISYWANIA RO\u015aLIN ZNACZNIK - BOBIMARKET.pl - Remontuj i urz\u0105dzaj z nami<\/title>\n<meta name=\"robots\" content=\"index, follow, max-snippet:-1, max-image-preview:large, max-video-preview:-1\" \/>\n<link rel=\"canonical\" href=\"https:\/\/bobimarket.pl\/index.php\/produkt\/tabliczka-etykiety-do-opisywania-roslin-znacznik\/\" \/>\n<meta property=\"og:locale\" content=\"pl_PL\" \/>\n<meta property=\"og:type\" content=\"article\" \/>\n<meta property=\"og:title\" content=\"TABLICZKA ETYKIETY DO OPISYWANIA RO\u015aLIN ZNACZNIK - BOBIMARKET.pl - Remontuj i urz\u0105dzaj z nami\" \/>\n<meta property=\"og:description\" content=\"TABLICZKA ETYKIETY DO OPISYWANIA RO\u015aLIN ZNACZNIK Informacje og\u00f3lne: D\u0142ugo\u015b\u0107 pikownika: 110 mm Wymiary tabliczki: 35 x 55 mm Materia\u0142: tworzywo sztuczne KOLOR: ZIELONY Komplet zawiera 20 szt tabliczek Uporz\u0105dkuj sw\u00f3j warzywniak! Praktyczny zestaw zawieraj\u0105cy 20 sztuk tabliczek ogrodowych. Etykiety przeznaczone do naniesienia informacji o wysadzonych do gruntu ro\u015blinach. Tabliczki do opisywania w estetyczny spos\u00f3b pozwalaj\u0105     Czytaj wi\u0119cej &quot;TABLICZKA ETYKIETY DO OPISYWANIA RO\u015aLIN ZNACZNIK&quot;\" \/>\n<meta property=\"og:url\" content=\"https:\/\/bobimarket.pl\/index.php\/produkt\/tabliczka-etykiety-do-opisywania-roslin-znacznik\/\" \/>\n<meta property=\"og:site_name\" content=\"BOBIMARKET.pl - Remontuj i urz\u0105dzaj z nami\" \/>\n<meta property=\"article:modified_time\" content=\"2025-05-25T10:07:47+00:00\" \/>\n<meta property=\"og:image\" content=\"https:\/\/upload.cdn.baselinker.com\/products\/14476\/d6b9992be538cf5c23bb6cdc8f62c8c5.png\" \/>\n<meta name=\"twitter:card\" content=\"summary_large_image\" \/>\n<meta name=\"twitter:label1\" content=\"Szacowany czas czytania\" \/>\n\t<meta name=\"twitter:data1\" content=\"1 minuta\" \/>\n<script type=\"application\/ld+json\" class=\"yoast-schema-graph\">{\"@context\":\"https:\/\/schema.org\",\"@graph\":[{\"@type\":\"WebPage\",\"@id\":\"https:\/\/bobimarket.pl\/index.php\/produkt\/tabliczka-etykiety-do-opisywania-roslin-znacznik\/\",\"url\":\"https:\/\/bobimarket.pl\/index.php\/produkt\/tabliczka-etykiety-do-opisywania-roslin-znacznik\/\",\"name\":\"TABLICZKA ETYKIETY DO OPISYWANIA RO\u015aLIN ZNACZNIK - BOBIMARKET.pl - Remontuj i urz\u0105dzaj z nami\",\"isPartOf\":{\"@id\":\"https:\/\/bobimarket.pl\/#website\"},\"datePublished\":\"2023-08-30T01:53:04+00:00\",\"dateModified\":\"2025-05-25T10:07:47+00:00\",\"breadcrumb\":{\"@id\":\"https:\/\/bobimarket.pl\/index.php\/produkt\/tabliczka-etykiety-do-opisywania-roslin-znacznik\/#breadcrumb\"},\"inLanguage\":\"pl-PL\",\"potentialAction\":[{\"@type\":\"ReadAction\",\"target\":[\"https:\/\/bobimarket.pl\/index.php\/produkt\/tabliczka-etykiety-do-opisywania-roslin-znacznik\/\"]}]},{\"@type\":\"BreadcrumbList\",\"@id\":\"https:\/\/bobimarket.pl\/index.php\/produkt\/tabliczka-etykiety-do-opisywania-roslin-znacznik\/#breadcrumb\",\"itemListElement\":[{\"@type\":\"ListItem\",\"position\":1,\"name\":\"Strona g\u0142\u00f3wna\",\"item\":\"https:\/\/bobimarket.pl\/\"},{\"@type\":\"ListItem\",\"position\":2,\"name\":\"Sklep\",\"item\":\"https:\/\/bobimarket.pl\/index.php\/shop\/\"},{\"@type\":\"ListItem\",\"position\":3,\"name\":\"TABLICZKA ETYKIETY DO OPISYWANIA RO\u015aLIN ZNACZNIK\"}]},{\"@type\":\"WebSite\",\"@id\":\"https:\/\/bobimarket.pl\/#website\",\"url\":\"https:\/\/bobimarket.pl\/\",\"name\":\"BOBIMARKET.pl - Remontuj i urz\u0105dzaj z nami\",\"description\":\"Remontuj i urz\u0105dzaj z nami\",\"publisher\":{\"@id\":\"https:\/\/bobimarket.pl\/#organization\"},\"potentialAction\":[{\"@type\":\"SearchAction\",\"target\":{\"@type\":\"EntryPoint\",\"urlTemplate\":\"https:\/\/bobimarket.pl\/?s={search_term_string}\"},\"query-input\":\"required name=search_term_string\"}],\"inLanguage\":\"pl-PL\"},{\"@type\":\"Organization\",\"@id\":\"https:\/\/bobimarket.pl\/#organization\",\"name\":\"BOBIMARKET.pl\",\"url\":\"https:\/\/bobimarket.pl\/\",\"logo\":{\"@type\":\"ImageObject\",\"inLanguage\":\"pl-PL\",\"@id\":\"https:\/\/bobimarket.pl\/#\/schema\/logo\/image\/\",\"url\":\"https:\/\/bobimarket.pl\/wp-content\/uploads\/2021\/11\/slogan.png\",\"contentUrl\":\"https:\/\/bobimarket.pl\/wp-content\/uploads\/2021\/11\/slogan.png\",\"width\":2000,\"height\":384,\"caption\":\"BOBIMARKET.pl\"},\"image\":{\"@id\":\"https:\/\/bobimarket.pl\/#\/schema\/logo\/image\/\"}}]}<\/script>\n<!-- \/ Yoast SEO plugin. -->","yoast_head_json":{"title":"TABLICZKA ETYKIETY DO OPISYWANIA RO\u015aLIN ZNACZNIK - BOBIMARKET.pl - Remontuj i urz\u0105dzaj z nami","robots":{"index":"index","follow":"follow","max-snippet":"max-snippet:-1","max-image-preview":"max-image-preview:large","max-video-preview":"max-video-preview:-1"},"canonical":"https:\/\/bobimarket.pl\/index.php\/produkt\/tabliczka-etykiety-do-opisywania-roslin-znacznik\/","og_locale":"pl_PL","og_type":"article","og_title":"TABLICZKA ETYKIETY DO OPISYWANIA RO\u015aLIN ZNACZNIK - BOBIMARKET.pl - Remontuj i urz\u0105dzaj z nami","og_description":"TABLICZKA ETYKIETY DO OPISYWANIA RO\u015aLIN ZNACZNIK Informacje og\u00f3lne: D\u0142ugo\u015b\u0107 pikownika: 110 mm Wymiary tabliczki: 35 x 55 mm Materia\u0142: tworzywo sztuczne KOLOR: ZIELONY Komplet zawiera 20 szt tabliczek Uporz\u0105dkuj sw\u00f3j warzywniak! Praktyczny zestaw zawieraj\u0105cy 20 sztuk tabliczek ogrodowych. Etykiety przeznaczone do naniesienia informacji o wysadzonych do gruntu ro\u015blinach. Tabliczki do opisywania w estetyczny spos\u00f3b pozwalaj\u0105     Czytaj wi\u0119cej \"TABLICZKA ETYKIETY DO OPISYWANIA RO\u015aLIN ZNACZNIK\"","og_url":"https:\/\/bobimarket.pl\/index.php\/produkt\/tabliczka-etykiety-do-opisywania-roslin-znacznik\/","og_site_name":"BOBIMARKET.pl - Remontuj i urz\u0105dzaj z nami","article_modified_time":"2025-05-25T10:07:47+00:00","og_image":[{"url":"https:\/\/upload.cdn.baselinker.com\/products\/14476\/d6b9992be538cf5c23bb6cdc8f62c8c5.png"}],"twitter_card":"summary_large_image","twitter_misc":{"Szacowany czas czytania":"1 minuta"},"schema":{"@context":"https:\/\/schema.org","@graph":[{"@type":"WebPage","@id":"https:\/\/bobimarket.pl\/index.php\/produkt\/tabliczka-etykiety-do-opisywania-roslin-znacznik\/","url":"https:\/\/bobimarket.pl\/index.php\/produkt\/tabliczka-etykiety-do-opisywania-roslin-znacznik\/","name":"TABLICZKA ETYKIETY DO OPISYWANIA RO\u015aLIN ZNACZNIK - BOBIMARKET.pl - Remontuj i urz\u0105dzaj z nami","isPartOf":{"@id":"https:\/\/bobimarket.pl\/#website"},"datePublished":"2023-08-30T01:53:04+00:00","dateModified":"2025-05-25T10:07:47+00:00","breadcrumb":{"@id":"https:\/\/bobimarket.pl\/index.php\/produkt\/tabliczka-etykiety-do-opisywania-roslin-znacznik\/#breadcrumb"},"inLanguage":"pl-PL","potentialAction":[{"@type":"ReadAction","target":["https:\/\/bobimarket.pl\/index.php\/produkt\/tabliczka-etykiety-do-opisywania-roslin-znacznik\/"]}]},{"@type":"BreadcrumbList","@id":"https:\/\/bobimarket.pl\/index.php\/produkt\/tabliczka-etykiety-do-opisywania-roslin-znacznik\/#breadcrumb","itemListElement":[{"@type":"ListItem","position":1,"name":"Strona g\u0142\u00f3wna","item":"https:\/\/bobimarket.pl\/"},{"@type":"ListItem","position":2,"name":"Sklep","item":"https:\/\/bobimarket.pl\/index.php\/shop\/"},{"@type":"ListItem","position":3,"name":"TABLICZKA ETYKIETY DO OPISYWANIA RO\u015aLIN ZNACZNIK"}]},{"@type":"WebSite","@id":"https:\/\/bobimarket.pl\/#website","url":"https:\/\/bobimarket.pl\/","name":"BOBIMARKET.pl - Remontuj i urz\u0105dzaj z nami","description":"Remontuj i urz\u0105dzaj z nami","publisher":{"@id":"https:\/\/bobimarket.pl\/#organization"},"potentialAction":[{"@type":"SearchAction","target":{"@type":"EntryPoint","urlTemplate":"https:\/\/bobimarket.pl\/?s={search_term_string}"},"query-input":"required name=search_term_string"}],"inLanguage":"pl-PL"},{"@type":"Organization","@id":"https:\/\/bobimarket.pl\/#organization","name":"BOBIMARKET.pl","url":"https:\/\/bobimarket.pl\/","logo":{"@type":"ImageObject","inLanguage":"pl-PL","@id":"https:\/\/bobimarket.pl\/#\/schema\/logo\/image\/","url":"https:\/\/bobimarket.pl\/wp-content\/uploads\/2021\/11\/slogan.png","contentUrl":"https:\/\/bobimarket.pl\/wp-content\/uploads\/2021\/11\/slogan.png","width":2000,"height":384,"caption":"BOBIMARKET.pl"},"image":{"@id":"https:\/\/bobimarket.pl\/#\/schema\/logo\/image\/"}}]}},"_links":{"self":[{"href":"https:\/\/bobimarket.pl\/index.php\/wp-json\/wp\/v2\/product\/88265"}],"collection":[{"href":"https:\/\/bobimarket.pl\/index.php\/wp-json\/wp\/v2\/product"}],"about":[{"href":"https:\/\/bobimarket.pl\/index.php\/wp-json\/wp\/v2\/types\/product"}],"wp:featuredmedia":[{"embeddable":true,"href":"https:\/\/bobimarket.pl\/index.php\/wp-json\/wp\/v2\/media\/88262"}],"wp:attachment":[{"href":"https:\/\/bobimarket.pl\/index.php\/wp-json\/wp\/v2\/media?parent=88265"}],"wp:term":[{"taxonomy":"product_cat","embeddable":true,"href":"https:\/\/bobimarket.pl\/index.php\/wp-json\/wp\/v2\/product_cat?post=88265"},{"taxonomy":"product_tag","embeddable":true,"href":"https:\/\/bobimarket.pl\/index.php\/wp-json\/wp\/v2\/product_tag?post=88265"}],"curies":[{"name":"wp","href":"https:\/\/api.w.org\/{rel}","templated":true}]}}