{"id":88280,"date":"2023-08-30T01:54:20","date_gmt":"2023-08-30T01:54:20","guid":{"rendered":"https:\/\/bobimarket.pl\/index.php\/produkt\/otwornica-koronka-do-betonu-frez-65-mm-sds-plus-2\/"},"modified":"2025-02-27T15:03:57","modified_gmt":"2025-02-27T15:03:57","slug":"otwornica-koronka-do-betonu-frez-65-mm-sds-plus-2","status":"publish","type":"product","link":"https:\/\/bobimarket.pl\/index.php\/produkt\/otwornica-koronka-do-betonu-frez-65-mm-sds-plus-2\/","title":{"rendered":"OTWORNICA KORONKA DO BETONU FREZ 65 mm SDS-PLUS"},"content":{"rendered":"<section class=\"section\">\n<div class=\"item item-6\">\n<section class=\"text-item\">\n<h2>OTWORNICA KORONKA DO BETONU FREZ 65 mm SDS-PLUS<\/h2>\n<p><b>Dane techniczne: <\/b><\/p>\n<ul>\n<li>\u015arednica koronki: <b>65mm<\/b><\/li>\n<li>Materia\u0142: <b>stal\/widia<\/b><\/li>\n<li>Typ mocowania: <b>SDS Plus<\/b><\/li>\n<li>Mocowanie koronki do chwytu: <b>gwintowe<\/b><\/li>\n<li>Rozmiar gwintu \u0142\u0105cz\u0105cego:<b> gwint M20<\/b><\/li>\n<\/ul>\n<p><b>Komplet sk\u0142ada si\u0119 z 4 element\u00f3w: <\/b><\/p>\n<ol>\n<li><b>Koronki <\/b>wiertniczej z widi\u0105<\/li>\n<li><b>Adaptera <\/b>posiadaj\u0105cego uchwyt typu SDS Plus.<\/li>\n<li><b>Wiert\u0142a<\/b> prowadz\u0105cego<\/li>\n<li><b>\u015aruby<\/b> s\u0142u\u017c\u0105cej do blokowania wiert\u0142a.<\/li>\n<\/ol>\n<\/section><\/div>\n<div class=\"item item-6\">\n<section class=\"image-item\">\n            <img decoding=\"async\" src=\"https:\/\/upload.cdn.baselinker.com\/products\/14476\/811ec05fd6153c3b5959974854801c0f.jpg\" \/><br \/>\n        <\/section>\n<\/p><\/div>\n<\/section>\n<section class=\"section\">\n<div class=\"item item-6\">\n<section class=\"image-item\">\n            <img decoding=\"async\" src=\"https:\/\/upload.cdn.baselinker.com\/products\/14476\/db9db99958a42562f620bc912ea4dff6.jpg\" \/><br \/>\n        <\/section>\n<\/p><\/div>\n<div class=\"item item-6\">\n<section class=\"text-item\">\n<p>Solidna koronka wiertnicza z <b>widi\u0105 i adapterem.<\/b> Metalowa cz\u0119\u015b\u0107 konstrukcyjna koronki wiertniczej\u00a0 zosta\u0142a wykonana ze stali. Natomiast wieniec z\u0119baty powsta\u0142 z wysoce wytrzyma\u0142ego w\u0119glika spiekanego.<\/p>\n<p>Spirala odprowadzaj\u0105ca odwierciny w po\u0142\u0105czeniu z 2 otworami wentyluj\u0105cymi <b>zwi\u0119ksza wydajno\u015b\u0107 wiercenia<\/b> wskutek szybkiego odprowadzania urobku z otworu. Taki system dodatkowo wyd\u0142u\u017ca okres u\u017cytkowania koronki.<\/p>\n<ul>\n<li>Widia zapewnia odporno\u015b\u0107 na zu\u017cycie podczas wiercenia.<\/li>\n<li>Otwornica pasuje do chwytu SDS plus.<\/li>\n<li>Przeznaczona do pracy z wy\u0142\u0105czonym udarem.<\/li>\n<\/ul>\n<\/section><\/div>\n<\/section>\n<section class=\"section\">\n<div class=\"item item-6\">\n<section class=\"text-item\">\n<p>Do zestawu do\u0142\u0105czono adapter z wiert\u0142em prowadz\u0105cym <b>130 mm<\/b> przeznaczony do wsp\u00f3\u0142pracy z koronk\u0105 wiertnicz\u0105.<\/p>\n<p>Adapter z jednej strony wyposa\u017cony jest w ko\u0144c\u00f3wk\u0119 SDS Plus przeznaczon\u0105 do monta\u017cu w wiertarkach lub m\u0142otowiertarkach (praca z wy\u0142\u0105czonym \u00a0udarem). Natomiast z drugiej strony posiada gwint M22.<\/p>\n<ul>\n<li>Wiert\u0142o prowadz\u0105ce dzi\u0119ki profilowanej ko\u0144c\u00f3wce umo\u017cliwia pewny monta\u017c w adapterze.<\/li>\n<li>Dodatkowo wiert\u0142o jest blokowane \u015brub\u0105.<\/li>\n<\/ul>\n<\/section><\/div>\n<div class=\"item item-6\">\n<section class=\"image-item\">\n            <img decoding=\"async\" src=\"https:\/\/upload.cdn.baselinker.com\/products\/14476\/80f641b0b6a38633554e290c7ed8f152.jpg\" \/><br \/>\n        <\/section>\n<\/p><\/div>\n<\/section>\n<section class=\"section\">\n<div class=\"item item-6\">\n<section class=\"image-item\">\n            <img decoding=\"async\" src=\"https:\/\/upload.cdn.baselinker.com\/products\/14476\/fbd2bd8b26df32e00b2bc78f95f888a5.jpg\" \/><br \/>\n        <\/section>\n<\/p><\/div>\n<div class=\"item item-6\">\n<section class=\"text-item\">\n<p><b>\u2705 Zastosowanie:<\/b><\/p>\n<p>Koronka wiertnicza z widi\u0105 przeznaczona jest do profesjonalnego zastosowania w budownictwie oraz rzemio\u015ble.<\/p>\n<ul>\n<li>Idealnie nadaje si\u0119 do wiercenia otwor\u00f3w pod puszki elektryczne lub gniazdka.<\/li>\n<li>Wiercenia w materia\u0142ach budowlanych jak ceg\u0142a, beton, glazura, p\u0142yty gipsowe itp.<\/li>\n<\/ul>\n<\/section><\/div>\n<\/section>\n","protected":false},"excerpt":{"rendered":"<p>OTWORNICA KORONKA DO BETONU FREZ 65 mm SDS-PLUS Dane techniczne: \u015arednica koronki: 65mm Materia\u0142: stal\/widia Typ mocowania: SDS Plus Mocowanie koronki do chwytu: gwintowe Rozmiar gwintu \u0142\u0105cz\u0105cego: gwint M20 Komplet sk\u0142ada si\u0119 z 4 element\u00f3w: Koronki wiertniczej z widi\u0105 Adaptera posiadaj\u0105cego uchwyt typu SDS Plus. Wiert\u0142a prowadz\u0105cego \u015aruby s\u0142u\u017c\u0105cej do blokowania wiert\u0142a. Solidna koronka wiertnicza<br \/><a class=\"more-link\" href=\"https:\/\/bobimarket.pl\/index.php\/produkt\/otwornica-koronka-do-betonu-frez-65-mm-sds-plus-2\/\"><br \/>\n        Czytaj wi\u0119cej<span class=\"screen-reader-text\"> &#8222;OTWORNICA KORONKA DO BETONU FREZ 65 mm SDS-PLUS&#8221;<\/span><\/a><\/p>\n","protected":false},"featured_media":88273,"template":"","meta":[],"product_cat":[8107],"product_tag":[],"yoast_head":"<!-- This site is optimized with the Yoast SEO plugin v21.0 - https:\/\/yoast.com\/wordpress\/plugins\/seo\/ -->\n<title>OTWORNICA KORONKA DO BETONU FREZ 65 mm SDS-PLUS - BOBIMARKET.pl - Remontuj i urz\u0105dzaj z nami<\/title>\n<meta name=\"robots\" content=\"index, follow, max-snippet:-1, max-image-preview:large, max-video-preview:-1\" \/>\n<link rel=\"canonical\" href=\"https:\/\/bobimarket.pl\/index.php\/produkt\/otwornica-koronka-do-betonu-frez-65-mm-sds-plus-2\/\" \/>\n<meta property=\"og:locale\" content=\"pl_PL\" \/>\n<meta property=\"og:type\" content=\"article\" \/>\n<meta property=\"og:title\" content=\"OTWORNICA KORONKA DO BETONU FREZ 65 mm SDS-PLUS - BOBIMARKET.pl - Remontuj i urz\u0105dzaj z nami\" \/>\n<meta property=\"og:description\" content=\"OTWORNICA KORONKA DO BETONU FREZ 65 mm SDS-PLUS Dane techniczne: \u015arednica koronki: 65mm Materia\u0142: stal\/widia Typ mocowania: SDS Plus Mocowanie koronki do chwytu: gwintowe Rozmiar gwintu \u0142\u0105cz\u0105cego: gwint M20 Komplet sk\u0142ada si\u0119 z 4 element\u00f3w: Koronki wiertniczej z widi\u0105 Adaptera posiadaj\u0105cego uchwyt typu SDS Plus. Wiert\u0142a prowadz\u0105cego \u015aruby s\u0142u\u017c\u0105cej do blokowania wiert\u0142a. Solidna koronka wiertnicza     Czytaj wi\u0119cej &quot;OTWORNICA KORONKA DO BETONU FREZ 65 mm SDS-PLUS&quot;\" \/>\n<meta property=\"og:url\" content=\"https:\/\/bobimarket.pl\/index.php\/produkt\/otwornica-koronka-do-betonu-frez-65-mm-sds-plus-2\/\" \/>\n<meta property=\"og:site_name\" content=\"BOBIMARKET.pl - Remontuj i urz\u0105dzaj z nami\" \/>\n<meta property=\"article:modified_time\" content=\"2025-02-27T15:03:57+00:00\" \/>\n<meta property=\"og:image\" content=\"https:\/\/upload.cdn.baselinker.com\/products\/14476\/811ec05fd6153c3b5959974854801c0f.jpg\" \/>\n<meta name=\"twitter:card\" content=\"summary_large_image\" \/>\n<meta name=\"twitter:label1\" content=\"Szacowany czas czytania\" \/>\n\t<meta name=\"twitter:data1\" content=\"1 minuta\" \/>\n<script type=\"application\/ld+json\" class=\"yoast-schema-graph\">{\"@context\":\"https:\/\/schema.org\",\"@graph\":[{\"@type\":\"WebPage\",\"@id\":\"https:\/\/bobimarket.pl\/index.php\/produkt\/otwornica-koronka-do-betonu-frez-65-mm-sds-plus-2\/\",\"url\":\"https:\/\/bobimarket.pl\/index.php\/produkt\/otwornica-koronka-do-betonu-frez-65-mm-sds-plus-2\/\",\"name\":\"OTWORNICA KORONKA DO BETONU FREZ 65 mm SDS-PLUS - BOBIMARKET.pl - Remontuj i urz\u0105dzaj z nami\",\"isPartOf\":{\"@id\":\"https:\/\/bobimarket.pl\/#website\"},\"datePublished\":\"2023-08-30T01:54:20+00:00\",\"dateModified\":\"2025-02-27T15:03:57+00:00\",\"breadcrumb\":{\"@id\":\"https:\/\/bobimarket.pl\/index.php\/produkt\/otwornica-koronka-do-betonu-frez-65-mm-sds-plus-2\/#breadcrumb\"},\"inLanguage\":\"pl-PL\",\"potentialAction\":[{\"@type\":\"ReadAction\",\"target\":[\"https:\/\/bobimarket.pl\/index.php\/produkt\/otwornica-koronka-do-betonu-frez-65-mm-sds-plus-2\/\"]}]},{\"@type\":\"BreadcrumbList\",\"@id\":\"https:\/\/bobimarket.pl\/index.php\/produkt\/otwornica-koronka-do-betonu-frez-65-mm-sds-plus-2\/#breadcrumb\",\"itemListElement\":[{\"@type\":\"ListItem\",\"position\":1,\"name\":\"Strona g\u0142\u00f3wna\",\"item\":\"https:\/\/bobimarket.pl\/\"},{\"@type\":\"ListItem\",\"position\":2,\"name\":\"Sklep\",\"item\":\"https:\/\/bobimarket.pl\/index.php\/shop\/\"},{\"@type\":\"ListItem\",\"position\":3,\"name\":\"OTWORNICA KORONKA DO BETONU FREZ 65 mm SDS-PLUS\"}]},{\"@type\":\"WebSite\",\"@id\":\"https:\/\/bobimarket.pl\/#website\",\"url\":\"https:\/\/bobimarket.pl\/\",\"name\":\"BOBIMARKET.pl - Remontuj i urz\u0105dzaj z nami\",\"description\":\"Remontuj i urz\u0105dzaj z nami\",\"publisher\":{\"@id\":\"https:\/\/bobimarket.pl\/#organization\"},\"potentialAction\":[{\"@type\":\"SearchAction\",\"target\":{\"@type\":\"EntryPoint\",\"urlTemplate\":\"https:\/\/bobimarket.pl\/?s={search_term_string}\"},\"query-input\":\"required name=search_term_string\"}],\"inLanguage\":\"pl-PL\"},{\"@type\":\"Organization\",\"@id\":\"https:\/\/bobimarket.pl\/#organization\",\"name\":\"BOBIMARKET.pl\",\"url\":\"https:\/\/bobimarket.pl\/\",\"logo\":{\"@type\":\"ImageObject\",\"inLanguage\":\"pl-PL\",\"@id\":\"https:\/\/bobimarket.pl\/#\/schema\/logo\/image\/\",\"url\":\"https:\/\/bobimarket.pl\/wp-content\/uploads\/2021\/11\/slogan.png\",\"contentUrl\":\"https:\/\/bobimarket.pl\/wp-content\/uploads\/2021\/11\/slogan.png\",\"width\":2000,\"height\":384,\"caption\":\"BOBIMARKET.pl\"},\"image\":{\"@id\":\"https:\/\/bobimarket.pl\/#\/schema\/logo\/image\/\"}}]}<\/script>\n<!-- \/ Yoast SEO plugin. -->","yoast_head_json":{"title":"OTWORNICA KORONKA DO BETONU FREZ 65 mm SDS-PLUS - BOBIMARKET.pl - Remontuj i urz\u0105dzaj z nami","robots":{"index":"index","follow":"follow","max-snippet":"max-snippet:-1","max-image-preview":"max-image-preview:large","max-video-preview":"max-video-preview:-1"},"canonical":"https:\/\/bobimarket.pl\/index.php\/produkt\/otwornica-koronka-do-betonu-frez-65-mm-sds-plus-2\/","og_locale":"pl_PL","og_type":"article","og_title":"OTWORNICA KORONKA DO BETONU FREZ 65 mm SDS-PLUS - BOBIMARKET.pl - Remontuj i urz\u0105dzaj z nami","og_description":"OTWORNICA KORONKA DO BETONU FREZ 65 mm SDS-PLUS Dane techniczne: \u015arednica koronki: 65mm Materia\u0142: stal\/widia Typ mocowania: SDS Plus Mocowanie koronki do chwytu: gwintowe Rozmiar gwintu \u0142\u0105cz\u0105cego: gwint M20 Komplet sk\u0142ada si\u0119 z 4 element\u00f3w: Koronki wiertniczej z widi\u0105 Adaptera posiadaj\u0105cego uchwyt typu SDS Plus. Wiert\u0142a prowadz\u0105cego \u015aruby s\u0142u\u017c\u0105cej do blokowania wiert\u0142a. Solidna koronka wiertnicza     Czytaj wi\u0119cej \"OTWORNICA KORONKA DO BETONU FREZ 65 mm SDS-PLUS\"","og_url":"https:\/\/bobimarket.pl\/index.php\/produkt\/otwornica-koronka-do-betonu-frez-65-mm-sds-plus-2\/","og_site_name":"BOBIMARKET.pl - Remontuj i urz\u0105dzaj z nami","article_modified_time":"2025-02-27T15:03:57+00:00","og_image":[{"url":"https:\/\/upload.cdn.baselinker.com\/products\/14476\/811ec05fd6153c3b5959974854801c0f.jpg"}],"twitter_card":"summary_large_image","twitter_misc":{"Szacowany czas czytania":"1 minuta"},"schema":{"@context":"https:\/\/schema.org","@graph":[{"@type":"WebPage","@id":"https:\/\/bobimarket.pl\/index.php\/produkt\/otwornica-koronka-do-betonu-frez-65-mm-sds-plus-2\/","url":"https:\/\/bobimarket.pl\/index.php\/produkt\/otwornica-koronka-do-betonu-frez-65-mm-sds-plus-2\/","name":"OTWORNICA KORONKA DO BETONU FREZ 65 mm SDS-PLUS - BOBIMARKET.pl - Remontuj i urz\u0105dzaj z nami","isPartOf":{"@id":"https:\/\/bobimarket.pl\/#website"},"datePublished":"2023-08-30T01:54:20+00:00","dateModified":"2025-02-27T15:03:57+00:00","breadcrumb":{"@id":"https:\/\/bobimarket.pl\/index.php\/produkt\/otwornica-koronka-do-betonu-frez-65-mm-sds-plus-2\/#breadcrumb"},"inLanguage":"pl-PL","potentialAction":[{"@type":"ReadAction","target":["https:\/\/bobimarket.pl\/index.php\/produkt\/otwornica-koronka-do-betonu-frez-65-mm-sds-plus-2\/"]}]},{"@type":"BreadcrumbList","@id":"https:\/\/bobimarket.pl\/index.php\/produkt\/otwornica-koronka-do-betonu-frez-65-mm-sds-plus-2\/#breadcrumb","itemListElement":[{"@type":"ListItem","position":1,"name":"Strona g\u0142\u00f3wna","item":"https:\/\/bobimarket.pl\/"},{"@type":"ListItem","position":2,"name":"Sklep","item":"https:\/\/bobimarket.pl\/index.php\/shop\/"},{"@type":"ListItem","position":3,"name":"OTWORNICA KORONKA DO BETONU FREZ 65 mm SDS-PLUS"}]},{"@type":"WebSite","@id":"https:\/\/bobimarket.pl\/#website","url":"https:\/\/bobimarket.pl\/","name":"BOBIMARKET.pl - Remontuj i urz\u0105dzaj z nami","description":"Remontuj i urz\u0105dzaj z nami","publisher":{"@id":"https:\/\/bobimarket.pl\/#organization"},"potentialAction":[{"@type":"SearchAction","target":{"@type":"EntryPoint","urlTemplate":"https:\/\/bobimarket.pl\/?s={search_term_string}"},"query-input":"required name=search_term_string"}],"inLanguage":"pl-PL"},{"@type":"Organization","@id":"https:\/\/bobimarket.pl\/#organization","name":"BOBIMARKET.pl","url":"https:\/\/bobimarket.pl\/","logo":{"@type":"ImageObject","inLanguage":"pl-PL","@id":"https:\/\/bobimarket.pl\/#\/schema\/logo\/image\/","url":"https:\/\/bobimarket.pl\/wp-content\/uploads\/2021\/11\/slogan.png","contentUrl":"https:\/\/bobimarket.pl\/wp-content\/uploads\/2021\/11\/slogan.png","width":2000,"height":384,"caption":"BOBIMARKET.pl"},"image":{"@id":"https:\/\/bobimarket.pl\/#\/schema\/logo\/image\/"}}]}},"_links":{"self":[{"href":"https:\/\/bobimarket.pl\/index.php\/wp-json\/wp\/v2\/product\/88280"}],"collection":[{"href":"https:\/\/bobimarket.pl\/index.php\/wp-json\/wp\/v2\/product"}],"about":[{"href":"https:\/\/bobimarket.pl\/index.php\/wp-json\/wp\/v2\/types\/product"}],"wp:featuredmedia":[{"embeddable":true,"href":"https:\/\/bobimarket.pl\/index.php\/wp-json\/wp\/v2\/media\/88273"}],"wp:attachment":[{"href":"https:\/\/bobimarket.pl\/index.php\/wp-json\/wp\/v2\/media?parent=88280"}],"wp:term":[{"taxonomy":"product_cat","embeddable":true,"href":"https:\/\/bobimarket.pl\/index.php\/wp-json\/wp\/v2\/product_cat?post=88280"},{"taxonomy":"product_tag","embeddable":true,"href":"https:\/\/bobimarket.pl\/index.php\/wp-json\/wp\/v2\/product_tag?post=88280"}],"curies":[{"name":"wp","href":"https:\/\/api.w.org\/{rel}","templated":true}]}}