{"id":88400,"date":"2023-08-30T02:04:48","date_gmt":"2023-08-30T02:04:48","guid":{"rendered":"https:\/\/bobimarket.pl\/index.php\/produkt\/obcinaki-nozyce-do-rur-pcv-3-42mm-pex-pe-pp-2\/"},"modified":"2025-02-27T15:04:52","modified_gmt":"2025-02-27T15:04:52","slug":"obcinaki-nozyce-do-rur-pcv-3-42mm-pex-pe-pp-2","status":"publish","type":"product","link":"https:\/\/bobimarket.pl\/index.php\/produkt\/obcinaki-nozyce-do-rur-pcv-3-42mm-pex-pe-pp-2\/","title":{"rendered":"OBCINAKI NO\u017bYCE DO RUR PCV 3-42mm PEX PE PP"},"content":{"rendered":"<section class=\"section\">\n<div class=\"item item-6\">\n<section class=\"image-item\">\n                <img decoding=\"async\" src=\"https:\/\/upload.cdn.baselinker.com\/products\/14476\/868571e37f998daf46957f45d52ff99e.jpg\"><br \/>\n            <\/section>\n<\/p><\/div>\n<div class=\"item item-6\">\n<section class=\"text-item\">\n<h2>OBCINAKI NO\u017bYCE DO RUR PCV 3-42mm PEX PE PP ZAPADKOWE<\/h2>\n<h2>Dane techniczne:<\/h2>\n<ul>\n<li>D\u0142ugo\u015b\u0107 ca\u0142kowita:<b> 250mm<\/b><\/li>\n<li>Zakres pracy: <b>3-42 mm<\/b><\/li>\n<li>Materia\u0142 korpusu\/obudowy: <b>stal narz\u0119dziowa<\/b><\/li>\n<li>Przeznaczenie: <b>do rur z tworzyw sztucznych<\/b><\/li>\n<\/ul>\n<\/section><\/div>\n<\/section>\n<section class=\"section\">\n<div class=\"item item-6\">\n<section class=\"image-item\">\n                <img decoding=\"async\" src=\"https:\/\/upload.cdn.baselinker.com\/products\/14476\/03f49425c17de21b813378b169729fb4.jpg\"><br \/>\n            <\/section>\n<\/p><\/div>\n<div class=\"item item-6\">\n<section class=\"text-item\">\n<p><b>Praktyczny element wyposa\u017cenia skrzynki narz\u0119dziowej!<\/b><\/p>\n<p>Solidne szczypce nastawne do rur o \u015brednicy od 3 do 42 mm.&nbsp;Ostrze narz\u0119dzia zosta\u0142y wykonane ze stali narz\u0119dziowej, a r\u0105czki s\u0105 powlekane gum\u0105.&nbsp;Narz\u0119dzie jest solidnie wykonane i wytrzymale.&nbsp;<\/p>\n<ul>\n<li>Kszta\u0142t trapezowy no\u017ca roboczego, dwie kraw\u0119dzie tn\u0105ce.<\/li>\n<li><b>Wyprofilowane r\u0105czki<\/b> zapewnia pewny chwyt. Narz\u0119dzie nie wy\u015blizguje si\u0119 z r\u0119ki i pewnie trzyma si\u0119 d\u0142oni.<\/li>\n<li><b> Udoskonalony system mechanizmu zapadkowego<\/b> zwi\u0119kszaj\u0105cy bezpiecze\u0144stwo przechowywania szczypiec.&nbsp;<\/li>\n<\/ul>\n<\/section><\/div>\n<\/section>\n<section class=\"section\">\n<div class=\"item item-6\">\n<section class=\"image-item\">\n                <img decoding=\"async\" src=\"https:\/\/upload.cdn.baselinker.com\/products\/14476\/25893012ad0c4a2601030b30a5c02409.jpg\"><br \/>\n            <\/section>\n<\/p><\/div>\n<div class=\"item item-6\">\n<section class=\"text-item\">\n<h2>Zastosowanie:<\/h2>\n<p>Szczypce sprawdz\u0105 si\u0119 podczas prac hydraulicznych lub monterskich. Narz\u0119dzie przyda si\u0119 r\u00f3wnie\u017c elektrykom i majsterkowiczom.<\/p>\n<p><b>\u2705 <\/b>Wyposa\u017cone w <b>mechanizm zapadkowy<\/b>.&nbsp;Mo\u017cliwo\u015b\u0107 ustalenia wielko\u015bci rozstawu szcz\u0119k sprawia, \u017ce szczypce maj\u0105 wszechstronne zastosowanie.<\/p>\n<p><b>\u2705&nbsp; Wyprofilowane szcz\u0119ki<\/b> zapewniaj\u0105 pewny chwyt i zapewniaj\u0105 komfort pracy.<\/p>\n<p>\u2705 Obcinaki mo\u017cna stosowa\u0107 do ci\u0119cia:<\/p>\n<ul>\n<li>rur z tworzyw sztucznych<\/li>\n<li>listew przypod\u0142ogowych<\/li>\n<li>kszta\u0142townik\u00f3w<\/li>\n<li>w\u0119\u017cy gumowych<\/li>\n<li>wyokr\u0105gle\u0144 z PCV (listwa fuguralna, listewka, kt\u00f3ra zamyka styki w k\u0105tach mebli) itp.<\/li>\n<\/ul>\n<\/section><\/div>\n<\/section>\n<section class=\"section\">\n<div class=\"item item-6\">\n<section class=\"image-item\">\n                <img decoding=\"async\" src=\"https:\/\/upload.cdn.baselinker.com\/products\/14476\/7a39b4230c66b3a1629ccceb2c06dd86.jpg\"><br \/>\n            <\/section>\n<\/p><\/div>\n<div class=\"item item-6\">\n<section class=\"image-item\">\n                <img decoding=\"async\" src=\"https:\/\/upload.cdn.baselinker.com\/products\/14476\/c746e21ad904e9c74ead6e98cfbd5374.jpg\"><br \/>\n            <\/section>\n<\/p><\/div>\n<\/section>\n","protected":false},"excerpt":{"rendered":"<p>OBCINAKI NO\u017bYCE DO RUR PCV 3-42mm PEX PE PP ZAPADKOWE Dane techniczne: D\u0142ugo\u015b\u0107 ca\u0142kowita: 250mm Zakres pracy: 3-42 mm Materia\u0142 korpusu\/obudowy: stal narz\u0119dziowa Przeznaczenie: do rur z tworzyw sztucznych Praktyczny element wyposa\u017cenia skrzynki narz\u0119dziowej! Solidne szczypce nastawne do rur o \u015brednicy od 3 do 42 mm.&nbsp;Ostrze narz\u0119dzia zosta\u0142y wykonane ze stali narz\u0119dziowej, a r\u0105czki s\u0105<br \/><a class=\"more-link\" href=\"https:\/\/bobimarket.pl\/index.php\/produkt\/obcinaki-nozyce-do-rur-pcv-3-42mm-pex-pe-pp-2\/\"><br \/>\n        Czytaj wi\u0119cej<span class=\"screen-reader-text\"> &#8222;OBCINAKI NO\u017bYCE DO RUR PCV 3-42mm PEX PE PP&#8221;<\/span><\/a><\/p>\n","protected":false},"featured_media":88390,"template":"","meta":[],"product_cat":[8161],"product_tag":[],"yoast_head":"<!-- This site is optimized with the Yoast SEO plugin v21.0 - https:\/\/yoast.com\/wordpress\/plugins\/seo\/ -->\n<title>OBCINAKI NO\u017bYCE DO RUR PCV 3-42mm PEX PE PP - BOBIMARKET.pl - Remontuj i urz\u0105dzaj z nami<\/title>\n<meta name=\"robots\" content=\"index, follow, max-snippet:-1, max-image-preview:large, max-video-preview:-1\" \/>\n<link rel=\"canonical\" href=\"https:\/\/bobimarket.pl\/index.php\/produkt\/obcinaki-nozyce-do-rur-pcv-3-42mm-pex-pe-pp-2\/\" \/>\n<meta property=\"og:locale\" content=\"pl_PL\" \/>\n<meta property=\"og:type\" content=\"article\" \/>\n<meta property=\"og:title\" content=\"OBCINAKI NO\u017bYCE DO RUR PCV 3-42mm PEX PE PP - BOBIMARKET.pl - Remontuj i urz\u0105dzaj z nami\" \/>\n<meta property=\"og:description\" content=\"OBCINAKI NO\u017bYCE DO RUR PCV 3-42mm PEX PE PP ZAPADKOWE Dane techniczne: D\u0142ugo\u015b\u0107 ca\u0142kowita: 250mm Zakres pracy: 3-42 mm Materia\u0142 korpusu\/obudowy: stal narz\u0119dziowa Przeznaczenie: do rur z tworzyw sztucznych Praktyczny element wyposa\u017cenia skrzynki narz\u0119dziowej! Solidne szczypce nastawne do rur o \u015brednicy od 3 do 42 mm.&nbsp;Ostrze narz\u0119dzia zosta\u0142y wykonane ze stali narz\u0119dziowej, a r\u0105czki s\u0105     Czytaj wi\u0119cej &quot;OBCINAKI NO\u017bYCE DO RUR PCV 3-42mm PEX PE PP&quot;\" \/>\n<meta property=\"og:url\" content=\"https:\/\/bobimarket.pl\/index.php\/produkt\/obcinaki-nozyce-do-rur-pcv-3-42mm-pex-pe-pp-2\/\" \/>\n<meta property=\"og:site_name\" content=\"BOBIMARKET.pl - Remontuj i urz\u0105dzaj z nami\" \/>\n<meta property=\"article:modified_time\" content=\"2025-02-27T15:04:52+00:00\" \/>\n<meta property=\"og:image\" content=\"https:\/\/upload.cdn.baselinker.com\/products\/14476\/868571e37f998daf46957f45d52ff99e.jpg\" \/>\n<meta name=\"twitter:card\" content=\"summary_large_image\" \/>\n<meta name=\"twitter:label1\" content=\"Szacowany czas czytania\" \/>\n\t<meta name=\"twitter:data1\" content=\"1 minuta\" \/>\n<script type=\"application\/ld+json\" class=\"yoast-schema-graph\">{\"@context\":\"https:\/\/schema.org\",\"@graph\":[{\"@type\":\"WebPage\",\"@id\":\"https:\/\/bobimarket.pl\/index.php\/produkt\/obcinaki-nozyce-do-rur-pcv-3-42mm-pex-pe-pp-2\/\",\"url\":\"https:\/\/bobimarket.pl\/index.php\/produkt\/obcinaki-nozyce-do-rur-pcv-3-42mm-pex-pe-pp-2\/\",\"name\":\"OBCINAKI NO\u017bYCE DO RUR PCV 3-42mm PEX PE PP - BOBIMARKET.pl - Remontuj i urz\u0105dzaj z nami\",\"isPartOf\":{\"@id\":\"https:\/\/bobimarket.pl\/#website\"},\"datePublished\":\"2023-08-30T02:04:48+00:00\",\"dateModified\":\"2025-02-27T15:04:52+00:00\",\"breadcrumb\":{\"@id\":\"https:\/\/bobimarket.pl\/index.php\/produkt\/obcinaki-nozyce-do-rur-pcv-3-42mm-pex-pe-pp-2\/#breadcrumb\"},\"inLanguage\":\"pl-PL\",\"potentialAction\":[{\"@type\":\"ReadAction\",\"target\":[\"https:\/\/bobimarket.pl\/index.php\/produkt\/obcinaki-nozyce-do-rur-pcv-3-42mm-pex-pe-pp-2\/\"]}]},{\"@type\":\"BreadcrumbList\",\"@id\":\"https:\/\/bobimarket.pl\/index.php\/produkt\/obcinaki-nozyce-do-rur-pcv-3-42mm-pex-pe-pp-2\/#breadcrumb\",\"itemListElement\":[{\"@type\":\"ListItem\",\"position\":1,\"name\":\"Strona g\u0142\u00f3wna\",\"item\":\"https:\/\/bobimarket.pl\/\"},{\"@type\":\"ListItem\",\"position\":2,\"name\":\"Sklep\",\"item\":\"https:\/\/bobimarket.pl\/index.php\/shop\/\"},{\"@type\":\"ListItem\",\"position\":3,\"name\":\"OBCINAKI NO\u017bYCE DO RUR PCV 3-42mm PEX PE PP\"}]},{\"@type\":\"WebSite\",\"@id\":\"https:\/\/bobimarket.pl\/#website\",\"url\":\"https:\/\/bobimarket.pl\/\",\"name\":\"BOBIMARKET.pl - Remontuj i urz\u0105dzaj z nami\",\"description\":\"Remontuj i urz\u0105dzaj z nami\",\"publisher\":{\"@id\":\"https:\/\/bobimarket.pl\/#organization\"},\"potentialAction\":[{\"@type\":\"SearchAction\",\"target\":{\"@type\":\"EntryPoint\",\"urlTemplate\":\"https:\/\/bobimarket.pl\/?s={search_term_string}\"},\"query-input\":\"required name=search_term_string\"}],\"inLanguage\":\"pl-PL\"},{\"@type\":\"Organization\",\"@id\":\"https:\/\/bobimarket.pl\/#organization\",\"name\":\"BOBIMARKET.pl\",\"url\":\"https:\/\/bobimarket.pl\/\",\"logo\":{\"@type\":\"ImageObject\",\"inLanguage\":\"pl-PL\",\"@id\":\"https:\/\/bobimarket.pl\/#\/schema\/logo\/image\/\",\"url\":\"https:\/\/bobimarket.pl\/wp-content\/uploads\/2021\/11\/slogan.png\",\"contentUrl\":\"https:\/\/bobimarket.pl\/wp-content\/uploads\/2021\/11\/slogan.png\",\"width\":2000,\"height\":384,\"caption\":\"BOBIMARKET.pl\"},\"image\":{\"@id\":\"https:\/\/bobimarket.pl\/#\/schema\/logo\/image\/\"}}]}<\/script>\n<!-- \/ Yoast SEO plugin. -->","yoast_head_json":{"title":"OBCINAKI NO\u017bYCE DO RUR PCV 3-42mm PEX PE PP - BOBIMARKET.pl - Remontuj i urz\u0105dzaj z nami","robots":{"index":"index","follow":"follow","max-snippet":"max-snippet:-1","max-image-preview":"max-image-preview:large","max-video-preview":"max-video-preview:-1"},"canonical":"https:\/\/bobimarket.pl\/index.php\/produkt\/obcinaki-nozyce-do-rur-pcv-3-42mm-pex-pe-pp-2\/","og_locale":"pl_PL","og_type":"article","og_title":"OBCINAKI NO\u017bYCE DO RUR PCV 3-42mm PEX PE PP - BOBIMARKET.pl - Remontuj i urz\u0105dzaj z nami","og_description":"OBCINAKI NO\u017bYCE DO RUR PCV 3-42mm PEX PE PP ZAPADKOWE Dane techniczne: D\u0142ugo\u015b\u0107 ca\u0142kowita: 250mm Zakres pracy: 3-42 mm Materia\u0142 korpusu\/obudowy: stal narz\u0119dziowa Przeznaczenie: do rur z tworzyw sztucznych Praktyczny element wyposa\u017cenia skrzynki narz\u0119dziowej! Solidne szczypce nastawne do rur o \u015brednicy od 3 do 42 mm.&nbsp;Ostrze narz\u0119dzia zosta\u0142y wykonane ze stali narz\u0119dziowej, a r\u0105czki s\u0105     Czytaj wi\u0119cej \"OBCINAKI NO\u017bYCE DO RUR PCV 3-42mm PEX PE PP\"","og_url":"https:\/\/bobimarket.pl\/index.php\/produkt\/obcinaki-nozyce-do-rur-pcv-3-42mm-pex-pe-pp-2\/","og_site_name":"BOBIMARKET.pl - Remontuj i urz\u0105dzaj z nami","article_modified_time":"2025-02-27T15:04:52+00:00","og_image":[{"url":"https:\/\/upload.cdn.baselinker.com\/products\/14476\/868571e37f998daf46957f45d52ff99e.jpg"}],"twitter_card":"summary_large_image","twitter_misc":{"Szacowany czas czytania":"1 minuta"},"schema":{"@context":"https:\/\/schema.org","@graph":[{"@type":"WebPage","@id":"https:\/\/bobimarket.pl\/index.php\/produkt\/obcinaki-nozyce-do-rur-pcv-3-42mm-pex-pe-pp-2\/","url":"https:\/\/bobimarket.pl\/index.php\/produkt\/obcinaki-nozyce-do-rur-pcv-3-42mm-pex-pe-pp-2\/","name":"OBCINAKI NO\u017bYCE DO RUR PCV 3-42mm PEX PE PP - BOBIMARKET.pl - Remontuj i urz\u0105dzaj z nami","isPartOf":{"@id":"https:\/\/bobimarket.pl\/#website"},"datePublished":"2023-08-30T02:04:48+00:00","dateModified":"2025-02-27T15:04:52+00:00","breadcrumb":{"@id":"https:\/\/bobimarket.pl\/index.php\/produkt\/obcinaki-nozyce-do-rur-pcv-3-42mm-pex-pe-pp-2\/#breadcrumb"},"inLanguage":"pl-PL","potentialAction":[{"@type":"ReadAction","target":["https:\/\/bobimarket.pl\/index.php\/produkt\/obcinaki-nozyce-do-rur-pcv-3-42mm-pex-pe-pp-2\/"]}]},{"@type":"BreadcrumbList","@id":"https:\/\/bobimarket.pl\/index.php\/produkt\/obcinaki-nozyce-do-rur-pcv-3-42mm-pex-pe-pp-2\/#breadcrumb","itemListElement":[{"@type":"ListItem","position":1,"name":"Strona g\u0142\u00f3wna","item":"https:\/\/bobimarket.pl\/"},{"@type":"ListItem","position":2,"name":"Sklep","item":"https:\/\/bobimarket.pl\/index.php\/shop\/"},{"@type":"ListItem","position":3,"name":"OBCINAKI NO\u017bYCE DO RUR PCV 3-42mm PEX PE PP"}]},{"@type":"WebSite","@id":"https:\/\/bobimarket.pl\/#website","url":"https:\/\/bobimarket.pl\/","name":"BOBIMARKET.pl - Remontuj i urz\u0105dzaj z nami","description":"Remontuj i urz\u0105dzaj z nami","publisher":{"@id":"https:\/\/bobimarket.pl\/#organization"},"potentialAction":[{"@type":"SearchAction","target":{"@type":"EntryPoint","urlTemplate":"https:\/\/bobimarket.pl\/?s={search_term_string}"},"query-input":"required name=search_term_string"}],"inLanguage":"pl-PL"},{"@type":"Organization","@id":"https:\/\/bobimarket.pl\/#organization","name":"BOBIMARKET.pl","url":"https:\/\/bobimarket.pl\/","logo":{"@type":"ImageObject","inLanguage":"pl-PL","@id":"https:\/\/bobimarket.pl\/#\/schema\/logo\/image\/","url":"https:\/\/bobimarket.pl\/wp-content\/uploads\/2021\/11\/slogan.png","contentUrl":"https:\/\/bobimarket.pl\/wp-content\/uploads\/2021\/11\/slogan.png","width":2000,"height":384,"caption":"BOBIMARKET.pl"},"image":{"@id":"https:\/\/bobimarket.pl\/#\/schema\/logo\/image\/"}}]}},"_links":{"self":[{"href":"https:\/\/bobimarket.pl\/index.php\/wp-json\/wp\/v2\/product\/88400"}],"collection":[{"href":"https:\/\/bobimarket.pl\/index.php\/wp-json\/wp\/v2\/product"}],"about":[{"href":"https:\/\/bobimarket.pl\/index.php\/wp-json\/wp\/v2\/types\/product"}],"wp:featuredmedia":[{"embeddable":true,"href":"https:\/\/bobimarket.pl\/index.php\/wp-json\/wp\/v2\/media\/88390"}],"wp:attachment":[{"href":"https:\/\/bobimarket.pl\/index.php\/wp-json\/wp\/v2\/media?parent=88400"}],"wp:term":[{"taxonomy":"product_cat","embeddable":true,"href":"https:\/\/bobimarket.pl\/index.php\/wp-json\/wp\/v2\/product_cat?post=88400"},{"taxonomy":"product_tag","embeddable":true,"href":"https:\/\/bobimarket.pl\/index.php\/wp-json\/wp\/v2\/product_tag?post=88400"}],"curies":[{"name":"wp","href":"https:\/\/api.w.org\/{rel}","templated":true}]}}