{"id":88410,"date":"2023-08-30T02:05:48","date_gmt":"2023-08-30T02:05:48","guid":{"rendered":"https:\/\/bobimarket.pl\/index.php\/produkt\/uchwyt-do-bitow-magnetyczny-z-ogranicznikiem-1-4\/"},"modified":"2025-02-27T15:05:00","modified_gmt":"2025-02-27T15:05:00","slug":"uchwyt-do-bitow-magnetyczny-z-ogranicznikiem-1-4","status":"publish","type":"product","link":"https:\/\/bobimarket.pl\/index.php\/produkt\/uchwyt-do-bitow-magnetyczny-z-ogranicznikiem-1-4\/","title":{"rendered":"UCHWYT DO BIT\u00d3W MAGNETYCZNY Z OGRANICZNIKIEM 1\/4"},"content":{"rendered":"<section class=\"section\">\n<div class=\"item item-6\">\n<section class=\"image-item\">\n                <img decoding=\"async\" src=\"https:\/\/upload.cdn.baselinker.com\/products\/14476\/0215ec4e9b1f9c1394fb55030e80ca8d.jpg\" \/><br \/>\n            <\/section>\n<\/p><\/div>\n<div class=\"item item-6\">\n<section class=\"text-item\">\n<h2>UCHWYT DO BIT\u00d3W MAGNETYCZNY Z OGRANICZNIKIEM 1\/4<\/h2>\n<p><b>Informacje og\u00f3lne:<\/b><\/p>\n<ul>\n<li>D\u0142ugo\u015b\u0107 ca\u0142kowita: <b>60 mm<\/b><\/li>\n<li>Rozmiar osadzenia do osprz\u0119tu: <b>1\/4 cal<\/b><\/li>\n<li>Cechy charakterystyczne:<b> ogranicznik,<\/b> podw\u00f3jny magnes<\/li>\n<li>Rodzaj chwytu: <b>prosty<\/b><\/li>\n<li>Materia\u0142: <b>stal CrV<\/b><\/li>\n<li>Kompatybilny z wszystkimi bitami<\/li>\n<\/ul>\n<\/section><\/div>\n<\/section>\n<section class=\"section\">\n<div class=\"item item-6\">\n<section class=\"image-item\">\n                <img decoding=\"async\" src=\"https:\/\/upload.cdn.baselinker.com\/products\/14476\/6387efe537b77cf9c4b8a3c2e713ee60.jpg\" \/><br \/>\n            <\/section>\n<\/p><\/div>\n<div class=\"item item-6\">\n<section class=\"text-item\">\n<p><b>Praktyczne narz\u0119dzie, kt\u00f3re powinno si\u0119 znale\u017a\u0107 w Twojej skrzynce narz\u0119dziowej!<\/b><\/p>\n<p>Wytrzyma\u0142y i wykonany z wysokiej jako\u015bci materia\u0142\u00f3w magnetyczny uchwyt do bit\u00f3w. U\u017cyta do produkcji<b> stal <\/b>chromowo-wanadowa sprawia, \u017ce narz\u0119dzie b\u0119dzie s\u0142u\u017cy\u0142o przez d\u0142ugi okres.<\/p>\n<ul>\n<li>Rozmiar chwytu adapter 6,35 mm (1\/4\u201d).<\/li>\n<li>Ma 6 cm d\u0142ugo\u015bci.<\/li>\n<\/ul>\n<\/section><\/div>\n<\/section>\n<section class=\"section\">\n<div class=\"item item-6\">\n<section class=\"image-item\">\n                <img decoding=\"async\" src=\"https:\/\/upload.cdn.baselinker.com\/products\/14476\/0215ec4e9b1f9c1394fb55030e80ca8d.jpg\" \/><br \/>\n            <\/section>\n<\/p><\/div>\n<div class=\"item item-6\">\n<section class=\"text-item\">\n<p><b>\u2705 Solidne wykonanie<\/b><\/p>\n<p>Mocna stal, z kt\u00f3rej wykonano narz\u0119dzie podnosi jako\u015b\u0107 produktu. Uchwyt wyposa\u017cono w bardzo mocny, podw\u00f3jny magnes, kt\u00f3ry zapobiega wy\u015blizganiu si\u0119 bita.<\/p>\n<p><b>\u2705 Praktyczny i uniwersalny<\/b><\/p>\n<p>Uchwyt pasuje do wszystkich rodzaj\u00f3w bit\u00f3w, co czyni go bardzo przydatnym narz\u0119dziem. Pozwala na<b> wyd\u0142u\u017cenie ko\u0144c\u00f3wki<\/b>, co u\u0142atwia dost\u0119p do trudno dost\u0119pnych miejsc.<\/p>\n<ul>\n<li><b>Podw\u00f3jny magnes<\/b> umo\u017cliwia i pomaga w poprawnym zamontowaniu bitu.<\/li>\n<li><b>Ogranicznik g\u0142\u0119boko\u015bci<\/b> przykr\u0119cania chroni podczas monta\u017cu powierzchnie z mi\u0119kkich materia\u0142\u00f3w (p\u0142yty kartonowo-gipsowe, drewniane) przed uszkodzeniem.<\/li>\n<\/ul>\n<\/section><\/div>\n<\/section>\n<section class=\"section\">\n<div class=\"item item-6\">\n<section class=\"image-item\">\n                <img decoding=\"async\" src=\"https:\/\/upload.cdn.baselinker.com\/products\/14476\/6387efe537b77cf9c4b8a3c2e713ee60.jpg\" \/><br \/>\n            <\/section>\n<\/p><\/div>\n<div class=\"item item-6\">\n<section class=\"text-item\">\n<p><b>\u2705 Najwa\u017cniejsze zalety produktu: <\/b><\/p>\n<ul>\n<li>Solidnie wykonany z wysokiej jako\u015bci stali.<\/li>\n<li>Magnetyczna ko\u0144c\u00f3wka<\/li>\n<li>Uniwersalny<\/li>\n<li>\u0141atwy i komfortowy w u\u017cytkowaniu.<\/li>\n<li>Pozwala na szybk\u0105 wymian\u0119 grot\u00f3w<\/li>\n<\/ul>\n<\/section><\/div>\n<\/section>\n","protected":false},"excerpt":{"rendered":"<p>UCHWYT DO BIT\u00d3W MAGNETYCZNY Z OGRANICZNIKIEM 1\/4 Informacje og\u00f3lne: D\u0142ugo\u015b\u0107 ca\u0142kowita: 60 mm Rozmiar osadzenia do osprz\u0119tu: 1\/4 cal Cechy charakterystyczne: ogranicznik, podw\u00f3jny magnes Rodzaj chwytu: prosty Materia\u0142: stal CrV Kompatybilny z wszystkimi bitami Praktyczne narz\u0119dzie, kt\u00f3re powinno si\u0119 znale\u017a\u0107 w Twojej skrzynce narz\u0119dziowej! Wytrzyma\u0142y i wykonany z wysokiej jako\u015bci materia\u0142\u00f3w magnetyczny uchwyt do bit\u00f3w.<br \/><a class=\"more-link\" href=\"https:\/\/bobimarket.pl\/index.php\/produkt\/uchwyt-do-bitow-magnetyczny-z-ogranicznikiem-1-4\/\"><br \/>\n        Czytaj wi\u0119cej<span class=\"screen-reader-text\"> &#8222;UCHWYT DO BIT\u00d3W MAGNETYCZNY Z OGRANICZNIKIEM 1\/4&#8221;<\/span><\/a><\/p>\n","protected":false},"featured_media":88408,"template":"","meta":[],"product_cat":[8054],"product_tag":[],"yoast_head":"<!-- This site is optimized with the Yoast SEO plugin v21.0 - https:\/\/yoast.com\/wordpress\/plugins\/seo\/ -->\n<title>UCHWYT DO BIT\u00d3W MAGNETYCZNY Z OGRANICZNIKIEM 1\/4 - BOBIMARKET.pl - Remontuj i urz\u0105dzaj z nami<\/title>\n<meta name=\"robots\" content=\"index, follow, max-snippet:-1, max-image-preview:large, max-video-preview:-1\" \/>\n<link rel=\"canonical\" href=\"https:\/\/bobimarket.pl\/index.php\/produkt\/uchwyt-do-bitow-magnetyczny-z-ogranicznikiem-1-4\/\" \/>\n<meta property=\"og:locale\" content=\"pl_PL\" \/>\n<meta property=\"og:type\" content=\"article\" \/>\n<meta property=\"og:title\" content=\"UCHWYT DO BIT\u00d3W MAGNETYCZNY Z OGRANICZNIKIEM 1\/4 - BOBIMARKET.pl - Remontuj i urz\u0105dzaj z nami\" \/>\n<meta property=\"og:description\" content=\"UCHWYT DO BIT\u00d3W MAGNETYCZNY Z OGRANICZNIKIEM 1\/4 Informacje og\u00f3lne: D\u0142ugo\u015b\u0107 ca\u0142kowita: 60 mm Rozmiar osadzenia do osprz\u0119tu: 1\/4 cal Cechy charakterystyczne: ogranicznik, podw\u00f3jny magnes Rodzaj chwytu: prosty Materia\u0142: stal CrV Kompatybilny z wszystkimi bitami Praktyczne narz\u0119dzie, kt\u00f3re powinno si\u0119 znale\u017a\u0107 w Twojej skrzynce narz\u0119dziowej! Wytrzyma\u0142y i wykonany z wysokiej jako\u015bci materia\u0142\u00f3w magnetyczny uchwyt do bit\u00f3w.     Czytaj wi\u0119cej &quot;UCHWYT DO BIT\u00d3W MAGNETYCZNY Z OGRANICZNIKIEM 1\/4&quot;\" \/>\n<meta property=\"og:url\" content=\"https:\/\/bobimarket.pl\/index.php\/produkt\/uchwyt-do-bitow-magnetyczny-z-ogranicznikiem-1-4\/\" \/>\n<meta property=\"og:site_name\" content=\"BOBIMARKET.pl - Remontuj i urz\u0105dzaj z nami\" \/>\n<meta property=\"article:modified_time\" content=\"2025-02-27T15:05:00+00:00\" \/>\n<meta property=\"og:image\" content=\"https:\/\/upload.cdn.baselinker.com\/products\/14476\/0215ec4e9b1f9c1394fb55030e80ca8d.jpg\" \/>\n<meta name=\"twitter:card\" content=\"summary_large_image\" \/>\n<meta name=\"twitter:label1\" content=\"Szacowany czas czytania\" \/>\n\t<meta name=\"twitter:data1\" content=\"1 minuta\" \/>\n<script type=\"application\/ld+json\" class=\"yoast-schema-graph\">{\"@context\":\"https:\/\/schema.org\",\"@graph\":[{\"@type\":\"WebPage\",\"@id\":\"https:\/\/bobimarket.pl\/index.php\/produkt\/uchwyt-do-bitow-magnetyczny-z-ogranicznikiem-1-4\/\",\"url\":\"https:\/\/bobimarket.pl\/index.php\/produkt\/uchwyt-do-bitow-magnetyczny-z-ogranicznikiem-1-4\/\",\"name\":\"UCHWYT DO BIT\u00d3W MAGNETYCZNY Z OGRANICZNIKIEM 1\/4 - BOBIMARKET.pl - Remontuj i urz\u0105dzaj z nami\",\"isPartOf\":{\"@id\":\"https:\/\/bobimarket.pl\/#website\"},\"datePublished\":\"2023-08-30T02:05:48+00:00\",\"dateModified\":\"2025-02-27T15:05:00+00:00\",\"breadcrumb\":{\"@id\":\"https:\/\/bobimarket.pl\/index.php\/produkt\/uchwyt-do-bitow-magnetyczny-z-ogranicznikiem-1-4\/#breadcrumb\"},\"inLanguage\":\"pl-PL\",\"potentialAction\":[{\"@type\":\"ReadAction\",\"target\":[\"https:\/\/bobimarket.pl\/index.php\/produkt\/uchwyt-do-bitow-magnetyczny-z-ogranicznikiem-1-4\/\"]}]},{\"@type\":\"BreadcrumbList\",\"@id\":\"https:\/\/bobimarket.pl\/index.php\/produkt\/uchwyt-do-bitow-magnetyczny-z-ogranicznikiem-1-4\/#breadcrumb\",\"itemListElement\":[{\"@type\":\"ListItem\",\"position\":1,\"name\":\"Strona g\u0142\u00f3wna\",\"item\":\"https:\/\/bobimarket.pl\/\"},{\"@type\":\"ListItem\",\"position\":2,\"name\":\"Sklep\",\"item\":\"https:\/\/bobimarket.pl\/index.php\/shop\/\"},{\"@type\":\"ListItem\",\"position\":3,\"name\":\"UCHWYT DO BIT\u00d3W MAGNETYCZNY Z OGRANICZNIKIEM 1\/4\"}]},{\"@type\":\"WebSite\",\"@id\":\"https:\/\/bobimarket.pl\/#website\",\"url\":\"https:\/\/bobimarket.pl\/\",\"name\":\"BOBIMARKET.pl - Remontuj i urz\u0105dzaj z nami\",\"description\":\"Remontuj i urz\u0105dzaj z nami\",\"publisher\":{\"@id\":\"https:\/\/bobimarket.pl\/#organization\"},\"potentialAction\":[{\"@type\":\"SearchAction\",\"target\":{\"@type\":\"EntryPoint\",\"urlTemplate\":\"https:\/\/bobimarket.pl\/?s={search_term_string}\"},\"query-input\":\"required name=search_term_string\"}],\"inLanguage\":\"pl-PL\"},{\"@type\":\"Organization\",\"@id\":\"https:\/\/bobimarket.pl\/#organization\",\"name\":\"BOBIMARKET.pl\",\"url\":\"https:\/\/bobimarket.pl\/\",\"logo\":{\"@type\":\"ImageObject\",\"inLanguage\":\"pl-PL\",\"@id\":\"https:\/\/bobimarket.pl\/#\/schema\/logo\/image\/\",\"url\":\"https:\/\/bobimarket.pl\/wp-content\/uploads\/2021\/11\/slogan.png\",\"contentUrl\":\"https:\/\/bobimarket.pl\/wp-content\/uploads\/2021\/11\/slogan.png\",\"width\":2000,\"height\":384,\"caption\":\"BOBIMARKET.pl\"},\"image\":{\"@id\":\"https:\/\/bobimarket.pl\/#\/schema\/logo\/image\/\"}}]}<\/script>\n<!-- \/ Yoast SEO plugin. -->","yoast_head_json":{"title":"UCHWYT DO BIT\u00d3W MAGNETYCZNY Z OGRANICZNIKIEM 1\/4 - BOBIMARKET.pl - Remontuj i urz\u0105dzaj z nami","robots":{"index":"index","follow":"follow","max-snippet":"max-snippet:-1","max-image-preview":"max-image-preview:large","max-video-preview":"max-video-preview:-1"},"canonical":"https:\/\/bobimarket.pl\/index.php\/produkt\/uchwyt-do-bitow-magnetyczny-z-ogranicznikiem-1-4\/","og_locale":"pl_PL","og_type":"article","og_title":"UCHWYT DO BIT\u00d3W MAGNETYCZNY Z OGRANICZNIKIEM 1\/4 - BOBIMARKET.pl - Remontuj i urz\u0105dzaj z nami","og_description":"UCHWYT DO BIT\u00d3W MAGNETYCZNY Z OGRANICZNIKIEM 1\/4 Informacje og\u00f3lne: D\u0142ugo\u015b\u0107 ca\u0142kowita: 60 mm Rozmiar osadzenia do osprz\u0119tu: 1\/4 cal Cechy charakterystyczne: ogranicznik, podw\u00f3jny magnes Rodzaj chwytu: prosty Materia\u0142: stal CrV Kompatybilny z wszystkimi bitami Praktyczne narz\u0119dzie, kt\u00f3re powinno si\u0119 znale\u017a\u0107 w Twojej skrzynce narz\u0119dziowej! Wytrzyma\u0142y i wykonany z wysokiej jako\u015bci materia\u0142\u00f3w magnetyczny uchwyt do bit\u00f3w.     Czytaj wi\u0119cej \"UCHWYT DO BIT\u00d3W MAGNETYCZNY Z OGRANICZNIKIEM 1\/4\"","og_url":"https:\/\/bobimarket.pl\/index.php\/produkt\/uchwyt-do-bitow-magnetyczny-z-ogranicznikiem-1-4\/","og_site_name":"BOBIMARKET.pl - Remontuj i urz\u0105dzaj z nami","article_modified_time":"2025-02-27T15:05:00+00:00","og_image":[{"url":"https:\/\/upload.cdn.baselinker.com\/products\/14476\/0215ec4e9b1f9c1394fb55030e80ca8d.jpg"}],"twitter_card":"summary_large_image","twitter_misc":{"Szacowany czas czytania":"1 minuta"},"schema":{"@context":"https:\/\/schema.org","@graph":[{"@type":"WebPage","@id":"https:\/\/bobimarket.pl\/index.php\/produkt\/uchwyt-do-bitow-magnetyczny-z-ogranicznikiem-1-4\/","url":"https:\/\/bobimarket.pl\/index.php\/produkt\/uchwyt-do-bitow-magnetyczny-z-ogranicznikiem-1-4\/","name":"UCHWYT DO BIT\u00d3W MAGNETYCZNY Z OGRANICZNIKIEM 1\/4 - BOBIMARKET.pl - Remontuj i urz\u0105dzaj z nami","isPartOf":{"@id":"https:\/\/bobimarket.pl\/#website"},"datePublished":"2023-08-30T02:05:48+00:00","dateModified":"2025-02-27T15:05:00+00:00","breadcrumb":{"@id":"https:\/\/bobimarket.pl\/index.php\/produkt\/uchwyt-do-bitow-magnetyczny-z-ogranicznikiem-1-4\/#breadcrumb"},"inLanguage":"pl-PL","potentialAction":[{"@type":"ReadAction","target":["https:\/\/bobimarket.pl\/index.php\/produkt\/uchwyt-do-bitow-magnetyczny-z-ogranicznikiem-1-4\/"]}]},{"@type":"BreadcrumbList","@id":"https:\/\/bobimarket.pl\/index.php\/produkt\/uchwyt-do-bitow-magnetyczny-z-ogranicznikiem-1-4\/#breadcrumb","itemListElement":[{"@type":"ListItem","position":1,"name":"Strona g\u0142\u00f3wna","item":"https:\/\/bobimarket.pl\/"},{"@type":"ListItem","position":2,"name":"Sklep","item":"https:\/\/bobimarket.pl\/index.php\/shop\/"},{"@type":"ListItem","position":3,"name":"UCHWYT DO BIT\u00d3W MAGNETYCZNY Z OGRANICZNIKIEM 1\/4"}]},{"@type":"WebSite","@id":"https:\/\/bobimarket.pl\/#website","url":"https:\/\/bobimarket.pl\/","name":"BOBIMARKET.pl - Remontuj i urz\u0105dzaj z nami","description":"Remontuj i urz\u0105dzaj z nami","publisher":{"@id":"https:\/\/bobimarket.pl\/#organization"},"potentialAction":[{"@type":"SearchAction","target":{"@type":"EntryPoint","urlTemplate":"https:\/\/bobimarket.pl\/?s={search_term_string}"},"query-input":"required name=search_term_string"}],"inLanguage":"pl-PL"},{"@type":"Organization","@id":"https:\/\/bobimarket.pl\/#organization","name":"BOBIMARKET.pl","url":"https:\/\/bobimarket.pl\/","logo":{"@type":"ImageObject","inLanguage":"pl-PL","@id":"https:\/\/bobimarket.pl\/#\/schema\/logo\/image\/","url":"https:\/\/bobimarket.pl\/wp-content\/uploads\/2021\/11\/slogan.png","contentUrl":"https:\/\/bobimarket.pl\/wp-content\/uploads\/2021\/11\/slogan.png","width":2000,"height":384,"caption":"BOBIMARKET.pl"},"image":{"@id":"https:\/\/bobimarket.pl\/#\/schema\/logo\/image\/"}}]}},"_links":{"self":[{"href":"https:\/\/bobimarket.pl\/index.php\/wp-json\/wp\/v2\/product\/88410"}],"collection":[{"href":"https:\/\/bobimarket.pl\/index.php\/wp-json\/wp\/v2\/product"}],"about":[{"href":"https:\/\/bobimarket.pl\/index.php\/wp-json\/wp\/v2\/types\/product"}],"wp:featuredmedia":[{"embeddable":true,"href":"https:\/\/bobimarket.pl\/index.php\/wp-json\/wp\/v2\/media\/88408"}],"wp:attachment":[{"href":"https:\/\/bobimarket.pl\/index.php\/wp-json\/wp\/v2\/media?parent=88410"}],"wp:term":[{"taxonomy":"product_cat","embeddable":true,"href":"https:\/\/bobimarket.pl\/index.php\/wp-json\/wp\/v2\/product_cat?post=88410"},{"taxonomy":"product_tag","embeddable":true,"href":"https:\/\/bobimarket.pl\/index.php\/wp-json\/wp\/v2\/product_tag?post=88410"}],"curies":[{"name":"wp","href":"https:\/\/api.w.org\/{rel}","templated":true}]}}