{"id":88431,"date":"2023-08-30T02:06:47","date_gmt":"2023-08-30T02:06:47","guid":{"rendered":"https:\/\/bobimarket.pl\/index.php\/produkt\/bit-z-ogranicznikiem-magnesem-ph2x25mm\/"},"modified":"2025-02-27T15:05:12","modified_gmt":"2025-02-27T15:05:12","slug":"bit-z-ogranicznikiem-magnesem-ph2x25mm","status":"publish","type":"product","link":"https:\/\/bobimarket.pl\/index.php\/produkt\/bit-z-ogranicznikiem-magnesem-ph2x25mm\/","title":{"rendered":"BIT Z OGRANICZNIKIEM MAGNESEM PH2x25MM"},"content":{"rendered":"<section class=\"section\">\n<div class=\"item item-6\">\n<section class=\"image-item\">\n                <img decoding=\"async\" src=\"https:\/\/upload.cdn.baselinker.com\/products\/14476\/012a1416259aa47498c383dacb82a4bf.jpg\" \/><br \/>\n            <\/section>\n<\/p><\/div>\n<div class=\"item item-6\">\n<section class=\"text-item\">\n<h2>BIT PH2x25MM Z OGRANICZNIKIEM MAGNESEM DO GKL<\/h2>\n<p><b>Informacje og\u00f3lne:<\/b><\/p>\n<ul>\n<li>Rozmiar osadzenia do osprz\u0119tu: <b>1\/4 cal<\/b><\/li>\n<li>Rodzaj chwytu: <b>prosty<\/b><\/li>\n<li>Materia\u0142:<b> stal S2<\/b><\/li>\n<li>D\u0142ugo\u015b\u0107: <b>25 mm<\/b><\/li>\n<\/ul>\n<\/section><\/div>\n<\/section>\n<section class=\"section\">\n<div class=\"item item-6\">\n<section class=\"image-item\">\n                <img decoding=\"async\" src=\"https:\/\/upload.cdn.baselinker.com\/products\/14476\/663dabee95517bd47fbbee7ba3250fa9.jpg\" \/><br \/>\n            <\/section>\n<\/p><\/div>\n<div class=\"item item-6\">\n<section class=\"text-item\">\n<p><b>Praktyczne narz\u0119dzie, kt\u00f3re powinno si\u0119 znale\u017a\u0107 w Twojej skrzynce narz\u0119dziowej!<\/b><\/p>\n<p>Wytrzyma\u0142y i wykonany z wysokiej jako\u015bci materia\u0142\u00f3w bit PH2 o d\u0142ugo\u015bci 25mm. U\u017cyta do produkcji<b> stal S2 <\/b>sprawia, \u017ce bit b\u0119dzie nam s\u0142u\u017cy\u0142o przez d\u0142ugi okres.<\/p>\n<ul>\n<li>Bit PH2 przeznaczony jest <b>do monta\u017cu i demonta\u017cu wkr\u0119t\u00f3w samogwintuj\u0105cych<\/b> do mi\u0119kkich powierzchni.<\/li>\n<\/ul>\n<\/section><\/div>\n<\/section>\n<section class=\"section\">\n<div class=\"item item-6\">\n<section class=\"image-item\">\n                <img decoding=\"async\" src=\"https:\/\/upload.cdn.baselinker.com\/products\/14476\/fe1093a53b30aaa417c514587d7e5f19.jpg\" \/><br \/>\n            <\/section>\n<\/p><\/div>\n<div class=\"item item-6\">\n<section class=\"text-item\">\n<p>\u2705 Ogranicznik g\u0142\u0119boko\u015bci wyst\u0119puje w roli stopera, zapobiegaj\u0105c zniszczeniu mi\u0119kkiej powierzchni.<\/p>\n<p>\u2705 Uchwyty zapewniaj\u0105 bezpieczne mocowanie element\u00f3w z\u0142\u0105cznych. Cz\u0119\u015b\u0107 robocza jest namagnesowana, co zapobiega wy\u015blizgiwaniu si\u0119 z elementu \u0142\u0105cznego.<\/p>\n<\/section><\/div>\n<\/section>\n","protected":false},"excerpt":{"rendered":"<p>BIT PH2x25MM Z OGRANICZNIKIEM MAGNESEM DO GKL Informacje og\u00f3lne: Rozmiar osadzenia do osprz\u0119tu: 1\/4 cal Rodzaj chwytu: prosty Materia\u0142: stal S2 D\u0142ugo\u015b\u0107: 25 mm Praktyczne narz\u0119dzie, kt\u00f3re powinno si\u0119 znale\u017a\u0107 w Twojej skrzynce narz\u0119dziowej! Wytrzyma\u0142y i wykonany z wysokiej jako\u015bci materia\u0142\u00f3w bit PH2 o d\u0142ugo\u015bci 25mm. U\u017cyta do produkcji stal S2 sprawia, \u017ce bit b\u0119dzie<br \/><a class=\"more-link\" href=\"https:\/\/bobimarket.pl\/index.php\/produkt\/bit-z-ogranicznikiem-magnesem-ph2x25mm\/\"><br \/>\n        Czytaj wi\u0119cej<span class=\"screen-reader-text\"> &#8222;BIT Z OGRANICZNIKIEM MAGNESEM PH2x25MM&#8221;<\/span><\/a><\/p>\n","protected":false},"featured_media":88426,"template":"","meta":[],"product_cat":[8054],"product_tag":[],"yoast_head":"<!-- This site is optimized with the Yoast SEO plugin v21.0 - https:\/\/yoast.com\/wordpress\/plugins\/seo\/ -->\n<title>BIT Z OGRANICZNIKIEM MAGNESEM PH2x25MM - BOBIMARKET.pl - Remontuj i urz\u0105dzaj z nami<\/title>\n<meta name=\"robots\" content=\"index, follow, max-snippet:-1, max-image-preview:large, max-video-preview:-1\" \/>\n<link rel=\"canonical\" href=\"https:\/\/bobimarket.pl\/index.php\/produkt\/bit-z-ogranicznikiem-magnesem-ph2x25mm\/\" \/>\n<meta property=\"og:locale\" content=\"pl_PL\" \/>\n<meta property=\"og:type\" content=\"article\" \/>\n<meta property=\"og:title\" content=\"BIT Z OGRANICZNIKIEM MAGNESEM PH2x25MM - BOBIMARKET.pl - Remontuj i urz\u0105dzaj z nami\" \/>\n<meta property=\"og:description\" content=\"BIT PH2x25MM Z OGRANICZNIKIEM MAGNESEM DO GKL Informacje og\u00f3lne: Rozmiar osadzenia do osprz\u0119tu: 1\/4 cal Rodzaj chwytu: prosty Materia\u0142: stal S2 D\u0142ugo\u015b\u0107: 25 mm Praktyczne narz\u0119dzie, kt\u00f3re powinno si\u0119 znale\u017a\u0107 w Twojej skrzynce narz\u0119dziowej! Wytrzyma\u0142y i wykonany z wysokiej jako\u015bci materia\u0142\u00f3w bit PH2 o d\u0142ugo\u015bci 25mm. U\u017cyta do produkcji stal S2 sprawia, \u017ce bit b\u0119dzie     Czytaj wi\u0119cej &quot;BIT Z OGRANICZNIKIEM MAGNESEM PH2x25MM&quot;\" \/>\n<meta property=\"og:url\" content=\"https:\/\/bobimarket.pl\/index.php\/produkt\/bit-z-ogranicznikiem-magnesem-ph2x25mm\/\" \/>\n<meta property=\"og:site_name\" content=\"BOBIMARKET.pl - Remontuj i urz\u0105dzaj z nami\" \/>\n<meta property=\"article:modified_time\" content=\"2025-02-27T15:05:12+00:00\" \/>\n<meta property=\"og:image\" content=\"https:\/\/upload.cdn.baselinker.com\/products\/14476\/012a1416259aa47498c383dacb82a4bf.jpg\" \/>\n<meta name=\"twitter:card\" content=\"summary_large_image\" \/>\n<meta name=\"twitter:label1\" content=\"Szacowany czas czytania\" \/>\n\t<meta name=\"twitter:data1\" content=\"1 minuta\" \/>\n<script type=\"application\/ld+json\" class=\"yoast-schema-graph\">{\"@context\":\"https:\/\/schema.org\",\"@graph\":[{\"@type\":\"WebPage\",\"@id\":\"https:\/\/bobimarket.pl\/index.php\/produkt\/bit-z-ogranicznikiem-magnesem-ph2x25mm\/\",\"url\":\"https:\/\/bobimarket.pl\/index.php\/produkt\/bit-z-ogranicznikiem-magnesem-ph2x25mm\/\",\"name\":\"BIT Z OGRANICZNIKIEM MAGNESEM PH2x25MM - BOBIMARKET.pl - Remontuj i urz\u0105dzaj z nami\",\"isPartOf\":{\"@id\":\"https:\/\/bobimarket.pl\/#website\"},\"datePublished\":\"2023-08-30T02:06:47+00:00\",\"dateModified\":\"2025-02-27T15:05:12+00:00\",\"breadcrumb\":{\"@id\":\"https:\/\/bobimarket.pl\/index.php\/produkt\/bit-z-ogranicznikiem-magnesem-ph2x25mm\/#breadcrumb\"},\"inLanguage\":\"pl-PL\",\"potentialAction\":[{\"@type\":\"ReadAction\",\"target\":[\"https:\/\/bobimarket.pl\/index.php\/produkt\/bit-z-ogranicznikiem-magnesem-ph2x25mm\/\"]}]},{\"@type\":\"BreadcrumbList\",\"@id\":\"https:\/\/bobimarket.pl\/index.php\/produkt\/bit-z-ogranicznikiem-magnesem-ph2x25mm\/#breadcrumb\",\"itemListElement\":[{\"@type\":\"ListItem\",\"position\":1,\"name\":\"Strona g\u0142\u00f3wna\",\"item\":\"https:\/\/bobimarket.pl\/\"},{\"@type\":\"ListItem\",\"position\":2,\"name\":\"Sklep\",\"item\":\"https:\/\/bobimarket.pl\/index.php\/shop\/\"},{\"@type\":\"ListItem\",\"position\":3,\"name\":\"BIT Z OGRANICZNIKIEM MAGNESEM PH2x25MM\"}]},{\"@type\":\"WebSite\",\"@id\":\"https:\/\/bobimarket.pl\/#website\",\"url\":\"https:\/\/bobimarket.pl\/\",\"name\":\"BOBIMARKET.pl - Remontuj i urz\u0105dzaj z nami\",\"description\":\"Remontuj i urz\u0105dzaj z nami\",\"publisher\":{\"@id\":\"https:\/\/bobimarket.pl\/#organization\"},\"potentialAction\":[{\"@type\":\"SearchAction\",\"target\":{\"@type\":\"EntryPoint\",\"urlTemplate\":\"https:\/\/bobimarket.pl\/?s={search_term_string}\"},\"query-input\":\"required name=search_term_string\"}],\"inLanguage\":\"pl-PL\"},{\"@type\":\"Organization\",\"@id\":\"https:\/\/bobimarket.pl\/#organization\",\"name\":\"BOBIMARKET.pl\",\"url\":\"https:\/\/bobimarket.pl\/\",\"logo\":{\"@type\":\"ImageObject\",\"inLanguage\":\"pl-PL\",\"@id\":\"https:\/\/bobimarket.pl\/#\/schema\/logo\/image\/\",\"url\":\"https:\/\/bobimarket.pl\/wp-content\/uploads\/2021\/11\/slogan.png\",\"contentUrl\":\"https:\/\/bobimarket.pl\/wp-content\/uploads\/2021\/11\/slogan.png\",\"width\":2000,\"height\":384,\"caption\":\"BOBIMARKET.pl\"},\"image\":{\"@id\":\"https:\/\/bobimarket.pl\/#\/schema\/logo\/image\/\"}}]}<\/script>\n<!-- \/ Yoast SEO plugin. -->","yoast_head_json":{"title":"BIT Z OGRANICZNIKIEM MAGNESEM PH2x25MM - BOBIMARKET.pl - Remontuj i urz\u0105dzaj z nami","robots":{"index":"index","follow":"follow","max-snippet":"max-snippet:-1","max-image-preview":"max-image-preview:large","max-video-preview":"max-video-preview:-1"},"canonical":"https:\/\/bobimarket.pl\/index.php\/produkt\/bit-z-ogranicznikiem-magnesem-ph2x25mm\/","og_locale":"pl_PL","og_type":"article","og_title":"BIT Z OGRANICZNIKIEM MAGNESEM PH2x25MM - BOBIMARKET.pl - Remontuj i urz\u0105dzaj z nami","og_description":"BIT PH2x25MM Z OGRANICZNIKIEM MAGNESEM DO GKL Informacje og\u00f3lne: Rozmiar osadzenia do osprz\u0119tu: 1\/4 cal Rodzaj chwytu: prosty Materia\u0142: stal S2 D\u0142ugo\u015b\u0107: 25 mm Praktyczne narz\u0119dzie, kt\u00f3re powinno si\u0119 znale\u017a\u0107 w Twojej skrzynce narz\u0119dziowej! Wytrzyma\u0142y i wykonany z wysokiej jako\u015bci materia\u0142\u00f3w bit PH2 o d\u0142ugo\u015bci 25mm. U\u017cyta do produkcji stal S2 sprawia, \u017ce bit b\u0119dzie     Czytaj wi\u0119cej \"BIT Z OGRANICZNIKIEM MAGNESEM PH2x25MM\"","og_url":"https:\/\/bobimarket.pl\/index.php\/produkt\/bit-z-ogranicznikiem-magnesem-ph2x25mm\/","og_site_name":"BOBIMARKET.pl - Remontuj i urz\u0105dzaj z nami","article_modified_time":"2025-02-27T15:05:12+00:00","og_image":[{"url":"https:\/\/upload.cdn.baselinker.com\/products\/14476\/012a1416259aa47498c383dacb82a4bf.jpg"}],"twitter_card":"summary_large_image","twitter_misc":{"Szacowany czas czytania":"1 minuta"},"schema":{"@context":"https:\/\/schema.org","@graph":[{"@type":"WebPage","@id":"https:\/\/bobimarket.pl\/index.php\/produkt\/bit-z-ogranicznikiem-magnesem-ph2x25mm\/","url":"https:\/\/bobimarket.pl\/index.php\/produkt\/bit-z-ogranicznikiem-magnesem-ph2x25mm\/","name":"BIT Z OGRANICZNIKIEM MAGNESEM PH2x25MM - BOBIMARKET.pl - Remontuj i urz\u0105dzaj z nami","isPartOf":{"@id":"https:\/\/bobimarket.pl\/#website"},"datePublished":"2023-08-30T02:06:47+00:00","dateModified":"2025-02-27T15:05:12+00:00","breadcrumb":{"@id":"https:\/\/bobimarket.pl\/index.php\/produkt\/bit-z-ogranicznikiem-magnesem-ph2x25mm\/#breadcrumb"},"inLanguage":"pl-PL","potentialAction":[{"@type":"ReadAction","target":["https:\/\/bobimarket.pl\/index.php\/produkt\/bit-z-ogranicznikiem-magnesem-ph2x25mm\/"]}]},{"@type":"BreadcrumbList","@id":"https:\/\/bobimarket.pl\/index.php\/produkt\/bit-z-ogranicznikiem-magnesem-ph2x25mm\/#breadcrumb","itemListElement":[{"@type":"ListItem","position":1,"name":"Strona g\u0142\u00f3wna","item":"https:\/\/bobimarket.pl\/"},{"@type":"ListItem","position":2,"name":"Sklep","item":"https:\/\/bobimarket.pl\/index.php\/shop\/"},{"@type":"ListItem","position":3,"name":"BIT Z OGRANICZNIKIEM MAGNESEM PH2x25MM"}]},{"@type":"WebSite","@id":"https:\/\/bobimarket.pl\/#website","url":"https:\/\/bobimarket.pl\/","name":"BOBIMARKET.pl - Remontuj i urz\u0105dzaj z nami","description":"Remontuj i urz\u0105dzaj z nami","publisher":{"@id":"https:\/\/bobimarket.pl\/#organization"},"potentialAction":[{"@type":"SearchAction","target":{"@type":"EntryPoint","urlTemplate":"https:\/\/bobimarket.pl\/?s={search_term_string}"},"query-input":"required name=search_term_string"}],"inLanguage":"pl-PL"},{"@type":"Organization","@id":"https:\/\/bobimarket.pl\/#organization","name":"BOBIMARKET.pl","url":"https:\/\/bobimarket.pl\/","logo":{"@type":"ImageObject","inLanguage":"pl-PL","@id":"https:\/\/bobimarket.pl\/#\/schema\/logo\/image\/","url":"https:\/\/bobimarket.pl\/wp-content\/uploads\/2021\/11\/slogan.png","contentUrl":"https:\/\/bobimarket.pl\/wp-content\/uploads\/2021\/11\/slogan.png","width":2000,"height":384,"caption":"BOBIMARKET.pl"},"image":{"@id":"https:\/\/bobimarket.pl\/#\/schema\/logo\/image\/"}}]}},"_links":{"self":[{"href":"https:\/\/bobimarket.pl\/index.php\/wp-json\/wp\/v2\/product\/88431"}],"collection":[{"href":"https:\/\/bobimarket.pl\/index.php\/wp-json\/wp\/v2\/product"}],"about":[{"href":"https:\/\/bobimarket.pl\/index.php\/wp-json\/wp\/v2\/types\/product"}],"wp:featuredmedia":[{"embeddable":true,"href":"https:\/\/bobimarket.pl\/index.php\/wp-json\/wp\/v2\/media\/88426"}],"wp:attachment":[{"href":"https:\/\/bobimarket.pl\/index.php\/wp-json\/wp\/v2\/media?parent=88431"}],"wp:term":[{"taxonomy":"product_cat","embeddable":true,"href":"https:\/\/bobimarket.pl\/index.php\/wp-json\/wp\/v2\/product_cat?post=88431"},{"taxonomy":"product_tag","embeddable":true,"href":"https:\/\/bobimarket.pl\/index.php\/wp-json\/wp\/v2\/product_tag?post=88431"}],"curies":[{"name":"wp","href":"https:\/\/api.w.org\/{rel}","templated":true}]}}