{"id":88447,"date":"2023-08-30T02:07:23","date_gmt":"2023-08-30T02:07:23","guid":{"rendered":"https:\/\/bobimarket.pl\/index.php\/produkt\/zestaw-szczypce-boczne-nastawne-uniwersalne-3-szt\/"},"modified":"2025-02-27T15:05:20","modified_gmt":"2025-02-27T15:05:20","slug":"zestaw-szczypce-boczne-nastawne-uniwersalne-3-szt","status":"publish","type":"product","link":"https:\/\/bobimarket.pl\/index.php\/produkt\/zestaw-szczypce-boczne-nastawne-uniwersalne-3-szt\/","title":{"rendered":"ZESTAW SZCZYPCE BOCZNE NASTAWNE UNIWERSALNE 3 szt."},"content":{"rendered":"<section class=\"section\">\n<div class=\"item item-6\">\n<section class=\"text-item\">\n<h2>ZESTAW SZCZYPCE BOCZNE NASTAWNE UNIWERSALNE 3 szt.<\/h2>\n<p><b>Informacje og\u00f3lne <\/b><\/p>\n<ul>\n<li>D\u0142ugo\u015b\u0107:<b> 150 mm<\/b><\/li>\n<li>Materia\u0142 szcz\u0119k: <b>stal w\u0119glowa<\/b><\/li>\n<li>Uchwyt\/r\u0119koje\u015b\u0107\/trzonek: <b>oblewany<\/b><\/li>\n<li>Marka: SPARTA<\/li>\n<\/ul>\n<p><b>Zestaw sk\u0142ada si\u0119 z 3 element\u00f3w:<\/b><\/p>\n<ul>\n<li>szczypce przestawne<\/li>\n<li>szczypce p\u0142askie<\/li>\n<li>szczypce tn\u0105ce boczne<\/li>\n<\/ul>\n<\/section><\/div>\n<div class=\"item item-6\">\n<section class=\"image-item\">\n                <img decoding=\"async\" src=\"https:\/\/upload.cdn.baselinker.com\/products\/14476\/a392b9c60f5710166956fd080865621c.jpg\" \/><br \/>\n            <\/section>\n<\/p><\/div>\n<\/section>\n<section class=\"section\">\n<div class=\"item item-6\">\n<section class=\"text-item\">\n<h2>Niezb\u0119dny element wyposa\u017cenia Twojej skrzynki narz\u0119dziowej!<\/h2>\n<p>Praktyczny i solidny zestaw szczypiec, na kt\u00f3ry sk\u0142adaj\u0105 si\u0119 szczypce przestawne, szczypce p\u0142askie oraz szczypce tn\u0105ce boczne. Poszczeg\u00f3lne elementy kompletu zosta\u0142y wykonane ze <b>stali w\u0119glowej.\u00a0<\/b><\/p>\n<ul>\n<li><b>Ergonomiczny uchwyt<\/b> gwarantuj\u0105cy komfortowe wykonywanie ro\u017cnego rodzaju prac. R\u0105czki powlekane tworzywem sztucznym.<\/li>\n<li><b>Niewielki rozmiar<\/b> u\u0142atwia prac\u0119 w trudno dost\u0119pnych miejscach. Szczypce pewnie trzymaj\u0105 si\u0119 d\u0142oni i s\u0105 wygodne w u\u017cyciu.<\/li>\n<li><b>Ostre kraw\u0119dzie boczne<\/b> zapewniaj\u0105 skuteczno\u015b\u0107 przeprowadzonych prac.<\/li>\n<\/ul>\n<\/section><\/div>\n<div class=\"item item-6\">\n<section class=\"image-item\">\n                <img decoding=\"async\" src=\"https:\/\/upload.cdn.baselinker.com\/products\/14476\/4ce43505190e91b9176dfb0efdcb0f50.jpg\" \/><br \/>\n            <\/section>\n<\/p><\/div>\n<\/section>\n<section class=\"section\">\n<div class=\"item item-6\">\n<section class=\"text-item\">\n<h2>SZCZYPCE P\u0141ASKIE UNIWERSALNE<\/h2>\n<p>Szczypce p\u0142askie to jeden z najpopularniejszych rodzaj\u00f3w szczypiec. Maj\u0105 <b>wszechstronne zastosowanie<\/b> i nie powinno ich zabrakn\u0105\u0107 w Twojej skrzynce narz\u0119dziowej.<\/p>\n<ul>\n<li>Wyprofilowane ostre szcz\u0119ki doskonale sprawdz\u0105 si\u0119 nie tylko\u00a0<b>do zgniatania, zaginania i ci\u0119cia<\/b> r\u00f3\u017cnego rodzaju element\u00f3w, ale r\u00f3wnie\u017c <b>do przytrzymywania.<\/b><\/li>\n<\/ul>\n<\/section><\/div>\n<div class=\"item item-6\">\n<section class=\"image-item\">\n                <img decoding=\"async\" src=\"https:\/\/upload.cdn.baselinker.com\/products\/14476\/bf63c2795a59603cedf4169b33d9b4de.jpg\" \/><br \/>\n            <\/section>\n<\/p><\/div>\n<\/section>\n<section class=\"section\">\n<div class=\"item item-6\">\n<section class=\"text-item\">\n<h2>SZCZYPCE TN\u0104CE BOCZNE<\/h2>\n<p>Charakterystyczn\u0105 cech\u0105 tego rodzaju szczypiec s\u0105 szcz\u0119ki z ostrzami osadzonymi blisko przegubu. Taka konstrukcja narz\u0119dzia u\u0142atwia przecinania i pozwala uzyska\u0107 du\u017c\u0105 si\u0142\u0119 nacisku podczas ci\u0119cia.<\/p>\n<ul>\n<li>Ostre kraw\u0119dzie s\u0105 umieszczone r\u00f3wnolegle do uchwyt\u00f3w przeznaczone s\u0105 do przecinania przewod\u00f3w elektrycznych, drut\u00f3w, opasek monta\u017cowych.<\/li>\n<\/ul>\n<\/section><\/div>\n<div class=\"item item-6\">\n<section class=\"image-item\">\n                <img decoding=\"async\" src=\"https:\/\/upload.cdn.baselinker.com\/products\/14476\/d130de5736891626d9733fcacb18fa81.jpg\" \/><br \/>\n            <\/section>\n<\/p><\/div>\n<\/section>\n<section class=\"section\">\n<div class=\"item item-6\">\n<section class=\"text-item\">\n<h2>SZCZYPCE NASTAWNE<\/h2>\n<p>Bardzo przydatne podczas wykonywania r\u00f3\u017cnego rodzaju prac remontowych, konserwacyjnych oraz naprawczych. Maj\u0105 wszechstronne zastosowanie.<\/p>\n<ul>\n<li>Umo\u017cliwiaj\u0105 pewne chwytanie, zakr\u0119canie oraz zaginanie r\u00f3\u017cnych element\u00f3w.<\/li>\n<\/ul>\n<\/section><\/div>\n<div class=\"item item-6\">\n<section class=\"image-item\">\n                <img decoding=\"async\" src=\"https:\/\/upload.cdn.baselinker.com\/products\/14476\/f927f2f2628f2f47ad597445beb830f5.jpg\" \/><br \/>\n            <\/section>\n<\/p><\/div>\n<\/section>\n","protected":false},"excerpt":{"rendered":"<p>ZESTAW SZCZYPCE BOCZNE NASTAWNE UNIWERSALNE 3 szt. Informacje og\u00f3lne D\u0142ugo\u015b\u0107: 150 mm Materia\u0142 szcz\u0119k: stal w\u0119glowa Uchwyt\/r\u0119koje\u015b\u0107\/trzonek: oblewany Marka: SPARTA Zestaw sk\u0142ada si\u0119 z 3 element\u00f3w: szczypce przestawne szczypce p\u0142askie szczypce tn\u0105ce boczne Niezb\u0119dny element wyposa\u017cenia Twojej skrzynki narz\u0119dziowej! Praktyczny i solidny zestaw szczypiec, na kt\u00f3ry sk\u0142adaj\u0105 si\u0119 szczypce przestawne, szczypce p\u0142askie oraz szczypce tn\u0105ce<br \/><a class=\"more-link\" href=\"https:\/\/bobimarket.pl\/index.php\/produkt\/zestaw-szczypce-boczne-nastawne-uniwersalne-3-szt\/\"><br \/>\n        Czytaj wi\u0119cej<span class=\"screen-reader-text\"> &#8222;ZESTAW SZCZYPCE BOCZNE NASTAWNE UNIWERSALNE 3 szt.&#8221;<\/span><\/a><\/p>\n","protected":false},"featured_media":88440,"template":"","meta":[],"product_cat":[8086],"product_tag":[],"yoast_head":"<!-- This site is optimized with the Yoast SEO plugin v21.0 - https:\/\/yoast.com\/wordpress\/plugins\/seo\/ -->\n<title>ZESTAW SZCZYPCE BOCZNE NASTAWNE UNIWERSALNE 3 szt. - BOBIMARKET.pl - Remontuj i urz\u0105dzaj z nami<\/title>\n<meta name=\"robots\" content=\"index, follow, max-snippet:-1, max-image-preview:large, max-video-preview:-1\" \/>\n<link rel=\"canonical\" href=\"https:\/\/bobimarket.pl\/index.php\/produkt\/zestaw-szczypce-boczne-nastawne-uniwersalne-3-szt\/\" \/>\n<meta property=\"og:locale\" content=\"pl_PL\" \/>\n<meta property=\"og:type\" content=\"article\" \/>\n<meta property=\"og:title\" content=\"ZESTAW SZCZYPCE BOCZNE NASTAWNE UNIWERSALNE 3 szt. - BOBIMARKET.pl - Remontuj i urz\u0105dzaj z nami\" \/>\n<meta property=\"og:description\" content=\"ZESTAW SZCZYPCE BOCZNE NASTAWNE UNIWERSALNE 3 szt. Informacje og\u00f3lne D\u0142ugo\u015b\u0107: 150 mm Materia\u0142 szcz\u0119k: stal w\u0119glowa Uchwyt\/r\u0119koje\u015b\u0107\/trzonek: oblewany Marka: SPARTA Zestaw sk\u0142ada si\u0119 z 3 element\u00f3w: szczypce przestawne szczypce p\u0142askie szczypce tn\u0105ce boczne Niezb\u0119dny element wyposa\u017cenia Twojej skrzynki narz\u0119dziowej! Praktyczny i solidny zestaw szczypiec, na kt\u00f3ry sk\u0142adaj\u0105 si\u0119 szczypce przestawne, szczypce p\u0142askie oraz szczypce tn\u0105ce     Czytaj wi\u0119cej &quot;ZESTAW SZCZYPCE BOCZNE NASTAWNE UNIWERSALNE 3 szt.&quot;\" \/>\n<meta property=\"og:url\" content=\"https:\/\/bobimarket.pl\/index.php\/produkt\/zestaw-szczypce-boczne-nastawne-uniwersalne-3-szt\/\" \/>\n<meta property=\"og:site_name\" content=\"BOBIMARKET.pl - Remontuj i urz\u0105dzaj z nami\" \/>\n<meta property=\"article:modified_time\" content=\"2025-02-27T15:05:20+00:00\" \/>\n<meta property=\"og:image\" content=\"https:\/\/upload.cdn.baselinker.com\/products\/14476\/a392b9c60f5710166956fd080865621c.jpg\" \/>\n<meta name=\"twitter:card\" content=\"summary_large_image\" \/>\n<meta name=\"twitter:label1\" content=\"Szacowany czas czytania\" \/>\n\t<meta name=\"twitter:data1\" content=\"1 minuta\" \/>\n<script type=\"application\/ld+json\" class=\"yoast-schema-graph\">{\"@context\":\"https:\/\/schema.org\",\"@graph\":[{\"@type\":\"WebPage\",\"@id\":\"https:\/\/bobimarket.pl\/index.php\/produkt\/zestaw-szczypce-boczne-nastawne-uniwersalne-3-szt\/\",\"url\":\"https:\/\/bobimarket.pl\/index.php\/produkt\/zestaw-szczypce-boczne-nastawne-uniwersalne-3-szt\/\",\"name\":\"ZESTAW SZCZYPCE BOCZNE NASTAWNE UNIWERSALNE 3 szt. - BOBIMARKET.pl - Remontuj i urz\u0105dzaj z nami\",\"isPartOf\":{\"@id\":\"https:\/\/bobimarket.pl\/#website\"},\"datePublished\":\"2023-08-30T02:07:23+00:00\",\"dateModified\":\"2025-02-27T15:05:20+00:00\",\"breadcrumb\":{\"@id\":\"https:\/\/bobimarket.pl\/index.php\/produkt\/zestaw-szczypce-boczne-nastawne-uniwersalne-3-szt\/#breadcrumb\"},\"inLanguage\":\"pl-PL\",\"potentialAction\":[{\"@type\":\"ReadAction\",\"target\":[\"https:\/\/bobimarket.pl\/index.php\/produkt\/zestaw-szczypce-boczne-nastawne-uniwersalne-3-szt\/\"]}]},{\"@type\":\"BreadcrumbList\",\"@id\":\"https:\/\/bobimarket.pl\/index.php\/produkt\/zestaw-szczypce-boczne-nastawne-uniwersalne-3-szt\/#breadcrumb\",\"itemListElement\":[{\"@type\":\"ListItem\",\"position\":1,\"name\":\"Strona g\u0142\u00f3wna\",\"item\":\"https:\/\/bobimarket.pl\/\"},{\"@type\":\"ListItem\",\"position\":2,\"name\":\"Sklep\",\"item\":\"https:\/\/bobimarket.pl\/index.php\/shop\/\"},{\"@type\":\"ListItem\",\"position\":3,\"name\":\"ZESTAW SZCZYPCE BOCZNE NASTAWNE UNIWERSALNE 3 szt.\"}]},{\"@type\":\"WebSite\",\"@id\":\"https:\/\/bobimarket.pl\/#website\",\"url\":\"https:\/\/bobimarket.pl\/\",\"name\":\"BOBIMARKET.pl - Remontuj i urz\u0105dzaj z nami\",\"description\":\"Remontuj i urz\u0105dzaj z nami\",\"publisher\":{\"@id\":\"https:\/\/bobimarket.pl\/#organization\"},\"potentialAction\":[{\"@type\":\"SearchAction\",\"target\":{\"@type\":\"EntryPoint\",\"urlTemplate\":\"https:\/\/bobimarket.pl\/?s={search_term_string}\"},\"query-input\":\"required name=search_term_string\"}],\"inLanguage\":\"pl-PL\"},{\"@type\":\"Organization\",\"@id\":\"https:\/\/bobimarket.pl\/#organization\",\"name\":\"BOBIMARKET.pl\",\"url\":\"https:\/\/bobimarket.pl\/\",\"logo\":{\"@type\":\"ImageObject\",\"inLanguage\":\"pl-PL\",\"@id\":\"https:\/\/bobimarket.pl\/#\/schema\/logo\/image\/\",\"url\":\"https:\/\/bobimarket.pl\/wp-content\/uploads\/2021\/11\/slogan.png\",\"contentUrl\":\"https:\/\/bobimarket.pl\/wp-content\/uploads\/2021\/11\/slogan.png\",\"width\":2000,\"height\":384,\"caption\":\"BOBIMARKET.pl\"},\"image\":{\"@id\":\"https:\/\/bobimarket.pl\/#\/schema\/logo\/image\/\"}}]}<\/script>\n<!-- \/ Yoast SEO plugin. -->","yoast_head_json":{"title":"ZESTAW SZCZYPCE BOCZNE NASTAWNE UNIWERSALNE 3 szt. - BOBIMARKET.pl - Remontuj i urz\u0105dzaj z nami","robots":{"index":"index","follow":"follow","max-snippet":"max-snippet:-1","max-image-preview":"max-image-preview:large","max-video-preview":"max-video-preview:-1"},"canonical":"https:\/\/bobimarket.pl\/index.php\/produkt\/zestaw-szczypce-boczne-nastawne-uniwersalne-3-szt\/","og_locale":"pl_PL","og_type":"article","og_title":"ZESTAW SZCZYPCE BOCZNE NASTAWNE UNIWERSALNE 3 szt. - BOBIMARKET.pl - Remontuj i urz\u0105dzaj z nami","og_description":"ZESTAW SZCZYPCE BOCZNE NASTAWNE UNIWERSALNE 3 szt. Informacje og\u00f3lne D\u0142ugo\u015b\u0107: 150 mm Materia\u0142 szcz\u0119k: stal w\u0119glowa Uchwyt\/r\u0119koje\u015b\u0107\/trzonek: oblewany Marka: SPARTA Zestaw sk\u0142ada si\u0119 z 3 element\u00f3w: szczypce przestawne szczypce p\u0142askie szczypce tn\u0105ce boczne Niezb\u0119dny element wyposa\u017cenia Twojej skrzynki narz\u0119dziowej! Praktyczny i solidny zestaw szczypiec, na kt\u00f3ry sk\u0142adaj\u0105 si\u0119 szczypce przestawne, szczypce p\u0142askie oraz szczypce tn\u0105ce     Czytaj wi\u0119cej \"ZESTAW SZCZYPCE BOCZNE NASTAWNE UNIWERSALNE 3 szt.\"","og_url":"https:\/\/bobimarket.pl\/index.php\/produkt\/zestaw-szczypce-boczne-nastawne-uniwersalne-3-szt\/","og_site_name":"BOBIMARKET.pl - Remontuj i urz\u0105dzaj z nami","article_modified_time":"2025-02-27T15:05:20+00:00","og_image":[{"url":"https:\/\/upload.cdn.baselinker.com\/products\/14476\/a392b9c60f5710166956fd080865621c.jpg"}],"twitter_card":"summary_large_image","twitter_misc":{"Szacowany czas czytania":"1 minuta"},"schema":{"@context":"https:\/\/schema.org","@graph":[{"@type":"WebPage","@id":"https:\/\/bobimarket.pl\/index.php\/produkt\/zestaw-szczypce-boczne-nastawne-uniwersalne-3-szt\/","url":"https:\/\/bobimarket.pl\/index.php\/produkt\/zestaw-szczypce-boczne-nastawne-uniwersalne-3-szt\/","name":"ZESTAW SZCZYPCE BOCZNE NASTAWNE UNIWERSALNE 3 szt. - BOBIMARKET.pl - Remontuj i urz\u0105dzaj z nami","isPartOf":{"@id":"https:\/\/bobimarket.pl\/#website"},"datePublished":"2023-08-30T02:07:23+00:00","dateModified":"2025-02-27T15:05:20+00:00","breadcrumb":{"@id":"https:\/\/bobimarket.pl\/index.php\/produkt\/zestaw-szczypce-boczne-nastawne-uniwersalne-3-szt\/#breadcrumb"},"inLanguage":"pl-PL","potentialAction":[{"@type":"ReadAction","target":["https:\/\/bobimarket.pl\/index.php\/produkt\/zestaw-szczypce-boczne-nastawne-uniwersalne-3-szt\/"]}]},{"@type":"BreadcrumbList","@id":"https:\/\/bobimarket.pl\/index.php\/produkt\/zestaw-szczypce-boczne-nastawne-uniwersalne-3-szt\/#breadcrumb","itemListElement":[{"@type":"ListItem","position":1,"name":"Strona g\u0142\u00f3wna","item":"https:\/\/bobimarket.pl\/"},{"@type":"ListItem","position":2,"name":"Sklep","item":"https:\/\/bobimarket.pl\/index.php\/shop\/"},{"@type":"ListItem","position":3,"name":"ZESTAW SZCZYPCE BOCZNE NASTAWNE UNIWERSALNE 3 szt."}]},{"@type":"WebSite","@id":"https:\/\/bobimarket.pl\/#website","url":"https:\/\/bobimarket.pl\/","name":"BOBIMARKET.pl - Remontuj i urz\u0105dzaj z nami","description":"Remontuj i urz\u0105dzaj z nami","publisher":{"@id":"https:\/\/bobimarket.pl\/#organization"},"potentialAction":[{"@type":"SearchAction","target":{"@type":"EntryPoint","urlTemplate":"https:\/\/bobimarket.pl\/?s={search_term_string}"},"query-input":"required name=search_term_string"}],"inLanguage":"pl-PL"},{"@type":"Organization","@id":"https:\/\/bobimarket.pl\/#organization","name":"BOBIMARKET.pl","url":"https:\/\/bobimarket.pl\/","logo":{"@type":"ImageObject","inLanguage":"pl-PL","@id":"https:\/\/bobimarket.pl\/#\/schema\/logo\/image\/","url":"https:\/\/bobimarket.pl\/wp-content\/uploads\/2021\/11\/slogan.png","contentUrl":"https:\/\/bobimarket.pl\/wp-content\/uploads\/2021\/11\/slogan.png","width":2000,"height":384,"caption":"BOBIMARKET.pl"},"image":{"@id":"https:\/\/bobimarket.pl\/#\/schema\/logo\/image\/"}}]}},"_links":{"self":[{"href":"https:\/\/bobimarket.pl\/index.php\/wp-json\/wp\/v2\/product\/88447"}],"collection":[{"href":"https:\/\/bobimarket.pl\/index.php\/wp-json\/wp\/v2\/product"}],"about":[{"href":"https:\/\/bobimarket.pl\/index.php\/wp-json\/wp\/v2\/types\/product"}],"wp:featuredmedia":[{"embeddable":true,"href":"https:\/\/bobimarket.pl\/index.php\/wp-json\/wp\/v2\/media\/88440"}],"wp:attachment":[{"href":"https:\/\/bobimarket.pl\/index.php\/wp-json\/wp\/v2\/media?parent=88447"}],"wp:term":[{"taxonomy":"product_cat","embeddable":true,"href":"https:\/\/bobimarket.pl\/index.php\/wp-json\/wp\/v2\/product_cat?post=88447"},{"taxonomy":"product_tag","embeddable":true,"href":"https:\/\/bobimarket.pl\/index.php\/wp-json\/wp\/v2\/product_tag?post=88447"}],"curies":[{"name":"wp","href":"https:\/\/api.w.org\/{rel}","templated":true}]}}