{"id":88451,"date":"2023-08-30T02:07:35","date_gmt":"2023-08-30T02:07:35","guid":{"rendered":"https:\/\/bobimarket.pl\/index.php\/produkt\/gumki-uszczelki-gumowe-olejoodporne-279-el\/"},"modified":"2025-02-27T15:05:28","modified_gmt":"2025-02-27T15:05:28","slug":"gumki-uszczelki-gumowe-olejoodporne-279-el","status":"publish","type":"product","link":"https:\/\/bobimarket.pl\/index.php\/produkt\/gumki-uszczelki-gumowe-olejoodporne-279-el\/","title":{"rendered":"GUMKI USZCZELKI GUMOWE  OLEJOODPORNE  279 el."},"content":{"rendered":"<section class=\"section\">\n<div class=\"item item-6\">\n<section class=\"image-item\">\n            <img decoding=\"async\" src=\"https:\/\/upload.cdn.baselinker.com\/products\/14476\/2c7b7fb529a2c2f119673824eafa8bf6.jpg\" \/><br \/>\n        <\/section>\n<\/p><\/div>\n<div class=\"item item-6\">\n<section class=\"text-item\">\n<h2>GUMKI USZCZELKI GUMOWE\u00a0 OLEJOODPORNE\u00a0 279 el.<\/h2>\n<p><b>Informacje og\u00f3lne:<\/b><\/p>\n<ul>\n<li>Rodzaj: <b>uszczelki gumowe<\/b><\/li>\n<li>Liczba element\u00f3w: <b>279 el. <\/b><\/li>\n<\/ul>\n<\/section><\/div>\n<\/section>\n<section class=\"section\">\n<div class=\"item item-6\">\n<section class=\"image-item\">\n            <img decoding=\"async\" src=\"https:\/\/upload.cdn.baselinker.com\/products\/14476\/2c7b7fb529a2c2f119673824eafa8bf6.jpg\" \/><br \/>\n        <\/section>\n<\/p><\/div>\n<div class=\"item item-6\">\n<section class=\"text-item\">\n<p>Zestaw gumowych uszczelek zawieraj\u0105cy a\u017c 279 element\u00f3w. Uszczelki swoje zastosowanie znajduj\u0105 g\u0142\u00f3wnie\u00a0<b>podczas prac hydraulicznych, naprawa samochodowych<\/b> <b>lub przy wykonywaniu \u0142\u0105cze\u0144 gwintowanych.<\/b> Mog\u0105 by\u0107 stosowane w elementach statycznych oraz dynamicznych (gdzie wyst\u0119puj\u0119 ruch mi\u0119dzy cz\u0119\u015bciami).<\/p>\n<ul>\n<li><b>Elastyczne<\/b>, mo\u017cliwo\u015b\u0107 dostosowania do r\u00f3\u017cnych powierzchni.<\/li>\n<li>Odporno\u015b\u0107 na dzia\u0142anie czynnik\u00f3w zewn\u0119trznych.<\/li>\n<li>Niezawodne i <b>proste w monta\u017cu.<\/b><\/li>\n<\/ul>\n<\/section><\/div>\n<\/section>\n<section class=\"section\">\n<div class=\"item item-6\">\n<section class=\"image-item\">\n            <img decoding=\"async\" src=\"https:\/\/upload.cdn.baselinker.com\/products\/14476\/2c7b7fb529a2c2f119673824eafa8bf6.jpg\" \/><br \/>\n        <\/section>\n<\/p><\/div>\n<div class=\"item item-6\">\n<section class=\"text-item\">\n<p>Zestaw uszczelek znajduje si\u0119 w<b> wygodnej i solidnej walizce<\/b>, kt\u00f3re pozwala na przechowywanie poszczeg\u00f3lych element\u00f3w kompletu w bezpieczny spos\u00f3b.<\/p>\n<ul>\n<li><b>Szczelnie zamykany<\/b> organizer zapobiega gubieniu si\u0119 poszczeg\u00f3lnych element\u00f3w. \u00a0<\/li>\n<li><b>U\u0142atwia \u00a0utrzymanie porz\u0105dku<\/b> w warsztacie oraz pozwala na swobodne przenoszenie ca\u0142ego kompletu<\/li>\n<\/ul>\n<\/section><\/div>\n<\/section>\n<section class=\"section\">\n<div class=\"item item-6\">\n<section class=\"image-item\">\n            <img decoding=\"async\" src=\"https:\/\/upload.cdn.baselinker.com\/products\/14476\/2c7b7fb529a2c2f119673824eafa8bf6.jpg\" \/><br \/>\n        <\/section>\n<\/p><\/div>\n<div class=\"item item-6\">\n<section class=\"text-item\">\n<p><b>\u2705 Zestaw zawiera nast\u0119puj\u0105ce elementy:<\/b><\/p>\n<ul>\n<li>3 x 1,5 mm &#8211; 20 szt.<\/li>\n<li>4,4 x 2 mm &#8211; 20 szt.<\/li>\n<li>5 x 2 mm &#8211; 18 szt.<\/li>\n<li>7 x 1,5 mm &#8211; 23 szt.<\/li>\n<li>10 x 1,5 mm &#8211; 23 szt.<\/li>\n<li>13 x 1,5 mm &#8211; 23 szt.<\/li>\n<li>19 x 2,5 mm &#8211; 13 szt.<\/li>\n<li>21 x 2,5 mm &#8211; 14 szt.<\/li>\n<li>22 x 2,5 mm &#8211; 13 szt.<\/li>\n<li>19 x 3,5 mm &#8211; 10 szt.<\/li>\n<li>20 x 3,5 mm &#8211; 10 szt.<\/li>\n<li>22 x 3,5mm &#8211; 10 szt.<\/li>\n<li>10 x 2,5 mm &#8211; 14 szt.<\/li>\n<li>11 x 2,5 mm &#8211; 13 szt,.<\/li>\n<li>13 x 2,5 mm &#8211; 14 szt.<\/li>\n<li>14 x 2,5 mm &#8211; 13 szt.<\/li>\n<li>16 x 2,5 mm &#8211; 14 szt.<\/li>\n<li>18 x 2,5 mm &#8211; 14 szt.<\/li>\n<\/ul>\n<\/section><\/div>\n<\/section>\n","protected":false},"excerpt":{"rendered":"<p>GUMKI USZCZELKI GUMOWE\u00a0 OLEJOODPORNE\u00a0 279 el. Informacje og\u00f3lne: Rodzaj: uszczelki gumowe Liczba element\u00f3w: 279 el. Zestaw gumowych uszczelek zawieraj\u0105cy a\u017c 279 element\u00f3w. Uszczelki swoje zastosowanie znajduj\u0105 g\u0142\u00f3wnie\u00a0podczas prac hydraulicznych, naprawa samochodowych lub przy wykonywaniu \u0142\u0105cze\u0144 gwintowanych. Mog\u0105 by\u0107 stosowane w elementach statycznych oraz dynamicznych (gdzie wyst\u0119puj\u0119 ruch mi\u0119dzy cz\u0119\u015bciami). Elastyczne, mo\u017cliwo\u015b\u0107 dostosowania do r\u00f3\u017cnych powierzchni.<br \/><a class=\"more-link\" href=\"https:\/\/bobimarket.pl\/index.php\/produkt\/gumki-uszczelki-gumowe-olejoodporne-279-el\/\"><br \/>\n        Czytaj wi\u0119cej<span class=\"screen-reader-text\"> &#8222;GUMKI USZCZELKI GUMOWE  OLEJOODPORNE  279 el.&#8221;<\/span><\/a><\/p>\n","protected":false},"featured_media":88450,"template":"","meta":[],"product_cat":[8081],"product_tag":[],"yoast_head":"<!-- This site is optimized with the Yoast SEO plugin v21.0 - https:\/\/yoast.com\/wordpress\/plugins\/seo\/ -->\n<title>GUMKI USZCZELKI GUMOWE OLEJOODPORNE 279 el. - BOBIMARKET.pl - Remontuj i urz\u0105dzaj z nami<\/title>\n<meta name=\"robots\" content=\"index, follow, max-snippet:-1, max-image-preview:large, max-video-preview:-1\" \/>\n<link rel=\"canonical\" href=\"https:\/\/bobimarket.pl\/index.php\/produkt\/gumki-uszczelki-gumowe-olejoodporne-279-el\/\" \/>\n<meta property=\"og:locale\" content=\"pl_PL\" \/>\n<meta property=\"og:type\" content=\"article\" \/>\n<meta property=\"og:title\" content=\"GUMKI USZCZELKI GUMOWE OLEJOODPORNE 279 el. - BOBIMARKET.pl - Remontuj i urz\u0105dzaj z nami\" \/>\n<meta property=\"og:description\" content=\"GUMKI USZCZELKI GUMOWE\u00a0 OLEJOODPORNE\u00a0 279 el. Informacje og\u00f3lne: Rodzaj: uszczelki gumowe Liczba element\u00f3w: 279 el. Zestaw gumowych uszczelek zawieraj\u0105cy a\u017c 279 element\u00f3w. Uszczelki swoje zastosowanie znajduj\u0105 g\u0142\u00f3wnie\u00a0podczas prac hydraulicznych, naprawa samochodowych lub przy wykonywaniu \u0142\u0105cze\u0144 gwintowanych. Mog\u0105 by\u0107 stosowane w elementach statycznych oraz dynamicznych (gdzie wyst\u0119puj\u0119 ruch mi\u0119dzy cz\u0119\u015bciami). Elastyczne, mo\u017cliwo\u015b\u0107 dostosowania do r\u00f3\u017cnych powierzchni.     Czytaj wi\u0119cej &quot;GUMKI USZCZELKI GUMOWE OLEJOODPORNE 279 el.&quot;\" \/>\n<meta property=\"og:url\" content=\"https:\/\/bobimarket.pl\/index.php\/produkt\/gumki-uszczelki-gumowe-olejoodporne-279-el\/\" \/>\n<meta property=\"og:site_name\" content=\"BOBIMARKET.pl - Remontuj i urz\u0105dzaj z nami\" \/>\n<meta property=\"article:modified_time\" content=\"2025-02-27T15:05:28+00:00\" \/>\n<meta property=\"og:image\" content=\"https:\/\/upload.cdn.baselinker.com\/products\/14476\/2c7b7fb529a2c2f119673824eafa8bf6.jpg\" \/>\n<meta name=\"twitter:card\" content=\"summary_large_image\" \/>\n<meta name=\"twitter:label1\" content=\"Szacowany czas czytania\" \/>\n\t<meta name=\"twitter:data1\" content=\"1 minuta\" \/>\n<script type=\"application\/ld+json\" class=\"yoast-schema-graph\">{\"@context\":\"https:\/\/schema.org\",\"@graph\":[{\"@type\":\"WebPage\",\"@id\":\"https:\/\/bobimarket.pl\/index.php\/produkt\/gumki-uszczelki-gumowe-olejoodporne-279-el\/\",\"url\":\"https:\/\/bobimarket.pl\/index.php\/produkt\/gumki-uszczelki-gumowe-olejoodporne-279-el\/\",\"name\":\"GUMKI USZCZELKI GUMOWE OLEJOODPORNE 279 el. - BOBIMARKET.pl - Remontuj i urz\u0105dzaj z nami\",\"isPartOf\":{\"@id\":\"https:\/\/bobimarket.pl\/#website\"},\"datePublished\":\"2023-08-30T02:07:35+00:00\",\"dateModified\":\"2025-02-27T15:05:28+00:00\",\"breadcrumb\":{\"@id\":\"https:\/\/bobimarket.pl\/index.php\/produkt\/gumki-uszczelki-gumowe-olejoodporne-279-el\/#breadcrumb\"},\"inLanguage\":\"pl-PL\",\"potentialAction\":[{\"@type\":\"ReadAction\",\"target\":[\"https:\/\/bobimarket.pl\/index.php\/produkt\/gumki-uszczelki-gumowe-olejoodporne-279-el\/\"]}]},{\"@type\":\"BreadcrumbList\",\"@id\":\"https:\/\/bobimarket.pl\/index.php\/produkt\/gumki-uszczelki-gumowe-olejoodporne-279-el\/#breadcrumb\",\"itemListElement\":[{\"@type\":\"ListItem\",\"position\":1,\"name\":\"Strona g\u0142\u00f3wna\",\"item\":\"https:\/\/bobimarket.pl\/\"},{\"@type\":\"ListItem\",\"position\":2,\"name\":\"Sklep\",\"item\":\"https:\/\/bobimarket.pl\/index.php\/shop\/\"},{\"@type\":\"ListItem\",\"position\":3,\"name\":\"GUMKI USZCZELKI GUMOWE OLEJOODPORNE 279 el.\"}]},{\"@type\":\"WebSite\",\"@id\":\"https:\/\/bobimarket.pl\/#website\",\"url\":\"https:\/\/bobimarket.pl\/\",\"name\":\"BOBIMARKET.pl - Remontuj i urz\u0105dzaj z nami\",\"description\":\"Remontuj i urz\u0105dzaj z nami\",\"publisher\":{\"@id\":\"https:\/\/bobimarket.pl\/#organization\"},\"potentialAction\":[{\"@type\":\"SearchAction\",\"target\":{\"@type\":\"EntryPoint\",\"urlTemplate\":\"https:\/\/bobimarket.pl\/?s={search_term_string}\"},\"query-input\":\"required name=search_term_string\"}],\"inLanguage\":\"pl-PL\"},{\"@type\":\"Organization\",\"@id\":\"https:\/\/bobimarket.pl\/#organization\",\"name\":\"BOBIMARKET.pl\",\"url\":\"https:\/\/bobimarket.pl\/\",\"logo\":{\"@type\":\"ImageObject\",\"inLanguage\":\"pl-PL\",\"@id\":\"https:\/\/bobimarket.pl\/#\/schema\/logo\/image\/\",\"url\":\"https:\/\/bobimarket.pl\/wp-content\/uploads\/2021\/11\/slogan.png\",\"contentUrl\":\"https:\/\/bobimarket.pl\/wp-content\/uploads\/2021\/11\/slogan.png\",\"width\":2000,\"height\":384,\"caption\":\"BOBIMARKET.pl\"},\"image\":{\"@id\":\"https:\/\/bobimarket.pl\/#\/schema\/logo\/image\/\"}}]}<\/script>\n<!-- \/ Yoast SEO plugin. -->","yoast_head_json":{"title":"GUMKI USZCZELKI GUMOWE OLEJOODPORNE 279 el. - BOBIMARKET.pl - Remontuj i urz\u0105dzaj z nami","robots":{"index":"index","follow":"follow","max-snippet":"max-snippet:-1","max-image-preview":"max-image-preview:large","max-video-preview":"max-video-preview:-1"},"canonical":"https:\/\/bobimarket.pl\/index.php\/produkt\/gumki-uszczelki-gumowe-olejoodporne-279-el\/","og_locale":"pl_PL","og_type":"article","og_title":"GUMKI USZCZELKI GUMOWE OLEJOODPORNE 279 el. - BOBIMARKET.pl - Remontuj i urz\u0105dzaj z nami","og_description":"GUMKI USZCZELKI GUMOWE\u00a0 OLEJOODPORNE\u00a0 279 el. Informacje og\u00f3lne: Rodzaj: uszczelki gumowe Liczba element\u00f3w: 279 el. Zestaw gumowych uszczelek zawieraj\u0105cy a\u017c 279 element\u00f3w. Uszczelki swoje zastosowanie znajduj\u0105 g\u0142\u00f3wnie\u00a0podczas prac hydraulicznych, naprawa samochodowych lub przy wykonywaniu \u0142\u0105cze\u0144 gwintowanych. Mog\u0105 by\u0107 stosowane w elementach statycznych oraz dynamicznych (gdzie wyst\u0119puj\u0119 ruch mi\u0119dzy cz\u0119\u015bciami). Elastyczne, mo\u017cliwo\u015b\u0107 dostosowania do r\u00f3\u017cnych powierzchni.     Czytaj wi\u0119cej \"GUMKI USZCZELKI GUMOWE OLEJOODPORNE 279 el.\"","og_url":"https:\/\/bobimarket.pl\/index.php\/produkt\/gumki-uszczelki-gumowe-olejoodporne-279-el\/","og_site_name":"BOBIMARKET.pl - Remontuj i urz\u0105dzaj z nami","article_modified_time":"2025-02-27T15:05:28+00:00","og_image":[{"url":"https:\/\/upload.cdn.baselinker.com\/products\/14476\/2c7b7fb529a2c2f119673824eafa8bf6.jpg"}],"twitter_card":"summary_large_image","twitter_misc":{"Szacowany czas czytania":"1 minuta"},"schema":{"@context":"https:\/\/schema.org","@graph":[{"@type":"WebPage","@id":"https:\/\/bobimarket.pl\/index.php\/produkt\/gumki-uszczelki-gumowe-olejoodporne-279-el\/","url":"https:\/\/bobimarket.pl\/index.php\/produkt\/gumki-uszczelki-gumowe-olejoodporne-279-el\/","name":"GUMKI USZCZELKI GUMOWE OLEJOODPORNE 279 el. - BOBIMARKET.pl - Remontuj i urz\u0105dzaj z nami","isPartOf":{"@id":"https:\/\/bobimarket.pl\/#website"},"datePublished":"2023-08-30T02:07:35+00:00","dateModified":"2025-02-27T15:05:28+00:00","breadcrumb":{"@id":"https:\/\/bobimarket.pl\/index.php\/produkt\/gumki-uszczelki-gumowe-olejoodporne-279-el\/#breadcrumb"},"inLanguage":"pl-PL","potentialAction":[{"@type":"ReadAction","target":["https:\/\/bobimarket.pl\/index.php\/produkt\/gumki-uszczelki-gumowe-olejoodporne-279-el\/"]}]},{"@type":"BreadcrumbList","@id":"https:\/\/bobimarket.pl\/index.php\/produkt\/gumki-uszczelki-gumowe-olejoodporne-279-el\/#breadcrumb","itemListElement":[{"@type":"ListItem","position":1,"name":"Strona g\u0142\u00f3wna","item":"https:\/\/bobimarket.pl\/"},{"@type":"ListItem","position":2,"name":"Sklep","item":"https:\/\/bobimarket.pl\/index.php\/shop\/"},{"@type":"ListItem","position":3,"name":"GUMKI USZCZELKI GUMOWE OLEJOODPORNE 279 el."}]},{"@type":"WebSite","@id":"https:\/\/bobimarket.pl\/#website","url":"https:\/\/bobimarket.pl\/","name":"BOBIMARKET.pl - Remontuj i urz\u0105dzaj z nami","description":"Remontuj i urz\u0105dzaj z nami","publisher":{"@id":"https:\/\/bobimarket.pl\/#organization"},"potentialAction":[{"@type":"SearchAction","target":{"@type":"EntryPoint","urlTemplate":"https:\/\/bobimarket.pl\/?s={search_term_string}"},"query-input":"required name=search_term_string"}],"inLanguage":"pl-PL"},{"@type":"Organization","@id":"https:\/\/bobimarket.pl\/#organization","name":"BOBIMARKET.pl","url":"https:\/\/bobimarket.pl\/","logo":{"@type":"ImageObject","inLanguage":"pl-PL","@id":"https:\/\/bobimarket.pl\/#\/schema\/logo\/image\/","url":"https:\/\/bobimarket.pl\/wp-content\/uploads\/2021\/11\/slogan.png","contentUrl":"https:\/\/bobimarket.pl\/wp-content\/uploads\/2021\/11\/slogan.png","width":2000,"height":384,"caption":"BOBIMARKET.pl"},"image":{"@id":"https:\/\/bobimarket.pl\/#\/schema\/logo\/image\/"}}]}},"_links":{"self":[{"href":"https:\/\/bobimarket.pl\/index.php\/wp-json\/wp\/v2\/product\/88451"}],"collection":[{"href":"https:\/\/bobimarket.pl\/index.php\/wp-json\/wp\/v2\/product"}],"about":[{"href":"https:\/\/bobimarket.pl\/index.php\/wp-json\/wp\/v2\/types\/product"}],"wp:featuredmedia":[{"embeddable":true,"href":"https:\/\/bobimarket.pl\/index.php\/wp-json\/wp\/v2\/media\/88450"}],"wp:attachment":[{"href":"https:\/\/bobimarket.pl\/index.php\/wp-json\/wp\/v2\/media?parent=88451"}],"wp:term":[{"taxonomy":"product_cat","embeddable":true,"href":"https:\/\/bobimarket.pl\/index.php\/wp-json\/wp\/v2\/product_cat?post=88451"},{"taxonomy":"product_tag","embeddable":true,"href":"https:\/\/bobimarket.pl\/index.php\/wp-json\/wp\/v2\/product_tag?post=88451"}],"curies":[{"name":"wp","href":"https:\/\/api.w.org\/{rel}","templated":true}]}}