{"id":88454,"date":"2023-08-30T02:07:43","date_gmt":"2023-08-30T02:07:43","guid":{"rendered":"https:\/\/bobimarket.pl\/index.php\/produkt\/przecinak-lopatkowy-murarski-dluto-majzel-sds-40mm\/"},"modified":"2025-02-27T15:05:32","modified_gmt":"2025-02-27T15:05:32","slug":"przecinak-lopatkowy-murarski-dluto-majzel-sds-40mm","status":"publish","type":"product","link":"https:\/\/bobimarket.pl\/index.php\/produkt\/przecinak-lopatkowy-murarski-dluto-majzel-sds-40mm\/","title":{"rendered":"PRZECINAK \u0141OPATKOWY MURARSKI  D\u0141UTO MAJZEL SDS+ 40mm"},"content":{"rendered":"<section class=\"section\">\n<div class=\"item item-6\">\n<section class=\"image-item\">\n                <img decoding=\"async\" src=\"https:\/\/upload.cdn.baselinker.com\/products\/14476\/fc5740e2fe04cc64ac1ac3e930801b5d.jpg\" \/><br \/>\n            <\/section>\n<\/p><\/div>\n<div class=\"item item-6\">\n<section class=\"text-item\">\n<h2>PRZECINAK \u0141OPATKOWY MURARSKI\u00a0 D\u0141UTO MAJZEL SDS+ 25cm<\/h2>\n<p><b>Informacje og\u00f3lne:<\/b><\/p>\n<ul>\n<li>Materia\u0142 d\u0142uta:<b> stali stopowa wysokow\u0119glowa<\/b><\/li>\n<li>Rodzaj chwytu: <b> SDS Plus <\/b><\/li>\n<li>D\u0142ugo\u015b\u0107:<b> 250 mm<\/b><\/li>\n<li>Szeroko\u015b\u0107:<b> 40 mm<\/b><\/li>\n<\/ul>\n<\/section><\/div>\n<\/section>\n<section class=\"section\">\n<div class=\"item item-6\">\n<section class=\"image-item\">\n                <img decoding=\"async\" src=\"https:\/\/upload.cdn.baselinker.com\/products\/14476\/5d81a4d70c5f7d677b5b9ee4d867c7d8.jpg\" \/><br \/>\n            <\/section>\n<\/p><\/div>\n<div class=\"item item-6\">\n<section class=\"text-item\">\n<p><b>Przecinak \u0142opatkowy to niezb\u0119dne narz\u0119dzie podczas\u00a0 prac remontowych i budowlanych! <\/b><\/p>\n<p>Praktyczny przecinak o d\u0142ugo\u015bci 250 mm wykonany ze stali stopowej wysokow\u0119glowej. Charakteryzuje si\u0119 wyskim wska\u017anikiem odporno\u015bci na \u015bcieranie). Ostrze przecinaka o szeroko\u015bci 40 mm zosta\u0142o wykonane metod\u0105 odkszta\u0142cenia plastycznego na gor\u0105co. Dodatkowo ma zag\u0119szczon\u0105 struktur\u0119 metalu, co zapewnia wysoki poziom odporno\u015bci na uszkodzenia i\u00a0 zu\u017cycie.<\/p>\n<p><b>\u2705 Zastosowanie:<\/b><\/p>\n<ul>\n<li>Narz\u0119dzie przeznaczone jest <b>do obr\u00f3bki oraz ci\u0119cia materia\u0142\u00f3w budowlanych<\/b> ( tj. kamie\u0144 beton, mur lub ceg\u0142a)<\/li>\n<li>Nadaje si\u0119 r\u00f3wnie\u017c do <b>kruszenia lub rozbijania twardych materia\u0142\u00f3w.<\/b><\/li>\n<\/ul>\n<\/section><\/div>\n<\/section>\n","protected":false},"excerpt":{"rendered":"<p>PRZECINAK \u0141OPATKOWY MURARSKI\u00a0 D\u0141UTO MAJZEL SDS+ 25cm Informacje og\u00f3lne: Materia\u0142 d\u0142uta: stali stopowa wysokow\u0119glowa Rodzaj chwytu: SDS Plus D\u0142ugo\u015b\u0107: 250 mm Szeroko\u015b\u0107: 40 mm Przecinak \u0142opatkowy to niezb\u0119dne narz\u0119dzie podczas\u00a0 prac remontowych i budowlanych! Praktyczny przecinak o d\u0142ugo\u015bci 250 mm wykonany ze stali stopowej wysokow\u0119glowej. Charakteryzuje si\u0119 wyskim wska\u017anikiem odporno\u015bci na \u015bcieranie). Ostrze przecinaka o<br \/><a class=\"more-link\" href=\"https:\/\/bobimarket.pl\/index.php\/produkt\/przecinak-lopatkowy-murarski-dluto-majzel-sds-40mm\/\"><br \/>\n        Czytaj wi\u0119cej<span class=\"screen-reader-text\"> &#8222;PRZECINAK \u0141OPATKOWY MURARSKI  D\u0141UTO MAJZEL SDS+ 40mm&#8221;<\/span><\/a><\/p>\n","protected":false},"featured_media":88452,"template":"","meta":[],"product_cat":[8197],"product_tag":[],"yoast_head":"<!-- This site is optimized with the Yoast SEO plugin v21.0 - https:\/\/yoast.com\/wordpress\/plugins\/seo\/ -->\n<title>PRZECINAK \u0141OPATKOWY MURARSKI D\u0141UTO MAJZEL SDS+ 40mm - BOBIMARKET.pl - Remontuj i urz\u0105dzaj z nami<\/title>\n<meta name=\"robots\" content=\"index, follow, max-snippet:-1, max-image-preview:large, max-video-preview:-1\" \/>\n<link rel=\"canonical\" href=\"https:\/\/bobimarket.pl\/index.php\/produkt\/przecinak-lopatkowy-murarski-dluto-majzel-sds-40mm\/\" \/>\n<meta property=\"og:locale\" content=\"pl_PL\" \/>\n<meta property=\"og:type\" content=\"article\" \/>\n<meta property=\"og:title\" content=\"PRZECINAK \u0141OPATKOWY MURARSKI D\u0141UTO MAJZEL SDS+ 40mm - BOBIMARKET.pl - Remontuj i urz\u0105dzaj z nami\" \/>\n<meta property=\"og:description\" content=\"PRZECINAK \u0141OPATKOWY MURARSKI\u00a0 D\u0141UTO MAJZEL SDS+ 25cm Informacje og\u00f3lne: Materia\u0142 d\u0142uta: stali stopowa wysokow\u0119glowa Rodzaj chwytu: SDS Plus D\u0142ugo\u015b\u0107: 250 mm Szeroko\u015b\u0107: 40 mm Przecinak \u0142opatkowy to niezb\u0119dne narz\u0119dzie podczas\u00a0 prac remontowych i budowlanych! Praktyczny przecinak o d\u0142ugo\u015bci 250 mm wykonany ze stali stopowej wysokow\u0119glowej. Charakteryzuje si\u0119 wyskim wska\u017anikiem odporno\u015bci na \u015bcieranie). Ostrze przecinaka o     Czytaj wi\u0119cej &quot;PRZECINAK \u0141OPATKOWY MURARSKI D\u0141UTO MAJZEL SDS+ 40mm&quot;\" \/>\n<meta property=\"og:url\" content=\"https:\/\/bobimarket.pl\/index.php\/produkt\/przecinak-lopatkowy-murarski-dluto-majzel-sds-40mm\/\" \/>\n<meta property=\"og:site_name\" content=\"BOBIMARKET.pl - Remontuj i urz\u0105dzaj z nami\" \/>\n<meta property=\"article:modified_time\" content=\"2025-02-27T15:05:32+00:00\" \/>\n<meta property=\"og:image\" content=\"https:\/\/upload.cdn.baselinker.com\/products\/14476\/fc5740e2fe04cc64ac1ac3e930801b5d.jpg\" \/>\n<meta name=\"twitter:card\" content=\"summary_large_image\" \/>\n<meta name=\"twitter:label1\" content=\"Szacowany czas czytania\" \/>\n\t<meta name=\"twitter:data1\" content=\"1 minuta\" \/>\n<script type=\"application\/ld+json\" class=\"yoast-schema-graph\">{\"@context\":\"https:\/\/schema.org\",\"@graph\":[{\"@type\":\"WebPage\",\"@id\":\"https:\/\/bobimarket.pl\/index.php\/produkt\/przecinak-lopatkowy-murarski-dluto-majzel-sds-40mm\/\",\"url\":\"https:\/\/bobimarket.pl\/index.php\/produkt\/przecinak-lopatkowy-murarski-dluto-majzel-sds-40mm\/\",\"name\":\"PRZECINAK \u0141OPATKOWY MURARSKI D\u0141UTO MAJZEL SDS+ 40mm - BOBIMARKET.pl - Remontuj i urz\u0105dzaj z nami\",\"isPartOf\":{\"@id\":\"https:\/\/bobimarket.pl\/#website\"},\"datePublished\":\"2023-08-30T02:07:43+00:00\",\"dateModified\":\"2025-02-27T15:05:32+00:00\",\"breadcrumb\":{\"@id\":\"https:\/\/bobimarket.pl\/index.php\/produkt\/przecinak-lopatkowy-murarski-dluto-majzel-sds-40mm\/#breadcrumb\"},\"inLanguage\":\"pl-PL\",\"potentialAction\":[{\"@type\":\"ReadAction\",\"target\":[\"https:\/\/bobimarket.pl\/index.php\/produkt\/przecinak-lopatkowy-murarski-dluto-majzel-sds-40mm\/\"]}]},{\"@type\":\"BreadcrumbList\",\"@id\":\"https:\/\/bobimarket.pl\/index.php\/produkt\/przecinak-lopatkowy-murarski-dluto-majzel-sds-40mm\/#breadcrumb\",\"itemListElement\":[{\"@type\":\"ListItem\",\"position\":1,\"name\":\"Strona g\u0142\u00f3wna\",\"item\":\"https:\/\/bobimarket.pl\/\"},{\"@type\":\"ListItem\",\"position\":2,\"name\":\"Sklep\",\"item\":\"https:\/\/bobimarket.pl\/index.php\/shop\/\"},{\"@type\":\"ListItem\",\"position\":3,\"name\":\"PRZECINAK \u0141OPATKOWY MURARSKI D\u0141UTO MAJZEL SDS+ 40mm\"}]},{\"@type\":\"WebSite\",\"@id\":\"https:\/\/bobimarket.pl\/#website\",\"url\":\"https:\/\/bobimarket.pl\/\",\"name\":\"BOBIMARKET.pl - Remontuj i urz\u0105dzaj z nami\",\"description\":\"Remontuj i urz\u0105dzaj z nami\",\"publisher\":{\"@id\":\"https:\/\/bobimarket.pl\/#organization\"},\"potentialAction\":[{\"@type\":\"SearchAction\",\"target\":{\"@type\":\"EntryPoint\",\"urlTemplate\":\"https:\/\/bobimarket.pl\/?s={search_term_string}\"},\"query-input\":\"required name=search_term_string\"}],\"inLanguage\":\"pl-PL\"},{\"@type\":\"Organization\",\"@id\":\"https:\/\/bobimarket.pl\/#organization\",\"name\":\"BOBIMARKET.pl\",\"url\":\"https:\/\/bobimarket.pl\/\",\"logo\":{\"@type\":\"ImageObject\",\"inLanguage\":\"pl-PL\",\"@id\":\"https:\/\/bobimarket.pl\/#\/schema\/logo\/image\/\",\"url\":\"https:\/\/bobimarket.pl\/wp-content\/uploads\/2021\/11\/slogan.png\",\"contentUrl\":\"https:\/\/bobimarket.pl\/wp-content\/uploads\/2021\/11\/slogan.png\",\"width\":2000,\"height\":384,\"caption\":\"BOBIMARKET.pl\"},\"image\":{\"@id\":\"https:\/\/bobimarket.pl\/#\/schema\/logo\/image\/\"}}]}<\/script>\n<!-- \/ Yoast SEO plugin. -->","yoast_head_json":{"title":"PRZECINAK \u0141OPATKOWY MURARSKI D\u0141UTO MAJZEL SDS+ 40mm - BOBIMARKET.pl - Remontuj i urz\u0105dzaj z nami","robots":{"index":"index","follow":"follow","max-snippet":"max-snippet:-1","max-image-preview":"max-image-preview:large","max-video-preview":"max-video-preview:-1"},"canonical":"https:\/\/bobimarket.pl\/index.php\/produkt\/przecinak-lopatkowy-murarski-dluto-majzel-sds-40mm\/","og_locale":"pl_PL","og_type":"article","og_title":"PRZECINAK \u0141OPATKOWY MURARSKI D\u0141UTO MAJZEL SDS+ 40mm - BOBIMARKET.pl - Remontuj i urz\u0105dzaj z nami","og_description":"PRZECINAK \u0141OPATKOWY MURARSKI\u00a0 D\u0141UTO MAJZEL SDS+ 25cm Informacje og\u00f3lne: Materia\u0142 d\u0142uta: stali stopowa wysokow\u0119glowa Rodzaj chwytu: SDS Plus D\u0142ugo\u015b\u0107: 250 mm Szeroko\u015b\u0107: 40 mm Przecinak \u0142opatkowy to niezb\u0119dne narz\u0119dzie podczas\u00a0 prac remontowych i budowlanych! Praktyczny przecinak o d\u0142ugo\u015bci 250 mm wykonany ze stali stopowej wysokow\u0119glowej. Charakteryzuje si\u0119 wyskim wska\u017anikiem odporno\u015bci na \u015bcieranie). Ostrze przecinaka o     Czytaj wi\u0119cej \"PRZECINAK \u0141OPATKOWY MURARSKI D\u0141UTO MAJZEL SDS+ 40mm\"","og_url":"https:\/\/bobimarket.pl\/index.php\/produkt\/przecinak-lopatkowy-murarski-dluto-majzel-sds-40mm\/","og_site_name":"BOBIMARKET.pl - Remontuj i urz\u0105dzaj z nami","article_modified_time":"2025-02-27T15:05:32+00:00","og_image":[{"url":"https:\/\/upload.cdn.baselinker.com\/products\/14476\/fc5740e2fe04cc64ac1ac3e930801b5d.jpg"}],"twitter_card":"summary_large_image","twitter_misc":{"Szacowany czas czytania":"1 minuta"},"schema":{"@context":"https:\/\/schema.org","@graph":[{"@type":"WebPage","@id":"https:\/\/bobimarket.pl\/index.php\/produkt\/przecinak-lopatkowy-murarski-dluto-majzel-sds-40mm\/","url":"https:\/\/bobimarket.pl\/index.php\/produkt\/przecinak-lopatkowy-murarski-dluto-majzel-sds-40mm\/","name":"PRZECINAK \u0141OPATKOWY MURARSKI D\u0141UTO MAJZEL SDS+ 40mm - BOBIMARKET.pl - Remontuj i urz\u0105dzaj z nami","isPartOf":{"@id":"https:\/\/bobimarket.pl\/#website"},"datePublished":"2023-08-30T02:07:43+00:00","dateModified":"2025-02-27T15:05:32+00:00","breadcrumb":{"@id":"https:\/\/bobimarket.pl\/index.php\/produkt\/przecinak-lopatkowy-murarski-dluto-majzel-sds-40mm\/#breadcrumb"},"inLanguage":"pl-PL","potentialAction":[{"@type":"ReadAction","target":["https:\/\/bobimarket.pl\/index.php\/produkt\/przecinak-lopatkowy-murarski-dluto-majzel-sds-40mm\/"]}]},{"@type":"BreadcrumbList","@id":"https:\/\/bobimarket.pl\/index.php\/produkt\/przecinak-lopatkowy-murarski-dluto-majzel-sds-40mm\/#breadcrumb","itemListElement":[{"@type":"ListItem","position":1,"name":"Strona g\u0142\u00f3wna","item":"https:\/\/bobimarket.pl\/"},{"@type":"ListItem","position":2,"name":"Sklep","item":"https:\/\/bobimarket.pl\/index.php\/shop\/"},{"@type":"ListItem","position":3,"name":"PRZECINAK \u0141OPATKOWY MURARSKI D\u0141UTO MAJZEL SDS+ 40mm"}]},{"@type":"WebSite","@id":"https:\/\/bobimarket.pl\/#website","url":"https:\/\/bobimarket.pl\/","name":"BOBIMARKET.pl - Remontuj i urz\u0105dzaj z nami","description":"Remontuj i urz\u0105dzaj z nami","publisher":{"@id":"https:\/\/bobimarket.pl\/#organization"},"potentialAction":[{"@type":"SearchAction","target":{"@type":"EntryPoint","urlTemplate":"https:\/\/bobimarket.pl\/?s={search_term_string}"},"query-input":"required name=search_term_string"}],"inLanguage":"pl-PL"},{"@type":"Organization","@id":"https:\/\/bobimarket.pl\/#organization","name":"BOBIMARKET.pl","url":"https:\/\/bobimarket.pl\/","logo":{"@type":"ImageObject","inLanguage":"pl-PL","@id":"https:\/\/bobimarket.pl\/#\/schema\/logo\/image\/","url":"https:\/\/bobimarket.pl\/wp-content\/uploads\/2021\/11\/slogan.png","contentUrl":"https:\/\/bobimarket.pl\/wp-content\/uploads\/2021\/11\/slogan.png","width":2000,"height":384,"caption":"BOBIMARKET.pl"},"image":{"@id":"https:\/\/bobimarket.pl\/#\/schema\/logo\/image\/"}}]}},"_links":{"self":[{"href":"https:\/\/bobimarket.pl\/index.php\/wp-json\/wp\/v2\/product\/88454"}],"collection":[{"href":"https:\/\/bobimarket.pl\/index.php\/wp-json\/wp\/v2\/product"}],"about":[{"href":"https:\/\/bobimarket.pl\/index.php\/wp-json\/wp\/v2\/types\/product"}],"wp:featuredmedia":[{"embeddable":true,"href":"https:\/\/bobimarket.pl\/index.php\/wp-json\/wp\/v2\/media\/88452"}],"wp:attachment":[{"href":"https:\/\/bobimarket.pl\/index.php\/wp-json\/wp\/v2\/media?parent=88454"}],"wp:term":[{"taxonomy":"product_cat","embeddable":true,"href":"https:\/\/bobimarket.pl\/index.php\/wp-json\/wp\/v2\/product_cat?post=88454"},{"taxonomy":"product_tag","embeddable":true,"href":"https:\/\/bobimarket.pl\/index.php\/wp-json\/wp\/v2\/product_tag?post=88454"}],"curies":[{"name":"wp","href":"https:\/\/api.w.org\/{rel}","templated":true}]}}