{"id":88460,"date":"2023-08-30T02:08:19","date_gmt":"2023-08-30T02:08:19","guid":{"rendered":"https:\/\/bobimarket.pl\/index.php\/produkt\/koncowki-bity-do-wkretarki-zestaw-bitow-61-el\/"},"modified":"2025-02-27T15:05:36","modified_gmt":"2025-02-27T15:05:36","slug":"koncowki-bity-do-wkretarki-zestaw-bitow-61-el","status":"publish","type":"product","link":"https:\/\/bobimarket.pl\/index.php\/produkt\/koncowki-bity-do-wkretarki-zestaw-bitow-61-el\/","title":{"rendered":"KO\u0143C\u00d3WKI BITY DO WKR\u0118TARKI ZESTAW BIT\u00d3W 61 el."},"content":{"rendered":"<section class=\"section\">\n<div class=\"item item-6\">\n<section class=\"image-item\">\n            <img decoding=\"async\" src=\"https:\/\/upload.cdn.baselinker.com\/products\/14476\/0e9422f3b5065cf0ec07b5f4e9034ac4.jpg\" \/><br \/>\n        <\/section>\n<\/p><\/div>\n<div class=\"item item-6\">\n<section class=\"text-item\">\n<h2>KO\u0143C\u00d3WKI BITY DO WKR\u0118TARKI ZESTAW BIT\u00d3W 61 el.<\/h2>\n<ul>\n<li>Materia\u0142: <b>CrV ( stal chromowo-wanadowa)<\/b><\/li>\n<li>Zestaw zawiera 61<b>\u00a0element\u00f3w<\/b><\/li>\n<li>D\u0142ugo\u015b\u0107 ko\u0144c\u00f3wek: <b>25 mm<\/b><\/li>\n<li>Rodzaje ko\u0144c\u00f3wek: <b>p\u0142askie, krzy\u017cowe, Torx HEX<\/b><\/li>\n<li>Uchwyt automatyczny, magnetyczny<\/li>\n<\/ul>\n<\/section><\/div>\n<\/section>\n<section class=\"section\">\n<div class=\"item item-6\">\n<section class=\"image-item\">\n            <img decoding=\"async\" src=\"https:\/\/upload.cdn.baselinker.com\/products\/14476\/fefc0788dbb44b0e0abc0e8c4490ca5c.jpg\" \/><br \/>\n        <\/section>\n<\/p><\/div>\n<div class=\"item item-6\">\n<section class=\"text-item\">\n<h2>Praktyczny i solidny zestaw ko\u0144c\u00f3wek do wkr\u0119tak\u00f3w.<\/h2>\n<p>Zestaw sk\u0142adaj\u0105cy si\u0119 z profesjonalnych bit\u00f3w wkr\u0119takowych i uchwytu magnetycznego stosowany jest do pracy z elementami z\u0142\u0105cznymi o r\u00f3\u017cnym profilu.\u00a0Ca\u0142o\u015b\u0107 jest szczeg\u00f3\u0142owo skompletowana i sprawia, \u017ce zestaw jest uniwersalny i sprawdzi si\u0119 jako element wyposa\u017cenia przybornika z narz\u0119dziami ka\u017cdego domowego majsterkowicza! Ko\u0144c\u00f3wki zosta\u0142y wykonane ze stali chromowo-wanadowej.<\/p>\n<p><b>\u2705 <\/b>Komplet zawiera 61 element\u00f3w. Znajdziesz w nich nast\u0119puj\u0105ce ko\u0144c\u00f3wki do wkr\u0119tak\u00f3w ( 25mm):<\/p>\n<ul>\n<li><b>p\u0142askie<\/b>: SL 4, SL 5, SL 6, SL 7<\/li>\n<li><b>krzy\u017cowe<\/b>: PH0, PH0, PH1, PH1, PH2, PH2, PH3, PH3, PZ0, PZ1, PZ2, PZ3<\/li>\n<li><b>Torx<\/b>: T10, T15, T20, T25<\/li>\n<li><b>Hex<\/b>: HEX 4, HEX 5, HEX 6<\/li>\n<\/ul>\n<\/section><\/div>\n<\/section>\n<section class=\"section\">\n<div class=\"item item-6\">\n<section class=\"image-item\">\n            <img decoding=\"async\" src=\"https:\/\/upload.cdn.baselinker.com\/products\/14476\/5894263ecc8fc02327d95ec77f54851b.jpg\" \/><br \/>\n        <\/section>\n<\/p><\/div>\n<div class=\"item item-6\">\n<section class=\"text-item\">\n<p><b>\u2705 Jeszcze wi\u0119cej zalet:<\/b><\/p>\n<p>Wiert\u0142a znajduj\u0105 si\u0119 w plastikowym<b> organizerze<\/b>. Mo\u017cesz wi\u0119c przechowywa\u0107 je w bezpieczny spos\u00f3b.<\/p>\n<ul>\n<li>Szczelnie zamykane pude\u0142ko zapobiega gubieniu si\u0119 poszczeg\u00f3lnych element\u00f3w zestawu.<\/li>\n<li>Ponadto u\u0142atwia utrzymanie porz\u0105dku w warsztacie oraz pozwala na swobodne przenoszenie ca\u0142ego kompletu.<\/li>\n<\/ul>\n<\/section><\/div>\n<\/section>\n","protected":false},"excerpt":{"rendered":"<p>KO\u0143C\u00d3WKI BITY DO WKR\u0118TARKI ZESTAW BIT\u00d3W 61 el. Materia\u0142: CrV ( stal chromowo-wanadowa) Zestaw zawiera 61\u00a0element\u00f3w D\u0142ugo\u015b\u0107 ko\u0144c\u00f3wek: 25 mm Rodzaje ko\u0144c\u00f3wek: p\u0142askie, krzy\u017cowe, Torx HEX Uchwyt automatyczny, magnetyczny Praktyczny i solidny zestaw ko\u0144c\u00f3wek do wkr\u0119tak\u00f3w. Zestaw sk\u0142adaj\u0105cy si\u0119 z profesjonalnych bit\u00f3w wkr\u0119takowych i uchwytu magnetycznego stosowany jest do pracy z elementami z\u0142\u0105cznymi o r\u00f3\u017cnym<br \/><a class=\"more-link\" href=\"https:\/\/bobimarket.pl\/index.php\/produkt\/koncowki-bity-do-wkretarki-zestaw-bitow-61-el\/\"><br \/>\n        Czytaj wi\u0119cej<span class=\"screen-reader-text\"> &#8222;KO\u0143C\u00d3WKI BITY DO WKR\u0118TARKI ZESTAW BIT\u00d3W 61 el.&#8221;<\/span><\/a><\/p>\n","protected":false},"featured_media":88455,"template":"","meta":[],"product_cat":[8054],"product_tag":[],"yoast_head":"<!-- This site is optimized with the Yoast SEO plugin v21.0 - https:\/\/yoast.com\/wordpress\/plugins\/seo\/ -->\n<title>KO\u0143C\u00d3WKI BITY DO WKR\u0118TARKI ZESTAW BIT\u00d3W 61 el. - BOBIMARKET.pl - Remontuj i urz\u0105dzaj z nami<\/title>\n<meta name=\"robots\" content=\"index, follow, max-snippet:-1, max-image-preview:large, max-video-preview:-1\" \/>\n<link rel=\"canonical\" href=\"https:\/\/bobimarket.pl\/index.php\/produkt\/koncowki-bity-do-wkretarki-zestaw-bitow-61-el\/\" \/>\n<meta property=\"og:locale\" content=\"pl_PL\" \/>\n<meta property=\"og:type\" content=\"article\" \/>\n<meta property=\"og:title\" content=\"KO\u0143C\u00d3WKI BITY DO WKR\u0118TARKI ZESTAW BIT\u00d3W 61 el. - BOBIMARKET.pl - Remontuj i urz\u0105dzaj z nami\" \/>\n<meta property=\"og:description\" content=\"KO\u0143C\u00d3WKI BITY DO WKR\u0118TARKI ZESTAW BIT\u00d3W 61 el. Materia\u0142: CrV ( stal chromowo-wanadowa) Zestaw zawiera 61\u00a0element\u00f3w D\u0142ugo\u015b\u0107 ko\u0144c\u00f3wek: 25 mm Rodzaje ko\u0144c\u00f3wek: p\u0142askie, krzy\u017cowe, Torx HEX Uchwyt automatyczny, magnetyczny Praktyczny i solidny zestaw ko\u0144c\u00f3wek do wkr\u0119tak\u00f3w. Zestaw sk\u0142adaj\u0105cy si\u0119 z profesjonalnych bit\u00f3w wkr\u0119takowych i uchwytu magnetycznego stosowany jest do pracy z elementami z\u0142\u0105cznymi o r\u00f3\u017cnym     Czytaj wi\u0119cej &quot;KO\u0143C\u00d3WKI BITY DO WKR\u0118TARKI ZESTAW BIT\u00d3W 61 el.&quot;\" \/>\n<meta property=\"og:url\" content=\"https:\/\/bobimarket.pl\/index.php\/produkt\/koncowki-bity-do-wkretarki-zestaw-bitow-61-el\/\" \/>\n<meta property=\"og:site_name\" content=\"BOBIMARKET.pl - Remontuj i urz\u0105dzaj z nami\" \/>\n<meta property=\"article:modified_time\" content=\"2025-02-27T15:05:36+00:00\" \/>\n<meta property=\"og:image\" content=\"https:\/\/upload.cdn.baselinker.com\/products\/14476\/0e9422f3b5065cf0ec07b5f4e9034ac4.jpg\" \/>\n<meta name=\"twitter:card\" content=\"summary_large_image\" \/>\n<meta name=\"twitter:label1\" content=\"Szacowany czas czytania\" \/>\n\t<meta name=\"twitter:data1\" content=\"1 minuta\" \/>\n<script type=\"application\/ld+json\" class=\"yoast-schema-graph\">{\"@context\":\"https:\/\/schema.org\",\"@graph\":[{\"@type\":\"WebPage\",\"@id\":\"https:\/\/bobimarket.pl\/index.php\/produkt\/koncowki-bity-do-wkretarki-zestaw-bitow-61-el\/\",\"url\":\"https:\/\/bobimarket.pl\/index.php\/produkt\/koncowki-bity-do-wkretarki-zestaw-bitow-61-el\/\",\"name\":\"KO\u0143C\u00d3WKI BITY DO WKR\u0118TARKI ZESTAW BIT\u00d3W 61 el. - BOBIMARKET.pl - Remontuj i urz\u0105dzaj z nami\",\"isPartOf\":{\"@id\":\"https:\/\/bobimarket.pl\/#website\"},\"datePublished\":\"2023-08-30T02:08:19+00:00\",\"dateModified\":\"2025-02-27T15:05:36+00:00\",\"breadcrumb\":{\"@id\":\"https:\/\/bobimarket.pl\/index.php\/produkt\/koncowki-bity-do-wkretarki-zestaw-bitow-61-el\/#breadcrumb\"},\"inLanguage\":\"pl-PL\",\"potentialAction\":[{\"@type\":\"ReadAction\",\"target\":[\"https:\/\/bobimarket.pl\/index.php\/produkt\/koncowki-bity-do-wkretarki-zestaw-bitow-61-el\/\"]}]},{\"@type\":\"BreadcrumbList\",\"@id\":\"https:\/\/bobimarket.pl\/index.php\/produkt\/koncowki-bity-do-wkretarki-zestaw-bitow-61-el\/#breadcrumb\",\"itemListElement\":[{\"@type\":\"ListItem\",\"position\":1,\"name\":\"Strona g\u0142\u00f3wna\",\"item\":\"https:\/\/bobimarket.pl\/\"},{\"@type\":\"ListItem\",\"position\":2,\"name\":\"Sklep\",\"item\":\"https:\/\/bobimarket.pl\/index.php\/shop\/\"},{\"@type\":\"ListItem\",\"position\":3,\"name\":\"KO\u0143C\u00d3WKI BITY DO WKR\u0118TARKI ZESTAW BIT\u00d3W 61 el.\"}]},{\"@type\":\"WebSite\",\"@id\":\"https:\/\/bobimarket.pl\/#website\",\"url\":\"https:\/\/bobimarket.pl\/\",\"name\":\"BOBIMARKET.pl - Remontuj i urz\u0105dzaj z nami\",\"description\":\"Remontuj i urz\u0105dzaj z nami\",\"publisher\":{\"@id\":\"https:\/\/bobimarket.pl\/#organization\"},\"potentialAction\":[{\"@type\":\"SearchAction\",\"target\":{\"@type\":\"EntryPoint\",\"urlTemplate\":\"https:\/\/bobimarket.pl\/?s={search_term_string}\"},\"query-input\":\"required name=search_term_string\"}],\"inLanguage\":\"pl-PL\"},{\"@type\":\"Organization\",\"@id\":\"https:\/\/bobimarket.pl\/#organization\",\"name\":\"BOBIMARKET.pl\",\"url\":\"https:\/\/bobimarket.pl\/\",\"logo\":{\"@type\":\"ImageObject\",\"inLanguage\":\"pl-PL\",\"@id\":\"https:\/\/bobimarket.pl\/#\/schema\/logo\/image\/\",\"url\":\"https:\/\/bobimarket.pl\/wp-content\/uploads\/2021\/11\/slogan.png\",\"contentUrl\":\"https:\/\/bobimarket.pl\/wp-content\/uploads\/2021\/11\/slogan.png\",\"width\":2000,\"height\":384,\"caption\":\"BOBIMARKET.pl\"},\"image\":{\"@id\":\"https:\/\/bobimarket.pl\/#\/schema\/logo\/image\/\"}}]}<\/script>\n<!-- \/ Yoast SEO plugin. -->","yoast_head_json":{"title":"KO\u0143C\u00d3WKI BITY DO WKR\u0118TARKI ZESTAW BIT\u00d3W 61 el. - BOBIMARKET.pl - Remontuj i urz\u0105dzaj z nami","robots":{"index":"index","follow":"follow","max-snippet":"max-snippet:-1","max-image-preview":"max-image-preview:large","max-video-preview":"max-video-preview:-1"},"canonical":"https:\/\/bobimarket.pl\/index.php\/produkt\/koncowki-bity-do-wkretarki-zestaw-bitow-61-el\/","og_locale":"pl_PL","og_type":"article","og_title":"KO\u0143C\u00d3WKI BITY DO WKR\u0118TARKI ZESTAW BIT\u00d3W 61 el. - BOBIMARKET.pl - Remontuj i urz\u0105dzaj z nami","og_description":"KO\u0143C\u00d3WKI BITY DO WKR\u0118TARKI ZESTAW BIT\u00d3W 61 el. Materia\u0142: CrV ( stal chromowo-wanadowa) Zestaw zawiera 61\u00a0element\u00f3w D\u0142ugo\u015b\u0107 ko\u0144c\u00f3wek: 25 mm Rodzaje ko\u0144c\u00f3wek: p\u0142askie, krzy\u017cowe, Torx HEX Uchwyt automatyczny, magnetyczny Praktyczny i solidny zestaw ko\u0144c\u00f3wek do wkr\u0119tak\u00f3w. Zestaw sk\u0142adaj\u0105cy si\u0119 z profesjonalnych bit\u00f3w wkr\u0119takowych i uchwytu magnetycznego stosowany jest do pracy z elementami z\u0142\u0105cznymi o r\u00f3\u017cnym     Czytaj wi\u0119cej \"KO\u0143C\u00d3WKI BITY DO WKR\u0118TARKI ZESTAW BIT\u00d3W 61 el.\"","og_url":"https:\/\/bobimarket.pl\/index.php\/produkt\/koncowki-bity-do-wkretarki-zestaw-bitow-61-el\/","og_site_name":"BOBIMARKET.pl - Remontuj i urz\u0105dzaj z nami","article_modified_time":"2025-02-27T15:05:36+00:00","og_image":[{"url":"https:\/\/upload.cdn.baselinker.com\/products\/14476\/0e9422f3b5065cf0ec07b5f4e9034ac4.jpg"}],"twitter_card":"summary_large_image","twitter_misc":{"Szacowany czas czytania":"1 minuta"},"schema":{"@context":"https:\/\/schema.org","@graph":[{"@type":"WebPage","@id":"https:\/\/bobimarket.pl\/index.php\/produkt\/koncowki-bity-do-wkretarki-zestaw-bitow-61-el\/","url":"https:\/\/bobimarket.pl\/index.php\/produkt\/koncowki-bity-do-wkretarki-zestaw-bitow-61-el\/","name":"KO\u0143C\u00d3WKI BITY DO WKR\u0118TARKI ZESTAW BIT\u00d3W 61 el. - BOBIMARKET.pl - Remontuj i urz\u0105dzaj z nami","isPartOf":{"@id":"https:\/\/bobimarket.pl\/#website"},"datePublished":"2023-08-30T02:08:19+00:00","dateModified":"2025-02-27T15:05:36+00:00","breadcrumb":{"@id":"https:\/\/bobimarket.pl\/index.php\/produkt\/koncowki-bity-do-wkretarki-zestaw-bitow-61-el\/#breadcrumb"},"inLanguage":"pl-PL","potentialAction":[{"@type":"ReadAction","target":["https:\/\/bobimarket.pl\/index.php\/produkt\/koncowki-bity-do-wkretarki-zestaw-bitow-61-el\/"]}]},{"@type":"BreadcrumbList","@id":"https:\/\/bobimarket.pl\/index.php\/produkt\/koncowki-bity-do-wkretarki-zestaw-bitow-61-el\/#breadcrumb","itemListElement":[{"@type":"ListItem","position":1,"name":"Strona g\u0142\u00f3wna","item":"https:\/\/bobimarket.pl\/"},{"@type":"ListItem","position":2,"name":"Sklep","item":"https:\/\/bobimarket.pl\/index.php\/shop\/"},{"@type":"ListItem","position":3,"name":"KO\u0143C\u00d3WKI BITY DO WKR\u0118TARKI ZESTAW BIT\u00d3W 61 el."}]},{"@type":"WebSite","@id":"https:\/\/bobimarket.pl\/#website","url":"https:\/\/bobimarket.pl\/","name":"BOBIMARKET.pl - Remontuj i urz\u0105dzaj z nami","description":"Remontuj i urz\u0105dzaj z nami","publisher":{"@id":"https:\/\/bobimarket.pl\/#organization"},"potentialAction":[{"@type":"SearchAction","target":{"@type":"EntryPoint","urlTemplate":"https:\/\/bobimarket.pl\/?s={search_term_string}"},"query-input":"required name=search_term_string"}],"inLanguage":"pl-PL"},{"@type":"Organization","@id":"https:\/\/bobimarket.pl\/#organization","name":"BOBIMARKET.pl","url":"https:\/\/bobimarket.pl\/","logo":{"@type":"ImageObject","inLanguage":"pl-PL","@id":"https:\/\/bobimarket.pl\/#\/schema\/logo\/image\/","url":"https:\/\/bobimarket.pl\/wp-content\/uploads\/2021\/11\/slogan.png","contentUrl":"https:\/\/bobimarket.pl\/wp-content\/uploads\/2021\/11\/slogan.png","width":2000,"height":384,"caption":"BOBIMARKET.pl"},"image":{"@id":"https:\/\/bobimarket.pl\/#\/schema\/logo\/image\/"}}]}},"_links":{"self":[{"href":"https:\/\/bobimarket.pl\/index.php\/wp-json\/wp\/v2\/product\/88460"}],"collection":[{"href":"https:\/\/bobimarket.pl\/index.php\/wp-json\/wp\/v2\/product"}],"about":[{"href":"https:\/\/bobimarket.pl\/index.php\/wp-json\/wp\/v2\/types\/product"}],"wp:featuredmedia":[{"embeddable":true,"href":"https:\/\/bobimarket.pl\/index.php\/wp-json\/wp\/v2\/media\/88455"}],"wp:attachment":[{"href":"https:\/\/bobimarket.pl\/index.php\/wp-json\/wp\/v2\/media?parent=88460"}],"wp:term":[{"taxonomy":"product_cat","embeddable":true,"href":"https:\/\/bobimarket.pl\/index.php\/wp-json\/wp\/v2\/product_cat?post=88460"},{"taxonomy":"product_tag","embeddable":true,"href":"https:\/\/bobimarket.pl\/index.php\/wp-json\/wp\/v2\/product_tag?post=88460"}],"curies":[{"name":"wp","href":"https:\/\/api.w.org\/{rel}","templated":true}]}}