{"id":88470,"date":"2023-08-30T02:09:20","date_gmt":"2023-08-30T02:09:20","guid":{"rendered":"https:\/\/bobimarket.pl\/index.php\/produkt\/szczypce-do-pierscieni-segera-150mm-zestaw-4el\/"},"modified":"2025-02-27T15:05:44","modified_gmt":"2025-02-27T15:05:44","slug":"szczypce-do-pierscieni-segera-150mm-zestaw-4el","status":"publish","type":"product","link":"https:\/\/bobimarket.pl\/index.php\/produkt\/szczypce-do-pierscieni-segera-150mm-zestaw-4el\/","title":{"rendered":"SZCZYPCE DO PIER\u015aCIENI SEGERA 150MM ZESTAW 4EL"},"content":{"rendered":"<section class=\"section\">\n<div class=\"item item-6\">\n<section class=\"image-item\">\n            <img decoding=\"async\" src=\"https:\/\/upload.cdn.baselinker.com\/products\/14476\/ba7138be6f5e8a62859838e9dcc4c565.jpg\" \/><br \/>\n        <\/section>\n<\/p><\/div>\n<div class=\"item item-6\">\n<section class=\"text-item\">\n<h2>SZCZYPCE DO PIER\u015aCIENI SEGERA 150MM ZESTAW 4EL<\/h2>\n<p><b>Dane techniczne:\u00a0<\/b><\/p>\n<ul>\n<li>Rodzaj:<b> szczypce do pier\u015bcieni osadczych <\/b><\/li>\n<li>D\u0142ugo\u015b\u0107: <b>150 mm<\/b><\/li>\n<\/ul>\n<p><b>\u2705<\/b> W sk\u0142ad kompletu wchodz\u0105 <b>szczypce i 4 wymienne ko\u0144c\u00f3wki.<\/b> Zestaw zawiera 4 rodzaje szczypiec Segera:<\/p>\n<ul>\n<li>wewn\u0119trzne proste<\/li>\n<li>zewn\u0119trzne proste<\/li>\n<li>wewn\u0119trzne wygi\u0119te<\/li>\n<li>zewn\u0119trzne wygi\u0119te<\/li>\n<\/ul>\n<\/section><\/div>\n<\/section>\n<section class=\"section\">\n<div class=\"item item-6\">\n<section class=\"image-item\">\n            <img decoding=\"async\" src=\"https:\/\/upload.cdn.baselinker.com\/products\/14476\/abff93f3506b6beca5199f292bcd099f.jpeg\" \/><br \/>\n        <\/section>\n<\/p><\/div>\n<div class=\"item item-6\">\n<section class=\"text-item\">\n<h2>Uniwersalne narz\u0119dzie, kt\u00f3re zast\u0119puje kilka rodzaj\u00f3w \u015bci\u0105gaczy!<\/h2>\n<p>Zestaw 4 szt. szczypiec do pier\u015bcienie osadczych.\u00a0Szczypce Segera s\u0142u\u017c\u0105 do zak\u0142adania i zdejmowania pier\u015bcieni zabezpieczaj\u0105cych Segera. Posiadaj\u0105 precyzyjne ko\u0144c\u00f3wki oraz plastikowe nak\u0142adki na r\u0119koje\u015bciach.<\/p>\n<ul>\n<li>Spr\u0119\u017cyna powrotna pozwala prowadzi\u0107 narz\u0119dzie do pozycji wyj\u015bciowej bez wysi\u0142ku.<\/li>\n<li>W sk\u0142ad zestawu wchodz\u0105 wymienne ko\u0144c\u00f3wki z prostymi i wygi\u0119tymi pod k\u0105tem 45 i 90 stopni ko\u0144c\u00f3wkami.<\/li>\n<\/ul>\n<\/section><\/div>\n<\/section>\n<section class=\"section\">\n<div class=\"item item-6\">\n<section class=\"image-item\">\n            <img decoding=\"async\" src=\"https:\/\/upload.cdn.baselinker.com\/products\/14476\/ba7138be6f5e8a62859838e9dcc4c565.jpg\" \/><br \/>\n        <\/section>\n<\/p><\/div>\n<div class=\"item item-6\">\n<section class=\"text-item\">\n<p><b>\u2705<\/b><b>\u00a0Zastosowanie:<\/b><\/p>\n<ul>\n<li><b>SZCZYPCE SEGERA WEWN\u0118TRZNE PROSTE<\/b><\/li>\n<\/ul>\n<p>Szczypce dedykowane do\u00a0pier\u015bcieni wewn\u0119trznych\u00a0(rozpr\u0119\u017cone, w \u015brodku tulei).<\/p>\n<ul>\n<li><b>SZCZYPCE SEGERA ZEWN\u0118TRZNE PROSTE<\/b><\/li>\n<\/ul>\n<p>Szczypce dedykowane\u00a0do pier\u015bcieni zewn\u0119trznych\u00a0(zaciskowych, na zewn\u0105trz wa\u0142ka).<\/p>\n<ul>\n<li><b>SZCZYPCE SEGERA WEWN\u0118TRZNE WYGI\u0118TE<\/b><\/li>\n<\/ul>\n<p>Szczypce dedykowane do\u00a0pier\u015bcieni wewn\u0119trznych\u00a0(rozpr\u0119\u017cone, w \u015brodku tulei).<\/p>\n<ul>\n<li><b>SZCZYPCE SEGERA ZEWN\u0118TRZNE WYGI\u0118TE\u00a0<\/b><\/li>\n<\/ul>\n<p>Szczypce dedykowane\u00a0do pier\u015bcieni zewn\u0119trznych\u00a0(zaciskowych, na zewn\u0105trz wa\u0142ka).<\/p>\n<\/section><\/div>\n<\/section>\n","protected":false},"excerpt":{"rendered":"<p>SZCZYPCE DO PIER\u015aCIENI SEGERA 150MM ZESTAW 4EL Dane techniczne:\u00a0 Rodzaj: szczypce do pier\u015bcieni osadczych D\u0142ugo\u015b\u0107: 150 mm \u2705 W sk\u0142ad kompletu wchodz\u0105 szczypce i 4 wymienne ko\u0144c\u00f3wki. Zestaw zawiera 4 rodzaje szczypiec Segera: wewn\u0119trzne proste zewn\u0119trzne proste wewn\u0119trzne wygi\u0119te zewn\u0119trzne wygi\u0119te Uniwersalne narz\u0119dzie, kt\u00f3re zast\u0119puje kilka rodzaj\u00f3w \u015bci\u0105gaczy! Zestaw 4 szt. szczypiec do pier\u015bcienie osadczych.\u00a0Szczypce<br \/><a class=\"more-link\" href=\"https:\/\/bobimarket.pl\/index.php\/produkt\/szczypce-do-pierscieni-segera-150mm-zestaw-4el\/\"><br \/>\n        Czytaj wi\u0119cej<span class=\"screen-reader-text\"> &#8222;SZCZYPCE DO PIER\u015aCIENI SEGERA 150MM ZESTAW 4EL&#8221;<\/span><\/a><\/p>\n","protected":false},"featured_media":88468,"template":"","meta":[],"product_cat":[8223],"product_tag":[],"yoast_head":"<!-- This site is optimized with the Yoast SEO plugin v21.0 - https:\/\/yoast.com\/wordpress\/plugins\/seo\/ -->\n<title>SZCZYPCE DO PIER\u015aCIENI SEGERA 150MM ZESTAW 4EL - BOBIMARKET.pl - Remontuj i urz\u0105dzaj z nami<\/title>\n<meta name=\"robots\" content=\"index, follow, max-snippet:-1, max-image-preview:large, max-video-preview:-1\" \/>\n<link rel=\"canonical\" href=\"https:\/\/bobimarket.pl\/index.php\/produkt\/szczypce-do-pierscieni-segera-150mm-zestaw-4el\/\" \/>\n<meta property=\"og:locale\" content=\"pl_PL\" \/>\n<meta property=\"og:type\" content=\"article\" \/>\n<meta property=\"og:title\" content=\"SZCZYPCE DO PIER\u015aCIENI SEGERA 150MM ZESTAW 4EL - BOBIMARKET.pl - Remontuj i urz\u0105dzaj z nami\" \/>\n<meta property=\"og:description\" content=\"SZCZYPCE DO PIER\u015aCIENI SEGERA 150MM ZESTAW 4EL Dane techniczne:\u00a0 Rodzaj: szczypce do pier\u015bcieni osadczych D\u0142ugo\u015b\u0107: 150 mm \u2705 W sk\u0142ad kompletu wchodz\u0105 szczypce i 4 wymienne ko\u0144c\u00f3wki. Zestaw zawiera 4 rodzaje szczypiec Segera: wewn\u0119trzne proste zewn\u0119trzne proste wewn\u0119trzne wygi\u0119te zewn\u0119trzne wygi\u0119te Uniwersalne narz\u0119dzie, kt\u00f3re zast\u0119puje kilka rodzaj\u00f3w \u015bci\u0105gaczy! Zestaw 4 szt. szczypiec do pier\u015bcienie osadczych.\u00a0Szczypce     Czytaj wi\u0119cej &quot;SZCZYPCE DO PIER\u015aCIENI SEGERA 150MM ZESTAW 4EL&quot;\" \/>\n<meta property=\"og:url\" content=\"https:\/\/bobimarket.pl\/index.php\/produkt\/szczypce-do-pierscieni-segera-150mm-zestaw-4el\/\" \/>\n<meta property=\"og:site_name\" content=\"BOBIMARKET.pl - Remontuj i urz\u0105dzaj z nami\" \/>\n<meta property=\"article:modified_time\" content=\"2025-02-27T15:05:44+00:00\" \/>\n<meta property=\"og:image\" content=\"https:\/\/upload.cdn.baselinker.com\/products\/14476\/ba7138be6f5e8a62859838e9dcc4c565.jpg\" \/>\n<meta name=\"twitter:card\" content=\"summary_large_image\" \/>\n<meta name=\"twitter:label1\" content=\"Szacowany czas czytania\" \/>\n\t<meta name=\"twitter:data1\" content=\"1 minuta\" \/>\n<script type=\"application\/ld+json\" class=\"yoast-schema-graph\">{\"@context\":\"https:\/\/schema.org\",\"@graph\":[{\"@type\":\"WebPage\",\"@id\":\"https:\/\/bobimarket.pl\/index.php\/produkt\/szczypce-do-pierscieni-segera-150mm-zestaw-4el\/\",\"url\":\"https:\/\/bobimarket.pl\/index.php\/produkt\/szczypce-do-pierscieni-segera-150mm-zestaw-4el\/\",\"name\":\"SZCZYPCE DO PIER\u015aCIENI SEGERA 150MM ZESTAW 4EL - BOBIMARKET.pl - Remontuj i urz\u0105dzaj z nami\",\"isPartOf\":{\"@id\":\"https:\/\/bobimarket.pl\/#website\"},\"datePublished\":\"2023-08-30T02:09:20+00:00\",\"dateModified\":\"2025-02-27T15:05:44+00:00\",\"breadcrumb\":{\"@id\":\"https:\/\/bobimarket.pl\/index.php\/produkt\/szczypce-do-pierscieni-segera-150mm-zestaw-4el\/#breadcrumb\"},\"inLanguage\":\"pl-PL\",\"potentialAction\":[{\"@type\":\"ReadAction\",\"target\":[\"https:\/\/bobimarket.pl\/index.php\/produkt\/szczypce-do-pierscieni-segera-150mm-zestaw-4el\/\"]}]},{\"@type\":\"BreadcrumbList\",\"@id\":\"https:\/\/bobimarket.pl\/index.php\/produkt\/szczypce-do-pierscieni-segera-150mm-zestaw-4el\/#breadcrumb\",\"itemListElement\":[{\"@type\":\"ListItem\",\"position\":1,\"name\":\"Strona g\u0142\u00f3wna\",\"item\":\"https:\/\/bobimarket.pl\/\"},{\"@type\":\"ListItem\",\"position\":2,\"name\":\"Sklep\",\"item\":\"https:\/\/bobimarket.pl\/index.php\/shop\/\"},{\"@type\":\"ListItem\",\"position\":3,\"name\":\"SZCZYPCE DO PIER\u015aCIENI SEGERA 150MM ZESTAW 4EL\"}]},{\"@type\":\"WebSite\",\"@id\":\"https:\/\/bobimarket.pl\/#website\",\"url\":\"https:\/\/bobimarket.pl\/\",\"name\":\"BOBIMARKET.pl - Remontuj i urz\u0105dzaj z nami\",\"description\":\"Remontuj i urz\u0105dzaj z nami\",\"publisher\":{\"@id\":\"https:\/\/bobimarket.pl\/#organization\"},\"potentialAction\":[{\"@type\":\"SearchAction\",\"target\":{\"@type\":\"EntryPoint\",\"urlTemplate\":\"https:\/\/bobimarket.pl\/?s={search_term_string}\"},\"query-input\":\"required name=search_term_string\"}],\"inLanguage\":\"pl-PL\"},{\"@type\":\"Organization\",\"@id\":\"https:\/\/bobimarket.pl\/#organization\",\"name\":\"BOBIMARKET.pl\",\"url\":\"https:\/\/bobimarket.pl\/\",\"logo\":{\"@type\":\"ImageObject\",\"inLanguage\":\"pl-PL\",\"@id\":\"https:\/\/bobimarket.pl\/#\/schema\/logo\/image\/\",\"url\":\"https:\/\/bobimarket.pl\/wp-content\/uploads\/2021\/11\/slogan.png\",\"contentUrl\":\"https:\/\/bobimarket.pl\/wp-content\/uploads\/2021\/11\/slogan.png\",\"width\":2000,\"height\":384,\"caption\":\"BOBIMARKET.pl\"},\"image\":{\"@id\":\"https:\/\/bobimarket.pl\/#\/schema\/logo\/image\/\"}}]}<\/script>\n<!-- \/ Yoast SEO plugin. -->","yoast_head_json":{"title":"SZCZYPCE DO PIER\u015aCIENI SEGERA 150MM ZESTAW 4EL - BOBIMARKET.pl - Remontuj i urz\u0105dzaj z nami","robots":{"index":"index","follow":"follow","max-snippet":"max-snippet:-1","max-image-preview":"max-image-preview:large","max-video-preview":"max-video-preview:-1"},"canonical":"https:\/\/bobimarket.pl\/index.php\/produkt\/szczypce-do-pierscieni-segera-150mm-zestaw-4el\/","og_locale":"pl_PL","og_type":"article","og_title":"SZCZYPCE DO PIER\u015aCIENI SEGERA 150MM ZESTAW 4EL - BOBIMARKET.pl - Remontuj i urz\u0105dzaj z nami","og_description":"SZCZYPCE DO PIER\u015aCIENI SEGERA 150MM ZESTAW 4EL Dane techniczne:\u00a0 Rodzaj: szczypce do pier\u015bcieni osadczych D\u0142ugo\u015b\u0107: 150 mm \u2705 W sk\u0142ad kompletu wchodz\u0105 szczypce i 4 wymienne ko\u0144c\u00f3wki. Zestaw zawiera 4 rodzaje szczypiec Segera: wewn\u0119trzne proste zewn\u0119trzne proste wewn\u0119trzne wygi\u0119te zewn\u0119trzne wygi\u0119te Uniwersalne narz\u0119dzie, kt\u00f3re zast\u0119puje kilka rodzaj\u00f3w \u015bci\u0105gaczy! Zestaw 4 szt. szczypiec do pier\u015bcienie osadczych.\u00a0Szczypce     Czytaj wi\u0119cej \"SZCZYPCE DO PIER\u015aCIENI SEGERA 150MM ZESTAW 4EL\"","og_url":"https:\/\/bobimarket.pl\/index.php\/produkt\/szczypce-do-pierscieni-segera-150mm-zestaw-4el\/","og_site_name":"BOBIMARKET.pl - Remontuj i urz\u0105dzaj z nami","article_modified_time":"2025-02-27T15:05:44+00:00","og_image":[{"url":"https:\/\/upload.cdn.baselinker.com\/products\/14476\/ba7138be6f5e8a62859838e9dcc4c565.jpg"}],"twitter_card":"summary_large_image","twitter_misc":{"Szacowany czas czytania":"1 minuta"},"schema":{"@context":"https:\/\/schema.org","@graph":[{"@type":"WebPage","@id":"https:\/\/bobimarket.pl\/index.php\/produkt\/szczypce-do-pierscieni-segera-150mm-zestaw-4el\/","url":"https:\/\/bobimarket.pl\/index.php\/produkt\/szczypce-do-pierscieni-segera-150mm-zestaw-4el\/","name":"SZCZYPCE DO PIER\u015aCIENI SEGERA 150MM ZESTAW 4EL - BOBIMARKET.pl - Remontuj i urz\u0105dzaj z nami","isPartOf":{"@id":"https:\/\/bobimarket.pl\/#website"},"datePublished":"2023-08-30T02:09:20+00:00","dateModified":"2025-02-27T15:05:44+00:00","breadcrumb":{"@id":"https:\/\/bobimarket.pl\/index.php\/produkt\/szczypce-do-pierscieni-segera-150mm-zestaw-4el\/#breadcrumb"},"inLanguage":"pl-PL","potentialAction":[{"@type":"ReadAction","target":["https:\/\/bobimarket.pl\/index.php\/produkt\/szczypce-do-pierscieni-segera-150mm-zestaw-4el\/"]}]},{"@type":"BreadcrumbList","@id":"https:\/\/bobimarket.pl\/index.php\/produkt\/szczypce-do-pierscieni-segera-150mm-zestaw-4el\/#breadcrumb","itemListElement":[{"@type":"ListItem","position":1,"name":"Strona g\u0142\u00f3wna","item":"https:\/\/bobimarket.pl\/"},{"@type":"ListItem","position":2,"name":"Sklep","item":"https:\/\/bobimarket.pl\/index.php\/shop\/"},{"@type":"ListItem","position":3,"name":"SZCZYPCE DO PIER\u015aCIENI SEGERA 150MM ZESTAW 4EL"}]},{"@type":"WebSite","@id":"https:\/\/bobimarket.pl\/#website","url":"https:\/\/bobimarket.pl\/","name":"BOBIMARKET.pl - Remontuj i urz\u0105dzaj z nami","description":"Remontuj i urz\u0105dzaj z nami","publisher":{"@id":"https:\/\/bobimarket.pl\/#organization"},"potentialAction":[{"@type":"SearchAction","target":{"@type":"EntryPoint","urlTemplate":"https:\/\/bobimarket.pl\/?s={search_term_string}"},"query-input":"required name=search_term_string"}],"inLanguage":"pl-PL"},{"@type":"Organization","@id":"https:\/\/bobimarket.pl\/#organization","name":"BOBIMARKET.pl","url":"https:\/\/bobimarket.pl\/","logo":{"@type":"ImageObject","inLanguage":"pl-PL","@id":"https:\/\/bobimarket.pl\/#\/schema\/logo\/image\/","url":"https:\/\/bobimarket.pl\/wp-content\/uploads\/2021\/11\/slogan.png","contentUrl":"https:\/\/bobimarket.pl\/wp-content\/uploads\/2021\/11\/slogan.png","width":2000,"height":384,"caption":"BOBIMARKET.pl"},"image":{"@id":"https:\/\/bobimarket.pl\/#\/schema\/logo\/image\/"}}]}},"_links":{"self":[{"href":"https:\/\/bobimarket.pl\/index.php\/wp-json\/wp\/v2\/product\/88470"}],"collection":[{"href":"https:\/\/bobimarket.pl\/index.php\/wp-json\/wp\/v2\/product"}],"about":[{"href":"https:\/\/bobimarket.pl\/index.php\/wp-json\/wp\/v2\/types\/product"}],"wp:featuredmedia":[{"embeddable":true,"href":"https:\/\/bobimarket.pl\/index.php\/wp-json\/wp\/v2\/media\/88468"}],"wp:attachment":[{"href":"https:\/\/bobimarket.pl\/index.php\/wp-json\/wp\/v2\/media?parent=88470"}],"wp:term":[{"taxonomy":"product_cat","embeddable":true,"href":"https:\/\/bobimarket.pl\/index.php\/wp-json\/wp\/v2\/product_cat?post=88470"},{"taxonomy":"product_tag","embeddable":true,"href":"https:\/\/bobimarket.pl\/index.php\/wp-json\/wp\/v2\/product_tag?post=88470"}],"curies":[{"name":"wp","href":"https:\/\/api.w.org\/{rel}","templated":true}]}}