{"id":88494,"date":"2023-08-30T02:11:45","date_gmt":"2023-08-30T02:11:45","guid":{"rendered":"https:\/\/bobimarket.pl\/index.php\/produkt\/frez-puszkowy-do-drewna-sekownik-widiowy-35-mm\/"},"modified":"2025-02-27T15:05:59","modified_gmt":"2025-02-27T15:05:59","slug":"frez-puszkowy-do-drewna-sekownik-widiowy-35-mm","status":"publish","type":"product","link":"https:\/\/bobimarket.pl\/index.php\/produkt\/frez-puszkowy-do-drewna-sekownik-widiowy-35-mm\/","title":{"rendered":"FREZ PUSZKOWY DO DREWNA S\u0118KOWNIK WIDIOWY 35 mm"},"content":{"rendered":"<section class=\"section\">\n<div class=\"item item-6\">\n<section class=\"image-item\">\n                <img decoding=\"async\" src=\"https:\/\/upload.cdn.baselinker.com\/products\/14476\/c43aa90c72bce68be2cb5f9d37b4b7cd.jpg\" \/><br \/>\n            <\/section>\n<\/p><\/div>\n<div class=\"item item-6\">\n<section class=\"text-item\">\n<h2>FREZ PUSZKOWY DO DREWNA S\u0118KOWNIK WIDIOWY 35 mm<\/h2>\n<p><b>Dane techniczne:<\/b><\/p>\n<ul>\n<li>D\u0142ugo\u015b\u0107: <b>60 mm<\/b><\/li>\n<li>\u015arednica: <b>35 mm<\/b><\/li>\n<li>Materia\u0142: <b>stal w\u0119glowa<\/b><\/li>\n<li>Przeznaczenie:<b> do drewna <\/b><\/li>\n<\/ul>\n<\/section><\/div>\n<\/section>\n<section class=\"section\">\n<div class=\"item item-6\">\n<section class=\"image-item\">\n                <img decoding=\"async\" src=\"https:\/\/upload.cdn.baselinker.com\/products\/14476\/df7eefcda7d5132c4c9cac1a2f32e8e5.jpg\" \/><br \/>\n            <\/section>\n<\/p><\/div>\n<div class=\"item item-6\">\n<section class=\"text-item\">\n<p>Frez puszkowy do drewna. Wiert\u0142o wykonane ze stali w\u0119glowej i wyposa\u017cone w p\u0142ytki z w\u0119glika spiekanego w celu zwi\u0119kszenia trwa\u0142o\u015bci i wydajno\u015bci.\u00a0 \u015arednica frezu wynosi 35 mm, a d\u0142ugo\u015b\u0107 60 mm.<\/p>\n<ul>\n<li>Solidnie wykonany i charakteryzuj\u0105cym \u00a0si\u0119 du\u017c\u0105 wytrzyma\u0142o\u015bci\u0105, co b\u0119dzie owocowa\u0142o d\u0142ugim okresem u\u017cytkowania.<\/li>\n<li>Wiert\u0142o jest odpornych na uszkodzenia mechaniczne i przedwczesne st\u0119pienie materia\u0142\u00f3w.\u00a0<\/li>\n<li>Przydatny podczas wykonywania profesjonalnych prac stolarskich lub majsterkowania.<\/li>\n<\/ul>\n<p>\u2705 <b>Charakterystyka wiert\u0142a:<\/b><\/p>\n<p>Budowa wiert\u0142a sprawia, \u017ce skutecznie i dok\u0142adnie tniemy materia\u0142. Frez puszkowe\u00a0w przeciwie\u0144stwie do otwornic, skrawa ca\u0142a obj\u0119to\u015b\u0107 wykrawanego otworu. S\u0142u\u017cy do precyzyjnego wywiercenia otwor\u00f3w \u015blepych (nieprzelotowych) o du\u017cej \u015brednicy na ma\u0142ej g\u0142\u0119boko\u015bci.<\/p>\n<ul>\n<li><b>Centruj\u0105ca ko\u0144c\u00f3wka<\/b> pozwala \u0142atwo rozpocz\u0105\u0107 wiercenie.<\/li>\n<li><b>Dwie g\u0142\u00f3wne i dwie boczne koronki<\/b> wiertnicze tn\u0105 drewno tworz\u0105c otw\u00f3r pobawiony drzazg i nier\u00f3wno\u015bci.<\/li>\n<\/ul>\n<\/section><\/div>\n<\/section>\n<section class=\"section\">\n<div class=\"item item-6\">\n<section class=\"image-item\">\n                <img decoding=\"async\" src=\"https:\/\/upload.cdn.baselinker.com\/products\/14476\/02a1373fa8887861fb0f2c2e04739754.jpg\" \/><br \/>\n            <\/section>\n<\/p><\/div>\n<div class=\"item item-6\">\n<section class=\"text-item\">\n<p><b>\u2705 Do czego ? <\/b><\/p>\n<p>Wiert\u0142a nadaj\u0105 si\u0119 do pracy z wszelkimi materia\u0142ami drewnianymi i drewnopochodnymi. Przeznaczony do obr\u00f3bki\u00a0 poni\u017cszych materia\u0142\u00f3w:\u00a0<\/p>\n<ul>\n<li>mi\u0119kkie drewno,<\/li>\n<\/ul>\n<ul>\n<li>twarde\/lite drewno,<\/li>\n<\/ul>\n<ul>\n<li>p\u0142yta wi\u00f3rowa,<\/li>\n<\/ul>\n<ul>\n<li>p\u0142yta pil\u015bniowe,<\/li>\n<\/ul>\n<ul>\n<li>p\u0142yta laminowane,<\/li>\n<\/ul>\n<ul>\n<li>panele wielowarstwowe.<\/li>\n<\/ul>\n<p><b>\u2705\u00a0 Zastosowanie: <\/b><\/p>\n<p>Wiert\u0142o jest przeznaczona <b>do wykonywania dok\u0142adnych otwor\u00f3w pod zawiasy puszkowe.<\/b> Przy pomocy frez\u00f3w wykonasz precyzyjne ci\u0119cie na obrabianych materia\u0142ach,<b> bez szarpania kraw\u0119dzi<\/b>. Wywiercony otw\u00f3r pozwoli zamontowa\u0107 zawiasy puszkowe w drewnianych drzwiczkach mebli. \u00a0Rozmiar wiert\u0142a ( 35 mm) b\u0119dzie pasowa\u0142 do standardowych wymiar\u00f3w zawias\u00f3w meblowych.<\/p>\n<ul>\n<li>Wiercenie \u015blepych otwor\u00f3w w drewnie i innych materia\u0142ach drewnopochodnych.<\/li>\n<\/ul>\n<ul>\n<li>Nawiercanie otwor\u00f3w pod zawiasy puszkowe.<\/li>\n<\/ul>\n<ul>\n<li>Podczas wykonywanie \u00a0mebli w pracowniach stolarskich.<\/li>\n<\/ul>\n<ul>\n<li>Do monta\u017cy drzwi i okien.<\/li>\n<\/ul>\n<\/section><\/div>\n<\/section>\n<section class=\"section\">\n<div class=\"item item-6\">\n<section class=\"image-item\">\n                <img decoding=\"async\" src=\"https:\/\/upload.cdn.baselinker.com\/products\/14476\/c68a4ea85e52663aeec3b66300216c67.jpg\" \/><br \/>\n            <\/section>\n<\/p><\/div>\n<div class=\"item item-6\">\n<section class=\"text-item\">\n<p><b>\u2705Dla kogo ?<\/b><\/p>\n<p>Frez puszkowy sprawdzi si\u0119 u majsterkowicz\u00f3w i stolarzy, kt\u00f3rzy ceni\u0105 sobie wygod\u0119 i lubi\u0105 sprawnie i w kr\u00f3tkim czasie wykonywa\u0107 prace.<\/p>\n<p><b>\u2705 Najwa\u017cniejsze zalety frezu do drewna: <\/b><\/p>\n<ul>\n<li>Wysoka jako\u015b\u0107 wykonania.<\/li>\n<li>Du\u017ca wytrzyma\u0142o\u015b\u0107.<\/li>\n<li>Precyzyjne i szybkie wiercenie.<\/li>\n<li>Komfort u\u017cytkowania.<\/li>\n<li>Nie szarpie kraw\u0119dzi obrabianego materia\u0142u.<\/li>\n<\/ul>\n<p><b>Koniecznie sprawd\u017a inne dost\u0119pne w naszym sklepie produkty!<\/b><\/p>\n<\/section><\/div>\n<\/section>\n","protected":false},"excerpt":{"rendered":"<p>FREZ PUSZKOWY DO DREWNA S\u0118KOWNIK WIDIOWY 35 mm Dane techniczne: D\u0142ugo\u015b\u0107: 60 mm \u015arednica: 35 mm Materia\u0142: stal w\u0119glowa Przeznaczenie: do drewna Frez puszkowy do drewna. Wiert\u0142o wykonane ze stali w\u0119glowej i wyposa\u017cone w p\u0142ytki z w\u0119glika spiekanego w celu zwi\u0119kszenia trwa\u0142o\u015bci i wydajno\u015bci.\u00a0 \u015arednica frezu wynosi 35 mm, a d\u0142ugo\u015b\u0107 60 mm. Solidnie wykonany<br \/><a class=\"more-link\" href=\"https:\/\/bobimarket.pl\/index.php\/produkt\/frez-puszkowy-do-drewna-sekownik-widiowy-35-mm\/\"><br \/>\n        Czytaj wi\u0119cej<span class=\"screen-reader-text\"> &#8222;FREZ PUSZKOWY DO DREWNA S\u0118KOWNIK WIDIOWY 35 mm&#8221;<\/span><\/a><\/p>\n","protected":false},"featured_media":88490,"template":"","meta":[],"product_cat":[8231],"product_tag":[],"yoast_head":"<!-- This site is optimized with the Yoast SEO plugin v21.0 - https:\/\/yoast.com\/wordpress\/plugins\/seo\/ -->\n<title>FREZ PUSZKOWY DO DREWNA S\u0118KOWNIK WIDIOWY 35 mm - BOBIMARKET.pl - Remontuj i urz\u0105dzaj z nami<\/title>\n<meta name=\"robots\" content=\"index, follow, max-snippet:-1, max-image-preview:large, max-video-preview:-1\" \/>\n<link rel=\"canonical\" href=\"https:\/\/bobimarket.pl\/index.php\/produkt\/frez-puszkowy-do-drewna-sekownik-widiowy-35-mm\/\" \/>\n<meta property=\"og:locale\" content=\"pl_PL\" \/>\n<meta property=\"og:type\" content=\"article\" \/>\n<meta property=\"og:title\" content=\"FREZ PUSZKOWY DO DREWNA S\u0118KOWNIK WIDIOWY 35 mm - BOBIMARKET.pl - Remontuj i urz\u0105dzaj z nami\" \/>\n<meta property=\"og:description\" content=\"FREZ PUSZKOWY DO DREWNA S\u0118KOWNIK WIDIOWY 35 mm Dane techniczne: D\u0142ugo\u015b\u0107: 60 mm \u015arednica: 35 mm Materia\u0142: stal w\u0119glowa Przeznaczenie: do drewna Frez puszkowy do drewna. Wiert\u0142o wykonane ze stali w\u0119glowej i wyposa\u017cone w p\u0142ytki z w\u0119glika spiekanego w celu zwi\u0119kszenia trwa\u0142o\u015bci i wydajno\u015bci.\u00a0 \u015arednica frezu wynosi 35 mm, a d\u0142ugo\u015b\u0107 60 mm. Solidnie wykonany     Czytaj wi\u0119cej &quot;FREZ PUSZKOWY DO DREWNA S\u0118KOWNIK WIDIOWY 35 mm&quot;\" \/>\n<meta property=\"og:url\" content=\"https:\/\/bobimarket.pl\/index.php\/produkt\/frez-puszkowy-do-drewna-sekownik-widiowy-35-mm\/\" \/>\n<meta property=\"og:site_name\" content=\"BOBIMARKET.pl - Remontuj i urz\u0105dzaj z nami\" \/>\n<meta property=\"article:modified_time\" content=\"2025-02-27T15:05:59+00:00\" \/>\n<meta property=\"og:image\" content=\"https:\/\/upload.cdn.baselinker.com\/products\/14476\/c43aa90c72bce68be2cb5f9d37b4b7cd.jpg\" \/>\n<meta name=\"twitter:card\" content=\"summary_large_image\" \/>\n<meta name=\"twitter:label1\" content=\"Szacowany czas czytania\" \/>\n\t<meta name=\"twitter:data1\" content=\"2 minuty\" \/>\n<script type=\"application\/ld+json\" class=\"yoast-schema-graph\">{\"@context\":\"https:\/\/schema.org\",\"@graph\":[{\"@type\":\"WebPage\",\"@id\":\"https:\/\/bobimarket.pl\/index.php\/produkt\/frez-puszkowy-do-drewna-sekownik-widiowy-35-mm\/\",\"url\":\"https:\/\/bobimarket.pl\/index.php\/produkt\/frez-puszkowy-do-drewna-sekownik-widiowy-35-mm\/\",\"name\":\"FREZ PUSZKOWY DO DREWNA S\u0118KOWNIK WIDIOWY 35 mm - BOBIMARKET.pl - Remontuj i urz\u0105dzaj z nami\",\"isPartOf\":{\"@id\":\"https:\/\/bobimarket.pl\/#website\"},\"datePublished\":\"2023-08-30T02:11:45+00:00\",\"dateModified\":\"2025-02-27T15:05:59+00:00\",\"breadcrumb\":{\"@id\":\"https:\/\/bobimarket.pl\/index.php\/produkt\/frez-puszkowy-do-drewna-sekownik-widiowy-35-mm\/#breadcrumb\"},\"inLanguage\":\"pl-PL\",\"potentialAction\":[{\"@type\":\"ReadAction\",\"target\":[\"https:\/\/bobimarket.pl\/index.php\/produkt\/frez-puszkowy-do-drewna-sekownik-widiowy-35-mm\/\"]}]},{\"@type\":\"BreadcrumbList\",\"@id\":\"https:\/\/bobimarket.pl\/index.php\/produkt\/frez-puszkowy-do-drewna-sekownik-widiowy-35-mm\/#breadcrumb\",\"itemListElement\":[{\"@type\":\"ListItem\",\"position\":1,\"name\":\"Strona g\u0142\u00f3wna\",\"item\":\"https:\/\/bobimarket.pl\/\"},{\"@type\":\"ListItem\",\"position\":2,\"name\":\"Sklep\",\"item\":\"https:\/\/bobimarket.pl\/index.php\/shop\/\"},{\"@type\":\"ListItem\",\"position\":3,\"name\":\"FREZ PUSZKOWY DO DREWNA S\u0118KOWNIK WIDIOWY 35 mm\"}]},{\"@type\":\"WebSite\",\"@id\":\"https:\/\/bobimarket.pl\/#website\",\"url\":\"https:\/\/bobimarket.pl\/\",\"name\":\"BOBIMARKET.pl - Remontuj i urz\u0105dzaj z nami\",\"description\":\"Remontuj i urz\u0105dzaj z nami\",\"publisher\":{\"@id\":\"https:\/\/bobimarket.pl\/#organization\"},\"potentialAction\":[{\"@type\":\"SearchAction\",\"target\":{\"@type\":\"EntryPoint\",\"urlTemplate\":\"https:\/\/bobimarket.pl\/?s={search_term_string}\"},\"query-input\":\"required name=search_term_string\"}],\"inLanguage\":\"pl-PL\"},{\"@type\":\"Organization\",\"@id\":\"https:\/\/bobimarket.pl\/#organization\",\"name\":\"BOBIMARKET.pl\",\"url\":\"https:\/\/bobimarket.pl\/\",\"logo\":{\"@type\":\"ImageObject\",\"inLanguage\":\"pl-PL\",\"@id\":\"https:\/\/bobimarket.pl\/#\/schema\/logo\/image\/\",\"url\":\"https:\/\/bobimarket.pl\/wp-content\/uploads\/2021\/11\/slogan.png\",\"contentUrl\":\"https:\/\/bobimarket.pl\/wp-content\/uploads\/2021\/11\/slogan.png\",\"width\":2000,\"height\":384,\"caption\":\"BOBIMARKET.pl\"},\"image\":{\"@id\":\"https:\/\/bobimarket.pl\/#\/schema\/logo\/image\/\"}}]}<\/script>\n<!-- \/ Yoast SEO plugin. -->","yoast_head_json":{"title":"FREZ PUSZKOWY DO DREWNA S\u0118KOWNIK WIDIOWY 35 mm - BOBIMARKET.pl - Remontuj i urz\u0105dzaj z nami","robots":{"index":"index","follow":"follow","max-snippet":"max-snippet:-1","max-image-preview":"max-image-preview:large","max-video-preview":"max-video-preview:-1"},"canonical":"https:\/\/bobimarket.pl\/index.php\/produkt\/frez-puszkowy-do-drewna-sekownik-widiowy-35-mm\/","og_locale":"pl_PL","og_type":"article","og_title":"FREZ PUSZKOWY DO DREWNA S\u0118KOWNIK WIDIOWY 35 mm - BOBIMARKET.pl - Remontuj i urz\u0105dzaj z nami","og_description":"FREZ PUSZKOWY DO DREWNA S\u0118KOWNIK WIDIOWY 35 mm Dane techniczne: D\u0142ugo\u015b\u0107: 60 mm \u015arednica: 35 mm Materia\u0142: stal w\u0119glowa Przeznaczenie: do drewna Frez puszkowy do drewna. Wiert\u0142o wykonane ze stali w\u0119glowej i wyposa\u017cone w p\u0142ytki z w\u0119glika spiekanego w celu zwi\u0119kszenia trwa\u0142o\u015bci i wydajno\u015bci.\u00a0 \u015arednica frezu wynosi 35 mm, a d\u0142ugo\u015b\u0107 60 mm. Solidnie wykonany     Czytaj wi\u0119cej \"FREZ PUSZKOWY DO DREWNA S\u0118KOWNIK WIDIOWY 35 mm\"","og_url":"https:\/\/bobimarket.pl\/index.php\/produkt\/frez-puszkowy-do-drewna-sekownik-widiowy-35-mm\/","og_site_name":"BOBIMARKET.pl - Remontuj i urz\u0105dzaj z nami","article_modified_time":"2025-02-27T15:05:59+00:00","og_image":[{"url":"https:\/\/upload.cdn.baselinker.com\/products\/14476\/c43aa90c72bce68be2cb5f9d37b4b7cd.jpg"}],"twitter_card":"summary_large_image","twitter_misc":{"Szacowany czas czytania":"2 minuty"},"schema":{"@context":"https:\/\/schema.org","@graph":[{"@type":"WebPage","@id":"https:\/\/bobimarket.pl\/index.php\/produkt\/frez-puszkowy-do-drewna-sekownik-widiowy-35-mm\/","url":"https:\/\/bobimarket.pl\/index.php\/produkt\/frez-puszkowy-do-drewna-sekownik-widiowy-35-mm\/","name":"FREZ PUSZKOWY DO DREWNA S\u0118KOWNIK WIDIOWY 35 mm - BOBIMARKET.pl - Remontuj i urz\u0105dzaj z nami","isPartOf":{"@id":"https:\/\/bobimarket.pl\/#website"},"datePublished":"2023-08-30T02:11:45+00:00","dateModified":"2025-02-27T15:05:59+00:00","breadcrumb":{"@id":"https:\/\/bobimarket.pl\/index.php\/produkt\/frez-puszkowy-do-drewna-sekownik-widiowy-35-mm\/#breadcrumb"},"inLanguage":"pl-PL","potentialAction":[{"@type":"ReadAction","target":["https:\/\/bobimarket.pl\/index.php\/produkt\/frez-puszkowy-do-drewna-sekownik-widiowy-35-mm\/"]}]},{"@type":"BreadcrumbList","@id":"https:\/\/bobimarket.pl\/index.php\/produkt\/frez-puszkowy-do-drewna-sekownik-widiowy-35-mm\/#breadcrumb","itemListElement":[{"@type":"ListItem","position":1,"name":"Strona g\u0142\u00f3wna","item":"https:\/\/bobimarket.pl\/"},{"@type":"ListItem","position":2,"name":"Sklep","item":"https:\/\/bobimarket.pl\/index.php\/shop\/"},{"@type":"ListItem","position":3,"name":"FREZ PUSZKOWY DO DREWNA S\u0118KOWNIK WIDIOWY 35 mm"}]},{"@type":"WebSite","@id":"https:\/\/bobimarket.pl\/#website","url":"https:\/\/bobimarket.pl\/","name":"BOBIMARKET.pl - Remontuj i urz\u0105dzaj z nami","description":"Remontuj i urz\u0105dzaj z nami","publisher":{"@id":"https:\/\/bobimarket.pl\/#organization"},"potentialAction":[{"@type":"SearchAction","target":{"@type":"EntryPoint","urlTemplate":"https:\/\/bobimarket.pl\/?s={search_term_string}"},"query-input":"required name=search_term_string"}],"inLanguage":"pl-PL"},{"@type":"Organization","@id":"https:\/\/bobimarket.pl\/#organization","name":"BOBIMARKET.pl","url":"https:\/\/bobimarket.pl\/","logo":{"@type":"ImageObject","inLanguage":"pl-PL","@id":"https:\/\/bobimarket.pl\/#\/schema\/logo\/image\/","url":"https:\/\/bobimarket.pl\/wp-content\/uploads\/2021\/11\/slogan.png","contentUrl":"https:\/\/bobimarket.pl\/wp-content\/uploads\/2021\/11\/slogan.png","width":2000,"height":384,"caption":"BOBIMARKET.pl"},"image":{"@id":"https:\/\/bobimarket.pl\/#\/schema\/logo\/image\/"}}]}},"_links":{"self":[{"href":"https:\/\/bobimarket.pl\/index.php\/wp-json\/wp\/v2\/product\/88494"}],"collection":[{"href":"https:\/\/bobimarket.pl\/index.php\/wp-json\/wp\/v2\/product"}],"about":[{"href":"https:\/\/bobimarket.pl\/index.php\/wp-json\/wp\/v2\/types\/product"}],"wp:featuredmedia":[{"embeddable":true,"href":"https:\/\/bobimarket.pl\/index.php\/wp-json\/wp\/v2\/media\/88490"}],"wp:attachment":[{"href":"https:\/\/bobimarket.pl\/index.php\/wp-json\/wp\/v2\/media?parent=88494"}],"wp:term":[{"taxonomy":"product_cat","embeddable":true,"href":"https:\/\/bobimarket.pl\/index.php\/wp-json\/wp\/v2\/product_cat?post=88494"},{"taxonomy":"product_tag","embeddable":true,"href":"https:\/\/bobimarket.pl\/index.php\/wp-json\/wp\/v2\/product_tag?post=88494"}],"curies":[{"name":"wp","href":"https:\/\/api.w.org\/{rel}","templated":true}]}}