{"id":88518,"date":"2023-08-30T02:13:30","date_gmt":"2023-08-30T02:13:30","guid":{"rendered":"https:\/\/bobimarket.pl\/index.php\/produkt\/noz-nozyk-do-tapet-ostrze-lamane-zestaw-9-i-18-mm\/"},"modified":"2025-02-27T15:06:22","modified_gmt":"2025-02-27T15:06:22","slug":"noz-nozyk-do-tapet-ostrze-lamane-zestaw-9-i-18-mm","status":"publish","type":"product","link":"https:\/\/bobimarket.pl\/index.php\/produkt\/noz-nozyk-do-tapet-ostrze-lamane-zestaw-9-i-18-mm\/","title":{"rendered":"N\u00d3\u017b NO\u017bYK DO TAPET OSTRZE \u0141AMANE ZESTAW 9 i 18 mm"},"content":{"rendered":"<section class=\"section\">\n<div class=\"item item-6\">\n<section class=\"image-item\">\n            <img decoding=\"async\" src=\"https:\/\/upload.cdn.baselinker.com\/products\/14476\/045d55fec1a752df428557cac27313ef.jpg\" \/><br \/>\n        <\/section>\n<\/p><\/div>\n<div class=\"item item-6\">\n<section class=\"text-item\">\n<h1>N\u00d3\u017b NO\u017bYK DO TAPET OSTRZE \u0141AMANE ZESTAW 9 i 18 mm<\/h1>\n<p><b>Charakterystyka produktu:<\/b><\/p>\n<ul>\n<li>Korpus: tworzywo sztuczne<\/li>\n<li>Wysuwane, \u0142amane ostrze<\/li>\n<li>Wyprofilowana r\u0119koje\u015b\u0107<\/li>\n<li>Ostrza: <b>9 i 18 mm<\/b><\/li>\n<\/ul>\n<h2>Zestaw sk\u0142ada si\u0119 z 3 no\u017cyk\u00f3w.<\/h2>\n<\/section><\/div>\n<\/section>\n<section class=\"section\">\n<div class=\"item item-6\">\n<section class=\"image-item\">\n            <img decoding=\"async\" src=\"https:\/\/upload.cdn.baselinker.com\/products\/14476\/b2516b8cf8fb00181c7769ebbb21effc.jpg\" \/><br \/>\n        <\/section>\n<\/p><\/div>\n<div class=\"item item-6\">\n<section class=\"text-item\">\n<p>Zestaw klasycznych no\u017cyk\u00f3w do tapet. Komplet sk\u0142ada si\u0119 <b>z 3 element\u00f3w<\/b> o r\u00f3\u017cnej wielko\u015bci. Z pomoc\u0105 produktu z \u0142atwo\u015bci\u0105 wykonasz obr\u00f3bk\u0119 materia\u0142\u00f3w, tn\u0105c np. tapety do po\u017c\u0105danego rozmiaru.<\/p>\n<ul>\n<li>Dobrze wyprofilowane, zapewniaj\u0105 komfort pracy.<\/li>\n<li>Zestaw sk\u0142ada si\u0119 z <b>3 no\u017cyk\u00f3w z wymienni ostrzami 9 i 18 mm.<\/b><\/li>\n<\/ul>\n<\/section><\/div>\n<\/section>\n<section class=\"section\">\n<div class=\"item item-6\">\n<section class=\"image-item\">\n            <img decoding=\"async\" src=\"https:\/\/upload.cdn.baselinker.com\/products\/14476\/045d55fec1a752df428557cac27313ef.jpg\" \/><br \/>\n        <\/section>\n<\/p><\/div>\n<div class=\"item item-6\">\n<section class=\"text-item\">\n<p><b>\u2705 Zastosowanie:<\/b><\/p>\n<p>Zestaw sk\u0142ada si\u0119\u00a0 z no\u017cyk\u00f3w o r\u00f3\u017cnej wielko\u015bci. Mniejsze no\u017cyki \u015bwietnie sprawdz\u0105 si\u0119 do detali i mniejszych element\u00f3w. Du\u017cy przyda si\u0119 do ci\u0119cia twardszych i wi\u0119kszych materia\u0142\u00f3w.<\/p>\n<p>Doskonale sprawdz\u0105 si\u0119 do ci\u0119cia mi\u0119kkich materia\u0142\u00f3w ( np. kartonu, papieru, korka, sznurk\u00f3w, ta\u015bmy, tkaniny, styropian).<\/p>\n<p>Wykorzystasz je podczas wszelkich prac:<\/p>\n<ul>\n<li>w warsztacie<\/li>\n<li>budowlanych<\/li>\n<li>wyko\u0144czeniowych<\/li>\n<li>remontowych<\/li>\n<li>artystycznych i DIY<\/li>\n<li>na magazynach.<\/li>\n<\/ul>\n<\/section><\/div>\n<\/section>\n","protected":false},"excerpt":{"rendered":"<p>N\u00d3\u017b NO\u017bYK DO TAPET OSTRZE \u0141AMANE ZESTAW 9 i 18 mm Charakterystyka produktu: Korpus: tworzywo sztuczne Wysuwane, \u0142amane ostrze Wyprofilowana r\u0119koje\u015b\u0107 Ostrza: 9 i 18 mm Zestaw sk\u0142ada si\u0119 z 3 no\u017cyk\u00f3w. Zestaw klasycznych no\u017cyk\u00f3w do tapet. Komplet sk\u0142ada si\u0119 z 3 element\u00f3w o r\u00f3\u017cnej wielko\u015bci. Z pomoc\u0105 produktu z \u0142atwo\u015bci\u0105 wykonasz obr\u00f3bk\u0119 materia\u0142\u00f3w, tn\u0105c<br \/><a class=\"more-link\" href=\"https:\/\/bobimarket.pl\/index.php\/produkt\/noz-nozyk-do-tapet-ostrze-lamane-zestaw-9-i-18-mm\/\"><br \/>\n        Czytaj wi\u0119cej<span class=\"screen-reader-text\"> &#8222;N\u00d3\u017b NO\u017bYK DO TAPET OSTRZE \u0141AMANE ZESTAW 9 i 18 mm&#8221;<\/span><\/a><\/p>\n","protected":false},"featured_media":88515,"template":"","meta":[],"product_cat":[8259],"product_tag":[],"yoast_head":"<!-- This site is optimized with the Yoast SEO plugin v21.0 - https:\/\/yoast.com\/wordpress\/plugins\/seo\/ -->\n<title>N\u00d3\u017b NO\u017bYK DO TAPET OSTRZE \u0141AMANE ZESTAW 9 i 18 mm - BOBIMARKET.pl - Remontuj i urz\u0105dzaj z nami<\/title>\n<meta name=\"robots\" content=\"index, follow, max-snippet:-1, max-image-preview:large, max-video-preview:-1\" \/>\n<link rel=\"canonical\" href=\"https:\/\/bobimarket.pl\/index.php\/produkt\/noz-nozyk-do-tapet-ostrze-lamane-zestaw-9-i-18-mm\/\" \/>\n<meta property=\"og:locale\" content=\"pl_PL\" \/>\n<meta property=\"og:type\" content=\"article\" \/>\n<meta property=\"og:title\" content=\"N\u00d3\u017b NO\u017bYK DO TAPET OSTRZE \u0141AMANE ZESTAW 9 i 18 mm - BOBIMARKET.pl - Remontuj i urz\u0105dzaj z nami\" \/>\n<meta property=\"og:description\" content=\"N\u00d3\u017b NO\u017bYK DO TAPET OSTRZE \u0141AMANE ZESTAW 9 i 18 mm Charakterystyka produktu: Korpus: tworzywo sztuczne Wysuwane, \u0142amane ostrze Wyprofilowana r\u0119koje\u015b\u0107 Ostrza: 9 i 18 mm Zestaw sk\u0142ada si\u0119 z 3 no\u017cyk\u00f3w. Zestaw klasycznych no\u017cyk\u00f3w do tapet. Komplet sk\u0142ada si\u0119 z 3 element\u00f3w o r\u00f3\u017cnej wielko\u015bci. Z pomoc\u0105 produktu z \u0142atwo\u015bci\u0105 wykonasz obr\u00f3bk\u0119 materia\u0142\u00f3w, tn\u0105c     Czytaj wi\u0119cej &quot;N\u00d3\u017b NO\u017bYK DO TAPET OSTRZE \u0141AMANE ZESTAW 9 i 18 mm&quot;\" \/>\n<meta property=\"og:url\" content=\"https:\/\/bobimarket.pl\/index.php\/produkt\/noz-nozyk-do-tapet-ostrze-lamane-zestaw-9-i-18-mm\/\" \/>\n<meta property=\"og:site_name\" content=\"BOBIMARKET.pl - Remontuj i urz\u0105dzaj z nami\" \/>\n<meta property=\"article:modified_time\" content=\"2025-02-27T15:06:22+00:00\" \/>\n<meta property=\"og:image\" content=\"https:\/\/upload.cdn.baselinker.com\/products\/14476\/045d55fec1a752df428557cac27313ef.jpg\" \/>\n<meta name=\"twitter:card\" content=\"summary_large_image\" \/>\n<meta name=\"twitter:label1\" content=\"Szacowany czas czytania\" \/>\n\t<meta name=\"twitter:data1\" content=\"1 minuta\" \/>\n<script type=\"application\/ld+json\" class=\"yoast-schema-graph\">{\"@context\":\"https:\/\/schema.org\",\"@graph\":[{\"@type\":\"WebPage\",\"@id\":\"https:\/\/bobimarket.pl\/index.php\/produkt\/noz-nozyk-do-tapet-ostrze-lamane-zestaw-9-i-18-mm\/\",\"url\":\"https:\/\/bobimarket.pl\/index.php\/produkt\/noz-nozyk-do-tapet-ostrze-lamane-zestaw-9-i-18-mm\/\",\"name\":\"N\u00d3\u017b NO\u017bYK DO TAPET OSTRZE \u0141AMANE ZESTAW 9 i 18 mm - BOBIMARKET.pl - Remontuj i urz\u0105dzaj z nami\",\"isPartOf\":{\"@id\":\"https:\/\/bobimarket.pl\/#website\"},\"datePublished\":\"2023-08-30T02:13:30+00:00\",\"dateModified\":\"2025-02-27T15:06:22+00:00\",\"breadcrumb\":{\"@id\":\"https:\/\/bobimarket.pl\/index.php\/produkt\/noz-nozyk-do-tapet-ostrze-lamane-zestaw-9-i-18-mm\/#breadcrumb\"},\"inLanguage\":\"pl-PL\",\"potentialAction\":[{\"@type\":\"ReadAction\",\"target\":[\"https:\/\/bobimarket.pl\/index.php\/produkt\/noz-nozyk-do-tapet-ostrze-lamane-zestaw-9-i-18-mm\/\"]}]},{\"@type\":\"BreadcrumbList\",\"@id\":\"https:\/\/bobimarket.pl\/index.php\/produkt\/noz-nozyk-do-tapet-ostrze-lamane-zestaw-9-i-18-mm\/#breadcrumb\",\"itemListElement\":[{\"@type\":\"ListItem\",\"position\":1,\"name\":\"Strona g\u0142\u00f3wna\",\"item\":\"https:\/\/bobimarket.pl\/\"},{\"@type\":\"ListItem\",\"position\":2,\"name\":\"Sklep\",\"item\":\"https:\/\/bobimarket.pl\/index.php\/shop\/\"},{\"@type\":\"ListItem\",\"position\":3,\"name\":\"N\u00d3\u017b NO\u017bYK DO TAPET OSTRZE \u0141AMANE ZESTAW 9 i 18 mm\"}]},{\"@type\":\"WebSite\",\"@id\":\"https:\/\/bobimarket.pl\/#website\",\"url\":\"https:\/\/bobimarket.pl\/\",\"name\":\"BOBIMARKET.pl - Remontuj i urz\u0105dzaj z nami\",\"description\":\"Remontuj i urz\u0105dzaj z nami\",\"publisher\":{\"@id\":\"https:\/\/bobimarket.pl\/#organization\"},\"potentialAction\":[{\"@type\":\"SearchAction\",\"target\":{\"@type\":\"EntryPoint\",\"urlTemplate\":\"https:\/\/bobimarket.pl\/?s={search_term_string}\"},\"query-input\":\"required name=search_term_string\"}],\"inLanguage\":\"pl-PL\"},{\"@type\":\"Organization\",\"@id\":\"https:\/\/bobimarket.pl\/#organization\",\"name\":\"BOBIMARKET.pl\",\"url\":\"https:\/\/bobimarket.pl\/\",\"logo\":{\"@type\":\"ImageObject\",\"inLanguage\":\"pl-PL\",\"@id\":\"https:\/\/bobimarket.pl\/#\/schema\/logo\/image\/\",\"url\":\"https:\/\/bobimarket.pl\/wp-content\/uploads\/2021\/11\/slogan.png\",\"contentUrl\":\"https:\/\/bobimarket.pl\/wp-content\/uploads\/2021\/11\/slogan.png\",\"width\":2000,\"height\":384,\"caption\":\"BOBIMARKET.pl\"},\"image\":{\"@id\":\"https:\/\/bobimarket.pl\/#\/schema\/logo\/image\/\"}}]}<\/script>\n<!-- \/ Yoast SEO plugin. -->","yoast_head_json":{"title":"N\u00d3\u017b NO\u017bYK DO TAPET OSTRZE \u0141AMANE ZESTAW 9 i 18 mm - BOBIMARKET.pl - Remontuj i urz\u0105dzaj z nami","robots":{"index":"index","follow":"follow","max-snippet":"max-snippet:-1","max-image-preview":"max-image-preview:large","max-video-preview":"max-video-preview:-1"},"canonical":"https:\/\/bobimarket.pl\/index.php\/produkt\/noz-nozyk-do-tapet-ostrze-lamane-zestaw-9-i-18-mm\/","og_locale":"pl_PL","og_type":"article","og_title":"N\u00d3\u017b NO\u017bYK DO TAPET OSTRZE \u0141AMANE ZESTAW 9 i 18 mm - BOBIMARKET.pl - Remontuj i urz\u0105dzaj z nami","og_description":"N\u00d3\u017b NO\u017bYK DO TAPET OSTRZE \u0141AMANE ZESTAW 9 i 18 mm Charakterystyka produktu: Korpus: tworzywo sztuczne Wysuwane, \u0142amane ostrze Wyprofilowana r\u0119koje\u015b\u0107 Ostrza: 9 i 18 mm Zestaw sk\u0142ada si\u0119 z 3 no\u017cyk\u00f3w. Zestaw klasycznych no\u017cyk\u00f3w do tapet. Komplet sk\u0142ada si\u0119 z 3 element\u00f3w o r\u00f3\u017cnej wielko\u015bci. Z pomoc\u0105 produktu z \u0142atwo\u015bci\u0105 wykonasz obr\u00f3bk\u0119 materia\u0142\u00f3w, tn\u0105c     Czytaj wi\u0119cej \"N\u00d3\u017b NO\u017bYK DO TAPET OSTRZE \u0141AMANE ZESTAW 9 i 18 mm\"","og_url":"https:\/\/bobimarket.pl\/index.php\/produkt\/noz-nozyk-do-tapet-ostrze-lamane-zestaw-9-i-18-mm\/","og_site_name":"BOBIMARKET.pl - Remontuj i urz\u0105dzaj z nami","article_modified_time":"2025-02-27T15:06:22+00:00","og_image":[{"url":"https:\/\/upload.cdn.baselinker.com\/products\/14476\/045d55fec1a752df428557cac27313ef.jpg"}],"twitter_card":"summary_large_image","twitter_misc":{"Szacowany czas czytania":"1 minuta"},"schema":{"@context":"https:\/\/schema.org","@graph":[{"@type":"WebPage","@id":"https:\/\/bobimarket.pl\/index.php\/produkt\/noz-nozyk-do-tapet-ostrze-lamane-zestaw-9-i-18-mm\/","url":"https:\/\/bobimarket.pl\/index.php\/produkt\/noz-nozyk-do-tapet-ostrze-lamane-zestaw-9-i-18-mm\/","name":"N\u00d3\u017b NO\u017bYK DO TAPET OSTRZE \u0141AMANE ZESTAW 9 i 18 mm - BOBIMARKET.pl - Remontuj i urz\u0105dzaj z nami","isPartOf":{"@id":"https:\/\/bobimarket.pl\/#website"},"datePublished":"2023-08-30T02:13:30+00:00","dateModified":"2025-02-27T15:06:22+00:00","breadcrumb":{"@id":"https:\/\/bobimarket.pl\/index.php\/produkt\/noz-nozyk-do-tapet-ostrze-lamane-zestaw-9-i-18-mm\/#breadcrumb"},"inLanguage":"pl-PL","potentialAction":[{"@type":"ReadAction","target":["https:\/\/bobimarket.pl\/index.php\/produkt\/noz-nozyk-do-tapet-ostrze-lamane-zestaw-9-i-18-mm\/"]}]},{"@type":"BreadcrumbList","@id":"https:\/\/bobimarket.pl\/index.php\/produkt\/noz-nozyk-do-tapet-ostrze-lamane-zestaw-9-i-18-mm\/#breadcrumb","itemListElement":[{"@type":"ListItem","position":1,"name":"Strona g\u0142\u00f3wna","item":"https:\/\/bobimarket.pl\/"},{"@type":"ListItem","position":2,"name":"Sklep","item":"https:\/\/bobimarket.pl\/index.php\/shop\/"},{"@type":"ListItem","position":3,"name":"N\u00d3\u017b NO\u017bYK DO TAPET OSTRZE \u0141AMANE ZESTAW 9 i 18 mm"}]},{"@type":"WebSite","@id":"https:\/\/bobimarket.pl\/#website","url":"https:\/\/bobimarket.pl\/","name":"BOBIMARKET.pl - Remontuj i urz\u0105dzaj z nami","description":"Remontuj i urz\u0105dzaj z nami","publisher":{"@id":"https:\/\/bobimarket.pl\/#organization"},"potentialAction":[{"@type":"SearchAction","target":{"@type":"EntryPoint","urlTemplate":"https:\/\/bobimarket.pl\/?s={search_term_string}"},"query-input":"required name=search_term_string"}],"inLanguage":"pl-PL"},{"@type":"Organization","@id":"https:\/\/bobimarket.pl\/#organization","name":"BOBIMARKET.pl","url":"https:\/\/bobimarket.pl\/","logo":{"@type":"ImageObject","inLanguage":"pl-PL","@id":"https:\/\/bobimarket.pl\/#\/schema\/logo\/image\/","url":"https:\/\/bobimarket.pl\/wp-content\/uploads\/2021\/11\/slogan.png","contentUrl":"https:\/\/bobimarket.pl\/wp-content\/uploads\/2021\/11\/slogan.png","width":2000,"height":384,"caption":"BOBIMARKET.pl"},"image":{"@id":"https:\/\/bobimarket.pl\/#\/schema\/logo\/image\/"}}]}},"_links":{"self":[{"href":"https:\/\/bobimarket.pl\/index.php\/wp-json\/wp\/v2\/product\/88518"}],"collection":[{"href":"https:\/\/bobimarket.pl\/index.php\/wp-json\/wp\/v2\/product"}],"about":[{"href":"https:\/\/bobimarket.pl\/index.php\/wp-json\/wp\/v2\/types\/product"}],"wp:featuredmedia":[{"embeddable":true,"href":"https:\/\/bobimarket.pl\/index.php\/wp-json\/wp\/v2\/media\/88515"}],"wp:attachment":[{"href":"https:\/\/bobimarket.pl\/index.php\/wp-json\/wp\/v2\/media?parent=88518"}],"wp:term":[{"taxonomy":"product_cat","embeddable":true,"href":"https:\/\/bobimarket.pl\/index.php\/wp-json\/wp\/v2\/product_cat?post=88518"},{"taxonomy":"product_tag","embeddable":true,"href":"https:\/\/bobimarket.pl\/index.php\/wp-json\/wp\/v2\/product_tag?post=88518"}],"curies":[{"name":"wp","href":"https:\/\/api.w.org\/{rel}","templated":true}]}}