{"id":88528,"date":"2023-08-30T02:14:13","date_gmt":"2023-08-30T02:14:13","guid":{"rendered":"https:\/\/bobimarket.pl\/index.php\/produkt\/sznurek-traserski-15m-sznur-murarski-budowlany-2\/"},"modified":"2025-02-27T15:06:34","modified_gmt":"2025-02-27T15:06:34","slug":"sznurek-traserski-15m-sznur-murarski-budowlany-2","status":"publish","type":"product","link":"https:\/\/bobimarket.pl\/index.php\/produkt\/sznurek-traserski-15m-sznur-murarski-budowlany-2\/","title":{"rendered":"SZNUREK TRASERSKI 15M SZNUR MURARSKI BUDOWLANY"},"content":{"rendered":"<section class=\"section\">\n<div class=\"item item-6\">\n<section class=\"image-item\">\n                <img decoding=\"async\" src=\"https:\/\/upload.cdn.baselinker.com\/products\/14476\/2448b8df70d188315008bb703c0ab81d.jpg\" \/><br \/>\n            <\/section>\n<\/p><\/div>\n<div class=\"item item-6\">\n<section class=\"text-item\">\n<h2>SZNUREK TRASERSKI 15M SZNUR MURARSKI BUDOWLANY<\/h2>\n<p><b>Dane techniczne: <\/b><\/p>\n<ul>\n<li>D\u0142ugo\u015b\u0107: <b>15m<\/b><\/li>\n<li>Obudowa z tworzywa sztucznego<\/li>\n<li>Metalowy zaczep<\/li>\n<\/ul>\n<\/section><\/div>\n<\/section>\n<section class=\"section\">\n<div class=\"item item-6\">\n<section class=\"image-item\">\n                <img decoding=\"async\" src=\"https:\/\/upload.cdn.baselinker.com\/products\/14476\/2448b8df70d188315008bb703c0ab81d.jpg\" \/><br \/>\n            <\/section>\n<\/p><\/div>\n<div class=\"item item-6\">\n<section class=\"text-item\">\n<p>Solidny sznurek traserski o d\u0142ugo\u015bci <b>15 metr\u00f3w.\u00a0<\/b>Korpus zderzaka wykonany z odpornego na uderzenia tworzywa sztucznego.<\/p>\n<p>Na pocz\u0105tku sznurka znajduje si\u0119 uniwersalny <b>metalowy zaczep. \u00a0<\/b><\/p>\n<ul>\n<li>Por\u0119czny i funkcjonalny.<\/li>\n<li>Wyprofilowany kszta\u0142t korpusu.<\/li>\n<li>Sznurek dobrze absorbuje kred\u0119.<\/li>\n<li>System szybkiego zwijania sznurka.<\/li>\n<li>Zaczep umo\u017cliwia solidne przymocowanie sznurka do wybranego miejsca.<\/li>\n<\/ul>\n<\/section><\/div>\n<\/section>\n<section class=\"section\">\n<div class=\"item item-6\">\n<section class=\"image-item\">\n                <img decoding=\"async\" src=\"https:\/\/upload.cdn.baselinker.com\/products\/14476\/2448b8df70d188315008bb703c0ab81d.jpg\" \/><br \/>\n            <\/section>\n<\/p><\/div>\n<div class=\"item item-6\">\n<section class=\"text-item\">\n<p><b>\u2705 Zastosowanie:<\/b><\/p>\n<p>Sznurek traserski umo\u017cliwia naniesienie <b>prostych linii na \u015bcianach i pod\u0142ogach.<\/b><\/p>\n<ul>\n<li>Produkt sprawdzi si\u0119 podczas prac remontowych oraz budowlanych.<\/li>\n<li>Wykorzystasz go r\u00f3wnie\u017c podczas wymiany instalacji elektrycznej lub sanitarnej.<\/li>\n<\/ul>\n<\/section><\/div>\n<\/section>\n","protected":false},"excerpt":{"rendered":"<p>SZNUREK TRASERSKI 15M SZNUR MURARSKI BUDOWLANY Dane techniczne: D\u0142ugo\u015b\u0107: 15m Obudowa z tworzywa sztucznego Metalowy zaczep Solidny sznurek traserski o d\u0142ugo\u015bci 15 metr\u00f3w.\u00a0Korpus zderzaka wykonany z odpornego na uderzenia tworzywa sztucznego. Na pocz\u0105tku sznurka znajduje si\u0119 uniwersalny metalowy zaczep. \u00a0 Por\u0119czny i funkcjonalny. Wyprofilowany kszta\u0142t korpusu. Sznurek dobrze absorbuje kred\u0119. System szybkiego zwijania sznurka. Zaczep<br \/><a class=\"more-link\" href=\"https:\/\/bobimarket.pl\/index.php\/produkt\/sznurek-traserski-15m-sznur-murarski-budowlany-2\/\"><br \/>\n        Czytaj wi\u0119cej<span class=\"screen-reader-text\"> &#8222;SZNUREK TRASERSKI 15M SZNUR MURARSKI BUDOWLANY&#8221;<\/span><\/a><\/p>\n","protected":false},"featured_media":88527,"template":"","meta":[],"product_cat":[8201],"product_tag":[],"yoast_head":"<!-- This site is optimized with the Yoast SEO plugin v21.0 - https:\/\/yoast.com\/wordpress\/plugins\/seo\/ -->\n<title>SZNUREK TRASERSKI 15M SZNUR MURARSKI BUDOWLANY - BOBIMARKET.pl - Remontuj i urz\u0105dzaj z nami<\/title>\n<meta name=\"robots\" content=\"index, follow, max-snippet:-1, max-image-preview:large, max-video-preview:-1\" \/>\n<link rel=\"canonical\" href=\"https:\/\/bobimarket.pl\/index.php\/produkt\/sznurek-traserski-15m-sznur-murarski-budowlany-2\/\" \/>\n<meta property=\"og:locale\" content=\"pl_PL\" \/>\n<meta property=\"og:type\" content=\"article\" \/>\n<meta property=\"og:title\" content=\"SZNUREK TRASERSKI 15M SZNUR MURARSKI BUDOWLANY - BOBIMARKET.pl - Remontuj i urz\u0105dzaj z nami\" \/>\n<meta property=\"og:description\" content=\"SZNUREK TRASERSKI 15M SZNUR MURARSKI BUDOWLANY Dane techniczne: D\u0142ugo\u015b\u0107: 15m Obudowa z tworzywa sztucznego Metalowy zaczep Solidny sznurek traserski o d\u0142ugo\u015bci 15 metr\u00f3w.\u00a0Korpus zderzaka wykonany z odpornego na uderzenia tworzywa sztucznego. Na pocz\u0105tku sznurka znajduje si\u0119 uniwersalny metalowy zaczep. \u00a0 Por\u0119czny i funkcjonalny. Wyprofilowany kszta\u0142t korpusu. Sznurek dobrze absorbuje kred\u0119. System szybkiego zwijania sznurka. Zaczep     Czytaj wi\u0119cej &quot;SZNUREK TRASERSKI 15M SZNUR MURARSKI BUDOWLANY&quot;\" \/>\n<meta property=\"og:url\" content=\"https:\/\/bobimarket.pl\/index.php\/produkt\/sznurek-traserski-15m-sznur-murarski-budowlany-2\/\" \/>\n<meta property=\"og:site_name\" content=\"BOBIMARKET.pl - Remontuj i urz\u0105dzaj z nami\" \/>\n<meta property=\"article:modified_time\" content=\"2025-02-27T15:06:34+00:00\" \/>\n<meta property=\"og:image\" content=\"https:\/\/upload.cdn.baselinker.com\/products\/14476\/2448b8df70d188315008bb703c0ab81d.jpg\" \/>\n<meta name=\"twitter:card\" content=\"summary_large_image\" \/>\n<script type=\"application\/ld+json\" class=\"yoast-schema-graph\">{\"@context\":\"https:\/\/schema.org\",\"@graph\":[{\"@type\":\"WebPage\",\"@id\":\"https:\/\/bobimarket.pl\/index.php\/produkt\/sznurek-traserski-15m-sznur-murarski-budowlany-2\/\",\"url\":\"https:\/\/bobimarket.pl\/index.php\/produkt\/sznurek-traserski-15m-sznur-murarski-budowlany-2\/\",\"name\":\"SZNUREK TRASERSKI 15M SZNUR MURARSKI BUDOWLANY - BOBIMARKET.pl - Remontuj i urz\u0105dzaj z nami\",\"isPartOf\":{\"@id\":\"https:\/\/bobimarket.pl\/#website\"},\"datePublished\":\"2023-08-30T02:14:13+00:00\",\"dateModified\":\"2025-02-27T15:06:34+00:00\",\"breadcrumb\":{\"@id\":\"https:\/\/bobimarket.pl\/index.php\/produkt\/sznurek-traserski-15m-sznur-murarski-budowlany-2\/#breadcrumb\"},\"inLanguage\":\"pl-PL\",\"potentialAction\":[{\"@type\":\"ReadAction\",\"target\":[\"https:\/\/bobimarket.pl\/index.php\/produkt\/sznurek-traserski-15m-sznur-murarski-budowlany-2\/\"]}]},{\"@type\":\"BreadcrumbList\",\"@id\":\"https:\/\/bobimarket.pl\/index.php\/produkt\/sznurek-traserski-15m-sznur-murarski-budowlany-2\/#breadcrumb\",\"itemListElement\":[{\"@type\":\"ListItem\",\"position\":1,\"name\":\"Strona g\u0142\u00f3wna\",\"item\":\"https:\/\/bobimarket.pl\/\"},{\"@type\":\"ListItem\",\"position\":2,\"name\":\"Sklep\",\"item\":\"https:\/\/bobimarket.pl\/index.php\/shop\/\"},{\"@type\":\"ListItem\",\"position\":3,\"name\":\"SZNUREK TRASERSKI 15M SZNUR MURARSKI BUDOWLANY\"}]},{\"@type\":\"WebSite\",\"@id\":\"https:\/\/bobimarket.pl\/#website\",\"url\":\"https:\/\/bobimarket.pl\/\",\"name\":\"BOBIMARKET.pl - Remontuj i urz\u0105dzaj z nami\",\"description\":\"Remontuj i urz\u0105dzaj z nami\",\"publisher\":{\"@id\":\"https:\/\/bobimarket.pl\/#organization\"},\"potentialAction\":[{\"@type\":\"SearchAction\",\"target\":{\"@type\":\"EntryPoint\",\"urlTemplate\":\"https:\/\/bobimarket.pl\/?s={search_term_string}\"},\"query-input\":\"required name=search_term_string\"}],\"inLanguage\":\"pl-PL\"},{\"@type\":\"Organization\",\"@id\":\"https:\/\/bobimarket.pl\/#organization\",\"name\":\"BOBIMARKET.pl\",\"url\":\"https:\/\/bobimarket.pl\/\",\"logo\":{\"@type\":\"ImageObject\",\"inLanguage\":\"pl-PL\",\"@id\":\"https:\/\/bobimarket.pl\/#\/schema\/logo\/image\/\",\"url\":\"https:\/\/bobimarket.pl\/wp-content\/uploads\/2021\/11\/slogan.png\",\"contentUrl\":\"https:\/\/bobimarket.pl\/wp-content\/uploads\/2021\/11\/slogan.png\",\"width\":2000,\"height\":384,\"caption\":\"BOBIMARKET.pl\"},\"image\":{\"@id\":\"https:\/\/bobimarket.pl\/#\/schema\/logo\/image\/\"}}]}<\/script>\n<!-- \/ Yoast SEO plugin. -->","yoast_head_json":{"title":"SZNUREK TRASERSKI 15M SZNUR MURARSKI BUDOWLANY - BOBIMARKET.pl - Remontuj i urz\u0105dzaj z nami","robots":{"index":"index","follow":"follow","max-snippet":"max-snippet:-1","max-image-preview":"max-image-preview:large","max-video-preview":"max-video-preview:-1"},"canonical":"https:\/\/bobimarket.pl\/index.php\/produkt\/sznurek-traserski-15m-sznur-murarski-budowlany-2\/","og_locale":"pl_PL","og_type":"article","og_title":"SZNUREK TRASERSKI 15M SZNUR MURARSKI BUDOWLANY - BOBIMARKET.pl - Remontuj i urz\u0105dzaj z nami","og_description":"SZNUREK TRASERSKI 15M SZNUR MURARSKI BUDOWLANY Dane techniczne: D\u0142ugo\u015b\u0107: 15m Obudowa z tworzywa sztucznego Metalowy zaczep Solidny sznurek traserski o d\u0142ugo\u015bci 15 metr\u00f3w.\u00a0Korpus zderzaka wykonany z odpornego na uderzenia tworzywa sztucznego. Na pocz\u0105tku sznurka znajduje si\u0119 uniwersalny metalowy zaczep. \u00a0 Por\u0119czny i funkcjonalny. Wyprofilowany kszta\u0142t korpusu. Sznurek dobrze absorbuje kred\u0119. System szybkiego zwijania sznurka. Zaczep     Czytaj wi\u0119cej \"SZNUREK TRASERSKI 15M SZNUR MURARSKI BUDOWLANY\"","og_url":"https:\/\/bobimarket.pl\/index.php\/produkt\/sznurek-traserski-15m-sznur-murarski-budowlany-2\/","og_site_name":"BOBIMARKET.pl - Remontuj i urz\u0105dzaj z nami","article_modified_time":"2025-02-27T15:06:34+00:00","og_image":[{"url":"https:\/\/upload.cdn.baselinker.com\/products\/14476\/2448b8df70d188315008bb703c0ab81d.jpg"}],"twitter_card":"summary_large_image","schema":{"@context":"https:\/\/schema.org","@graph":[{"@type":"WebPage","@id":"https:\/\/bobimarket.pl\/index.php\/produkt\/sznurek-traserski-15m-sznur-murarski-budowlany-2\/","url":"https:\/\/bobimarket.pl\/index.php\/produkt\/sznurek-traserski-15m-sznur-murarski-budowlany-2\/","name":"SZNUREK TRASERSKI 15M SZNUR MURARSKI BUDOWLANY - BOBIMARKET.pl - Remontuj i urz\u0105dzaj z nami","isPartOf":{"@id":"https:\/\/bobimarket.pl\/#website"},"datePublished":"2023-08-30T02:14:13+00:00","dateModified":"2025-02-27T15:06:34+00:00","breadcrumb":{"@id":"https:\/\/bobimarket.pl\/index.php\/produkt\/sznurek-traserski-15m-sznur-murarski-budowlany-2\/#breadcrumb"},"inLanguage":"pl-PL","potentialAction":[{"@type":"ReadAction","target":["https:\/\/bobimarket.pl\/index.php\/produkt\/sznurek-traserski-15m-sznur-murarski-budowlany-2\/"]}]},{"@type":"BreadcrumbList","@id":"https:\/\/bobimarket.pl\/index.php\/produkt\/sznurek-traserski-15m-sznur-murarski-budowlany-2\/#breadcrumb","itemListElement":[{"@type":"ListItem","position":1,"name":"Strona g\u0142\u00f3wna","item":"https:\/\/bobimarket.pl\/"},{"@type":"ListItem","position":2,"name":"Sklep","item":"https:\/\/bobimarket.pl\/index.php\/shop\/"},{"@type":"ListItem","position":3,"name":"SZNUREK TRASERSKI 15M SZNUR MURARSKI BUDOWLANY"}]},{"@type":"WebSite","@id":"https:\/\/bobimarket.pl\/#website","url":"https:\/\/bobimarket.pl\/","name":"BOBIMARKET.pl - Remontuj i urz\u0105dzaj z nami","description":"Remontuj i urz\u0105dzaj z nami","publisher":{"@id":"https:\/\/bobimarket.pl\/#organization"},"potentialAction":[{"@type":"SearchAction","target":{"@type":"EntryPoint","urlTemplate":"https:\/\/bobimarket.pl\/?s={search_term_string}"},"query-input":"required name=search_term_string"}],"inLanguage":"pl-PL"},{"@type":"Organization","@id":"https:\/\/bobimarket.pl\/#organization","name":"BOBIMARKET.pl","url":"https:\/\/bobimarket.pl\/","logo":{"@type":"ImageObject","inLanguage":"pl-PL","@id":"https:\/\/bobimarket.pl\/#\/schema\/logo\/image\/","url":"https:\/\/bobimarket.pl\/wp-content\/uploads\/2021\/11\/slogan.png","contentUrl":"https:\/\/bobimarket.pl\/wp-content\/uploads\/2021\/11\/slogan.png","width":2000,"height":384,"caption":"BOBIMARKET.pl"},"image":{"@id":"https:\/\/bobimarket.pl\/#\/schema\/logo\/image\/"}}]}},"_links":{"self":[{"href":"https:\/\/bobimarket.pl\/index.php\/wp-json\/wp\/v2\/product\/88528"}],"collection":[{"href":"https:\/\/bobimarket.pl\/index.php\/wp-json\/wp\/v2\/product"}],"about":[{"href":"https:\/\/bobimarket.pl\/index.php\/wp-json\/wp\/v2\/types\/product"}],"wp:featuredmedia":[{"embeddable":true,"href":"https:\/\/bobimarket.pl\/index.php\/wp-json\/wp\/v2\/media\/88527"}],"wp:attachment":[{"href":"https:\/\/bobimarket.pl\/index.php\/wp-json\/wp\/v2\/media?parent=88528"}],"wp:term":[{"taxonomy":"product_cat","embeddable":true,"href":"https:\/\/bobimarket.pl\/index.php\/wp-json\/wp\/v2\/product_cat?post=88528"},{"taxonomy":"product_tag","embeddable":true,"href":"https:\/\/bobimarket.pl\/index.php\/wp-json\/wp\/v2\/product_tag?post=88528"}],"curies":[{"name":"wp","href":"https:\/\/api.w.org\/{rel}","templated":true}]}}