{"id":88532,"date":"2023-08-30T02:14:24","date_gmt":"2023-08-30T02:14:24","guid":{"rendered":"https:\/\/bobimarket.pl\/index.php\/produkt\/mieszadlo-mieszalnik-do-farb-solidne-fi-60mm\/"},"modified":"2025-02-27T15:06:37","modified_gmt":"2025-02-27T15:06:37","slug":"mieszadlo-mieszalnik-do-farb-solidne-fi-60mm","status":"publish","type":"product","link":"https:\/\/bobimarket.pl\/index.php\/produkt\/mieszadlo-mieszalnik-do-farb-solidne-fi-60mm\/","title":{"rendered":"MIESZAD\u0141O MIESZALNIK DO FARB SOLIDNE FI 60mm"},"content":{"rendered":"<section class=\"section\">\n<div class=\"item item-6\">\n<section class=\"image-item\">\n                <img decoding=\"async\" src=\"https:\/\/upload.cdn.baselinker.com\/products\/14476\/972dce714846f23b4b1a4702413529b5.jpg\" \/><br \/>\n            <\/section>\n<\/p><\/div>\n<div class=\"item item-6\">\n<section class=\"text-item\">\n<h2>MIESZAD\u0141O MIESZALNIK DO FARB SOLIDNE FI 60mm<\/h2>\n<p><b>Dane techniczne:<\/b><\/p>\n<ul>\n<li>Szeroko\u015b\u0107 mieszad\u0142a: <b>60 mm<\/b><\/li>\n<li>Wysoko\u015b\u0107 ca\u0142kowita: <b>400 mm<\/b><\/li>\n<li>Uchwyt: sze\u015bciok\u0105tny<\/li>\n<\/ul>\n<\/section><\/div>\n<\/section>\n<section class=\"section\">\n<div class=\"item item-6\">\n<section class=\"image-item\">\n                <img decoding=\"async\" src=\"https:\/\/upload.cdn.baselinker.com\/products\/14476\/1ae3d93b1c74ea0b20aa77a4fdcc3ea4.jpg\" \/><br \/>\n            <\/section>\n<\/p><\/div>\n<div class=\"item item-6\">\n<section class=\"text-item\">\n<p>Uniwersalne mieszad\u0142o do farb. Solidnie wykonane, co\u00a0 gwarantuje wieloletni\u0105 prac\u0119. S\u0142u\u017cy do wymieszania farb i mieszanek tynkarskich. Doskona\u0142e dla firm og\u00f3lnobudowlanych, malarskich, profesjonalist\u00f3w jak i amator\u00f3w.<\/p>\n<ul>\n<li>Mieszad\u0142o posiada uchwyt, dzi\u0119ki kt\u00f3remu po sko\u0144czonej pracy mo\u017cna zawiesi\u0107 na haczyku.<\/li>\n<li>Masa materia\u0142u wymieszanego <b>12\u201315 kg.<\/b><\/li>\n<\/ul>\n<\/section><\/div>\n<\/section>\n","protected":false},"excerpt":{"rendered":"<p>MIESZAD\u0141O MIESZALNIK DO FARB SOLIDNE FI 60mm Dane techniczne: Szeroko\u015b\u0107 mieszad\u0142a: 60 mm Wysoko\u015b\u0107 ca\u0142kowita: 400 mm Uchwyt: sze\u015bciok\u0105tny Uniwersalne mieszad\u0142o do farb. Solidnie wykonane, co\u00a0 gwarantuje wieloletni\u0105 prac\u0119. S\u0142u\u017cy do wymieszania farb i mieszanek tynkarskich. Doskona\u0142e dla firm og\u00f3lnobudowlanych, malarskich, profesjonalist\u00f3w jak i amator\u00f3w. Mieszad\u0142o posiada uchwyt, dzi\u0119ki kt\u00f3remu po sko\u0144czonej pracy mo\u017cna zawiesi\u0107<br \/><a class=\"more-link\" href=\"https:\/\/bobimarket.pl\/index.php\/produkt\/mieszadlo-mieszalnik-do-farb-solidne-fi-60mm\/\"><br \/>\n        Czytaj wi\u0119cej<span class=\"screen-reader-text\"> &#8222;MIESZAD\u0141O MIESZALNIK DO FARB SOLIDNE FI 60mm&#8221;<\/span><\/a><\/p>\n","protected":false},"featured_media":88529,"template":"","meta":[],"product_cat":[8174],"product_tag":[],"yoast_head":"<!-- This site is optimized with the Yoast SEO plugin v21.0 - https:\/\/yoast.com\/wordpress\/plugins\/seo\/ -->\n<title>MIESZAD\u0141O MIESZALNIK DO FARB SOLIDNE FI 60mm - BOBIMARKET.pl - Remontuj i urz\u0105dzaj z nami<\/title>\n<meta name=\"robots\" content=\"index, follow, max-snippet:-1, max-image-preview:large, max-video-preview:-1\" \/>\n<link rel=\"canonical\" href=\"https:\/\/bobimarket.pl\/index.php\/produkt\/mieszadlo-mieszalnik-do-farb-solidne-fi-60mm\/\" \/>\n<meta property=\"og:locale\" content=\"pl_PL\" \/>\n<meta property=\"og:type\" content=\"article\" \/>\n<meta property=\"og:title\" content=\"MIESZAD\u0141O MIESZALNIK DO FARB SOLIDNE FI 60mm - BOBIMARKET.pl - Remontuj i urz\u0105dzaj z nami\" \/>\n<meta property=\"og:description\" content=\"MIESZAD\u0141O MIESZALNIK DO FARB SOLIDNE FI 60mm Dane techniczne: Szeroko\u015b\u0107 mieszad\u0142a: 60 mm Wysoko\u015b\u0107 ca\u0142kowita: 400 mm Uchwyt: sze\u015bciok\u0105tny Uniwersalne mieszad\u0142o do farb. Solidnie wykonane, co\u00a0 gwarantuje wieloletni\u0105 prac\u0119. S\u0142u\u017cy do wymieszania farb i mieszanek tynkarskich. Doskona\u0142e dla firm og\u00f3lnobudowlanych, malarskich, profesjonalist\u00f3w jak i amator\u00f3w. Mieszad\u0142o posiada uchwyt, dzi\u0119ki kt\u00f3remu po sko\u0144czonej pracy mo\u017cna zawiesi\u0107     Czytaj wi\u0119cej &quot;MIESZAD\u0141O MIESZALNIK DO FARB SOLIDNE FI 60mm&quot;\" \/>\n<meta property=\"og:url\" content=\"https:\/\/bobimarket.pl\/index.php\/produkt\/mieszadlo-mieszalnik-do-farb-solidne-fi-60mm\/\" \/>\n<meta property=\"og:site_name\" content=\"BOBIMARKET.pl - Remontuj i urz\u0105dzaj z nami\" \/>\n<meta property=\"article:modified_time\" content=\"2025-02-27T15:06:37+00:00\" \/>\n<meta property=\"og:image\" content=\"https:\/\/upload.cdn.baselinker.com\/products\/14476\/972dce714846f23b4b1a4702413529b5.jpg\" \/>\n<meta name=\"twitter:card\" content=\"summary_large_image\" \/>\n<script type=\"application\/ld+json\" class=\"yoast-schema-graph\">{\"@context\":\"https:\/\/schema.org\",\"@graph\":[{\"@type\":\"WebPage\",\"@id\":\"https:\/\/bobimarket.pl\/index.php\/produkt\/mieszadlo-mieszalnik-do-farb-solidne-fi-60mm\/\",\"url\":\"https:\/\/bobimarket.pl\/index.php\/produkt\/mieszadlo-mieszalnik-do-farb-solidne-fi-60mm\/\",\"name\":\"MIESZAD\u0141O MIESZALNIK DO FARB SOLIDNE FI 60mm - BOBIMARKET.pl - Remontuj i urz\u0105dzaj z nami\",\"isPartOf\":{\"@id\":\"https:\/\/bobimarket.pl\/#website\"},\"datePublished\":\"2023-08-30T02:14:24+00:00\",\"dateModified\":\"2025-02-27T15:06:37+00:00\",\"breadcrumb\":{\"@id\":\"https:\/\/bobimarket.pl\/index.php\/produkt\/mieszadlo-mieszalnik-do-farb-solidne-fi-60mm\/#breadcrumb\"},\"inLanguage\":\"pl-PL\",\"potentialAction\":[{\"@type\":\"ReadAction\",\"target\":[\"https:\/\/bobimarket.pl\/index.php\/produkt\/mieszadlo-mieszalnik-do-farb-solidne-fi-60mm\/\"]}]},{\"@type\":\"BreadcrumbList\",\"@id\":\"https:\/\/bobimarket.pl\/index.php\/produkt\/mieszadlo-mieszalnik-do-farb-solidne-fi-60mm\/#breadcrumb\",\"itemListElement\":[{\"@type\":\"ListItem\",\"position\":1,\"name\":\"Strona g\u0142\u00f3wna\",\"item\":\"https:\/\/bobimarket.pl\/\"},{\"@type\":\"ListItem\",\"position\":2,\"name\":\"Sklep\",\"item\":\"https:\/\/bobimarket.pl\/index.php\/shop\/\"},{\"@type\":\"ListItem\",\"position\":3,\"name\":\"MIESZAD\u0141O MIESZALNIK DO FARB SOLIDNE FI 60mm\"}]},{\"@type\":\"WebSite\",\"@id\":\"https:\/\/bobimarket.pl\/#website\",\"url\":\"https:\/\/bobimarket.pl\/\",\"name\":\"BOBIMARKET.pl - Remontuj i urz\u0105dzaj z nami\",\"description\":\"Remontuj i urz\u0105dzaj z nami\",\"publisher\":{\"@id\":\"https:\/\/bobimarket.pl\/#organization\"},\"potentialAction\":[{\"@type\":\"SearchAction\",\"target\":{\"@type\":\"EntryPoint\",\"urlTemplate\":\"https:\/\/bobimarket.pl\/?s={search_term_string}\"},\"query-input\":\"required name=search_term_string\"}],\"inLanguage\":\"pl-PL\"},{\"@type\":\"Organization\",\"@id\":\"https:\/\/bobimarket.pl\/#organization\",\"name\":\"BOBIMARKET.pl\",\"url\":\"https:\/\/bobimarket.pl\/\",\"logo\":{\"@type\":\"ImageObject\",\"inLanguage\":\"pl-PL\",\"@id\":\"https:\/\/bobimarket.pl\/#\/schema\/logo\/image\/\",\"url\":\"https:\/\/bobimarket.pl\/wp-content\/uploads\/2021\/11\/slogan.png\",\"contentUrl\":\"https:\/\/bobimarket.pl\/wp-content\/uploads\/2021\/11\/slogan.png\",\"width\":2000,\"height\":384,\"caption\":\"BOBIMARKET.pl\"},\"image\":{\"@id\":\"https:\/\/bobimarket.pl\/#\/schema\/logo\/image\/\"}}]}<\/script>\n<!-- \/ Yoast SEO plugin. -->","yoast_head_json":{"title":"MIESZAD\u0141O MIESZALNIK DO FARB SOLIDNE FI 60mm - BOBIMARKET.pl - Remontuj i urz\u0105dzaj z nami","robots":{"index":"index","follow":"follow","max-snippet":"max-snippet:-1","max-image-preview":"max-image-preview:large","max-video-preview":"max-video-preview:-1"},"canonical":"https:\/\/bobimarket.pl\/index.php\/produkt\/mieszadlo-mieszalnik-do-farb-solidne-fi-60mm\/","og_locale":"pl_PL","og_type":"article","og_title":"MIESZAD\u0141O MIESZALNIK DO FARB SOLIDNE FI 60mm - BOBIMARKET.pl - Remontuj i urz\u0105dzaj z nami","og_description":"MIESZAD\u0141O MIESZALNIK DO FARB SOLIDNE FI 60mm Dane techniczne: Szeroko\u015b\u0107 mieszad\u0142a: 60 mm Wysoko\u015b\u0107 ca\u0142kowita: 400 mm Uchwyt: sze\u015bciok\u0105tny Uniwersalne mieszad\u0142o do farb. Solidnie wykonane, co\u00a0 gwarantuje wieloletni\u0105 prac\u0119. S\u0142u\u017cy do wymieszania farb i mieszanek tynkarskich. Doskona\u0142e dla firm og\u00f3lnobudowlanych, malarskich, profesjonalist\u00f3w jak i amator\u00f3w. Mieszad\u0142o posiada uchwyt, dzi\u0119ki kt\u00f3remu po sko\u0144czonej pracy mo\u017cna zawiesi\u0107     Czytaj wi\u0119cej \"MIESZAD\u0141O MIESZALNIK DO FARB SOLIDNE FI 60mm\"","og_url":"https:\/\/bobimarket.pl\/index.php\/produkt\/mieszadlo-mieszalnik-do-farb-solidne-fi-60mm\/","og_site_name":"BOBIMARKET.pl - Remontuj i urz\u0105dzaj z nami","article_modified_time":"2025-02-27T15:06:37+00:00","og_image":[{"url":"https:\/\/upload.cdn.baselinker.com\/products\/14476\/972dce714846f23b4b1a4702413529b5.jpg"}],"twitter_card":"summary_large_image","schema":{"@context":"https:\/\/schema.org","@graph":[{"@type":"WebPage","@id":"https:\/\/bobimarket.pl\/index.php\/produkt\/mieszadlo-mieszalnik-do-farb-solidne-fi-60mm\/","url":"https:\/\/bobimarket.pl\/index.php\/produkt\/mieszadlo-mieszalnik-do-farb-solidne-fi-60mm\/","name":"MIESZAD\u0141O MIESZALNIK DO FARB SOLIDNE FI 60mm - BOBIMARKET.pl - Remontuj i urz\u0105dzaj z nami","isPartOf":{"@id":"https:\/\/bobimarket.pl\/#website"},"datePublished":"2023-08-30T02:14:24+00:00","dateModified":"2025-02-27T15:06:37+00:00","breadcrumb":{"@id":"https:\/\/bobimarket.pl\/index.php\/produkt\/mieszadlo-mieszalnik-do-farb-solidne-fi-60mm\/#breadcrumb"},"inLanguage":"pl-PL","potentialAction":[{"@type":"ReadAction","target":["https:\/\/bobimarket.pl\/index.php\/produkt\/mieszadlo-mieszalnik-do-farb-solidne-fi-60mm\/"]}]},{"@type":"BreadcrumbList","@id":"https:\/\/bobimarket.pl\/index.php\/produkt\/mieszadlo-mieszalnik-do-farb-solidne-fi-60mm\/#breadcrumb","itemListElement":[{"@type":"ListItem","position":1,"name":"Strona g\u0142\u00f3wna","item":"https:\/\/bobimarket.pl\/"},{"@type":"ListItem","position":2,"name":"Sklep","item":"https:\/\/bobimarket.pl\/index.php\/shop\/"},{"@type":"ListItem","position":3,"name":"MIESZAD\u0141O MIESZALNIK DO FARB SOLIDNE FI 60mm"}]},{"@type":"WebSite","@id":"https:\/\/bobimarket.pl\/#website","url":"https:\/\/bobimarket.pl\/","name":"BOBIMARKET.pl - Remontuj i urz\u0105dzaj z nami","description":"Remontuj i urz\u0105dzaj z nami","publisher":{"@id":"https:\/\/bobimarket.pl\/#organization"},"potentialAction":[{"@type":"SearchAction","target":{"@type":"EntryPoint","urlTemplate":"https:\/\/bobimarket.pl\/?s={search_term_string}"},"query-input":"required name=search_term_string"}],"inLanguage":"pl-PL"},{"@type":"Organization","@id":"https:\/\/bobimarket.pl\/#organization","name":"BOBIMARKET.pl","url":"https:\/\/bobimarket.pl\/","logo":{"@type":"ImageObject","inLanguage":"pl-PL","@id":"https:\/\/bobimarket.pl\/#\/schema\/logo\/image\/","url":"https:\/\/bobimarket.pl\/wp-content\/uploads\/2021\/11\/slogan.png","contentUrl":"https:\/\/bobimarket.pl\/wp-content\/uploads\/2021\/11\/slogan.png","width":2000,"height":384,"caption":"BOBIMARKET.pl"},"image":{"@id":"https:\/\/bobimarket.pl\/#\/schema\/logo\/image\/"}}]}},"_links":{"self":[{"href":"https:\/\/bobimarket.pl\/index.php\/wp-json\/wp\/v2\/product\/88532"}],"collection":[{"href":"https:\/\/bobimarket.pl\/index.php\/wp-json\/wp\/v2\/product"}],"about":[{"href":"https:\/\/bobimarket.pl\/index.php\/wp-json\/wp\/v2\/types\/product"}],"wp:featuredmedia":[{"embeddable":true,"href":"https:\/\/bobimarket.pl\/index.php\/wp-json\/wp\/v2\/media\/88529"}],"wp:attachment":[{"href":"https:\/\/bobimarket.pl\/index.php\/wp-json\/wp\/v2\/media?parent=88532"}],"wp:term":[{"taxonomy":"product_cat","embeddable":true,"href":"https:\/\/bobimarket.pl\/index.php\/wp-json\/wp\/v2\/product_cat?post=88532"},{"taxonomy":"product_tag","embeddable":true,"href":"https:\/\/bobimarket.pl\/index.php\/wp-json\/wp\/v2\/product_tag?post=88532"}],"curies":[{"name":"wp","href":"https:\/\/api.w.org\/{rel}","templated":true}]}}